{"id":6402,"date":"2025-03-10T05:41:33","date_gmt":"2025-03-10T05:41:33","guid":{"rendered":"https:\/\/fmp-components.com\/?post_type=product&#038;p=6402"},"modified":"2025-03-10T05:41:33","modified_gmt":"2025-03-10T05:41:33","slug":"mh-couplings","status":"publish","type":"product","link":"https:\/\/fmp-components.com\/fr\/product\/mh-couplings\/","title":{"rendered":"Accouplements MH"},"content":{"rendered":"<p>La s\u00e9rie MH est un accouplement flexible en caoutchouc synth\u00e9tique compos\u00e9 de deux corps en fonte similaires. Les brides en fonte de haute qualit\u00e9 sont principalement utilis\u00e9es pour la transmission de puissance et prot\u00e8gent le caoutchouc flexible. Son caoutchouc \u00e9lastique assure une excellente durabilit\u00e9 et des performances d&#039;accouplement optimales. L&#039;accouplement MH est compos\u00e9 de deux brides et de bagues \u00e9lastiques, capables de compenser divers d\u00e9salignements d&#039;arbre. La bague \u00e9lastique est en caoutchouc synth\u00e9tique et renforc\u00e9e par un noyau en acier pour accro\u00eetre la fiabilit\u00e9 de l&#039;accouplement et sa vitesse de fonctionnement maximale. Les propri\u00e9t\u00e9s d&#039;amortissement du caoutchouc permettent d&#039;absorber et de supprimer les vibrations de torsion et sont efficaces dans une plage de temp\u00e9ratures de -40 \u00e0 +100 \u00b0C. De plus, le caoutchouc est r\u00e9sistant \u00e0 l&#039;huile, \u00e0 la salet\u00e9, \u00e0 la graisse, \u00e0 l&#039;humidit\u00e9, \u00e0 l&#039;ozone et \u00e0 de nombreux solvants chimiques.<\/p>\n<h2>Construction des accouplements MH<\/h2>\n<p><img loading=\"lazy\" decoding=\"async\" class=\"size-full wp-image-6405 aligncenter\" src=\"https:\/\/fmp-components.com\/wp-content\/uploads\/2025\/03\/mh-couplings-1.webp\" alt=\"couplage MH\" width=\"600\" height=\"400\" title=\"\" srcset=\"https:\/\/fmp-components.com\/wp-content\/uploads\/2025\/03\/mh-couplings-1.webp 600w, https:\/\/fmp-components.com\/wp-content\/uploads\/2025\/03\/mh-couplings-1-480x320.webp 480w\" sizes=\"(min-width: 0px) and (max-width: 480px) 480px, (min-width: 481px) 600px, 100vw\" \/> \u00a0<img loading=\"lazy\" decoding=\"async\" class=\"size-full wp-image-6407 aligncenter\" src=\"https:\/\/fmp-components.com\/wp-content\/uploads\/2025\/03\/k3gaks3a-mh-coupling-2.webp\" alt=\"couplage MH\" width=\"686\" height=\"429\" title=\"\" srcset=\"https:\/\/fmp-components.com\/wp-content\/uploads\/2025\/03\/k3gaks3a-mh-coupling-2.webp 686w, https:\/\/fmp-components.com\/wp-content\/uploads\/2025\/03\/k3gaks3a-mh-coupling-2-480x300.webp 480w\" sizes=\"(min-width: 0px) and (max-width: 480px) 480px, (min-width: 481px) 686px, 100vw\" \/><\/p>\n<h2>Sp\u00e9cifications du couplage MH<\/h2>\n<p><img loading=\"lazy\" decoding=\"async\" class=\"alignnone size-full wp-image-6395\" src=\"https:\/\/fmp-components.com\/wp-content\/uploads\/2025\/03\/mh-coupling-1.webp\" alt=\"couplage MH\" width=\"867\" height=\"567\" title=\"\" srcset=\"https:\/\/fmp-components.com\/wp-content\/uploads\/2025\/03\/mh-coupling-1.webp 867w, https:\/\/fmp-components.com\/wp-content\/uploads\/2025\/03\/mh-coupling-1-480x314.webp 480w\" sizes=\"(min-width: 0px) and (max-width: 480px) 480px, (min-width: 481px) 867px, 100vw\" \/><\/p>\n<h3>Applications des accouplements MH<\/h3>\n<p>Selon leur conception et leur contexte industriel, les accouplements MH peuvent d\u00e9signer diff\u00e9rents types d&#039;accouplements, chacun ayant des applications distinctes. Vous trouverez ci-dessous un aper\u00e7u structur\u00e9 des applications potentielles, bas\u00e9 sur des interpr\u00e9tations courantes\u00a0:<\/p>\n<h4>Machines industrielles g\u00e9n\u00e9rales<\/h4>\n<ul>\n<li>Pompes et compresseurs : relient les moteurs aux arbres, compensant ainsi le d\u00e9salignement et r\u00e9duisant la transmission des vibrations.<\/li>\n<li>Syst\u00e8mes de convoyeurs : reliez les moteurs d&#039;entra\u00eenement aux convoyeurs, permettant des d\u00e9calages d&#039;alignement dus \u00e0 l&#039;usure op\u00e9rationnelle.<\/li>\n<li>Ventilateurs et souffleurs : amortissent les vibrations et g\u00e8rent la dilatation thermique dans les syst\u00e8mes CVC.<\/li>\n<\/ul>\n<h4>Contr\u00f4le de mouvement de pr\u00e9cision<\/h4>\n<ul>\n<li>Robotique : Les soufflets de haute pr\u00e9cision ou les accouplements h\u00e9lico\u00efdaux (par exemple, la s\u00e9rie R+W MH) garantissent un jeu nul dans les joints servo-entra\u00een\u00e9s.<\/li>\n<li>Machines CNC : transmettent un mouvement pr\u00e9cis des moteurs aux broches ou aux vis m\u00e8res.<\/li>\n<li>Fabrication de semi-conducteurs : utilis\u00e9 dans les \u00e9quipements de salle blanche pour un positionnement pr\u00e9cis.<\/li>\n<\/ul>\n<h4>Syst\u00e8mes hydrauliques et fluides<\/h4>\n<ul>\n<li>Raccords rapides : permettent des connexions rapides et sans fuite dans les machines hydrauliques (construction, agriculture).<\/li>\n<li>Usines chimiques : les raccords de tuyaux m\u00e9talliques g\u00e8rent des fluides corrosifs et des temp\u00e9ratures \u00e9lev\u00e9es.<\/li>\n<\/ul>\n<h4>Environnements \u00e0 haute temp\u00e9rature\/corrosifs<\/h4>\n<ul>\n<li>Syst\u00e8mes d&#039;\u00e9chappement : applications automobiles\/marines utilisant des raccords de tuyaux m\u00e9talliques r\u00e9sistants \u00e0 la chaleur.<\/li>\n<li>P\u00e9trole et gaz : raccords flexibles dans les pipelines pour g\u00e9rer la dilatation thermique et les vibrations.<\/li>\n<\/ul>\n<h4>Marine et Offshore<\/h4>\n<ul>\n<li>Syst\u00e8mes de propulsion : compensent le d\u00e9salignement de l&#039;arbre caus\u00e9 par la flexion de la coque.<\/li>\n<li>Machines de pont : Connecter les entra\u00eenements dans les treuils\/grues expos\u00e9s \u00e0 des charges dynamiques.<\/li>\n<\/ul>\n<h4>\u00c9nergie renouvelable<\/h4>\n<ul>\n<li><strong>\u00c9oliennes<\/strong>:Accouplements entre r\u00e9ducteurs et g\u00e9n\u00e9rateurs, g\u00e9rant des charges variables et des d\u00e9salignements.<\/li>\n<\/ul>\n<p><img loading=\"lazy\" decoding=\"async\" class=\"wp-image-6406 aligncenter\" src=\"https:\/\/fmp-components.com\/wp-content\/uploads\/2025\/03\/mh-couplings-2.webp\" alt=\"couplage MH\" width=\"652\" height=\"652\" title=\"\" srcset=\"https:\/\/fmp-components.com\/wp-content\/uploads\/2025\/03\/mh-couplings-2.webp 652w, https:\/\/fmp-components.com\/wp-content\/uploads\/2025\/03\/mh-couplings-2-480x480.webp 480w\" sizes=\"(min-width: 0px) and (max-width: 480px) 480px, (min-width: 481px) 652px, 100vw\" \/><\/p>","protected":false},"excerpt":{"rendered":"<p>The MH series is a flexible coupling device constructed of synthetic rubber with two similar cast iron bodies. The high-quality cast iron flanges are mainly used for power transmission and protect the flexible rubber. Its elastic rubber provides excellent durability and quality coupling performance. The MH coupling consists of two flanges and elastic rings, which [&hellip;]<\/p>","protected":false},"featured_media":6404,"comment_status":"open","ping_status":"closed","template":"","meta":{"_et_pb_use_builder":"","_et_pb_old_content":"","_et_gb_content_width":""},"product_brand":[],"product_cat":[101],"product_tag":[],"class_list":{"0":"post-6402","1":"product","2":"type-product","3":"status-publish","4":"has-post-thumbnail","6":"product_cat-coupling","8":"first","9":"instock","10":"shipping-taxable","11":"product-type-simple"},"_links":{"self":[{"href":"https:\/\/fmp-components.com\/fr\/wp-json\/wp\/v2\/product\/6402","targetHints":{"allow":["GET"]}}],"collection":[{"href":"https:\/\/fmp-components.com\/fr\/wp-json\/wp\/v2\/product"}],"about":[{"href":"https:\/\/fmp-components.com\/fr\/wp-json\/wp\/v2\/types\/product"}],"replies":[{"embeddable":true,"href":"https:\/\/fmp-components.com\/fr\/wp-json\/wp\/v2\/comments?post=6402"}],"wp:featuredmedia":[{"embeddable":true,"href":"https:\/\/fmp-components.com\/fr\/wp-json\/wp\/v2\/media\/6404"}],"wp:attachment":[{"href":"https:\/\/fmp-components.com\/fr\/wp-json\/wp\/v2\/media?parent=6402"}],"wp:term":[{"taxonomy":"product_brand","embeddable":true,"href":"https:\/\/fmp-components.com\/fr\/wp-json\/wp\/v2\/product_brand?post=6402"},{"taxonomy":"product_cat","embeddable":true,"href":"https:\/\/fmp-components.com\/fr\/wp-json\/wp\/v2\/product_cat?post=6402"},{"taxonomy":"product_tag","embeddable":true,"href":"https:\/\/fmp-components.com\/fr\/wp-json\/wp\/v2\/product_tag?post=6402"}],"curies":[{"name":"wp","href":"https:\/\/api.w.org\/{rel}","templated":true}]}}