{"id":6394,"date":"2025-03-10T05:33:12","date_gmt":"2025-03-10T05:33:12","guid":{"rendered":"https:\/\/fmp-components.com\/?post_type=product&#038;p=6394"},"modified":"2025-03-10T05:57:43","modified_gmt":"2025-03-10T05:57:43","slug":"pin-couplings","status":"publish","type":"product","link":"https:\/\/fmp-components.com\/fr\/product\/pin-couplings\/","title":{"rendered":"Accouplements PIN"},"content":{"rendered":"<p>Dans l&#039;accouplement \u00e0 axe et bague, une bague interm\u00e9diaire est plac\u00e9e entre les \u00e9l\u00e9ments \u00e9lastiques. Cette bague, flottante, est reli\u00e9e au disque d&#039;extr\u00e9mit\u00e9 par un axe. L&#039;accouplement est transmis \u00e0 l&#039;autre moiti\u00e9 de l&#039;accouplement via l&#039;\u00e9l\u00e9ment \u00e9lastique mont\u00e9 sur l&#039;axe. L&#039;axe et l&#039;autre moiti\u00e9 de l&#039;accouplement sont reli\u00e9s de mani\u00e8re non rigide, ce qui permet une charge fluide et une r\u00e9duction significative des efforts lat\u00e9raux.<\/p>\n<p>L&#039;avantage de cet accouplement est qu&#039;il peut facilement coop\u00e9rer avec des arbres l\u00e9g\u00e8rement d\u00e9salign\u00e9s et offre une certaine flexibilit\u00e9 pour absorber les vibrations et les chocs. Cet accouplement est particuli\u00e8rement adapt\u00e9 aux situations de d\u00e9salignement axial, radial ou angulaire et constitue un dispositif d&#039;accouplement flexible.<\/p>\n<h2>Dimensions des accouplements \u00e0 broches<\/h2>\n<p><img loading=\"lazy\" decoding=\"async\" class=\"alignnone size-full wp-image-6401\" src=\"https:\/\/fmp-components.com\/wp-content\/uploads\/2025\/03\/pin-coupling-specification.webp\" alt=\"sp\u00e9cification d&#039;accouplement \u00e0 broches\" width=\"873\" height=\"687\" title=\"\" srcset=\"https:\/\/fmp-components.com\/wp-content\/uploads\/2025\/03\/pin-coupling-specification.webp 873w, https:\/\/fmp-components.com\/wp-content\/uploads\/2025\/03\/pin-coupling-specification-480x378.webp 480w\" sizes=\"(min-width: 0px) and (max-width: 480px) 480px, (min-width: 481px) 873px, 100vw\" \/><\/p>\n<h3>Caract\u00e9ristiques des accouplements \u00e0 broches<\/h3>\n<p>1. Conception \u00e9conomique et conviviale<\/p>\n<ul>\n<li>Faible co\u00fbt : Solution \u00e9conomique pour la transmission de couple entre les arbres.<\/li>\n<li>Assemblage simple : le processus d&#039;installation simplifi\u00e9 minimise les temps d&#039;arr\u00eat.<\/li>\n<li>Polyvalence des mat\u00e9riaux : g\u00e9n\u00e9ralement construits en m\u00e9tal ou en caoutchouc, avec des variantes sp\u00e9cialis\u00e9es disponibles pour une r\u00e9sistance accrue des joints.<\/li>\n<\/ul>\n<p>2. Avantages m\u00e9caniques<\/p>\n<ul>\n<li>Tol\u00e9rance de d\u00e9salignement : capable de s&#039;adapter aux d\u00e9salignements d&#039;arbres angulaires, parall\u00e8les et axiaux, r\u00e9duisant ainsi les contraintes sur les \u00e9quipements connect\u00e9s.<\/li>\n<li>R\u00e9sistance \u00e0 la force : exploite la friction sur les surfaces de contact pour supporter des forces importantes, amortissant efficacement les vibrations et prolongeant la dur\u00e9e de vie des machines.<\/li>\n<\/ul>\n<p>3. Consid\u00e9rations relatives \u00e0 la conception technique<\/p>\n<ul>\n<li>Optimisation du couplage \u00e0 trois broches\u00a0:\n<ul>\n<li>Gestion du frottement : plan d&#039;interface con\u00e7u pour un frottement plus \u00e9lev\u00e9, tandis que les bords des broches maintiennent un faible frottement pour \u00e9viter la flexion asym\u00e9trique.<\/li>\n<li>Plaques de friction alv\u00e9ol\u00e9es : fonctionnalit\u00e9 optionnelle pour am\u00e9liorer les propri\u00e9t\u00e9s de friction et l&#039;efficacit\u00e9 de la transmission du couple.<\/li>\n<\/ul>\n<\/li>\n<li>Pr\u00e9cision de pr\u00e9charge : les boulons doivent \u00eatre serr\u00e9s \u00e0 au moins 10% de la charge finale pour garantir un contact broche-interface s\u00e9curis\u00e9 et des performances optimales.<\/li>\n<\/ul>\n<p>4. R\u00f4le de s\u00e9curit\u00e9 et de protection<\/p>\n<ul>\n<li>Agit comme une protection m\u00e9canique, absorbant les charges de choc et emp\u00eachant les dommages aux composants critiques dans des conditions de surcharge.<\/li>\n<\/ul>\n<p>5. Personnalisation et adaptabilit\u00e9<\/p>\n<ul>\n<li>Configurations sp\u00e9cialis\u00e9es : disponibles dans des conceptions sur mesure pour r\u00e9pondre \u00e0 des exigences op\u00e9rationnelles sp\u00e9cifiques, telles que des environnements \u00e0 couple \u00e9lev\u00e9 ou corrosifs.<\/li>\n<\/ul>\n<p>Les accouplements \u00e0 broches offrent un \u00e9quilibre pratique entre simplicit\u00e9, r\u00e9silience et adaptabilit\u00e9, ce qui les rend id\u00e9aux pour les syst\u00e8mes n\u00e9cessitant une transmission de couple rentable avec gestion int\u00e9gr\u00e9e du d\u00e9salignement et des vibrations.<\/p>","protected":false},"excerpt":{"rendered":"<p>In the bushing pin coupling, there is an intermediate ring between the elastic elements. This ring is floating and connected to the end disc aligned by a pin. The coupling is transmitted to the other half of the coupling via the elastic element mounted on the pin, while the pin and the half of the [&hellip;]<\/p>","protected":false},"featured_media":6396,"comment_status":"open","ping_status":"closed","template":"","meta":{"_et_pb_use_builder":"","_et_pb_old_content":"","_et_gb_content_width":""},"product_brand":[],"product_cat":[101],"product_tag":[],"class_list":{"0":"post-6394","1":"product","2":"type-product","3":"status-publish","4":"has-post-thumbnail","6":"product_cat-coupling","8":"first","9":"instock","10":"shipping-taxable","11":"product-type-simple"},"_links":{"self":[{"href":"https:\/\/fmp-components.com\/fr\/wp-json\/wp\/v2\/product\/6394","targetHints":{"allow":["GET"]}}],"collection":[{"href":"https:\/\/fmp-components.com\/fr\/wp-json\/wp\/v2\/product"}],"about":[{"href":"https:\/\/fmp-components.com\/fr\/wp-json\/wp\/v2\/types\/product"}],"replies":[{"embeddable":true,"href":"https:\/\/fmp-components.com\/fr\/wp-json\/wp\/v2\/comments?post=6394"}],"wp:featuredmedia":[{"embeddable":true,"href":"https:\/\/fmp-components.com\/fr\/wp-json\/wp\/v2\/media\/6396"}],"wp:attachment":[{"href":"https:\/\/fmp-components.com\/fr\/wp-json\/wp\/v2\/media?parent=6394"}],"wp:term":[{"taxonomy":"product_brand","embeddable":true,"href":"https:\/\/fmp-components.com\/fr\/wp-json\/wp\/v2\/product_brand?post=6394"},{"taxonomy":"product_cat","embeddable":true,"href":"https:\/\/fmp-components.com\/fr\/wp-json\/wp\/v2\/product_cat?post=6394"},{"taxonomy":"product_tag","embeddable":true,"href":"https:\/\/fmp-components.com\/fr\/wp-json\/wp\/v2\/product_tag?post=6394"}],"curies":[{"name":"wp","href":"https:\/\/api.w.org\/{rel}","templated":true}]}}