{"id":6390,"date":"2025-03-10T05:14:19","date_gmt":"2025-03-10T05:14:19","guid":{"rendered":"https:\/\/fmp-components.com\/?post_type=product&#038;p=6390"},"modified":"2025-03-10T05:14:19","modified_gmt":"2025-03-10T05:14:19","slug":"spacer-couplings-replacement-of-fenaflex-spacer-couplings","status":"publish","type":"product","link":"https:\/\/fmp-components.com\/fr\/product\/spacer-couplings-replacement-of-fenaflex-spacer-couplings\/","title":{"rendered":"Raccords d&#039;espacement - Remplacement des raccords d&#039;espacement Fenaflex"},"content":{"rendered":"<p>Les accouplements \u00e0 entretoise Fenaflex sont constitu\u00e9s d&#039;accouplements pneumatiques Fenaflex (tailles F40 \u00e0 F140) et d&#039;ensembles de brides d&#039;entretoise. Ces accouplements sont con\u00e7us pour faciliter le mouvement de va-et-vient de l&#039;un des arbres sans perturber la machine ou l&#039;entra\u00eenement auquel il est reli\u00e9, comme dans le cas d&#039;un rotor de pompe centrifuge.<\/p>\n<p>Ils sont con\u00e7us pour s&#039;adapter \u00e0 des distances standard de 80, 100, 140 et 180 mm entre les extr\u00e9mit\u00e9s des arbres. Tr\u00e8s flexibles et durables, ces accouplements offrent aux ing\u00e9nieurs et aux concepteurs diff\u00e9rentes options pour r\u00e9pondre \u00e0 diverses applications en choisissant les brides d&#039;accouplement adapt\u00e9es.<\/p>\n<p><img loading=\"lazy\" decoding=\"async\" class=\"alignnone  wp-image-6391\" src=\"https:\/\/fmp-components.com\/wp-content\/uploads\/2025\/03\/fenaflex-spacer-coupling-2.webp\" alt=\"Raccords d&#039;espacement Fenaflex\" width=\"902\" height=\"666\" title=\"\" srcset=\"https:\/\/fmp-components.com\/wp-content\/uploads\/2025\/03\/fenaflex-spacer-coupling-2.webp 902w, https:\/\/fmp-components.com\/wp-content\/uploads\/2025\/03\/fenaflex-spacer-coupling-2-480x354.webp 480w\" sizes=\"(min-width: 0px) and (max-width: 480px) 480px, (min-width: 481px) 902px, 100vw\" \/> \u00a0<img loading=\"lazy\" decoding=\"async\" class=\"alignnone size-full wp-image-6393\" src=\"https:\/\/fmp-components.com\/wp-content\/uploads\/2025\/03\/Spacer-Couplings-1.webp\" alt=\"Raccords d&#039;espacement\" width=\"892\" height=\"772\" title=\"\" srcset=\"https:\/\/fmp-components.com\/wp-content\/uploads\/2025\/03\/Spacer-Couplings-1.webp 892w, https:\/\/fmp-components.com\/wp-content\/uploads\/2025\/03\/Spacer-Couplings-1-480x415.webp 480w\" sizes=\"(min-width: 0px) and (max-width: 480px) 480px, (min-width: 481px) 892px, 100vw\" \/><\/p>\n<div class=\"dad65929\">\n<div class=\"f9bf7997 d7dc56a8 c05b5566\">\n<div class=\"ds-markdown ds-markdown--block\">\n<h2>Caract\u00e9ristiques du remplacement des raccords d&#039;espacement Fenaflex<\/h2>\n<p><strong>1. Installation simplifi\u00e9e et flexibilit\u00e9 d&#039;alignement<\/strong><\/p>\n<ul>\n<li><strong>Installation facile<\/strong>:Con\u00e7u pour une installation rapide et simple, r\u00e9duisant les temps d&#039;arr\u00eat.<\/li>\n<li><strong>Tol\u00e9rance de d\u00e9salignement sup\u00e9rieure<\/strong>: S&#039;adapte aux d\u00e9salignements angulaires jusqu&#039;\u00e0\u00a0<strong>4 degr\u00e9s<\/strong>, d\u00e9placement parall\u00e8le de\u00a0<strong>6 mm<\/strong>, et le d\u00e9calage radial de\u00a0<strong>8 mm<\/strong>\u00a0sur tous les plans.<\/li>\n<\/ul>\n<p><strong>2. Construction robuste et conception polyvalente<\/strong><\/p>\n<ul>\n<li><strong>Fil porteur interne bidirectionnel<\/strong>:Renforc\u00e9 avec du fil enroul\u00e9 dans les deux sens, permettant des performances fiables dans\u00a0<strong>applications de marche arri\u00e8re<\/strong>.<\/li>\n<li><strong>Options de mat\u00e9riaux<\/strong>: Les pneus sont disponibles en\u00a0<strong>standard<\/strong>\u00a0ou\u00a0<strong>FRAS (Fire Resistant Anti-Static)<\/strong>\u00a0construction, conforme \u00e0\u00a0<strong>Certification ATEX<\/strong>\u00a0pour les environnements dangereux.<\/li>\n<li><strong>Montage adaptable<\/strong>: Soutient\u00a0<strong>entretoise de pompe<\/strong>\u00a0et\u00a0<strong>configurations de volant d&#039;inertie<\/strong>, avec des brides comportant\u00a0<strong>Bagues coniques \u00e0 bague de verrouillage F&amp;H<\/strong>\u00a0ou\u00a0<strong>Mod\u00e8les \u00e0 per\u00e7age pilote de type B<\/strong>\u00a0pour une compatibilit\u00e9 universelle.<\/li>\n<\/ul>\n<p><strong>3. Performances am\u00e9lior\u00e9es par rapport aux accouplements traditionnels<\/strong><\/p>\n<ul>\n<li><strong>Haute \u00e9lasticit\u00e9 et z\u00e9ro lubrification<\/strong>:Contrairement aux accouplements de pneus conventionnels, le remplacement des accouplements Fenaflex \u00e9limine le besoin de lubrification tout en offrant une flexibilit\u00e9 et une \u00e9lasticit\u00e9 sup\u00e9rieures.<\/li>\n<li><strong>Amortissement des vibrations<\/strong>:Absorption exceptionnelle des chocs et des vibrations de torsion, prot\u00e9geant les \u00e9quipements connect\u00e9s des contraintes dynamiques.<\/li>\n<\/ul>\n<p><strong>4. Avantages de la maintenance et du service<\/strong><\/p>\n<ul>\n<li><strong>Conception modulaire<\/strong>: Un\u00a0<strong>espaceur interm\u00e9diaire (DBSE)<\/strong>\u00a0permet l&#039;entretien des pompes centrifuges sans d\u00e9placer les moteurs ou les machines lors du remplacement des pneus.<\/li>\n<li><strong>Facilit\u00e9 d&#039;inspection<\/strong>:La conception simple permet des contr\u00f4les visuels faciles et le remplacement des pi\u00e8ces sans d\u00e9monter l&#039;ensemble du syst\u00e8me d&#039;entra\u00eenement.<\/li>\n<\/ul>\n<p><strong>5. Solutions personnalisables<\/strong><\/p>\n<ul>\n<li><strong>Adaptabilit\u00e9 de l&#039;entretoise<\/strong>:Des dispositifs interm\u00e9diaires peuvent \u00eatre int\u00e9gr\u00e9s pour ajuster l&#039;espacement entre les diam\u00e8tres d&#039;arbre, garantissant ainsi la compatibilit\u00e9 avec diverses exigences du syst\u00e8me.<\/li>\n<\/ul>\n<p><strong>R\u00e9sum\u00e9 des principaux avantages<\/strong><\/p>\n<ul>\n<li><strong>Durabilit\u00e9<\/strong>:Con\u00e7u pour les applications lourdes avec une usure minimale.<\/li>\n<li><strong>S\u00e9curit\u00e9<\/strong>:Les certifications FRAS et ATEX garantissent la conformit\u00e9 dans les environnements sujets aux incendies ou explosifs.<\/li>\n<li><strong>Rentabilit\u00e9<\/strong>: Des besoins de maintenance r\u00e9duits et une dur\u00e9e de vie prolong\u00e9e r\u00e9duisent les co\u00fbts d&#039;exploitation.<\/li>\n<\/ul>\n<p>Le remplacement des raccords d&#039;espacement Fenaflex combine flexibilit\u00e9, r\u00e9silience et conception conviviale, ce qui les rend id\u00e9aux pour les industries exigeant une fiabilit\u00e9 dans des conditions de d\u00e9salignement \u00e9lev\u00e9, de fortes vibrations ou dangereuses.<\/p>\n<\/div>\n<\/div>\n<\/div>\n<p>&nbsp;<\/p>","protected":false},"excerpt":{"rendered":"<p>Fenaflex spacer couplings are made up of Fenaflex tire couplings (sizes F40-F140) and spacer flange assemblies. These couplings are designed to make it easier to move one of the shafts back and forth without disturbing the machine or drive it\u2019s connected to, like in a centrifugal pump rotor. They are made to fit standard distances [&hellip;]<\/p>","protected":false},"featured_media":6392,"comment_status":"open","ping_status":"closed","template":"","meta":{"_et_pb_use_builder":"","_et_pb_old_content":"","_et_gb_content_width":""},"product_brand":[],"product_cat":[101],"product_tag":[],"class_list":{"0":"post-6390","1":"product","2":"type-product","3":"status-publish","4":"has-post-thumbnail","6":"product_cat-coupling","8":"first","9":"instock","10":"shipping-taxable","11":"product-type-simple"},"_links":{"self":[{"href":"https:\/\/fmp-components.com\/fr\/wp-json\/wp\/v2\/product\/6390","targetHints":{"allow":["GET"]}}],"collection":[{"href":"https:\/\/fmp-components.com\/fr\/wp-json\/wp\/v2\/product"}],"about":[{"href":"https:\/\/fmp-components.com\/fr\/wp-json\/wp\/v2\/types\/product"}],"replies":[{"embeddable":true,"href":"https:\/\/fmp-components.com\/fr\/wp-json\/wp\/v2\/comments?post=6390"}],"wp:featuredmedia":[{"embeddable":true,"href":"https:\/\/fmp-components.com\/fr\/wp-json\/wp\/v2\/media\/6392"}],"wp:attachment":[{"href":"https:\/\/fmp-components.com\/fr\/wp-json\/wp\/v2\/media?parent=6390"}],"wp:term":[{"taxonomy":"product_brand","embeddable":true,"href":"https:\/\/fmp-components.com\/fr\/wp-json\/wp\/v2\/product_brand?post=6390"},{"taxonomy":"product_cat","embeddable":true,"href":"https:\/\/fmp-components.com\/fr\/wp-json\/wp\/v2\/product_cat?post=6390"},{"taxonomy":"product_tag","embeddable":true,"href":"https:\/\/fmp-components.com\/fr\/wp-json\/wp\/v2\/product_tag?post=6390"}],"curies":[{"name":"wp","href":"https:\/\/api.w.org\/{rel}","templated":true}]}}