{"id":6385,"date":"2025-03-10T03:41:49","date_gmt":"2025-03-10T03:41:49","guid":{"rendered":"https:\/\/fmp-components.com\/?post_type=product&#038;p=6385"},"modified":"2025-03-10T03:48:37","modified_gmt":"2025-03-10T03:48:37","slug":"hrc-couplings","status":"publish","type":"product","link":"https:\/\/fmp-components.com\/fr\/product\/hrc-couplings\/","title":{"rendered":"Accouplements HRC"},"content":{"rendered":"<h2>Sp\u00e9cifications de l&#039;accouplement HRC<\/h2>\n<p><img loading=\"lazy\" decoding=\"async\" class=\"alignnone size-full wp-image-6387\" src=\"https:\/\/fmp-components.com\/wp-content\/uploads\/2025\/03\/hrc-coupling-1.webp\" alt=\"Accouplement HRC\" width=\"897\" height=\"502\" title=\"\" srcset=\"https:\/\/fmp-components.com\/wp-content\/uploads\/2025\/03\/hrc-coupling-1.webp 897w, https:\/\/fmp-components.com\/wp-content\/uploads\/2025\/03\/hrc-coupling-1-480x269.webp 480w\" sizes=\"(min-width: 0px) and (max-width: 480px) 480px, (min-width: 481px) 897px, 100vw\" \/><\/p>\n<h2>Caract\u00e9ristiques des accouplements HRC<\/h2>\n<ul>\n<li><strong>Conception abordable<\/strong>:Les accouplements HRC sont con\u00e7us pour \u00e9quilibrer la puissance et la taille de l&#039;arbre, en utilisant un syst\u00e8me de bague Taper-Lock pour les garder \u00e0 la fois efficaces et abordables.<\/li>\n<li><strong>Solide et flexible<\/strong>:Les parties flexibles de l&#039;accouplement aident \u00e0 absorber les charges lourdes et soudaines, ce qui rend la conception solide et fiable.<\/li>\n<li><strong>S&#039;adapte au d\u00e9salignement<\/strong>:Les accouplements HRC peuvent g\u00e9rer de petits d\u00e9salignements, tels que des arbres l\u00e9g\u00e8rement d\u00e9cal\u00e9s en termes d&#039;angle, de position ou d&#039;alignement, garantissant ainsi des performances fluides.<\/li>\n<li><strong>Facile \u00e0 installer<\/strong>L&#039;installation d&#039;un accouplement HRC est simple et rapide. Une simple cl\u00e9 Allen suffit\u00a0; aucun outil sp\u00e9cial n&#039;est requis.<\/li>\n<li><strong>Presque aucun entretien<\/strong>:Les accouplements HRC n&#039;ont pas besoin de lubrification, ce qui signifie moins d&#039;entretien et moins de r\u00e9parations au fil du temps.<\/li>\n<li><strong>Travaille dans des conditions difficiles<\/strong>:Le mat\u00e9riau flexible du raccord fonctionne bien dans une large gamme de conditions, du tr\u00e8s froid (-40\u00b0C) au tr\u00e8s chaud (+100\u00b0C).<\/li>\n<li><strong>S\u00fbr et fiable<\/strong>:Si la partie flexible se casse un jour (ce qui est tr\u00e8s rare), l&#039;accouplement continuera \u00e0 entra\u00eener le syst\u00e8me en utilisant des brides int\u00e9gr\u00e9es, de sorte que les op\u00e9rations ne s&#039;arr\u00eateront pas.<\/li>\n<\/ul>\n<p><img loading=\"lazy\" decoding=\"async\" class=\"wp-image-6386 aligncenter\" src=\"https:\/\/fmp-components.com\/wp-content\/uploads\/2025\/03\/HRC-Coupling.webp\" alt=\"Accouplement HRC\" width=\"660\" height=\"660\" title=\"\" srcset=\"https:\/\/fmp-components.com\/wp-content\/uploads\/2025\/03\/HRC-Coupling.webp 660w, https:\/\/fmp-components.com\/wp-content\/uploads\/2025\/03\/HRC-Coupling-480x480.webp 480w\" sizes=\"(min-width: 0px) and (max-width: 480px) 480px, (min-width: 481px) 660px, 100vw\" \/><\/p>","protected":false},"excerpt":{"rendered":"<p>HRC Coupling Specifications Features of HRC Couplings Affordable Design: HRC couplings are made to balance power and shaft size, using a Taper-Lock Bush system to keep them both effective and affordable. Strong and Flexible: The flexible parts of the coupling help absorb sudden heavy loads, making the design strong and reliable. Adjusts to Misalignment: HRC [&hellip;]<\/p>","protected":false},"featured_media":6386,"comment_status":"open","ping_status":"closed","template":"","meta":{"_et_pb_use_builder":"","_et_pb_old_content":"","_et_gb_content_width":""},"product_brand":[],"product_cat":[101],"product_tag":[],"class_list":{"0":"post-6385","1":"product","2":"type-product","3":"status-publish","4":"has-post-thumbnail","6":"product_cat-coupling","8":"first","9":"instock","10":"shipping-taxable","11":"product-type-simple"},"_links":{"self":[{"href":"https:\/\/fmp-components.com\/fr\/wp-json\/wp\/v2\/product\/6385","targetHints":{"allow":["GET"]}}],"collection":[{"href":"https:\/\/fmp-components.com\/fr\/wp-json\/wp\/v2\/product"}],"about":[{"href":"https:\/\/fmp-components.com\/fr\/wp-json\/wp\/v2\/types\/product"}],"replies":[{"embeddable":true,"href":"https:\/\/fmp-components.com\/fr\/wp-json\/wp\/v2\/comments?post=6385"}],"wp:featuredmedia":[{"embeddable":true,"href":"https:\/\/fmp-components.com\/fr\/wp-json\/wp\/v2\/media\/6386"}],"wp:attachment":[{"href":"https:\/\/fmp-components.com\/fr\/wp-json\/wp\/v2\/media?parent=6385"}],"wp:term":[{"taxonomy":"product_brand","embeddable":true,"href":"https:\/\/fmp-components.com\/fr\/wp-json\/wp\/v2\/product_brand?post=6385"},{"taxonomy":"product_cat","embeddable":true,"href":"https:\/\/fmp-components.com\/fr\/wp-json\/wp\/v2\/product_cat?post=6385"},{"taxonomy":"product_tag","embeddable":true,"href":"https:\/\/fmp-components.com\/fr\/wp-json\/wp\/v2\/product_tag?post=6385"}],"curies":[{"name":"wp","href":"https:\/\/api.w.org\/{rel}","templated":true}]}}