{"id":6375,"date":"2025-03-10T03:17:22","date_gmt":"2025-03-10T03:17:22","guid":{"rendered":"https:\/\/fmp-components.com\/?post_type=product&#038;p=6375"},"modified":"2025-04-05T07:23:10","modified_gmt":"2025-04-05T07:23:10","slug":"flange-flexible-couplings","status":"publish","type":"product","link":"https:\/\/fmp-components.com\/fr\/product\/flange-flexible-couplings\/","title":{"rendered":"Accouplements flexibles \u00e0 bride"},"content":{"rendered":"<p>Les accouplements flexibles FMP sont con\u00e7us pour r\u00e9duire les vibrations et les co\u00fbts de r\u00e9paration des syst\u00e8mes de transmission. Leur conception sp\u00e9ciale prot\u00e8ge la transmission des dommages et r\u00e9duit le bruit en fonctionnement, ce qui optimise le fonctionnement et la dur\u00e9e de vie du syst\u00e8me. De plus, ces accouplements sont faciles \u00e0 installer et \u00e0 r\u00e9gler, vous permettant ainsi de gagner du temps et de l'\u00e9nergie.<\/p>\n<p>FMP utilise un \u00e9lastom\u00e8re polyester r\u00e9sistant pour la fabrication de ses raccords. Ce mat\u00e9riau est r\u00e9sistant et ne se d\u00e9forme pas, m\u00eame au contact des fluides lubrifiants. Il garantit ainsi la solidit\u00e9 et le bon fonctionnement du raccord, m\u00eame dans des conditions difficiles.<\/p>\n<p>L'accouplement est con\u00e7u pour transf\u00e9rer un couple (une force de rotation) de mani\u00e8re constante \u00e0 environ 6 mm par minute. Cette force r\u00e9guli\u00e8re et constante prolonge la dur\u00e9e de vie de l'accouplement, lui permettant de fonctionner efficacement pendant des ann\u00e9es avec un entretien minimal.<\/p>\n<p>Ces caract\u00e9ristiques font des accouplements flexibles de FMP un excellent choix si vous souhaitez que votre syst\u00e8me de transmission fonctionne mieux et dure plus longtemps.<\/p>\n<p><img loading=\"lazy\" decoding=\"async\" class=\"wp-image-6377 aligncenter\" src=\"https:\/\/fmp-components.com\/wp-content\/uploads\/2025\/03\/Flange-Flexible-Couplings-2.webp\" alt=\"Accouplements flexibles \u00e0 bride\" width=\"836\" height=\"303\" title=\"\" srcset=\"https:\/\/fmp-components.com\/wp-content\/uploads\/2025\/03\/Flange-Flexible-Couplings-2.webp 836w, https:\/\/fmp-components.com\/wp-content\/uploads\/2025\/03\/Flange-Flexible-Couplings-2-480x174.webp 480w\" sizes=\"(min-width: 0px) and (max-width: 480px) 480px, (min-width: 481px) 836px, 100vw\" \/><\/p>\n<h2 style=\"text-align: left;\" align=\"center\">Sp\u00e9cifications des accouplements flexibles \u00e0 bride<\/h2>\n<p><img loading=\"lazy\" decoding=\"async\" class=\"wp-image-6378 aligncenter\" src=\"https:\/\/fmp-components.com\/wp-content\/uploads\/2025\/03\/Flange-Flexible-Couplings-3.webp\" alt=\"Accouplements flexibles \u00e0 bride\" width=\"200\" height=\"216\" title=\"\"><\/p>\n<table style=\"width: 102.258%; height: 601px;\" border=\"1\" cellspacing=\"1\" cellpadding=\"1\" bgcolor=\"#99ccff\">\n<tbody>\n<tr>\n<td align=\"center\" width=\"45\">TAILLE<\/td>\n<td align=\"center\" width=\"35\">Nm<\/td>\n<td align=\"center\" width=\"29\">tr\/min<\/td>\n<td align=\"center\" width=\"21\">D<\/td>\n<td align=\"center\" width=\"25\">D1<\/td>\n<td align=\"center\" width=\"14\">d1<\/td>\n<td align=\"center\" width=\"25\">L<\/td>\n<td align=\"center\" width=\"9\">C<\/td>\n<td align=\"center\" width=\"73\">nM<\/td>\n<td align=\"center\" width=\"34\">KG<\/td>\n<\/tr>\n<tr bgcolor=\"#cccccc\">\n<td align=\"center\" width=\"45\">90<\/td>\n<td align=\"center\" width=\"35\">4<\/td>\n<td align=\"center\" width=\"29\">4000<\/td>\n<td align=\"center\" width=\"21\">90<\/td>\n<td align=\"center\" width=\"25\">35.5<\/td>\n<td align=\"center\" width=\"14\">11<\/td>\n<td align=\"center\" width=\"25\">28<\/td>\n<td align=\"center\" width=\"9\">3<\/td>\n<td align=\"center\" width=\"73\">4-M8*50<\/td>\n<td align=\"center\" width=\"34\">1.7<\/td>\n<\/tr>\n<tr>\n<td align=\"center\" width=\"45\">100<\/td>\n<td align=\"center\" width=\"35\">10<\/td>\n<td align=\"center\" width=\"29\">4000<\/td>\n<td align=\"center\" width=\"21\">100<\/td>\n<td align=\"center\" width=\"25\">40<\/td>\n<td align=\"center\" width=\"14\">11<\/td>\n<td align=\"center\" width=\"25\">35.5<\/td>\n<td align=\"center\" width=\"9\">3<\/td>\n<td align=\"center\" width=\"73\">4-M10*56<\/td>\n<td align=\"center\" width=\"34\">2.3<\/td>\n<\/tr>\n<tr bgcolor=\"#cccccc\">\n<td align=\"center\" width=\"45\">112<\/td>\n<td align=\"center\" width=\"35\">16<\/td>\n<td align=\"center\" width=\"29\">4000<\/td>\n<td align=\"center\" width=\"21\">112<\/td>\n<td align=\"center\" width=\"25\">45<\/td>\n<td align=\"center\" width=\"14\">13<\/td>\n<td align=\"center\" width=\"25\">40<\/td>\n<td align=\"center\" width=\"9\">3<\/td>\n<td align=\"center\" width=\"73\">4-M10*56<\/td>\n<td align=\"center\" width=\"34\">2.8<\/td>\n<\/tr>\n<tr>\n<td align=\"center\" width=\"45\">125<\/td>\n<td align=\"center\" width=\"35\">25<\/td>\n<td align=\"center\" width=\"29\">4000<\/td>\n<td align=\"center\" width=\"21\">125<\/td>\n<td align=\"center\" width=\"25\">50<\/td>\n<td align=\"center\" width=\"14\">13<\/td>\n<td align=\"center\" width=\"25\">45<\/td>\n<td align=\"center\" width=\"9\">3<\/td>\n<td align=\"center\" width=\"73\">4-M12*64<\/td>\n<td align=\"center\" width=\"34\">4.0<\/td>\n<\/tr>\n<tr bgcolor=\"#cccccc\">\n<td align=\"center\" width=\"45\">140<\/td>\n<td align=\"center\" width=\"35\">50<\/td>\n<td align=\"center\" width=\"29\">4000<\/td>\n<td align=\"center\" width=\"21\">140<\/td>\n<td align=\"center\" width=\"25\">63<\/td>\n<td align=\"center\" width=\"14\">13<\/td>\n<td align=\"center\" width=\"25\">50<\/td>\n<td align=\"center\" width=\"9\">3<\/td>\n<td align=\"center\" width=\"73\">6-M12*64<\/td>\n<td align=\"center\" width=\"34\">5.4<\/td>\n<\/tr>\n<tr>\n<td align=\"center\" width=\"45\">160<\/td>\n<td align=\"center\" width=\"35\">110<\/td>\n<td align=\"center\" width=\"29\">4000<\/td>\n<td align=\"center\" width=\"21\">160<\/td>\n<td align=\"center\" width=\"25\">80<\/td>\n<td align=\"center\" width=\"14\">15<\/td>\n<td align=\"center\" width=\"25\">56<\/td>\n<td align=\"center\" width=\"9\">3<\/td>\n<td align=\"center\" width=\"73\">8-M12*64<\/td>\n<td align=\"center\" width=\"34\">8.0<\/td>\n<\/tr>\n<tr bgcolor=\"#cccccc\">\n<td align=\"center\" width=\"45\">180<\/td>\n<td align=\"center\" width=\"35\">157<\/td>\n<td align=\"center\" width=\"29\">3500<\/td>\n<td align=\"center\" width=\"21\">180<\/td>\n<td align=\"center\" width=\"25\">90<\/td>\n<td align=\"center\" width=\"14\">15<\/td>\n<td align=\"center\" width=\"25\">63<\/td>\n<td align=\"center\" width=\"9\">3<\/td>\n<td align=\"center\" width=\"73\">8-M12*64<\/td>\n<td align=\"center\" width=\"34\">10.5<\/td>\n<\/tr>\n<tr>\n<td align=\"center\" width=\"45\">200<\/td>\n<td align=\"center\" width=\"35\">245<\/td>\n<td align=\"center\" width=\"29\">3200<\/td>\n<td align=\"center\" width=\"21\">200<\/td>\n<td align=\"center\" width=\"25\">100<\/td>\n<td align=\"center\" width=\"14\">21<\/td>\n<td align=\"center\" width=\"25\">71<\/td>\n<td align=\"center\" width=\"9\">4<\/td>\n<td align=\"center\" width=\"73\">8-M20*85<\/td>\n<td align=\"center\" width=\"34\">16.2<\/td>\n<\/tr>\n<tr bgcolor=\"#cccccc\">\n<td align=\"center\" width=\"45\">224<\/td>\n<td align=\"center\" width=\"35\">392<\/td>\n<td align=\"center\" width=\"29\">2850<\/td>\n<td align=\"center\" width=\"21\">224<\/td>\n<td align=\"center\" width=\"25\">112<\/td>\n<td align=\"center\" width=\"14\">21<\/td>\n<td align=\"center\" width=\"25\">80<\/td>\n<td align=\"center\" width=\"9\">4<\/td>\n<td align=\"center\" width=\"73\">8-M20*85<\/td>\n<td align=\"center\" width=\"34\">21.3<\/td>\n<\/tr>\n<tr>\n<td align=\"center\" width=\"45\">250<\/td>\n<td align=\"center\" width=\"35\">618<\/td>\n<td align=\"center\" width=\"29\">2550<\/td>\n<td align=\"center\" width=\"21\">250<\/td>\n<td align=\"center\" width=\"25\">125<\/td>\n<td align=\"center\" width=\"14\">25<\/td>\n<td align=\"center\" width=\"25\">90<\/td>\n<td align=\"center\" width=\"9\">4<\/td>\n<td align=\"center\" width=\"73\">8-M24*100<\/td>\n<td align=\"center\" width=\"34\">31.6<\/td>\n<\/tr>\n<tr bgcolor=\"#cccccc\">\n<td align=\"center\" width=\"45\">280<\/td>\n<td align=\"center\" width=\"35\">980<\/td>\n<td align=\"center\" width=\"29\">2300<\/td>\n<td align=\"center\" width=\"21\">280<\/td>\n<td align=\"center\" width=\"25\">140<\/td>\n<td align=\"center\" width=\"14\">34<\/td>\n<td align=\"center\" width=\"25\">100<\/td>\n<td align=\"center\" width=\"9\">4<\/td>\n<td align=\"center\" width=\"73\">8-M24*116<\/td>\n<td align=\"center\" width=\"34\">44.0<\/td>\n<\/tr>\n<tr>\n<td align=\"center\" width=\"45\">315<\/td>\n<td align=\"center\" width=\"35\">1568<\/td>\n<td align=\"center\" width=\"29\">2050<\/td>\n<td align=\"center\" width=\"21\">315<\/td>\n<td align=\"center\" width=\"25\">160<\/td>\n<td align=\"center\" width=\"14\">41<\/td>\n<td align=\"center\" width=\"25\">112<\/td>\n<td align=\"center\" width=\"9\">4<\/td>\n<td align=\"center\" width=\"73\">10-M24*116<\/td>\n<td align=\"center\" width=\"34\">57.7<\/td>\n<\/tr>\n<tr bgcolor=\"#cccccc\">\n<td align=\"center\" width=\"45\">355<\/td>\n<td align=\"center\" width=\"35\">2450<\/td>\n<td align=\"center\" width=\"29\">1800<\/td>\n<td align=\"center\" width=\"21\">355<\/td>\n<td align=\"center\" width=\"25\">180<\/td>\n<td align=\"center\" width=\"14\">60<\/td>\n<td align=\"center\" width=\"25\">125<\/td>\n<td align=\"center\" width=\"9\">5<\/td>\n<td align=\"center\" width=\"73\">8-M30*150<\/td>\n<td align=\"center\" width=\"34\">89.5<\/td>\n<\/tr>\n<tr>\n<td align=\"center\" width=\"45\">400<\/td>\n<td align=\"center\" width=\"35\">3920<\/td>\n<td align=\"center\" width=\"29\">1600<\/td>\n<td align=\"center\" width=\"21\">400<\/td>\n<td align=\"center\" width=\"25\">200<\/td>\n<td align=\"center\" width=\"14\">60<\/td>\n<td align=\"center\" width=\"25\">125<\/td>\n<td align=\"center\" width=\"9\">5<\/td>\n<td align=\"center\" width=\"73\">10-M30*150<\/td>\n<td align=\"center\" width=\"34\">89.5<\/td>\n<\/tr>\n<tr bgcolor=\"#cccccc\">\n<td align=\"center\" width=\"45\">450<\/td>\n<td align=\"center\" width=\"35\">6174<\/td>\n<td align=\"center\" width=\"29\">1400<\/td>\n<td align=\"center\" width=\"21\">450<\/td>\n<td align=\"center\" width=\"25\">224<\/td>\n<td align=\"center\" width=\"14\">65<\/td>\n<td align=\"center\" width=\"25\">140<\/td>\n<td align=\"center\" width=\"9\">5<\/td>\n<td align=\"center\" width=\"73\">12-M30*150<\/td>\n<td align=\"center\" width=\"34\">145<\/td>\n<\/tr>\n<tr>\n<td align=\"center\" width=\"45\">560<\/td>\n<td align=\"center\" width=\"35\">9800<\/td>\n<td align=\"center\" width=\"29\">1150<\/td>\n<td align=\"center\" width=\"21\">560<\/td>\n<td align=\"center\" width=\"25\">250<\/td>\n<td align=\"center\" width=\"14\">85<\/td>\n<td align=\"center\" width=\"25\">160<\/td>\n<td align=\"center\" width=\"9\">5<\/td>\n<td align=\"center\" width=\"73\">14-M30*150<\/td>\n<td align=\"center\" width=\"34\">229<\/td>\n<\/tr>\n<tr bgcolor=\"#cccccc\">\n<td align=\"center\" width=\"45\">630<\/td>\n<td align=\"center\" width=\"35\">15680<\/td>\n<td align=\"center\" width=\"29\">1000<\/td>\n<td align=\"center\" width=\"21\">630<\/td>\n<td align=\"center\" width=\"25\">280<\/td>\n<td align=\"center\" width=\"14\">95<\/td>\n<td align=\"center\" width=\"25\">180<\/td>\n<td align=\"center\" width=\"9\">5<\/td>\n<td align=\"center\" width=\"73\">18-M30*150<\/td>\n<td align=\"center\" width=\"34\">296<\/td>\n<\/tr>\n<\/tbody>\n<\/table>\n<h3>Types d'accouplements flexibles<\/h3>\n<div>\n<p class=\"break-words\" dir=\"auto\">Les accouplements flexibles sont des dispositifs m\u00e9caniques utilis\u00e9s pour relier deux arbres. Ils permettent la transmission du couple tout en compensant les d\u00e9fauts d'alignement et en r\u00e9duisant les contraintes sur les composants connect\u00e9s. L'accouplement \u00e0 m\u00e2choires est un type courant, compos\u00e9 de deux moyeux \u00e0 m\u00e2choires embo\u00eetables et d'un insert en \u00e9lastom\u00e8re. L'anneau absorbe les chocs, amortit les vibrations et compense les l\u00e9gers d\u00e9fauts d'alignement angulaire, parall\u00e8le et axial, ce qui le rend id\u00e9al pour les applications g\u00e9n\u00e9rales comme les pompes et les moteurs.<\/p>\n<p class=\"break-words\" dir=\"auto\">Un autre type d'accouplement est l'accouplement \u00e0 soufflet, caract\u00e9ris\u00e9 par un soufflet m\u00e9tallique fin et flexible reliant les arbres. Cette conception offre une grande rigidit\u00e9 en torsion pour une transmission pr\u00e9cise du couple, tout en permettant une grande flexibilit\u00e9 pour g\u00e9rer les d\u00e9salignements angulaires et axiaux. Les accouplements \u00e0 soufflet sont souvent utilis\u00e9s dans les syst\u00e8mes de haute pr\u00e9cision, tels que les servomoteurs et les codeurs, o\u00f9 le maintien de la pr\u00e9cision en conditions dynamiques est crucial.<\/p>\n<p class=\"break-words\" dir=\"auto\">Un troisi\u00e8me type est l'accouplement \u00e0 disques, qui utilise une s\u00e9rie de disques m\u00e9talliques minces et flexibles, empil\u00e9s pour former un ensemble. L'ensemble de disques fl\u00e9chit pour compenser les d\u00e9fauts d'alignement et absorber les vibrations, tout en transmettant efficacement le couple. Les accouplements \u00e0 disques sont tr\u00e8s durables et adapt\u00e9s aux applications exigeantes, telles que les turbines et les compresseurs, o\u00f9 fiabilit\u00e9 et maintenance minimale sont essentielles.<\/p>\n<p dir=\"auto\"><img loading=\"lazy\" decoding=\"async\" class=\"wp-image-7803 aligncenter\" src=\"https:\/\/fmp-components.com\/wp-content\/uploads\/2025\/03\/flexible-coupling3.webp\" alt=\"accouplement flexible\" width=\"531\" height=\"476\" title=\"\" srcset=\"https:\/\/fmp-components.com\/wp-content\/uploads\/2025\/03\/flexible-coupling3.webp 173w, https:\/\/fmp-components.com\/wp-content\/uploads\/2025\/03\/flexible-coupling3-13x12.webp 13w\" sizes=\"(max-width: 531px) 100vw, 531px\" \/><\/p>\n<\/div>\n<h2>Accouplements flexibles \u00e0 brides\u00a0: Ing\u00e9nierie de pr\u00e9cision des experts italiens en accouplements FMP<\/h2>\n<p>FMP est un fabricant italien de premier plan, sp\u00e9cialis\u00e9 dans une large gamme d'accouplements con\u00e7us pour transf\u00e9rer le couple entre les arbres tout en compensant les d\u00e9fauts d'alignement et les mouvements. Que vous travailliez dans l'industrie manufacturi\u00e8re dynamique de Milan ou dans l'atelier artisanal de Florence, nos accouplements flexibles \u00e0 bride, fabriqu\u00e9s \u00e0 partir de mat\u00e9riaux durables comme l'acier inoxydable, le caoutchouc et le laiton, garantissent une transmission de puissance fluide et une efficacit\u00e9 op\u00e9rationnelle optimale dans des applications allant des groupes motopompes \u00e0 la propulsion marine.<\/p>\n<p>FMP est fier de proposer une large gamme d'accouplements, notamment des mod\u00e8les \u00e0 flexibilit\u00e9 m\u00e9canique, \u00e0 \u00e9l\u00e9ments m\u00e9talliques et \u00e0 \u00e9l\u00e9ments \u00e9lastom\u00e8res, tous con\u00e7us pour r\u00e9pondre aux besoins industriels sp\u00e9cifiques. Outre notre vaste gamme de produits, nous proposons \u00e9galement des solutions sur mesure pour nos clients en Italie et au-del\u00e0. Si vous \u00eates \u00e0 Bologne et que vous recherchez un accouplement flexible \u00e0 bride unique pour vos machines agricoles, ou \u00e0 Milan, une conception sur mesure pour une application \u00e0 grande vitesse, les ing\u00e9nieurs experts de FMP sont \u00e0 votre disposition. Notre processus personnalis\u00e9 garantit que chaque accouplement est fabriqu\u00e9 selon vos sp\u00e9cifications exactes, offrant des performances et une durabilit\u00e9 fiables.<\/p>\n<p>Vous ne trouvez pas le mod\u00e8le exact qu'il vous faut dans notre liste de produits\u00a0? Pas d'inqui\u00e9tude\u00a0: notre catalogue est constamment mis \u00e0 jour et il se peut que nous n'ayons pas encore mis en ligne toutes les options. Pour les entreprises de Florence, Bologne ou ailleurs, envoyez-nous simplement un e-mail avec vos besoins. Notre \u00e9quipe d'ing\u00e9nieurs italiens d\u00e9di\u00e9s vous r\u00e9pondra sous 24\u00a0heures avec des conseils et des solutions sur mesure.<\/p>","protected":false},"excerpt":{"rendered":"<p>FMP&#8217;s flexible couplings are made to reduce vibration and cut down the cost of fixing transmission systems. Their special design helps protect the transmission from damage and makes less noise while running, which makes the system work better and last longer. Plus, these couplings are easy to install and adjust, so you can save time [&hellip;]<\/p>","protected":false},"featured_media":6376,"comment_status":"open","ping_status":"closed","template":"","meta":{"_et_pb_use_builder":"","_et_pb_old_content":"","_et_gb_content_width":""},"product_brand":[],"product_cat":[101],"product_tag":[],"class_list":{"0":"post-6375","1":"product","2":"type-product","3":"status-publish","4":"has-post-thumbnail","6":"product_cat-coupling","8":"first","9":"instock","10":"shipping-taxable","11":"product-type-simple"},"_links":{"self":[{"href":"https:\/\/fmp-components.com\/fr\/wp-json\/wp\/v2\/product\/6375","targetHints":{"allow":["GET"]}}],"collection":[{"href":"https:\/\/fmp-components.com\/fr\/wp-json\/wp\/v2\/product"}],"about":[{"href":"https:\/\/fmp-components.com\/fr\/wp-json\/wp\/v2\/types\/product"}],"replies":[{"embeddable":true,"href":"https:\/\/fmp-components.com\/fr\/wp-json\/wp\/v2\/comments?post=6375"}],"wp:featuredmedia":[{"embeddable":true,"href":"https:\/\/fmp-components.com\/fr\/wp-json\/wp\/v2\/media\/6376"}],"wp:attachment":[{"href":"https:\/\/fmp-components.com\/fr\/wp-json\/wp\/v2\/media?parent=6375"}],"wp:term":[{"taxonomy":"product_brand","embeddable":true,"href":"https:\/\/fmp-components.com\/fr\/wp-json\/wp\/v2\/product_brand?post=6375"},{"taxonomy":"product_cat","embeddable":true,"href":"https:\/\/fmp-components.com\/fr\/wp-json\/wp\/v2\/product_cat?post=6375"},{"taxonomy":"product_tag","embeddable":true,"href":"https:\/\/fmp-components.com\/fr\/wp-json\/wp\/v2\/product_tag?post=6375"}],"curies":[{"name":"wp","href":"https:\/\/api.w.org\/{rel}","templated":true}]}}