{"id":555,"date":"2024-12-16T08:31:00","date_gmt":"2024-12-16T08:31:00","guid":{"rendered":"https:\/\/fmp-components.com\/?page_id=8"},"modified":"2024-12-16T08:31:00","modified_gmt":"2024-12-16T08:31:00","slug":"rotary-drilling-cylinder","status":"publish","type":"product","link":"https:\/\/fmp-components.com\/fr\/product\/rotary-drilling-cylinder\/","title":{"rendered":"Cylindre de forage rotatif"},"content":{"rendered":"<p style=\"text-align: center;\"><span style=\"font-size: 18pt;\">Cylindre de forage rotatif<\/span><\/p>\n<p>Le v\u00e9rin de forage rotatif est un composant hydraulique essentiel con\u00e7u pour faciliter le mouvement de rotation n\u00e9cessaire aux op\u00e9rations de forage dans diverses applications, notamment la construction, l'exploitation mini\u00e8re et le g\u00e9nie g\u00e9otechnique. Ce v\u00e9rin fournit la force n\u00e9cessaire \u00e0 la rotation du tr\u00e9pan, permettant une p\u00e9n\u00e9tration efficace dans diff\u00e9rents types de sols et de roches.<\/p>\n<p><img loading=\"lazy\" decoding=\"async\" class=\"size-full wp-image-556 aligncenter\" src=\"https:\/\/fmp-components.com\/wp-content\/uploads\/2024\/12\/Rotary-Drilling-Cylinder.webp\" alt=\"Cylindre de forage rotatif\" width=\"760\" height=\"533\" title=\"\" srcset=\"https:\/\/fmp-components.com\/wp-content\/uploads\/2024\/12\/Rotary-Drilling-Cylinder.webp 760w, https:\/\/fmp-components.com\/wp-content\/uploads\/2024\/12\/Rotary-Drilling-Cylinder-480x337.webp 480w\" sizes=\"(min-width: 0px) and (max-width: 480px) 480px, (min-width: 481px) 760px, 100vw\" \/><\/p>\n<h4>Caract\u00e9ristiques principales :<\/h4>\n<ul>\n<li><strong>Construction robuste :<\/strong> Fabriqu\u00e9 \u00e0 partir de mat\u00e9riaux \u00e0 haute r\u00e9sistance, le cylindre de forage rotatif est con\u00e7u pour r\u00e9sister aux conditions exigeantes des environnements de forage, garantissant une durabilit\u00e9 et une fiabilit\u00e9 \u00e0 long terme.<\/li>\n<li><strong>Fonctionnement fluide :<\/strong> La conception hydraulique permet une rotation fluide et contr\u00f4l\u00e9e, offrant des capacit\u00e9s de forage pr\u00e9cises et am\u00e9liorant l'efficacit\u00e9 op\u00e9rationnelle globale.<\/li>\n<li><strong>Application polyvalente :<\/strong> Adapt\u00e9 \u00e0 une large gamme d'\u00e9quipements de forage, ce cylindre am\u00e9liore la fonctionnalit\u00e9 des perceuses rotatives, des tari\u00e8res et autres machines de forage, ce qui le rend id\u00e9al pour divers projets.<\/li>\n<li><strong>Performances am\u00e9lior\u00e9es\u00a0:<\/strong> En fournissant une puissance et un couple constants, le cylindre de forage rotatif optimise les performances de forage, permettant une p\u00e9n\u00e9tration plus rapide et plus efficace.<\/li>\n<li><strong>Faibles besoins d&#039;entretien :<\/strong> Con\u00e7u pour une usure minimale, ce cylindre n\u00e9cessite moins d'entretien, r\u00e9duisant ainsi les temps d'arr\u00eat et contribuant \u00e0 une productivit\u00e9 accrue lors des op\u00e9rations de forage.<\/li>\n<\/ul>\n<p>En r\u00e9sum\u00e9, le cylindre de forage rotatif est un composant essentiel qui am\u00e9liore l'efficacit\u00e9 des op\u00e9rations de forage, ce qui le rend indispensable pour diverses applications industrielles et de construction.<\/p>\n<h2>Sp\u00e9cifications du v\u00e9rin de relevage pour forage rotatif\u00a0:<\/h2>\n<p>Le v\u00e9rin de relevage de la fl\u00e8che de forage rotatif est un composant hydraulique essentiel con\u00e7u pour contr\u00f4ler l'angle de la fl\u00e8che de l'appareil de forage, permettant un positionnement pr\u00e9cis lors des op\u00e9rations de forage. Ce v\u00e9rin permet le mouvement de relevage, qui ajuste la hauteur et l'angle de la fl\u00e8che afin d'optimiser l'efficacit\u00e9 du forage et l'acc\u00e8s \u00e0 diff\u00e9rentes profondeurs. Fabriqu\u00e9 \u00e0 partir de mat\u00e9riaux haute r\u00e9sistance, il est con\u00e7u pour r\u00e9sister aux conditions exigeantes des chantiers et des environnements de forage, garantissant durabilit\u00e9 et fiabilit\u00e9. Le fonctionnement hydraulique fluide du v\u00e9rin de relevage permet des r\u00e9glages rapides, am\u00e9liorant la polyvalence et les performances de l'appareil tout en assurant un forage s\u00fbr et efficace pour diverses applications.<\/p>\n<p><img loading=\"lazy\" decoding=\"async\" class=\"size-full wp-image-558 aligncenter\" src=\"https:\/\/fmp-components.com\/wp-content\/uploads\/2024\/12\/Rotary-Drilling-Luffing-Cylinder1.webp\" alt=\"Cylindre de relevage pour forage rotatif\" width=\"500\" height=\"200\" title=\"\" srcset=\"https:\/\/fmp-components.com\/wp-content\/uploads\/2024\/12\/Rotary-Drilling-Luffing-Cylinder1.webp 500w, https:\/\/fmp-components.com\/wp-content\/uploads\/2024\/12\/Rotary-Drilling-Luffing-Cylinder1-480x192.webp 480w\" sizes=\"(min-width: 0px) and (max-width: 480px) 480px, (min-width: 481px) 500px, 100vw\" \/><\/p>\n<table style=\"width: 92.1166%; height: 218px;\" border=\"1\" cellspacing=\"0\" cellpadding=\"0\">\n<tbody>\n<tr>\n<td>Nom du produit<\/td>\n<td>Cylindre de relevage pour forage rotatif<\/td>\n<\/tr>\n<tr>\n<td>Caract\u00e9ristiques:<\/td>\n<td>Contr\u00f4lez l'angle de fl\u00e8che, ajustez la distance entre le m\u00e2t et l'h\u00f4te<\/td>\n<\/tr>\n<tr>\n<td>Diam\u00e8tre d&#039;al\u00e9sage :<\/td>\n<td>125 mm \u00e0 250 mm<\/td>\n<\/tr>\n<tr>\n<td>Diam\u00e8tre de la tige :<\/td>\n<td>90 mm \u00e0 160 mm<br \/>\nCourse \u2264 1640 mm<\/td>\n<\/tr>\n<tr>\n<td>Pression:<\/td>\n<td>jusqu'\u00e0 32 MPa<\/td>\n<\/tr>\n<tr>\n<td>Applications du v\u00e9rin de relevage :<\/td>\n<td>forage rotatif<\/td>\n<\/tr>\n<\/tbody>\n<\/table>\n<p><img loading=\"lazy\" decoding=\"async\" class=\"alignnone size-full wp-image-565\" src=\"https:\/\/fmp-components.com\/wp-content\/uploads\/2024\/12\/Rotary-Drilling-Luffing-Cylinder1-1.webp\" alt=\"Cylindre de relevage pour forage rotatif\" width=\"839\" height=\"425\" title=\"\" srcset=\"https:\/\/fmp-components.com\/wp-content\/uploads\/2024\/12\/Rotary-Drilling-Luffing-Cylinder1-1.webp 839w, https:\/\/fmp-components.com\/wp-content\/uploads\/2024\/12\/Rotary-Drilling-Luffing-Cylinder1-1-480x243.webp 480w\" sizes=\"(min-width: 0px) and (max-width: 480px) 480px, (min-width: 481px) 839px, 100vw\" \/> <img loading=\"lazy\" decoding=\"async\" class=\"alignnone size-full wp-image-566\" src=\"https:\/\/fmp-components.com\/wp-content\/uploads\/2024\/12\/Rotary-Drilling-Luffing-Cylinder2.webp\" alt=\"Cylindre de relevage pour forage rotatif\" width=\"831\" height=\"417\" title=\"\" srcset=\"https:\/\/fmp-components.com\/wp-content\/uploads\/2024\/12\/Rotary-Drilling-Luffing-Cylinder2.webp 831w, https:\/\/fmp-components.com\/wp-content\/uploads\/2024\/12\/Rotary-Drilling-Luffing-Cylinder2-480x241.webp 480w\" sizes=\"(min-width: 0px) and (max-width: 480px) 480px, (min-width: 481px) 831px, 100vw\" \/><\/p>\n<h2>Sp\u00e9cifications du v\u00e9rin de m\u00e2t de forage rotatif\u00a0:<\/h2>\n<p>Le v\u00e9rin de m\u00e2t de forage rotatif est un composant hydraulique essentiel qui assure le mouvement vertical du m\u00e2t, permettant ainsi sa lev\u00e9e et son abaissement lors des op\u00e9rations de forage. Ce v\u00e9rin est con\u00e7u pour fournir la force n\u00e9cessaire \u00e0 l'extension du m\u00e2t \u00e0 diff\u00e9rentes hauteurs, permettant un acc\u00e8s efficace aux profondeurs requises pour le forage. Fabriqu\u00e9 \u00e0 partir de mat\u00e9riaux haute r\u00e9sistance, il est con\u00e7u pour supporter les exigences rigoureuses des environnements de forage, garantissant une durabilit\u00e9 et une fiabilit\u00e9 optimales. Le fonctionnement hydraulique fluide du v\u00e9rin de m\u00e2t facilite un contr\u00f4le pr\u00e9cis, am\u00e9liorant la stabilit\u00e9 et les performances globales de l'appareil de forage tout en assurant des op\u00e9rations s\u00fbres et efficaces pour une large gamme d'applications.<\/p>\n<p><img loading=\"lazy\" decoding=\"async\" class=\"size-full wp-image-559 aligncenter\" src=\"https:\/\/fmp-components.com\/wp-content\/uploads\/2024\/12\/Rotary-Drilling-Mast-Cylinder1.webp\" alt=\"Cylindre de m\u00e2t de forage rotatif\" width=\"500\" height=\"200\" title=\"\" srcset=\"https:\/\/fmp-components.com\/wp-content\/uploads\/2024\/12\/Rotary-Drilling-Mast-Cylinder1.webp 500w, https:\/\/fmp-components.com\/wp-content\/uploads\/2024\/12\/Rotary-Drilling-Mast-Cylinder1-480x192.webp 480w\" sizes=\"(min-width: 0px) and (max-width: 480px) 480px, (min-width: 481px) 500px, 100vw\" \/><\/p>\n<table style=\"width: 92.4146%; height: 200px;\" border=\"1\" cellspacing=\"0\" cellpadding=\"0\">\n<tbody>\n<tr style=\"height: 23px;\">\n<td style=\"width: 30.6306%; height: 23px;\">Nom du produit<\/td>\n<td style=\"width: 69.009%; height: 23px;\">Cylindre de m\u00e2t de forage rotatif<\/td>\n<\/tr>\n<tr style=\"height: 23px;\">\n<td style=\"width: 30.6306%; height: 23px;\">Caract\u00e9ristiques:<\/td>\n<td style=\"width: 69.009%; height: 23px;\">Contr\u00f4lez le m\u00e2t, ajustez l'angle du m\u00e2t et du sol.<\/td>\n<\/tr>\n<tr style=\"height: 23px;\">\n<td style=\"width: 30.6306%; height: 23px;\">Diam\u00e8tre d&#039;al\u00e9sage :<\/td>\n<td style=\"width: 69.009%; height: 23px;\">140 mm \u00e0 350 mm<\/td>\n<\/tr>\n<tr style=\"height: 47px;\">\n<td style=\"width: 30.6306%; height: 47px;\">Diam\u00e8tre de la tige :<\/td>\n<td style=\"width: 69.009%; height: 47px;\">90 mm \u00e0 230 mm<br \/>\nCourse \u2264 5550 mm<\/td>\n<\/tr>\n<tr style=\"height: 23px;\">\n<td style=\"width: 30.6306%; height: 23px;\">Pression:<\/td>\n<td style=\"width: 69.009%; height: 23px;\">jusqu'\u00e0 32 MPa<\/td>\n<\/tr>\n<tr style=\"height: 23px;\">\n<td style=\"width: 30.6306%; height: 23px;\">Applications des v\u00e9rins de m\u00e2t\u00a0:<\/td>\n<td style=\"width: 69.009%; height: 23px;\">forage rotatif<\/td>\n<\/tr>\n<\/tbody>\n<\/table>\n<p><img loading=\"lazy\" decoding=\"async\" class=\"alignnone size-full wp-image-563\" src=\"https:\/\/fmp-components.com\/wp-content\/uploads\/2024\/12\/Rotary-Drilling-Mast-Cylinder1-1.webp\" alt=\"Cylindre de m\u00e2t de forage rotatif\" width=\"821\" height=\"426\" title=\"\" srcset=\"https:\/\/fmp-components.com\/wp-content\/uploads\/2024\/12\/Rotary-Drilling-Mast-Cylinder1-1.webp 821w, https:\/\/fmp-components.com\/wp-content\/uploads\/2024\/12\/Rotary-Drilling-Mast-Cylinder1-1-480x249.webp 480w\" sizes=\"(min-width: 0px) and (max-width: 480px) 480px, (min-width: 481px) 821px, 100vw\" \/> <img loading=\"lazy\" decoding=\"async\" class=\"alignnone size-full wp-image-564\" src=\"https:\/\/fmp-components.com\/wp-content\/uploads\/2024\/12\/Rotary-Drilling-Mast-Cylinder2.webp\" alt=\"Cylindre de m\u00e2t de forage rotatif\" width=\"828\" height=\"414\" title=\"\" srcset=\"https:\/\/fmp-components.com\/wp-content\/uploads\/2024\/12\/Rotary-Drilling-Mast-Cylinder2.webp 828w, https:\/\/fmp-components.com\/wp-content\/uploads\/2024\/12\/Rotary-Drilling-Mast-Cylinder2-480x240.webp 480w\" sizes=\"(min-width: 0px) and (max-width: 480px) 480px, (min-width: 481px) 828px, 100vw\" \/><\/p>\n<h2>Sp\u00e9cifications des v\u00e9rins de forage rotatif sous pression\u00a0:<\/h2>\n<p>Le v\u00e9rin de forage rotatif sous pression est un composant hydraulique essentiel con\u00e7u pour appliquer et maintenir la pression lors des op\u00e9rations de forage rotatif. Ce v\u00e9rin garantit une force constante sur le tr\u00e9pan, optimisant ainsi son efficacit\u00e9 de p\u00e9n\u00e9tration dans divers types de sols et de roches. Fabriqu\u00e9 \u00e0 partir de mat\u00e9riaux haute r\u00e9sistance, il est con\u00e7u pour r\u00e9sister aux conditions exigeantes des environnements de forage, offrant durabilit\u00e9 et fiabilit\u00e9. La mise sous pression permet un forage performant, am\u00e9liorant la vitesse et l'efficacit\u00e9 des op\u00e9rations. De plus, la conception du v\u00e9rin facilite un mouvement hydraulique fluide, assurant un contr\u00f4le pr\u00e9cis et une grande stabilit\u00e9 pendant le forage, ce qui le rend indispensable pour diverses applications de construction et g\u00e9otechniques.<\/p>\n<p><img loading=\"lazy\" decoding=\"async\" class=\"size-full wp-image-560 aligncenter\" src=\"https:\/\/fmp-components.com\/wp-content\/uploads\/2024\/12\/Rotary-Drilling-Pressurized-Cylinder.webp\" alt=\"Cylindre sous pression pour forage rotatif\" width=\"500\" height=\"200\" title=\"\" srcset=\"https:\/\/fmp-components.com\/wp-content\/uploads\/2024\/12\/Rotary-Drilling-Pressurized-Cylinder.webp 500w, https:\/\/fmp-components.com\/wp-content\/uploads\/2024\/12\/Rotary-Drilling-Pressurized-Cylinder-480x192.webp 480w\" sizes=\"(min-width: 0px) and (max-width: 480px) 480px, (min-width: 481px) 500px, 100vw\" \/><\/p>\n<table style=\"width: 91.2553%; height: 204px;\" border=\"1\" cellspacing=\"0\" cellpadding=\"0\">\n<tbody>\n<tr>\n<td>Nom du produit<\/td>\n<td>Cylindre sous pression pour forage rotatif<\/td>\n<\/tr>\n<tr>\n<td>Caract\u00e9ristiques:<\/td>\n<td>Contr\u00f4lez la lev\u00e9e et l'abaissement de la t\u00eate motrice<\/td>\n<\/tr>\n<tr>\n<td>Diam\u00e8tre d&#039;al\u00e9sage :<\/td>\n<td>125 mm \u00e0 210 mm<\/td>\n<\/tr>\n<tr>\n<td>Diam\u00e8tre de la tige :<\/td>\n<td>90 mm \u00e0 150 mm<br \/>\nCourse \u2264 8500 mm<\/td>\n<\/tr>\n<tr>\n<td>Pression:<\/td>\n<td>jusqu&#039;\u00e0 35 MPa<\/td>\n<\/tr>\n<tr>\n<td>Applications des bouteilles sous pression\u00a0:<\/td>\n<td>forage rotatif<\/td>\n<\/tr>\n<\/tbody>\n<\/table>\n<p><img loading=\"lazy\" decoding=\"async\" class=\"alignnone size-full wp-image-561\" src=\"https:\/\/fmp-components.com\/wp-content\/uploads\/2024\/12\/Rotary-Drilling-Pressurized-Cylinder2.webp\" alt=\"Cylindre sous pression pour forage rotatif\" width=\"831\" height=\"416\" title=\"\" srcset=\"https:\/\/fmp-components.com\/wp-content\/uploads\/2024\/12\/Rotary-Drilling-Pressurized-Cylinder2.webp 831w, https:\/\/fmp-components.com\/wp-content\/uploads\/2024\/12\/Rotary-Drilling-Pressurized-Cylinder2-480x240.webp 480w\" sizes=\"(min-width: 0px) and (max-width: 480px) 480px, (min-width: 481px) 831px, 100vw\" \/> <img loading=\"lazy\" decoding=\"async\" class=\"alignnone size-full wp-image-562\" src=\"https:\/\/fmp-components.com\/wp-content\/uploads\/2024\/12\/Rotary-Drilling-Pressurized-Cylinder1.png\" alt=\"Cylindre sous pression pour forage rotatif\" width=\"817\" height=\"430\" title=\"\" srcset=\"https:\/\/fmp-components.com\/wp-content\/uploads\/2024\/12\/Rotary-Drilling-Pressurized-Cylinder1.png 817w, https:\/\/fmp-components.com\/wp-content\/uploads\/2024\/12\/Rotary-Drilling-Pressurized-Cylinder1-480x253.png 480w\" sizes=\"(min-width: 0px) and (max-width: 480px) 480px, (min-width: 481px) 817px, 100vw\" \/><\/p>\n<h2>\u00c0 propos de FMP<\/h2>\n<p>FMP est une entreprise de fabrication m\u00e9canique sp\u00e9cialis\u00e9e dans la production de v\u00e9rins hydrauliques. Depuis sa cr\u00e9ation, l&#039;entreprise s&#039;est concentr\u00e9e sur la recherche et la fabrication de technologies hydrauliques, passant avec succ\u00e8s d&#039;une gamme de produits diversifi\u00e9e, incluant les machines de r\u00e9colte et de construction, \u00e0 une sp\u00e9cialisation dans les composants de tracteurs agricoles. Forte de plus de dix ans d&#039;exp\u00e9rience en fabrication et en gestion, FMP garantit des produits de haute qualit\u00e9 gr\u00e2ce \u00e0 des techniques de production avanc\u00e9es.<\/p>\n<p>Au fil de son \u00e9volution, l&#039;entreprise a d\u00e9velopp\u00e9 une ligne compl\u00e8te de production d&#039;usinage, d&#039;assemblage et de rev\u00eatement. Notre \u00e9quipe est compos\u00e9e d&#039;un personnel de direction qualifi\u00e9, de concepteurs m\u00e9caniques exp\u00e9riment\u00e9s et de techniciens hautement qualifi\u00e9s qui travaillent ensemble pour maintenir une qualit\u00e9 de production stable tout en contr\u00f4lant efficacement la continuit\u00e9 et l&#039;efficacit\u00e9 des processus.<\/p>\n<p>FMP adh\u00e8re \u00e0 la philosophie suivante\u00a0: \u00ab\u00a0L&#039;innovation technologique est le moteur du progr\u00e8s, la qualit\u00e9 cr\u00e9e des marques, le savoir-faire garantit la qualit\u00e9 et \u00e9tablit des relations gagnant-gagnant \u00e0 long terme.\u00a0\u00bb Notre engagement \u00e0 fournir des produits de haute qualit\u00e9 et un service client irr\u00e9prochable demeure un objectif essentiel pour r\u00e9pondre aux besoins changeants du march\u00e9.<\/p>\n<p><img loading=\"lazy\" decoding=\"async\" class=\"alignnone size-full wp-image-426\" src=\"https:\/\/fmp-components.com\/wp-content\/uploads\/2024\/12\/Sanitation-Machinery-Locking-Hydraulic-Cylinder-factory.webp\" sizes=\"(min-width: 0px) and (max-width: 480px) 480px, (min-width: 481px) and (max-width: 980px) 980px, (min-width: 981px) and (max-width: 1280px) 1280px, (min-width: 1281px) 1414px, 100vw\" srcset=\"https:\/\/fmp-components.com\/wp-content\/uploads\/2024\/12\/Sanitation-Machinery-Locking-Hydraulic-Cylinder-factory.webp 1414w, https:\/\/fmp-components.com\/wp-content\/uploads\/2024\/12\/Sanitation-Machinery-Locking-Hydraulic-Cylinder-factory-1280x529.webp 1280w, https:\/\/fmp-components.com\/wp-content\/uploads\/2024\/12\/Sanitation-Machinery-Locking-Hydraulic-Cylinder-factory-980x405.webp 980w, https:\/\/fmp-components.com\/wp-content\/uploads\/2024\/12\/Sanitation-Machinery-Locking-Hydraulic-Cylinder-factory-480x198.webp 480w\" alt=\"Usine de machines sanitaires, de verrouillage, de v\u00e9rins hydrauliques\" width=\"1414\" height=\"584\" title=\"\"><\/p>\n<p>Auteur : CX<\/p>","protected":false},"excerpt":{"rendered":"<p>Rotary Drilling Cylinder The Rotary Drilling Cylinder is a crucial hydraulic component designed to facilitate the rotary motion required for drilling operations in various applications, including construction, mining, and geotechnical engineering. This cylinder provides the necessary force to rotate the drill bit, enabling efficient penetration into different types of soil and rock. Key Features: Robust [&hellip;]<\/p>","protected":false},"featured_media":557,"comment_status":"open","ping_status":"closed","template":"","meta":{"_et_pb_use_builder":"","_et_pb_old_content":"","_et_gb_content_width":""},"product_brand":[],"product_cat":[25],"product_tag":[],"class_list":{"0":"post-555","1":"product","2":"type-product","3":"status-publish","4":"has-post-thumbnail","6":"product_cat-mobile-machinery-hydraulic-cylinder","8":"first","9":"instock","10":"shipping-taxable","11":"product-type-simple"},"_links":{"self":[{"href":"https:\/\/fmp-components.com\/fr\/wp-json\/wp\/v2\/product\/555","targetHints":{"allow":["GET"]}}],"collection":[{"href":"https:\/\/fmp-components.com\/fr\/wp-json\/wp\/v2\/product"}],"about":[{"href":"https:\/\/fmp-components.com\/fr\/wp-json\/wp\/v2\/types\/product"}],"replies":[{"embeddable":true,"href":"https:\/\/fmp-components.com\/fr\/wp-json\/wp\/v2\/comments?post=555"}],"wp:featuredmedia":[{"embeddable":true,"href":"https:\/\/fmp-components.com\/fr\/wp-json\/wp\/v2\/media\/557"}],"wp:attachment":[{"href":"https:\/\/fmp-components.com\/fr\/wp-json\/wp\/v2\/media?parent=555"}],"wp:term":[{"taxonomy":"product_brand","embeddable":true,"href":"https:\/\/fmp-components.com\/fr\/wp-json\/wp\/v2\/product_brand?post=555"},{"taxonomy":"product_cat","embeddable":true,"href":"https:\/\/fmp-components.com\/fr\/wp-json\/wp\/v2\/product_cat?post=555"},{"taxonomy":"product_tag","embeddable":true,"href":"https:\/\/fmp-components.com\/fr\/wp-json\/wp\/v2\/product_tag?post=555"}],"curies":[{"name":"wp","href":"https:\/\/api.w.org\/{rel}","templated":true}]}}