{"id":5271,"date":"2025-02-05T06:15:34","date_gmt":"2025-02-05T06:15:34","guid":{"rendered":"https:\/\/fmp-components.com\/?post_type=product&#038;p=5271"},"modified":"2025-02-05T06:20:23","modified_gmt":"2025-02-05T06:20:23","slug":"cast-iron-sprocket","status":"publish","type":"product","link":"https:\/\/fmp-components.com\/fr\/product\/cast-iron-sprocket\/","title":{"rendered":"Pignon en fonte"},"content":{"rendered":"<h2>Aper\u00e7u du pignon en fonte<\/h2>\n<p>Nos pignons en fonte sont con\u00e7us et fabriqu\u00e9s pour offrir des performances et une durabilit\u00e9 exceptionnelles. Ils sont largement utilis\u00e9s dans diverses applications industrielles o\u00f9 la fiabilit\u00e9 et la long\u00e9vit\u00e9 sont essentielles. Nous utilisons des mat\u00e9riaux de haute qualit\u00e9 et des techniques de fabrication avanc\u00e9es pour produire des pignons r\u00e9pondant aux normes les plus exigeantes en mati\u00e8re de pr\u00e9cision et de durabilit\u00e9.<\/p>\n<h3>S\u00e9lection des mat\u00e9riaux<\/h3>\n<p>Nos pignons, de grande et de petite taille, sont fabriqu\u00e9s en acier de construction au carbone de haute qualit\u00e9, garantissant une r\u00e9sistance et une durabilit\u00e9 exceptionnelles. De plus, nous proposons des options de personnalisation avec diff\u00e9rents mat\u00e9riaux tels que l'acier inoxydable, l'acier au carbone et d'autres alliages sp\u00e9ciaux, ce qui nous permet d'adapter les pignons aux exigences sp\u00e9cifiques de chaque client.<\/p>\n<h3>Technologie de traitement et de transformation<\/h3>\n<p>Pour garantir des performances optimales, nous utilisons une technologie de fraisage d'engrenages de pointe lors de la production. Il en r\u00e9sulte des pignons aux profils de dents d'une grande pr\u00e9cision. Apr\u00e8s formage, les pignons subissent un traitement de trempe et de revenu qui am\u00e9liore consid\u00e9rablement leurs propri\u00e9t\u00e9s m\u00e9caniques. La duret\u00e9 des dents est rigoureusement contr\u00f4l\u00e9e et atteint des niveaux compris entre 68 et 72 HRA, offrant ainsi une r\u00e9sistance \u00e0 l'usure et une robustesse sup\u00e9rieures.<\/p>\n<h3>Gamme de produits<\/h3>\n<p>Nous proposons une vaste gamme de pignons, des mod\u00e8les standard \u00e9conomiques aux pignons haut de gamme con\u00e7us pour les applications les plus exigeantes. Notre processus de production est rigoureusement contr\u00f4l\u00e9 \u00e0 chaque \u00e9tape afin de garantir la constance et la pr\u00e9cision de chaque produit.<\/p>\n<h3>Caract\u00e9ristiques principales des pignons en fonte<\/h3>\n<ul>\n<li><strong>Diversit\u00e9 des mat\u00e9riaux<\/strong>Nos pignons en fonte sont disponibles en plusieurs mat\u00e9riaux, notamment l'acier au carbone, l'acier inoxydable et d'autres alliages, afin de r\u00e9pondre aux divers besoins de nos clients.<\/li>\n<li><strong>Personnalisation disponible<\/strong>Nous proposons une personnalisation compl\u00e8te en fonction des exigences de l'utilisateur, garantissant ainsi que les pignons soient adapt\u00e9s \u00e0 des conditions d'utilisation sp\u00e9cifiques.<\/li>\n<li><strong>Traitement thermique<\/strong>Chaque pignon est soumis \u00e0 un traitement thermique afin d'atteindre la duret\u00e9 requise, ce qui am\u00e9liore sa durabilit\u00e9 et sa r\u00e9sistance \u00e0 l'usure.<\/li>\n<li><strong>Fabrication de pr\u00e9cision<\/strong>Les pignons sont usin\u00e9s avec soin pour garantir des bords nets et des surfaces sans bavures, am\u00e9liorant ainsi la qualit\u00e9 esth\u00e9tique et op\u00e9rationnelle globale.<\/li>\n<li><strong>Longue dur\u00e9e de vie<\/strong>Gr\u00e2ce \u00e0 une s\u00e9lection rigoureuse des mat\u00e9riaux, une duret\u00e9 \u00e9lev\u00e9e et un fonctionnement stable, nos pignons en fonte sont con\u00e7us pour durer, offrant une dur\u00e9e de vie prolong\u00e9e m\u00eame dans des environnements \u00e0 fortes contraintes.<\/li>\n<li><strong>Fonctionnement stable<\/strong>Con\u00e7us pour fonctionner \u00e0 haute vitesse, nos pignons offrent un fonctionnement fluide et stable, r\u00e9duisant ainsi les risques d'interruptions de fonctionnement ou de vibrations.<\/li>\n<\/ul>\n<p>Nos pignons en fonte sont con\u00e7us pour offrir fiabilit\u00e9 et performance. Gr\u00e2ce \u00e0 une s\u00e9lection rigoureuse des mat\u00e9riaux, des techniques de fabrication avanc\u00e9es et des options de personnalisation, ils constituent la solution id\u00e9ale pour les applications exigeant une grande durabilit\u00e9 et un fonctionnement stable. Que vous ayez besoin d'un pignon standard ou d'un mod\u00e8le sur mesure, nous vous proposons des solutions de haute qualit\u00e9 adapt\u00e9es \u00e0 vos besoins.<\/p>\n<h2>Liste des pignons en fonte :<\/h2>\n<p><img loading=\"lazy\" decoding=\"async\" class=\"alignnone size-full wp-image-5272\" src=\"https:\/\/fmp-components.com\/wp-content\/uploads\/2025\/02\/fmp-cast-iron-sprocket-1.webp\" alt=\"pignon en fonte fmp\" width=\"1059\" height=\"464\" title=\"\" srcset=\"https:\/\/fmp-components.com\/wp-content\/uploads\/2025\/02\/fmp-cast-iron-sprocket-1.webp 1059w, https:\/\/fmp-components.com\/wp-content\/uploads\/2025\/02\/fmp-cast-iron-sprocket-1-980x429.webp 980w, https:\/\/fmp-components.com\/wp-content\/uploads\/2025\/02\/fmp-cast-iron-sprocket-1-480x210.webp 480w\" sizes=\"(min-width: 0px) and (max-width: 480px) 480px, (min-width: 481px) and (max-width: 980px) 980px, (min-width: 981px) 1059px, 100vw\" \/><\/p>\n<h3>Pignon en fonte 06B<\/h3>\n<p><img loading=\"lazy\" decoding=\"async\" class=\"alignnone size-full wp-image-5273\" src=\"https:\/\/fmp-components.com\/wp-content\/uploads\/2025\/02\/fmp-cast-iron-sprocket-2.webp\" alt=\"pignon en fonte fmp\" width=\"935\" height=\"434\" title=\"\" srcset=\"https:\/\/fmp-components.com\/wp-content\/uploads\/2025\/02\/fmp-cast-iron-sprocket-2.webp 935w, https:\/\/fmp-components.com\/wp-content\/uploads\/2025\/02\/fmp-cast-iron-sprocket-2-480x223.webp 480w\" sizes=\"(min-width: 0px) and (max-width: 480px) 480px, (min-width: 481px) 935px, 100vw\" \/><\/p>\n<h3>Pignon en fonte 08B<\/h3>\n<p><img loading=\"lazy\" decoding=\"async\" class=\"alignnone size-full wp-image-5274\" src=\"https:\/\/fmp-components.com\/wp-content\/uploads\/2025\/02\/fmp-cast-iron-sprocket-3.webp\" alt=\"pignon en fonte fmp\" width=\"934\" height=\"442\" title=\"\" srcset=\"https:\/\/fmp-components.com\/wp-content\/uploads\/2025\/02\/fmp-cast-iron-sprocket-3.webp 934w, https:\/\/fmp-components.com\/wp-content\/uploads\/2025\/02\/fmp-cast-iron-sprocket-3-480x227.webp 480w\" sizes=\"(min-width: 0px) and (max-width: 480px) 480px, (min-width: 481px) 934px, 100vw\" \/><\/p>\n<h3>Pignon en fonte 10B<\/h3>\n<p><img loading=\"lazy\" decoding=\"async\" class=\"alignnone size-full wp-image-5275\" src=\"https:\/\/fmp-components.com\/wp-content\/uploads\/2025\/02\/fmp-cast-iron-sprocket-4.webp\" alt=\"pignon en fonte fmp\" width=\"937\" height=\"403\" title=\"\" srcset=\"https:\/\/fmp-components.com\/wp-content\/uploads\/2025\/02\/fmp-cast-iron-sprocket-4.webp 937w, https:\/\/fmp-components.com\/wp-content\/uploads\/2025\/02\/fmp-cast-iron-sprocket-4-480x206.webp 480w\" sizes=\"(min-width: 0px) and (max-width: 480px) 480px, (min-width: 481px) 937px, 100vw\" \/><\/p>\n<h3>Pignon en fonte 12B<\/h3>\n<p><img loading=\"lazy\" decoding=\"async\" class=\"alignnone size-full wp-image-5276\" src=\"https:\/\/fmp-components.com\/wp-content\/uploads\/2025\/02\/fmp-cast-iron-sprocket-5.webp\" alt=\"pignon en fonte fmp\" width=\"937\" height=\"426\" title=\"\" srcset=\"https:\/\/fmp-components.com\/wp-content\/uploads\/2025\/02\/fmp-cast-iron-sprocket-5.webp 937w, https:\/\/fmp-components.com\/wp-content\/uploads\/2025\/02\/fmp-cast-iron-sprocket-5-480x218.webp 480w\" sizes=\"(min-width: 0px) and (max-width: 480px) 480px, (min-width: 481px) 937px, 100vw\" \/><\/p>\n<h3>Pignon en fonte 16B<\/h3>\n<p><img loading=\"lazy\" decoding=\"async\" class=\"alignnone size-full wp-image-5277\" src=\"https:\/\/fmp-components.com\/wp-content\/uploads\/2025\/02\/fmp-cast-iron-sprocket-6.webp\" alt=\"pignon en fonte fmp\" width=\"938\" height=\"442\" title=\"\" srcset=\"https:\/\/fmp-components.com\/wp-content\/uploads\/2025\/02\/fmp-cast-iron-sprocket-6.webp 938w, https:\/\/fmp-components.com\/wp-content\/uploads\/2025\/02\/fmp-cast-iron-sprocket-6-480x226.webp 480w\" sizes=\"(min-width: 0px) and (max-width: 480px) 480px, (min-width: 481px) 938px, 100vw\" \/><\/p>\n<h3>Pignon en fonte 20B<\/h3>\n<p><img loading=\"lazy\" decoding=\"async\" class=\"alignnone size-full wp-image-5278\" src=\"https:\/\/fmp-components.com\/wp-content\/uploads\/2025\/02\/fmp-cast-iron-sprocket-7.webp\" alt=\"pignon en fonte fmp\" width=\"938\" height=\"333\" title=\"\" srcset=\"https:\/\/fmp-components.com\/wp-content\/uploads\/2025\/02\/fmp-cast-iron-sprocket-7.webp 938w, https:\/\/fmp-components.com\/wp-content\/uploads\/2025\/02\/fmp-cast-iron-sprocket-7-480x170.webp 480w\" sizes=\"(min-width: 0px) and (max-width: 480px) 480px, (min-width: 481px) 938px, 100vw\" \/><\/p>\n<h3>Pignon en fonte 24B<\/h3>\n<p><img loading=\"lazy\" decoding=\"async\" class=\"alignnone size-full wp-image-5279\" src=\"https:\/\/fmp-components.com\/wp-content\/uploads\/2025\/02\/fmp-cast-iron-sprocket-8.webp\" alt=\"pignon en fonte fmp\" width=\"935\" height=\"404\" title=\"\" srcset=\"https:\/\/fmp-components.com\/wp-content\/uploads\/2025\/02\/fmp-cast-iron-sprocket-8.webp 935w, https:\/\/fmp-components.com\/wp-content\/uploads\/2025\/02\/fmp-cast-iron-sprocket-8-480x207.webp 480w\" sizes=\"(min-width: 0px) and (max-width: 480px) 480px, (min-width: 481px) 935px, 100vw\" \/><\/p>\n<h3>Pignon en fonte 28B<\/h3>\n<p><img loading=\"lazy\" decoding=\"async\" class=\"alignnone size-full wp-image-5280\" src=\"https:\/\/fmp-components.com\/wp-content\/uploads\/2025\/02\/fmp-cast-iron-sprocket-9.webp\" alt=\"pignon en fonte fmp\" width=\"938\" height=\"340\" title=\"\" srcset=\"https:\/\/fmp-components.com\/wp-content\/uploads\/2025\/02\/fmp-cast-iron-sprocket-9.webp 938w, https:\/\/fmp-components.com\/wp-content\/uploads\/2025\/02\/fmp-cast-iron-sprocket-9-480x174.webp 480w\" sizes=\"(min-width: 0px) and (max-width: 480px) 480px, (min-width: 481px) 938px, 100vw\" \/><\/p>\n<h3>Pignon en fonte 32B<\/h3>\n<p><img loading=\"lazy\" decoding=\"async\" class=\"alignnone size-full wp-image-5283\" src=\"https:\/\/fmp-components.com\/wp-content\/uploads\/2025\/02\/fmp-cast-iron-sprocket-10.webp\" alt=\"pignon en fonte fmp\" width=\"937\" height=\"382\" title=\"\" srcset=\"https:\/\/fmp-components.com\/wp-content\/uploads\/2025\/02\/fmp-cast-iron-sprocket-10.webp 937w, https:\/\/fmp-components.com\/wp-content\/uploads\/2025\/02\/fmp-cast-iron-sprocket-10-480x196.webp 480w\" sizes=\"(min-width: 0px) and (max-width: 480px) 480px, (min-width: 481px) 937px, 100vw\" \/><\/p>\n<h2>\u00c0 propos de FMP<\/h2>\n<p>Chez FMP, nous sommes fiers d'\u00eatre un fabricant leader de pignons de haute qualit\u00e9, produits dans notre usine ultramoderne en Italie. Nous proposons une gamme vari\u00e9e de pignons con\u00e7us pour r\u00e9pondre aux besoins sp\u00e9cifiques de diff\u00e9rents secteurs industriels. Que vous recherchiez des pignons \u00e0 al\u00e9sage fini, des pignons interm\u00e9diaires, des pignons \u00e0 blocage conique ou des pignons de convoyeur, nous fabriquons chaque produit avec pr\u00e9cision et robustesse pour garantir des performances optimales. Notre s\u00e9lection comprend des pignons en acier inoxydable, en plastique et en acier, ainsi que des mod\u00e8les sp\u00e9cialis\u00e9s comme les pignons \u00e0 double pas et \u00e0 double rang\u00e9e, ce qui nous permet de fournir la solution id\u00e9ale pour chaque application.<\/p>\n<p>Ce qui distingue FMP, c'est notre engagement envers la personnalisation. Nous savons que chaque projet a ses propres exigences, c'est pourquoi nous proposons des solutions de pignons sur mesure, adapt\u00e9es pr\u00e9cis\u00e9ment \u00e0 vos besoins. Que vous ayez besoin d'une conception personnalis\u00e9e ou de sp\u00e9cifications techniques particuli\u00e8res, notre \u00e9quipe d'experts est pr\u00eate \u00e0 vous fournir des solutions pr\u00e9cises, fiables et performantes.<\/p>\n<p>Nous sommes attach\u00e9s \u00e0 l'excellence en mati\u00e8re d'ing\u00e9nierie et de fabrication, garantissant ainsi que chaque pignon que nous produisons r\u00e9ponde aux normes de qualit\u00e9 les plus strictes et soit con\u00e7u pour durer. Pour toute question ou demande de solution personnalis\u00e9e, n'h\u00e9sitez pas \u00e0 nous contacter. Notre \u00e9quipe est \u00e0 votre disposition pour vous conseiller et vous r\u00e9pondre rapidement, afin de vous assurer une enti\u00e8re satisfaction. Contactez-nous simplement par e-mail\u00a0; nous vous r\u00e9pondrons dans les plus brefs d\u00e9lais.<\/p>\n<p><img loading=\"lazy\" decoding=\"async\" class=\"alignnone size-full wp-image-5246\" src=\"https:\/\/fmp-components.com\/wp-content\/uploads\/2025\/02\/fmp-cast-sprocket-1.webp\" sizes=\"(min-width: 0px) and (max-width: 480px) 480px, (min-width: 481px) and (max-width: 980px) 980px, (min-width: 981px) and (max-width: 1280px) 1280px, (min-width: 1281px) 2492px, 100vw\" srcset=\"https:\/\/fmp-components.com\/wp-content\/uploads\/2025\/02\/fmp-cast-sprocket-1.webp 2492w, https:\/\/fmp-components.com\/wp-content\/uploads\/2025\/02\/fmp-cast-sprocket-1-1280x606.webp 1280w, https:\/\/fmp-components.com\/wp-content\/uploads\/2025\/02\/fmp-cast-sprocket-1-980x464.webp 980w, https:\/\/fmp-components.com\/wp-content\/uploads\/2025\/02\/fmp-cast-sprocket-1-480x227.webp 480w\" alt=\"pignon moul\u00e9 fmp\" width=\"2492\" height=\"1179\" title=\"\"><\/p>","protected":false},"excerpt":{"rendered":"<p>Overview of Cast Iron Sprocket Our cast iron sprockets are designed and manufactured to provide exceptional performance and durability. These sprockets are widely used in various industrial applications where reliability and long service life are crucial. We use high-quality materials and advanced manufacturing techniques to produce sprockets that meet the highest standards of precision and [&hellip;]<\/p>","protected":false},"featured_media":5284,"comment_status":"open","ping_status":"closed","template":"","meta":{"_et_pb_use_builder":"","_et_pb_old_content":"","_et_gb_content_width":""},"product_brand":[],"product_cat":[99],"product_tag":[],"class_list":{"0":"post-5271","1":"product","2":"type-product","3":"status-publish","4":"has-post-thumbnail","6":"product_cat-specialty-sprockets","8":"first","9":"instock","10":"shipping-taxable","11":"product-type-simple"},"_links":{"self":[{"href":"https:\/\/fmp-components.com\/fr\/wp-json\/wp\/v2\/product\/5271","targetHints":{"allow":["GET"]}}],"collection":[{"href":"https:\/\/fmp-components.com\/fr\/wp-json\/wp\/v2\/product"}],"about":[{"href":"https:\/\/fmp-components.com\/fr\/wp-json\/wp\/v2\/types\/product"}],"replies":[{"embeddable":true,"href":"https:\/\/fmp-components.com\/fr\/wp-json\/wp\/v2\/comments?post=5271"}],"wp:featuredmedia":[{"embeddable":true,"href":"https:\/\/fmp-components.com\/fr\/wp-json\/wp\/v2\/media\/5284"}],"wp:attachment":[{"href":"https:\/\/fmp-components.com\/fr\/wp-json\/wp\/v2\/media?parent=5271"}],"wp:term":[{"taxonomy":"product_brand","embeddable":true,"href":"https:\/\/fmp-components.com\/fr\/wp-json\/wp\/v2\/product_brand?post=5271"},{"taxonomy":"product_cat","embeddable":true,"href":"https:\/\/fmp-components.com\/fr\/wp-json\/wp\/v2\/product_cat?post=5271"},{"taxonomy":"product_tag","embeddable":true,"href":"https:\/\/fmp-components.com\/fr\/wp-json\/wp\/v2\/product_tag?post=5271"}],"curies":[{"name":"wp","href":"https:\/\/api.w.org\/{rel}","templated":true}]}}