{"id":5245,"date":"2025-02-05T03:47:45","date_gmt":"2025-02-05T03:47:45","guid":{"rendered":"https:\/\/fmp-components.com\/?post_type=product&#038;p=5245"},"modified":"2025-02-05T03:47:46","modified_gmt":"2025-02-05T03:47:46","slug":"bucket-elevator-sprocket","status":"publish","type":"product","link":"https:\/\/fmp-components.com\/fr\/product\/bucket-elevator-sprocket\/","title":{"rendered":"Pignon d&#039;\u00e9l\u00e9vateur \u00e0 godets"},"content":{"rendered":"<h2>Pignon d&#039;\u00e9l\u00e9vateur \u00e0 godets<\/h2>\n<p>L'\u00e9l\u00e9vateur \u00e0 godets est con\u00e7u pour transporter efficacement des mat\u00e9riaux des basses altitudes vers les hautes altitudes. <img loading=\"lazy\" decoding=\"async\" class=\"size-full wp-image-5248 alignright\" src=\"https:\/\/fmp-components.com\/wp-content\/uploads\/2025\/02\/fmp_cast-sprocket-16.webp\" alt=\"pignon fmp_cast\" width=\"538\" height=\"522\" title=\"\" srcset=\"https:\/\/fmp-components.com\/wp-content\/uploads\/2025\/02\/fmp_cast-sprocket-16.webp 538w, https:\/\/fmp-components.com\/wp-content\/uploads\/2025\/02\/fmp_cast-sprocket-16-480x466.webp 480w\" sizes=\"(min-width: 0px) and (max-width: 480px) 480px, (min-width: 481px) 538px, 100vw\" \/>Une fois les mat\u00e9riaux introduits dans la tr\u00e9mie via une table vibrante, la machine fonctionne automatiquement et en continu, les acheminant vers le haut. La vitesse du convoyeur est r\u00e9glable en fonction du volume de transport requis, et la hauteur de levage est personnalisable selon les besoins.<\/p>\n<p>Notre \u00e9l\u00e9vateur \u00e0 godets est dot\u00e9 d'une tr\u00e9mie en polypropyl\u00e8ne non toxique, de conception exclusive, ce qui \u00e9largit son champ d'application \u00e0 divers secteurs industriels. La tr\u00e9mie est soigneusement con\u00e7ue pour une performance optimale, garantissant durabilit\u00e9 et manutention s\u00fbre des mat\u00e9riaux. Toutes les dimensions du syst\u00e8me sont adapt\u00e9es aux exigences sp\u00e9cifiques de chaque application.<\/p>\n<p>Cet \u00e9l\u00e9vateur \u00e0 godets est id\u00e9al pour supporter les machines d'emballage verticales et les syst\u00e8mes de dosage informatis\u00e9s. Il est largement utilis\u00e9 pour le levage et l'alimentation de produits tels que les denr\u00e9es alimentaires, les produits pharmaceutiques, les produits chimiques industriels, les vis, les \u00e9crous et autres articles. Son fonctionnement est contr\u00f4l\u00e9 automatiquement par la reconnaissance du signal provenant de la machine d'emballage connect\u00e9e, permettant ainsi un d\u00e9marrage et un arr\u00eat sans interruption.<\/p>\n<p>Gr\u00e2ce \u00e0 sa conception flexible et \u00e0 ses composants de haute qualit\u00e9, notre \u00e9l\u00e9vateur \u00e0 godets est une solution fiable pour un transport vertical efficace dans divers secteurs d'activit\u00e9.<\/p>\n<h2>Principe de fonctionnement d'un \u00e9l\u00e9vateur \u00e0 godets<\/h2>\n<p>L'\u00e9l\u00e9vateur \u00e0 godets fonctionne gr\u00e2ce \u00e0 une s\u00e9rie de tr\u00e9mies qui puisent les mat\u00e9riaux dans une zone de stockage inf\u00e9rieure. Lorsque le convoyeur \u00e0 bande ou \u00e0 cha\u00eene s'\u00e9l\u00e8ve, il passe au-dessus de la roue sup\u00e9rieure, puis redescend pour d\u00e9verser les mat\u00e9riaux dans une cuve de r\u00e9ception. Ce proc\u00e9d\u00e9 permet \u00e0 l'\u00e9l\u00e9vateur \u00e0 godets de transporter des mat\u00e9riaux verticalement et en continu.<\/p>\n<p><img loading=\"lazy\" decoding=\"async\" class=\"size-full wp-image-5247 alignleft\" src=\"https:\/\/fmp-components.com\/wp-content\/uploads\/2025\/02\/fmp_cast-sprocket-15.webp\" alt=\"pignon fmp_cast\" width=\"526\" height=\"435\" title=\"\" srcset=\"https:\/\/fmp-components.com\/wp-content\/uploads\/2025\/02\/fmp_cast-sprocket-15.webp 526w, https:\/\/fmp-components.com\/wp-content\/uploads\/2025\/02\/fmp_cast-sprocket-15-480x397.webp 480w\" sizes=\"(min-width: 0px) and (max-width: 480px) 480px, (min-width: 481px) 526px, 100vw\" \/>Dans la plupart des \u00e9l\u00e9vateurs \u00e0 godets, la transmission est assur\u00e9e par une courroie en caoutchouc, install\u00e9e sur les tambours d'entra\u00eenement sup\u00e9rieur et inf\u00e9rieur, ainsi que sur les tambours de direction. Les \u00e9l\u00e9vateurs \u00e0 godets \u00e0 entra\u00eenement par cha\u00eene, quant \u00e0 eux, sont \u00e9quip\u00e9s de deux cha\u00eenes de transmission parall\u00e8les. Ces cha\u00eenes fonctionnent de concert avec deux pignons de transmission situ\u00e9s en haut ou en bas, et des pignons de direction situ\u00e9s \u00e0 l'extr\u00e9mit\u00e9 oppos\u00e9e.<\/p>\n<p>Pour garantir un fonctionnement efficace et propre, les \u00e9l\u00e9vateurs \u00e0 godets sont g\u00e9n\u00e9ralement enferm\u00e9s dans des carters, ce qui contribue \u00e0 emp\u00eacher la poussi\u00e8re de s'\u00e9chapper pendant le transport des mat\u00e9riaux.<\/p>\n<p>Les \u00e9l\u00e9vateurs \u00e0 godets sont id\u00e9aux pour le transport vertical de mat\u00e9riaux. Une fois les mat\u00e9riaux plac\u00e9s dans la tr\u00e9mie via une table vibrante, le syst\u00e8me fonctionne automatiquement et en continu pour les \u00e9lever \u00e0 la hauteur souhait\u00e9e, assurant ainsi une manutention fiable et efficace.<\/p>\n<h2>\u00c0 propos de FMP<\/h2>\n<p>Chez FMP, nous sommes fiers d'\u00eatre un fabricant leader de pignons de haute qualit\u00e9, produits dans notre usine ultramoderne en Italie. Nous proposons une gamme vari\u00e9e de pignons con\u00e7us pour r\u00e9pondre aux besoins sp\u00e9cifiques de diff\u00e9rents secteurs industriels. Que vous recherchiez des pignons \u00e0 al\u00e9sage fini, des pignons interm\u00e9diaires, des pignons \u00e0 blocage conique ou des pignons de convoyeur, nous fabriquons chaque produit avec pr\u00e9cision et robustesse pour garantir des performances optimales. Notre s\u00e9lection comprend des pignons en acier inoxydable, en plastique et en acier, ainsi que des mod\u00e8les sp\u00e9cialis\u00e9s comme les pignons \u00e0 double pas et \u00e0 double rang\u00e9e, ce qui nous permet de fournir la solution id\u00e9ale pour chaque application.<\/p>\n<p>Ce qui distingue FMP, c'est notre engagement envers la personnalisation. Nous savons que chaque projet a ses propres exigences, c'est pourquoi nous proposons des solutions de pignons sur mesure, adapt\u00e9es pr\u00e9cis\u00e9ment \u00e0 vos besoins. Que vous ayez besoin d'une conception personnalis\u00e9e ou de sp\u00e9cifications techniques particuli\u00e8res, notre \u00e9quipe d'experts est pr\u00eate \u00e0 vous fournir des solutions pr\u00e9cises, fiables et performantes.<\/p>\n<p>Nous sommes attach\u00e9s \u00e0 l'excellence en mati\u00e8re d'ing\u00e9nierie et de fabrication, garantissant ainsi que chaque pignon que nous produisons r\u00e9ponde aux normes de qualit\u00e9 les plus strictes et soit con\u00e7u pour durer. Pour toute question ou demande de solution personnalis\u00e9e, n'h\u00e9sitez pas \u00e0 nous contacter. Notre \u00e9quipe est \u00e0 votre disposition pour vous conseiller et vous r\u00e9pondre rapidement, afin de vous assurer une enti\u00e8re satisfaction. Contactez-nous simplement par e-mail\u00a0; nous vous r\u00e9pondrons dans les plus brefs d\u00e9lais.<\/p>\n<p><img loading=\"lazy\" decoding=\"async\" class=\"alignnone size-full wp-image-5246\" src=\"https:\/\/fmp-components.com\/wp-content\/uploads\/2025\/02\/fmp-cast-sprocket-1.webp\" alt=\"pignon moul\u00e9 fmp\" width=\"2492\" height=\"1179\" title=\"\" srcset=\"https:\/\/fmp-components.com\/wp-content\/uploads\/2025\/02\/fmp-cast-sprocket-1.webp 2492w, https:\/\/fmp-components.com\/wp-content\/uploads\/2025\/02\/fmp-cast-sprocket-1-1280x606.webp 1280w, https:\/\/fmp-components.com\/wp-content\/uploads\/2025\/02\/fmp-cast-sprocket-1-980x464.webp 980w, https:\/\/fmp-components.com\/wp-content\/uploads\/2025\/02\/fmp-cast-sprocket-1-480x227.webp 480w\" sizes=\"(min-width: 0px) and (max-width: 480px) 480px, (min-width: 481px) and (max-width: 980px) 980px, (min-width: 981px) and (max-width: 1280px) 1280px, (min-width: 1281px) 2492px, 100vw\" \/><\/p>","protected":false},"excerpt":{"rendered":"<p>Bucket Elevator Sprocket The bucket elevator is designed to efficiently transport materials from lower to higher elevations. After materials are placed into the hopper via a vibration table, the machine operates automatically and continuously, lifting the materials upward. The speed of the conveyor can be adjusted based on the required transport volume, and the lifting [&hellip;]<\/p>","protected":false},"featured_media":5249,"comment_status":"open","ping_status":"closed","template":"","meta":{"_et_pb_use_builder":"","_et_pb_old_content":"","_et_gb_content_width":""},"product_brand":[],"product_cat":[99],"product_tag":[],"class_list":{"0":"post-5245","1":"product","2":"type-product","3":"status-publish","4":"has-post-thumbnail","6":"product_cat-specialty-sprockets","8":"first","9":"instock","10":"shipping-taxable","11":"product-type-simple"},"_links":{"self":[{"href":"https:\/\/fmp-components.com\/fr\/wp-json\/wp\/v2\/product\/5245","targetHints":{"allow":["GET"]}}],"collection":[{"href":"https:\/\/fmp-components.com\/fr\/wp-json\/wp\/v2\/product"}],"about":[{"href":"https:\/\/fmp-components.com\/fr\/wp-json\/wp\/v2\/types\/product"}],"replies":[{"embeddable":true,"href":"https:\/\/fmp-components.com\/fr\/wp-json\/wp\/v2\/comments?post=5245"}],"wp:featuredmedia":[{"embeddable":true,"href":"https:\/\/fmp-components.com\/fr\/wp-json\/wp\/v2\/media\/5249"}],"wp:attachment":[{"href":"https:\/\/fmp-components.com\/fr\/wp-json\/wp\/v2\/media?parent=5245"}],"wp:term":[{"taxonomy":"product_brand","embeddable":true,"href":"https:\/\/fmp-components.com\/fr\/wp-json\/wp\/v2\/product_brand?post=5245"},{"taxonomy":"product_cat","embeddable":true,"href":"https:\/\/fmp-components.com\/fr\/wp-json\/wp\/v2\/product_cat?post=5245"},{"taxonomy":"product_tag","embeddable":true,"href":"https:\/\/fmp-components.com\/fr\/wp-json\/wp\/v2\/product_tag?post=5245"}],"curies":[{"name":"wp","href":"https:\/\/api.w.org\/{rel}","templated":true}]}}