{"id":5047,"date":"2025-01-26T03:31:20","date_gmt":"2025-01-26T03:31:20","guid":{"rendered":"https:\/\/fmp-components.com\/?post_type=product&#038;p=5047"},"modified":"2025-01-26T03:31:20","modified_gmt":"2025-01-26T03:31:20","slug":"cement-mixer-2810-gearbox-reducer-for-concrete-mixer-innovative-drive-system-%ef%bc%88zl-2810%ef%bc%89","status":"publish","type":"product","link":"https:\/\/fmp-components.com\/fr\/product\/cement-mixer-2810-gearbox-reducer-for-concrete-mixer-innovative-drive-system-%ef%bc%88zl-2810%ef%bc%89\/","title":{"rendered":"R\u00e9ducteur de vitesse pour b\u00e9tonni\u00e8re 2810, syst\u00e8me d'entra\u00eenement innovant (ZL-2810)"},"content":{"rendered":"<h2>Sch\u00e9ma structurel de la bo\u00eete de vitesses 2810<\/h2>\n<p><img loading=\"lazy\" decoding=\"async\" class=\"wp-image-5048 aligncenter\" src=\"https:\/\/fmp-components.com\/wp-content\/uploads\/2025\/01\/cement-mixer-gearbox11.webp\" alt=\"bo\u00eete de vitesses de b\u00e9tonni\u00e8re\" width=\"855\" height=\"523\" title=\"\" srcset=\"https:\/\/fmp-components.com\/wp-content\/uploads\/2025\/01\/cement-mixer-gearbox11.webp 855w, https:\/\/fmp-components.com\/wp-content\/uploads\/2025\/01\/cement-mixer-gearbox11-480x294.webp 480w\" sizes=\"(min-width: 0px) and (max-width: 480px) 480px, (min-width: 481px) 855px, 100vw\" \/><\/p>\n<table style=\"width: 100%;\" border=\"1\" width=\"100%\" cellspacing=\"0\" cellpadding=\"0\">\n<tbody>\n<tr>\n<th>Num\u00e9ro de composant<\/th>\n<th>Nom du composant<\/th>\n<th>Num\u00e9ro de composant<\/th>\n<th>Nom du composant<\/th>\n<th>Num\u00e9ro de composant<\/th>\n<th>Nom du composant<\/th>\n<\/tr>\n<tr>\n<td>1<\/td>\n<td>arbre d'entr\u00e9e<\/td>\n<td>2<\/td>\n<td>Joint d'huile<\/td>\n<td>3<\/td>\n<td>Roulement \u00e0 billes \u00e0 gorge profonde<\/td>\n<\/tr>\n<tr>\n<td>4<\/td>\n<td>Couvercle de porte<\/td>\n<td>5<\/td>\n<td>Roulement \u00e0 billes \u00e0 gorge profonde<\/td>\n<td>6<\/td>\n<td>Boulon \u00e0 t\u00eate hexagonale<\/td>\n<\/tr>\n<tr>\n<td>7<\/td>\n<td>Flat Key<\/td>\n<td>8<\/td>\n<td>Engrenage \u00e0 vis sans fin<\/td>\n<td>9<\/td>\n<td>Vis de bouchon d'huile<\/td>\n<\/tr>\n<tr>\n<td>10<\/td>\n<td>Bo\u00eete<\/td>\n<td>11<\/td>\n<td>Flat Key<\/td>\n<td>12<\/td>\n<td>Engrenage conique<\/td>\n<\/tr>\n<tr>\n<td>13<\/td>\n<td>Circlip<\/td>\n<td>14<\/td>\n<td>Cale<\/td>\n<td>15<\/td>\n<td>Ver<\/td>\n<\/tr>\n<tr>\n<td>16<\/td>\n<td>Roulement \u00e0 billes \u00e0 gorge profonde<\/td>\n<td>17<\/td>\n<td>Circlip<\/td>\n<td>18<\/td>\n<td>Joint d'huile<\/td>\n<\/tr>\n<tr>\n<td>19<\/td>\n<td>Arbre cannel\u00e9<\/td>\n<td>20<\/td>\n<td>Joint d'huile<\/td>\n<td>21<\/td>\n<td>Anneau de retenue<\/td>\n<\/tr>\n<tr>\n<td>22<\/td>\n<td>Couvercle de porte<\/td>\n<td>23<\/td>\n<td>Manchon cannel\u00e9<\/td>\n<td><\/td>\n<td><\/td>\n<\/tr>\n<\/tbody>\n<\/table>\n<p>Remarques :<br \/>\n1. Toutes les pi\u00e8ces doivent \u00eatre nettoy\u00e9es avant l'assemblage.<br \/>\n2. Lors du montage, le palier doit \u00eatre fermement appuy\u00e9 contre l'\u00e9paulement de l'arbre.<br \/>\n3. Utilisez l'huile lubrifiante WA460 ou s\u00e9lectionnez l'huile correspondante en fonction de la temp\u00e9rature ambiante.<br \/>\n4. Effectuer un test \u00e0 vide. Le fonctionnement doit \u00eatre souple et libre. Apr\u00e8s 1 heure de fonctionnement, l'\u00e9l\u00e9vation de temp\u00e9rature doit \u00eatre \u2264 45 \u00b0C.<\/p>\n<p><img loading=\"lazy\" decoding=\"async\" class=\"alignnone  wp-image-5049\" src=\"https:\/\/fmp-components.com\/wp-content\/uploads\/2025\/01\/0_cement-mixer-gearbox51.webp\" alt=\"bo\u00eete de vitesses de b\u00e9tonni\u00e8re\" width=\"967\" height=\"910\" title=\"\" srcset=\"https:\/\/fmp-components.com\/wp-content\/uploads\/2025\/01\/0_cement-mixer-gearbox51.webp 967w, https:\/\/fmp-components.com\/wp-content\/uploads\/2025\/01\/0_cement-mixer-gearbox51-480x452.webp 480w\" sizes=\"(min-width: 0px) and (max-width: 480px) 480px, (min-width: 481px) 967px, 100vw\" \/><\/p>\n<h3>Comment fonctionne la bo\u00eete de vitesses d'une b\u00e9tonni\u00e8re ?<\/h3>\n<p>Le r\u00e9ducteur d'une b\u00e9tonni\u00e8re joue un r\u00f4le crucial dans la transmission de la puissance du moteur au tambour de malaxage, permettant ainsi le processus de malaxage. Voici un aper\u00e7u du fonctionnement du r\u00e9ducteur dans une b\u00e9tonni\u00e8re\u00a0:<\/p>\n<ol>\n<li><strong>Transfert de puissance :<\/strong> Le r\u00e9ducteur est reli\u00e9 au moteur, qui fournit l'\u00e9nergie n\u00e9cessaire au fonctionnement du malaxeur. Le moteur tourne g\u00e9n\u00e9ralement \u00e0 grande vitesse, mais le tambour de malaxage requiert une vitesse plus lente et contr\u00f4l\u00e9e, associ\u00e9e \u00e0 un couple plus \u00e9lev\u00e9, pour un m\u00e9lange optimal du b\u00e9ton. Le r\u00e9ducteur abaisse la vitesse de rotation du moteur \u00e0 une vitesse plus adapt\u00e9e \u00e0 celle du tambour.<\/li>\n<li><strong>R\u00e9duction de vitesse :<\/strong> Le r\u00e9ducteur utilise un syst\u00e8me d'engrenages \u2014 souvent des engrenages plan\u00e9taires ou h\u00e9lico\u00efdaux \u2014 pour obtenir la r\u00e9duction de vitesse n\u00e9cessaire. Ceci garantit que le tambour m\u00e9langeur tourne \u00e0 une vitesse r\u00e9duite et contr\u00f4l\u00e9e, ce qui est essentiel pour un m\u00e9lange homog\u00e8ne sans surcharger le moteur ni endommager l'\u00e9quipement.<\/li>\n<li><strong>Amplification du couple :<\/strong> Outre la r\u00e9duction de la vitesse, le r\u00e9ducteur amplifie \u00e9galement le couple, fournissant la force suppl\u00e9mentaire n\u00e9cessaire \u00e0 la rotation du tambour et au m\u00e9lange efficace du b\u00e9ton. Ce couple accru garantit une rotation fluide du tambour, m\u00eame lorsqu'il est charg\u00e9 \u00e0 pleine capacit\u00e9 avec les composants lourds du b\u00e9ton.<\/li>\n<li><strong>Distribution efficace de l'\u00e9nergie :<\/strong> Le r\u00e9ducteur assure une distribution efficace de la puissance au tambour de m\u00e9lange et, le cas \u00e9ch\u00e9ant, \u00e0 d'autres composants tels que les vis sans fin ou les pales. Il garantit un m\u00e9lange stable, r\u00e9duisant ainsi les pertes d'\u00e9nergie et maintenant les performances souhait\u00e9es.<\/li>\n<li><strong>Durabilit\u00e9 et fiabilit\u00e9 :<\/strong> La bo\u00eete de vitesses d'une b\u00e9tonni\u00e8re est con\u00e7ue pour r\u00e9sister \u00e0 un fonctionnement intensif et continu dans des environnements exigeants. Fabriqu\u00e9e \u00e0 partir de mat\u00e9riaux haute r\u00e9sistance, elle supporte les contraintes li\u00e9es aux cycles fr\u00e9quents de d\u00e9marrage et d'arr\u00eat, aux charges importantes et \u00e0 l'exposition \u00e0 des conditions difficiles telles que la poussi\u00e8re et l'humidit\u00e9.<\/li>\n<li><strong>Entretien et long\u00e9vit\u00e9 :<\/strong> La bo\u00eete de vitesses est con\u00e7ue pour un entretien facile, gr\u00e2ce notamment \u00e0 la lubrification \u00e0 l'huile et aux roulements \u00e9tanches qui garantissent un fonctionnement fluide et durable. Un entretien r\u00e9gulier assure son bon fonctionnement, r\u00e9duisant ainsi les temps d'arr\u00eat et prolongeant la dur\u00e9e de vie du m\u00e9langeur.<\/li>\n<\/ol>\n<p>En r\u00e9sum\u00e9, le r\u00e9ducteur d'une b\u00e9tonni\u00e8re est essentiel pour transformer la puissance \u00e0 grande vitesse du moteur en un mouvement \u00e0 faible vitesse et couple \u00e9lev\u00e9, garantissant ainsi un malaxage efficace et fiable. Son r\u00f4le est primordial pour assurer un m\u00e9lange homog\u00e8ne, r\u00e9duire l'usure des composants et garantir la durabilit\u00e9 n\u00e9cessaire \u00e0 une utilisation prolong\u00e9e dans des environnements exigeants.<\/p>\n<table style=\"border-collapse: collapse; width: 99.6093%; height: 112px;\" border=\"0\" width=\"160\" cellspacing=\"0\" cellpadding=\"0\">\n<tbody>\n<tr style=\"height: 14.40pt;\">\n<td style=\"height: 14.4pt; width: 49.2308%;\" align=\"right\" width=\"80\" height=\"24\"><img loading=\"lazy\" decoding=\"async\" class=\"alignnone size-full wp-image-5051\" src=\"https:\/\/fmp-components.com\/wp-content\/uploads\/2025\/01\/fmp_2810-gearbox-3.webp\" alt=\"bo\u00eete de vitesses fmp_2810\" width=\"2016\" height=\"1512\" title=\"\" srcset=\"https:\/\/fmp-components.com\/wp-content\/uploads\/2025\/01\/fmp_2810-gearbox-3.webp 2016w, https:\/\/fmp-components.com\/wp-content\/uploads\/2025\/01\/fmp_2810-gearbox-3-1280x960.webp 1280w, https:\/\/fmp-components.com\/wp-content\/uploads\/2025\/01\/fmp_2810-gearbox-3-980x735.webp 980w, https:\/\/fmp-components.com\/wp-content\/uploads\/2025\/01\/fmp_2810-gearbox-3-480x360.webp 480w\" sizes=\"(min-width: 0px) and (max-width: 480px) 480px, (min-width: 481px) and (max-width: 980px) 980px, (min-width: 981px) and (max-width: 1280px) 1280px, (min-width: 1281px) 2016px, 100vw\" \/><\/td>\n<td style=\"width: 49.2308%;\" align=\"right\" width=\"80\"><img loading=\"lazy\" decoding=\"async\" class=\"alignnone size-full wp-image-5050\" src=\"https:\/\/fmp-components.com\/wp-content\/uploads\/2025\/01\/fmp_2810-gearbox-2.webp\" alt=\"bo\u00eete de vitesses fmp_2810\" width=\"2016\" height=\"1512\" title=\"\" srcset=\"https:\/\/fmp-components.com\/wp-content\/uploads\/2025\/01\/fmp_2810-gearbox-2.webp 2016w, https:\/\/fmp-components.com\/wp-content\/uploads\/2025\/01\/fmp_2810-gearbox-2-1280x960.webp 1280w, https:\/\/fmp-components.com\/wp-content\/uploads\/2025\/01\/fmp_2810-gearbox-2-980x735.webp 980w, https:\/\/fmp-components.com\/wp-content\/uploads\/2025\/01\/fmp_2810-gearbox-2-480x360.webp 480w\" sizes=\"(min-width: 0px) and (max-width: 480px) 480px, (min-width: 481px) and (max-width: 980px) 980px, (min-width: 981px) and (max-width: 1280px) 1280px, (min-width: 1281px) 2016px, 100vw\" \/><\/td>\n<\/tr>\n<\/tbody>\n<\/table>\n<h3>\u00c0 propos de FMP<\/h3>\n<p>FMP est une usine de production de bo\u00eetes de vitesses professionnelle jouissant d'une excellente r\u00e9putation. Nous sommes fiers de proposer un ensemble d'atouts cl\u00e9s qui font de nous un partenaire de confiance dans l'industrie de la fabrication de bo\u00eetes de vitesses\u00a0:<\/p>\n<p><img loading=\"lazy\" decoding=\"async\" class=\"size-full wp-image-5052 alignleft\" src=\"https:\/\/fmp-components.com\/wp-content\/uploads\/2025\/01\/0_cement-mixer-gearbox131.webp\" alt=\"0_bo\u00eete de vitesses de b\u00e9tonni\u00e8re13(1)\" width=\"562\" height=\"750\" title=\"\" srcset=\"https:\/\/fmp-components.com\/wp-content\/uploads\/2025\/01\/0_cement-mixer-gearbox131.webp 562w, https:\/\/fmp-components.com\/wp-content\/uploads\/2025\/01\/0_cement-mixer-gearbox131-480x641.webp 480w\" sizes=\"(min-width: 0px) and (max-width: 480px) 480px, (min-width: 481px) 562px, 100vw\" \/><\/p>\n<ol>\n<li><strong>Excellent processus de fabrication\u00a0:<\/strong><br \/>\nNous utilisons des \u00e9quipements de production internationaux de pointe et une technologie de fabrication de pr\u00e9cision, garantissant ainsi que chaque bo\u00eete de vitesses r\u00e9ponde aux normes les plus exigeantes du secteur. Nous respectons scrupuleusement les normes du syst\u00e8me de gestion de la qualit\u00e9 ISO afin de garantir pr\u00e9cision, robustesse et durabilit\u00e9.<\/li>\n<li><strong>Gamme de produits diversifi\u00e9e\u00a0:<\/strong><br \/>\nNotre vaste gamme de produits s'adresse \u00e0 de nombreux secteurs d'activit\u00e9, notamment les \u00e9quipements industriels, les machines agricoles, les engins de chantier, les syst\u00e8mes de propulsion navale et les syst\u00e8mes de transmission d'\u00e9nergie nouvelle. Nous proposons des solutions standard et sur mesure, adapt\u00e9es \u00e0 vos besoins sp\u00e9cifiques, quelles que soient vos exigences.<\/li>\n<li><strong>Force de R&amp;D innovante :<\/strong><br \/>\nGr\u00e2ce \u00e0 une \u00e9quipe de R&amp;D comp\u00e9tente et innovante, nous am\u00e9liorons constamment nos technologies et nos conceptions afin de d\u00e9velopper des r\u00e9ducteurs performants, \u00e9conomes en \u00e9nergie et silencieux. Nous anticipons les tendances du march\u00e9 pour r\u00e9pondre aux derni\u00e8res exigences technologiques.<\/li>\n<li><strong>Mati\u00e8res premi\u00e8res et accessoires s\u00e9lectionn\u00e9s\u00a0:<\/strong><br \/>\nNous privil\u00e9gions la qualit\u00e9 en utilisant de l'acier de haute qualit\u00e9 et d'autres mat\u00e9riaux durables. Tous les composants, tels que les roulements et les joints d'\u00e9tanch\u00e9it\u00e9, proviennent de marques nationales et internationales r\u00e9put\u00e9es afin de garantir des performances stables et fiables.<\/li>\n<li><strong>Syst\u00e8me de contr\u00f4le qualit\u00e9 rigoureux\u00a0:<\/strong><br \/>\nNous effectuons des contr\u00f4les qualit\u00e9 rigoureux tout au long du processus de production. De la r\u00e9ception des mati\u00e8res premi\u00e8res \u00e0 la livraison des produits finis, chaque bo\u00eete de vitesses est soumise \u00e0 des tests complets r\u00e9alis\u00e9s avec des \u00e9quipements de pointe afin de garantir l'absence de d\u00e9fauts avant exp\u00e9dition.<\/li>\n<li><strong>Garantie de service complet\u00a0:<\/strong><br \/>\nNous nous engageons \u00e0 fournir non seulement des produits de haute qualit\u00e9, mais aussi un service apr\u00e8s-vente complet. Nos services incluent l'assistance \u00e0 l'installation, la maintenance, le diagnostic des pannes et la fourniture de pi\u00e8ces d\u00e9tach\u00e9es afin de garantir la pleine satisfaction et la tranquillit\u00e9 d'esprit de nos clients.<\/li>\n<li><strong>Solide exp\u00e9rience dans le secteur et excellente r\u00e9putation :<\/strong><br \/>\nForts de plusieurs d\u00e9cennies d'expertise dans la fabrication de bo\u00eetes de vitesses, nous avons acquis une exp\u00e9rience inestimable et une solide base technique. Notre r\u00e9putation de qualit\u00e9 et de fiabilit\u00e9 nous a valu la confiance de clients du monde entier.<\/li>\n<\/ol>\n<p><strong>Solutions personnalis\u00e9es\u00a0:<\/strong><\/p>\n<p>Chez FMP, nous sommes \u00e9galement ravis de r\u00e9aliser des conceptions sur mesure, adapt\u00e9es \u00e0 vos besoins sp\u00e9cifiques. Si vous avez un dessin ou un concept en t\u00eate, il vous suffit de nous l'envoyer par courriel\u00a0; notre \u00e9quipe d'experts l'examinera et vous fournira un devis sous 24\u00a0heures. Nous nous engageons \u00e0 vous proposer des solutions rapides, efficaces et personnalis\u00e9es pour donner vie \u00e0 vos projets.<\/p>","protected":false},"excerpt":{"rendered":"<p>Structure Diagram of 2810 Gearbox Component Number Component Name Component Number Component Name Component Number Component Name 1 Input Shaft 2 Oil Seal 3 Deep Groove Ball Bearing 4 Door Cover 5 Deep Groove Ball Bearing 6 Hexagonal Head Bolt 7 Flat Key 8 Worm Gear 9 Oil Plug Screw 10 Box 11 Flat Key [&hellip;]<\/p>","protected":false},"featured_media":5053,"comment_status":"open","ping_status":"closed","template":"","meta":{"_et_pb_use_builder":"","_et_pb_old_content":"","_et_gb_content_width":""},"product_brand":[],"product_cat":[94],"product_tag":[],"class_list":{"0":"post-5047","1":"product","2":"type-product","3":"status-publish","4":"has-post-thumbnail","6":"product_cat-industrial-gearbox","8":"first","9":"instock","10":"shipping-taxable","11":"product-type-simple"},"_links":{"self":[{"href":"https:\/\/fmp-components.com\/fr\/wp-json\/wp\/v2\/product\/5047","targetHints":{"allow":["GET"]}}],"collection":[{"href":"https:\/\/fmp-components.com\/fr\/wp-json\/wp\/v2\/product"}],"about":[{"href":"https:\/\/fmp-components.com\/fr\/wp-json\/wp\/v2\/types\/product"}],"replies":[{"embeddable":true,"href":"https:\/\/fmp-components.com\/fr\/wp-json\/wp\/v2\/comments?post=5047"}],"wp:featuredmedia":[{"embeddable":true,"href":"https:\/\/fmp-components.com\/fr\/wp-json\/wp\/v2\/media\/5053"}],"wp:attachment":[{"href":"https:\/\/fmp-components.com\/fr\/wp-json\/wp\/v2\/media?parent=5047"}],"wp:term":[{"taxonomy":"product_brand","embeddable":true,"href":"https:\/\/fmp-components.com\/fr\/wp-json\/wp\/v2\/product_brand?post=5047"},{"taxonomy":"product_cat","embeddable":true,"href":"https:\/\/fmp-components.com\/fr\/wp-json\/wp\/v2\/product_cat?post=5047"},{"taxonomy":"product_tag","embeddable":true,"href":"https:\/\/fmp-components.com\/fr\/wp-json\/wp\/v2\/product_tag?post=5047"}],"curies":[{"name":"wp","href":"https:\/\/api.w.org\/{rel}","templated":true}]}}