{"id":4909,"date":"2025-01-23T06:50:33","date_gmt":"2025-01-23T06:50:33","guid":{"rendered":"https:\/\/fmp-components.com\/?post_type=product&#038;p=4909"},"modified":"2025-01-23T08:51:43","modified_gmt":"2025-01-23T08:51:43","slug":"xrv-series-car-washer-gearbox-for-automatic-car-wash-system-xrv050-gearmotor","status":"publish","type":"product","link":"https:\/\/fmp-components.com\/fr\/product\/xrv-series-car-washer-gearbox-for-automatic-car-wash-system-xrv050-gearmotor\/","title":{"rendered":"Bo\u00eete de vitesses pour lave-auto s\u00e9rie XRV pour syst\u00e8me de lavage automatique de voiture, motor\u00e9ducteur XRV050"},"content":{"rendered":"<table style=\"border-collapse: collapse; width: 102.047%; height: 5px;\" border=\"0\" width=\"160\" cellspacing=\"0\" cellpadding=\"0\">\n<tbody>\n<tr style=\"height: 14.40pt;\">\n<td style=\"height: 14.40pt; width: 48.00pt;\" align=\"right\" width=\"80\" height=\"24\"><img loading=\"lazy\" decoding=\"async\" class=\"alignnone size-full wp-image-4917\" src=\"https:\/\/fmp-components.com\/wp-content\/uploads\/2025\/01\/xrv050-worm-gearmotor-1.webp\" alt=\"moteur \u00e0 vis sans fin xrv050\" width=\"500\" height=\"375\" title=\"\" srcset=\"https:\/\/fmp-components.com\/wp-content\/uploads\/2025\/01\/xrv050-worm-gearmotor-1.webp 500w, https:\/\/fmp-components.com\/wp-content\/uploads\/2025\/01\/xrv050-worm-gearmotor-1-480x360.webp 480w\" sizes=\"(min-width: 0px) and (max-width: 480px) 480px, (min-width: 481px) 500px, 100vw\" \/><\/td>\n<td style=\"width: 48.00pt;\" align=\"right\" width=\"80\"><img loading=\"lazy\" decoding=\"async\" class=\"alignnone size-full wp-image-4918\" src=\"https:\/\/fmp-components.com\/wp-content\/uploads\/2025\/01\/Car-Wash-Machine-Gearmotor-5.webp\" alt=\"Motor\u00e9ducteur pour machine de lavage de voitures - 5\" width=\"493\" height=\"397\" title=\"\" srcset=\"https:\/\/fmp-components.com\/wp-content\/uploads\/2025\/01\/Car-Wash-Machine-Gearmotor-5.webp 493w, https:\/\/fmp-components.com\/wp-content\/uploads\/2025\/01\/Car-Wash-Machine-Gearmotor-5-480x387.webp 480w\" sizes=\"(min-width: 0px) and (max-width: 480px) 480px, (min-width: 481px) 493px, 100vw\" \/><\/td>\n<\/tr>\n<\/tbody>\n<\/table>\n<h2>Sp\u00e9cifications du r\u00e9ducteur \u00e0 vis sans fin pour lave-auto XRV050<\/h2>\n<p><img loading=\"lazy\" decoding=\"async\" class=\"size-full wp-image-4910 aligncenter\" src=\"https:\/\/fmp-components.com\/wp-content\/uploads\/2025\/01\/XRV050-worm-gear-reducer-parameters.webp\" alt=\"Param\u00e8tres du r\u00e9ducteur \u00e0 vis sans fin XRV050\" width=\"619\" height=\"551\" title=\"\" srcset=\"https:\/\/fmp-components.com\/wp-content\/uploads\/2025\/01\/XRV050-worm-gear-reducer-parameters.webp 619w, https:\/\/fmp-components.com\/wp-content\/uploads\/2025\/01\/XRV050-worm-gear-reducer-parameters-480x427.webp 480w\" sizes=\"(min-width: 0px) and (max-width: 480px) 480px, (min-width: 481px) 619px, 100vw\" \/><\/p>\n<table border=\"1\" width=\"100%\" cellspacing=\"0px\">\n<tbody>\n<tr>\n<td width=\"64\">Taper<\/td>\n<td width=\"64\">Rapport<\/td>\n<td width=\"64\">Bride<\/td>\n<td width=\"64\">Pouvoir<\/td>\n<\/tr>\n<tr>\n<td rowspan=\"2\">XRV050<\/td>\n<td rowspan=\"2\">5\u00a0\u00a0\u00a0\u00a0 7.5\u00a0 10\u00a0\u00a0\u00a0\u00a0 12\u00a0 15\u00a0\u00a0\u00a0\u00a0 20\u00a0 30\u00a0\u00a0\u00a0\u00a0 40\u00a0 50\u00a0\u00a0\u00a0\u00a0 60\u00a0 80\u00a0\u00a0\u00a0 100<\/td>\n<td>71B14<\/td>\n<td rowspan=\"2\">0,18 kW 0,25 kW 0,37 kW 0,55 kW 0,75 kW 1,1 kW<\/td>\n<\/tr>\n<tr>\n<td>80B14<\/td>\n<\/tr>\n<\/tbody>\n<\/table>\n<table border=\"1\" width=\"100%\" cellspacing=\"0px\">\n<tbody>\n<tr>\n<td width=\"64\">Taper<\/td>\n<td width=\"64\">je<\/td>\n<td width=\"64\">n2\/r\/min<\/td>\n<td width=\"64\">Mn2\/Nm<\/td>\n<td width=\"64\">Fr2\/N<\/td>\n<td width=\"64\">Moteur<\/td>\n<td width=\"64\">P1\/kW<\/td>\n<td width=\"64\">L\/mm<\/td>\n<\/tr>\n<tr>\n<td rowspan=\"41\" width=\"64\">XRV050<\/td>\n<td rowspan=\"2\">5<\/td>\n<td>280<\/td>\n<td>17<\/td>\n<td>1577<\/td>\n<td>7134<\/td>\n<td>0.55<\/td>\n<td>180<\/td>\n<\/tr>\n<tr>\n<td>280<\/td>\n<td>23<\/td>\n<td>1577<\/td>\n<td>8024<\/td>\n<td>0.75<\/td>\n<td>205<\/td>\n<\/tr>\n<tr>\n<td rowspan=\"2\">7.5<\/td>\n<td>187<\/td>\n<td>25<\/td>\n<td>1805<\/td>\n<td>7134<\/td>\n<td>0.55<\/td>\n<td>180<\/td>\n<\/tr>\n<tr>\n<td>187<\/td>\n<td>34<\/td>\n<td>1805<\/td>\n<td>8024<\/td>\n<td>0.75<\/td>\n<td>205<\/td>\n<\/tr>\n<tr>\n<td rowspan=\"3\">10<\/td>\n<td>140<\/td>\n<td>22<\/td>\n<td>1987<\/td>\n<td>7124<\/td>\n<td>0.37<\/td>\n<td>180<\/td>\n<\/tr>\n<tr>\n<td>140<\/td>\n<td>32<\/td>\n<td>1987<\/td>\n<td>7134<\/td>\n<td>0.55<\/td>\n<td>180<\/td>\n<\/tr>\n<tr>\n<td>140<\/td>\n<td>44<\/td>\n<td>1987<\/td>\n<td>8024<\/td>\n<td>0.75<\/td>\n<td>205<\/td>\n<\/tr>\n<tr>\n<td rowspan=\"3\">12<\/td>\n<td>117<\/td>\n<td>26<\/td>\n<td>2016<\/td>\n<td>7124<\/td>\n<td>0.37<\/td>\n<td>180<\/td>\n<\/tr>\n<tr>\n<td>117<\/td>\n<td>33<\/td>\n<td>2016<\/td>\n<td>7134<\/td>\n<td>0.55<\/td>\n<td>205<\/td>\n<\/tr>\n<tr>\n<td>117<\/td>\n<td>48<\/td>\n<td>2016<\/td>\n<td>8024<\/td>\n<td>0.75<\/td>\n<td>205<\/td>\n<\/tr>\n<tr>\n<td rowspan=\"3\">15<\/td>\n<td>93<\/td>\n<td>31<\/td>\n<td>2274<\/td>\n<td>7124<\/td>\n<td>0.37<\/td>\n<td>180<\/td>\n<\/tr>\n<tr>\n<td>93<\/td>\n<td>46<\/td>\n<td>2274<\/td>\n<td>7134<\/td>\n<td>0.55<\/td>\n<td>180<\/td>\n<\/tr>\n<tr>\n<td>93<\/td>\n<td>63<\/td>\n<td>2274<\/td>\n<td>8024<\/td>\n<td>0.75<\/td>\n<td>205<\/td>\n<\/tr>\n<tr>\n<td rowspan=\"4\">20<\/td>\n<td>70<\/td>\n<td>27<\/td>\n<td>2503<\/td>\n<td>7114<\/td>\n<td>0.25<\/td>\n<td>180<\/td>\n<\/tr>\n<tr>\n<td>70<\/td>\n<td>40<\/td>\n<td>2503<\/td>\n<td>7124<\/td>\n<td>0.37<\/td>\n<td>180<\/td>\n<\/tr>\n<tr>\n<td>70<\/td>\n<td>59<\/td>\n<td>2503<\/td>\n<td>7134<\/td>\n<td>0.55<\/td>\n<td>180<\/td>\n<\/tr>\n<tr>\n<td>70<\/td>\n<td>81<\/td>\n<td>2503<\/td>\n<td>8024<\/td>\n<td>0.75<\/td>\n<td>205<\/td>\n<\/tr>\n<tr>\n<td rowspan=\"3\">25<\/td>\n<td>56<\/td>\n<td>32<\/td>\n<td>2696<\/td>\n<td>7114<\/td>\n<td>0.25<\/td>\n<td>180<\/td>\n<\/tr>\n<tr>\n<td>56<\/td>\n<td>48<\/td>\n<td>2696<\/td>\n<td>7124<\/td>\n<td>0.37<\/td>\n<td>180<\/td>\n<\/tr>\n<tr>\n<td>56<\/td>\n<td>71<\/td>\n<td>2696<\/td>\n<td>7134<\/td>\n<td>0.55<\/td>\n<td>180<\/td>\n<\/tr>\n<tr>\n<td rowspan=\"3\">30<\/td>\n<td>47<\/td>\n<td>37<\/td>\n<td>2865<\/td>\n<td>7114<\/td>\n<td>0.25<\/td>\n<td>180<\/td>\n<\/tr>\n<tr>\n<td>47<\/td>\n<td>55<\/td>\n<td>2865<\/td>\n<td>7124<\/td>\n<td>0.37<\/td>\n<td>180<\/td>\n<\/tr>\n<tr>\n<td>47<\/td>\n<td>81<\/td>\n<td>2865<\/td>\n<td>7134<\/td>\n<td>0.55<\/td>\n<td>180<\/td>\n<\/tr>\n<tr>\n<td rowspan=\"3\">40<\/td>\n<td>35<\/td>\n<td>33<\/td>\n<td>3153<\/td>\n<td>7114<\/td>\n<td>0.25<\/td>\n<td>180<\/td>\n<\/tr>\n<tr>\n<td>35<\/td>\n<td>46<\/td>\n<td>3153<\/td>\n<td>7124<\/td>\n<td>0.37<\/td>\n<td>180<\/td>\n<\/tr>\n<tr>\n<td>35<\/td>\n<td>68<\/td>\n<td>3153<\/td>\n<td>7134<\/td>\n<td>0.55<\/td>\n<td>180<\/td>\n<\/tr>\n<tr>\n<td rowspan=\"3\">50<\/td>\n<td>28<\/td>\n<td>54<\/td>\n<td>3397<\/td>\n<td>7114<\/td>\n<td>0.25<\/td>\n<td>180<\/td>\n<\/tr>\n<tr>\n<td>28<\/td>\n<td>72<\/td>\n<td>3397<\/td>\n<td>7124<\/td>\n<td>0.37<\/td>\n<td>180<\/td>\n<\/tr>\n<tr>\n<td>28<\/td>\n<td>80<\/td>\n<td>3397<\/td>\n<td>7134<\/td>\n<td>0.55<\/td>\n<td>180<\/td>\n<\/tr>\n<tr>\n<td rowspan=\"3\">52<\/td>\n<td>27<\/td>\n<td>55<\/td>\n<td>3482<\/td>\n<td>7114<\/td>\n<td>0.25<\/td>\n<td>180<\/td>\n<\/tr>\n<tr>\n<td>27<\/td>\n<td>73<\/td>\n<td>3482<\/td>\n<td>7124<\/td>\n<td>0.37<\/td>\n<td>180<\/td>\n<\/tr>\n<tr>\n<td>27<\/td>\n<td>82<\/td>\n<td>3482<\/td>\n<td>7134<\/td>\n<td>0.55<\/td>\n<td>180<\/td>\n<\/tr>\n<tr>\n<td rowspan=\"3\">60<\/td>\n<td>23<\/td>\n<td>60<\/td>\n<td>3610<\/td>\n<td>7114<\/td>\n<td>0.25<\/td>\n<td>180<\/td>\n<\/tr>\n<tr>\n<td>23<\/td>\n<td>75<\/td>\n<td>3610<\/td>\n<td>7124<\/td>\n<td>0.37<\/td>\n<td>180<\/td>\n<\/tr>\n<tr>\n<td>23<\/td>\n<td>84<\/td>\n<td>3610<\/td>\n<td>7134<\/td>\n<td>0.55<\/td>\n<td>180<\/td>\n<\/tr>\n<tr>\n<td rowspan=\"3\">80<\/td>\n<td>18<\/td>\n<td>64<\/td>\n<td>3973<\/td>\n<td>7114<\/td>\n<td>0.25<\/td>\n<td>180<\/td>\n<\/tr>\n<tr>\n<td>18<\/td>\n<td>77<\/td>\n<td>3973<\/td>\n<td>7124<\/td>\n<td>0.37<\/td>\n<td>180<\/td>\n<\/tr>\n<tr>\n<td>18<\/td>\n<td>89<\/td>\n<td>3973<\/td>\n<td>7134<\/td>\n<td>0.55<\/td>\n<td>180<\/td>\n<\/tr>\n<tr>\n<td rowspan=\"3\">100<\/td>\n<td>14<\/td>\n<td>68<\/td>\n<td>4280<\/td>\n<td>7114<\/td>\n<td>0.25<\/td>\n<td>180<\/td>\n<\/tr>\n<tr>\n<td>14<\/td>\n<td>79<\/td>\n<td>4280<\/td>\n<td>7124<\/td>\n<td>0.37<\/td>\n<td>180<\/td>\n<\/tr>\n<tr>\n<td>14<\/td>\n<td>93<\/td>\n<td>4280<\/td>\n<td>7134<\/td>\n<td>0.55<\/td>\n<td>180<\/td>\n<\/tr>\n<\/tbody>\n<\/table>\n<p><img loading=\"lazy\" decoding=\"async\" class=\"alignnone wp-image-4913\" src=\"https:\/\/fmp-components.com\/wp-content\/uploads\/2025\/01\/Car-Wash-Machine-Gearmotor.webp\" alt=\"Motor\u00e9ducteur pour lave-auto\" width=\"937\" height=\"623\" title=\"\"><\/p>\n<h2>\u00c0 propos des machines \u00e0 laver les voitures<\/h2>\n<p>Une machine de lavage auto est un appareil automatis\u00e9 qui utilise un syst\u00e8me de contr\u00f4le informatique pour actionner des brosses et un jet d'eau \u00e0 haute pression afin de laver les v\u00e9hicules. En tant que propri\u00e9taire de voiture, lorsque vous vous rendez dans une station de lavage, vous remarquerez diff\u00e9rents types de syst\u00e8mes de transmission, notamment des brosses horizontales, des brosses verticales et des brosses pour les roues. Ces syst\u00e8mes, qui ne n\u00e9cessitent aucune intervention manuelle, sont aliment\u00e9s par le r\u00e9ducteur de la machine. Ce r\u00e9ducteur joue un r\u00f4le crucial dans le fonctionnement de l'\u00e9quipement de lavage auto en r\u00e9duisant la vitesse du moteur et en fournissant une puissance constante aux syst\u00e8mes de pulv\u00e9risation d'eau et de brosses rotatives. Ceci garantit une vitesse et un couple optimaux pour un fonctionnement efficace des composants du syst\u00e8me de lavage, assurant ainsi des performances stables et un nettoyage performant dans diverses conditions.<\/p>\n<table style=\"border-collapse: collapse; width: 101.172%; height: 5px;\" border=\"0\" width=\"160\" cellspacing=\"0\" cellpadding=\"0\">\n<tbody>\n<tr style=\"height: 14.40pt;\">\n<td style=\"height: 14.4pt; width: 51.282%;\" align=\"right\" width=\"80\" height=\"24\"><img loading=\"lazy\" decoding=\"async\" class=\"alignnone size-full wp-image-4911\" src=\"https:\/\/fmp-components.com\/wp-content\/uploads\/2025\/01\/Car-Wash-Machine-Gearmotor-2.webp\" alt=\"Moteur \u00e0 engrenages pour machine de lavage de voitures-2\" width=\"926\" height=\"626\" title=\"\" srcset=\"https:\/\/fmp-components.com\/wp-content\/uploads\/2025\/01\/Car-Wash-Machine-Gearmotor-2.webp 926w, https:\/\/fmp-components.com\/wp-content\/uploads\/2025\/01\/Car-Wash-Machine-Gearmotor-2-480x324.webp 480w\" sizes=\"(min-width: 0px) and (max-width: 480px) 480px, (min-width: 481px) 926px, 100vw\" \/><\/td>\n<td style=\"width: 48.718%;\" align=\"right\" width=\"80\"><img loading=\"lazy\" decoding=\"async\" class=\"alignnone size-full wp-image-4912\" src=\"https:\/\/fmp-components.com\/wp-content\/uploads\/2025\/01\/Car-Wash-Machine-Gearmotor-1.webp\" alt=\"Moteur \u00e0 engrenages pour machine de lavage de voitures-1\" width=\"919\" height=\"655\" title=\"\" srcset=\"https:\/\/fmp-components.com\/wp-content\/uploads\/2025\/01\/Car-Wash-Machine-Gearmotor-1.webp 919w, https:\/\/fmp-components.com\/wp-content\/uploads\/2025\/01\/Car-Wash-Machine-Gearmotor-1-480x342.webp 480w\" sizes=\"(min-width: 0px) and (max-width: 480px) 480px, (min-width: 481px) 919px, 100vw\" \/><\/td>\n<\/tr>\n<\/tbody>\n<\/table>\n<p><strong>Laveurs de voitures \u00e0 tambour automatique<\/strong>Ces laveuses de pointe utilisent de grandes brosses rotatives pour un nettoyage en profondeur du v\u00e9hicule. Afin de garantir des performances optimales, un r\u00e9ducteur \u00e0 vis sans fin entra\u00eene les brosses, leur permettant de tourner \u00e0 la vitesse id\u00e9ale pour \u00e9liminer la salet\u00e9 et les d\u00e9bris de la surface du v\u00e9hicule.<\/p>\n<p><strong>Syst\u00e8mes de lavage de voitures en tunnel<\/strong>Dans ces syst\u00e8mes, les v\u00e9hicules circulent dans un tunnel fixe \u00e9quip\u00e9 de machines de nettoyage et de cirage de pointe. Des motor\u00e9ducteurs \u00e0 vis sans fin entra\u00eenent g\u00e9n\u00e9ralement les brosses ou les rouleaux rotatifs, assurant ainsi une puissance fiable pour un nettoyage uniforme.<\/p>\n<p><strong>Syst\u00e8mes de lavage de voitures avec et sans contact<\/strong>Les syst\u00e8mes de lavage automobile modernes proposent des options avec et sans contact pour r\u00e9pondre aux pr\u00e9f\u00e9rences de chacun. Dans le syst\u00e8me avec contact, des brosses rotatives entrent en contact physique avec la carrosserie pour la nettoyer. Les syst\u00e8mes sans contact, quant \u00e0 eux, utilisent des jets d'eau \u00e0 haute pression. Le r\u00e9ducteur \u00e0 vis sans fin des syst\u00e8mes avec contact assure un contr\u00f4le pr\u00e9cis de la vitesse et de la pression des brosses, garantissant un nettoyage efficace sans ab\u00eemer la peinture.<\/p>\n<p><img loading=\"lazy\" decoding=\"async\" class=\"alignnone size-full wp-image-4919\" src=\"https:\/\/fmp-components.com\/wp-content\/uploads\/2025\/01\/Leisuwash-360-Longitudinal-drive-system.webp\" alt=\"syst\u00e8me d&#039;entra\u00eenement\" width=\"900\" height=\"600\" title=\"\" srcset=\"https:\/\/fmp-components.com\/wp-content\/uploads\/2025\/01\/Leisuwash-360-Longitudinal-drive-system.webp 900w, https:\/\/fmp-components.com\/wp-content\/uploads\/2025\/01\/Leisuwash-360-Longitudinal-drive-system-480x320.webp 480w\" sizes=\"(min-width: 0px) and (max-width: 480px) 480px, (min-width: 481px) 900px, 100vw\" \/><\/p>\n<h2>Comment fonctionnent les moteurs d'engrenages des stations de lavage automatique de voitures\u00a0?<\/h2>\n<p>Les motor\u00e9ducteurs des stations de lavage automatique sont des composants essentiels \u00e0 leur fonctionnement. Ils fournissent la puissance n\u00e9cessaire \u00e0 la mise en mouvement des diff\u00e9rents \u00e9l\u00e9ments impliqu\u00e9s dans le processus de lavage, tels que les brosses, les convoyeurs et les syst\u00e8mes de pulv\u00e9risation. Bien que leur conception puisse varier, voici un aper\u00e7u g\u00e9n\u00e9ral de leur fonctionnement\u00a0:<\/p>\n<ol>\n<li><strong>Moteur<\/strong>Le motor\u00e9ducteur utilise un moteur \u00e9lectrique comme source d'\u00e9nergie principale. G\u00e9n\u00e9ralement, il s'agit soit d'un moteur \u00e0 courant alternatif pour les stations de lavage automobile commerciales, soit d'un moteur \u00e0 courant continu pour les syst\u00e8mes plus petits ou portables.<\/li>\n<li><strong>Bo\u00eete de vitesse<\/strong>Le moteur est reli\u00e9 \u00e0 un r\u00e9ducteur qui abaisse sa vitesse de rotation et augmente son couple. Ce r\u00e9ducteur comprend diff\u00e9rents types d'engrenages (\u00e0 vis sans fin, plan\u00e9taires ou droits, selon sa conception). Ces engrenages fonctionnent de concert pour obtenir la conversion de vitesse et de couple souhait\u00e9e.<\/li>\n<li><strong>Transmission de puissance<\/strong>L'arbre de sortie du r\u00e9ducteur est reli\u00e9 \u00e0 un syst\u00e8me de courroies, de cha\u00eenes ou \u00e0 un accouplement direct, selon la conception du syst\u00e8me de lavage de v\u00e9hicules. Ce syst\u00e8me de transmission transmet le mouvement de rotation du motor\u00e9ducteur aux composants mobiles, tels que les brosses et les bandes transporteuses.<\/li>\n<li><strong>Syst\u00e8me de contr\u00f4le<\/strong>Le motor\u00e9ducteur est command\u00e9 par un syst\u00e8me de contr\u00f4le central qui g\u00e8re le fonctionnement du lave-auto. Ce syst\u00e8me re\u00e7oit des informations de capteurs, d'interrupteurs ou de d\u00e9clencheurs automatiques et envoie des signaux au motor\u00e9ducteur pour lancer des op\u00e9rations sp\u00e9cifiques au moment opportun. Par exemple, lorsqu'un v\u00e9hicule entre dans le lave-auto, le syst\u00e8me peut d\u00e9clencher le moteur pour mettre en marche le convoyeur ou activer les brosses.<\/li>\n<li><strong>Caract\u00e9ristiques de s\u00e9curit\u00e9<\/strong>Les motor\u00e9ducteurs des stations de lavage automatique sont g\u00e9n\u00e9ralement \u00e9quip\u00e9s de dispositifs de s\u00e9curit\u00e9 pour pr\u00e9venir les dommages et les accidents. Il peut s'agir notamment de capteurs ou d'interrupteurs de fin de course pour d\u00e9tecter les obstacles ou une force excessive, de boutons d'arr\u00eat d'urgence et de m\u00e9canismes de protection contre les surcharges. Ces fonctions de s\u00e9curit\u00e9 garantissent le fonctionnement du moteur dans des conditions optimales et prot\u00e8gent \u00e0 la fois l'\u00e9quipement et le v\u00e9hicule lav\u00e9.<\/li>\n<\/ol>\n<p>En combinant la puissance du moteur, la r\u00e9duction de vitesse de la bo\u00eete de vitesses et la transmission de puissance contr\u00f4l\u00e9e, le motor\u00e9ducteur du lave-auto automatique synchronise le mouvement des diff\u00e9rents composants, assurant ainsi un processus de lavage efficace.<\/p>\n<p>Les r\u00e9ducteurs d\u00e9velopp\u00e9s et fabriqu\u00e9s par FMP pour les machines de lavage automobile sont sp\u00e9cialement con\u00e7us pour les \u00e9quipements de lavage courants. Ils se caract\u00e9risent par une installation facile, un faible niveau sonore, une longue dur\u00e9e de vie et une excellente protection. \u00c9tanche, ce r\u00e9ducteur offre une protection sup\u00e9rieure aux r\u00e9ducteurs \u00e0 vis sans fin classiques et est parfaitement adapt\u00e9 aux exigences de l'industrie moderne du lavage automobile.<\/p>\n<table style=\"border-collapse: collapse; width: 102.375%; height: 19px;\" border=\"0\" width=\"160\" cellspacing=\"0\" cellpadding=\"0\">\n<tbody>\n<tr style=\"height: 14.40pt;\">\n<td style=\"height: 14.40pt; width: 48.00pt;\" align=\"right\" width=\"80\" height=\"24\"><img loading=\"lazy\" decoding=\"async\" class=\"alignnone size-full wp-image-4921\" src=\"https:\/\/fmp-components.com\/wp-content\/uploads\/2025\/01\/Car-Wash-Machine-Gearmotor-8.webp\" alt=\"Moteur \u00e0 engrenages pour machine de lavage de voiture-8\" width=\"751\" height=\"580\" title=\"\" srcset=\"https:\/\/fmp-components.com\/wp-content\/uploads\/2025\/01\/Car-Wash-Machine-Gearmotor-8.webp 751w, https:\/\/fmp-components.com\/wp-content\/uploads\/2025\/01\/Car-Wash-Machine-Gearmotor-8-480x371.webp 480w\" sizes=\"(min-width: 0px) and (max-width: 480px) 480px, (min-width: 481px) 751px, 100vw\" \/><\/td>\n<td style=\"width: 48.00pt;\" align=\"right\" width=\"80\"><img loading=\"lazy\" decoding=\"async\" class=\"alignnone wp-image-4920\" src=\"https:\/\/fmp-components.com\/wp-content\/uploads\/2025\/01\/Car-Wash-Machine-Gearmotor-6.webp\" alt=\"Motor\u00e9ducteur pour lave-auto\" width=\"944\" height=\"944\" title=\"\" srcset=\"https:\/\/fmp-components.com\/wp-content\/uploads\/2025\/01\/Car-Wash-Machine-Gearmotor-6.webp 944w, https:\/\/fmp-components.com\/wp-content\/uploads\/2025\/01\/Car-Wash-Machine-Gearmotor-6-480x480.webp 480w\" sizes=\"(min-width: 0px) and (max-width: 480px) 480px, (min-width: 481px) 944px, 100vw\" \/><\/td>\n<\/tr>\n<\/tbody>\n<\/table>\n<h2>Le r\u00e9ducteur pour machine \u00e0 laver les voitures produit par FMP pr\u00e9sente les performances et les avantages suivants\u00a0:<\/h2>\n<p>Puissance de configuration moteur sp\u00e9ciale 0,25 kW, 0,37 kW, 0,55 kW, 0,75 kW et 2,2 kW, etc. ;<\/p>\n<p>Diff\u00e9rents types de brides peuvent \u00eatre s\u00e9lectionn\u00e9s en fonction des besoins du client\u00a0;<\/p>\n<p>Chaque module adopte une conception modulaire, et les pi\u00e8ces sont plus universelles\u00a0;<\/p>\n<p>La plage de rapports de vitesse est \u00e9tendue, offrant plus d'options de rapports de vitesse que les mod\u00e8les classiques\u00a0;<\/p>\n<p>L'extr\u00e9mit\u00e9 de sortie est fabriqu\u00e9e en acier inoxydable 304 pour garantir qu'elle ne rouillera pas pendant son utilisation\u00a0;<\/p>\n<p>La structure du bo\u00eetier est compacte et pratique pour une installation dans divers environnements\u00a0;<\/p>\n<p>Lubrifiant synth\u00e9tique sp\u00e9cial, aucune vidange d'huile n\u00e9cessaire \u00e0 vie\u00a0;<\/p>\n<p>La surface du corps est recouverte d'une couche de plastique offrant une bonne r\u00e9sistance \u00e0 la corrosion, \u00e0 la fois esth\u00e9tique et pratique ;<\/p>\n<p>Les extr\u00e9mit\u00e9s d'entr\u00e9e et de sortie sont scell\u00e9es par des joints d'huile pour garantir l'\u00e9tanch\u00e9it\u00e9 ;<\/p>\n<p>La roue \u00e0 vis sans fin est fabriqu\u00e9e en bronze \u00e0 l'\u00e9tain r\u00e9sistant \u00e0 l'usure, et la vis sans fin est c\u00e9ment\u00e9e et tremp\u00e9e avec une duret\u00e9 \u00e9lev\u00e9e ;<\/p>\n<p>Le niveau de protection est IP67, ce qui permet une utilisation dans divers sc\u00e9narios d'utilisation int\u00e9rieurs et ext\u00e9rieurs et dans des environnements de travail difficiles\u00a0;<\/p>\n<p><img loading=\"lazy\" decoding=\"async\" class=\"alignnone  wp-image-4931\" src=\"https:\/\/fmp-components.com\/wp-content\/uploads\/2025\/01\/Car-Wash-Machine-Gearmotor-10.webp\" alt=\"Motor\u00e9ducteur pour lave-auto\" width=\"943\" height=\"856\" title=\"\" srcset=\"https:\/\/fmp-components.com\/wp-content\/uploads\/2025\/01\/Car-Wash-Machine-Gearmotor-10.webp 943w, https:\/\/fmp-components.com\/wp-content\/uploads\/2025\/01\/Car-Wash-Machine-Gearmotor-10-480x436.webp 480w\" sizes=\"(min-width: 0px) and (max-width: 480px) 480px, (min-width: 481px) 943px, 100vw\" \/><\/p>\n<p><img loading=\"lazy\" decoding=\"async\" class=\"alignnone wp-image-4930\" src=\"https:\/\/fmp-components.com\/wp-content\/uploads\/2025\/01\/Car-Wash-Machine-Gearmotor-9.webp\" alt=\"Motor\u00e9ducteur pour lave-auto\" width=\"944\" height=\"985\" title=\"\" srcset=\"https:\/\/fmp-components.com\/wp-content\/uploads\/2025\/01\/Car-Wash-Machine-Gearmotor-9.webp 944w, https:\/\/fmp-components.com\/wp-content\/uploads\/2025\/01\/Car-Wash-Machine-Gearmotor-9-480x501.webp 480w\" sizes=\"(min-width: 0px) and (max-width: 480px) 480px, (min-width: 481px) 944px, 100vw\" \/><\/p>","protected":false},"excerpt":{"rendered":"<p>Specifications of XRV050 Car Washer Worm Gear Reducer Type Ratio Flange Power XRV050 5\u00a0\u00a0\u00a0\u00a0 7.5\u00a0 10\u00a0\u00a0\u00a0\u00a0 12\u00a0 15\u00a0\u00a0\u00a0\u00a0 20\u00a0 30\u00a0\u00a0\u00a0\u00a0 40\u00a0 50\u00a0\u00a0\u00a0\u00a0 60\u00a0 80\u00a0\u00a0\u00a0 100 71B14 0.18KW\u00a0\u00a0\u00a0\u00a0 0.25KW\u00a0\u00a0\u00a0 0.37KW\u00a0\u00a0\u00a0 0.55KW\u00a0\u00a0\u00a0 0.75KW\u00a0\u00a0\u00a0\u00a0 1.1KW 80B14 Type i n2\/r\/min Mn2\/Nm Fr2\/N Motor P1\/kw L\/mm XRV050 5 280 17 1577 7134 0.55 180 280 23 1577 8024 0.75 205 [&hellip;]<\/p>","protected":false},"featured_media":4914,"comment_status":"open","ping_status":"closed","template":"","meta":{"_et_pb_use_builder":"","_et_pb_old_content":"","_et_gb_content_width":""},"product_brand":[],"product_cat":[93],"product_tag":[],"class_list":{"0":"post-4909","1":"product","2":"type-product","3":"status-publish","4":"has-post-thumbnail","6":"product_cat-car-wash-machine-gearmotor","8":"first","9":"instock","10":"shipping-taxable","11":"product-type-simple"},"_links":{"self":[{"href":"https:\/\/fmp-components.com\/fr\/wp-json\/wp\/v2\/product\/4909","targetHints":{"allow":["GET"]}}],"collection":[{"href":"https:\/\/fmp-components.com\/fr\/wp-json\/wp\/v2\/product"}],"about":[{"href":"https:\/\/fmp-components.com\/fr\/wp-json\/wp\/v2\/types\/product"}],"replies":[{"embeddable":true,"href":"https:\/\/fmp-components.com\/fr\/wp-json\/wp\/v2\/comments?post=4909"}],"wp:featuredmedia":[{"embeddable":true,"href":"https:\/\/fmp-components.com\/fr\/wp-json\/wp\/v2\/media\/4914"}],"wp:attachment":[{"href":"https:\/\/fmp-components.com\/fr\/wp-json\/wp\/v2\/media?parent=4909"}],"wp:term":[{"taxonomy":"product_brand","embeddable":true,"href":"https:\/\/fmp-components.com\/fr\/wp-json\/wp\/v2\/product_brand?post=4909"},{"taxonomy":"product_cat","embeddable":true,"href":"https:\/\/fmp-components.com\/fr\/wp-json\/wp\/v2\/product_cat?post=4909"},{"taxonomy":"product_tag","embeddable":true,"href":"https:\/\/fmp-components.com\/fr\/wp-json\/wp\/v2\/product_tag?post=4909"}],"curies":[{"name":"wp","href":"https:\/\/api.w.org\/{rel}","templated":true}]}}