{"id":482,"date":"2024-12-10T08:55:43","date_gmt":"2024-12-10T08:55:43","guid":{"rendered":"https:\/\/fmp-components.com\/?page_id=8"},"modified":"2024-12-16T06:45:22","modified_gmt":"2024-12-16T06:45:22","slug":"large-excavator-cylinder","status":"publish","type":"product","link":"https:\/\/fmp-components.com\/fr\/product\/large-excavator-cylinder\/","title":{"rendered":"Grand cylindre d&#039;excavatrice"},"content":{"rendered":"<h2><img loading=\"lazy\" decoding=\"async\" class=\"size-full wp-image-484 aligncenter\" src=\"https:\/\/fmp-components.com\/wp-content\/uploads\/2024\/12\/Large-Excavator-Cylinder.webp\" alt=\"Grand cylindre d&#039;excavatrice\" width=\"760\" height=\"533\" title=\"\" srcset=\"https:\/\/fmp-components.com\/wp-content\/uploads\/2024\/12\/Large-Excavator-Cylinder.webp 760w, https:\/\/fmp-components.com\/wp-content\/uploads\/2024\/12\/Large-Excavator-Cylinder-480x337.webp 480w\" sizes=\"(min-width: 0px) and (max-width: 480px) 480px, (min-width: 481px) 760px, 100vw\" \/>Sp\u00e9cifications du v\u00e9rin du godet de grande excavatrice\u00a0:<\/h2>\n<p>Le v\u00e9rin de godet actionne le godet de l'excavatrice, lui permettant de soulever, d'incliner et de d\u00e9verser les mat\u00e9riaux. Ce v\u00e9rin est essentiel pour l'excavation, le ramassage et le chargement, fournissant la force n\u00e9cessaire pour manipuler efficacement le godet lors de diverses t\u00e2ches.<\/p>\n<p><img loading=\"lazy\" decoding=\"async\" class=\"size-full wp-image-494 aligncenter\" src=\"https:\/\/fmp-components.com\/wp-content\/uploads\/2024\/12\/Large-Excavator-Bucket-Cylinder-1.webp\" alt=\"V\u00e9rin de godet de grande excavatrice\" width=\"500\" height=\"200\" title=\"\" srcset=\"https:\/\/fmp-components.com\/wp-content\/uploads\/2024\/12\/Large-Excavator-Bucket-Cylinder-1.webp 500w, https:\/\/fmp-components.com\/wp-content\/uploads\/2024\/12\/Large-Excavator-Bucket-Cylinder-1-480x192.webp 480w\" sizes=\"(min-width: 0px) and (max-width: 480px) 480px, (min-width: 481px) 500px, 100vw\" \/><\/p>\n<table style=\"width: 100%;\" border=\"1\" width=\"100%\" cellspacing=\"0\" cellpadding=\"0\">\n<tbody>\n<tr>\n<td>Nom du produit<\/td>\n<td>V\u00e9rin de godet de grande excavatrice<\/td>\n<\/tr>\n<tr>\n<td>Caract\u00e9ristiques:<\/td>\n<td>Contr\u00f4ler l'action du godet<\/td>\n<\/tr>\n<tr>\n<td>Diam\u00e8tre d&#039;al\u00e9sage :<\/td>\n<td>200 mm \u00e0 360 mm<\/td>\n<\/tr>\n<tr>\n<td>Diam\u00e8tre de la tige :<\/td>\n<td>140 mm \u00e0 260 mm<br \/>\nCourse \u2264 2500 mm<\/td>\n<\/tr>\n<tr>\n<td>Force de pouss\u00e9e :<\/td>\n<td>Maximum 3560,8KN<\/td>\n<\/tr>\n<tr>\n<td>Diam\u00e8tre d&#039;al\u00e9sage :<\/td>\n<td>420 mm\/pression 35 MPa<\/td>\n<\/tr>\n<\/tbody>\n<\/table>\n<h2><\/h2>\n<h2><img loading=\"lazy\" decoding=\"async\" class=\"alignnone wp-image-502\" src=\"https:\/\/fmp-components.com\/wp-content\/uploads\/2024\/12\/Large-Excavator-Bucket-Cylinder-1-1.webp\" alt=\"V\u00e9rin de godet de grande excavatrice\" width=\"929\" height=\"471\" title=\"\" srcset=\"https:\/\/fmp-components.com\/wp-content\/uploads\/2024\/12\/Large-Excavator-Bucket-Cylinder-1-1.webp 929w, https:\/\/fmp-components.com\/wp-content\/uploads\/2024\/12\/Large-Excavator-Bucket-Cylinder-1-1-480x243.webp 480w\" sizes=\"(min-width: 0px) and (max-width: 480px) 480px, (min-width: 481px) 929px, 100vw\" \/><\/h2>\n<h2><img loading=\"lazy\" decoding=\"async\" class=\"alignnone wp-image-503\" src=\"https:\/\/fmp-components.com\/wp-content\/uploads\/2024\/12\/Large-Excavator-Bucket-Cylinder-2.webp\" alt=\"V\u00e9rin de godet de grande excavatrice\" width=\"960\" height=\"318\" title=\"\" srcset=\"https:\/\/fmp-components.com\/wp-content\/uploads\/2024\/12\/Large-Excavator-Bucket-Cylinder-2.webp 960w, https:\/\/fmp-components.com\/wp-content\/uploads\/2024\/12\/Large-Excavator-Bucket-Cylinder-2-480x159.webp 480w\" sizes=\"(min-width: 0px) and (max-width: 480px) 480px, (min-width: 481px) 960px, 100vw\" \/><\/h2>\n<h2>Sp\u00e9cifications du v\u00e9rin de fl\u00e8che de grande excavatrice\u00a0:<\/h2>\n<p>Le v\u00e9rin de fl\u00e8che contr\u00f4le le mouvement de la fl\u00e8che de l'excavatrice, lui permettant de s'\u00e9tendre et de se r\u00e9tracter. Ce v\u00e9rin est essentiel pour atteindre diff\u00e9rentes hauteurs et profondeurs, permettant \u00e0 l'excavatrice d'effectuer diverses t\u00e2ches avec pr\u00e9cision, comme le creusement et le levage.<\/p>\n<p><img loading=\"lazy\" decoding=\"async\" class=\"size-full wp-image-493 aligncenter\" src=\"https:\/\/fmp-components.com\/wp-content\/uploads\/2024\/12\/Large-Excavator-Boom-Cylinder2.webp\" alt=\"V\u00e9rin de fl\u00e8che de grande excavatrice\" width=\"500\" height=\"200\" title=\"\" srcset=\"https:\/\/fmp-components.com\/wp-content\/uploads\/2024\/12\/Large-Excavator-Boom-Cylinder2.webp 500w, https:\/\/fmp-components.com\/wp-content\/uploads\/2024\/12\/Large-Excavator-Boom-Cylinder2-480x192.webp 480w\" sizes=\"(min-width: 0px) and (max-width: 480px) 480px, (min-width: 481px) 500px, 100vw\" \/><\/p>\n<table style=\"width: 100%;\" border=\"1\" width=\"100%\" cellspacing=\"0\" cellpadding=\"0\">\n<tbody>\n<tr>\n<td>Nom du produit<\/td>\n<td>V\u00e9rin de fl\u00e8che de grande excavatrice<\/td>\n<\/tr>\n<tr>\n<td>Caract\u00e9ristiques:<\/td>\n<td>Contr\u00f4ler le mouvement de levage du gros bras<\/td>\n<\/tr>\n<tr>\n<td>Diam\u00e8tre d&#039;al\u00e9sage :<\/td>\n<td>200 mm \u00e0 420 mm<\/td>\n<\/tr>\n<tr>\n<td>Diam\u00e8tre de la tige :<\/td>\n<td>140 mm \u00e0 300 mm<br \/>\nCourse \u2264 3500 mm<\/td>\n<\/tr>\n<tr>\n<td>Force de pouss\u00e9e :<\/td>\n<td>Maximum 4846,6KN<\/td>\n<\/tr>\n<tr>\n<td>Diam\u00e8tre d&#039;al\u00e9sage :<\/td>\n<td>420 mm\/pression 35 MPa<\/td>\n<\/tr>\n<\/tbody>\n<\/table>\n<p><img loading=\"lazy\" decoding=\"async\" class=\"alignnone size-full wp-image-504\" src=\"https:\/\/fmp-components.com\/wp-content\/uploads\/2024\/12\/Large-Excavator-Boom-Cylinder-1.webp\" alt=\"V\u00e9rin de fl\u00e8che de grande excavatrice\" width=\"980\" height=\"553\" title=\"\" srcset=\"https:\/\/fmp-components.com\/wp-content\/uploads\/2024\/12\/Large-Excavator-Boom-Cylinder-1.webp 980w, https:\/\/fmp-components.com\/wp-content\/uploads\/2024\/12\/Large-Excavator-Boom-Cylinder-1-480x271.webp 480w\" sizes=\"(min-width: 0px) and (max-width: 480px) 480px, (min-width: 481px) 980px, 100vw\" \/><\/p>\n<h2>Sp\u00e9cifications du v\u00e9rin de bras de grande excavatrice\u00a0:<\/h2>\n<p>Le v\u00e9rin de balancier, aussi appel\u00e9 v\u00e9rin de bras, permet d'\u00e9tendre et de r\u00e9tracter le balancier de l'excavatrice. Ce mouvement permet un contr\u00f4le pr\u00e9cis de la position du godet, essentiel \u00e0 l'efficacit\u00e9 du creusement et de la manutention des mat\u00e9riaux.<\/p>\n<p><img loading=\"lazy\" decoding=\"async\" class=\"size-full wp-image-496 aligncenter\" src=\"https:\/\/fmp-components.com\/wp-content\/uploads\/2024\/12\/Large-Excavator-Stick-Cylinder3.webp\" alt=\"Grand v\u00e9rin de bras d&#039;excavatrice\" width=\"500\" height=\"200\" title=\"\" srcset=\"https:\/\/fmp-components.com\/wp-content\/uploads\/2024\/12\/Large-Excavator-Stick-Cylinder3.webp 500w, https:\/\/fmp-components.com\/wp-content\/uploads\/2024\/12\/Large-Excavator-Stick-Cylinder3-480x192.webp 480w\" sizes=\"(min-width: 0px) and (max-width: 480px) 480px, (min-width: 481px) 500px, 100vw\" \/><\/p>\n<table style=\"width: 100%;\" border=\"1\" width=\"100%\" cellspacing=\"0\" cellpadding=\"0\">\n<tbody>\n<tr>\n<td>Nom du produit<\/td>\n<td>Grand v\u00e9rin de bras d'excavatrice<\/td>\n<\/tr>\n<tr>\n<td>Caract\u00e9ristiques:<\/td>\n<td>Contr\u00f4ler le mouvement de l'avant-bras<\/td>\n<\/tr>\n<tr>\n<td>Diam\u00e8tre d&#039;al\u00e9sage :<\/td>\n<td>210 mm \u00e0 360 mm<\/td>\n<\/tr>\n<tr>\n<td>Diam\u00e8tre de la tige :<\/td>\n<td>145 mm \u00e0 260 mm<br \/>\nCourse \u2264 2600 mm<\/td>\n<\/tr>\n<tr>\n<td>Force de pouss\u00e9e :<\/td>\n<td>Maximum 3560,8KN<\/td>\n<\/tr>\n<tr>\n<td>Diam\u00e8tre d&#039;al\u00e9sage :<\/td>\n<td>360 mm\/pression 35 MPa<\/td>\n<\/tr>\n<\/tbody>\n<\/table>\n<p><img loading=\"lazy\" decoding=\"async\" class=\"alignnone size-full wp-image-500\" src=\"https:\/\/fmp-components.com\/wp-content\/uploads\/2024\/12\/Large-Excavator-Stick-Cylinder-1.webp\" alt=\"V\u00e9rin de bras de grande excavatrice\" width=\"1024\" height=\"538\" title=\"\" srcset=\"https:\/\/fmp-components.com\/wp-content\/uploads\/2024\/12\/Large-Excavator-Stick-Cylinder-1.webp 1024w, https:\/\/fmp-components.com\/wp-content\/uploads\/2024\/12\/Large-Excavator-Stick-Cylinder-1-980x515.webp 980w, https:\/\/fmp-components.com\/wp-content\/uploads\/2024\/12\/Large-Excavator-Stick-Cylinder-1-480x252.webp 480w\" sizes=\"(min-width: 0px) and (max-width: 480px) 480px, (min-width: 481px) and (max-width: 980px) 980px, (min-width: 981px) 1024px, 100vw\" \/><\/p>\n<h2>Sp\u00e9cifications du v\u00e9rin de serrage pour grande excavatrice\u00a0:<\/h2>\n<p>Le v\u00e9rin de serrage sert \u00e0 maintenir la tension de divers \u00e9l\u00e9ments de la pelle, tels que les chenilles ou les accessoires. Il assure le maintien des composants, am\u00e9liorant ainsi la stabilit\u00e9 et les performances globales de la pelle pendant son fonctionnement.<\/p>\n<h2><img loading=\"lazy\" decoding=\"async\" class=\"size-full wp-image-497 aligncenter\" src=\"https:\/\/fmp-components.com\/wp-content\/uploads\/2024\/12\/Large-Excavator-Tightening-Cylinder4.webp\" alt=\"Grand v\u00e9rin de serrage pour excavatrice\" width=\"500\" height=\"200\" title=\"\" srcset=\"https:\/\/fmp-components.com\/wp-content\/uploads\/2024\/12\/Large-Excavator-Tightening-Cylinder4.webp 500w, https:\/\/fmp-components.com\/wp-content\/uploads\/2024\/12\/Large-Excavator-Tightening-Cylinder4-480x192.webp 480w\" sizes=\"(min-width: 0px) and (max-width: 480px) 480px, (min-width: 481px) 500px, 100vw\" \/><\/h2>\n<p>&nbsp;<\/p>\n<table style=\"width: 100%;\" border=\"1\" width=\"100%\" cellspacing=\"0\" cellpadding=\"0\">\n<tbody>\n<tr>\n<td>Nom du produit<\/td>\n<td>Grand v\u00e9rin de serrage pour excavatrice<\/td>\n<\/tr>\n<tr>\n<td>Caract\u00e9ristiques:<\/td>\n<td>Contr\u00f4ler l'action de la tension de la voie<\/td>\n<\/tr>\n<tr>\n<td>Diam\u00e8tre d&#039;al\u00e9sage :<\/td>\n<td>280 mm \uff5e 380 mm<\/td>\n<\/tr>\n<tr>\n<td>Diam\u00e8tre de la tige :<\/td>\n<td>170 mm \u00e0 300 mm<br \/>\nCourse \u2264 700 mm<\/td>\n<\/tr>\n<tr>\n<td>Force de pouss\u00e9e :<\/td>\n<td>Maximum 3967,4KN<\/td>\n<\/tr>\n<tr>\n<td>Diam\u00e8tre d&#039;al\u00e9sage :<\/td>\n<td>380 mm\/pression 35 MPa<\/td>\n<\/tr>\n<\/tbody>\n<\/table>\n<h3><img loading=\"lazy\" decoding=\"async\" class=\"alignnone size-full wp-image-501\" src=\"https:\/\/fmp-components.com\/wp-content\/uploads\/2024\/12\/Large-Excavator-Tightening-Cylinder.webp\" alt=\"V\u00e9rin de serrage pour grande excavatrice\" width=\"1024\" height=\"576\" title=\"\" srcset=\"https:\/\/fmp-components.com\/wp-content\/uploads\/2024\/12\/Large-Excavator-Tightening-Cylinder.webp 1024w, https:\/\/fmp-components.com\/wp-content\/uploads\/2024\/12\/Large-Excavator-Tightening-Cylinder-980x551.webp 980w, https:\/\/fmp-components.com\/wp-content\/uploads\/2024\/12\/Large-Excavator-Tightening-Cylinder-480x270.webp 480w\" sizes=\"(min-width: 0px) and (max-width: 480px) 480px, (min-width: 481px) and (max-width: 980px) 980px, (min-width: 981px) 1024px, 100vw\" \/>\u00c0 propos de FMP<\/h3>\n<p>FMP est une entreprise de fabrication m\u00e9canique sp\u00e9cialis\u00e9e dans la production de v\u00e9rins hydrauliques. Depuis sa cr\u00e9ation, l&#039;entreprise s&#039;est concentr\u00e9e sur la recherche et la fabrication de technologies hydrauliques, passant avec succ\u00e8s d&#039;une gamme de produits diversifi\u00e9e, incluant les machines de r\u00e9colte et de construction, \u00e0 une sp\u00e9cialisation dans les composants de tracteurs agricoles. Forte de plus de dix ans d&#039;exp\u00e9rience en fabrication et en gestion, FMP garantit des produits de haute qualit\u00e9 gr\u00e2ce \u00e0 des techniques de production avanc\u00e9es.<\/p>\n<p>Au fil de son \u00e9volution, l&#039;entreprise a d\u00e9velopp\u00e9 une ligne compl\u00e8te de production d&#039;usinage, d&#039;assemblage et de rev\u00eatement. Notre \u00e9quipe est compos\u00e9e d&#039;un personnel de direction qualifi\u00e9, de concepteurs m\u00e9caniques exp\u00e9riment\u00e9s et de techniciens hautement qualifi\u00e9s qui travaillent ensemble pour maintenir une qualit\u00e9 de production stable tout en contr\u00f4lant efficacement la continuit\u00e9 et l&#039;efficacit\u00e9 des processus.<\/p>\n<p>FMP adh\u00e8re \u00e0 la philosophie suivante\u00a0: \u00ab\u00a0L&#039;innovation technologique est le moteur du progr\u00e8s, la qualit\u00e9 cr\u00e9e des marques, le savoir-faire garantit la qualit\u00e9 et \u00e9tablit des relations gagnant-gagnant \u00e0 long terme.\u00a0\u00bb Notre engagement \u00e0 fournir des produits de haute qualit\u00e9 et un service client irr\u00e9prochable demeure un objectif essentiel pour r\u00e9pondre aux besoins changeants du march\u00e9.<\/p>\n<p><img loading=\"lazy\" decoding=\"async\" class=\"alignnone size-full wp-image-426\" src=\"https:\/\/fmp-components.com\/wp-content\/uploads\/2024\/12\/Sanitation-Machinery-Locking-Hydraulic-Cylinder-factory.webp\" sizes=\"(min-width: 0px) and (max-width: 480px) 480px, (min-width: 481px) and (max-width: 980px) 980px, (min-width: 981px) and (max-width: 1280px) 1280px, (min-width: 1281px) 1414px, 100vw\" srcset=\"https:\/\/fmp-components.com\/wp-content\/uploads\/2024\/12\/Sanitation-Machinery-Locking-Hydraulic-Cylinder-factory.webp 1414w, https:\/\/fmp-components.com\/wp-content\/uploads\/2024\/12\/Sanitation-Machinery-Locking-Hydraulic-Cylinder-factory-1280x529.webp 1280w, https:\/\/fmp-components.com\/wp-content\/uploads\/2024\/12\/Sanitation-Machinery-Locking-Hydraulic-Cylinder-factory-980x405.webp 980w, https:\/\/fmp-components.com\/wp-content\/uploads\/2024\/12\/Sanitation-Machinery-Locking-Hydraulic-Cylinder-factory-480x198.webp 480w\" alt=\"Usine de machines sanitaires, de verrouillage, de v\u00e9rins hydrauliques\" width=\"1414\" height=\"584\" title=\"\"><\/p>\n<p>Auteur : CX<\/p>","protected":false},"excerpt":{"rendered":"<p>Large Excavator Bucket Cylinder Specifications: The bucket cylinder operates the excavator&#8217;s bucket, enabling it to lift, tilt, and dump materials. This cylinder is essential for excavating, scooping, and loading, providing the necessary force to manipulate the bucket effectively during various tasks. Product Name Large Excavator Bucket Cylinder Features: Control the action of the bucket Bore [&hellip;]<\/p>","protected":false},"featured_media":495,"comment_status":"open","ping_status":"closed","template":"","meta":{"_et_pb_use_builder":"","_et_pb_old_content":"","_et_gb_content_width":""},"product_brand":[],"product_cat":[25],"product_tag":[],"class_list":{"0":"post-482","1":"product","2":"type-product","3":"status-publish","4":"has-post-thumbnail","6":"product_cat-mobile-machinery-hydraulic-cylinder","8":"first","9":"instock","10":"shipping-taxable","11":"product-type-simple"},"_links":{"self":[{"href":"https:\/\/fmp-components.com\/fr\/wp-json\/wp\/v2\/product\/482","targetHints":{"allow":["GET"]}}],"collection":[{"href":"https:\/\/fmp-components.com\/fr\/wp-json\/wp\/v2\/product"}],"about":[{"href":"https:\/\/fmp-components.com\/fr\/wp-json\/wp\/v2\/types\/product"}],"replies":[{"embeddable":true,"href":"https:\/\/fmp-components.com\/fr\/wp-json\/wp\/v2\/comments?post=482"}],"wp:featuredmedia":[{"embeddable":true,"href":"https:\/\/fmp-components.com\/fr\/wp-json\/wp\/v2\/media\/495"}],"wp:attachment":[{"href":"https:\/\/fmp-components.com\/fr\/wp-json\/wp\/v2\/media?parent=482"}],"wp:term":[{"taxonomy":"product_brand","embeddable":true,"href":"https:\/\/fmp-components.com\/fr\/wp-json\/wp\/v2\/product_brand?post=482"},{"taxonomy":"product_cat","embeddable":true,"href":"https:\/\/fmp-components.com\/fr\/wp-json\/wp\/v2\/product_cat?post=482"},{"taxonomy":"product_tag","embeddable":true,"href":"https:\/\/fmp-components.com\/fr\/wp-json\/wp\/v2\/product_tag?post=482"}],"curies":[{"name":"wp","href":"https:\/\/api.w.org\/{rel}","templated":true}]}}