{"id":4769,"date":"2025-01-20T07:46:09","date_gmt":"2025-01-20T07:46:09","guid":{"rendered":"https:\/\/fmp-components.com\/?page_id=8"},"modified":"2025-01-20T07:46:10","modified_gmt":"2025-01-20T07:46:10","slug":"helical-gear-rack","status":"publish","type":"product","link":"https:\/\/fmp-components.com\/fr\/product\/helical-gear-rack\/","title":{"rendered":"Cr\u00e9maill\u00e8re \u00e0 engrenages h\u00e9lico\u00efdaux"},"content":{"rendered":"<h2>Cr\u00e9maill\u00e8re \u00e0 engrenages h\u00e9lico\u00efdaux (Finition frais\u00e9e et fa\u00e7onn\u00e9e)<\/h2>\n<p><img loading=\"lazy\" decoding=\"async\" class=\"alignnone size-full wp-image-4770\" src=\"https:\/\/fmp-components.com\/wp-content\/uploads\/2025\/01\/Helical-Gear-Rack-3.webp\" alt=\"Cr\u00e9maill\u00e8re \u00e0 engrenages h\u00e9lico\u00efdaux\" width=\"1200\" height=\"350\" title=\"\" srcset=\"https:\/\/fmp-components.com\/wp-content\/uploads\/2025\/01\/Helical-Gear-Rack-3.webp 1200w, https:\/\/fmp-components.com\/wp-content\/uploads\/2025\/01\/Helical-Gear-Rack-3-980x286.webp 980w, https:\/\/fmp-components.com\/wp-content\/uploads\/2025\/01\/Helical-Gear-Rack-3-480x140.webp 480w\" sizes=\"(min-width: 0px) and (max-width: 480px) 480px, (min-width: 481px) and (max-width: 980px) 980px, (min-width: 981px) 1200px, 100vw\" \/><\/p>\n<table style=\"width: 101.848%; height: 129px;\" border=\"1\">\n<tbody>\n<tr>\n<td>Niveau de pr\u00e9cision : (JIS Grade 5) 7e25<\/td>\n<td>Durcissement : Zone de la dent c\u00e9ment\u00e9e (HRC42-48)<\/td>\n<\/tr>\n<tr>\n<td>Mat\u00e9riau : (Acier au carbone moyen S45C) C45<\/td>\n<td>Mise \u00e0 la terre lat\u00e9rale\u00a0: incluse<\/td>\n<\/tr>\n<tr>\n<td>Type : Cr\u00e9maill\u00e8re h\u00e9lico\u00efdale<\/td>\n<td>Angle de pression : 20\u00b0<\/td>\n<\/tr>\n<tr>\n<td>Traitement des dents : fraisage<\/td>\n<td>Angle d'h\u00e9lice droite : 19\u00b031\u203242\u2033<\/td>\n<\/tr>\n<\/tbody>\n<\/table>\n<h2>Sp\u00e9cifications de la cr\u00e9maill\u00e8re \u00e0 engrenages h\u00e9lico\u00efdaux\u00a0:<\/h2>\n<table border=\"1\" cellspacing=\"0\" cellpadding=\"0\">\n<tbody>\n<tr>\n<td width=\"59\">Module<\/td>\n<td width=\"71\">L<\/td>\n<td width=\"59\">L2<\/td>\n<td width=\"59\">Num\u00e9ro de dent<\/td>\n<td width=\"42\">B<\/td>\n<td width=\"35\">A0<\/td>\n<td width=\"42\">A1<\/td>\n<td width=\"47\">D<\/td>\n<td width=\"47\">je<\/td>\n<td width=\"47\">Trou n\u00b0<\/td>\n<td width=\"35\">UN<\/td>\n<td width=\"47\">C1<\/td>\n<td width=\"47\">C2<\/td>\n<td width=\"35\">E<\/td>\n<td width=\"59\">D1<\/td>\n<td width=\"59\">I1<\/td>\n<td width=\"48\">C3<\/td>\n<td width=\"82\">Erreur de pas \/300 mm<\/td>\n<\/tr>\n<tr>\n<td width=\"59\">1<\/td>\n<td width=\"71\">1000.00<\/td>\n<td width=\"59\">3.14<\/td>\n<td width=\"59\">300<\/td>\n<td width=\"42\">15<\/td>\n<td width=\"35\">15<\/td>\n<td width=\"42\">14<\/td>\n<td width=\"47\">&#8211;<\/td>\n<td width=\"47\">&#8211;<\/td>\n<td width=\"47\">&#8211;<\/td>\n<td width=\"35\">&#8211;<\/td>\n<td width=\"47\">&#8211;<\/td>\n<td width=\"47\">&#8211;<\/td>\n<td width=\"35\">&#8211;<\/td>\n<td width=\"59\">&#8211;<\/td>\n<td width=\"59\">&#8211;<\/td>\n<td width=\"48\">&#8211;<\/td>\n<td width=\"82\">0.02<\/td>\n<\/tr>\n<tr>\n<td width=\"59\">1.5<\/td>\n<td width=\"71\">1000.00<\/td>\n<td width=\"59\">6.7<\/td>\n<td width=\"59\">200<\/td>\n<td width=\"42\">19<\/td>\n<td width=\"35\">19<\/td>\n<td width=\"42\">17.5<\/td>\n<td width=\"47\">62.5<\/td>\n<td width=\"47\">125<\/td>\n<td width=\"47\">8<\/td>\n<td width=\"35\">8<\/td>\n<td width=\"47\">7<\/td>\n<td width=\"47\">11<\/td>\n<td width=\"35\">7<\/td>\n<td width=\"59\">31.7<\/td>\n<td width=\"59\">936.6<\/td>\n<td width=\"48\">5.7<\/td>\n<td width=\"82\">0.03<\/td>\n<\/tr>\n<tr>\n<td width=\"59\">2<\/td>\n<td width=\"71\">1000.00<\/td>\n<td width=\"59\">8.5<\/td>\n<td width=\"59\">150<\/td>\n<td width=\"42\">24<\/td>\n<td width=\"35\">24<\/td>\n<td width=\"42\">22<\/td>\n<td width=\"47\">62.5<\/td>\n<td width=\"47\">125<\/td>\n<td width=\"47\">8<\/td>\n<td width=\"35\">8<\/td>\n<td width=\"47\">7<\/td>\n<td width=\"47\">11<\/td>\n<td width=\"35\">7<\/td>\n<td width=\"59\">31.7<\/td>\n<td width=\"59\">936.6<\/td>\n<td width=\"48\">5.7<\/td>\n<td width=\"82\">0.031<\/td>\n<\/tr>\n<tr>\n<td width=\"59\">2.5<\/td>\n<td width=\"71\">1000.00<\/td>\n<td width=\"59\">8.5<\/td>\n<td width=\"59\">120<\/td>\n<td width=\"42\">24<\/td>\n<td width=\"35\">24<\/td>\n<td width=\"42\">21.5<\/td>\n<td width=\"47\">62.5<\/td>\n<td width=\"47\">125<\/td>\n<td width=\"47\">8<\/td>\n<td width=\"35\">9<\/td>\n<td width=\"47\">7<\/td>\n<td width=\"47\">11<\/td>\n<td width=\"35\">7<\/td>\n<td width=\"59\">31.7<\/td>\n<td width=\"59\">936.6<\/td>\n<td width=\"48\">5.7<\/td>\n<td width=\"82\">0.033<\/td>\n<\/tr>\n<tr>\n<td width=\"59\">3<\/td>\n<td width=\"71\">1000.00<\/td>\n<td width=\"59\">10.3<\/td>\n<td width=\"59\">100<\/td>\n<td width=\"42\">29<\/td>\n<td width=\"35\">29<\/td>\n<td width=\"42\">26<\/td>\n<td width=\"47\">62.5<\/td>\n<td width=\"47\">125<\/td>\n<td width=\"47\">8<\/td>\n<td width=\"35\">9<\/td>\n<td width=\"47\">10<\/td>\n<td width=\"47\">15<\/td>\n<td width=\"35\">9<\/td>\n<td width=\"59\">35.0<\/td>\n<td width=\"59\">930.0<\/td>\n<td width=\"48\">7.7<\/td>\n<td width=\"82\">0.035<\/td>\n<\/tr>\n<tr>\n<td width=\"59\">4<\/td>\n<td width=\"71\">1000.00<\/td>\n<td width=\"59\">13.8<\/td>\n<td width=\"59\">75<\/td>\n<td width=\"42\">39<\/td>\n<td width=\"35\">39<\/td>\n<td width=\"42\">35<\/td>\n<td width=\"47\">62.5<\/td>\n<td width=\"47\">125<\/td>\n<td width=\"47\">8<\/td>\n<td width=\"35\">12<\/td>\n<td width=\"47\">10<\/td>\n<td width=\"47\">15<\/td>\n<td width=\"35\">9<\/td>\n<td width=\"59\">33.3<\/td>\n<td width=\"59\">933.0<\/td>\n<td width=\"48\">7.7<\/td>\n<td width=\"82\">0.038<\/td>\n<\/tr>\n<tr>\n<td width=\"59\">5<\/td>\n<td width=\"71\">1000.00<\/td>\n<td width=\"59\">17.4<\/td>\n<td width=\"59\">60<\/td>\n<td width=\"42\">49<\/td>\n<td width=\"35\">39<\/td>\n<td width=\"42\">34<\/td>\n<td width=\"47\">62.5<\/td>\n<td width=\"47\">125<\/td>\n<td width=\"47\">8<\/td>\n<td width=\"35\">12<\/td>\n<td width=\"47\">14<\/td>\n<td width=\"47\">20<\/td>\n<td width=\"35\">13<\/td>\n<td width=\"59\">37.5<\/td>\n<td width=\"59\">925.0<\/td>\n<td width=\"48\">11.7<\/td>\n<td width=\"82\">0.04<\/td>\n<\/tr>\n<tr>\n<td width=\"59\">6<\/td>\n<td width=\"71\">1000.00<\/td>\n<td width=\"59\">20.9<\/td>\n<td width=\"59\">50<\/td>\n<td width=\"42\">59<\/td>\n<td width=\"35\">49<\/td>\n<td width=\"42\">43<\/td>\n<td width=\"47\">62.5<\/td>\n<td width=\"47\">125<\/td>\n<td width=\"47\">8<\/td>\n<td width=\"35\">16<\/td>\n<td width=\"47\">18<\/td>\n<td width=\"47\">26<\/td>\n<td width=\"35\">17<\/td>\n<td width=\"59\">37.5<\/td>\n<td width=\"59\">925.0<\/td>\n<td width=\"48\">15.7<\/td>\n<td width=\"82\">0.042<\/td>\n<\/tr>\n<tr>\n<td width=\"59\">8<\/td>\n<td width=\"71\">1000.00<\/td>\n<td width=\"59\">28.7<\/td>\n<td width=\"59\">36<\/td>\n<td width=\"42\">79<\/td>\n<td width=\"35\">79<\/td>\n<td width=\"42\">71<\/td>\n<td width=\"47\">60<\/td>\n<td width=\"47\">120<\/td>\n<td width=\"47\">8<\/td>\n<td width=\"35\">25<\/td>\n<td width=\"47\">22<\/td>\n<td width=\"47\">33<\/td>\n<td width=\"35\">21<\/td>\n<td width=\"59\">120.0<\/td>\n<td width=\"59\">720.0<\/td>\n<td width=\"48\">19.7<\/td>\n<td width=\"82\">0.045<\/td>\n<\/tr>\n<tr>\n<td width=\"59\">10<\/td>\n<td width=\"71\">1000.00<\/td>\n<td width=\"59\">35.11<\/td>\n<td width=\"59\">30<\/td>\n<td width=\"42\">99<\/td>\n<td width=\"35\">99<\/td>\n<td width=\"42\">89<\/td>\n<td width=\"47\">62.5<\/td>\n<td width=\"47\">125<\/td>\n<td width=\"47\">8<\/td>\n<td width=\"35\">32<\/td>\n<td width=\"47\">33<\/td>\n<td width=\"47\">48<\/td>\n<td width=\"35\">32<\/td>\n<td width=\"59\">125.0<\/td>\n<td width=\"59\">750.0<\/td>\n<td width=\"48\">19.7<\/td>\n<td width=\"82\">0.052<\/td>\n<\/tr>\n<\/tbody>\n<\/table>\n<h2>Informations sur le produit Cr\u00e9maill\u00e8re et pignon \u00e0 engrenage h\u00e9lico\u00efdal<\/h2>\n<table border=\"1\" width=\"100%\" cellspacing=\"0\" cellpadding=\"0\">\n<tbody>\n<tr>\n<td width=\"140\"><strong>Processus<\/strong><\/td>\n<td width=\"429\">Usinage, forgeage, fonderie, d\u00e9coupe<\/td>\n<\/tr>\n<tr>\n<td width=\"140\"><strong>Mat\u00e9riel<\/strong><\/td>\n<td width=\"429\">C45 (1045), A3 (acier \u00e0 faible teneur en carbone), 40Cr, 20CrMnTi, 42CrMo, fonte, fonte ductile, cuivre, acier inoxydable, etc., selon votre demande.<\/td>\n<\/tr>\n<tr>\n<td width=\"140\"><strong>Traitement thermique<\/strong><\/td>\n<td width=\"429\">Trempe \u00e0 haute fr\u00e9quence, c\u00e9mentation, grenaillage, trempe et revenu, nitruration<\/td>\n<\/tr>\n<tr>\n<td width=\"140\"><strong>Traitement de surface<\/strong><\/td>\n<td width=\"429\">Je propose les services suivants\u00a0: noircissement, galvanisation \u00e0 chaud, chromage dur, zingage, \u00e9lectroplacage, nickelage, sablage, peinture couleur, rev\u00eatement Dacromet, rev\u00eatement en poudre et respect des exigences du client.<\/td>\n<\/tr>\n<tr>\n<td width=\"140\"><strong>Performance<\/strong><\/td>\n<td width=\"429\">Longue dur\u00e9e de vie, haute pr\u00e9cision, haute r\u00e9sistance \u00e0 l'usure, haute robustesse, faible niveau sonore, fonctionnement fluide et stable, r\u00e9sistance \u00e0 la fatigue<\/td>\n<\/tr>\n<tr>\n<td width=\"140\"><strong>Mod\u00e8le<\/strong><\/td>\n<td width=\"429\">Normes ANSI, DIN, JIS, non standard, engrenages droits, engrenages h\u00e9lico\u00efdaux, engrenages coniques droits, engrenages coniques \u00e0 denture spirale, engrenages \u00e0 vis sans fin, cr\u00e9maill\u00e8res<\/td>\n<\/tr>\n<tr>\n<td width=\"140\"><strong>Conditionnement<\/strong><\/td>\n<td width=\"429\">Les produits sont soigneusement emball\u00e9s : sacs en plastique int\u00e9rieurs et bo\u00eetes en carton ext\u00e9rieures, ou selon les exigences du client ; apr\u00e8s un transport longue distance ou un stockage prolong\u00e9, l'emballage est ouvert ; les produits sont neufs, sans dommage ni rouille.<\/td>\n<\/tr>\n<\/tbody>\n<\/table>\n<h3>Applications des cr\u00e9maill\u00e8res \u00e0 engrenages h\u00e9lico\u00efdaux<\/h3>\n<p>Les entra\u00eenements \u00e0 cr\u00e9maill\u00e8re h\u00e9lico\u00efdale sont utilis\u00e9s dans de nombreuses applications, notamment les entra\u00eenements d'axes, les portiques et colonnes mobiles, les robots de pr\u00e9l\u00e8vement et de placement, les routeurs CNC et les syst\u00e8mes de manutention, o\u00f9 un positionnement pr\u00e9cis et une grande r\u00e9p\u00e9tabilit\u00e9 sont essentiels. Ces entra\u00eenements supportent ais\u00e9ment des charges et des cycles de service \u00e9lev\u00e9s. On les retrouve dans des secteurs tels que la manutention, l'automatisation, l'automobile, l'a\u00e9rospatiale, les machines-outils et la robotique.<\/p>\n<p><img loading=\"lazy\" decoding=\"async\" class=\"alignnone size-full wp-image-4771\" src=\"https:\/\/fmp-components.com\/wp-content\/uploads\/2025\/01\/Helical-Gear-Rack-Applications.webp\" alt=\"Applications des cr\u00e9maill\u00e8res \u00e0 engrenages h\u00e9lico\u00efdaux\" width=\"2250\" height=\"1306\" title=\"\" srcset=\"https:\/\/fmp-components.com\/wp-content\/uploads\/2025\/01\/Helical-Gear-Rack-Applications.webp 2250w, https:\/\/fmp-components.com\/wp-content\/uploads\/2025\/01\/Helical-Gear-Rack-Applications-1280x743.webp 1280w, https:\/\/fmp-components.com\/wp-content\/uploads\/2025\/01\/Helical-Gear-Rack-Applications-980x569.webp 980w, https:\/\/fmp-components.com\/wp-content\/uploads\/2025\/01\/Helical-Gear-Rack-Applications-480x279.webp 480w\" sizes=\"(min-width: 0px) and (max-width: 480px) 480px, (min-width: 481px) and (max-width: 980px) 980px, (min-width: 981px) and (max-width: 1280px) 1280px, (min-width: 1281px) 2250px, 100vw\" \/><\/p>","protected":false},"excerpt":{"rendered":"<p>Cr\u00e9maill\u00e8re \u00e0 engrenages h\u00e9lico\u00efdaux (Finition frais\u00e9e et fa\u00e7onn\u00e9e) Grade de pr\u00e9cision\u00a0: (JIS Grade 5) 7e25 Trempe\u00a0: Zone de dent c\u00e9ment\u00e9e (HRC42-48) Mat\u00e9riau\u00a0: (Acier au carbone moyen S45C) Rectification lat\u00e9rale\u00a0: Incluse Type\u00a0: Cr\u00e9maill\u00e8re \u00e0 engrenages h\u00e9lico\u00efdaux Angle de pression\u00a0: 20\u00b0 Traitement des dents\u00a0: Frais\u00e9 Angle d'h\u00e9lice \u00e0 droite\u00a0: 19\u00b0 31\u2032 42\u2033 Sp\u00e9cifications de la cr\u00e9maill\u00e8re \u00e0 engrenages h\u00e9lico\u00efdaux\u00a0: Module L L2 Nombre de dents B A0 A1 DI Nombre d'al\u00e9sages A C1 C2 E D1 [\u2026]<\/p>","protected":false},"featured_media":4772,"comment_status":"open","ping_status":"closed","template":"","meta":{"_et_pb_use_builder":"","_et_pb_old_content":"","_et_gb_content_width":""},"product_brand":[],"product_cat":[91],"product_tag":[],"class_list":{"0":"post-4769","1":"product","2":"type-product","3":"status-publish","4":"has-post-thumbnail","6":"product_cat-gear-racks","8":"first","9":"instock","10":"shipping-taxable","11":"product-type-simple"},"_links":{"self":[{"href":"https:\/\/fmp-components.com\/fr\/wp-json\/wp\/v2\/product\/4769","targetHints":{"allow":["GET"]}}],"collection":[{"href":"https:\/\/fmp-components.com\/fr\/wp-json\/wp\/v2\/product"}],"about":[{"href":"https:\/\/fmp-components.com\/fr\/wp-json\/wp\/v2\/types\/product"}],"replies":[{"embeddable":true,"href":"https:\/\/fmp-components.com\/fr\/wp-json\/wp\/v2\/comments?post=4769"}],"wp:featuredmedia":[{"embeddable":true,"href":"https:\/\/fmp-components.com\/fr\/wp-json\/wp\/v2\/media\/4772"}],"wp:attachment":[{"href":"https:\/\/fmp-components.com\/fr\/wp-json\/wp\/v2\/media?parent=4769"}],"wp:term":[{"taxonomy":"product_brand","embeddable":true,"href":"https:\/\/fmp-components.com\/fr\/wp-json\/wp\/v2\/product_brand?post=4769"},{"taxonomy":"product_cat","embeddable":true,"href":"https:\/\/fmp-components.com\/fr\/wp-json\/wp\/v2\/product_cat?post=4769"},{"taxonomy":"product_tag","embeddable":true,"href":"https:\/\/fmp-components.com\/fr\/wp-json\/wp\/v2\/product_tag?post=4769"}],"curies":[{"name":"wp","href":"https:\/\/api.w.org\/{rel}","templated":true}]}}