{"id":469,"date":"2024-12-10T08:34:34","date_gmt":"2024-12-10T08:34:34","guid":{"rendered":"https:\/\/fmp-components.com\/?page_id=8"},"modified":"2024-12-10T08:53:20","modified_gmt":"2024-12-10T08:53:20","slug":"small-excavator-cylinder","status":"publish","type":"product","link":"https:\/\/fmp-components.com\/fr\/product\/small-excavator-cylinder\/","title":{"rendered":"Petit v\u00e9rin d&#039;excavatrice"},"content":{"rendered":"<p style=\"text-align: center;\"><span style=\"font-size: 18pt;\">Petit v\u00e9rin d&#039;excavatrice<\/span><\/p>\n<p>Le v\u00e9rin pour mini-pelle est un composant hydraulique essentiel con\u00e7u pour optimiser les performances des mini-pelles lors de divers travaux de construction et d'excavation. Con\u00e7u pour durer et offrir une grande efficacit\u00e9, ce v\u00e9rin facilite les mouvements indispensables, tels que le levage, le creusement et les man\u0153uvres, garantissant ainsi une grande pr\u00e9cision d'utilisation.<\/p>\n<p><img loading=\"lazy\" decoding=\"async\" class=\"size-full wp-image-483 aligncenter\" src=\"https:\/\/fmp-components.com\/wp-content\/uploads\/2024\/12\/Small-Excavator-Cylinder.webp\" alt=\"Cylindre de petite excavatrice\" width=\"760\" height=\"533\" title=\"\" srcset=\"https:\/\/fmp-components.com\/wp-content\/uploads\/2024\/12\/Small-Excavator-Cylinder.webp 760w, https:\/\/fmp-components.com\/wp-content\/uploads\/2024\/12\/Small-Excavator-Cylinder-480x337.webp 480w\" sizes=\"(min-width: 0px) and (max-width: 480px) 480px, (min-width: 481px) 760px, 100vw\" \/><\/p>\n<h4>Caract\u00e9ristiques principales :<\/h4>\n<ul>\n<li>Construction robuste : Fabriqu\u00e9 \u00e0 partir de mat\u00e9riaux \u00e0 haute r\u00e9sistance, le cylindre de la petite excavatrice est con\u00e7u pour r\u00e9sister aux conditions exigeantes des chantiers de construction, offrant une fiabilit\u00e9 et des performances durables.<\/li>\n<li>Fonctionnalit\u00e9s polyvalentes\u00a0: ce v\u00e9rin prend en charge diverses fonctions, notamment le fonctionnement de la fl\u00e8che, du bras, du godet et des accessoires, ce qui le rend essentiel au fonctionnement global de la pelle hydraulique.<\/li>\n<li>Performances hydrauliques efficaces\u00a0: Con\u00e7u pour un fonctionnement fluide et r\u00e9actif, le syst\u00e8me hydraulique permet aux op\u00e9rateurs d\u2019effectuer des t\u00e2ches avec pr\u00e9cision, am\u00e9liorant ainsi la productivit\u00e9 dans les op\u00e9rations de creusement, de nivellement et de manutention des mat\u00e9riaux.<\/li>\n<li>Conception compacte\u00a0: La conception compacte du cylindre permet une int\u00e9gration facile dans les petites excavatrices, am\u00e9liorant leur maniabilit\u00e9 dans les espaces restreints tout en maintenant des performances robustes.<\/li>\n<li>Faibles exigences d'entretien\u00a0: Con\u00e7u pour durer, le petit v\u00e9rin d'excavatrice n\u00e9cessite un entretien minimal, r\u00e9duisant ainsi les temps d'arr\u00eat et contribuant \u00e0 l'efficacit\u00e9 globale des op\u00e9rations.<\/li>\n<\/ul>\n<p>Le v\u00e9rin pour petite pelle est un composant essentiel qui am\u00e9liore la fonctionnalit\u00e9 et la polyvalence des petites pelles, en faisant des outils efficaces pour une large gamme d'applications dans la construction, l'am\u00e9nagement paysager et l'excavation.<\/p>\n<h2>Sp\u00e9cifications du v\u00e9rin de bras pour petite pelle hydraulique\u00a0:<\/h2>\n<p>Le v\u00e9rin de bras, \u00e9galement appel\u00e9 v\u00e9rin de fl\u00e8che, assure l'extension et la r\u00e9traction du bras de l'excavatrice. Ce v\u00e9rin fournit la force n\u00e9cessaire pour lever et abaisser le bras, permettant ainsi des mouvements pr\u00e9cis lors des travaux d'excavation et de manutention de mat\u00e9riaux.<\/p>\n<h2><img loading=\"lazy\" decoding=\"async\" class=\"size-full wp-image-471 aligncenter\" src=\"https:\/\/fmp-components.com\/wp-content\/uploads\/2024\/12\/Small-Excavator-Cylinder1.webp\" alt=\"Petit v\u00e9rin d&#039;excavatrice\" width=\"500\" height=\"200\" title=\"\" srcset=\"https:\/\/fmp-components.com\/wp-content\/uploads\/2024\/12\/Small-Excavator-Cylinder1.webp 500w, https:\/\/fmp-components.com\/wp-content\/uploads\/2024\/12\/Small-Excavator-Cylinder1-480x192.webp 480w\" sizes=\"(min-width: 0px) and (max-width: 480px) 480px, (min-width: 481px) 500px, 100vw\" \/><\/h2>\n<table style=\"width: 100%;\" border=\"1\" width=\"100%\" cellspacing=\"0\" cellpadding=\"0\">\n<tbody>\n<tr>\n<td>Nom du produit<\/td>\n<td>Petit v\u00e9rin de pelle hydraulique<\/td>\n<\/tr>\n<tr>\n<td>Caract\u00e9ristiques:<\/td>\n<td>Contr\u00f4ler le mouvement de l'avant-bras<\/td>\n<\/tr>\n<tr>\n<td>Diam\u00e8tre d&#039;al\u00e9sage :<\/td>\n<td>50 mm \u00e0 115 mm<\/td>\n<\/tr>\n<tr>\n<td>Diam\u00e8tre de la tige :<\/td>\n<td>25 mm \u00e0 70 mm<br \/>\nCourse \u2264 1000 mm<\/td>\n<\/tr>\n<tr>\n<td>Force de pouss\u00e9e :<\/td>\n<td>Maximum 305 kN<\/td>\n<\/tr>\n<tr>\n<td>Diam\u00e8tre d&#039;al\u00e9sage :<\/td>\n<td>115 mm\/pression 29,4 MPa)<\/td>\n<\/tr>\n<\/tbody>\n<\/table>\n<h2><\/h2>\n<h2><img loading=\"lazy\" decoding=\"async\" class=\"alignnone size-full wp-image-472\" src=\"https:\/\/fmp-components.com\/wp-content\/uploads\/2024\/12\/Small-Excavator-Cylinder1-1.webp\" alt=\"Petit v\u00e9rin d&#039;excavatrice\" width=\"828\" height=\"416\" title=\"\" srcset=\"https:\/\/fmp-components.com\/wp-content\/uploads\/2024\/12\/Small-Excavator-Cylinder1-1.webp 828w, https:\/\/fmp-components.com\/wp-content\/uploads\/2024\/12\/Small-Excavator-Cylinder1-1-480x241.webp 480w\" sizes=\"(min-width: 0px) and (max-width: 480px) 480px, (min-width: 481px) 828px, 100vw\" \/><\/h2>\n<h2>Sp\u00e9cifications du v\u00e9rin de godet pour petite pelle m\u00e9canique\u00a0:<\/h2>\n<p>Le v\u00e9rin du godet actionne ce dernier, permettant son inclinaison et le d\u00e9versement des mat\u00e9riaux. Ce v\u00e9rin est essentiel pour l'excavation, le pelletage et le chargement, fournissant la puissance n\u00e9cessaire \u00e0 une manipulation efficace du godet.<\/p>\n<h2><img loading=\"lazy\" decoding=\"async\" class=\"size-full wp-image-473 aligncenter\" src=\"https:\/\/fmp-components.com\/wp-content\/uploads\/2024\/12\/Small-Excavator-Cylinder2.webp\" alt=\"Petit v\u00e9rin d&#039;excavatrice\" width=\"500\" height=\"200\" title=\"\" srcset=\"https:\/\/fmp-components.com\/wp-content\/uploads\/2024\/12\/Small-Excavator-Cylinder2.webp 500w, https:\/\/fmp-components.com\/wp-content\/uploads\/2024\/12\/Small-Excavator-Cylinder2-480x192.webp 480w\" sizes=\"(min-width: 0px) and (max-width: 480px) 480px, (min-width: 481px) 500px, 100vw\" \/><\/h2>\n<table style=\"width: 100%;\" border=\"1\" width=\"100%\" cellspacing=\"0\" cellpadding=\"0\">\n<tbody>\n<tr>\n<td>Nom du produit<\/td>\n<td>Petit v\u00e9rin de godet d'excavatrice<\/td>\n<\/tr>\n<tr>\n<td>Caract\u00e9ristiques:<\/td>\n<td>Contr\u00f4ler l'action du godet<\/td>\n<\/tr>\n<tr>\n<td>Diam\u00e8tre d&#039;al\u00e9sage :<\/td>\n<td>50 mm \u00e0 105 mm<\/td>\n<\/tr>\n<tr>\n<td>Diam\u00e8tre de la tige :<\/td>\n<td>25 mm \u00e0 70 mm<br \/>\nCourse \u2264 1000 mm<\/td>\n<\/tr>\n<tr>\n<td>Force de pouss\u00e9e :<\/td>\n<td>Maximum 255 kN<\/td>\n<\/tr>\n<tr>\n<td>Diam\u00e8tre d&#039;al\u00e9sage :<\/td>\n<td>105 mm \/ pression 29,4 MPa<\/td>\n<\/tr>\n<\/tbody>\n<\/table>\n<h2><\/h2>\n<h2><img loading=\"lazy\" decoding=\"async\" class=\"alignnone size-full wp-image-474\" src=\"https:\/\/fmp-components.com\/wp-content\/uploads\/2024\/12\/Small-Excavator-Cylinder2-1.webp\" alt=\"Petit v\u00e9rin d&#039;excavatrice\" width=\"847\" height=\"410\" title=\"\" srcset=\"https:\/\/fmp-components.com\/wp-content\/uploads\/2024\/12\/Small-Excavator-Cylinder2-1.webp 847w, https:\/\/fmp-components.com\/wp-content\/uploads\/2024\/12\/Small-Excavator-Cylinder2-1-480x232.webp 480w\" sizes=\"(min-width: 0px) and (max-width: 480px) 480px, (min-width: 481px) 847px, 100vw\" \/><\/h2>\n<h2>Sp\u00e9cifications du v\u00e9rin de fl\u00e8che pour petite pelle hydraulique\u00a0:<\/h2>\n<p>Le v\u00e9rin de fl\u00e8che contr\u00f4le le mouvement de la fl\u00e8che de l'excavatrice, lui permettant de se lever et de s'abaisser. Ce v\u00e9rin est essentiel pour atteindre diff\u00e9rentes hauteurs et profondeurs, permettant ainsi \u00e0 l'excavatrice d'effectuer diverses t\u00e2ches avec pr\u00e9cision.<\/p>\n<h2><img loading=\"lazy\" decoding=\"async\" class=\"size-full wp-image-475 aligncenter\" src=\"https:\/\/fmp-components.com\/wp-content\/uploads\/2024\/12\/Small-Excavator-Cylinder3.webp\" alt=\"Petit v\u00e9rin d&#039;excavatrice\" width=\"500\" height=\"200\" title=\"\" srcset=\"https:\/\/fmp-components.com\/wp-content\/uploads\/2024\/12\/Small-Excavator-Cylinder3.webp 500w, https:\/\/fmp-components.com\/wp-content\/uploads\/2024\/12\/Small-Excavator-Cylinder3-480x192.webp 480w\" sizes=\"(min-width: 0px) and (max-width: 480px) 480px, (min-width: 481px) 500px, 100vw\" \/><\/h2>\n<table style=\"width: 100%;\" border=\"1\" width=\"100%\" cellspacing=\"0\" cellpadding=\"0\">\n<tbody>\n<tr>\n<td>Nom du produit<\/td>\n<td>V\u00e9rin de fl\u00e8che pour petite excavatrice<\/td>\n<\/tr>\n<tr>\n<td>Caract\u00e9ristiques:<\/td>\n<td>Contr\u00f4ler le mouvement de levage du gros bras<\/td>\n<\/tr>\n<tr>\n<td>Diam\u00e8tre d&#039;al\u00e9sage :<\/td>\n<td>50 mm \u00e0 125 mm<\/td>\n<\/tr>\n<tr>\n<td>Diam\u00e8tre de la tige :<\/td>\n<td>25 mm \u00e0 75 mm<br \/>\nCourse \u2264 1000 mm<\/td>\n<\/tr>\n<tr>\n<td>Force de pouss\u00e9e :<\/td>\n<td>Maximum 361KN<\/td>\n<\/tr>\n<tr>\n<td>Diam\u00e8tre d&#039;al\u00e9sage :<\/td>\n<td>125 mm \/ pression 29,4 MPa<\/td>\n<\/tr>\n<\/tbody>\n<\/table>\n<h2><\/h2>\n<h2><img loading=\"lazy\" decoding=\"async\" class=\"alignnone size-full wp-image-476\" src=\"https:\/\/fmp-components.com\/wp-content\/uploads\/2024\/12\/Small-Excavator-Cylinder3-1.webp\" alt=\"Petit v\u00e9rin d&#039;excavatrice\" width=\"874\" height=\"394\" title=\"\" srcset=\"https:\/\/fmp-components.com\/wp-content\/uploads\/2024\/12\/Small-Excavator-Cylinder3-1.webp 874w, https:\/\/fmp-components.com\/wp-content\/uploads\/2024\/12\/Small-Excavator-Cylinder3-1-480x216.webp 480w\" sizes=\"(min-width: 0px) and (max-width: 480px) 480px, (min-width: 481px) 874px, 100vw\" \/><\/h2>\n<h2>Sp\u00e9cifications du v\u00e9rin de bulldozer pour petite excavatrice\u00a0:<\/h2>\n<p>Le v\u00e9rin de bulldozer sert \u00e0 contr\u00f4ler la lame de la pelle hydraulique, permettant un nivellement et un terrassement pr\u00e9cis du terrain. Ce v\u00e9rin accro\u00eet la polyvalence de la pelle hydraulique, la rendant adapt\u00e9e \u00e0 des t\u00e2ches telles que la pr\u00e9paration de chantier et les travaux de terrassement.<\/p>\n<h2><img loading=\"lazy\" decoding=\"async\" class=\"size-full wp-image-477 aligncenter\" src=\"https:\/\/fmp-components.com\/wp-content\/uploads\/2024\/12\/Small-Excavator-Cylinder4.webp\" alt=\"Petit v\u00e9rin d&#039;excavatrice\" width=\"500\" height=\"200\" title=\"\" srcset=\"https:\/\/fmp-components.com\/wp-content\/uploads\/2024\/12\/Small-Excavator-Cylinder4.webp 500w, https:\/\/fmp-components.com\/wp-content\/uploads\/2024\/12\/Small-Excavator-Cylinder4-480x192.webp 480w\" sizes=\"(min-width: 0px) and (max-width: 480px) 480px, (min-width: 481px) 500px, 100vw\" \/><\/h2>\n<table style=\"width: 100%;\" border=\"1\" width=\"100%\" cellspacing=\"0\" cellpadding=\"0\">\n<tbody>\n<tr>\n<td>Nom du produit<\/td>\n<td>Cylindre de bulldozer pour petite excavatrice<\/td>\n<\/tr>\n<tr>\n<td>Caract\u00e9ristiques:<\/td>\n<td>Contr\u00f4lez l'action du bulldozer<\/td>\n<\/tr>\n<tr>\n<td>Diam\u00e8tre d&#039;al\u00e9sage :<\/td>\n<td>50 mm \u00e0 140 mm<\/td>\n<\/tr>\n<tr>\n<td>Diam\u00e8tre de la tige :<\/td>\n<td>25 mm \u00e0 80 mm<br \/>\nCourse \u2264 250 mm<\/td>\n<\/tr>\n<tr>\n<td>Force de pouss\u00e9e :<\/td>\n<td>Maximum 453 kN<\/td>\n<\/tr>\n<tr>\n<td>Diam\u00e8tre d&#039;al\u00e9sage :<\/td>\n<td>140 mm \/ pression 29,4 MPa<\/td>\n<\/tr>\n<\/tbody>\n<\/table>\n<h2><\/h2>\n<h2><img loading=\"lazy\" decoding=\"async\" class=\"alignnone size-full wp-image-478\" src=\"https:\/\/fmp-components.com\/wp-content\/uploads\/2024\/12\/Small-Excavator-Cylinder4-1.webp\" alt=\"Petit v\u00e9rin d&#039;excavatrice\" width=\"847\" height=\"401\" title=\"\" srcset=\"https:\/\/fmp-components.com\/wp-content\/uploads\/2024\/12\/Small-Excavator-Cylinder4-1.webp 847w, https:\/\/fmp-components.com\/wp-content\/uploads\/2024\/12\/Small-Excavator-Cylinder4-1-480x227.webp 480w\" sizes=\"(min-width: 0px) and (max-width: 480px) 480px, (min-width: 481px) 847px, 100vw\" \/><\/h2>\n<h2>Sp\u00e9cifications de l'actionneur rotatif pour petite pelle m\u00e9canique\u00a0:<\/h2>\n<p>Le v\u00e9rin rotatif assure le mouvement de rotation des accessoires tels que les tari\u00e8res ou les grappins. Ce composant permet \u00e0 la pelle m\u00e9canique d'effectuer des t\u00e2ches n\u00e9cessitant des mouvements de pivotement ou de rotation, ce qui accro\u00eet sa flexibilit\u00e9 op\u00e9rationnelle.<\/p>\n<h2><img loading=\"lazy\" decoding=\"async\" class=\"size-full wp-image-479 aligncenter\" src=\"https:\/\/fmp-components.com\/wp-content\/uploads\/2024\/12\/Small-Excavator-Cylinder5.webp\" alt=\"Petit v\u00e9rin d&#039;excavatrice\" width=\"500\" height=\"200\" title=\"\" srcset=\"https:\/\/fmp-components.com\/wp-content\/uploads\/2024\/12\/Small-Excavator-Cylinder5.webp 500w, https:\/\/fmp-components.com\/wp-content\/uploads\/2024\/12\/Small-Excavator-Cylinder5-480x192.webp 480w\" sizes=\"(min-width: 0px) and (max-width: 480px) 480px, (min-width: 481px) 500px, 100vw\" \/><\/h2>\n<table style=\"width: 100%;\" border=\"1\" width=\"100%\" cellspacing=\"0\" cellpadding=\"0\">\n<tbody>\n<tr style=\"height: 23px;\">\n<td style=\"height: 23px;\">Nom du produit<\/td>\n<td style=\"height: 23px;\">Actionneur rotatif pour petite excavatrice<\/td>\n<\/tr>\n<tr style=\"height: 23px;\">\n<td style=\"height: 23px;\">Caract\u00e9ristiques:<\/td>\n<td style=\"height: 23px;\">D\u00e9viation du grand bras<\/td>\n<\/tr>\n<tr style=\"height: 23px;\">\n<td style=\"height: 23px;\">Diam\u00e8tre d&#039;al\u00e9sage :<\/td>\n<td style=\"height: 23px;\">50 mm \u00e0 120 mm<\/td>\n<\/tr>\n<tr style=\"height: 47px;\">\n<td style=\"height: 47px;\">Diam\u00e8tre de la tige :<\/td>\n<td style=\"height: 47px;\">25 mm \u00e0 75 mm<br \/>\nCourse \u2264 1000 mm<\/td>\n<\/tr>\n<tr style=\"height: 23px;\">\n<td style=\"height: 23px;\">Force de pouss\u00e9e :<\/td>\n<td style=\"height: 23px;\">Maximum 333 kN<\/td>\n<\/tr>\n<tr style=\"height: 23px;\">\n<td style=\"height: 23px;\">Diam\u00e8tre d&#039;al\u00e9sage :<\/td>\n<td style=\"height: 23px;\">120 mm \/ pression 29,4 MPa<\/td>\n<\/tr>\n<\/tbody>\n<\/table>\n<h2><\/h2>\n<h2><img loading=\"lazy\" decoding=\"async\" class=\"alignnone size-full wp-image-480\" src=\"https:\/\/fmp-components.com\/wp-content\/uploads\/2024\/12\/Small-Excavator-Cylinder5-1.webp\" alt=\"Petit v\u00e9rin d&#039;excavatrice\" width=\"849\" height=\"392\" title=\"\" srcset=\"https:\/\/fmp-components.com\/wp-content\/uploads\/2024\/12\/Small-Excavator-Cylinder5-1.webp 849w, https:\/\/fmp-components.com\/wp-content\/uploads\/2024\/12\/Small-Excavator-Cylinder5-1-480x222.webp 480w\" sizes=\"(min-width: 0px) and (max-width: 480px) 480px, (min-width: 481px) 849px, 100vw\" \/><\/h2>\n<h2>\u00c0 propos de FMP<\/h2>\n<p>FMP est une entreprise de fabrication m\u00e9canique sp\u00e9cialis\u00e9e dans la production de v\u00e9rins hydrauliques. Depuis sa cr\u00e9ation, l&#039;entreprise s&#039;est concentr\u00e9e sur la recherche et la fabrication de technologies hydrauliques, passant avec succ\u00e8s d&#039;une gamme de produits diversifi\u00e9e, incluant les machines de r\u00e9colte et de construction, \u00e0 une sp\u00e9cialisation dans les composants de tracteurs agricoles. Forte de plus de dix ans d&#039;exp\u00e9rience en fabrication et en gestion, FMP garantit des produits de haute qualit\u00e9 gr\u00e2ce \u00e0 des techniques de production avanc\u00e9es.<\/p>\n<p>Au fil de son \u00e9volution, l&#039;entreprise a d\u00e9velopp\u00e9 une ligne compl\u00e8te de production d&#039;usinage, d&#039;assemblage et de rev\u00eatement. Notre \u00e9quipe est compos\u00e9e d&#039;un personnel de direction qualifi\u00e9, de concepteurs m\u00e9caniques exp\u00e9riment\u00e9s et de techniciens hautement qualifi\u00e9s qui travaillent ensemble pour maintenir une qualit\u00e9 de production stable tout en contr\u00f4lant efficacement la continuit\u00e9 et l&#039;efficacit\u00e9 des processus.<\/p>\n<p>FMP adh\u00e8re \u00e0 la philosophie suivante\u00a0: \u00ab\u00a0L&#039;innovation technologique est le moteur du progr\u00e8s, la qualit\u00e9 cr\u00e9e des marques, le savoir-faire garantit la qualit\u00e9 et \u00e9tablit des relations gagnant-gagnant \u00e0 long terme.\u00a0\u00bb Notre engagement \u00e0 fournir des produits de haute qualit\u00e9 et un service client irr\u00e9prochable demeure un objectif essentiel pour r\u00e9pondre aux besoins changeants du march\u00e9.<\/p>\n<p><img loading=\"lazy\" decoding=\"async\" class=\"alignnone size-full wp-image-426\" src=\"https:\/\/fmp-components.com\/wp-content\/uploads\/2024\/12\/Sanitation-Machinery-Locking-Hydraulic-Cylinder-factory.webp\" sizes=\"(min-width: 0px) and (max-width: 480px) 480px, (min-width: 481px) and (max-width: 980px) 980px, (min-width: 981px) and (max-width: 1280px) 1280px, (min-width: 1281px) 1414px, 100vw\" srcset=\"https:\/\/fmp-components.com\/wp-content\/uploads\/2024\/12\/Sanitation-Machinery-Locking-Hydraulic-Cylinder-factory.webp 1414w, https:\/\/fmp-components.com\/wp-content\/uploads\/2024\/12\/Sanitation-Machinery-Locking-Hydraulic-Cylinder-factory-1280x529.webp 1280w, https:\/\/fmp-components.com\/wp-content\/uploads\/2024\/12\/Sanitation-Machinery-Locking-Hydraulic-Cylinder-factory-980x405.webp 980w, https:\/\/fmp-components.com\/wp-content\/uploads\/2024\/12\/Sanitation-Machinery-Locking-Hydraulic-Cylinder-factory-480x198.webp 480w\" alt=\"Usine de machines sanitaires, de verrouillage, de v\u00e9rins hydrauliques\" width=\"1414\" height=\"584\" title=\"\"><\/p>\n<p>Auteur : CX<\/p>","protected":false},"excerpt":{"rendered":"<p>Le v\u00e9rin de mini-pelle est un composant hydraulique essentiel con\u00e7u pour assurer des mouvements puissants et pr\u00e9cis. Ce v\u00e9rin facilite diverses fonctions, telles que le levage, le creusement et l'inclinaison, garantissant ainsi le bon fonctionnement de la machine. Fabriqu\u00e9 \u00e0 partir de mat\u00e9riaux haute r\u00e9sistance, il est con\u00e7u pour r\u00e9sister aux conditions exigeantes des chantiers de construction et d'excavation, offrant durabilit\u00e9 et fiabilit\u00e9. Sa conception compacte permet une int\u00e9gration ais\u00e9e dans les mini-pelles, am\u00e9liorant la maniabilit\u00e9 dans les espaces restreints. Gr\u00e2ce \u00e0 ses performances hydrauliques optimales, le v\u00e9rin de mini-pelle contribue grandement \u00e0 l'optimisation des capacit\u00e9s de la machine pour une large gamme d'applications.<\/p>","protected":false},"featured_media":470,"comment_status":"open","ping_status":"closed","template":"","meta":{"_et_pb_use_builder":"","_et_pb_old_content":"","_et_gb_content_width":""},"product_brand":[],"product_cat":[25],"product_tag":[],"class_list":{"0":"post-469","1":"product","2":"type-product","3":"status-publish","4":"has-post-thumbnail","6":"product_cat-mobile-machinery-hydraulic-cylinder","8":"first","9":"instock","10":"shipping-taxable","11":"product-type-simple"},"_links":{"self":[{"href":"https:\/\/fmp-components.com\/fr\/wp-json\/wp\/v2\/product\/469","targetHints":{"allow":["GET"]}}],"collection":[{"href":"https:\/\/fmp-components.com\/fr\/wp-json\/wp\/v2\/product"}],"about":[{"href":"https:\/\/fmp-components.com\/fr\/wp-json\/wp\/v2\/types\/product"}],"replies":[{"embeddable":true,"href":"https:\/\/fmp-components.com\/fr\/wp-json\/wp\/v2\/comments?post=469"}],"wp:featuredmedia":[{"embeddable":true,"href":"https:\/\/fmp-components.com\/fr\/wp-json\/wp\/v2\/media\/470"}],"wp:attachment":[{"href":"https:\/\/fmp-components.com\/fr\/wp-json\/wp\/v2\/media?parent=469"}],"wp:term":[{"taxonomy":"product_brand","embeddable":true,"href":"https:\/\/fmp-components.com\/fr\/wp-json\/wp\/v2\/product_brand?post=469"},{"taxonomy":"product_cat","embeddable":true,"href":"https:\/\/fmp-components.com\/fr\/wp-json\/wp\/v2\/product_cat?post=469"},{"taxonomy":"product_tag","embeddable":true,"href":"https:\/\/fmp-components.com\/fr\/wp-json\/wp\/v2\/product_tag?post=469"}],"curies":[{"name":"wp","href":"https:\/\/api.w.org\/{rel}","templated":true}]}}