{"id":461,"date":"2024-12-10T07:39:51","date_gmt":"2024-12-10T07:39:51","guid":{"rendered":"https:\/\/fmp-components.com\/?page_id=8"},"modified":"2024-12-10T07:43:11","modified_gmt":"2024-12-10T07:43:11","slug":"crane-spring-hydraulic-cylinder","status":"publish","type":"product","link":"https:\/\/fmp-components.com\/fr\/product\/crane-spring-hydraulic-cylinder\/","title":{"rendered":"V\u00e9rin hydraulique \u00e0 ressort de grue"},"content":{"rendered":"<p style=\"text-align: center;\"><span style=\"font-size: 18pt;\">V\u00e9rin hydraulique \u00e0 ressort de grue<\/span><\/p>\n<p>Le v\u00e9rin hydraulique \u00e0 ressort pour grue est un composant essentiel con\u00e7u pour assurer le support dynamique et la stabilit\u00e9 des grues lors des op\u00e9rations de levage. Ce v\u00e9rin hydraulique associe un m\u00e9canisme \u00e0 ressort \u00e0 la pression hydraulique pour permettre des mouvements fluides et contr\u00f4l\u00e9s, facilitant ainsi la manutention efficace des charges.<\/p>\n<p><img loading=\"lazy\" decoding=\"async\" class=\"size-full wp-image-465 aligncenter\" src=\"https:\/\/fmp-components.com\/wp-content\/uploads\/2024\/12\/Crane-Spring-Hydraulic-Cylinder.jpg\" alt=\"V\u00e9rin hydraulique \u00e0 ressort de grue\" width=\"500\" height=\"500\" title=\"\" srcset=\"https:\/\/fmp-components.com\/wp-content\/uploads\/2024\/12\/Crane-Spring-Hydraulic-Cylinder.jpg 500w, https:\/\/fmp-components.com\/wp-content\/uploads\/2024\/12\/Crane-Spring-Hydraulic-Cylinder-480x480.jpg 480w\" sizes=\"(min-width: 0px) and (max-width: 480px) 480px, (min-width: 481px) 500px, 100vw\" \/><\/p>\n<h4>Caract\u00e9ristiques principales :<\/h4>\n<ul>\n<li>Construction durable : Fabriqu\u00e9 \u00e0 partir de mat\u00e9riaux \u00e0 haute r\u00e9sistance, le v\u00e9rin hydraulique \u00e0 ressort de la grue est con\u00e7u pour r\u00e9sister aux conditions exigeantes des environnements de construction et industriels, garantissant une durabilit\u00e9 et une fiabilit\u00e9 \u00e0 long terme.<\/li>\n<li>Support dynamique : Le m\u00e9canisme \u00e0 ressort int\u00e9gr\u00e9 contribue au maintien de l'\u00e9quilibre et de la stabilit\u00e9 pendant les op\u00e9rations de levage, am\u00e9liorant ainsi la s\u00e9curit\u00e9 et r\u00e9duisant le risque de basculement.<\/li>\n<li>Fonctionnement fluide : Le syst\u00e8me hydraulique avanc\u00e9 permet des mouvements fluides et r\u00e9actifs, permettant aux op\u00e9rateurs d'ajuster rapidement la position de la grue lors de la manutention des charges.<\/li>\n<li>Application polyvalente\u00a0: Adapt\u00e9 \u00e0 diff\u00e9rents types de grues, y compris les grues mobiles et les grues \u00e0 tour, ce v\u00e9rin hydraulique s\u2019int\u00e8gre facilement dans diff\u00e9rents syst\u00e8mes de levage, ce qui en fait une solution polyvalente pour une large gamme d\u2019applications.<\/li>\n<li>Faibles exigences d'entretien\u00a0: Con\u00e7u pour l'efficacit\u00e9 et la durabilit\u00e9, le v\u00e9rin hydraulique \u00e0 ressort de la grue n\u00e9cessite un entretien minimal, contribuant ainsi \u00e0 r\u00e9duire les temps d'arr\u00eat et \u00e0 augmenter la productivit\u00e9.<\/li>\n<\/ul>\n<p>Le v\u00e9rin hydraulique \u00e0 ressort de grue est un composant essentiel qui am\u00e9liore les performances et la s\u00e9curit\u00e9 des grues en fournissant un support dynamique et en facilitant les op\u00e9rations de levage en douceur, ce qui le rend indispensable pour une manutention efficace des charges dans diverses applications.<\/p>\n<h2>Dimensions du v\u00e9rin hydraulique \u00e0 ressort de grue\u00a0:<\/h2>\n<table>\n<tbody>\n<tr>\n<td>\n<h2><img loading=\"lazy\" decoding=\"async\" class=\"alignnone size-full wp-image-462\" src=\"https:\/\/fmp-components.com\/wp-content\/uploads\/2024\/12\/Crane-Spring-Hydraulic-Cylinder-Dimensions-1.webp\" alt=\"Dimensions du v\u00e9rin hydraulique \u00e0 ressort de grue\" width=\"980\" height=\"517\" title=\"\" srcset=\"https:\/\/fmp-components.com\/wp-content\/uploads\/2024\/12\/Crane-Spring-Hydraulic-Cylinder-Dimensions-1.webp 980w, https:\/\/fmp-components.com\/wp-content\/uploads\/2024\/12\/Crane-Spring-Hydraulic-Cylinder-Dimensions-1-480x253.webp 480w\" sizes=\"(min-width: 0px) and (max-width: 480px) 480px, (min-width: 481px) 980px, 100vw\" \/><\/h2>\n<\/td>\n<td>\n<h2><img loading=\"lazy\" decoding=\"async\" class=\"alignnone size-full wp-image-463\" src=\"https:\/\/fmp-components.com\/wp-content\/uploads\/2024\/12\/Crane-Spring-Hydraulic-Cylinder-Dimensions-2.webp\" alt=\"Dimensions du v\u00e9rin hydraulique \u00e0 ressort de grue\" width=\"980\" height=\"517\" title=\"\" srcset=\"https:\/\/fmp-components.com\/wp-content\/uploads\/2024\/12\/Crane-Spring-Hydraulic-Cylinder-Dimensions-2.webp 980w, https:\/\/fmp-components.com\/wp-content\/uploads\/2024\/12\/Crane-Spring-Hydraulic-Cylinder-Dimensions-2-480x253.webp 480w\" sizes=\"(min-width: 0px) and (max-width: 480px) 480px, (min-width: 481px) 980px, 100vw\" \/><\/h2>\n<\/td>\n<\/tr>\n<\/tbody>\n<\/table>\n<table style=\"width: 100%; height: 118px;\" border=\"1\" cellspacing=\"0\" cellpadding=\"0\">\n<tbody>\n<tr style=\"height: 71px;\">\n<td style=\"height: 71px;\" width=\"246\">Nom du cylindre<\/td>\n<td style=\"height: 71px;\" width=\"336\">Num\u00e9ro de dessin<\/td>\n<td style=\"height: 71px;\" width=\"126\">Diam\u00e8tre d&#039;al\u00e9sage (D)<\/td>\n<td style=\"height: 71px;\" width=\"123\">Diam\u00e8tre de la tige (d)<\/td>\n<td style=\"height: 71px;\" width=\"114\">AVC (S)<\/td>\n<td style=\"height: 71px;\" width=\"170\">Distance d&#039;installation (L)<\/td>\n<td style=\"height: 71px;\" width=\"172\">Pression de travail<\/td>\n<td style=\"height: 71px;\" width=\"366\">Dimensions de l&#039;interface (M)<\/td>\n<td style=\"height: 71px;\" width=\"96\">Poids<\/td>\n<\/tr>\n<tr style=\"height: 47px;\">\n<td class=\"et3\" style=\"height: 47px;\" width=\"246\" height=\"360\">cylindre \u00e0 ressort<\/td>\n<td class=\"et4\" style=\"height: 47px;\" width=\"336\">ZXYG24.01-00<\/td>\n<td class=\"et4\" style=\"height: 47px;\" width=\"126\">\u03a663<\/td>\n<td class=\"et4\" style=\"height: 47px;\" width=\"123\">\u03a632<\/td>\n<td class=\"et4\" style=\"height: 47px;\" width=\"114\">25<\/td>\n<td class=\"et4\" style=\"height: 47px;\" width=\"170\">267<\/td>\n<td class=\"et4\" style=\"height: 47px;\" width=\"172\">4 MPa<\/td>\n<td class=\"et4\" style=\"height: 47px;\" width=\"366\">G1\/4<\/td>\n<td class=\"et4\" style=\"height: 47px;\" width=\"96\">6,5 kg<\/td>\n<\/tr>\n<\/tbody>\n<\/table>\n<h2>Cylindre hydraulique Marques et mod\u00e8les disponibles :<\/h2>\n<table border=\"1\" cellspacing=\"0\" cellpadding=\"0\">\n<tbody>\n<tr>\n<td><span data-spm-anchor-id=\"a2700.details.0.i43.45d84a73e99C9z\">KOMATSU (PC)<\/span><\/td>\n<td>PC30, PC40, PC50, PC56, PC60, PC78, PC100, PC110, PC120, PC130, PC160, PC200-3\/5\/6\/7\/8\/8MO, PC210, PC220-5\/6\/7\/8\/8MO, PC240, PC300\/350\/360-5\/6\/7\/8\/8MO, PC400\/450-5\/6\/7\/8\/8MO, PC800, PC850<\/td>\n<\/tr>\n<tr>\n<td>CHENILLE (E)<\/td>\n<td>E301.5, E302, E305.5, E306, E307V1\/V2\/B\/C\/D\/E\/F, E308B\/C, E120B, E312V1\/V2\/B\/C\/D, E313D2, E312D2, E315D,<br \/>\nE200B,E320V1\/V2\/A\/B\/C\/D,E324D,E325C\/D,E329D,E330\/336C\/D,E345C,E349D,E365C,E374,E390<\/td>\n<\/tr>\n<tr>\n<td>KOBELCO (Saskatchewan)<\/td>\n<td>SK60-3\/5\/8, SK75-8\/SR, SK100, SK120-3\/5, SK135-8\/SR, SK140-8, SK200-3\/5\/6\/6E, SK210-3\/5\/6\/6E,<br \/>\nSK230\/250-6E,SK250-8,SK260-8,SK350-8\/S8,SK460\/480-8<\/td>\n<\/tr>\n<tr>\n<td>HYUNDAI (R)<\/td>\n<td>R55-5\/7, R60-5\/7, R80, R110, R130, R200-5, R210-5, R215-5\/7, R220-5\/7\/9, R225-5\/7\/9, R250, R260, R265, R290, R305, R445, R485, R505<\/td>\n<\/tr>\n<tr>\n<td><span data-spm-anchor-id=\"a2700.details.0.i53.45d84a73e99C9z\">HITACHI (EX.ZX)<\/span><\/td>\n<td>EX60, EX100-1\/2\/3, EX120-1\/3\/5\/6, EX200-1\/3\/5, EX230-5, EX300-1, EX400<br \/>\nZAX60,ZAX70,ZA120-6,ZAX200\/210-1\/3\/5\/5K,ZAX240,ZAX250,ZAX260,ZAX330-3\/5\/6,ZAX450\/470,ZAX650\/670,ZAX850\/870<\/td>\n<\/tr>\n<tr>\n<td>\n<div class=\"magic-32\"><span data-spm-anchor-id=\"a2700.details.0.i55.45d84a73e99C9z\">DOOSAN (DH\/DX)<\/span><\/div>\n<\/td>\n<td>\n<div class=\"magic-33\"><span class=\"magic-34\">DH55, DH60, DH80, DH150, DH215-5\/7, DH220-5, DH225-5\/7, DH258, DH300-5\/7, DH370, DH420, DH500<br \/>\nDX55, DX60, DX75, DX130, DX225-9, DX300, DX380, DX420, DX500<\/span><\/div>\n<\/td>\n<\/tr>\n<tr>\n<td>\n<div class=\"magic-32\">VOLVO (CE)<\/div>\n<\/td>\n<td>\n<div class=\"magic-33\"><span class=\"magic-34\">EC55, EC60, EC75, EC80, EC140, EC210B\/D, EC220D, EC240, EC250, EC290, EC300, EC360 EC380, EC460, EC480, EC700, EC750, EC950<\/span><\/div>\n<\/td>\n<\/tr>\n<tr>\n<td>\n<div class=\"magic-32\">KATO (HD)<\/div>\n<\/td>\n<td>\n<div class=\"magic-33\"><span class=\"magic-34\">HD307\/308, HD450, HD512, HD700-5\/7, HD820-1\/2\/3\/5\/R, HD1023-1\/3, HD1430-1\/3<\/span><\/div>\n<\/td>\n<\/tr>\n<tr>\n<td>\n<div class=\"magic-32\">AUTRE MARQUE<\/div>\n<\/td>\n<td>\n<div class=\"magic-33\"><span class=\"magic-34\">XCMG, LIUGONG, KUBOTA, CAS, YANMAR, SUNWARD, ZOOMLION, LISHIDE, LIEHERR<\/span><\/div>\n<\/td>\n<\/tr>\n<\/tbody>\n<\/table>\n<p><img loading=\"lazy\" decoding=\"async\" class=\"alignnone size-full wp-image-447\" src=\"https:\/\/fmp-components.com\/wp-content\/uploads\/2024\/12\/Crane.webp\" alt=\"Grue\" width=\"1234\" height=\"822\" title=\"\" srcset=\"https:\/\/fmp-components.com\/wp-content\/uploads\/2024\/12\/Crane.webp 1234w, https:\/\/fmp-components.com\/wp-content\/uploads\/2024\/12\/Crane-980x653.webp 980w, https:\/\/fmp-components.com\/wp-content\/uploads\/2024\/12\/Crane-480x320.webp 480w\" sizes=\"(min-width: 0px) and (max-width: 480px) 480px, (min-width: 481px) and (max-width: 980px) 980px, (min-width: 981px) 1234px, 100vw\" \/><\/p>\n<h2>\u00c0 propos de FMP<\/h2>\n<p>FMP est une entreprise de fabrication m\u00e9canique sp\u00e9cialis\u00e9e dans la production de v\u00e9rins hydrauliques. Depuis sa cr\u00e9ation, l&#039;entreprise s&#039;est concentr\u00e9e sur la recherche et la fabrication de technologies hydrauliques, passant avec succ\u00e8s d&#039;une gamme de produits diversifi\u00e9e, incluant les machines de r\u00e9colte et de construction, \u00e0 une sp\u00e9cialisation dans les composants de tracteurs agricoles. Forte de plus de dix ans d&#039;exp\u00e9rience en fabrication et en gestion, FMP garantit des produits de haute qualit\u00e9 gr\u00e2ce \u00e0 des techniques de production avanc\u00e9es.<\/p>\n<p>Au fil de son \u00e9volution, l&#039;entreprise a d\u00e9velopp\u00e9 une ligne compl\u00e8te de production d&#039;usinage, d&#039;assemblage et de rev\u00eatement. Notre \u00e9quipe est compos\u00e9e d&#039;un personnel de direction qualifi\u00e9, de concepteurs m\u00e9caniques exp\u00e9riment\u00e9s et de techniciens hautement qualifi\u00e9s qui travaillent ensemble pour maintenir une qualit\u00e9 de production stable tout en contr\u00f4lant efficacement la continuit\u00e9 et l&#039;efficacit\u00e9 des processus.<\/p>\n<p>FMP adh\u00e8re \u00e0 la philosophie suivante\u00a0: \u00ab\u00a0L&#039;innovation technologique est le moteur du progr\u00e8s, la qualit\u00e9 cr\u00e9e des marques, le savoir-faire garantit la qualit\u00e9 et \u00e9tablit des relations gagnant-gagnant \u00e0 long terme.\u00a0\u00bb Notre engagement \u00e0 fournir des produits de haute qualit\u00e9 et un service client irr\u00e9prochable demeure un objectif essentiel pour r\u00e9pondre aux besoins changeants du march\u00e9.<\/p>\n<p><img loading=\"lazy\" decoding=\"async\" class=\"alignnone size-full wp-image-426\" src=\"https:\/\/fmp-components.com\/wp-content\/uploads\/2024\/12\/Sanitation-Machinery-Locking-Hydraulic-Cylinder-factory.webp\" sizes=\"(min-width: 0px) and (max-width: 480px) 480px, (min-width: 481px) and (max-width: 980px) 980px, (min-width: 981px) and (max-width: 1280px) 1280px, (min-width: 1281px) 1414px, 100vw\" srcset=\"https:\/\/fmp-components.com\/wp-content\/uploads\/2024\/12\/Sanitation-Machinery-Locking-Hydraulic-Cylinder-factory.webp 1414w, https:\/\/fmp-components.com\/wp-content\/uploads\/2024\/12\/Sanitation-Machinery-Locking-Hydraulic-Cylinder-factory-1280x529.webp 1280w, https:\/\/fmp-components.com\/wp-content\/uploads\/2024\/12\/Sanitation-Machinery-Locking-Hydraulic-Cylinder-factory-980x405.webp 980w, https:\/\/fmp-components.com\/wp-content\/uploads\/2024\/12\/Sanitation-Machinery-Locking-Hydraulic-Cylinder-factory-480x198.webp 480w\" alt=\"Usine de machines sanitaires, de verrouillage, de v\u00e9rins hydrauliques\" width=\"1414\" height=\"584\" title=\"\"><\/p>\n<p>Auteur : CX<\/p>","protected":false},"excerpt":{"rendered":"<p>Le v\u00e9rin hydraulique \u00e0 ressort est un composant essentiel con\u00e7u pour assurer le soutien dynamique et la stabilit\u00e9 des grues lors des op\u00e9rations de levage. Ce v\u00e9rin utilise un m\u00e9canisme \u00e0 ressort associ\u00e9 \u00e0 la pression hydraulique pour permettre des mouvements fluides et contr\u00f4l\u00e9s, garantissant une manutention efficace des charges. Fabriqu\u00e9 \u00e0 partir de mat\u00e9riaux haute r\u00e9sistance, il est con\u00e7u pour r\u00e9sister aux conditions exigeantes des chantiers et des environnements industriels, assurant ainsi une durabilit\u00e9 et une fiabilit\u00e9 \u00e0 toute \u00e9preuve. L'action du ressort contribue au maintien de l'\u00e9quilibre, renfor\u00e7ant la s\u00e9curit\u00e9 pendant les op\u00e9rations, tandis que le syst\u00e8me hydraulique performant facilite des r\u00e9glages rapides. Ce v\u00e9rin essentiel joue un r\u00f4le crucial dans l'optimisation des performances et de la polyvalence des grues, le rendant indispensable pour diverses applications de levage.<\/p>","protected":false},"featured_media":465,"comment_status":"open","ping_status":"closed","template":"","meta":{"_et_pb_use_builder":"","_et_pb_old_content":"","_et_gb_content_width":""},"product_brand":[],"product_cat":[24],"product_tag":[],"class_list":{"0":"post-461","1":"product","2":"type-product","3":"status-publish","4":"has-post-thumbnail","6":"product_cat-construction-machinery-hydraulic-cylinders","8":"first","9":"instock","10":"shipping-taxable","11":"product-type-simple"},"_links":{"self":[{"href":"https:\/\/fmp-components.com\/fr\/wp-json\/wp\/v2\/product\/461","targetHints":{"allow":["GET"]}}],"collection":[{"href":"https:\/\/fmp-components.com\/fr\/wp-json\/wp\/v2\/product"}],"about":[{"href":"https:\/\/fmp-components.com\/fr\/wp-json\/wp\/v2\/types\/product"}],"replies":[{"embeddable":true,"href":"https:\/\/fmp-components.com\/fr\/wp-json\/wp\/v2\/comments?post=461"}],"wp:featuredmedia":[{"embeddable":true,"href":"https:\/\/fmp-components.com\/fr\/wp-json\/wp\/v2\/media\/465"}],"wp:attachment":[{"href":"https:\/\/fmp-components.com\/fr\/wp-json\/wp\/v2\/media?parent=461"}],"wp:term":[{"taxonomy":"product_brand","embeddable":true,"href":"https:\/\/fmp-components.com\/fr\/wp-json\/wp\/v2\/product_brand?post=461"},{"taxonomy":"product_cat","embeddable":true,"href":"https:\/\/fmp-components.com\/fr\/wp-json\/wp\/v2\/product_cat?post=461"},{"taxonomy":"product_tag","embeddable":true,"href":"https:\/\/fmp-components.com\/fr\/wp-json\/wp\/v2\/product_tag?post=461"}],"curies":[{"name":"wp","href":"https:\/\/api.w.org\/{rel}","templated":true}]}}