{"id":444,"date":"2024-12-10T06:46:45","date_gmt":"2024-12-10T06:46:45","guid":{"rendered":"https:\/\/fmp-components.com\/?page_id=8"},"modified":"2024-12-10T07:23:36","modified_gmt":"2024-12-10T07:23:36","slug":"crane-counterweight-hydraulic-cylinder","status":"publish","type":"product","link":"https:\/\/fmp-components.com\/fr\/product\/crane-counterweight-hydraulic-cylinder\/","title":{"rendered":"V\u00e9rin hydraulique de contrepoids de grue"},"content":{"rendered":"<p style=\"text-align: center;\"><span style=\"font-size: 18pt;\">V\u00e9rin hydraulique de contrepoids de grue<\/span><\/p>\n<p>Le v\u00e9rin hydraulique pour contrepoids de grue est un composant essentiel con\u00e7u pour assurer un contrepoids pr\u00e9cis des grues lors des op\u00e9rations de levage. Il joue un r\u00f4le crucial dans le r\u00e9glage de la position des contrepoids, garantissant ainsi une stabilit\u00e9 et une s\u00e9curit\u00e9 optimales lors de la manutention de charges lourdes.<\/p>\n<h4>Caract\u00e9ristiques principales :<\/h4>\n<ul>\n<li>Construction robuste : Fabriqu\u00e9 \u00e0 partir de mat\u00e9riaux \u00e0 haute r\u00e9sistance, le v\u00e9rin hydraulique \u00e0 contrepoids est con\u00e7u pour r\u00e9sister aux conditions exigeantes des environnements de construction et de levage de charges lourdes, garantissant une durabilit\u00e9 et une fiabilit\u00e9 \u00e0 long terme.<\/li>\n<li>Fonctionnement hydraulique fluide : le syst\u00e8me hydraulique avanc\u00e9 permet des mouvements fluides et contr\u00f4l\u00e9s, permettant des r\u00e9glages pr\u00e9cis des contrepoids et am\u00e9liorant les performances globales de la grue.<\/li>\n<li>Stabilit\u00e9 am\u00e9lior\u00e9e : en fournissant un contrepoids pr\u00e9cis, ce v\u00e9rin hydraulique aide \u00e0 maintenir la stabilit\u00e9 de la grue pendant le fonctionnement, r\u00e9duisant ainsi le risque de basculement ou d'accident lors du levage de charges lourdes.<\/li>\n<li>Application polyvalente : Adapt\u00e9 \u00e0 une vari\u00e9t\u00e9 de types de grues, y compris les grues mobiles et les grues \u00e0 tour, ce v\u00e9rin hydraulique peut \u00eatre facilement int\u00e9gr\u00e9 dans les syst\u00e8mes de grues existants, ce qui en fait une solution polyvalente pour les op\u00e9rations de levage.<\/li>\n<li>Faibles besoins d'entretien : Con\u00e7u pour l'efficacit\u00e9 et la durabilit\u00e9, le v\u00e9rin hydraulique \u00e0 contrepoids n\u00e9cessite un entretien minimal, ce qui r\u00e9duit les temps d'arr\u00eat et augmente la productivit\u00e9.<\/li>\n<\/ul>\n<p>En r\u00e9sum\u00e9, le v\u00e9rin hydraulique du contrepoids de la grue est un composant essentiel qui am\u00e9liore la fonctionnalit\u00e9 et la s\u00e9curit\u00e9 de la grue, garantissant des op\u00e9rations de levage efficaces tout en maintenant la stabilit\u00e9 et le contr\u00f4le.<\/p>\n<h2>Dimensions du v\u00e9rin hydraulique du contrepoids de la grue :<\/h2>\n<table style=\"width: 100%;\">\n<tbody>\n<tr>\n<td style=\"width: 46.1373%;\"><img loading=\"lazy\" decoding=\"async\" class=\"alignnone size-full wp-image-445\" src=\"https:\/\/fmp-components.com\/wp-content\/uploads\/2024\/12\/Crane-Counterweight-Hydraulic-Cylinder.webp\" alt=\"V\u00e9rin hydraulique de contrepoids de grue\" width=\"500\" height=\"500\" title=\"\" srcset=\"https:\/\/fmp-components.com\/wp-content\/uploads\/2024\/12\/Crane-Counterweight-Hydraulic-Cylinder.webp 500w, https:\/\/fmp-components.com\/wp-content\/uploads\/2024\/12\/Crane-Counterweight-Hydraulic-Cylinder-480x480.webp 480w\" sizes=\"(min-width: 0px) and (max-width: 480px) 480px, (min-width: 481px) 500px, 100vw\" \/><\/td>\n<td style=\"width: 53.2189%;\"><img loading=\"lazy\" decoding=\"async\" class=\"alignnone size-full wp-image-446\" src=\"https:\/\/fmp-components.com\/wp-content\/uploads\/2024\/12\/YWMPMnZi-Crane-Counterweight-Hydraulic-Cylinder-Dimensions-2.webp\" alt=\"V\u00e9rin hydraulique de contrepoids de grue\" width=\"1024\" height=\"698\" title=\"\" srcset=\"https:\/\/fmp-components.com\/wp-content\/uploads\/2024\/12\/YWMPMnZi-Crane-Counterweight-Hydraulic-Cylinder-Dimensions-2.webp 1024w, https:\/\/fmp-components.com\/wp-content\/uploads\/2024\/12\/YWMPMnZi-Crane-Counterweight-Hydraulic-Cylinder-Dimensions-2-980x668.webp 980w, https:\/\/fmp-components.com\/wp-content\/uploads\/2024\/12\/YWMPMnZi-Crane-Counterweight-Hydraulic-Cylinder-Dimensions-2-480x327.webp 480w\" sizes=\"(min-width: 0px) and (max-width: 480px) 480px, (min-width: 481px) and (max-width: 980px) 980px, (min-width: 981px) 1024px, 100vw\" \/><\/td>\n<\/tr>\n<\/tbody>\n<\/table>\n<table style=\"width: 100%; height: 134px;\" border=\"1\" cellspacing=\"0\" cellpadding=\"0\">\n<tbody>\n<tr style=\"height: 71px;\">\n<td style=\"height: 71px;\" width=\"246\">Nom du cylindre<\/td>\n<td style=\"height: 71px;\" width=\"336\">Num\u00e9ro de dessin<\/td>\n<td style=\"height: 71px;\" width=\"126\">Diam\u00e8tre d&#039;al\u00e9sage (D)<\/td>\n<td style=\"height: 71px;\" width=\"123\">Diam\u00e8tre de la tige (d)<\/td>\n<td style=\"height: 71px;\" width=\"114\">AVC (S)<\/td>\n<td style=\"height: 71px;\" width=\"170\">Distance d&#039;installation (L)<\/td>\n<td style=\"height: 71px;\" width=\"172\">Pression de travail<\/td>\n<td style=\"height: 71px;\" width=\"366\">Dimensions de l&#039;interface (M)<\/td>\n<td style=\"height: 71px;\" width=\"96\">Poids<\/td>\n<\/tr>\n<tr style=\"height: 63px;\">\n<td class=\"et3\" style=\"height: 63px;\" width=\"246\" height=\"356\">V\u00e9rin hydraulique \u00e0 contrepoids<\/td>\n<td class=\"et4\" style=\"height: 63px;\" width=\"336\">QAY220.12\/13A-00<\/td>\n<td class=\"et4\" style=\"height: 63px;\" width=\"126\">\u03a6200<\/td>\n<td class=\"et4\" style=\"height: 63px;\" width=\"123\">\u03a6100<\/td>\n<td class=\"et4\" style=\"height: 63px;\" width=\"114\">180<\/td>\n<td class=\"et4\" style=\"height: 63px;\" width=\"170\">530<\/td>\n<td class=\"et4\" style=\"height: 63px;\" width=\"172\">25 MPa; 40 MPa<\/td>\n<td class=\"et4\" style=\"height: 63px;\" width=\"366\">3-G1\/4;M20*1,5;2-M14*1,5<\/td>\n<td class=\"et4\" style=\"height: 63px;\" width=\"96\">124 kg<\/td>\n<\/tr>\n<\/tbody>\n<\/table>\n<h2>Param\u00e8tre du v\u00e9rin hydraulique du contrepoids de la grue :<\/h2>\n<table border=\"1\" width=\"100%\" cellspacing=\"0\" cellpadding=\"0\">\n<tbody>\n<tr>\n<td width=\"70\">Article<\/td>\n<td width=\"70\">Description<\/td>\n<\/tr>\n<tr>\n<td width=\"70\">Nom du produit<\/td>\n<td width=\"70\">V\u00e9rin hydraulique sur mesure<\/td>\n<\/tr>\n<tr>\n<td width=\"70\">Certificat:<\/td>\n<td width=\"70\">ISO9001, ISO4001, ISO 45003<\/td>\n<\/tr>\n<tr>\n<td width=\"70\">Capacit\u00e9 de production :<\/td>\n<td width=\"70\">1 200 000 pi\u00e8ces par an<\/td>\n<\/tr>\n<tr>\n<td width=\"70\">Temps d'\u00e9chantillonnage<\/td>\n<td width=\"70\">Bas\u00e9 sur le type r\u00e9el<\/td>\n<\/tr>\n<tr>\n<td width=\"70\">Marque<\/td>\n<td width=\"70\">FMP ou logo du client<\/td>\n<\/tr>\n<tr>\n<td width=\"70\">Service<\/td>\n<td width=\"70\">OEM et ODM<\/td>\n<\/tr>\n<tr>\n<td width=\"70\">Marque de sceau<\/td>\n<td width=\"70\">Parker, NOK, BUSAK SHAMBAN<\/td>\n<\/tr>\n<tr>\n<td width=\"70\">D\u00e9lai de livraison<\/td>\n<td width=\"70\">En fonction de la quantit\u00e9 command\u00e9e.<\/td>\n<\/tr>\n<tr>\n<td width=\"70\">Type d'entreprise<\/td>\n<td width=\"70\">Fabricant et exportateur<\/td>\n<\/tr>\n<\/tbody>\n<\/table>\n<h2>Cylindre hydraulique Marques et mod\u00e8les disponibles :<\/h2>\n<table border=\"1\" cellspacing=\"0\" cellpadding=\"0\">\n<tbody>\n<tr>\n<td><span data-spm-anchor-id=\"a2700.details.0.i43.45d84a73e99C9z\">KOMATSU (PC)<\/span><\/td>\n<td>PC30, PC40, PC50, PC56, PC60, PC78, PC100, PC110, PC120, PC130, PC160, PC200-3\/5\/6\/7\/8\/8MO, PC210, PC220-5\/6\/7\/8\/8MO, PC240, PC300\/350\/360-5\/6\/7\/8\/8MO, PC400\/450-5\/6\/7\/8\/8MO, PC800, PC850<\/td>\n<\/tr>\n<tr>\n<td>CHENILLE (E)<\/td>\n<td>E301.5, E302, E305.5, E306, E307V1\/V2\/B\/C\/D\/E\/F, E308B\/C, E120B, E312V1\/V2\/B\/C\/D, E313D2, E312D2, E315D,<br \/>\nE200B,E320V1\/V2\/A\/B\/C\/D,E324D,E325C\/D,E329D,E330\/336C\/D,E345C,E349D,E365C,E374,E390<\/td>\n<\/tr>\n<tr>\n<td>KOBELCO (Saskatchewan)<\/td>\n<td>SK60-3\/5\/8, SK75-8\/SR, SK100, SK120-3\/5, SK135-8\/SR, SK140-8, SK200-3\/5\/6\/6E, SK210-3\/5\/6\/6E,<br \/>\nSK230\/250-6E,SK250-8,SK260-8,SK350-8\/S8,SK460\/480-8<\/td>\n<\/tr>\n<tr>\n<td>HYUNDAI (R)<\/td>\n<td>R55-5\/7, R60-5\/7, R80, R110, R130, R200-5, R210-5, R215-5\/7, R220-5\/7\/9, R225-5\/7\/9, R250, R260, R265, R290, R305, R445, R485, R505<\/td>\n<\/tr>\n<tr>\n<td><span data-spm-anchor-id=\"a2700.details.0.i53.45d84a73e99C9z\">HITACHI (EX.ZX)<\/span><\/td>\n<td>EX60, EX100-1\/2\/3, EX120-1\/3\/5\/6, EX200-1\/3\/5, EX230-5, EX300-1, EX400<br \/>\nZAX60,ZAX70,ZA120-6,ZAX200\/210-1\/3\/5\/5K,ZAX240,ZAX250,ZAX260,ZAX330-3\/5\/6,ZAX450\/470,ZAX650\/670,ZAX850\/870<\/td>\n<\/tr>\n<tr>\n<td>\n<div class=\"magic-32\"><span data-spm-anchor-id=\"a2700.details.0.i55.45d84a73e99C9z\">DOOSAN (DH\/DX)<\/span><\/div>\n<\/td>\n<td>\n<div class=\"magic-33\"><span class=\"magic-34\">DH55, DH60, DH80, DH150, DH215-5\/7, DH220-5, DH225-5\/7, DH258, DH300-5\/7, DH370, DH420, DH500<br \/>\nDX55, DX60, DX75, DX130, DX225-9, DX300, DX380, DX420, DX500<\/span><\/div>\n<\/td>\n<\/tr>\n<tr>\n<td>\n<div class=\"magic-32\">VOLVO (CE)<\/div>\n<\/td>\n<td>\n<div class=\"magic-33\"><span class=\"magic-34\">EC55, EC60, EC75, EC80, EC140, EC210B\/D, EC220D, EC240, EC250, EC290, EC300, EC360 EC380, EC460, EC480, EC700, EC750, EC950<\/span><\/div>\n<\/td>\n<\/tr>\n<tr>\n<td>\n<div class=\"magic-32\">KATO (HD)<\/div>\n<\/td>\n<td>\n<div class=\"magic-33\"><span class=\"magic-34\">HD307\/308, HD450, HD512, HD700-5\/7, HD820-1\/2\/3\/5\/R, HD1023-1\/3, HD1430-1\/3<\/span><\/div>\n<\/td>\n<\/tr>\n<tr>\n<td>\n<div class=\"magic-32\">AUTRE MARQUE<\/div>\n<\/td>\n<td>\n<div class=\"magic-33\"><span class=\"magic-34\">XCMG, LIUGONG, KUBOTA, CAS, YANMAR, SUNWARD, ZOOMLION, LISHIDE, LIEHERR<\/span><\/div>\n<\/td>\n<\/tr>\n<\/tbody>\n<\/table>\n<h2>Comment fonctionne le v\u00e9rin hydraulique du contrepoids de la grue<\/h2>\n<p>Le v\u00e9rin hydraulique pour contrepoids de grue fonctionne selon des principes hydrauliques, utilisant la pression du fluide pour ajuster et contr\u00f4ler la position des contrepoids des grues. Voici son fonctionnement\u00a0:<\/p>\n<h3>1. Dynamique des fluides hydrauliques<\/h3>\n<p>Le cylindre contient du fluide hydraulique, g\u00e9n\u00e9ralement de l'huile, qui est pomp\u00e9 dans le cylindre pour cr\u00e9er une pression. Ce fluide sert de moyen de transfert de puissance au sein du syst\u00e8me hydraulique.<\/p>\n<h3>2. Mouvement du piston<\/h3>\n<p>\u00c0 l'int\u00e9rieur du v\u00e9rin hydraulique, un piston se d\u00e9place sous l'effet de la pression du fluide hydraulique. Lorsque l'op\u00e9rateur active le syst\u00e8me hydraulique, le fluide est dirig\u00e9 vers un c\u00f4t\u00e9 du v\u00e9rin, poussant le piston et provoquant son extension ou sa r\u00e9traction.<\/p>\n<h3>3. R\u00e9glage du contrepoids<\/h3>\n<p>Le mouvement du piston ajuste la position des contrepoids fix\u00e9s \u00e0 la grue. L'extension du piston d\u00e9place les contrepoids vers l'ext\u00e9rieur, augmentant ainsi la stabilit\u00e9 de la grue lors du levage de charges lourdes. \u00c0 l'inverse, la r\u00e9traction du piston rapproche les contrepoids de la grue, ce qui est n\u00e9cessaire pour la man\u0153uvrer ou la transporter.<\/p>\n<h3>4. R\u00e9gulation de la pression<\/h3>\n<p>Le syst\u00e8me hydraulique est \u00e9quip\u00e9 de vannes de r\u00e9gulation de pression qui contr\u00f4lent le d\u00e9bit et la pression du fluide hydraulique. Cela garantit un r\u00e9glage fluide et contr\u00f4l\u00e9 des contrepoids, \u00e9vitant ainsi tout mouvement brusque susceptible de d\u00e9stabiliser la grue.<\/p>\n<h3>5. M\u00e9canismes de s\u00e9curit\u00e9<\/h3>\n<p>De nombreux v\u00e9rins hydrauliques \u00e0 contrepoids sont dot\u00e9s de dispositifs de s\u00e9curit\u00e9 tels qu'une protection contre les surcharges et des soupapes de d\u00e9charge. Ces m\u00e9canismes contribuent \u00e0 pr\u00e9venir l'accumulation de pression excessive et \u00e0 garantir un fonctionnement s\u00fbr, am\u00e9liorant ainsi la stabilit\u00e9 et la s\u00e9curit\u00e9 de la grue lors des op\u00e9rations de levage.<\/p>\n<p>Le v\u00e9rin hydraulique de contrepoids de grue est essentiel au maintien de l'\u00e9quilibre et de la stabilit\u00e9 des grues lors du levage de charges lourdes. Gr\u00e2ce \u00e0 la dynamique des fluides hydrauliques et \u00e0 la pr\u00e9cision des mouvements des pistons, il permet un r\u00e9glage efficace des contrepoids, garantissant ainsi un fonctionnement s\u00fbr et efficace des grues dans diverses applications.<\/p>\n<p><img loading=\"lazy\" decoding=\"async\" class=\"alignnone size-full wp-image-447\" src=\"https:\/\/fmp-components.com\/wp-content\/uploads\/2024\/12\/Crane.webp\" alt=\"Grue\" width=\"1234\" height=\"822\" title=\"\" srcset=\"https:\/\/fmp-components.com\/wp-content\/uploads\/2024\/12\/Crane.webp 1234w, https:\/\/fmp-components.com\/wp-content\/uploads\/2024\/12\/Crane-980x653.webp 980w, https:\/\/fmp-components.com\/wp-content\/uploads\/2024\/12\/Crane-480x320.webp 480w\" sizes=\"(min-width: 0px) and (max-width: 480px) 480px, (min-width: 481px) and (max-width: 980px) 980px, (min-width: 981px) 1234px, 100vw\" \/><\/p>\n<h2>\u00c0 propos de FMP<\/h2>\n<p>FMP est une entreprise de fabrication m\u00e9canique sp\u00e9cialis\u00e9e dans la production de v\u00e9rins hydrauliques. Depuis sa cr\u00e9ation, l&#039;entreprise s&#039;est concentr\u00e9e sur la recherche et la fabrication de technologies hydrauliques, passant avec succ\u00e8s d&#039;une gamme de produits diversifi\u00e9e, incluant les machines de r\u00e9colte et de construction, \u00e0 une sp\u00e9cialisation dans les composants de tracteurs agricoles. Forte de plus de dix ans d&#039;exp\u00e9rience en fabrication et en gestion, FMP garantit des produits de haute qualit\u00e9 gr\u00e2ce \u00e0 des techniques de production avanc\u00e9es.<\/p>\n<p>Au fil de son \u00e9volution, l&#039;entreprise a d\u00e9velopp\u00e9 une ligne compl\u00e8te de production d&#039;usinage, d&#039;assemblage et de rev\u00eatement. Notre \u00e9quipe est compos\u00e9e d&#039;un personnel de direction qualifi\u00e9, de concepteurs m\u00e9caniques exp\u00e9riment\u00e9s et de techniciens hautement qualifi\u00e9s qui travaillent ensemble pour maintenir une qualit\u00e9 de production stable tout en contr\u00f4lant efficacement la continuit\u00e9 et l&#039;efficacit\u00e9 des processus.<\/p>\n<p>FMP adh\u00e8re \u00e0 la philosophie suivante\u00a0: \u00ab\u00a0L&#039;innovation technologique est le moteur du progr\u00e8s, la qualit\u00e9 cr\u00e9e des marques, le savoir-faire garantit la qualit\u00e9 et \u00e9tablit des relations gagnant-gagnant \u00e0 long terme.\u00a0\u00bb Notre engagement \u00e0 fournir des produits de haute qualit\u00e9 et un service client irr\u00e9prochable demeure un objectif essentiel pour r\u00e9pondre aux besoins changeants du march\u00e9.<\/p>\n<p><img loading=\"lazy\" decoding=\"async\" class=\"alignnone size-full wp-image-426\" src=\"https:\/\/fmp-components.com\/wp-content\/uploads\/2024\/12\/Sanitation-Machinery-Locking-Hydraulic-Cylinder-factory.webp\" sizes=\"(min-width: 0px) and (max-width: 480px) 480px, (min-width: 481px) and (max-width: 980px) 980px, (min-width: 981px) and (max-width: 1280px) 1280px, (min-width: 1281px) 1414px, 100vw\" srcset=\"https:\/\/fmp-components.com\/wp-content\/uploads\/2024\/12\/Sanitation-Machinery-Locking-Hydraulic-Cylinder-factory.webp 1414w, https:\/\/fmp-components.com\/wp-content\/uploads\/2024\/12\/Sanitation-Machinery-Locking-Hydraulic-Cylinder-factory-1280x529.webp 1280w, https:\/\/fmp-components.com\/wp-content\/uploads\/2024\/12\/Sanitation-Machinery-Locking-Hydraulic-Cylinder-factory-980x405.webp 980w, https:\/\/fmp-components.com\/wp-content\/uploads\/2024\/12\/Sanitation-Machinery-Locking-Hydraulic-Cylinder-factory-480x198.webp 480w\" alt=\"Usine de machines sanitaires, de verrouillage, de v\u00e9rins hydrauliques\" width=\"1414\" height=\"584\" title=\"\"><\/p>\n<p>Auteur : CX<\/p>","protected":false},"excerpt":{"rendered":"<p data-id=\"a11392d4-7524-4709-8e84-2ea1d23339d0\" data-pm-slice=\"1 1 []\">Le v\u00e9rin hydraulique de contrepoids de grue assure le contrepoids n\u00e9cessaire aux grues lors des op\u00e9rations de levage. Ce v\u00e9rin hydraulique assure un positionnement pr\u00e9cis et \u00e0 distance du contrepoids, gage de stabilit\u00e9 et de s\u00e9curit\u00e9 pour les applications de levage de charges lourdes. Sp\u00e9cialement con\u00e7u pour durer, ce v\u00e9rin est fabriqu\u00e9 avec des mat\u00e9riaux de premi\u00e8re qualit\u00e9 pour r\u00e9sister aux conditions difficiles des secteurs de la construction et du levage de charges lourdes. Le syst\u00e8me hydraulique est con\u00e7u pour un contr\u00f4le efficace et r\u00e9actif, garantissant des mouvements fluides et \u00e9quilibr\u00e9s, permettant aux op\u00e9rateurs d'optimiser les performances de la grue tout en pr\u00e9servant sa stabilit\u00e9. Indispensable au fonctionnement des grues, il est essentiel \u00e0 leur s\u00e9curit\u00e9 de fonctionnement et contribue \u00e0 des solutions de levage performantes.<\/p>","protected":false},"featured_media":445,"comment_status":"open","ping_status":"closed","template":"","meta":{"_et_pb_use_builder":"","_et_pb_old_content":"","_et_gb_content_width":""},"product_brand":[],"product_cat":[24],"product_tag":[],"class_list":{"0":"post-444","1":"product","2":"type-product","3":"status-publish","4":"has-post-thumbnail","6":"product_cat-construction-machinery-hydraulic-cylinders","8":"first","9":"instock","10":"shipping-taxable","11":"product-type-simple"},"_links":{"self":[{"href":"https:\/\/fmp-components.com\/fr\/wp-json\/wp\/v2\/product\/444","targetHints":{"allow":["GET"]}}],"collection":[{"href":"https:\/\/fmp-components.com\/fr\/wp-json\/wp\/v2\/product"}],"about":[{"href":"https:\/\/fmp-components.com\/fr\/wp-json\/wp\/v2\/types\/product"}],"replies":[{"embeddable":true,"href":"https:\/\/fmp-components.com\/fr\/wp-json\/wp\/v2\/comments?post=444"}],"wp:featuredmedia":[{"embeddable":true,"href":"https:\/\/fmp-components.com\/fr\/wp-json\/wp\/v2\/media\/445"}],"wp:attachment":[{"href":"https:\/\/fmp-components.com\/fr\/wp-json\/wp\/v2\/media?parent=444"}],"wp:term":[{"taxonomy":"product_brand","embeddable":true,"href":"https:\/\/fmp-components.com\/fr\/wp-json\/wp\/v2\/product_brand?post=444"},{"taxonomy":"product_cat","embeddable":true,"href":"https:\/\/fmp-components.com\/fr\/wp-json\/wp\/v2\/product_cat?post=444"},{"taxonomy":"product_tag","embeddable":true,"href":"https:\/\/fmp-components.com\/fr\/wp-json\/wp\/v2\/product_tag?post=444"}],"curies":[{"name":"wp","href":"https:\/\/api.w.org\/{rel}","templated":true}]}}