{"id":432,"date":"2024-12-10T06:13:58","date_gmt":"2024-12-10T06:13:58","guid":{"rendered":"https:\/\/fmp-components.com\/?page_id=8"},"modified":"2024-12-10T06:13:58","modified_gmt":"2024-12-10T06:13:58","slug":"sanitation-machinery-forward-thrust-hydraulic-cylinder","status":"publish","type":"product","link":"https:\/\/fmp-components.com\/fr\/product\/sanitation-machinery-forward-thrust-hydraulic-cylinder\/","title":{"rendered":"V\u00e9rin hydraulique \u00e0 pouss\u00e9e avant pour machines d&#039;assainissement"},"content":{"rendered":"<p style=\"text-align: center;\"><span style=\"font-size: 18pt;\">V\u00e9rin hydraulique \u00e0 pouss\u00e9e avant pour machines d&#039;assainissement<\/span><\/p>\n<p>\u00a0Le v\u00e9rin hydraulique de pouss\u00e9e avant pour engins de collecte des d\u00e9chets est un composant essentiel con\u00e7u pour fournir une pouss\u00e9e avant puissante et fiable \u00e0 divers \u00e9quipements de collecte, notamment les camions-bennes et les balayeuses de voirie. Ce v\u00e9rin hydraulique est con\u00e7u pour faciliter des mouvements fluides et contr\u00f4l\u00e9s, am\u00e9liorant ainsi l'efficacit\u00e9 des op\u00e9rations de collecte des d\u00e9chets et de nettoyage des rues.<\/p>\n<p><img loading=\"lazy\" decoding=\"async\" class=\"size-full wp-image-439 aligncenter\" src=\"https:\/\/fmp-components.com\/wp-content\/uploads\/2024\/12\/Sanitation-Machinery-Forward-Thrust-Hydraulic-Cylinder.webp\" alt=\"Machines d&#039;assainissement - V\u00e9rin hydraulique \u00e0 pouss\u00e9e avant\" width=\"500\" height=\"500\" title=\"\" srcset=\"https:\/\/fmp-components.com\/wp-content\/uploads\/2024\/12\/Sanitation-Machinery-Forward-Thrust-Hydraulic-Cylinder.webp 500w, https:\/\/fmp-components.com\/wp-content\/uploads\/2024\/12\/Sanitation-Machinery-Forward-Thrust-Hydraulic-Cylinder-480x480.webp 480w\" sizes=\"(min-width: 0px) and (max-width: 480px) 480px, (min-width: 481px) 500px, 100vw\" \/><\/p>\n<h4>Caract\u00e9ristiques principales :<\/h4>\n<ul>\n<li>Construction robuste : Fabriqu\u00e9 \u00e0 partir de mat\u00e9riaux haute r\u00e9sistance, ce v\u00e9rin hydraulique est con\u00e7u pour r\u00e9sister aux conditions exigeantes du secteur de l'assainissement, garantissant durabilit\u00e9 et performance \u00e0 long terme.<\/li>\n<li>Fonctionnement hydraulique fluide\u00a0: Le syst\u00e8me hydraulique avanc\u00e9 permet des mouvements fluides et r\u00e9actifs, minimisant l\u2019usure des machines et optimisant l\u2019efficacit\u00e9 op\u00e9rationnelle.<\/li>\n<li>Contr\u00f4le pr\u00e9cis\u00a0: Con\u00e7u pour un contr\u00f4le pr\u00e9cis, le v\u00e9rin hydraulique de pouss\u00e9e avant permet aux op\u00e9rateurs de man\u0153uvrer efficacement l\u2019\u00e9quipement sanitaire, am\u00e9liorant ainsi la s\u00e9curit\u00e9 et les performances lors de diverses t\u00e2ches.<\/li>\n<li>Application polyvalente\u00a0: Adapt\u00e9 \u00e0 une large gamme de machines d\u2019assainissement, ce v\u00e9rin hydraulique s\u2019int\u00e8gre facilement aux syst\u00e8mes existants, ce qui en fait une solution polyvalente pour les op\u00e9rations de gestion des d\u00e9chets.<\/li>\n<li>Efficacit\u00e9 \u00e9nerg\u00e9tique : Sa conception optimise la consommation d'\u00e9nergie, r\u00e9duisant les pertes de puissance et contribuant \u00e0 la baisse des co\u00fbts d'exploitation, ce qui en fait un choix respectueux de l'environnement pour les services d'assainissement.<\/li>\n<\/ul>\n<p>Le v\u00e9rin hydraulique \u00e0 pouss\u00e9e avant pour machines d'assainissement am\u00e9liore la fonctionnalit\u00e9 et l'efficacit\u00e9 des \u00e9quipements sanitaires, garantissant des performances optimales dans les op\u00e9rations de gestion des d\u00e9chets tout en maintenant des niveaux \u00e9lev\u00e9s de durabilit\u00e9 et de contr\u00f4le.<\/p>\n<h2>Dimensions du v\u00e9rin hydraulique de pouss\u00e9e avant pour machines d'assainissement\u00a0:<\/h2>\n<table>\n<tbody>\n<tr>\n<td><img loading=\"lazy\" decoding=\"async\" class=\"alignnone size-full wp-image-435\" src=\"https:\/\/fmp-components.com\/wp-content\/uploads\/2024\/12\/Sanitation-Machinery-Forward-Thrust-Hydraulic-Cylinder-Dimensions-1.webp\" alt=\"Avantages du v\u00e9rin hydraulique \u00e0 pouss\u00e9e avant pour l&#039;assainissement - 1\" width=\"980\" height=\"416\" title=\"\" srcset=\"https:\/\/fmp-components.com\/wp-content\/uploads\/2024\/12\/Sanitation-Machinery-Forward-Thrust-Hydraulic-Cylinder-Dimensions-1.webp 980w, https:\/\/fmp-components.com\/wp-content\/uploads\/2024\/12\/Sanitation-Machinery-Forward-Thrust-Hydraulic-Cylinder-Dimensions-1-480x204.webp 480w\" sizes=\"(min-width: 0px) and (max-width: 480px) 480px, (min-width: 481px) 980px, 100vw\" \/><\/td>\n<td><img loading=\"lazy\" decoding=\"async\" class=\"alignnone size-full wp-image-436\" src=\"https:\/\/fmp-components.com\/wp-content\/uploads\/2024\/12\/Sanitation-Machinery-Forward-Thrust-Hydraulic-Cylinder-Dimensions-2.webp\" alt=\"Avantages du v\u00e9rin hydraulique \u00e0 pouss\u00e9e avant pour l&#039;assainissement - 1\" width=\"980\" height=\"416\" title=\"\" srcset=\"https:\/\/fmp-components.com\/wp-content\/uploads\/2024\/12\/Sanitation-Machinery-Forward-Thrust-Hydraulic-Cylinder-Dimensions-2.webp 980w, https:\/\/fmp-components.com\/wp-content\/uploads\/2024\/12\/Sanitation-Machinery-Forward-Thrust-Hydraulic-Cylinder-Dimensions-2-480x204.webp 480w\" sizes=\"(min-width: 0px) and (max-width: 480px) 480px, (min-width: 481px) 980px, 100vw\" \/><\/td>\n<\/tr>\n<\/tbody>\n<\/table>\n<table style=\"width: 100%; height: 133px;\" border=\"1\" cellspacing=\"0\" cellpadding=\"0\">\n<tbody>\n<tr style=\"height: 71px;\">\n<td style=\"height: 71px;\" width=\"246\">Nom du cylindre<\/td>\n<td style=\"height: 71px;\" width=\"336\">Num\u00e9ro de dessin<\/td>\n<td style=\"height: 71px;\" width=\"126\">Diam\u00e8tre d&#039;al\u00e9sage (D)<\/td>\n<td style=\"height: 71px;\" width=\"123\">Diam\u00e8tre de la tige (d)<\/td>\n<td style=\"height: 71px;\" width=\"114\">AVC (S)<\/td>\n<td style=\"height: 71px;\" width=\"170\">Distance d&#039;installation (L)<\/td>\n<td style=\"height: 71px;\" width=\"172\">Pression de travail<\/td>\n<td style=\"height: 71px;\" width=\"366\">Dimensions de l&#039;interface (M)<\/td>\n<td style=\"height: 71px;\" width=\"96\">Poids<\/td>\n<\/tr>\n<tr style=\"height: 62px;\">\n<td class=\"et3\" style=\"height: 62px;\" width=\"246\" height=\"298\">Cylindre de pouss\u00e9e avant<\/td>\n<td class=\"et4\" style=\"height: 62px;\" width=\"336\">LPE416B.4.4-2-00<\/td>\n<td class=\"et4\" style=\"height: 62px;\" width=\"126\">\u03a690<\/td>\n<td class=\"et4\" style=\"height: 62px;\" width=\"123\">\u03a663<\/td>\n<td class=\"et4\" style=\"height: 62px;\" width=\"114\">320<\/td>\n<td class=\"et4\" style=\"height: 62px;\" width=\"170\">878<\/td>\n<td class=\"et4\" style=\"height: 62px;\" width=\"172\">16 MPa<\/td>\n<td class=\"et4\" style=\"height: 62px;\" width=\"366\">2-M22*1,5<\/td>\n<td class=\"et4\" style=\"height: 62px;\" width=\"96\">47 kg<\/td>\n<\/tr>\n<\/tbody>\n<\/table>\n<table>\n<tbody>\n<tr>\n<td><img loading=\"lazy\" decoding=\"async\" class=\"alignnone size-full wp-image-437\" src=\"https:\/\/fmp-components.com\/wp-content\/uploads\/2024\/12\/Sanitation-Machinery-Forward-Thrust-Hydraulic-Cylinder-Dimensions-3.webp\" alt=\"Avantages du v\u00e9rin hydraulique \u00e0 pouss\u00e9e avant pour l&#039;assainissement - 1\" width=\"980\" height=\"375\" title=\"\" srcset=\"https:\/\/fmp-components.com\/wp-content\/uploads\/2024\/12\/Sanitation-Machinery-Forward-Thrust-Hydraulic-Cylinder-Dimensions-3.webp 980w, https:\/\/fmp-components.com\/wp-content\/uploads\/2024\/12\/Sanitation-Machinery-Forward-Thrust-Hydraulic-Cylinder-Dimensions-3-480x184.webp 480w\" sizes=\"(min-width: 0px) and (max-width: 480px) 480px, (min-width: 481px) 980px, 100vw\" \/><\/td>\n<td><img loading=\"lazy\" decoding=\"async\" class=\"alignnone size-full wp-image-438\" src=\"https:\/\/fmp-components.com\/wp-content\/uploads\/2024\/12\/Sanitation-Machinery-Forward-Thrust-Hydraulic-Cylinder-Dimensions-4.webp\" alt=\"Avantages du v\u00e9rin hydraulique \u00e0 pouss\u00e9e avant pour l&#039;assainissement - 1\" width=\"980\" height=\"375\" title=\"\" srcset=\"https:\/\/fmp-components.com\/wp-content\/uploads\/2024\/12\/Sanitation-Machinery-Forward-Thrust-Hydraulic-Cylinder-Dimensions-4.webp 980w, https:\/\/fmp-components.com\/wp-content\/uploads\/2024\/12\/Sanitation-Machinery-Forward-Thrust-Hydraulic-Cylinder-Dimensions-4-480x184.webp 480w\" sizes=\"(min-width: 0px) and (max-width: 480px) 480px, (min-width: 481px) 980px, 100vw\" \/><\/td>\n<\/tr>\n<\/tbody>\n<\/table>\n<table style=\"width: 100%; height: 119px;\" border=\"1\" cellspacing=\"0\" cellpadding=\"0\">\n<tbody>\n<tr style=\"height: 71px;\">\n<td style=\"height: 71px;\" width=\"246\">Nom du cylindre<\/td>\n<td style=\"height: 71px;\" width=\"336\">Num\u00e9ro de dessin<\/td>\n<td style=\"height: 71px;\" width=\"126\">Diam\u00e8tre d&#039;al\u00e9sage (D)<\/td>\n<td style=\"height: 71px;\" width=\"123\">Diam\u00e8tre de la tige (d)<\/td>\n<td style=\"height: 71px;\" width=\"114\">AVC (S)<\/td>\n<td style=\"height: 71px;\" width=\"170\">Distance d&#039;installation (L)<\/td>\n<td style=\"height: 71px;\" width=\"172\">Pression de travail<\/td>\n<td style=\"height: 71px;\" width=\"366\">Dimensions de l&#039;interface (M)<\/td>\n<td style=\"height: 71px;\" width=\"96\">Poids<\/td>\n<\/tr>\n<tr style=\"height: 48px;\">\n<td class=\"et3\" style=\"height: 48px;\" width=\"246\" height=\"290\">Cylindre de pouss\u00e9e avant<\/td>\n<td class=\"et4\" style=\"height: 48px;\" width=\"336\">GPL418.4.4-2-00<\/td>\n<td class=\"et4\" style=\"height: 48px;\" width=\"126\">\u03a6100<\/td>\n<td class=\"et4\" style=\"height: 48px;\" width=\"123\">\u03a655<\/td>\n<td class=\"et4\" style=\"height: 48px;\" width=\"114\">320<\/td>\n<td class=\"et4\" style=\"height: 48px;\" width=\"170\">700<\/td>\n<td class=\"et4\" style=\"height: 48px;\" width=\"172\">16 MPa<\/td>\n<td class=\"et4\" style=\"height: 48px;\" width=\"366\">2-M22*1,5<\/td>\n<td class=\"et4\" style=\"height: 48px;\" width=\"96\">41 kg<\/td>\n<\/tr>\n<\/tbody>\n<\/table>\n<h2>Cylindre hydraulique Marques et mod\u00e8les disponibles :<\/h2>\n<table border=\"1\" cellspacing=\"0\" cellpadding=\"0\">\n<tbody>\n<tr>\n<td><span data-spm-anchor-id=\"a2700.details.0.i43.45d84a73e99C9z\">KOMATSU (PC)<\/span><\/td>\n<td>PC30, PC40, PC50, PC56, PC60, PC78, PC100, PC110, PC120, PC130, PC160, PC200-3\/5\/6\/7\/8\/8MO, PC210, PC220-5\/6\/7\/8\/8MO, PC240, PC300\/350\/360-5\/6\/7\/8\/8MO, PC400\/450-5\/6\/7\/8\/8MO, PC800, PC850<\/td>\n<\/tr>\n<tr>\n<td>CHENILLE (E)<\/td>\n<td>E301.5, E302, E305.5, E306, E307V1\/V2\/B\/C\/D\/E\/F, E308B\/C, E120B, E312V1\/V2\/B\/C\/D, E313D2, E312D2, E315D,<br \/>\nE200B,E320V1\/V2\/A\/B\/C\/D,E324D,E325C\/D,E329D,E330\/336C\/D,E345C,E349D,E365C,E374,E390<\/td>\n<\/tr>\n<tr>\n<td>KOBELCO (Saskatchewan)<\/td>\n<td>SK60-3\/5\/8, SK75-8\/SR, SK100, SK120-3\/5, SK135-8\/SR, SK140-8, SK200-3\/5\/6\/6E, SK210-3\/5\/6\/6E,<br \/>\nSK230\/250-6E,SK250-8,SK260-8,SK350-8\/S8,SK460\/480-8<\/td>\n<\/tr>\n<tr>\n<td>HYUNDAI (R)<\/td>\n<td>R55-5\/7, R60-5\/7, R80, R110, R130, R200-5, R210-5, R215-5\/7, R220-5\/7\/9, R225-5\/7\/9, R250, R260, R265, R290, R305, R445, R485, R505<\/td>\n<\/tr>\n<tr>\n<td><span data-spm-anchor-id=\"a2700.details.0.i53.45d84a73e99C9z\">HITACHI (EX.ZX)<\/span><\/td>\n<td>EX60, EX100-1\/2\/3, EX120-1\/3\/5\/6, EX200-1\/3\/5, EX230-5, EX300-1, EX400<br \/>\nZAX60,ZAX70,ZA120-6,ZAX200\/210-1\/3\/5\/5K,ZAX240,ZAX250,ZAX260,ZAX330-3\/5\/6,ZAX450\/470,ZAX650\/670,ZAX850\/870<\/td>\n<\/tr>\n<tr>\n<td>\n<div class=\"magic-32\"><span data-spm-anchor-id=\"a2700.details.0.i55.45d84a73e99C9z\">DOOSAN (DH\/DX)<\/span><\/div>\n<\/td>\n<td>\n<div class=\"magic-33\"><span class=\"magic-34\">DH55, DH60, DH80, DH150, DH215-5\/7, DH220-5, DH225-5\/7, DH258, DH300-5\/7, DH370, DH420, DH500<br \/>\nDX55, DX60, DX75, DX130, DX225-9, DX300, DX380, DX420, DX500<\/span><\/div>\n<\/td>\n<\/tr>\n<tr>\n<td>\n<div class=\"magic-32\">VOLVO (CE)<\/div>\n<\/td>\n<td>\n<div class=\"magic-33\"><span class=\"magic-34\">EC55, EC60, EC75, EC80, EC140, EC210B\/D, EC220D, EC240, EC250, EC290, EC300, EC360 EC380, EC460, EC480, EC700, EC750, EC950<\/span><\/div>\n<\/td>\n<\/tr>\n<tr>\n<td>\n<div class=\"magic-32\">KATO (HD)<\/div>\n<\/td>\n<td>\n<div class=\"magic-33\"><span class=\"magic-34\">HD307\/308, HD450, HD512, HD700-5\/7, HD820-1\/2\/3\/5\/R, HD1023-1\/3, HD1430-1\/3<\/span><\/div>\n<\/td>\n<\/tr>\n<tr>\n<td>\n<div class=\"magic-32\">AUTRE MARQUE<\/div>\n<\/td>\n<td>\n<div class=\"magic-33\"><span class=\"magic-34\">XCMG, LIUGONG, KUBOTA, CAS, YANMAR, SUNWARD, ZOOMLION, LISHIDE, LIEHERR<\/span><\/div>\n<\/td>\n<\/tr>\n<\/tbody>\n<\/table>\n<h3>Caract\u00e9ristiques du v\u00e9rin hydraulique de pouss\u00e9e avant des machines d'assainissement<\/h3>\n<h4>1. Construction durable<\/h4>\n<p>Le v\u00e9rin hydraulique de pouss\u00e9e avant pour machines d'assainissement est fabriqu\u00e9 \u00e0 partir de mat\u00e9riaux haute r\u00e9sistance, ce qui lui permet de supporter les conditions difficiles g\u00e9n\u00e9ralement rencontr\u00e9es dans les op\u00e9rations d'assainissement. Sa conception robuste garantit une durabilit\u00e9 et une fiabilit\u00e9 \u00e0 toute \u00e9preuve.<\/p>\n<h4>2. Fonctionnement hydraulique fluide<\/h4>\n<p>Dot\u00e9 d'un syst\u00e8me hydraulique de pointe, ce v\u00e9rin assure des mouvements fluides et r\u00e9guliers. Cette caract\u00e9ristique minimise l'usure de la machine et am\u00e9liore l'efficacit\u00e9 op\u00e9rationnelle globale, garantissant ainsi un fonctionnement optimal lors de la collecte des d\u00e9chets.<\/p>\n<h4>3. Contr\u00f4le pr\u00e9cis<\/h4>\n<p>Le v\u00e9rin hydraulique est con\u00e7u pour un contr\u00f4le pr\u00e9cis, permettant aux op\u00e9rateurs de man\u0153uvrer les engins de nettoyage avec exactitude. Cette capacit\u00e9 am\u00e9liore la s\u00e9curit\u00e9 et l'efficacit\u00e9 lors de diverses t\u00e2ches, telles que le nettoyage des rues et le transport des d\u00e9chets.<\/p>\n<h4>4. Application polyvalente<\/h4>\n<p>Adapt\u00e9 \u00e0 une large gamme de machines d'assainissement, notamment les camions \u00e0 ordures et les balayeuses de voirie, ce v\u00e9rin hydraulique \u00e0 pouss\u00e9e avant s'int\u00e8gre facilement aux syst\u00e8mes existants, ce qui en fait un choix polyvalent pour la gestion des d\u00e9chets.<\/p>\n<h4>5. Efficacit\u00e9 \u00e9nerg\u00e9tique<\/h4>\n<p>La conception du cylindre optimise la consommation d'\u00e9nergie, r\u00e9duisant ainsi les pertes de puissance en fonctionnement. Cette efficacit\u00e9 \u00e9nerg\u00e9tique se traduit par des co\u00fbts d'exploitation moindres, contribuant \u00e0 des pratiques plus durables dans le secteur de l'assainissement.<\/p>\n<h4>6. Faibles besoins d&#039;entretien<\/h4>\n<p>Gr\u00e2ce \u00e0 sa construction robuste et \u00e0 ses mat\u00e9riaux de haute qualit\u00e9, le v\u00e9rin hydraulique de pouss\u00e9e avant n\u00e9cessite un entretien minimal, ce qui r\u00e9duit les temps d'arr\u00eat et augmente la productivit\u00e9 des services d'assainissement.<\/p>\n<h4>7. Dispositifs de s\u00e9curit\u00e9<\/h4>\n<p>Int\u00e9grant des m\u00e9canismes de s\u00e9curit\u00e9, tels que des soupapes de d\u00e9charge de pression, le v\u00e9rin hydraulique contribue \u00e0 pr\u00e9venir les surcharges et assure un fonctionnement stable, am\u00e9liorant ainsi la s\u00e9curit\u00e9 des op\u00e9rateurs et de l'environnement.<\/p>\n<p>En r\u00e9sum\u00e9, le v\u00e9rin hydraulique de pouss\u00e9e avant pour machines d'assainissement offre une combinaison de durabilit\u00e9, d'efficacit\u00e9 et de s\u00e9curit\u00e9, ce qui en fait un composant essentiel pour des op\u00e9rations d'assainissement efficaces et fiables.<\/p>\n<p><img loading=\"lazy\" decoding=\"async\" class=\"alignnone size-full wp-image-440\" src=\"https:\/\/fmp-components.com\/wp-content\/uploads\/2024\/12\/Sanitation-Machinery-Forward-Thrust-Hydraulic-Cylinder-1.webp\" alt=\"Machines d&#039;assainissement - V\u00e9rin hydraulique \u00e0 pouss\u00e9e avant\" width=\"1000\" height=\"667\" title=\"\" srcset=\"https:\/\/fmp-components.com\/wp-content\/uploads\/2024\/12\/Sanitation-Machinery-Forward-Thrust-Hydraulic-Cylinder-1.webp 1000w, https:\/\/fmp-components.com\/wp-content\/uploads\/2024\/12\/Sanitation-Machinery-Forward-Thrust-Hydraulic-Cylinder-1-980x654.webp 980w, https:\/\/fmp-components.com\/wp-content\/uploads\/2024\/12\/Sanitation-Machinery-Forward-Thrust-Hydraulic-Cylinder-1-480x320.webp 480w\" sizes=\"(min-width: 0px) and (max-width: 480px) 480px, (min-width: 481px) and (max-width: 980px) 980px, (min-width: 981px) 1000px, 100vw\" \/><\/p>\n<h2>\u00c0 propos de FMP<\/h2>\n<p>FMP est une entreprise de fabrication m\u00e9canique sp\u00e9cialis\u00e9e dans la production de v\u00e9rins hydrauliques. Depuis sa cr\u00e9ation, l&#039;entreprise s&#039;est concentr\u00e9e sur la recherche et la fabrication de technologies hydrauliques, passant avec succ\u00e8s d&#039;une gamme de produits diversifi\u00e9e, incluant les machines de r\u00e9colte et de construction, \u00e0 une sp\u00e9cialisation dans les composants de tracteurs agricoles. Forte de plus de dix ans d&#039;exp\u00e9rience en fabrication et en gestion, FMP garantit des produits de haute qualit\u00e9 gr\u00e2ce \u00e0 des techniques de production avanc\u00e9es.<\/p>\n<p>Au fil de son \u00e9volution, l&#039;entreprise a d\u00e9velopp\u00e9 une ligne compl\u00e8te de production d&#039;usinage, d&#039;assemblage et de rev\u00eatement. Notre \u00e9quipe est compos\u00e9e d&#039;un personnel de direction qualifi\u00e9, de concepteurs m\u00e9caniques exp\u00e9riment\u00e9s et de techniciens hautement qualifi\u00e9s qui travaillent ensemble pour maintenir une qualit\u00e9 de production stable tout en contr\u00f4lant efficacement la continuit\u00e9 et l&#039;efficacit\u00e9 des processus.<\/p>\n<p>FMP adh\u00e8re \u00e0 la philosophie suivante\u00a0: \u00ab\u00a0L&#039;innovation technologique est le moteur du progr\u00e8s, la qualit\u00e9 cr\u00e9e des marques, le savoir-faire garantit la qualit\u00e9 et \u00e9tablit des relations gagnant-gagnant \u00e0 long terme.\u00a0\u00bb Notre engagement \u00e0 fournir des produits de haute qualit\u00e9 et un service client irr\u00e9prochable demeure un objectif essentiel pour r\u00e9pondre aux besoins changeants du march\u00e9.<\/p>\n<p><img loading=\"lazy\" decoding=\"async\" class=\"alignnone size-full wp-image-426\" src=\"https:\/\/fmp-components.com\/wp-content\/uploads\/2024\/12\/Sanitation-Machinery-Locking-Hydraulic-Cylinder-factory.webp\" alt=\"Usine de machines sanitaires, de verrouillage, de v\u00e9rins hydrauliques\" width=\"1414\" height=\"584\" title=\"\" srcset=\"https:\/\/fmp-components.com\/wp-content\/uploads\/2024\/12\/Sanitation-Machinery-Locking-Hydraulic-Cylinder-factory.webp 1414w, https:\/\/fmp-components.com\/wp-content\/uploads\/2024\/12\/Sanitation-Machinery-Locking-Hydraulic-Cylinder-factory-1280x529.webp 1280w, https:\/\/fmp-components.com\/wp-content\/uploads\/2024\/12\/Sanitation-Machinery-Locking-Hydraulic-Cylinder-factory-980x405.webp 980w, https:\/\/fmp-components.com\/wp-content\/uploads\/2024\/12\/Sanitation-Machinery-Locking-Hydraulic-Cylinder-factory-480x198.webp 480w\" sizes=\"(min-width: 0px) and (max-width: 480px) 480px, (min-width: 481px) and (max-width: 980px) 980px, (min-width: 981px) and (max-width: 1280px) 1280px, (min-width: 1281px) 1414px, 100vw\" \/><\/p>\n<p>Auteur : CX<\/p>","protected":false},"excerpt":{"rendered":"<p>Le v\u00e9rin hydraulique de pouss\u00e9e avant pour engins de collecte des d\u00e9chets est un composant essentiel con\u00e7u pour fournir une puissante pouss\u00e9e avant aux \u00e9quipements tels que les camions-bennes et les balayeuses de voirie. Con\u00e7u pour une fiabilit\u00e9 et une efficacit\u00e9 optimales, ce v\u00e9rin hydraulique permet des mouvements fluides et contr\u00f4l\u00e9s, facilitant ainsi les op\u00e9rations de collecte des d\u00e9chets et de nettoyage des rues. Fabriqu\u00e9 \u00e0 partir de mat\u00e9riaux haute r\u00e9sistance, il est con\u00e7u pour supporter les conditions difficiles typiques des travaux de collecte des d\u00e9chets, garantissant une durabilit\u00e9 exceptionnelle. Sa conception hydraulique avanc\u00e9e permet un contr\u00f4le pr\u00e9cis et une grande r\u00e9activit\u00e9, ce qui en fait un \u00e9l\u00e9ment indispensable pour optimiser les performances et la s\u00e9curit\u00e9 des engins de collecte des d\u00e9chets dans diverses applications.<\/p>","protected":false},"featured_media":439,"comment_status":"open","ping_status":"closed","template":"","meta":{"_et_pb_use_builder":"","_et_pb_old_content":"","_et_gb_content_width":""},"product_brand":[],"product_cat":[23],"product_tag":[],"class_list":{"0":"post-432","1":"product","2":"type-product","3":"status-publish","4":"has-post-thumbnail","6":"product_cat-sanitation-machinery-hydraulic-cylinders","8":"first","9":"instock","10":"shipping-taxable","11":"product-type-simple"},"_links":{"self":[{"href":"https:\/\/fmp-components.com\/fr\/wp-json\/wp\/v2\/product\/432","targetHints":{"allow":["GET"]}}],"collection":[{"href":"https:\/\/fmp-components.com\/fr\/wp-json\/wp\/v2\/product"}],"about":[{"href":"https:\/\/fmp-components.com\/fr\/wp-json\/wp\/v2\/types\/product"}],"replies":[{"embeddable":true,"href":"https:\/\/fmp-components.com\/fr\/wp-json\/wp\/v2\/comments?post=432"}],"wp:featuredmedia":[{"embeddable":true,"href":"https:\/\/fmp-components.com\/fr\/wp-json\/wp\/v2\/media\/439"}],"wp:attachment":[{"href":"https:\/\/fmp-components.com\/fr\/wp-json\/wp\/v2\/media?parent=432"}],"wp:term":[{"taxonomy":"product_brand","embeddable":true,"href":"https:\/\/fmp-components.com\/fr\/wp-json\/wp\/v2\/product_brand?post=432"},{"taxonomy":"product_cat","embeddable":true,"href":"https:\/\/fmp-components.com\/fr\/wp-json\/wp\/v2\/product_cat?post=432"},{"taxonomy":"product_tag","embeddable":true,"href":"https:\/\/fmp-components.com\/fr\/wp-json\/wp\/v2\/product_tag?post=432"}],"curies":[{"name":"wp","href":"https:\/\/api.w.org\/{rel}","templated":true}]}}