{"id":420,"date":"2024-12-10T05:29:31","date_gmt":"2024-12-10T05:29:31","guid":{"rendered":"https:\/\/fmp-components.com\/?page_id=8"},"modified":"2024-12-10T05:45:25","modified_gmt":"2024-12-10T05:45:25","slug":"sanitation-machinery-locking-hydraulic-cylinder","status":"publish","type":"product","link":"https:\/\/fmp-components.com\/fr\/product\/sanitation-machinery-locking-hydraulic-cylinder\/","title":{"rendered":"V\u00e9rin hydraulique de verrouillage pour machines sanitaires"},"content":{"rendered":"<p style=\"text-align: center;\"><span style=\"font-size: 18pt;\">V\u00e9rin hydraulique de verrouillage pour machines sanitaires<\/span><\/p>\n<p>Le v\u00e9rin hydraulique de verrouillage pour machines d&#039;assainissement est un composant essentiel con\u00e7u pour assurer un verrouillage s\u00fbr et fiable des \u00e9quipements d&#039;assainissement, notamment des bennes \u00e0 ordures, des balayeuses de voirie et des compacteurs de d\u00e9chets. Ce v\u00e9rin hydraulique assure la stabilit\u00e9 et la s\u00e9curit\u00e9 des diff\u00e9rentes pi\u00e8ces de la machine pendant son fonctionnement et son transport, am\u00e9liorant ainsi la s\u00e9curit\u00e9 et l&#039;efficacit\u00e9 globales.<\/p>\n<p><img loading=\"lazy\" decoding=\"async\" class=\"size-full wp-image-421 aligncenter\" src=\"https:\/\/fmp-components.com\/wp-content\/uploads\/2024\/12\/Sanitation-Machinery-Locking-Hydraulic-Cylinder.webp\" alt=\"V\u00e9rin hydraulique de verrouillage pour machines sanitaires\" width=\"500\" height=\"500\" title=\"\" srcset=\"https:\/\/fmp-components.com\/wp-content\/uploads\/2024\/12\/Sanitation-Machinery-Locking-Hydraulic-Cylinder.webp 500w, https:\/\/fmp-components.com\/wp-content\/uploads\/2024\/12\/Sanitation-Machinery-Locking-Hydraulic-Cylinder-480x480.webp 480w\" sizes=\"(min-width: 0px) and (max-width: 480px) 480px, (min-width: 481px) 500px, 100vw\" \/><\/p>\n<h4>Caract\u00e9ristiques principales :<\/h4>\n<ul>\n<li>Construction robuste : Fabriqu\u00e9 \u00e0 partir de mat\u00e9riaux \u00e0 haute r\u00e9sistance, ce v\u00e9rin hydraulique de verrouillage est con\u00e7u pour r\u00e9sister aux conditions exigeantes des travaux d&#039;assainissement, garantissant une durabilit\u00e9 et une fiabilit\u00e9 \u00e0 long terme.<\/li>\n<li>Conception hydraulique efficace\u00a0: Le v\u00e9rin utilise une technologie hydraulique avanc\u00e9e pour un fonctionnement fluide et r\u00e9actif. L&#039;engagement et le d\u00e9sengagement rapides du m\u00e9canisme de verrouillage optimisent le flux de travail.<\/li>\n<li>S\u00e9curit\u00e9 renforc\u00e9e : en verrouillant en toute s\u00e9curit\u00e9 les composants critiques des machines d&#039;assainissement, le v\u00e9rin hydraulique aide \u00e0 emp\u00eacher tout mouvement accidentel ou tout d\u00e9logement pendant le fonctionnement, r\u00e9duisant ainsi le risque d&#039;accident.<\/li>\n<li>Applications polyvalentes : Adapt\u00e9 \u00e0 une large gamme d&#039;\u00e9quipements d&#039;assainissement, ce v\u00e9rin hydraulique de verrouillage fait partie int\u00e9grante du fonctionnement efficace de divers v\u00e9hicules et machines utilis\u00e9s dans la gestion des d\u00e9chets et le nettoyage des rues.<\/li>\n<li>Int\u00e9gration facile : Con\u00e7u pour une installation simple, le v\u00e9rin hydraulique de verrouillage peut \u00eatre int\u00e9gr\u00e9 de mani\u00e8re transparente dans les syst\u00e8mes de machines d&#039;assainissement existants, minimisant les temps d&#039;arr\u00eat et garantissant un d\u00e9ploiement rapide.<\/li>\n<\/ul>\n<p>Le v\u00e9rin hydraulique de verrouillage des machines d&#039;assainissement est un composant essentiel qui am\u00e9liore la s\u00e9curit\u00e9, l&#039;efficacit\u00e9 et la fiabilit\u00e9 des \u00e9quipements d&#039;assainissement, ce qui en fait un outil indispensable pour des op\u00e9rations efficaces de gestion des d\u00e9chets.<\/p>\n<h2>Dimensions du v\u00e9rin hydraulique de verrouillage des machines d&#039;assainissement :<\/h2>\n<table>\n<tbody>\n<tr>\n<td><img loading=\"lazy\" decoding=\"async\" class=\"alignnone size-full wp-image-423\" src=\"https:\/\/fmp-components.com\/wp-content\/uploads\/2024\/12\/Sanitation-Machinery-Locking-Hydraulic-Cylinder-Dimensions-1.webp\" alt=\"V\u00e9rin hydraulique de verrouillage pour machines sanitaires\" width=\"980\" height=\"427\" title=\"\" srcset=\"https:\/\/fmp-components.com\/wp-content\/uploads\/2024\/12\/Sanitation-Machinery-Locking-Hydraulic-Cylinder-Dimensions-1.webp 980w, https:\/\/fmp-components.com\/wp-content\/uploads\/2024\/12\/Sanitation-Machinery-Locking-Hydraulic-Cylinder-Dimensions-1-480x209.webp 480w\" sizes=\"(min-width: 0px) and (max-width: 480px) 480px, (min-width: 481px) 980px, 100vw\" \/><\/td>\n<td><img loading=\"lazy\" decoding=\"async\" class=\"alignnone size-full wp-image-424\" src=\"https:\/\/fmp-components.com\/wp-content\/uploads\/2024\/12\/Sanitation-Machinery-Locking-Hydraulic-Cylinder-Dimensions-2.webp\" alt=\"V\u00e9rin hydraulique de verrouillage pour machines sanitaires\" width=\"980\" height=\"427\" title=\"\" srcset=\"https:\/\/fmp-components.com\/wp-content\/uploads\/2024\/12\/Sanitation-Machinery-Locking-Hydraulic-Cylinder-Dimensions-2.webp 980w, https:\/\/fmp-components.com\/wp-content\/uploads\/2024\/12\/Sanitation-Machinery-Locking-Hydraulic-Cylinder-Dimensions-2-480x209.webp 480w\" sizes=\"(min-width: 0px) and (max-width: 480px) 480px, (min-width: 481px) 980px, 100vw\" \/><\/td>\n<\/tr>\n<\/tbody>\n<\/table>\n<table style=\"width: 100%; height: 124px;\" border=\"1\" cellspacing=\"0\" cellpadding=\"0\">\n<tbody>\n<tr style=\"height: 47px;\">\n<td style=\"height: 47px;\" width=\"246\">Nom du cylindre<\/td>\n<td style=\"height: 47px;\" width=\"336\">Num\u00e9ro de dessin<\/td>\n<td style=\"height: 47px;\" width=\"126\">Diam\u00e8tre d&#039;al\u00e9sage (D)<\/td>\n<td style=\"height: 47px;\" width=\"123\">Diam\u00e8tre de la tige (d)<\/td>\n<td style=\"height: 47px;\" width=\"114\">AVC (S)<\/td>\n<td style=\"height: 47px;\" width=\"170\">Distance d&#039;installation (L)<\/td>\n<td style=\"height: 47px;\" width=\"172\">Pression de travail<\/td>\n<td style=\"height: 47px;\" width=\"366\">Dimensions de l&#039;interface (M)<\/td>\n<td style=\"height: 47px;\" width=\"96\">Poids<\/td>\n<\/tr>\n<tr style=\"height: 33px;\">\n<td class=\"et3\" style=\"height: 33px;\" width=\"246\" height=\"286\">Cylindre de verrouillage<\/td>\n<td class=\"et4\" style=\"height: 33px;\" width=\"336\">107504-00<\/td>\n<td class=\"et4\" style=\"height: 33px;\" width=\"126\">\u03a640<\/td>\n<td class=\"et4\" style=\"height: 33px;\" width=\"123\">\u03a620<\/td>\n<td class=\"et4\" style=\"height: 33px;\" width=\"114\">53<\/td>\n<td class=\"et4\" style=\"height: 33px;\" width=\"170\">245<\/td>\n<td class=\"et4\" style=\"height: 33px;\" width=\"172\">25 MPa<\/td>\n<td class=\"et4\" style=\"height: 33px;\" width=\"366\">2-G3\/8<\/td>\n<td class=\"et4\" style=\"height: 33px;\" width=\"96\">2,6 kg<\/td>\n<\/tr>\n<tr style=\"height: 44px;\">\n<td class=\"et3\" style=\"height: 44px;\" width=\"246\" height=\"316\">Cylindre de verrouillage<\/td>\n<td class=\"et4\" style=\"height: 44px;\">103631-00<\/td>\n<td class=\"et4\" style=\"height: 44px;\">\u03a663<\/td>\n<td class=\"et4\" style=\"height: 44px;\">\u03a640<\/td>\n<td class=\"et4\" style=\"height: 44px;\">160<\/td>\n<td class=\"et4\" style=\"height: 44px;\">385<\/td>\n<td class=\"et4\" style=\"height: 44px;\">30 MPa<\/td>\n<td class=\"et4\" style=\"height: 44px;\">2-G3\/8<\/td>\n<td class=\"et4\" style=\"height: 44px;\">15 kg<\/td>\n<\/tr>\n<\/tbody>\n<\/table>\n<h3>Caract\u00e9ristiques du v\u00e9rin hydraulique de verrouillage des machines d&#039;assainissement<\/h3>\n<h4>1. Construction robuste<\/h4>\n<p>Le v\u00e9rin hydraulique de verrouillage des machines d&#039;assainissement est fabriqu\u00e9 \u00e0 partir de mat\u00e9riaux \u00e0 haute r\u00e9sistance qui garantissent la durabilit\u00e9 et la r\u00e9sistance \u00e0 l&#039;usure, ce qui le rend adapt\u00e9 aux conditions exigeantes des travaux d&#039;assainissement.<\/p>\n<h4>2. M\u00e9canisme de verrouillage efficace<\/h4>\n<p>Ce v\u00e9rin hydraulique est dot\u00e9 d&#039;un m\u00e9canisme de verrouillage avanc\u00e9 permettant un engagement et un d\u00e9sengagement rapides et s\u00e9curis\u00e9s. Cette efficacit\u00e9 am\u00e9liore le flux de travail et la s\u00e9curit\u00e9 d&#039;utilisation.<\/p>\n<h4>3. Fonctionnement hydraulique fluide<\/h4>\n<p>Le v\u00e9rin utilise un syst\u00e8me hydraulique sophistiqu\u00e9 qui assure un fonctionnement fluide et r\u00e9actif. Cette fonctionnalit\u00e9 permet un contr\u00f4le pr\u00e9cis des op\u00e9rations de verrouillage et de d\u00e9verrouillage, garantissant ainsi des performances fiables.<\/p>\n<h4>4. Am\u00e9liorations de la s\u00e9curit\u00e9<\/h4>\n<p>Dot\u00e9 de dispositifs de s\u00e9curit\u00e9, tels que des soupapes de surpression, le v\u00e9rin hydraulique verrouillable emp\u00eache tout d\u00e9clenchement ou mouvement accidentel. Ainsi, les composants restent solidement verrouill\u00e9s pendant le fonctionnement, r\u00e9duisant ainsi les risques d&#039;accident.<\/p>\n<h4>5. Compatibilit\u00e9 polyvalente<\/h4>\n<p>Con\u00e7u pour \u00eatre compatible avec une large gamme d&#039;\u00e9quipements d&#039;assainissement, y compris les camions \u00e0 ordures et les balayeuses de rue, ce v\u00e9rin hydraulique peut \u00eatre facilement int\u00e9gr\u00e9 dans divers syst\u00e8mes de machines, ce qui en fait un choix polyvalent pour les op\u00e9rations de gestion des d\u00e9chets.<\/p>\n<h4>6. Faibles besoins d&#039;entretien<\/h4>\n<p>Gr\u00e2ce \u00e0 sa conception robuste et \u00e0 ses mat\u00e9riaux durables, le v\u00e9rin hydraulique de verrouillage n\u00e9cessite un entretien minimal, ce qui r\u00e9duit les temps d&#039;arr\u00eat et les co\u00fbts d&#039;exploitation des services d&#039;assainissement.<\/p>\n<h4>7. Conception compacte<\/h4>\n<p>La conception compacte du cylindre permet une utilisation efficace de l&#039;espace dans les machines d&#039;assainissement, permettant des performances optimales sans compromettre la disposition g\u00e9n\u00e9rale de l&#039;\u00e9quipement.<\/p>\n<h4>8. R\u00e9sistance \u00e0 la corrosion<\/h4>\n<p>De nombreux mod\u00e8les sont dot\u00e9s de rev\u00eatements qui prot\u00e8gent contre la corrosion, garantissant que le v\u00e9rin hydraulique conserve sa fonctionnalit\u00e9 et son apparence m\u00eame lorsqu&#039;il est expos\u00e9 \u00e0 des conditions environnementales difficiles que l&#039;on retrouve couramment dans les travaux d&#039;assainissement.<\/p>\n<p>En r\u00e9sum\u00e9, le v\u00e9rin hydraulique de verrouillage des machines d&#039;assainissement combine durabilit\u00e9, efficacit\u00e9 et s\u00e9curit\u00e9, ce qui en fait un composant essentiel pour un fonctionnement efficace et fiable dans l&#039;industrie de l&#039;assainissement.<\/p>\n<h2><img loading=\"lazy\" decoding=\"async\" class=\"alignnone size-full wp-image-422\" src=\"https:\/\/fmp-components.com\/wp-content\/uploads\/2024\/12\/Sanitation-Machinery.webp\" alt=\"V\u00e9rin hydraulique de verrouillage pour machines sanitaires\" width=\"1000\" height=\"667\" title=\"\" srcset=\"https:\/\/fmp-components.com\/wp-content\/uploads\/2024\/12\/Sanitation-Machinery.webp 1000w, https:\/\/fmp-components.com\/wp-content\/uploads\/2024\/12\/Sanitation-Machinery-980x654.webp 980w, https:\/\/fmp-components.com\/wp-content\/uploads\/2024\/12\/Sanitation-Machinery-480x320.webp 480w\" sizes=\"(min-width: 0px) and (max-width: 480px) 480px, (min-width: 481px) and (max-width: 980px) 980px, (min-width: 981px) 1000px, 100vw\" \/><\/h2>\n<h2>\u00c0 propos de FMP<\/h2>\n<p>FMP est une entreprise de fabrication m\u00e9canique sp\u00e9cialis\u00e9e dans la production de v\u00e9rins hydrauliques. Depuis sa cr\u00e9ation, l&#039;entreprise s&#039;est concentr\u00e9e sur la recherche et la fabrication de technologies hydrauliques, passant avec succ\u00e8s d&#039;une gamme de produits diversifi\u00e9e, incluant les machines de r\u00e9colte et de construction, \u00e0 une sp\u00e9cialisation dans les composants de tracteurs agricoles. Forte de plus de dix ans d&#039;exp\u00e9rience en fabrication et en gestion, FMP garantit des produits de haute qualit\u00e9 gr\u00e2ce \u00e0 des techniques de production avanc\u00e9es.<\/p>\n<p>Au fil de son \u00e9volution, l&#039;entreprise a d\u00e9velopp\u00e9 une ligne compl\u00e8te de production d&#039;usinage, d&#039;assemblage et de rev\u00eatement. Notre \u00e9quipe est compos\u00e9e d&#039;un personnel de direction qualifi\u00e9, de concepteurs m\u00e9caniques exp\u00e9riment\u00e9s et de techniciens hautement qualifi\u00e9s qui travaillent ensemble pour maintenir une qualit\u00e9 de production stable tout en contr\u00f4lant efficacement la continuit\u00e9 et l&#039;efficacit\u00e9 des processus.<\/p>\n<p>FMP adh\u00e8re \u00e0 la philosophie suivante\u00a0: \u00ab\u00a0L&#039;innovation technologique est le moteur du progr\u00e8s, la qualit\u00e9 cr\u00e9e des marques, le savoir-faire garantit la qualit\u00e9 et \u00e9tablit des relations gagnant-gagnant \u00e0 long terme.\u00a0\u00bb Notre engagement \u00e0 fournir des produits de haute qualit\u00e9 et un service client irr\u00e9prochable demeure un objectif essentiel pour r\u00e9pondre aux besoins changeants du march\u00e9.<\/p>\n<p><img loading=\"lazy\" decoding=\"async\" class=\"alignnone size-full wp-image-426\" src=\"https:\/\/fmp-components.com\/wp-content\/uploads\/2024\/12\/Sanitation-Machinery-Locking-Hydraulic-Cylinder-factory.webp\" alt=\"Usine de machines sanitaires, de verrouillage, de v\u00e9rins hydrauliques\" width=\"1414\" height=\"584\" title=\"\" srcset=\"https:\/\/fmp-components.com\/wp-content\/uploads\/2024\/12\/Sanitation-Machinery-Locking-Hydraulic-Cylinder-factory.webp 1414w, https:\/\/fmp-components.com\/wp-content\/uploads\/2024\/12\/Sanitation-Machinery-Locking-Hydraulic-Cylinder-factory-1280x529.webp 1280w, https:\/\/fmp-components.com\/wp-content\/uploads\/2024\/12\/Sanitation-Machinery-Locking-Hydraulic-Cylinder-factory-980x405.webp 980w, https:\/\/fmp-components.com\/wp-content\/uploads\/2024\/12\/Sanitation-Machinery-Locking-Hydraulic-Cylinder-factory-480x198.webp 480w\" sizes=\"(min-width: 0px) and (max-width: 480px) 480px, (min-width: 481px) and (max-width: 980px) 980px, (min-width: 981px) and (max-width: 1280px) 1280px, (min-width: 1281px) 1414px, 100vw\" \/><\/p>\n<p>Auteur : CX<\/p>","protected":false},"excerpt":{"rendered":"<p>Le v\u00e9rin hydraulique de verrouillage pour machines d&#039;assainissement est un composant essentiel con\u00e7u pour garantir le fonctionnement s\u00e9curis\u00e9 des \u00e9quipements d&#039;assainissement, tels que les bennes \u00e0 ordures et les balayeuses de voirie. Ce v\u00e9rin hydraulique offre des m\u00e9canismes de verrouillage fiables qui pr\u00e9servent la stabilit\u00e9 et la s\u00e9curit\u00e9 des machines pendant leur fonctionnement et leur transport. Fabriqu\u00e9 \u00e0 partir de mat\u00e9riaux haute r\u00e9sistance, il est con\u00e7u pour r\u00e9sister aux exigences des environnements de travail difficiles, garantissant durabilit\u00e9 et long\u00e9vit\u00e9. Sa conception hydraulique performante assure un fonctionnement fluide, permettant un engagement et un d\u00e9sengagement rapides du syst\u00e8me de verrouillage. Essentiel pour am\u00e9liorer la s\u00e9curit\u00e9 et l&#039;efficacit\u00e9, ce v\u00e9rin hydraulique de verrouillage est essentiel au bon fonctionnement des machines d&#039;assainissement.<\/p>","protected":false},"featured_media":421,"comment_status":"open","ping_status":"closed","template":"","meta":{"_et_pb_use_builder":"","_et_pb_old_content":"","_et_gb_content_width":""},"product_brand":[],"product_cat":[23],"product_tag":[],"class_list":{"0":"post-420","1":"product","2":"type-product","3":"status-publish","4":"has-post-thumbnail","6":"product_cat-sanitation-machinery-hydraulic-cylinders","8":"first","9":"instock","10":"shipping-taxable","11":"product-type-simple"},"_links":{"self":[{"href":"https:\/\/fmp-components.com\/fr\/wp-json\/wp\/v2\/product\/420","targetHints":{"allow":["GET"]}}],"collection":[{"href":"https:\/\/fmp-components.com\/fr\/wp-json\/wp\/v2\/product"}],"about":[{"href":"https:\/\/fmp-components.com\/fr\/wp-json\/wp\/v2\/types\/product"}],"replies":[{"embeddable":true,"href":"https:\/\/fmp-components.com\/fr\/wp-json\/wp\/v2\/comments?post=420"}],"wp:featuredmedia":[{"embeddable":true,"href":"https:\/\/fmp-components.com\/fr\/wp-json\/wp\/v2\/media\/421"}],"wp:attachment":[{"href":"https:\/\/fmp-components.com\/fr\/wp-json\/wp\/v2\/media?parent=420"}],"wp:term":[{"taxonomy":"product_brand","embeddable":true,"href":"https:\/\/fmp-components.com\/fr\/wp-json\/wp\/v2\/product_brand?post=420"},{"taxonomy":"product_cat","embeddable":true,"href":"https:\/\/fmp-components.com\/fr\/wp-json\/wp\/v2\/product_cat?post=420"},{"taxonomy":"product_tag","embeddable":true,"href":"https:\/\/fmp-components.com\/fr\/wp-json\/wp\/v2\/product_tag?post=420"}],"curies":[{"name":"wp","href":"https:\/\/api.w.org\/{rel}","templated":true}]}}