{"id":397,"date":"2024-12-10T02:38:22","date_gmt":"2024-12-10T02:38:22","guid":{"rendered":"https:\/\/fmp-components.com\/?page_id=8"},"modified":"2024-12-10T02:54:39","modified_gmt":"2024-12-10T02:54:39","slug":"scissor-fork-aerial-work-vehicle-lifting-hydraulic-cylinder","status":"publish","type":"product","link":"https:\/\/fmp-components.com\/fr\/product\/scissor-fork-aerial-work-vehicle-lifting-hydraulic-cylinder\/","title":{"rendered":"V\u00e9rin hydraulique de levage de v\u00e9hicule a\u00e9rien \u00e0 fourche \u00e0 ciseaux"},"content":{"rendered":"<p style=\"text-align: center;\"><span style=\"font-size: 18pt;\">V\u00e9rin hydraulique de levage de v\u00e9hicule a\u00e9rien \u00e0 fourche \u00e0 ciseaux<\/span><\/p>\n<p>Le v\u00e9rin hydraulique pour \u00e9l\u00e9vateur \u00e0 fourches \u00e0 ciseaux est un composant essentiel con\u00e7u pour fournir une puissance de levage fiable aux plateformes \u00e9l\u00e9vatrices \u00e0 ciseaux. Ce v\u00e9rin hydraulique est con\u00e7u pour des performances optimales, permettant une \u00e9l\u00e9vation fluide et contr\u00f4l\u00e9e de l&#039;\u00e9l\u00e9vateur, essentielle pour acc\u00e9der aux zones de travail en hauteur de mani\u00e8re s\u00fbre et efficace.<\/p>\n<p><img loading=\"lazy\" decoding=\"async\" class=\"size-full wp-image-407 aligncenter\" src=\"https:\/\/fmp-components.com\/wp-content\/uploads\/2024\/12\/Scissor-Fork-Aerial-Work-Vehicle-Lifting-Hydraulic-Cylinder.webp\" alt=\"V\u00e9rin hydraulique de levage de v\u00e9hicule a\u00e9rien \u00e0 fourche \u00e0 ciseaux\" width=\"500\" height=\"500\" title=\"\" srcset=\"https:\/\/fmp-components.com\/wp-content\/uploads\/2024\/12\/Scissor-Fork-Aerial-Work-Vehicle-Lifting-Hydraulic-Cylinder.webp 500w, https:\/\/fmp-components.com\/wp-content\/uploads\/2024\/12\/Scissor-Fork-Aerial-Work-Vehicle-Lifting-Hydraulic-Cylinder-480x480.webp 480w\" sizes=\"(min-width: 0px) and (max-width: 480px) 480px, (min-width: 481px) 500px, 100vw\" \/><\/p>\n<h4>Caract\u00e9ristiques principales :<\/h4>\n<ul>\n<li>Construction robuste : Fabriqu\u00e9 \u00e0 partir de mat\u00e9riaux \u00e0 haute r\u00e9sistance, ce v\u00e9rin hydraulique de levage est con\u00e7u pour r\u00e9sister \u00e0 de lourdes charges et supporter des conditions de travail difficiles, garantissant une durabilit\u00e9 et des performances durables.<\/li>\n<li>Fonctionnement hydraulique fluide : le syst\u00e8me hydraulique avanc\u00e9 permet des actions de levage et d&#039;abaissement fluides, offrant aux op\u00e9rateurs un contr\u00f4le pr\u00e9cis de la hauteur de la plate-forme pendant diverses t\u00e2ches.<\/li>\n<li>S\u00e9curit\u00e9 renforc\u00e9e : Con\u00e7u dans un souci de s\u00e9curit\u00e9, le v\u00e9rin int\u00e8gre des caract\u00e9ristiques qui emp\u00eachent les mouvements brusques et assurent un fonctionnement stable, r\u00e9duisant ainsi le risque d&#039;accidents lors de travaux en hauteur.<\/li>\n<li>Applications polyvalentes : Id\u00e9al pour une large gamme d&#039;applications, y compris la construction, la maintenance et les environnements industriels, ce v\u00e9rin hydraulique de levage am\u00e9liore la fonctionnalit\u00e9 des v\u00e9hicules de travail a\u00e9rien \u00e0 fourche \u00e0 ciseaux.<\/li>\n<li>Int\u00e9gration facile : le v\u00e9rin est con\u00e7u pour une installation simple dans les syst\u00e8mes de levage existants, minimisant les temps d&#039;arr\u00eat et permettant un d\u00e9ploiement rapide sur le terrain.<\/li>\n<\/ul>\n<p>En r\u00e9sum\u00e9, le v\u00e9rin hydraulique de levage de v\u00e9hicule de travail a\u00e9rien \u00e0 fourche \u00e0 ciseaux est un composant essentiel qui am\u00e9liore la s\u00e9curit\u00e9, l&#039;efficacit\u00e9 et la productivit\u00e9 des plates-formes de travail a\u00e9riennes, ce qui en fait un outil indispensable pour les op\u00e9rateurs de diverses industries n\u00e9cessitant des solutions d&#039;acc\u00e8s sur\u00e9lev\u00e9es.<\/p>\n<h2>Pi\u00e8ces de v\u00e9rin hydraulique de levage de v\u00e9hicule de travail a\u00e9rien \u00e0 fourche \u00e0 ciseaux :<\/h2>\n<p><img loading=\"lazy\" decoding=\"async\" class=\"alignnone size-full wp-image-404\" src=\"https:\/\/fmp-components.com\/wp-content\/uploads\/2024\/12\/Scissor-Fork-Aerial-Work-Vehicle-Lifting-Hydraulic-Cylinder-Parts.webp\" alt=\"\" width=\"1024\" height=\"634\" title=\"\" srcset=\"https:\/\/fmp-components.com\/wp-content\/uploads\/2024\/12\/Scissor-Fork-Aerial-Work-Vehicle-Lifting-Hydraulic-Cylinder-Parts.webp 1024w, https:\/\/fmp-components.com\/wp-content\/uploads\/2024\/12\/Scissor-Fork-Aerial-Work-Vehicle-Lifting-Hydraulic-Cylinder-Parts-980x607.webp 980w, https:\/\/fmp-components.com\/wp-content\/uploads\/2024\/12\/Scissor-Fork-Aerial-Work-Vehicle-Lifting-Hydraulic-Cylinder-Parts-480x297.webp 480w\" sizes=\"(min-width: 0px) and (max-width: 480px) 480px, (min-width: 481px) and (max-width: 980px) 980px, (min-width: 981px) 1024px, 100vw\" \/><\/p>\n<table class=\"has-title all magic-26\" style=\"width: 97.5988%; height: 214px;\" border=\"1\" cellspacing=\"0\" cellpadding=\"0\">\n<tbody>\n<tr>\n<td style=\"width: 6.0665%;\" colspan=\"1\" rowspan=\"1\">\n<div class=\"magic-27\" data-spm-anchor-id=\"a2700.details.0.i26.201d6d46acEaSr\">1<\/div>\n<\/td>\n<td style=\"width: 52.9018%;\" colspan=\"1\" rowspan=\"1\">\n<div class=\"magic-28\">Ensemble carter de cylindre<\/div>\n<\/td>\n<td style=\"width: 6.16271%;\" colspan=\"1\" rowspan=\"1\">\n<div class=\"magic-27\">9<\/div>\n<\/td>\n<td style=\"width: 34.6345%;\" colspan=\"1\" rowspan=\"1\">\n<div class=\"magic-29\">Du Bush<\/div>\n<\/td>\n<\/tr>\n<tr>\n<td style=\"width: 6.0665%;\" colspan=\"1\" rowspan=\"1\">\n<div class=\"magic-27\">2<\/div>\n<\/td>\n<td style=\"width: 52.9018%;\" colspan=\"1\" rowspan=\"1\">\n<div class=\"magic-28\">Guide Bush<\/div>\n<\/td>\n<td style=\"width: 6.16271%;\" colspan=\"1\" rowspan=\"1\">\n<div class=\"magic-27\">10<\/div>\n<\/td>\n<td style=\"width: 34.6345%;\" colspan=\"1\" rowspan=\"1\">\n<div class=\"magic-29\">joint torique<\/div>\n<\/td>\n<\/tr>\n<tr>\n<td style=\"width: 6.0665%;\" colspan=\"1\" rowspan=\"1\">\n<div class=\"magic-27\">3<\/div>\n<\/td>\n<td style=\"width: 52.9018%;\" colspan=\"1\" rowspan=\"1\">\n<div class=\"magic-28\">Piston<\/div>\n<\/td>\n<td style=\"width: 6.16271%;\" colspan=\"1\" rowspan=\"1\">\n<div class=\"magic-27\">11<\/div>\n<\/td>\n<td style=\"width: 34.6345%;\" colspan=\"1\" rowspan=\"1\">\n<div class=\"magic-29\">joint torique<\/div>\n<\/td>\n<\/tr>\n<tr>\n<td style=\"width: 6.0665%;\" colspan=\"1\" rowspan=\"1\">\n<div class=\"magic-27\">4<\/div>\n<\/td>\n<td style=\"width: 52.9018%;\" colspan=\"1\" rowspan=\"1\">\n<div class=\"magic-28\">Tige de piston<\/div>\n<\/td>\n<td style=\"width: 6.16271%;\" colspan=\"1\" rowspan=\"1\">\n<div class=\"magic-27\">12<\/div>\n<\/td>\n<td style=\"width: 34.6345%;\" colspan=\"1\" rowspan=\"1\">\n<div class=\"magic-29\">Joint de trou<\/div>\n<\/td>\n<\/tr>\n<tr>\n<td style=\"width: 6.0665%;\" colspan=\"1\" rowspan=\"1\">\n<div class=\"magic-27\">5<\/div>\n<\/td>\n<td style=\"width: 52.9018%;\" colspan=\"1\" rowspan=\"1\">\n<div class=\"magic-28\">roulement composite<\/div>\n<\/td>\n<td style=\"width: 6.16271%;\" colspan=\"1\" rowspan=\"1\">\n<div class=\"magic-27\">13<\/div>\n<\/td>\n<td style=\"width: 34.6345%;\" colspan=\"1\" rowspan=\"1\">\n<div class=\"magic-29\">Bague d&#039;usure<\/div>\n<\/td>\n<\/tr>\n<tr>\n<td style=\"width: 6.0665%;\" colspan=\"1\" rowspan=\"1\">\n<div class=\"magic-27\">6<\/div>\n<\/td>\n<td style=\"width: 52.9018%;\" colspan=\"1\" rowspan=\"1\">\n<div class=\"magic-28\">Essuie-poussi\u00e8re<\/div>\n<\/td>\n<td style=\"width: 6.16271%;\" colspan=\"1\" rowspan=\"1\">\n<div class=\"magic-27\">14<\/div>\n<\/td>\n<td style=\"width: 34.6345%;\" colspan=\"1\" rowspan=\"1\">\n<div class=\"magic-29\">Vis de r\u00e9glage<\/div>\n<\/td>\n<\/tr>\n<tr>\n<td style=\"width: 6.0665%;\" colspan=\"1\" rowspan=\"1\">\n<div class=\"magic-27\">7<\/div>\n<\/td>\n<td style=\"width: 52.9018%;\" colspan=\"1\" rowspan=\"1\">\n<div class=\"magic-28\">Anneau en U<\/div>\n<\/td>\n<td style=\"width: 6.16271%;\" colspan=\"1\" rowspan=\"1\">\n<div class=\"magic-27\">15<\/div>\n<\/td>\n<td style=\"width: 34.6345%;\" colspan=\"1\" rowspan=\"1\">\n<div class=\"magic-29\">Housse anti-poussi\u00e8re<\/div>\n<\/td>\n<\/tr>\n<tr>\n<td style=\"width: 6.0665%;\" colspan=\"1\" rowspan=\"1\">\n<div class=\"magic-27\">8<\/div>\n<\/td>\n<td style=\"width: 52.9018%;\" colspan=\"1\" rowspan=\"1\">\n<div class=\"magic-28\">joint torique<\/div>\n<\/td>\n<td style=\"width: 6.16271%;\" colspan=\"1\" rowspan=\"1\">\n<div class=\"magic-27\"><\/div>\n<\/td>\n<td style=\"width: 34.6345%;\" colspan=\"1\" rowspan=\"1\"><\/td>\n<\/tr>\n<\/tbody>\n<\/table>\n<h2>Dimensions du v\u00e9rin hydraulique de levage du v\u00e9hicule a\u00e9rien \u00e0 fourche \u00e0 ciseaux :<\/h2>\n<table>\n<tbody>\n<tr>\n<td><img loading=\"lazy\" decoding=\"async\" class=\"alignnone size-full wp-image-400\" src=\"https:\/\/fmp-components.com\/wp-content\/uploads\/2024\/12\/Scissor-Fork-Aerial-Work-Vehicle-Lifting-Hydraulic-Cylinder-Dimensions-1.webp\" alt=\"\" width=\"680\" height=\"210\" title=\"\" srcset=\"https:\/\/fmp-components.com\/wp-content\/uploads\/2024\/12\/Scissor-Fork-Aerial-Work-Vehicle-Lifting-Hydraulic-Cylinder-Dimensions-1.webp 680w, https:\/\/fmp-components.com\/wp-content\/uploads\/2024\/12\/Scissor-Fork-Aerial-Work-Vehicle-Lifting-Hydraulic-Cylinder-Dimensions-1-480x148.webp 480w\" sizes=\"(min-width: 0px) and (max-width: 480px) 480px, (min-width: 481px) 680px, 100vw\" \/><\/td>\n<td><img loading=\"lazy\" decoding=\"async\" class=\"alignnone size-full wp-image-401\" src=\"https:\/\/fmp-components.com\/wp-content\/uploads\/2024\/12\/Scissor-Fork-Aerial-Work-Vehicle-Lifting-Hydraulic-Cylinder-Dimensions-2.webp\" alt=\"\" width=\"680\" height=\"210\" title=\"\" srcset=\"https:\/\/fmp-components.com\/wp-content\/uploads\/2024\/12\/Scissor-Fork-Aerial-Work-Vehicle-Lifting-Hydraulic-Cylinder-Dimensions-2.webp 680w, https:\/\/fmp-components.com\/wp-content\/uploads\/2024\/12\/Scissor-Fork-Aerial-Work-Vehicle-Lifting-Hydraulic-Cylinder-Dimensions-2-480x148.webp 480w\" sizes=\"(min-width: 0px) and (max-width: 480px) 480px, (min-width: 481px) 680px, 100vw\" \/><\/td>\n<\/tr>\n<\/tbody>\n<\/table>\n<table border=\"1\" cellspacing=\"0\" cellpadding=\"0\">\n<tbody>\n<tr>\n<td width=\"246\">Nom du cylindre<\/td>\n<td width=\"336\">Num\u00e9ro de dessin<\/td>\n<td width=\"126\">Diam\u00e8tre d&#039;al\u00e9sage (D)<\/td>\n<td width=\"123\">Diam\u00e8tre de la tige (d)<\/td>\n<td width=\"114\">AVC (S)<\/td>\n<td width=\"170\">Distance d&#039;installation (L)<\/td>\n<td width=\"172\">Pression de travail<\/td>\n<td width=\"366\">Dimensions de l&#039;interface (M)<\/td>\n<td width=\"96\">Poids<\/td>\n<\/tr>\n<tr>\n<td class=\"et3\" width=\"246\" height=\"173\">V\u00e9rin de levage<\/td>\n<td class=\"et4\" width=\"336\">78XEN-620100-001<\/td>\n<td class=\"et4\" width=\"126\">\u03a665<\/td>\n<td class=\"et4\" width=\"123\">\u03a645<\/td>\n<td class=\"et4\" width=\"114\">840<\/td>\n<td class=\"et4\" width=\"170\">1075<\/td>\n<td class=\"et4\" width=\"172\">18 MPa<\/td>\n<td class=\"et4\" width=\"366\">G1\/4\u00a0; \u03a66\u00a0; M14*1,5<\/td>\n<td class=\"et4\" width=\"96\">27 kg<\/td>\n<\/tr>\n<\/tbody>\n<\/table>\n<table>\n<tbody>\n<tr>\n<td><img loading=\"lazy\" decoding=\"async\" class=\"alignnone size-full wp-image-402\" src=\"https:\/\/fmp-components.com\/wp-content\/uploads\/2024\/12\/Scissor-Fork-Aerial-Work-Vehicle-Lifting-Hydraulic-Cylinder-Dimensions-3.webp\" alt=\"\" width=\"680\" height=\"300\" title=\"\" srcset=\"https:\/\/fmp-components.com\/wp-content\/uploads\/2024\/12\/Scissor-Fork-Aerial-Work-Vehicle-Lifting-Hydraulic-Cylinder-Dimensions-3.webp 680w, https:\/\/fmp-components.com\/wp-content\/uploads\/2024\/12\/Scissor-Fork-Aerial-Work-Vehicle-Lifting-Hydraulic-Cylinder-Dimensions-3-480x212.webp 480w\" sizes=\"(min-width: 0px) and (max-width: 480px) 480px, (min-width: 481px) 680px, 100vw\" \/><\/td>\n<td><img loading=\"lazy\" decoding=\"async\" class=\"alignnone size-full wp-image-403\" src=\"https:\/\/fmp-components.com\/wp-content\/uploads\/2024\/12\/Scissor-Fork-Aerial-Work-Vehicle-Lifting-Hydraulic-Cylinder-Dimensions-4.webp\" alt=\"\" width=\"680\" height=\"300\" title=\"\" srcset=\"https:\/\/fmp-components.com\/wp-content\/uploads\/2024\/12\/Scissor-Fork-Aerial-Work-Vehicle-Lifting-Hydraulic-Cylinder-Dimensions-4.webp 680w, https:\/\/fmp-components.com\/wp-content\/uploads\/2024\/12\/Scissor-Fork-Aerial-Work-Vehicle-Lifting-Hydraulic-Cylinder-Dimensions-4-480x212.webp 480w\" sizes=\"(min-width: 0px) and (max-width: 480px) 480px, (min-width: 481px) 680px, 100vw\" \/><\/td>\n<\/tr>\n<\/tbody>\n<\/table>\n<table style=\"width: 100%; height: 168px;\" border=\"1\" cellspacing=\"0\" cellpadding=\"0\">\n<tbody>\n<tr style=\"height: 71px;\">\n<td style=\"height: 71px;\" width=\"246\">Nom du cylindre<\/td>\n<td style=\"height: 71px;\" width=\"336\">Num\u00e9ro de dessin<\/td>\n<td style=\"height: 71px;\" width=\"126\">Diam\u00e8tre d&#039;al\u00e9sage (D)<\/td>\n<td style=\"height: 71px;\" width=\"123\">Diam\u00e8tre de la tige (d)<\/td>\n<td style=\"height: 71px;\" width=\"114\">AVC (S)<\/td>\n<td style=\"height: 71px;\" width=\"170\">Distance d&#039;installation (L)<\/td>\n<td style=\"height: 71px;\" width=\"172\">Pression de travail<\/td>\n<td style=\"height: 71px;\" width=\"366\">Dimensions de l&#039;interface (M)<\/td>\n<td style=\"height: 71px;\" width=\"96\">Poids<\/td>\n<\/tr>\n<tr style=\"height: 53px;\">\n<td class=\"et3\" style=\"height: 53px;\" width=\"246\" height=\"222\">V\u00e9rin de levage<\/td>\n<td class=\"et4\" style=\"height: 53px;\" width=\"336\">JCPT1212HD-531000-00A<\/td>\n<td class=\"et4\" style=\"height: 53px;\" width=\"126\">\u03a675<\/td>\n<td class=\"et4\" style=\"height: 53px;\" width=\"123\">\u03a663<\/td>\n<td class=\"et4\" style=\"height: 53px;\" width=\"114\">1269<\/td>\n<td class=\"et4\" style=\"height: 53px;\" width=\"170\">1530<\/td>\n<td class=\"et4\" style=\"height: 53px;\" width=\"172\">25 MPa<\/td>\n<td class=\"et4\" style=\"height: 53px;\" width=\"366\">G1\/4;M18*1,5<\/td>\n<td class=\"et4\" style=\"height: 53px;\" width=\"96\">60 kg<\/td>\n<\/tr>\n<tr style=\"height: 44px;\">\n<td class=\"et3\" style=\"height: 44px;\" width=\"246\" height=\"222\">V\u00e9rin de levage<\/td>\n<td class=\"et4\" style=\"height: 44px;\">JCPT0607DCS-531000-00A<\/td>\n<td class=\"et4\" style=\"height: 44px;\">\u03a663<\/td>\n<td class=\"et4\" style=\"height: 44px;\">\u03a640<\/td>\n<td class=\"et4\" style=\"height: 44px;\">563<\/td>\n<td class=\"et4\" style=\"height: 44px;\">812<\/td>\n<td class=\"et4\" style=\"height: 44px;\">20 MPa<\/td>\n<td class=\"et4\" style=\"height: 44px;\">G1\/4;M18*1,5<\/td>\n<td class=\"et4\" style=\"height: 44px;\">17 kg<\/td>\n<\/tr>\n<\/tbody>\n<\/table>\n<h2>Cylindre hydraulique Marques et mod\u00e8les disponibles :<\/h2>\n<table border=\"1\" cellspacing=\"0\" cellpadding=\"0\">\n<tbody>\n<tr>\n<td><b data-spm-anchor-id=\"a2700.details.0.i43.45d84a73e99C9z\">KOMATSU (PC)<\/b><\/td>\n<td>PC30, PC40, PC50, PC56, PC60, PC78, PC100, PC110, PC120, PC130, PC160, PC200-3\/5\/6\/7\/8\/8MO, PC210, PC220-5\/6\/7\/8\/8MO, PC240, PC300\/350\/360-5\/6\/7\/8\/8MO, PC400\/450-5\/6\/7\/8\/8MO, PC800, PC850<\/td>\n<\/tr>\n<tr>\n<td><b>CHENILLE (E)<\/b><\/td>\n<td>E301.5, E302, E305.5, E306, E307V1\/V2\/B\/C\/D\/E\/F, E308B\/C, E120B, E312V1\/V2\/B\/C\/D, E313D2, E312D2, E315D,<br \/>\nE200B,E320V1\/V2\/A\/B\/C\/D,E324D,E325C\/D,E329D,E330\/336C\/D,E345C,E349D,E365C,E374,E390<\/td>\n<\/tr>\n<tr>\n<td><b>KOBELCO (Saskatchewan)<\/b><\/td>\n<td>SK60-3\/5\/8, SK75-8\/SR, SK100, SK120-3\/5, SK135-8\/SR, SK140-8, SK200-3\/5\/6\/6E, SK210-3\/5\/6\/6E,<br \/>\nSK230\/250-6E,SK250-8,SK260-8,SK350-8\/S8,SK460\/480-8<\/td>\n<\/tr>\n<tr>\n<td><b>HYUNDAI (R)<\/b><\/td>\n<td>R55-5\/7, R60-5\/7, R80, R110, R130, R200-5, R210-5, R215-5\/7, R220-5\/7\/9, R225-5\/7\/9, R250, R260, R265, R290, R305, R445, R485, R505<\/td>\n<\/tr>\n<tr>\n<td><b data-spm-anchor-id=\"a2700.details.0.i53.45d84a73e99C9z\">HITACHI (EX.ZX)<\/b><\/td>\n<td>EX60, EX100-1\/2\/3, EX120-1\/3\/5\/6, EX200-1\/3\/5, EX230-5, EX300-1, EX400<br \/>\nZAX60,ZAX70,ZA120-6,ZAX200\/210-1\/3\/5\/5K,ZAX240,ZAX250,ZAX260,ZAX330-3\/5\/6,ZAX450\/470,ZAX650\/670,ZAX850\/870<\/td>\n<\/tr>\n<tr>\n<td>\n<div class=\"magic-32\"><b data-spm-anchor-id=\"a2700.details.0.i55.45d84a73e99C9z\">DOOSAN (DH\/DX)<\/b><\/div>\n<\/td>\n<td>\n<div class=\"magic-33\"><span class=\"magic-34\">DH55, DH60, DH80, DH150, DH215-5\/7, DH220-5, DH225-5\/7, DH258, DH300-5\/7, DH370, DH420, DH500<br \/>\nDX55, DX60, DX75, DX130, DX225-9, DX300, DX380, DX420, DX500<\/span><\/div>\n<\/td>\n<\/tr>\n<tr>\n<td>\n<div class=\"magic-32\"><b>VOLVO (CE)<\/b><\/div>\n<\/td>\n<td>\n<div class=\"magic-33\"><span class=\"magic-34\">EC55, EC60, EC75, EC80, EC140, EC210B\/D, EC220D, EC240, EC250, EC290, EC300, EC360 EC380, EC460, EC480, EC700, EC750, EC950<\/span><\/div>\n<\/td>\n<\/tr>\n<tr>\n<td>\n<div class=\"magic-32\"><b>KATO (HD)<\/b><\/div>\n<\/td>\n<td>\n<div class=\"magic-33\"><span class=\"magic-34\">HD307\/308, HD450, HD512, HD700-5\/7, HD820-1\/2\/3\/5\/R, HD1023-1\/3, HD1430-1\/3<\/span><\/div>\n<\/td>\n<\/tr>\n<tr>\n<td>\n<div class=\"magic-32\"><b>AUTRE MARQUE<\/b><\/div>\n<\/td>\n<td>\n<div class=\"magic-33\"><span class=\"magic-34\">XCMG, LIUGONG, KUBOTA, CAS, YANMAR, SUNWARD, ZOOMLION, LISHIDE, LIEHERR<\/span><\/div>\n<\/td>\n<\/tr>\n<\/tbody>\n<\/table>\n<h3>Avantages du v\u00e9rin hydraulique de levage de v\u00e9hicule a\u00e9rien \u00e0 fourche \u00e0 ciseaux<\/h3>\n<h4>1. Capacit\u00e9 de levage am\u00e9lior\u00e9e<\/h4>\n<p>Le v\u00e9rin hydraulique de levage pour engins de chantier \u00e0 fourches ciseaux est con\u00e7u pour fournir une puissance de levage importante, permettant l&#039;\u00e9l\u00e9vation de charges lourdes en toute s\u00e9curit\u00e9. Cette capacit\u00e9 permet aux op\u00e9rateurs d&#039;effectuer efficacement diverses t\u00e2ches, de la construction \u00e0 la maintenance, sans compromettre la s\u00e9curit\u00e9 ni les performances.<\/p>\n<h4>2. Fonctionnement fluide et pr\u00e9cis<\/h4>\n<p>\u00c9quip\u00e9 d&#039;un syst\u00e8me hydraulique avanc\u00e9, ce v\u00e9rin de levage assure des mouvements fluides et contr\u00f4l\u00e9s. Les op\u00e9rateurs peuvent facilement r\u00e9gler la hauteur de la plateforme avec pr\u00e9cision, facilitant ainsi un positionnement pr\u00e9cis pour diverses applications et am\u00e9liorant l&#039;efficacit\u00e9 globale du flux de travail.<\/p>\n<h4>3. Durabilit\u00e9 robuste<\/h4>\n<p>Fabriqu\u00e9 \u00e0 partir de mat\u00e9riaux haute r\u00e9sistance, le v\u00e9rin hydraulique de levage est con\u00e7u pour r\u00e9sister aux environnements exigeants et aux utilisations intensives. Cette durabilit\u00e9 prolonge sa dur\u00e9e de vie et r\u00e9duit les besoins de maintenance, r\u00e9duisant ainsi les co\u00fbts d&#039;exploitation des entreprises.<\/p>\n<h4>4. Caract\u00e9ristiques de s\u00e9curit\u00e9<\/h4>\n<p>La s\u00e9curit\u00e9 est primordiale lors des travaux en hauteur, et ce v\u00e9rin hydraulique est dot\u00e9 de dispositifs con\u00e7us pour pr\u00e9venir les mouvements brusques et am\u00e9liorer la stabilit\u00e9. Ces m\u00e9canismes de s\u00e9curit\u00e9 offrent aux op\u00e9rateurs une tranquillit\u00e9 d&#039;esprit, leur permettant de se concentrer sur leurs t\u00e2ches tout en r\u00e9duisant les risques d&#039;accident.<\/p>\n<h4>5. Polyvalence entre les applications<\/h4>\n<p>Le v\u00e9rin hydraulique de levage pour nacelles \u00e9l\u00e9vatrices \u00e0 fourches ciseaux est polyvalent et convient \u00e0 un large \u00e9ventail de secteurs, notamment la construction, la maintenance et les applications industrielles. Son adaptabilit\u00e9 en fait un outil essentiel pour toute organisation utilisant des nacelles \u00e9l\u00e9vatrices, garantissant une gestion efficace de diverses t\u00e2ches en hauteur.<\/p>\n<table style=\"width: 100.251%; height: 397px;\" width=\"290\">\n<tbody>\n<tr style=\"height: 397px;\">\n<td style=\"width: 52.0342%; height: 397px;\" width=\"226\"><img loading=\"lazy\" decoding=\"async\" class=\"wp-image-399 aligncenter\" src=\"https:\/\/fmp-components.com\/wp-content\/uploads\/2024\/12\/Scissor-Fork-Aerial-Work-Vehicle-Lifting-Hydraulic-Cylinder-Applications-2.webp\" alt=\"\" width=\"399\" height=\"399\" title=\"\"><\/td>\n<td style=\"width: 47.3234%; height: 397px;\" width=\"64\"><img loading=\"lazy\" decoding=\"async\" class=\"alignnone wp-image-398\" src=\"https:\/\/fmp-components.com\/wp-content\/uploads\/2024\/12\/Scissor-Fork-Aerial-Work-Vehicle-Lifting-Hydraulic-Cylinder-Applications-1.webp\" alt=\"\" width=\"401\" height=\"401\" title=\"\"><\/td>\n<\/tr>\n<\/tbody>\n<\/table>\n<h2>\u00c0 propos de FMP<\/h2>\n<p>FMP est un fabricant sp\u00e9cialis\u00e9 de v\u00e9rins hydrauliques, reconnu pour l&#039;importance qu&#039;il accorde \u00e0 la recherche et \u00e0 l&#039;excellence de sa production. Depuis sa cr\u00e9ation, l&#039;entreprise se consacre au d\u00e9veloppement continu de la technologie des v\u00e9rins hydrauliques. Initialement, FMP produisait une gamme diversifi\u00e9e de produits pour les engins de r\u00e9colte et de construction\u00a0; elle s&#039;est ensuite concentr\u00e9e sur les composants pour tracteurs agricoles.<\/p>\n<p>Forte de plus de dix ans d&#039;expertise en fabrication, FMP allie une vaste exp\u00e9rience en gestion \u00e0 des technologies de production avanc\u00e9es pour garantir la plus haute qualit\u00e9 de ses produits. L&#039;entreprise a mis en place une ligne compl\u00e8te d&#039;usinage, d&#039;assemblage et de rev\u00eatement, lui permettant de proposer des processus de fabrication fiables et efficaces.<\/p>\n<p>La croissance de FMP a \u00e9t\u00e9 soutenue par une \u00e9quipe d\u00e9di\u00e9e compos\u00e9e d&#039;un personnel de direction exp\u00e9riment\u00e9, de concepteurs m\u00e9caniques qualifi\u00e9s et de techniciens hautement qualifi\u00e9s. Cette approche collaborative garantit une qualit\u00e9 constante des produits et g\u00e8re efficacement la continuit\u00e9 des processus, am\u00e9liorant ainsi l&#039;efficacit\u00e9 globale de la production.<\/p>\n<p>Au c\u0153ur de la philosophie de FMP se trouvent les valeurs suivantes\u00a0: \u00ab\u00a0L&#039;innovation technologique, moteur du progr\u00e8s\u00a0\u00bb, \u00ab\u00a0La qualit\u00e9, cr\u00e9atrice de marques\u00a0\u00bb, \u00ab\u00a0Le savoir-faire, garant de la qualit\u00e9\u00a0\u00bb et \u00ab\u00a0Construire des relations gagnant-gagnant \u00e0 long terme\u00a0\u00bb. L&#039;entreprise s&#039;engage \u00e0 fournir des produits de haute qualit\u00e9 et \u00e0 offrir un service client exceptionnel. FMP s&#039;efforce continuellement de s&#039;adapter \u00e0 l&#039;\u00e9volution des besoins du march\u00e9, se positionnant ainsi comme un partenaire de confiance dans le secteur des machines agricoles. Gr\u00e2ce \u00e0 son engagement en faveur de l&#039;innovation et de la qualit\u00e9, FMP entend contribuer significativement \u00e0 l&#039;avancement de la technologie hydraulique dans le secteur agricole.<\/p>\n<p><img loading=\"lazy\" decoding=\"async\" class=\"alignnone wp-image-359\" src=\"https:\/\/fmp-components.com\/wp-content\/uploads\/2024\/12\/fmp-factory-3.webp\" sizes=\"(min-width: 0px) and (max-width: 480px) 480px, (min-width: 481px) 914px, 100vw\" srcset=\"https:\/\/fmp-components.com\/wp-content\/uploads\/2024\/12\/fmp-factory-3.webp 914w, https:\/\/fmp-components.com\/wp-content\/uploads\/2024\/12\/fmp-factory-3-480x321.webp 480w\" alt=\"usine fmp\" width=\"914\" height=\"612\" title=\"\"><\/p>\n<p>Auteur : CX<\/p>","protected":false},"excerpt":{"rendered":"<p>Le v\u00e9rin hydraulique de levage pour nacelles \u00e0 ciseaux est un composant essentiel con\u00e7u pour fournir la puissance de levage n\u00e9cessaire aux plateformes \u00e9l\u00e9vatrices \u00e0 ciseaux. Con\u00e7u pour \u00eatre efficace et fiable, ce v\u00e9rin hydraulique assure une \u00e9l\u00e9vation fluide et contr\u00f4l\u00e9e de la plateforme, permettant aux op\u00e9rateurs d&#039;acc\u00e9der aux zones de travail en hauteur en toute s\u00e9curit\u00e9. Fabriqu\u00e9 \u00e0 partir de mat\u00e9riaux haute r\u00e9sistance, il r\u00e9siste aux charges lourdes et aux conditions difficiles, garantissant ainsi des performances durables. Son syst\u00e8me hydraulique avanc\u00e9 facilite les op\u00e9rations de levage et d&#039;abaissement pr\u00e9cises, ce qui le rend id\u00e9al pour de nombreuses applications dans les domaines de la construction, de la maintenance et de l&#039;industrie. Gr\u00e2ce \u00e0 ce v\u00e9rin hydraulique de levage, les op\u00e9rateurs peuvent am\u00e9liorer leur productivit\u00e9 tout en garantissant la s\u00e9curit\u00e9 en hauteur.<\/p>","protected":false},"featured_media":407,"comment_status":"open","ping_status":"closed","template":"","meta":{"_et_pb_use_builder":"","_et_pb_old_content":"","_et_gb_content_width":""},"product_brand":[],"product_cat":[22],"product_tag":[],"class_list":{"0":"post-397","1":"product","2":"type-product","3":"status-publish","4":"has-post-thumbnail","6":"product_cat-aerial-work-vehicle-hydraulic-cylinders","8":"first","9":"instock","10":"shipping-taxable","11":"product-type-simple"},"_links":{"self":[{"href":"https:\/\/fmp-components.com\/fr\/wp-json\/wp\/v2\/product\/397","targetHints":{"allow":["GET"]}}],"collection":[{"href":"https:\/\/fmp-components.com\/fr\/wp-json\/wp\/v2\/product"}],"about":[{"href":"https:\/\/fmp-components.com\/fr\/wp-json\/wp\/v2\/types\/product"}],"replies":[{"embeddable":true,"href":"https:\/\/fmp-components.com\/fr\/wp-json\/wp\/v2\/comments?post=397"}],"wp:featuredmedia":[{"embeddable":true,"href":"https:\/\/fmp-components.com\/fr\/wp-json\/wp\/v2\/media\/407"}],"wp:attachment":[{"href":"https:\/\/fmp-components.com\/fr\/wp-json\/wp\/v2\/media?parent=397"}],"wp:term":[{"taxonomy":"product_brand","embeddable":true,"href":"https:\/\/fmp-components.com\/fr\/wp-json\/wp\/v2\/product_brand?post=397"},{"taxonomy":"product_cat","embeddable":true,"href":"https:\/\/fmp-components.com\/fr\/wp-json\/wp\/v2\/product_cat?post=397"},{"taxonomy":"product_tag","embeddable":true,"href":"https:\/\/fmp-components.com\/fr\/wp-json\/wp\/v2\/product_tag?post=397"}],"curies":[{"name":"wp","href":"https:\/\/api.w.org\/{rel}","templated":true}]}}