{"id":3697,"date":"2025-01-09T07:44:24","date_gmt":"2025-01-09T07:44:24","guid":{"rendered":"https:\/\/fmp-components.com\/?page_id=8"},"modified":"2025-01-09T07:44:24","modified_gmt":"2025-01-09T07:44:24","slug":"wheel-drive-planetary-gearbox-reducer-for-cranes","status":"publish","type":"product","link":"https:\/\/fmp-components.com\/fr\/product\/wheel-drive-planetary-gearbox-reducer-for-cranes\/","title":{"rendered":"R\u00e9ducteur plan\u00e9taire \u00e0 roues motrices pour grues"},"content":{"rendered":"<p style=\"text-align: center;\"><span style=\"font-size: 18pt;\">R\u00e9ducteur plan\u00e9taire \u00e0 roues motrices pour grues<\/span><\/p>\n<p>Le r\u00e9ducteur plan\u00e9taire \u00e0 roues motrices pour grues est un \u00e9l\u00e9ment cl\u00e9 de la mobilit\u00e9 et de la stabilit\u00e9 des grues. Il transmet la puissance du moteur aux roues, assurant un mouvement fluide et contr\u00f4l\u00e9. Selon la configuration des roues, plusieurs r\u00e9ducteurs plan\u00e9taires peuvent \u00eatre utilis\u00e9s pour entra\u00eener chaque roue, permettant ainsi \u00e0 la grue de man\u0153uvrer efficacement dans divers environnements de travail.<\/p>\n<p><img loading=\"lazy\" decoding=\"async\" class=\"wp-image-3698 aligncenter\" src=\"https:\/\/fmp-components.com\/wp-content\/uploads\/2025\/01\/0_wheel-drive-application-2-11.webp\" alt=\"application de traction int\u00e9grale\" width=\"537\" height=\"453\" title=\"\" srcset=\"https:\/\/fmp-components.com\/wp-content\/uploads\/2025\/01\/0_wheel-drive-application-2-11.webp 344w, https:\/\/fmp-components.com\/wp-content\/uploads\/2025\/01\/0_wheel-drive-application-2-11-300x253.webp 300w, https:\/\/fmp-components.com\/wp-content\/uploads\/2025\/01\/0_wheel-drive-application-2-11-14x12.webp 14w\" sizes=\"(max-width: 537px) 100vw, 537px\" \/><\/p>\n<p><strong>Exigences de performance pour les roues motrices des grues<\/strong><\/p>\n<ul>\n<li><strong>Capacit\u00e9 de couple \u00e9lev\u00e9e :<\/strong> La bo\u00eete de vitesses doit \u00eatre capable de supporter les lourdes charges de la grue, garantissant une transmission de puissance fiable aux roues dans des conditions exigeantes.<\/li>\n<li><strong>Fonctionnement silencieux :<\/strong> Afin de minimiser les nuisances sonores sur les chantiers, la bo\u00eete de vitesses est con\u00e7ue pour un fonctionnement silencieux, pr\u00e9servant ainsi un environnement de travail paisible.<\/li>\n<li><strong>Haute efficacit\u00e9 :<\/strong> La bo\u00eete de vitesses doit assurer un transfert de puissance efficace, r\u00e9duisant les pertes d'\u00e9nergie et optimisant les performances de la grue pour une productivit\u00e9 maximale.<\/li>\n<li><strong>Durabilit\u00e9:<\/strong> Con\u00e7ue pour r\u00e9sister aux environnements de travail difficiles, la bo\u00eete de vitesses doit supporter des conditions difficiles, notamment des conditions m\u00e9t\u00e9orologiques extr\u00eames et une utilisation intensive, garantissant une longue dur\u00e9e de vie.<\/li>\n<li><strong>Stabilit\u00e9:<\/strong> La bo\u00eete de vitesses joue un r\u00f4le crucial pour garantir que la grue fonctionne sur une plate-forme stable, en maintenant l'\u00e9quilibre et le contr\u00f4le pendant le levage et le d\u00e9placement de charges lourdes.<\/li>\n<\/ul>\n<h2>Comment fonctionne la transmission des roues avec les grues<\/h2>\n<p>L'entra\u00eenement des roues des grues d\u00e9signe le m\u00e9canisme qui propulse les roues de la grue, lui permettant de se d\u00e9placer sur une voie ou sur une surface. Ce syst\u00e8me utilise g\u00e9n\u00e9ralement des moteurs \u00e9lectriques ou hydrauliques reli\u00e9s aux roues, qui g\u00e9n\u00e8rent le couple n\u00e9cessaire au d\u00e9placement de la grue. Le type d'entra\u00eenement utilis\u00e9 (hydraulique ou \u00e9lectrique) d\u00e9pend de la conception de la grue et des exigences de son application.<\/p>\n<p>Dans les syst\u00e8mes de traction \u00e9lectrique, les moteurs \u00e9lectriques alimentent les roues via une s\u00e9rie de d\u00e9multiplications ou d'entra\u00eenements directs. Les moteurs sont souvent aliment\u00e9s par l'alimentation principale de la grue ou par une source externe. Ils peuvent \u00eatre contr\u00f4l\u00e9s par des syst\u00e8mes sophistiqu\u00e9s permettant d'ajuster la vitesse, la direction et l'acc\u00e9l\u00e9ration de la grue, offrant ainsi pr\u00e9cision et efficacit\u00e9.<\/p>\n<p>Les syst\u00e8mes d'entra\u00eenement hydraulique des roues, quant \u00e0 eux, utilisent des moteurs hydrauliques pour entra\u00eener les roues. Ces moteurs sont aliment\u00e9s par des pompes hydrauliques, g\u00e9n\u00e9ralement entra\u00een\u00e9es par un moteur diesel ou \u00e9lectrique. L'entra\u00eenement hydraulique offre un couple \u00e9lev\u00e9 et est souvent privil\u00e9gi\u00e9 pour les grues devant d\u00e9placer de lourdes charges ou op\u00e9rer dans des environnements difficiles o\u00f9 une puissance \u00e9lev\u00e9e et des performances robustes sont requises.<\/p>\n<p><img loading=\"lazy\" decoding=\"async\" class=\"wp-image-3699 aligncenter\" src=\"https:\/\/fmp-components.com\/wp-content\/uploads\/2025\/01\/0_Reggiana-Riduttori-71.webp\" alt=\"Reggiana-Riduttori\" width=\"726\" height=\"620\" title=\"\" srcset=\"https:\/\/fmp-components.com\/wp-content\/uploads\/2025\/01\/0_Reggiana-Riduttori-71.webp 726w, https:\/\/fmp-components.com\/wp-content\/uploads\/2025\/01\/0_Reggiana-Riduttori-71-480x410.webp 480w\" sizes=\"(min-width: 0px) and (max-width: 480px) 480px, (min-width: 481px) 726px, 100vw\" \/><\/p>\n<h2>Marques populaires et compatibilit\u00e9<\/h2>\n<p><span style=\"color: #ff0000;\"><em><strong>Remarque : les noms de marque mentionn\u00e9s dans l&#039;article sont uniquement destin\u00e9s \u00e0 faciliter le choix et le remplacement des accessoires de la marque de machines agricoles correspondante par les clients, et ne vendent pas les produits de cette marque.<\/strong><\/em><\/span><\/p>\n<table style=\"width: 96.3288%; height: 140px;\">\n<tbody>\n<tr>\n<th>Marque<\/th>\n<th>Mod\u00e8le<\/th>\n<th>Compatibilit\u00e9<\/th>\n<\/tr>\n<tr>\n<td>Zoomlion<\/td>\n<td>QUY260<\/td>\n<td>Compatible<\/td>\n<\/tr>\n<tr>\n<td>XCMG<\/td>\n<td>QY50K<\/td>\n<td>Compatible<\/td>\n<\/tr>\n<tr>\n<td>Sany<\/td>\n<td>STC250<\/td>\n<td>Compatible<\/td>\n<\/tr>\n<tr>\n<td>Terex<\/td>\n<td>RT555-1<\/td>\n<td>Compatible<\/td>\n<\/tr>\n<\/tbody>\n<\/table>\n<h2>\u00c0 propos de FMP<\/h2>\n<p>FMP est un fabricant de premier plan sp\u00e9cialis\u00e9 dans la production d'une grande vari\u00e9t\u00e9 de produits de transmission m\u00e9canique et hydraulique. Notre gamme comprend des r\u00e9ducteurs plan\u00e9taires, des r\u00e9ducteurs \u00e0 vis sans fin, des r\u00e9ducteurs \u00e0 engrenages h\u00e9lico\u00efdaux en ligne, des r\u00e9ducteurs \u00e0 engrenages h\u00e9lico\u00efdaux \u00e0 arbres parall\u00e8les, des r\u00e9ducteurs \u00e0 engrenages coniques, des r\u00e9ducteurs \u00e0 engrenages h\u00e9lico\u00efdaux \u00e0 vis sans fin, des bo\u00eetes de vitesses pour applications agricoles, pour tracteurs et automobiles, des arbres de sortie de puissance et des r\u00e9ducteurs sp\u00e9cialis\u00e9s. Nous proposons \u00e9galement une gamme compl\u00e8te de composants compl\u00e9mentaires tels que des pignons, des syst\u00e8mes hydrauliques, des pompes \u00e0 vide, des accouplements hydrauliques, des cr\u00e9maill\u00e8res, des cha\u00eenes, des poulies de distribution, des transmissions UDL, des poulies \u00e0 courroie trap\u00e9zo\u00efdale, des v\u00e9rins hydrauliques, des pompes \u00e0 engrenages, des compresseurs d'air \u00e0 vis et des r\u00e9ducteurs \u00e0 vis sans fin \u00e0 faible jeu, entre autres.<\/p>\n<p><strong>Des solutions personnalis\u00e9es pour chaque besoin<\/strong><\/p>\n<p>Chez FMP, nous comprenons que chaque application est unique. C'est pourquoi nous proposons des solutions enti\u00e8rement personnalisables, incluant des transmissions, des motor\u00e9ducteurs, des syst\u00e8mes hydrauliques et des moteurs sur mesure, con\u00e7us pour r\u00e9pondre aux exigences sp\u00e9cifiques de nos clients. Notre flexibilit\u00e9 de fabrication nous permet de cr\u00e9er des produits d'ing\u00e9nierie de pr\u00e9cision, con\u00e7us sur mesure pour garantir une efficacit\u00e9 maximale et des performances optimales pour chaque application.<\/p>\n<p><strong>Engagement envers la qualit\u00e9 et l&#039;innovation<\/strong><\/p>\n<p>Nous sommes profond\u00e9ment engag\u00e9s \u00e0 maintenir les plus hauts standards de qualit\u00e9 et de fiabilit\u00e9 pour chacun de nos produits. Nos \u00e9quipements de test et d'inspection de pointe, associ\u00e9s \u00e0 une \u00e9quipe technique hautement qualifi\u00e9e, garantissent que chaque produit r\u00e9pond aux normes industrielles les plus rigoureuses. Qu'il s'agisse de solutions standard ou de cr\u00e9ation de produits sur mesure, FMP s'engage \u00e0 fournir des r\u00e9sultats de haute qualit\u00e9 et des performances exceptionnelles, m\u00eame dans les environnements les plus exigeants.<\/p>\n<p>Ces derni\u00e8res ann\u00e9es, FMP a connu une croissance rapide, port\u00e9e par sa vaste exp\u00e9rience en production, ses syst\u00e8mes de gestion robustes et son expertise technique pointue. Notre philosophie \u00ab\u00a0la qualit\u00e9 pour la survie et l'innovation pour le d\u00e9veloppement\u00a0\u00bb a \u00e9t\u00e9 la cl\u00e9 de vo\u00fbte de notre succ\u00e8s, stimulant l'am\u00e9lioration continue et la croissance.<\/p>\n<p><strong>Partenariat pour la r\u00e9ussite<\/strong><\/p>\n<p>Chez FMP, nous privil\u00e9gions la collaboration et les partenariats durables avec nos clients. Nous collaborons \u00e9troitement avec eux pour leur proposer des solutions innovantes et fiables qui d\u00e9passent leurs attentes. Notre objectif est non seulement de r\u00e9pondre \u00e0 leurs besoins, mais aussi de forger des relations durables fond\u00e9es sur la confiance, la qualit\u00e9 et la r\u00e9ussite mutuelle.<\/p>\n<p>Ax\u00e9 sur l'ing\u00e9nierie de pr\u00e9cision, la fiabilit\u00e9 et des services personnalis\u00e9s, FMP est le partenaire de confiance pour tous vos besoins en transmissions m\u00e9caniques et hydrauliques. Nous sommes impatients de collaborer avec vous pour assurer votre r\u00e9ussite et atteindre l'excellence ensemble.<\/p>\n<p><img loading=\"lazy\" decoding=\"async\" class=\"alignnone size-full wp-image-3678\" src=\"https:\/\/fmp-components.com\/wp-content\/uploads\/2025\/01\/worm-gearbox-factory1.webp\" alt=\"usine de r\u00e9ducteurs \u00e0 vis sans fin\" width=\"1024\" height=\"888\" title=\"\" srcset=\"https:\/\/fmp-components.com\/wp-content\/uploads\/2025\/01\/worm-gearbox-factory1.webp 1024w, https:\/\/fmp-components.com\/wp-content\/uploads\/2025\/01\/worm-gearbox-factory1-980x850.webp 980w, https:\/\/fmp-components.com\/wp-content\/uploads\/2025\/01\/worm-gearbox-factory1-480x416.webp 480w\" sizes=\"(min-width: 0px) and (max-width: 480px) 480px, (min-width: 481px) and (max-width: 980px) 980px, (min-width: 981px) 1024px, 100vw\" \/><\/p>\n<p>Auteur : CX<\/p>","protected":false},"excerpt":{"rendered":"<p>Wheel Drive Planetary Gearbox Reducer for Cranes The wheel drive planetary gearbox reducer for cranes is a key component in providing mobility and stability to cranes. It is responsible for transmitting power from the crane\u2019s engine to the wheels, ensuring smooth and controlled movement. Depending on the crane&#8217;s wheel configuration, multiple planetary gearboxes may be [&hellip;]<\/p>","protected":false},"featured_media":3700,"comment_status":"open","ping_status":"closed","template":"","meta":{"_et_pb_use_builder":"","_et_pb_old_content":"","_et_gb_content_width":""},"product_brand":[],"product_cat":[90],"product_tag":[],"class_list":{"0":"post-3697","1":"product","2":"type-product","3":"status-publish","4":"has-post-thumbnail","6":"product_cat-planetary-gearbox","8":"first","9":"instock","10":"shipping-taxable","11":"product-type-simple"},"_links":{"self":[{"href":"https:\/\/fmp-components.com\/fr\/wp-json\/wp\/v2\/product\/3697","targetHints":{"allow":["GET"]}}],"collection":[{"href":"https:\/\/fmp-components.com\/fr\/wp-json\/wp\/v2\/product"}],"about":[{"href":"https:\/\/fmp-components.com\/fr\/wp-json\/wp\/v2\/types\/product"}],"replies":[{"embeddable":true,"href":"https:\/\/fmp-components.com\/fr\/wp-json\/wp\/v2\/comments?post=3697"}],"wp:featuredmedia":[{"embeddable":true,"href":"https:\/\/fmp-components.com\/fr\/wp-json\/wp\/v2\/media\/3700"}],"wp:attachment":[{"href":"https:\/\/fmp-components.com\/fr\/wp-json\/wp\/v2\/media?parent=3697"}],"wp:term":[{"taxonomy":"product_brand","embeddable":true,"href":"https:\/\/fmp-components.com\/fr\/wp-json\/wp\/v2\/product_brand?post=3697"},{"taxonomy":"product_cat","embeddable":true,"href":"https:\/\/fmp-components.com\/fr\/wp-json\/wp\/v2\/product_cat?post=3697"},{"taxonomy":"product_tag","embeddable":true,"href":"https:\/\/fmp-components.com\/fr\/wp-json\/wp\/v2\/product_tag?post=3697"}],"curies":[{"name":"wp","href":"https:\/\/api.w.org\/{rel}","templated":true}]}}