{"id":3691,"date":"2025-01-09T06:50:44","date_gmt":"2025-01-09T06:50:44","guid":{"rendered":"https:\/\/fmp-components.com\/?page_id=8"},"modified":"2025-01-09T06:59:56","modified_gmt":"2025-01-09T06:59:56","slug":"wheel-drive-planetary-gearbox-reducer-for-land-clearing-stone-crusher","status":"publish","type":"product","link":"https:\/\/fmp-components.com\/fr\/product\/wheel-drive-planetary-gearbox-reducer-for-land-clearing-stone-crusher\/","title":{"rendered":"R\u00e9ducteur plan\u00e9taire \u00e0 roues motrices pour concasseur de pierres de d\u00e9frichement"},"content":{"rendered":"<div class=\"flex max-w-full flex-col flex-grow\">\n<div class=\"min-h-8 text-message flex w-full flex-col items-end gap-2 whitespace-normal break-words text-start [.text-message+&amp;]:mt-5\" dir=\"auto\" data-message-author-role=\"assistant\" data-message-id=\"cb00f25b-f818-4caf-841a-79c479bfaa7e\" data-message-model-slug=\"gpt-4o\">\n<div class=\"flex w-full flex-col gap-1 empty:hidden first:pt-[3px]\">\n<div class=\"markdown prose w-full break-words dark:prose-invert light\">\n<h2>Emplacement de la bo\u00eete de vitesses dans un concasseur de pierres de d\u00e9frichement<\/h2>\n<p>La bo\u00eete de vitesses d'un concasseur de pierres de d\u00e9frichement est g\u00e9n\u00e9ralement situ\u00e9e entre le moteur et le m\u00e9canisme de concassage, g\u00e9n\u00e9ralement mont\u00e9e directement sur le ch\u00e2ssis principal de la machine. Elle est un \u00e9l\u00e9ment essentiel pour transmettre la puissance du moteur au rotor ou \u00e0 la chambre de concassage du concasseur, qui est charg\u00e9 de broyer les grosses pierres et d\u00e9bris en morceaux plus petits et plus faciles \u00e0 manipuler.<\/p>\n<p>Le r\u00e9ducteur est souvent plac\u00e9 \u00e0 l'arri\u00e8re ou sur le c\u00f4t\u00e9 du concasseur de pierres, reli\u00e9 \u00e0 l'unit\u00e9 de concassage principale par une s\u00e9rie d'arbres et d'accouplements. Cet emplacement permet au r\u00e9ducteur de g\u00e9rer efficacement le couple \u00e9lev\u00e9 requis pour les op\u00e9rations de concassage tout en maintenant un alignement correct avec le moteur. Il peut \u00eatre prot\u00e9g\u00e9 des d\u00e9bris, de la poussi\u00e8re et des agressions environnementales typiques des op\u00e9rations de d\u00e9frichage.<\/p>\n<p>Dans de nombreux concasseurs de pierres de d\u00e9frichement, la bo\u00eete de vitesses est con\u00e7ue pour g\u00e9rer des contraintes m\u00e9caniques importantes, car elle convertit l'\u00e9nergie de rotation du moteur en couple requis pour faire fonctionner le m\u00e9canisme de concassage, garantissant un traitement efficace et fiable de la pierre.<\/p>\n<p><img loading=\"lazy\" decoding=\"async\" class=\"alignnone wp-image-3694\" src=\"https:\/\/fmp-components.com\/wp-content\/uploads\/2025\/01\/0_wheel-drive-Land-Clearing-Stone-Crusher-11.webp\" alt=\"Concasseur \u00e0 pierres \u00e0 roues motrices pour le d\u00e9frichage\" width=\"933\" height=\"525\" title=\"\" srcset=\"https:\/\/fmp-components.com\/wp-content\/uploads\/2025\/01\/0_wheel-drive-Land-Clearing-Stone-Crusher-11.webp 933w, https:\/\/fmp-components.com\/wp-content\/uploads\/2025\/01\/0_wheel-drive-Land-Clearing-Stone-Crusher-11-480x270.webp 480w\" sizes=\"(min-width: 0px) and (max-width: 480px) 480px, (min-width: 481px) 933px, 100vw\" \/><\/p>\n<h2>Fonctionnement du r\u00e9ducteur plan\u00e9taire \u00e0 roues motrices dans un concasseur de pierres de d\u00e9frichement<\/h2>\n<p>Le r\u00e9ducteur plan\u00e9taire d'un concasseur de d\u00e9frichement joue un r\u00f4le essentiel dans la transmission efficace de la puissance du moteur aux roues ou aux chenilles de la machine. Sa fonction principale est de r\u00e9duire la vitesse de rotation du moteur tout en augmentant le couple, permettant ainsi au concasseur de se d\u00e9placer sur les terrains accident\u00e9s et accident\u00e9s, typiques des applications de d\u00e9frichement.<\/p>\n<p><strong>1. Transmission de puissance et multiplication du couple :<\/strong> Le r\u00e9ducteur plan\u00e9taire transmet efficacement la puissance g\u00e9n\u00e9r\u00e9e par le moteur aux roues ou aux chenilles. Gr\u00e2ce \u00e0 un ensemble d'engrenages dispos\u00e9s en configuration plan\u00e9taire, le r\u00e9ducteur r\u00e9duit la vitesse d'entr\u00e9e et multiplie le couple, fournissant ainsi la force n\u00e9cessaire au concasseur de pierres pour se d\u00e9placer sur des surfaces difficiles comme les rochers, la terre et les terrains accident\u00e9s. Il en r\u00e9sulte une meilleure traction et une meilleure maniabilit\u00e9, permettant \u00e0 la machine de se d\u00e9placer dans des environnements difficiles sans s'enliser.<\/p>\n<p><strong>2. Fonctionnement fluide et efficace :<\/strong> La conception plan\u00e9taire du r\u00e9ducteur assure une r\u00e9partition uniforme de la charge entre les engrenages, r\u00e9duisant ainsi l'usure et am\u00e9liorant l'efficacit\u00e9 du transfert de puissance. Cela contribue \u00e0 un fonctionnement plus fluide et \u00e0 une dur\u00e9e de vie prolong\u00e9e des composants de la transmission. Cela permet \u00e9galement de maintenir une vitesse constante, essentielle pour optimiser les performances de broyage et la consommation de carburant lors des op\u00e9rations de d\u00e9frichage.<\/p>\n<p><strong>3. Durabilit\u00e9 et fiabilit\u00e9 am\u00e9lior\u00e9es :<\/strong> Les conditions de travail des concasseurs de pierres utilis\u00e9s pour le d\u00e9frichement sont souvent difficiles, impliquant des t\u00e2ches lourdes comme le concassage de gros rochers et la conduite sur terrain accident\u00e9. Le r\u00e9ducteur plan\u00e9taire est con\u00e7u pour supporter un couple et des contraintes \u00e9lev\u00e9s, offrant durabilit\u00e9 et fiabilit\u00e9 dans ces conditions exigeantes. Il garantit un fonctionnement optimal et continu du concasseur sans compromettre son int\u00e9grit\u00e9 m\u00e9canique, ce qui en fait un \u00e9l\u00e9ment cl\u00e9 pour optimiser la disponibilit\u00e9 et la productivit\u00e9.<\/p>\n<p>En r\u00e9sum\u00e9, le r\u00e9ducteur plan\u00e9taire \u00e0 roues motrices d'un concasseur de pierres de d\u00e9frichement est essentiel pour fournir le couple n\u00e9cessaire, le bon fonctionnement et la durabilit\u00e9 pour g\u00e9rer \u00e0 la fois les t\u00e2ches de concassage lourdes et la navigation sur terrain accident\u00e9.<\/p>\n<p><img loading=\"lazy\" decoding=\"async\" class=\"alignnone wp-image-3696\" src=\"https:\/\/fmp-components.com\/wp-content\/uploads\/2025\/01\/0_wheel-drive-Apple-harvester-machine-61.webp\" alt=\"Machine \u00e0 r\u00e9colter les pommes \u00e0 roues motrices\" width=\"914\" height=\"513\" title=\"\" srcset=\"https:\/\/fmp-components.com\/wp-content\/uploads\/2025\/01\/0_wheel-drive-Apple-harvester-machine-61.webp 914w, https:\/\/fmp-components.com\/wp-content\/uploads\/2025\/01\/0_wheel-drive-Apple-harvester-machine-61-480x269.webp 480w\" sizes=\"(min-width: 0px) and (max-width: 480px) 480px, (min-width: 481px) 914px, 100vw\" \/><\/p>\n<h2>Sp\u00e9cifications techniques<\/h2>\n<table border=\"2\">\n<tbody>\n<tr>\n<td>Capacit\u00e9 de charge<\/td>\n<td>Capacit\u00e9 de couple dynamique jusqu'\u00e0 60 000 Nm, assure une transmission de puissance et une durabilit\u00e9 ad\u00e9quates lors de la manipulation de roches dures et de sols.<\/td>\n<\/tr>\n<tr>\n<td>Plage de rapports de vitesse<\/td>\n<td>Fournit une vari\u00e9t\u00e9 de configurations de rapport de vitesse, r\u00e9glables de 5,3 \u00e0 200:1, pour s'adapter aux diff\u00e9rentes exigences d'op\u00e9ration de concassage et au contr\u00f4le de la vitesse de conduite.<\/td>\n<\/tr>\n<tr>\n<td>Mat\u00e9riel<\/td>\n<td>Les engrenages sont fabriqu\u00e9s en acier alli\u00e9 de haute qualit\u00e9 et ont subi des processus de durcissement et de traitement thermique pour garantir une duret\u00e9 \u00e9lev\u00e9e, une r\u00e9sistance \u00e0 l'usure et une r\u00e9sistance aux chocs ; le corps de la bo\u00eete est moul\u00e9 en fonte \u00e0 haute r\u00e9sistance ou en alliage d'aluminium, avec une bonne r\u00e9sistance structurelle et une bonne r\u00e9sistance \u00e0 la corrosion.<\/td>\n<\/tr>\n<tr>\n<td>Dimensions<\/td>\n<td>Personnalisable<\/td>\n<\/tr>\n<tr>\n<td>Soutien<\/td>\n<td>la bo\u00eete de vitesses est dot\u00e9e de brides de bo\u00eetier rotatives pour s'adapter \u00e0 la roue<\/td>\n<\/tr>\n<tr>\n<td>Moteurs applicables<\/td>\n<td>moteurs hydrauliques \u00e0 pistons axiaux, moteurs orbitaux hydrauliques ou autres<\/td>\n<\/tr>\n<tr>\n<td>Options de moteur hydraulique<\/td>\n<td>soupape de surpression, soupape de surcentrage<\/td>\n<\/tr>\n<tr>\n<td>Palier:<\/td>\n<td>syst\u00e8me de roulement robuste absorbant les forces exerc\u00e9es par la couronne dent\u00e9e<\/td>\n<\/tr>\n<tr>\n<td>Frein:<\/td>\n<td>frein de stationnement \u00e0 desserrage hydraulique<\/td>\n<\/tr>\n<\/tbody>\n<\/table>\n<h2>Compatibilit\u00e9 avec le concasseur de pierres de d\u00e9frichement<\/h2>\n<p>Nos r\u00e9ducteurs plan\u00e9taires \u00e0 roues motrices sont optimis\u00e9s pour \u00eatre utilis\u00e9s avec toutes les principales marques et mod\u00e8les de concasseurs de pierres de d\u00e9frichement terrestre du march\u00e9.<\/p>\n<p>Vous trouverez ci-dessous une liste de certains fabricants d'\u00e9quipements de concassage courants ou bien connus dans l'industrie, qui conviennent \u00e0 nos r\u00e9ducteurs plan\u00e9taires \u00e0 roues entra\u00een\u00e9es\u00a0:<\/p>\n<ul>\n<li>Komatsu \u2013 Produit une large gamme d'excavatrices \u00e0 chenilles et \u00e0 roues et d'accessoires de brise-roche adapt\u00e9s aux t\u00e2ches de d\u00e9frichement.<\/li>\n<li>Caterpillar \u2013 Propose une gamme d\u2019\u00e9quipements lourds comprenant des \u00e9quipements \u00e0 roues et \u00e0 chenilles, dont certains peuvent \u00eatre utilis\u00e9s pour des travaux de d\u00e9frichement en \u00e9tant \u00e9quip\u00e9s de marteaux sp\u00e9cialis\u00e9s.<\/li>\n<li>Bobcat \u2013 Produit des chargeuses utilitaires compactes et des accessoires, dont certains sont utilis\u00e9s dans les op\u00e9rations l\u00e9g\u00e8res \u00e0 moyennes de d\u00e9frichement et de gravier.<\/li>\n<li>MB Crusher \u2013 Sp\u00e9cialis\u00e9 dans la fabrication d\u2019une vari\u00e9t\u00e9 de concasseurs et de cribles mobiles qui peuvent \u00eatre install\u00e9s sur des excavatrices, des chargeuses, etc.<\/li>\n<li>John Deere \u2013 Bien que principalement connu pour ses machines agricoles, il propose \u00e9galement des \u00e9quipements lourds pour les industries du terrassement et de la construction qui peuvent \u00eatre utilis\u00e9s avec les bons outils de rupture pour effectuer des t\u00e2ches de d\u00e9frichement.<\/li>\n<\/ul>\n<p><span style=\"color: #ff0000;\"><em><strong>Remarque : les noms de marque mentionn\u00e9s dans l&#039;article sont uniquement destin\u00e9s \u00e0 faciliter le choix et le remplacement des accessoires de la marque de machines agricoles correspondante par les clients, et ne vendent pas les produits de cette marque.<\/strong><\/em><\/span><\/p>\n<h2>\u00c0 propos de FMP<\/h2>\n<p>FMP est un fabricant de premier plan sp\u00e9cialis\u00e9 dans la production d'une grande vari\u00e9t\u00e9 de produits de transmission m\u00e9canique et hydraulique. Notre gamme comprend des r\u00e9ducteurs plan\u00e9taires, des r\u00e9ducteurs \u00e0 vis sans fin, des r\u00e9ducteurs \u00e0 engrenages h\u00e9lico\u00efdaux en ligne, des r\u00e9ducteurs \u00e0 engrenages h\u00e9lico\u00efdaux \u00e0 arbres parall\u00e8les, des r\u00e9ducteurs \u00e0 engrenages coniques, des r\u00e9ducteurs \u00e0 engrenages h\u00e9lico\u00efdaux \u00e0 vis sans fin, des bo\u00eetes de vitesses pour applications agricoles, pour tracteurs et automobiles, des arbres de sortie de puissance et des r\u00e9ducteurs sp\u00e9cialis\u00e9s. Nous proposons \u00e9galement une gamme compl\u00e8te de composants compl\u00e9mentaires tels que des pignons, des syst\u00e8mes hydrauliques, des pompes \u00e0 vide, des accouplements hydrauliques, des cr\u00e9maill\u00e8res, des cha\u00eenes, des poulies de distribution, des transmissions UDL, des poulies \u00e0 courroie trap\u00e9zo\u00efdale, des v\u00e9rins hydrauliques, des pompes \u00e0 engrenages, des compresseurs d'air \u00e0 vis et des r\u00e9ducteurs \u00e0 vis sans fin \u00e0 faible jeu, entre autres.<\/p>\n<p><strong>Des solutions personnalis\u00e9es pour chaque besoin<\/strong><\/p>\n<p>Chez FMP, nous comprenons que chaque application est unique. C'est pourquoi nous proposons des solutions enti\u00e8rement personnalisables, incluant des transmissions, des motor\u00e9ducteurs, des syst\u00e8mes hydrauliques et des moteurs sur mesure, con\u00e7us pour r\u00e9pondre aux exigences sp\u00e9cifiques de nos clients. Notre flexibilit\u00e9 de fabrication nous permet de cr\u00e9er des produits d'ing\u00e9nierie de pr\u00e9cision, con\u00e7us sur mesure pour garantir une efficacit\u00e9 maximale et des performances optimales pour chaque application.<\/p>\n<p><strong>Engagement envers la qualit\u00e9 et l&#039;innovation<\/strong><\/p>\n<p>Nous sommes profond\u00e9ment engag\u00e9s \u00e0 maintenir les plus hauts standards de qualit\u00e9 et de fiabilit\u00e9 pour chacun de nos produits. Nos \u00e9quipements de test et d'inspection de pointe, associ\u00e9s \u00e0 une \u00e9quipe technique hautement qualifi\u00e9e, garantissent que chaque produit r\u00e9pond aux normes industrielles les plus rigoureuses. Qu'il s'agisse de solutions standard ou de cr\u00e9ation de produits sur mesure, FMP s'engage \u00e0 fournir des r\u00e9sultats de haute qualit\u00e9 et des performances exceptionnelles, m\u00eame dans les environnements les plus exigeants.<\/p>\n<p>Ces derni\u00e8res ann\u00e9es, FMP a connu une croissance rapide, port\u00e9e par sa vaste exp\u00e9rience en production, ses syst\u00e8mes de gestion robustes et son expertise technique pointue. Notre philosophie \u00ab\u00a0la qualit\u00e9 pour la survie et l'innovation pour le d\u00e9veloppement\u00a0\u00bb a \u00e9t\u00e9 la cl\u00e9 de vo\u00fbte de notre succ\u00e8s, stimulant l'am\u00e9lioration continue et la croissance.<\/p>\n<p><strong>Partenariat pour la r\u00e9ussite<\/strong><\/p>\n<p>Chez FMP, nous privil\u00e9gions la collaboration et les partenariats durables avec nos clients. Nous collaborons \u00e9troitement avec eux pour leur proposer des solutions innovantes et fiables qui d\u00e9passent leurs attentes. Notre objectif est non seulement de r\u00e9pondre \u00e0 leurs besoins, mais aussi de forger des relations durables fond\u00e9es sur la confiance, la qualit\u00e9 et la r\u00e9ussite mutuelle.<\/p>\n<p>Ax\u00e9 sur l'ing\u00e9nierie de pr\u00e9cision, la fiabilit\u00e9 et des services personnalis\u00e9s, FMP est le partenaire de confiance pour tous vos besoins en transmissions m\u00e9caniques et hydrauliques. Nous sommes impatients de collaborer avec vous pour assurer votre r\u00e9ussite et atteindre l'excellence ensemble.<\/p>\n<p><img loading=\"lazy\" decoding=\"async\" class=\"alignnone size-full wp-image-3678\" src=\"https:\/\/fmp-components.com\/wp-content\/uploads\/2025\/01\/worm-gearbox-factory1.webp\" alt=\"usine de r\u00e9ducteurs \u00e0 vis sans fin\" width=\"1024\" height=\"888\" title=\"\" srcset=\"https:\/\/fmp-components.com\/wp-content\/uploads\/2025\/01\/worm-gearbox-factory1.webp 1024w, https:\/\/fmp-components.com\/wp-content\/uploads\/2025\/01\/worm-gearbox-factory1-980x850.webp 980w, https:\/\/fmp-components.com\/wp-content\/uploads\/2025\/01\/worm-gearbox-factory1-480x416.webp 480w\" sizes=\"(min-width: 0px) and (max-width: 480px) 480px, (min-width: 481px) and (max-width: 980px) 980px, (min-width: 981px) 1024px, 100vw\" \/><\/p>\n<p>Auteur : CX<\/p>\n<\/div>\n<\/div>\n<\/div>\n<\/div>","protected":false},"excerpt":{"rendered":"<p>Location of the Gearbox in a Land Clearing Stone Crusher The gearbox in a land clearing stone crusher is typically located between the engine or motor and the crusher mechanism, usually mounted directly to the machine\u2019s main frame. It serves as a crucial component to transmit power from the engine to the crusher\u2019s rotor or [&hellip;]<\/p>","protected":false},"featured_media":3693,"comment_status":"open","ping_status":"closed","template":"","meta":{"_et_pb_use_builder":"","_et_pb_old_content":"","_et_gb_content_width":""},"product_brand":[],"product_cat":[90],"product_tag":[],"class_list":{"0":"post-3691","1":"product","2":"type-product","3":"status-publish","4":"has-post-thumbnail","6":"product_cat-planetary-gearbox","8":"first","9":"instock","10":"shipping-taxable","11":"product-type-simple"},"_links":{"self":[{"href":"https:\/\/fmp-components.com\/fr\/wp-json\/wp\/v2\/product\/3691","targetHints":{"allow":["GET"]}}],"collection":[{"href":"https:\/\/fmp-components.com\/fr\/wp-json\/wp\/v2\/product"}],"about":[{"href":"https:\/\/fmp-components.com\/fr\/wp-json\/wp\/v2\/types\/product"}],"replies":[{"embeddable":true,"href":"https:\/\/fmp-components.com\/fr\/wp-json\/wp\/v2\/comments?post=3691"}],"wp:featuredmedia":[{"embeddable":true,"href":"https:\/\/fmp-components.com\/fr\/wp-json\/wp\/v2\/media\/3693"}],"wp:attachment":[{"href":"https:\/\/fmp-components.com\/fr\/wp-json\/wp\/v2\/media?parent=3691"}],"wp:term":[{"taxonomy":"product_brand","embeddable":true,"href":"https:\/\/fmp-components.com\/fr\/wp-json\/wp\/v2\/product_brand?post=3691"},{"taxonomy":"product_cat","embeddable":true,"href":"https:\/\/fmp-components.com\/fr\/wp-json\/wp\/v2\/product_cat?post=3691"},{"taxonomy":"product_tag","embeddable":true,"href":"https:\/\/fmp-components.com\/fr\/wp-json\/wp\/v2\/product_tag?post=3691"}],"curies":[{"name":"wp","href":"https:\/\/api.w.org\/{rel}","templated":true}]}}