{"id":3679,"date":"2025-01-09T06:12:10","date_gmt":"2025-01-09T06:12:10","guid":{"rendered":"https:\/\/fmp-components.com\/?page_id=8"},"modified":"2025-01-09T06:22:24","modified_gmt":"2025-01-09T06:22:24","slug":"wheel-drive-planetary-gearbox-reducer-for-rough-terrain-scissor-lift3679","status":"publish","type":"product","link":"https:\/\/fmp-components.com\/fr\/product\/wheel-drive-planetary-gearbox-reducer-for-rough-terrain-scissor-lift3679\/","title":{"rendered":"R\u00e9ducteur plan\u00e9taire \u00e0 roues motrices pour \u00e9l\u00e9vateur \u00e0 ciseaux tout-terrain"},"content":{"rendered":"<h2>Emplacement de la transmission des roues sur une nacelle \u00e9l\u00e9vatrice \u00e0 ciseaux tout-terrain<\/h2>\n<p>Sur une nacelle \u00e0 ciseaux tout-terrain, l'entra\u00eenement des roues est g\u00e9n\u00e9ralement situ\u00e9 en partie inf\u00e9rieure du ch\u00e2ssis, int\u00e9gr\u00e9 aux roues motrices. Ces entra\u00eenements sont essentiels pour alimenter les roues qui permettent \u00e0 la nacelle de se d\u00e9placer sur des surfaces irr\u00e9guli\u00e8res et accident\u00e9es, souvent rencontr\u00e9es sur les chantiers ou en ext\u00e9rieur. Le syst\u00e8me d'entra\u00eenement des roues est positionn\u00e9 de mani\u00e8re \u00e0 assurer une r\u00e9partition optimale de la puissance aux roues, fournissant le couple n\u00e9cessaire \u00e0 un mouvement et une traction fiables.<\/p>\n<p>Dans la plupart des conceptions, la transmission des roues est reli\u00e9e aux roues par un ensemble d'essieux, de bo\u00eetes de vitesses et de syst\u00e8mes hydrauliques. Elle est g\u00e9n\u00e9ralement mont\u00e9e directement sur le moyeu de roue ou \u00e0 l'int\u00e9rieur de la roue, o\u00f9 elle fonctionne en conjonction avec d'autres composants m\u00e9caniques et hydrauliques. Ce positionnement strat\u00e9gique garantit le bon fonctionnement du syst\u00e8me de transmission, m\u00eame lorsque l'\u00e9l\u00e9vateur est enti\u00e8rement d\u00e9ploy\u00e9 ou positionn\u00e9 en pente.<\/p>\n<p>Pour les plateformes \u00e9l\u00e9vatrices \u00e0 ciseaux tout-terrain, la transmission des roues joue un r\u00f4le essentiel pour assurer la mobilit\u00e9 sur des surfaces difficiles comme le gravier, la terre et les pentes. Sa conception est optimis\u00e9e pour offrir un couple et une stabilit\u00e9 \u00e9lev\u00e9s, garantissant ainsi des man\u0153uvres s\u00fbres et efficaces, tout en maintenant l'\u00e9quilibre et la puissance dans des conditions exigeantes.<\/p>\n<p><img loading=\"lazy\" decoding=\"async\" class=\"alignnone wp-image-3684\" src=\"https:\/\/fmp-components.com\/wp-content\/uploads\/2025\/01\/0_wheel-drive-for-Scissor-Lift-21.webp\" alt=\"roues motrices pour \u00e9l\u00e9vateur \u00e0 ciseaux\" width=\"921\" height=\"532\" title=\"\" srcset=\"https:\/\/fmp-components.com\/wp-content\/uploads\/2025\/01\/0_wheel-drive-for-Scissor-Lift-21.webp 921w, https:\/\/fmp-components.com\/wp-content\/uploads\/2025\/01\/0_wheel-drive-for-Scissor-Lift-21-480x277.webp 480w\" sizes=\"(min-width: 0px) and (max-width: 480px) 480px, (min-width: 481px) 921px, 100vw\" \/><\/p>\n<h2>R\u00f4le de la transmission sur une nacelle \u00e9l\u00e9vatrice \u00e0 ciseaux tout-terrain<\/h2>\n<p>La transmission des roues joue un r\u00f4le essentiel pour permettre \u00e0 la nacelle \u00e0 ciseaux tout-terrain de se d\u00e9placer efficacement et en toute s\u00e9curit\u00e9 sur des surfaces accident\u00e9es et accident\u00e9es. Elle assure le transfert de puissance du moteur ou du syst\u00e8me hydraulique aux roues, fournissant ainsi le couple n\u00e9cessaire au mouvement. Cela permet \u00e0 la nacelle de franchir les obstacles, les pentes et les terrains accident\u00e9s, courants sur les chantiers de construction ou en ext\u00e9rieur.<\/p>\n<p>En entra\u00eenant les roues, l'entra\u00eenement des roues permet un contr\u00f4le pr\u00e9cis des mouvements de la nacelle, notamment en marche avant, en marche arri\u00e8re et en direction. Les op\u00e9rateurs peuvent ainsi man\u0153uvrer la nacelle avec pr\u00e9cision, m\u00eame lorsqu'elle est enti\u00e8rement d\u00e9ploy\u00e9e ou positionn\u00e9e sur une surface irr\u00e9guli\u00e8re. Il contribue \u00e0 la stabilit\u00e9 globale de la machine, en r\u00e9partissant uniform\u00e9ment le poids et en maintenant la traction, \u00e9vitant ainsi les glissements et l'instabilit\u00e9.<\/p>\n<p>Outre la mobilit\u00e9, le syst\u00e8me de transmission des roues contribue \u00e9galement \u00e0 am\u00e9liorer les performances de l'\u00e9l\u00e9vateur en termes de vitesse et de puissance. Il permet \u00e0 l'\u00e9l\u00e9vateur de supporter de lourdes charges tout en maintenant son efficacit\u00e9, ce qui en fait un composant essentiel pour les applications n\u00e9cessitant \u00e0 la fois un levage vertical et une mobilit\u00e9 horizontale sur des terrains difficiles.<\/p>\n<p><img loading=\"lazy\" decoding=\"async\" class=\"wp-image-3685 aligncenter\" src=\"https:\/\/fmp-components.com\/wp-content\/uploads\/2025\/01\/0_Snorkel-S9070RT-HC_2.webp\" alt=\"\" width=\"579\" height=\"603\" title=\"\" srcset=\"https:\/\/fmp-components.com\/wp-content\/uploads\/2025\/01\/0_Snorkel-S9070RT-HC_2.webp 579w, https:\/\/fmp-components.com\/wp-content\/uploads\/2025\/01\/0_Snorkel-S9070RT-HC_2-480x500.webp 480w\" sizes=\"(min-width: 0px) and (max-width: 480px) 480px, (min-width: 481px) 579px, 100vw\" \/><\/p>\n<h2>Compatibilit\u00e9 avec les mod\u00e8les de plateformes \u00e9l\u00e9vatrices populaires<\/h2>\n<p>Notre r\u00e9ducteur de roue motrice est compatible avec une large gamme de mod\u00e8les de plates-formes \u00e9l\u00e9vatrices, notamment\u00a0:<\/p>\n<ol data-spm-anchor-id=\"5176.28103460.0.i129.297c3f99PFUZxp\">\n<li>JLG Industries : S\u00e9rie JLG RT (RT340, RT40, RT60, RT90, RT100, RT110)<\/li>\n<li>Genie : S\u00e9rie GS-RT (Genie GS-4069 RT, GS-5390 RT)<\/li>\n<li>Skyjack\u00a0: s\u00e9rie SJ-R (SJ63 AJ Terrain accident\u00e9, SJ8841 RTE)<\/li>\n<li>Haulotte : Nacelles ciseaux tout-terrain HAULOTTE (HA20PX, HT23 RTJ PRO, HT40 RTJ PRO)<\/li>\n<li>Tuba : S\u00e9rie SR (SR5719, SR626E, SR9244)<\/li>\n<li>Aichi : S\u00e9rie SC (SC50, SC60, SC80)<\/li>\n<li>Plateformes \u00e9l\u00e9vatrices MEC\u00a0: S\u00e9rie R (RS26J, RS40, RS52)<\/li>\n<\/ol>\n<p>Si vous utilisez l\u2019un de ces mod\u00e8les, notre r\u00e9ducteur de roue sera parfaitement adapt\u00e9 \u00e0 votre machine.<br \/>\n<span style=\"color: #ff0000;\"><em><strong>Remarque : les noms de marque mentionn\u00e9s dans l&#039;article sont uniquement destin\u00e9s \u00e0 faciliter le choix et le remplacement des accessoires de la marque de machines agricoles correspondante par les clients, et ne vendent pas les produits de cette marque.<\/strong><\/em><\/span><\/p>\n<h2>\u00c0 propos de FMP<\/h2>\n<p>FMP est un fabricant de premier plan sp\u00e9cialis\u00e9 dans la production d'une grande vari\u00e9t\u00e9 de produits de transmission m\u00e9canique et hydraulique. Notre gamme comprend des r\u00e9ducteurs plan\u00e9taires, des r\u00e9ducteurs \u00e0 vis sans fin, des r\u00e9ducteurs \u00e0 engrenages h\u00e9lico\u00efdaux en ligne, des r\u00e9ducteurs \u00e0 engrenages h\u00e9lico\u00efdaux \u00e0 arbres parall\u00e8les, des r\u00e9ducteurs \u00e0 engrenages coniques, des r\u00e9ducteurs \u00e0 engrenages h\u00e9lico\u00efdaux \u00e0 vis sans fin, des bo\u00eetes de vitesses pour applications agricoles, pour tracteurs et automobiles, des arbres de sortie de puissance et des r\u00e9ducteurs sp\u00e9cialis\u00e9s. Nous proposons \u00e9galement une gamme compl\u00e8te de composants compl\u00e9mentaires tels que des pignons, des syst\u00e8mes hydrauliques, des pompes \u00e0 vide, des accouplements hydrauliques, des cr\u00e9maill\u00e8res, des cha\u00eenes, des poulies de distribution, des transmissions UDL, des poulies \u00e0 courroie trap\u00e9zo\u00efdale, des v\u00e9rins hydrauliques, des pompes \u00e0 engrenages, des compresseurs d'air \u00e0 vis et des r\u00e9ducteurs \u00e0 vis sans fin \u00e0 faible jeu, entre autres.<\/p>\n<p><strong>Des solutions personnalis\u00e9es pour chaque besoin<\/strong><\/p>\n<p>Chez FMP, nous comprenons que chaque application est unique. C'est pourquoi nous proposons des solutions enti\u00e8rement personnalisables, incluant des transmissions, des motor\u00e9ducteurs, des syst\u00e8mes hydrauliques et des moteurs sur mesure, con\u00e7us pour r\u00e9pondre aux exigences sp\u00e9cifiques de nos clients. Notre flexibilit\u00e9 de fabrication nous permet de cr\u00e9er des produits d'ing\u00e9nierie de pr\u00e9cision, con\u00e7us sur mesure pour garantir une efficacit\u00e9 maximale et des performances optimales pour chaque application.<\/p>\n<p><strong>Engagement envers la qualit\u00e9 et l&#039;innovation<\/strong><\/p>\n<p>Nous sommes profond\u00e9ment engag\u00e9s \u00e0 maintenir les plus hauts standards de qualit\u00e9 et de fiabilit\u00e9 pour chacun de nos produits. Nos \u00e9quipements de test et d'inspection de pointe, associ\u00e9s \u00e0 une \u00e9quipe technique hautement qualifi\u00e9e, garantissent que chaque produit r\u00e9pond aux normes industrielles les plus rigoureuses. Qu'il s'agisse de solutions standard ou de cr\u00e9ation de produits sur mesure, FMP s'engage \u00e0 fournir des r\u00e9sultats de haute qualit\u00e9 et des performances exceptionnelles, m\u00eame dans les environnements les plus exigeants.<\/p>\n<p>Ces derni\u00e8res ann\u00e9es, FMP a connu une croissance rapide, port\u00e9e par sa vaste exp\u00e9rience en production, ses syst\u00e8mes de gestion robustes et son expertise technique pointue. Notre philosophie \u00ab\u00a0la qualit\u00e9 pour la survie et l'innovation pour le d\u00e9veloppement\u00a0\u00bb a \u00e9t\u00e9 la cl\u00e9 de vo\u00fbte de notre succ\u00e8s, stimulant l'am\u00e9lioration continue et la croissance.<\/p>\n<p><strong>Partenariat pour la r\u00e9ussite<\/strong><\/p>\n<p>Chez FMP, nous privil\u00e9gions la collaboration et les partenariats durables avec nos clients. Nous collaborons \u00e9troitement avec eux pour leur proposer des solutions innovantes et fiables qui d\u00e9passent leurs attentes. Notre objectif est non seulement de r\u00e9pondre \u00e0 leurs besoins, mais aussi de forger des relations durables fond\u00e9es sur la confiance, la qualit\u00e9 et la r\u00e9ussite mutuelle.<\/p>\n<p>Ax\u00e9 sur l'ing\u00e9nierie de pr\u00e9cision, la fiabilit\u00e9 et des services personnalis\u00e9s, FMP est le partenaire de confiance pour tous vos besoins en transmissions m\u00e9caniques et hydrauliques. Nous sommes impatients de collaborer avec vous pour assurer votre r\u00e9ussite et atteindre l'excellence ensemble.<\/p>\n<p><img loading=\"lazy\" decoding=\"async\" class=\"alignnone size-full wp-image-3678\" src=\"https:\/\/fmp-components.com\/wp-content\/uploads\/2025\/01\/worm-gearbox-factory1.webp\" alt=\"usine de r\u00e9ducteurs \u00e0 vis sans fin\" width=\"1024\" height=\"888\" title=\"\" srcset=\"https:\/\/fmp-components.com\/wp-content\/uploads\/2025\/01\/worm-gearbox-factory1.webp 1024w, https:\/\/fmp-components.com\/wp-content\/uploads\/2025\/01\/worm-gearbox-factory1-980x850.webp 980w, https:\/\/fmp-components.com\/wp-content\/uploads\/2025\/01\/worm-gearbox-factory1-480x416.webp 480w\" sizes=\"(min-width: 0px) and (max-width: 480px) 480px, (min-width: 481px) and (max-width: 980px) 980px, (min-width: 981px) 1024px, 100vw\" \/><\/p>\n<p>Auteur : CX<\/p>","protected":false},"excerpt":{"rendered":"<p>Location of the Wheel Drive on a Rough Terrain Scissor Lift The wheel drive on a rough terrain scissor lift is typically located at the lower portion of the lift&#8217;s chassis, integrated into the drive wheels. These drives are essential for powering the wheels that allow the lift to move across uneven, rugged surfaces often [&hellip;]<\/p>","protected":false},"featured_media":3682,"comment_status":"open","ping_status":"closed","template":"","meta":{"_et_pb_use_builder":"","_et_pb_old_content":"","_et_gb_content_width":""},"product_brand":[],"product_cat":[90],"product_tag":[],"class_list":{"0":"post-3679","1":"product","2":"type-product","3":"status-publish","4":"has-post-thumbnail","6":"product_cat-planetary-gearbox","8":"first","9":"instock","10":"shipping-taxable","11":"product-type-simple"},"_links":{"self":[{"href":"https:\/\/fmp-components.com\/fr\/wp-json\/wp\/v2\/product\/3679","targetHints":{"allow":["GET"]}}],"collection":[{"href":"https:\/\/fmp-components.com\/fr\/wp-json\/wp\/v2\/product"}],"about":[{"href":"https:\/\/fmp-components.com\/fr\/wp-json\/wp\/v2\/types\/product"}],"replies":[{"embeddable":true,"href":"https:\/\/fmp-components.com\/fr\/wp-json\/wp\/v2\/comments?post=3679"}],"wp:featuredmedia":[{"embeddable":true,"href":"https:\/\/fmp-components.com\/fr\/wp-json\/wp\/v2\/media\/3682"}],"wp:attachment":[{"href":"https:\/\/fmp-components.com\/fr\/wp-json\/wp\/v2\/media?parent=3679"}],"wp:term":[{"taxonomy":"product_brand","embeddable":true,"href":"https:\/\/fmp-components.com\/fr\/wp-json\/wp\/v2\/product_brand?post=3679"},{"taxonomy":"product_cat","embeddable":true,"href":"https:\/\/fmp-components.com\/fr\/wp-json\/wp\/v2\/product_cat?post=3679"},{"taxonomy":"product_tag","embeddable":true,"href":"https:\/\/fmp-components.com\/fr\/wp-json\/wp\/v2\/product_tag?post=3679"}],"curies":[{"name":"wp","href":"https:\/\/api.w.org\/{rel}","templated":true}]}}