{"id":3674,"date":"2025-01-09T05:49:40","date_gmt":"2025-01-09T05:49:40","guid":{"rendered":"https:\/\/fmp-components.com\/?page_id=8"},"modified":"2025-01-09T06:11:10","modified_gmt":"2025-01-09T06:11:10","slug":"wheel-drive-planetary-gearbox-reducer-for-access-plateform","status":"publish","type":"product","link":"https:\/\/fmp-components.com\/fr\/product\/wheel-drive-planetary-gearbox-reducer-for-access-plateform\/","title":{"rendered":"R\u00e9ducteur plan\u00e9taire \u00e0 roues motrices pour plateforme d&#039;acc\u00e8s"},"content":{"rendered":"<p style=\"text-align: center;\"><span style=\"font-size: 18pt;\">R\u00e9ducteur plan\u00e9taire \u00e0 roues motrices pour plateforme d&#039;acc\u00e8s<\/span><\/p>\n<p>Le r\u00e9ducteur plan\u00e9taire \u00e0 roues motrices pour nacelles \u00e9l\u00e9vatrices est un syst\u00e8me de r\u00e9duction hautes performances sp\u00e9cialement con\u00e7u pour les nacelles \u00e9l\u00e9vatrices, les nacelles \u00e0 ciseaux, les nacelles \u00e9l\u00e9vatrices et autres plateformes d&#039;acc\u00e8s. Con\u00e7u pour sa fiabilit\u00e9, son efficacit\u00e9 et sa durabilit\u00e9, ce r\u00e9ducteur est un \u00e9l\u00e9ment essentiel pour garantir un mouvement fluide et contr\u00f4l\u00e9 de la plateforme.<\/p>\n<p><strong>Caract\u00e9ristiques principales :<\/strong><\/p>\n<ol>\n<li><strong>Couple de sortie \u00e9lev\u00e9<\/strong><br \/>\nCon\u00e7u pour fournir un couple \u00e9lev\u00e9, le r\u00e9ducteur plan\u00e9taire assure une transmission de puissance efficace aux roues de la plate-forme d&#039;acc\u00e8s, permettant un mouvement fluide et fiable m\u00eame sous de lourdes charges.<\/li>\n<li><strong>Conception compacte et robuste<\/strong><br \/>\nDe conception compacte et peu encombrante, le r\u00e9ducteur est con\u00e7u pour s&#039;adapter aux espaces restreints des plateformes d&#039;acc\u00e8s tout en conservant robustesse et durabilit\u00e9. Sa construction robuste garantit des performances durables dans les environnements exigeants.<\/li>\n<li><strong>M\u00e9canisme d&#039;engrenage plan\u00e9taire<\/strong><br \/>\nL&#039;utilisation d&#039;un syst\u00e8me d&#039;engrenages plan\u00e9taires assure une excellente r\u00e9partition de la charge, une usure r\u00e9duite et un rendement accru. Cette conception am\u00e9liore \u00e9galement le rapport couple\/poids, contribuant ainsi \u00e0 l&#039;efficacit\u00e9 globale de la plateforme.<\/li>\n<li><strong>Durabilit\u00e9 am\u00e9lior\u00e9e<\/strong><br \/>\nFabriqu\u00e9 avec des mat\u00e9riaux de haute qualit\u00e9, le r\u00e9ducteur est con\u00e7u pour r\u00e9sister aux conditions difficiles, notamment aux utilisations fr\u00e9quentes, aux cycles de service intensifs et aux conditions environnementales difficiles. Il offre une durabilit\u00e9 \u00e0 long terme et des besoins d&#039;entretien r\u00e9duits.<\/li>\n<li><strong>Fonctionnement fluide et silencieux<\/strong><br \/>\nL&#039;ing\u00e9nierie de pr\u00e9cision des engrenages plan\u00e9taires assure un fonctionnement fluide et silencieux, r\u00e9duisant les niveaux de bruit pendant le fonctionnement et offrant une exp\u00e9rience plus confortable aux utilisateurs.<\/li>\n<\/ol>\n<p><img loading=\"lazy\" decoding=\"async\" class=\"alignnone size-full wp-image-3676\" src=\"https:\/\/fmp-components.com\/wp-content\/uploads\/2025\/01\/0_wheel-drive-for-Access-Plateform-21.webp\" alt=\"0_roues motrices pour plateforme d&#039;acc\u00e8s 2(1)\" width=\"980\" height=\"354\" title=\"\" srcset=\"https:\/\/fmp-components.com\/wp-content\/uploads\/2025\/01\/0_wheel-drive-for-Access-Plateform-21.webp 980w, https:\/\/fmp-components.com\/wp-content\/uploads\/2025\/01\/0_wheel-drive-for-Access-Plateform-21-480x173.webp 480w\" sizes=\"(min-width: 0px) and (max-width: 480px) 480px, (min-width: 481px) 980px, 100vw\" \/><\/p>\n<p>Le r\u00e9ducteur plan\u00e9taire \u00e0 roues motrices pour nacelles est un composant essentiel et performant qui offre une efficacit\u00e9, une durabilit\u00e9 et un fonctionnement fluides pour diverses applications de nacelles. Gr\u00e2ce \u00e0 sa conception robuste, ses options personnalisables et sa longue dur\u00e9e de vie, ce r\u00e9ducteur garantit la fiabilit\u00e9 et l&#039;efficacit\u00e9 de votre nacelles dans les environnements exigeants.<\/p>\n<div class=\"group\/conversation-turn relative flex w-full min-w-0 flex-col agent-turn\">\n<div class=\"flex-col gap-1 md:gap-3\">\n<div class=\"flex max-w-full flex-col flex-grow\">\n<div class=\"min-h-8 text-message flex w-full flex-col items-end gap-2 whitespace-normal break-words text-start [.text-message+&amp;]:mt-5\" dir=\"auto\" data-message-author-role=\"assistant\" data-message-id=\"2334fcc5-ad49-42a5-89f5-7a90448f8b99\" data-message-model-slug=\"gpt-4o\">\n<div class=\"flex w-full flex-col gap-1 empty:hidden first:pt-[3px]\">\n<div class=\"markdown prose w-full break-words dark:prose-invert light\">\n<h2>R\u00e9ducteur de roues motrices pour machines \u00e0 plateforme d&#039;acc\u00e8s<\/h2>\n<p>Le r\u00e9ducteur \u00e0 roues motrices pour plateformes d&#039;acc\u00e8s est un syst\u00e8me de r\u00e9duction de pr\u00e9cision con\u00e7u pour optimiser les performances des nacelles \u00e9l\u00e9vatrices, des plateformes \u00e9l\u00e9vatrices \u00e0 ciseaux et autres machines de ce type. Ax\u00e9 sur l&#039;efficacit\u00e9 et la durabilit\u00e9 de la transmission de puissance, ce r\u00e9ducteur garantit un mouvement fluide, fiable et contr\u00f4l\u00e9, m\u00eame dans les environnements industriels exigeants.<\/p>\n<p><strong>Caract\u00e9ristiques principales :<\/strong> Le r\u00e9ducteur, de conception robuste et compacte, int\u00e8gre une technologie d&#039;engrenage avanc\u00e9e pour fournir un couple \u00e9lev\u00e9 tout en minimisant les pertes d&#039;\u00e9nergie. Son m\u00e9canisme \u00e0 engrenages plan\u00e9taires assure une r\u00e9partition efficace de la charge, r\u00e9duisant l&#039;usure et prolongeant la dur\u00e9e de vie du syst\u00e8me. Con\u00e7u pour une int\u00e9gration ais\u00e9e, le r\u00e9ducteur est compatible avec diff\u00e9rents mod\u00e8les de plateformes d&#039;acc\u00e8s, offrant flexibilit\u00e9 et facilit\u00e9 d&#039;installation.<\/p>\n<p><strong>Durabilit\u00e9 et performance :<\/strong> Fabriqu\u00e9 avec des mat\u00e9riaux de haute qualit\u00e9, le r\u00e9ducteur \u00e0 entra\u00eenement par roue est con\u00e7u pour r\u00e9sister aux rigueurs d&#039;une utilisation intensive. Il fonctionne de mani\u00e8re fluide et efficace en utilisation continue, offrant une durabilit\u00e9 sup\u00e9rieure et r\u00e9duisant les besoins d&#039;entretien fr\u00e9quents. Sa conception assure \u00e9galement un fonctionnement silencieux, id\u00e9al pour les environnements sensibles au bruit.<\/p>\n<p><strong>Applications polyvalentes :<\/strong> Ce r\u00e9ducteur est id\u00e9al pour une large gamme de nacelles \u00e9l\u00e9vatrices, notamment les nacelles \u00e0 ciseaux, les nacelles \u00e9l\u00e9vatrices et autres plateformes a\u00e9riennes mobiles. Son couple \u00e9lev\u00e9 et son rendement \u00e9lev\u00e9 le rendent id\u00e9al pour les applications industrielles, de construction et de maintenance, o\u00f9 pr\u00e9cision, s\u00e9curit\u00e9 et performance sont primordiales.<\/p>\n<p>Le r\u00e9ducteur d&#039;entra\u00eenement de roues pour plateformes d&#039;acc\u00e8s est une solution fiable et performante qui optimise la fonctionnalit\u00e9 des plateformes d&#039;acc\u00e8s. Offrant une efficacit\u00e9, une durabilit\u00e9 et une int\u00e9gration optimales, il garantit le fonctionnement optimal de vos machines, contribuant ainsi \u00e0 am\u00e9liorer leur efficacit\u00e9 op\u00e9rationnelle et \u00e0 r\u00e9duire leurs co\u00fbts de maintenance.<\/p>\n<p><img loading=\"lazy\" decoding=\"async\" class=\"wp-image-3677 alignnone\" src=\"https:\/\/fmp-components.com\/wp-content\/uploads\/2025\/01\/0_wheel-drive-for-Access-Plateform-4.webp\" alt=\"0_roues motrices pour Access Platform-4\" width=\"897\" height=\"601\" title=\"\" srcset=\"https:\/\/fmp-components.com\/wp-content\/uploads\/2025\/01\/0_wheel-drive-for-Access-Plateform-4.webp 897w, https:\/\/fmp-components.com\/wp-content\/uploads\/2025\/01\/0_wheel-drive-for-Access-Plateform-4-480x321.webp 480w\" sizes=\"(min-width: 0px) and (max-width: 480px) 480px, (min-width: 481px) 897px, 100vw\" \/><\/p>\n<h2>Compatibilit\u00e9 avec les mod\u00e8les de plateformes d&#039;acc\u00e8s populaires<\/h2>\n<p>Dans la pratique, notre r\u00e9ducteur plan\u00e9taire \u00e0 roues motrices est largement compatible avec de nombreuses marques et mod\u00e8les de nacelles \u00e9l\u00e9vatrices r\u00e9put\u00e9s. Voici quelques exemples courants\u00a0:<\/p>\n<ul>\n<li>JLG Industries : Par exemple, les plates-formes de travail \u00e0 haute altitude des s\u00e9ries JLG 600S et 800AJ.<\/li>\n<li>Genie : tels que les ascenseurs \u00e0 ciseaux Genie S-65, SX-180 et autres s\u00e9ries et v\u00e9hicules de travail \u00e0 haute altitude \u00e0 bras droit.<\/li>\n<li>Haulotte : incluant les \u00e9l\u00e9vateurs automoteurs \u00e0 bras droits HAULOTTE s\u00e9rie Star, HA15IP ou HA20PX.<\/li>\n<li>Skyjack : tels que Skyjack SJIII 3219, \u00e9l\u00e9vateur \u00e0 ciseaux \u00e9lectrique SJII 4632, etc.<\/li>\n<li>Plateformes a\u00e9riennes Terex (AWP) : comprend des plates-formes de travail \u00e0 haute altitude \u00e0 fl\u00e8che t\u00e9lescopique tout-terrain telles que Genie TZ-50 ou le nouveau mod\u00e8le SX-135XC Pro.<\/li>\n<\/ul>\n<p><span style=\"color: #ff0000;\"><em><strong>Remarque : les noms de marque mentionn\u00e9s dans l&#039;article sont uniquement destin\u00e9s \u00e0 faciliter le choix et le remplacement des accessoires de la marque de machines agricoles correspondante par les clients, et ne vendent pas les produits de cette marque.<\/strong><\/em><\/span><\/p>\n<h2>\u00c0 propos de FMP<\/h2>\n<p>FMP est un fabricant leader sp\u00e9cialis\u00e9 dans la production d&#039;une large gamme de produits de transmission m\u00e9canique et hydraulique. Notre expertise couvre diverses cat\u00e9gories de produits, notamment les r\u00e9ducteurs plan\u00e9taires, les r\u00e9ducteurs \u00e0 vis sans fin, les r\u00e9ducteurs \u00e0 engrenages h\u00e9lico\u00efdaux en ligne, les r\u00e9ducteurs \u00e0 engrenages h\u00e9lico\u00efdaux \u00e0 arbres parall\u00e8les, les r\u00e9ducteurs \u00e0 engrenages coniques, les r\u00e9ducteurs \u00e0 engrenages h\u00e9lico\u00efdaux \u00e0 vis sans fin, les bo\u00eetes de vitesses agricoles, les bo\u00eetes de vitesses pour tracteurs, les bo\u00eetes de vitesses pour automobiles, les arbres de sortie de puissance et les r\u00e9ducteurs sp\u00e9cialis\u00e9s. Nous proposons \u00e9galement une gamme compl\u00e8te de pi\u00e8ces d&#039;engrenages, pignons, syst\u00e8mes hydrauliques, pompes \u00e0 vide, accouplements hydrauliques, cr\u00e9maill\u00e8res, cha\u00eenes, poulies de distribution, transmissions UDL, poulies \u00e0 courroie trap\u00e9zo\u00efdale, v\u00e9rins hydrauliques, pompes \u00e0 engrenages, compresseurs d&#039;air \u00e0 vis et r\u00e9ducteurs \u00e0 vis sans fin \u00e0 faible jeu, entre autres.<\/p>\n<p>Chez FMP, nous comprenons l&#039;importance de la personnalisation pour r\u00e9pondre aux besoins uniques de nos clients. Nous proposons des solutions sur mesure, notamment des transmissions, des motor\u00e9ducteurs, des produits hydrauliques et des moteurs sur mesure, selon les plans et les exigences sp\u00e9cifiques de nos clients. Notre flexibilit\u00e9 de fabrication nous permet de fournir des produits parfaitement adapt\u00e9s \u00e0 chaque application, garantissant des performances et une efficacit\u00e9 optimales.<\/p>\n<p><strong>Engagement envers la qualit\u00e9 et l&#039;innovation<\/strong><\/p>\n<p>Nous accordons une grande importance \u00e0 la qualit\u00e9 et \u00e0 la fiabilit\u00e9 de nos produits, gr\u00e2ce \u00e0 des \u00e9quipements d&#039;inspection et de test de pointe. Notre \u00e9quipe technique professionnelle, alli\u00e9e \u00e0 une technologie de traitement de pointe et \u00e0 un syst\u00e8me de contr\u00f4le rigoureux, garantit que chaque produit r\u00e9pond aux normes industrielles les plus strictes. Qu&#039;il s&#039;agisse d&#039;\u00e9quipements standards ou de solutions sur mesure, FMP s&#039;engage \u00e0 fournir des produits exceptionnels offrant des performances exceptionnelles dans des applications exigeantes.<\/p>\n<p>Ces derni\u00e8res ann\u00e9es, FMP a connu une croissance rapide, port\u00e9e par une riche exp\u00e9rience de production, un syst\u00e8me de gestion avanc\u00e9 et de solides capacit\u00e9s techniques. Nous adh\u00e9rons \u00e0 la philosophie \u00ab\u00a0survivre par la qualit\u00e9 et se d\u00e9velopper par l&#039;innovation scientifique et technologique\u00a0\u00bb, qui a \u00e9t\u00e9 la pierre angulaire de notre succ\u00e8s.<\/p>\n<p><strong>Une approche collaborative<\/strong><\/p>\n<p>FMP s&#039;engage \u00e0 collaborer \u00e9troitement avec ses clients pour d\u00e9velopper des solutions innovantes et nouer des partenariats durables. Notre objectif est de fournir des produits et services de qualit\u00e9 sup\u00e9rieure qui r\u00e9pondent aux attentes de nos clients, et m\u00eame les d\u00e9passent. Nous sommes impatients de collaborer avec vous pour r\u00e9ussir et cr\u00e9er ensemble l&#039;excellence.<\/p>\n<p>En mettant l\u2019accent sur la pr\u00e9cision, la fiabilit\u00e9 et le service personnalis\u00e9, FMP est le partenaire de confiance sur lequel vous pouvez compter pour vos besoins en mati\u00e8re de transmission m\u00e9canique et hydraulique.<\/p>\n<p><img loading=\"lazy\" decoding=\"async\" class=\"alignnone size-full wp-image-3678\" src=\"https:\/\/fmp-components.com\/wp-content\/uploads\/2025\/01\/worm-gearbox-factory1.webp\" alt=\"usine de r\u00e9ducteurs \u00e0 vis sans fin\" width=\"1024\" height=\"888\" title=\"\" srcset=\"https:\/\/fmp-components.com\/wp-content\/uploads\/2025\/01\/worm-gearbox-factory1.webp 1024w, https:\/\/fmp-components.com\/wp-content\/uploads\/2025\/01\/worm-gearbox-factory1-980x850.webp 980w, https:\/\/fmp-components.com\/wp-content\/uploads\/2025\/01\/worm-gearbox-factory1-480x416.webp 480w\" sizes=\"(min-width: 0px) and (max-width: 480px) 480px, (min-width: 481px) and (max-width: 980px) 980px, (min-width: 981px) 1024px, 100vw\" \/><\/p>\n<p>Auteur : CX<\/p>\n<\/div>\n<\/div>\n<\/div>\n<\/div>\n<\/div>\n<\/div>","protected":false},"excerpt":{"rendered":"<p>Wheel Drive Planetary Gearbox Reducer for Access Platform The Wheel Drive Planetary Gearbox Reducer for Access Platforms is a high-performance gear reduction system specifically designed for use in aerial work platforms (AWP), scissor lifts, boom lifts, and other access platforms. Engineered for reliability, efficiency, and durability, this gearbox is an essential component for ensuring smooth [&hellip;]<\/p>","protected":false},"featured_media":3680,"comment_status":"open","ping_status":"closed","template":"","meta":{"_et_pb_use_builder":"","_et_pb_old_content":"","_et_gb_content_width":""},"product_brand":[],"product_cat":[90],"product_tag":[],"class_list":{"0":"post-3674","1":"product","2":"type-product","3":"status-publish","4":"has-post-thumbnail","6":"product_cat-planetary-gearbox","8":"first","9":"instock","10":"shipping-taxable","11":"product-type-simple"},"_links":{"self":[{"href":"https:\/\/fmp-components.com\/fr\/wp-json\/wp\/v2\/product\/3674","targetHints":{"allow":["GET"]}}],"collection":[{"href":"https:\/\/fmp-components.com\/fr\/wp-json\/wp\/v2\/product"}],"about":[{"href":"https:\/\/fmp-components.com\/fr\/wp-json\/wp\/v2\/types\/product"}],"replies":[{"embeddable":true,"href":"https:\/\/fmp-components.com\/fr\/wp-json\/wp\/v2\/comments?post=3674"}],"wp:featuredmedia":[{"embeddable":true,"href":"https:\/\/fmp-components.com\/fr\/wp-json\/wp\/v2\/media\/3680"}],"wp:attachment":[{"href":"https:\/\/fmp-components.com\/fr\/wp-json\/wp\/v2\/media?parent=3674"}],"wp:term":[{"taxonomy":"product_brand","embeddable":true,"href":"https:\/\/fmp-components.com\/fr\/wp-json\/wp\/v2\/product_brand?post=3674"},{"taxonomy":"product_cat","embeddable":true,"href":"https:\/\/fmp-components.com\/fr\/wp-json\/wp\/v2\/product_cat?post=3674"},{"taxonomy":"product_tag","embeddable":true,"href":"https:\/\/fmp-components.com\/fr\/wp-json\/wp\/v2\/product_tag?post=3674"}],"curies":[{"name":"wp","href":"https:\/\/api.w.org\/{rel}","templated":true}]}}