{"id":3604,"date":"2025-01-09T01:34:23","date_gmt":"2025-01-09T01:34:23","guid":{"rendered":"https:\/\/fmp-components.com\/?page_id=8"},"modified":"2025-01-09T01:39:53","modified_gmt":"2025-01-09T01:39:53","slug":"spindle-motor-used-for-cnc-spindle-jszd240","status":"publish","type":"product","link":"https:\/\/fmp-components.com\/fr\/product\/spindle-motor-used-for-cnc-spindle-jszd240\/","title":{"rendered":"Moteur de broche utilis\u00e9 pour la broche CNC JSZD240"},"content":{"rendered":"<p><img loading=\"lazy\" decoding=\"async\" class=\"alignnone size-full wp-image-3605\" src=\"https:\/\/fmp-components.com\/wp-content\/uploads\/2025\/01\/spindle-motor-for-cnc-spindle-jszd220-2.webp\" alt=\"moteur-de-broche-pour-broche-cnc-jszd220-2\" width=\"1098\" height=\"635\" title=\"\" srcset=\"https:\/\/fmp-components.com\/wp-content\/uploads\/2025\/01\/spindle-motor-for-cnc-spindle-jszd220-2.webp 1098w, https:\/\/fmp-components.com\/wp-content\/uploads\/2025\/01\/spindle-motor-for-cnc-spindle-jszd220-2-980x567.webp 980w, https:\/\/fmp-components.com\/wp-content\/uploads\/2025\/01\/spindle-motor-for-cnc-spindle-jszd220-2-480x278.webp 480w\" sizes=\"(min-width: 0px) and (max-width: 480px) 480px, (min-width: 481px) and (max-width: 980px) 980px, (min-width: 981px) 1098px, 100vw\" \/><\/p>\n<p><img loading=\"lazy\" decoding=\"async\" class=\"alignnone size-full wp-image-3607\" src=\"https:\/\/fmp-components.com\/wp-content\/uploads\/2025\/01\/spindle-motor-for-cnc-spindle-jszd220-3.webp\" alt=\"moteur-de-broche-pour-broche-cnc-jszd220-3\" width=\"1111\" height=\"449\" title=\"\" srcset=\"https:\/\/fmp-components.com\/wp-content\/uploads\/2025\/01\/spindle-motor-for-cnc-spindle-jszd220-3.webp 1111w, https:\/\/fmp-components.com\/wp-content\/uploads\/2025\/01\/spindle-motor-for-cnc-spindle-jszd220-3-980x396.webp 980w, https:\/\/fmp-components.com\/wp-content\/uploads\/2025\/01\/spindle-motor-for-cnc-spindle-jszd220-3-480x194.webp 480w\" sizes=\"(min-width: 0px) and (max-width: 480px) 480px, (min-width: 481px) and (max-width: 980px) 980px, (min-width: 981px) 1111px, 100vw\" \/><\/p>\n<h3>Choisir le bon type de moteur de broche CNC<\/h3>\n<p>Choisir le bon moteur de broche CNC est essentiel pour optimiser les performances, la pr\u00e9cision et l'efficacit\u00e9 des op\u00e9rations d'usinage. Un moteur adapt\u00e9 permet \u00e0 la machine de g\u00e9rer la charge de travail requise tout en obtenant la qualit\u00e9 de sortie souhait\u00e9e. Voici les facteurs cl\u00e9s \u00e0 prendre en compte lors du choix d'un moteur de broche CNC\u00a0:<\/p>\n<ol>\n<li><strong>Exigences de puissance et de couple<\/strong><br \/>\nLa puissance du moteur (mesur\u00e9e en chevaux-vapeur ou en kilowatts) et son couple nominal influencent directement sa capacit\u00e9 \u00e0 g\u00e9rer diff\u00e9rents mat\u00e9riaux et op\u00e9rations de coupe. Pour les applications exigeantes, comme le fraisage ou la coupe profonde, un moteur \u00e0 couple \u00e9lev\u00e9 est n\u00e9cessaire. Pour des travaux plus fins et de pr\u00e9cision, des moteurs de faible puissance mais \u00e0 grande vitesse peuvent \u00eatre plus adapt\u00e9s. \u00c9valuez les t\u00e2ches d'usinage sp\u00e9cifiques pour d\u00e9terminer la puissance et le couple moteur requis.<\/li>\n<li><strong>Plage de vitesse et contr\u00f4le<\/strong><br \/>\nLes moteurs de broche CNC sont disponibles dans une large gamme de vitesses, g\u00e9n\u00e9ralement mesur\u00e9es en tours par minute (tr\/min). Certaines applications n\u00e9cessitent des broches \u00e0 grande vitesse pour des proc\u00e9d\u00e9s comme le per\u00e7age ou la gravure, tandis que d'autres, comme le filetage ou l'\u00e9bauche, peuvent n\u00e9cessiter des vitesses plus faibles avec un couple plus \u00e9lev\u00e9. Le moteur doit \u00eatre dot\u00e9 d'un variateur de vitesse pour adapter le r\u00e9gime de la broche aux diff\u00e9rents mat\u00e9riaux et op\u00e9rations, garantissant ainsi polyvalence et optimisation des performances.<\/li>\n<li><strong>Circuit de refroidissement<\/strong><br \/>\nLes moteurs de broche g\u00e9n\u00e8rent de la chaleur pendant leur fonctionnement, notamment en cas d'utilisation intensive ou continue. Choisir un moteur \u00e9quip\u00e9 d'un syst\u00e8me de refroidissement adapt\u00e9, par air ou par liquide, permet de maintenir des performances optimales et d'\u00e9viter la surchauffe. Les broches refroidies par liquide sont g\u00e9n\u00e9ralement plus performantes pour les t\u00e2ches de longue dur\u00e9e ou \u00e0 forte puissance, tandis que les moteurs refroidis par air sont souvent suffisants pour les applications l\u00e9g\u00e8res.<\/li>\n<li><strong>Pr\u00e9cision et faux-rond<\/strong><br \/>\nLa pr\u00e9cision du moteur de broche est essentielle pour un usinage de haute pr\u00e9cision. Les moteurs \u00e0 faible faux-rond (\u00e9cart par rapport \u00e0 l'axe de rotation r\u00e9el) garantissent un maintien s\u00fbr et une rotation uniforme de la pi\u00e8ce, ce qui am\u00e9liore la pr\u00e9cision dimensionnelle et les \u00e9tats de surface. Les broches de haute pr\u00e9cision sont essentielles pour les industries exigeant des tol\u00e9rances strictes, comme l'a\u00e9ronautique ou la fabrication de dispositifs m\u00e9dicaux.<\/li>\n<li><strong>Type de moteur : CA ou CC<\/strong><br \/>\nLes moteurs de broche CNC fonctionnent g\u00e9n\u00e9ralement en courant alternatif (CA) ou continu (CC). Les moteurs CA sont g\u00e9n\u00e9ralement privil\u00e9gi\u00e9s pour les applications CNC industrielles en raison de leur fiabilit\u00e9, de leur meilleur rendement \u00e9nerg\u00e9tique et de leur dur\u00e9e de vie prolong\u00e9e. Ils sont parfaits pour les op\u00e9rations \u00e0 grande vitesse et \u00e0 couple \u00e9lev\u00e9. Les moteurs CC, tout en offrant un excellent couple \u00e0 basse vitesse, sont souvent plus adapt\u00e9s aux machines CNC plus petites ou plus sp\u00e9cialis\u00e9es, n\u00e9cessitant moins de puissance.<\/li>\n<\/ol>\n<p>Choisir le bon moteur de broche CNC exige un \u00e9quilibre entre puissance, vitesse, refroidissement, pr\u00e9cision et compatibilit\u00e9 avec le syst\u00e8me de commande de la machine. En examinant attentivement ces facteurs, les fabricants peuvent choisir un moteur de broche qui optimise les performances de la machine CNC, optimise l'efficacit\u00e9 de l'usinage et offre la qualit\u00e9 souhait\u00e9e pour des applications sp\u00e9cifiques.<\/p>\n<h2>Il existe deux mani\u00e8res d&#039;obtenir la sortie : l&#039;une est le couple constant et l&#039;autre est la puissance constante comme ci-dessous :<\/h2>\n<p><img loading=\"lazy\" decoding=\"async\" class=\"alignnone size-full wp-image-3573\" src=\"https:\/\/fmp-components.com\/wp-content\/uploads\/2025\/01\/spindle-motor-1.webp\" alt=\"moteur-de-broche-1\" width=\"973\" height=\"551\" title=\"\" srcset=\"https:\/\/fmp-components.com\/wp-content\/uploads\/2025\/01\/spindle-motor-1.webp 973w, https:\/\/fmp-components.com\/wp-content\/uploads\/2025\/01\/spindle-motor-1-480x272.webp 480w\" sizes=\"(min-width: 0px) and (max-width: 480px) 480px, (min-width: 481px) 973px, 100vw\" \/><\/p>\n<h2>Explication de la nomenclature de la broche du moteur<\/h2>\n<p><img loading=\"lazy\" decoding=\"async\" class=\"alignnone size-full wp-image-3574\" src=\"https:\/\/fmp-components.com\/wp-content\/uploads\/2025\/01\/spindle-motor-2.webp\" alt=\"moteur-de-broche-2\" width=\"666\" height=\"351\" title=\"\" srcset=\"https:\/\/fmp-components.com\/wp-content\/uploads\/2025\/01\/spindle-motor-2.webp 666w, https:\/\/fmp-components.com\/wp-content\/uploads\/2025\/01\/spindle-motor-2-480x253.webp 480w\" sizes=\"(min-width: 0px) and (max-width: 480px) 480px, (min-width: 481px) 666px, 100vw\" \/><\/p>\n<h2>La fin de la connexion de la broche<\/h2>\n<p>Il existe de nombreux types de connexion diff\u00e9rents, en fonction du mod\u00e8le de broche diff\u00e9rent, veuillez vous r\u00e9f\u00e9rer au tableau ci-dessous.<\/p>\n<p><img loading=\"lazy\" decoding=\"async\" class=\"alignnone wp-image-3575\" src=\"https:\/\/fmp-components.com\/wp-content\/uploads\/2025\/01\/spindle-motor-3.webp\" alt=\"moteur de broche\" width=\"885\" height=\"231\" title=\"\" srcset=\"https:\/\/fmp-components.com\/wp-content\/uploads\/2025\/01\/spindle-motor-3.webp 885w, https:\/\/fmp-components.com\/wp-content\/uploads\/2025\/01\/spindle-motor-3-480x125.webp 480w\" sizes=\"(min-width: 0px) and (max-width: 480px) 480px, (min-width: 481px) 885px, 100vw\" \/><\/p>\n<h2>Instructions de broche<\/h2>\n<div><span id=\"spin1\">1<\/span>. Le convertisseur de fr\u00e9quence\u00a0<span id=\"spin2\">doit<\/span>\u00a0correspondre au\u00a0<span id=\"spin3\">\u00e9lectrique<\/span>\u00a0unit\u00e9 de broche. Le\u00a0<span id=\"spin4\">basique<\/span>\u00a0fr\u00e9quence\u00a0<span id=\"spin5\">ou m\u00eame le<\/span>\u00a0fr\u00e9quence nominale\u00a0<span id=\"spin6\">ainsi que<\/span>\u00a0tension\u00a0<span id=\"spin7\">devra<\/span>\u00a0r\u00e9pondre aux param\u00e8tres techniques\u00a0<span id=\"spin8\">de la<\/span>\u00a0<span id=\"spin9\">\u00e9lectrique<\/span>\u00a0broche.<br \/>\n<span id=\"spin10\">2<\/span>.\u00a0<span id=\"spin11\">\u00c9lectrique<\/span>\u00a0broche\u00a0<span id=\"spin12\">est g\u00e9n\u00e9ralement<\/span>\u00a0refroidi par circulation d&#039;eau. Eau de refroidissement\u00a0<span id=\"spin13\">doit \u00eatre<\/span>\u00a0inoxydable et filtr\u00e9 propre. Quand\u00a0<span id=\"spin14\">acqu\u00e9rir<\/span>\u00a0l&#039;eau, l&#039;entr\u00e9e\u00a0<span id=\"spin15\">doit \u00eatre<\/span>\u00a0<span id=\"spin16\">sous<\/span>\u00a0le\u00a0<span id=\"spin17\">\u00e9lectrique<\/span>\u00a0broche.<br \/>\n<span id=\"spin18\">trois<\/span>. Quand\u00a0<span id=\"spin19\">travailler avec<\/span>\u00a0une broche lubrifi\u00e9e par brouillard d&#039;huile, la\u00a0<span id=\"spin20\">stresser<\/span>\u00a0vanne de r\u00e9gulation\u00a0<span id=\"spin21\">sur le<\/span>\u00a0brouillard d&#039;huile\u00a0<span id=\"spin22\">gadget<\/span>\u00a0<span id=\"spin23\">devrait \u00eatre<\/span>\u00a0r\u00e9gl\u00e9 \u00e0 0,25~0,3 MPA le brouillard\u00a0<span id=\"spin25\">pression<\/span>\u00a0<span id=\"spin26\">devrait \u00eatre<\/span>\u00a00,1 \u00e0 0,2 MPA\u00a0<span id=\"spin28\">et le<\/span>\u00a0<span id=\"spin29\">vari\u00e9t\u00e9 de<\/span>\u00a0gouttes d&#039;huile\u00a0<span id=\"spin30\">doit \u00eatre<\/span>\u00a060-70 gouttes\/min.\u00a0<span id=\"spin31\">et aussi le<\/span>\u00a0huile de graissage\u00a0<span id=\"spin32\">devrait \u00eatre<\/span>\u00a0huile de cloche ou huile de turbine n\u00b0\u00a0<span id=\"spin33\">20<\/span>.<br \/>\n<span id=\"spin34\">quatre<\/span>. Le\u00a0<span id=\"spin35\">vitesse<\/span>\u00a0<span id=\"spin36\">autour du<\/span>\u00a0broche motoris\u00e9e\u00a0<span id=\"spin37\">guide<\/span>\u00a0<span id=\"spin38\">est d\u00e9finitivement le<\/span>\u00a0le plus \u00e9lev\u00e9\u00a0<span id=\"spin39\">vitesse<\/span>, et\u00a0<span id=\"spin40\">\u00e7a peut<\/span>\u00a0ne pas \u00eatre\u00a0<span id=\"spin41\">\u00e9lev\u00e9<\/span>,\u00a0<span id=\"spin42\">n\u00e9anmoins, il<\/span>\u00a0<span id=\"spin43\">peut \u00eatre<\/span>\u00a0<span id=\"spin44\">employ\u00e9<\/span>\u00a0<span id=\"spin45\">r\u00e9duire<\/span><br \/>\nle\u00a0<span id=\"spin46\">rythme,<\/span>\u00a0la tension et la fr\u00e9quence sont\u00a0<span id=\"spin47\">r\u00e9duit<\/span>\u00a0<span id=\"spin48\">une fois que le<\/span>\u00a0<span id=\"spin49\">vitesse<\/span>\u00a0est abaiss\u00e9.<br \/>\n<span id=\"spin50\">5<\/span>. La rotation\u00a0<span id=\"spin51\">cours<\/span>\u00a0<span id=\"spin52\">avec le<\/span>\u00a0broche motoris\u00e9e\u00a0<span id=\"spin53\">est g\u00e9n\u00e9ralement<\/span>\u00a0dans le sens inverse des aiguilles d&#039;une montre (vu\u00a0<span id=\"spin54\">dans le<\/span>\u00a0arbre). sauf pour\u00a0<span id=\"spin55\">exclusif<\/span><br \/>\n<span id=\"spin56\">demandes<\/span>.<br \/>\n<span id=\"spin57\">6<\/span>. La broche motoris\u00e9e lubrifi\u00e9e par brouillard d&#039;huile\u00a0<span id=\"spin58\">doit \u00eatre<\/span>\u00a0<span id=\"spin59\">li\u00e9<\/span>\u00a0avec de l&#039;eau et\u00a0<span id=\"spin60\">essence<\/span>\u00a0<span id=\"spin61\">avant<\/span>\u00a0<span id=\"spin62\">il se pourrait que ce soit possible<\/span>\u00a0<span id=\"spin63\">commencer<\/span>\u00a0et\u00a0<span id=\"spin64\">cesser<\/span>\u00a0l&#039;eau et\u00a0<span id=\"spin65\">carburant\u00a0<\/span><span id=\"spin66\">fournir<\/span>\u00a0<span id=\"spin67\">apr\u00e8s<\/span>\u00a0fermer.<br \/>\nExplication:\u00a0<span id=\"spin68\">unique<\/span>\u00a0op\u00e9ration\u00a0<span id=\"spin69\">est requis<\/span>\u00a0<span id=\"spin70\">selon<\/span>\u00a0<span id=\"spin71\">au<\/span>\u00a0<span id=\"spin72\">\u00e9lectrique<\/span>\u00a0broche\u00a0<span id=\"spin73\">lignes directrices<\/span>.<\/div>\n<div>\n<div class=\"flex max-w-full flex-col flex-grow\">\n<div class=\"min-h-8 text-message flex w-full flex-col items-end gap-2 whitespace-normal break-words text-start [.text-message+&amp;]:mt-5\" dir=\"auto\" data-message-author-role=\"assistant\" data-message-id=\"fbdee532-4424-41b2-a093-d85f55f880e4\" data-message-model-slug=\"gpt-4o-mini\">\n<div class=\"flex w-full flex-col gap-1 empty:hidden first:pt-[3px]\">\n<div class=\"markdown prose w-full break-words dark:prose-invert light\">\n<h2>\u00c0 propos de FMP<\/h2>\n<p>FMP est un fabricant renomm\u00e9 sp\u00e9cialis\u00e9 dans les composants m\u00e9caniques de haute qualit\u00e9, notamment les r\u00e9ducteurs \u00e0 vis sans fin, les pignons, les bagues coniques, les cr\u00e9maill\u00e8res, les accouplements et autres pi\u00e8ces de transmission. Fortement orient\u00e9 vers l'exportation, plus de 65% de nos produits sont livr\u00e9s sur les march\u00e9s europ\u00e9ens, notamment en Allemagne, au Royaume-Uni et en France, contribuant \u00e0 un volume d'exportation annuel de $18 millions. Notre valeur de production annuelle totale d\u00e9passe les 200 millions de RMB.<\/p>\n<p>Nos produits sont con\u00e7us et fabriqu\u00e9s avec le plus grand soin pour r\u00e9pondre aux normes industrielles internationales, europ\u00e9ennes et am\u00e9ricaines. Nous utilisons des \u00e9quipements d'usinage de pr\u00e9cision \u00e0 la pointe de la technologie, appliquons des processus de production optimis\u00e9s et mettons en \u0153uvre un syst\u00e8me de gestion flexible et efficace. Notre syst\u00e8me complet de gestion de la qualit\u00e9 garantit une qualit\u00e9 exceptionnelle des produits tout en maintenant des prix comp\u00e9titifs.<\/p>\n<p>Chez FMP, nous sommes guid\u00e9s par les principes fondamentaux suivants\u00a0: \u00ab\u00a0La qualit\u00e9, fondement de la r\u00e9ussite commerciale \u00e0 long terme\u00a0; l\u2019int\u00e9grit\u00e9, moteur de la croissance\u00a0; le service, pierre angulaire du d\u00e9veloppement\u00a0; et l\u2019accessibilit\u00e9, cl\u00e9 d\u2019une r\u00e9ussite durable.\u00a0\u00bb Nous encourageons la collaboration avec des partenaires nationaux et internationaux et nous engageons \u00e0 favoriser une croissance mutuelle et une r\u00e9ussite collective.<\/p>\n<\/div>\n<\/div>\n<\/div>\n<\/div>\n<p><img loading=\"lazy\" decoding=\"async\" class=\"alignnone wp-image-3563\" src=\"https:\/\/fmp-components.com\/wp-content\/uploads\/2025\/01\/company-2.webp\" alt=\"entreprise\" width=\"873\" height=\"790\" title=\"\" srcset=\"https:\/\/fmp-components.com\/wp-content\/uploads\/2025\/01\/company-2.webp 873w, https:\/\/fmp-components.com\/wp-content\/uploads\/2025\/01\/company-2-480x435.webp 480w\" sizes=\"(min-width: 0px) and (max-width: 480px) 480px, (min-width: 481px) 873px, 100vw\" \/> <img loading=\"lazy\" decoding=\"async\" class=\"alignnone wp-image-3564\" src=\"https:\/\/fmp-components.com\/wp-content\/uploads\/2025\/01\/company-3.webp\" alt=\"entreprise\" width=\"873\" height=\"776\" title=\"\" srcset=\"https:\/\/fmp-components.com\/wp-content\/uploads\/2025\/01\/company-3.webp 873w, https:\/\/fmp-components.com\/wp-content\/uploads\/2025\/01\/company-3-480x427.webp 480w\" sizes=\"(min-width: 0px) and (max-width: 480px) 480px, (min-width: 481px) 873px, 100vw\" \/> <img loading=\"lazy\" decoding=\"async\" class=\"alignnone wp-image-3565\" src=\"https:\/\/fmp-components.com\/wp-content\/uploads\/2025\/01\/company-1.webp\" alt=\"entreprise\" width=\"877\" height=\"225\" title=\"\" srcset=\"https:\/\/fmp-components.com\/wp-content\/uploads\/2025\/01\/company-1.webp 877w, https:\/\/fmp-components.com\/wp-content\/uploads\/2025\/01\/company-1-480x123.webp 480w\" sizes=\"(min-width: 0px) and (max-width: 480px) 480px, (min-width: 481px) 877px, 100vw\" \/><\/p>\n<p>Auteur : CX<\/p>\n<\/div>","protected":false},"excerpt":{"rendered":"<p>Choosing the Right CNC Spindle Motor Type Selecting the appropriate CNC spindle motor is essential for optimizing performance, precision, and efficiency in machining operations. The right motor ensures the machine can handle the required workload while achieving the desired output quality. Here are key factors to consider when choosing a CNC spindle motor: Power and [&hellip;]<\/p>","protected":false},"featured_media":3606,"comment_status":"open","ping_status":"closed","template":"","meta":{"_et_pb_use_builder":"","_et_pb_old_content":"","_et_gb_content_width":""},"product_brand":[],"product_cat":[89],"product_tag":[],"class_list":{"0":"post-3604","1":"product","2":"type-product","3":"status-publish","4":"has-post-thumbnail","6":"product_cat-spindle-motor","8":"first","9":"instock","10":"shipping-taxable","11":"product-type-simple"},"_links":{"self":[{"href":"https:\/\/fmp-components.com\/fr\/wp-json\/wp\/v2\/product\/3604","targetHints":{"allow":["GET"]}}],"collection":[{"href":"https:\/\/fmp-components.com\/fr\/wp-json\/wp\/v2\/product"}],"about":[{"href":"https:\/\/fmp-components.com\/fr\/wp-json\/wp\/v2\/types\/product"}],"replies":[{"embeddable":true,"href":"https:\/\/fmp-components.com\/fr\/wp-json\/wp\/v2\/comments?post=3604"}],"wp:featuredmedia":[{"embeddable":true,"href":"https:\/\/fmp-components.com\/fr\/wp-json\/wp\/v2\/media\/3606"}],"wp:attachment":[{"href":"https:\/\/fmp-components.com\/fr\/wp-json\/wp\/v2\/media?parent=3604"}],"wp:term":[{"taxonomy":"product_brand","embeddable":true,"href":"https:\/\/fmp-components.com\/fr\/wp-json\/wp\/v2\/product_brand?post=3604"},{"taxonomy":"product_cat","embeddable":true,"href":"https:\/\/fmp-components.com\/fr\/wp-json\/wp\/v2\/product_cat?post=3604"},{"taxonomy":"product_tag","embeddable":true,"href":"https:\/\/fmp-components.com\/fr\/wp-json\/wp\/v2\/product_tag?post=3604"}],"curies":[{"name":"wp","href":"https:\/\/api.w.org\/{rel}","templated":true}]}}