{"id":3578,"date":"2025-01-08T06:53:08","date_gmt":"2025-01-08T06:53:08","guid":{"rendered":"https:\/\/fmp-components.com\/?page_id=8"},"modified":"2025-01-08T08:48:39","modified_gmt":"2025-01-08T08:48:39","slug":"spindle-motor-used-for-lathe-jszd150t-jszd110j","status":"publish","type":"product","link":"https:\/\/fmp-components.com\/fr\/product\/spindle-motor-used-for-lathe-jszd150t-jszd110j\/","title":{"rendered":"Moteur de broche utilis\u00e9 pour le tour JSZD150T JSZD110J"},"content":{"rendered":"<p><img loading=\"lazy\" decoding=\"async\" class=\"alignnone size-full wp-image-3580\" src=\"https:\/\/fmp-components.com\/wp-content\/uploads\/2025\/01\/spindle-motor-used-for-lathe-jszd150t-3.webp\" alt=\"moteur-de-broche-utilis\u00e9-pour-tour-jszd150t-3\" width=\"851\" height=\"105\" title=\"\" srcset=\"https:\/\/fmp-components.com\/wp-content\/uploads\/2025\/01\/spindle-motor-used-for-lathe-jszd150t-3.webp 851w, https:\/\/fmp-components.com\/wp-content\/uploads\/2025\/01\/spindle-motor-used-for-lathe-jszd150t-3-480x59.webp 480w\" sizes=\"(min-width: 0px) and (max-width: 480px) 480px, (min-width: 481px) 851px, 100vw\" \/> <img loading=\"lazy\" decoding=\"async\" class=\"alignnone size-full wp-image-3581\" src=\"https:\/\/fmp-components.com\/wp-content\/uploads\/2025\/01\/spindle-motor-used-for-lathe-jszd110j-2.webp\" alt=\"moteur-de-broche-utilis\u00e9-pour-tour-jszd110j-2\" width=\"849\" height=\"102\" title=\"\" srcset=\"https:\/\/fmp-components.com\/wp-content\/uploads\/2025\/01\/spindle-motor-used-for-lathe-jszd110j-2.webp 849w, https:\/\/fmp-components.com\/wp-content\/uploads\/2025\/01\/spindle-motor-used-for-lathe-jszd110j-2-480x58.webp 480w\" sizes=\"(min-width: 0px) and (max-width: 480px) 480px, (min-width: 481px) 849px, 100vw\" \/> <img loading=\"lazy\" decoding=\"async\" class=\"alignnone size-full wp-image-3582\" src=\"https:\/\/fmp-components.com\/wp-content\/uploads\/2025\/01\/spindle-motor-used-for-lathe-jszd150t-2.webp\" alt=\"moteur-de-broche-utilis\u00e9-pour-tour-jszd150t-2\" width=\"850\" height=\"327\" title=\"\" srcset=\"https:\/\/fmp-components.com\/wp-content\/uploads\/2025\/01\/spindle-motor-used-for-lathe-jszd150t-2.webp 850w, https:\/\/fmp-components.com\/wp-content\/uploads\/2025\/01\/spindle-motor-used-for-lathe-jszd150t-2-480x185.webp 480w\" sizes=\"(min-width: 0px) and (max-width: 480px) 480px, (min-width: 481px) 850px, 100vw\" \/> <img loading=\"lazy\" decoding=\"async\" class=\"alignnone size-full wp-image-3583\" src=\"https:\/\/fmp-components.com\/wp-content\/uploads\/2025\/01\/spindle-motor-used-for-lathe-jszd110j-1.webp\" alt=\"moteur-de-broche-utilis\u00e9-pour-tour-jszd110j-1\" width=\"831\" height=\"278\" title=\"\" srcset=\"https:\/\/fmp-components.com\/wp-content\/uploads\/2025\/01\/spindle-motor-used-for-lathe-jszd110j-1.webp 831w, https:\/\/fmp-components.com\/wp-content\/uploads\/2025\/01\/spindle-motor-used-for-lathe-jszd110j-1-480x161.webp 480w\" sizes=\"(min-width: 0px) and (max-width: 480px) 480px, (min-width: 481px) 831px, 100vw\" \/><\/p>\n<h3>Applications du moteur de broche<\/h3>\n<p>Les moteurs de broche sont essentiels \u00e0 divers proc\u00e9d\u00e9s d'usinage et de fabrication de pr\u00e9cision. Ils entra\u00eenent la rotation des outils et permettent des op\u00e9rations de coupe, de rectification et de fraisage haute performance. Couramment utilis\u00e9s dans les machines CNC, ils offrent un couple et une vitesse de rotation \u00e9lev\u00e9s, ce qui les rend id\u00e9aux pour les applications exigeant des tol\u00e9rances strictes et des g\u00e9om\u00e9tries complexes. Leur puissance constante garantit des performances de coupe et une qualit\u00e9 de finition de surface optimales.<\/p>\n<p>Dans les industries automobile et a\u00e9rospatiale, les moteurs \u00e0 broche sont utilis\u00e9s dans la fabrication de haute pr\u00e9cision, notamment pour la fabrication de pi\u00e8ces de moteur, d'aubes de turbine et d'autres composants critiques. Leur polyvalence leur permet de traiter une large gamme de mat\u00e9riaux, des m\u00e9taux aux composites, tout en respectant les normes de qualit\u00e9 \u00e9lev\u00e9es requises dans ces secteurs.<\/p>\n<p>De plus, les moteurs de broche sont largement utilis\u00e9s dans les secteurs du bois, de la m\u00e9decine et de l'\u00e9lectronique. Par exemple, ils sont essentiels au per\u00e7age de circuits imprim\u00e9s, \u00e0 la gravure laser et \u00e0 la fabrication de dispositifs m\u00e9dicaux, o\u00f9 fiabilit\u00e9, pr\u00e9cision et performances constantes sont primordiales. Leur adaptabilit\u00e9 les rend indispensables dans de nombreuses applications sp\u00e9cialis\u00e9es et dans divers secteurs.<\/p>\n<h3>Moteur de broche utilis\u00e9 pour le tour<\/h3>\n<p>Les moteurs de broche sont des composants essentiels des tours, fournissant la puissance de rotation n\u00e9cessaire aux op\u00e9rations de tournage. Sur un tour, le moteur de broche entra\u00eene la rotation de la pi\u00e8ce, tandis que les outils effectuent diverses op\u00e9rations telles que la coupe, le per\u00e7age et le filetage. Ces moteurs sont con\u00e7us pour fournir un couple et une vitesse constants, garantissant le bon fonctionnement du tour tout en maintenant la pr\u00e9cision, notamment pour les t\u00e2ches exigeantes comme l'usinage \u00e0 grande vitesse ou la coupe intensive.<\/p>\n<p>Les moteurs de broche de tour sont g\u00e9n\u00e9ralement des moteurs \u00e0 couple \u00e9lev\u00e9 et \u00e0 faible vitesse, capables de g\u00e9rer des r\u00e9glages de vitesse variables, permettant ainsi \u00e0 l'op\u00e9rateur d'ajuster pr\u00e9cis\u00e9ment leurs performances en fonction du mat\u00e9riau et de l'op\u00e9ration de coupe. Cette flexibilit\u00e9 est essentielle pour l'usinage de divers m\u00e9taux, plastiques et composites pr\u00e9sentant des caract\u00e9ristiques de coupe diff\u00e9rentes. Gr\u00e2ce \u00e0 des acc\u00e9l\u00e9rations et des d\u00e9c\u00e9l\u00e9rations fluides, les moteurs de broche contribuent \u00e0 minimiser les vibrations et \u00e0 maintenir la pr\u00e9cision dimensionnelle de la pi\u00e8ce.<\/p>\n<p>Gr\u00e2ce \u00e0 des m\u00e9canismes de refroidissement avanc\u00e9s, tels que le refroidissement par liquide ou par air, les moteurs de broche de tour peuvent fonctionner \u00e0 des niveaux de puissance plus \u00e9lev\u00e9s sans surchauffe, garantissant ainsi leur durabilit\u00e9 et leur longue dur\u00e9e de vie. Leur pr\u00e9cision et leur fiabilit\u00e9 les rendent indispensables pour des secteurs comme l'automobile, l'a\u00e9ronautique et l'industrie manufacturi\u00e8re, o\u00f9 des pi\u00e8ces de haute qualit\u00e9 et pr\u00e9cises sont produites en permanence.<\/p>\n<h2>Il existe deux mani\u00e8res d&#039;obtenir la sortie : l&#039;une est le couple constant et l&#039;autre est la puissance constante comme ci-dessous :<\/h2>\n<p><img loading=\"lazy\" decoding=\"async\" class=\"alignnone size-full wp-image-3573\" src=\"https:\/\/fmp-components.com\/wp-content\/uploads\/2025\/01\/spindle-motor-1.webp\" alt=\"moteur-de-broche-1\" width=\"973\" height=\"551\" title=\"\" srcset=\"https:\/\/fmp-components.com\/wp-content\/uploads\/2025\/01\/spindle-motor-1.webp 973w, https:\/\/fmp-components.com\/wp-content\/uploads\/2025\/01\/spindle-motor-1-480x272.webp 480w\" sizes=\"(min-width: 0px) and (max-width: 480px) 480px, (min-width: 481px) 973px, 100vw\" \/><\/p>\n<h2>Explication de la nomenclature de la broche du moteur<\/h2>\n<p><img loading=\"lazy\" decoding=\"async\" class=\"alignnone size-full wp-image-3574\" src=\"https:\/\/fmp-components.com\/wp-content\/uploads\/2025\/01\/spindle-motor-2.webp\" alt=\"moteur-de-broche-2\" width=\"666\" height=\"351\" title=\"\" srcset=\"https:\/\/fmp-components.com\/wp-content\/uploads\/2025\/01\/spindle-motor-2.webp 666w, https:\/\/fmp-components.com\/wp-content\/uploads\/2025\/01\/spindle-motor-2-480x253.webp 480w\" sizes=\"(min-width: 0px) and (max-width: 480px) 480px, (min-width: 481px) 666px, 100vw\" \/><\/p>\n<h2>La fin de la connexion de la broche<\/h2>\n<p>Il existe de nombreux types de connexion diff\u00e9rents, en fonction du mod\u00e8le de broche diff\u00e9rent, veuillez vous r\u00e9f\u00e9rer au tableau ci-dessous.<\/p>\n<p><img loading=\"lazy\" decoding=\"async\" class=\"alignnone wp-image-3575\" src=\"https:\/\/fmp-components.com\/wp-content\/uploads\/2025\/01\/spindle-motor-3.webp\" alt=\"moteur de broche\" width=\"885\" height=\"231\" title=\"\" srcset=\"https:\/\/fmp-components.com\/wp-content\/uploads\/2025\/01\/spindle-motor-3.webp 885w, https:\/\/fmp-components.com\/wp-content\/uploads\/2025\/01\/spindle-motor-3-480x125.webp 480w\" sizes=\"(min-width: 0px) and (max-width: 480px) 480px, (min-width: 481px) 885px, 100vw\" \/><\/p>\n<h2>Instructions de broche<\/h2>\n<div><span id=\"spin1\">1<\/span>. Le convertisseur de fr\u00e9quence\u00a0<span id=\"spin2\">doit<\/span>\u00a0correspondre au\u00a0<span id=\"spin3\">\u00e9lectrique<\/span>\u00a0unit\u00e9 de broche. Le\u00a0<span id=\"spin4\">basique<\/span>\u00a0fr\u00e9quence\u00a0<span id=\"spin5\">ou m\u00eame le<\/span>\u00a0fr\u00e9quence nominale\u00a0<span id=\"spin6\">ainsi que<\/span>\u00a0tension\u00a0<span id=\"spin7\">devra<\/span>\u00a0r\u00e9pondre aux param\u00e8tres techniques\u00a0<span id=\"spin8\">de la<\/span>\u00a0<span id=\"spin9\">\u00e9lectrique<\/span>\u00a0broche.<br \/>\n<span id=\"spin10\">2<\/span>.\u00a0<span id=\"spin11\">\u00c9lectrique<\/span>\u00a0broche\u00a0<span id=\"spin12\">est g\u00e9n\u00e9ralement<\/span>\u00a0refroidi par circulation d&#039;eau. Eau de refroidissement\u00a0<span id=\"spin13\">doit \u00eatre<\/span>\u00a0inoxydable et filtr\u00e9 propre. Quand\u00a0<span id=\"spin14\">acqu\u00e9rir<\/span>\u00a0l&#039;eau, l&#039;entr\u00e9e\u00a0<span id=\"spin15\">doit \u00eatre<\/span>\u00a0<span id=\"spin16\">sous<\/span>\u00a0le\u00a0<span id=\"spin17\">\u00e9lectrique<\/span>\u00a0broche.<br \/>\n<span id=\"spin18\">trois<\/span>. Quand\u00a0<span id=\"spin19\">travailler avec<\/span>\u00a0une broche lubrifi\u00e9e par brouillard d&#039;huile, la\u00a0<span id=\"spin20\">stresser<\/span>\u00a0vanne de r\u00e9gulation\u00a0<span id=\"spin21\">sur le<\/span>\u00a0brouillard d&#039;huile\u00a0<span id=\"spin22\">gadget<\/span>\u00a0<span id=\"spin23\">devrait \u00eatre<\/span>\u00a0r\u00e9gl\u00e9 \u00e0 0,25~0,3 MPA le brouillard\u00a0<span id=\"spin25\">pression<\/span>\u00a0<span id=\"spin26\">devrait \u00eatre<\/span>\u00a00,1 \u00e0 0,2 MPA\u00a0<span id=\"spin28\">et le<\/span>\u00a0<span id=\"spin29\">vari\u00e9t\u00e9 de<\/span>\u00a0gouttes d&#039;huile\u00a0<span id=\"spin30\">doit \u00eatre<\/span>\u00a060-70 gouttes\/min.\u00a0<span id=\"spin31\">et aussi le<\/span>\u00a0huile de graissage\u00a0<span id=\"spin32\">devrait \u00eatre<\/span>\u00a0huile de cloche ou huile de turbine n\u00b0\u00a0<span id=\"spin33\">20<\/span>.<br \/>\n<span id=\"spin34\">quatre<\/span>. Le\u00a0<span id=\"spin35\">vitesse<\/span>\u00a0<span id=\"spin36\">autour du<\/span>\u00a0broche motoris\u00e9e\u00a0<span id=\"spin37\">guide<\/span>\u00a0<span id=\"spin38\">est d\u00e9finitivement le<\/span>\u00a0le plus \u00e9lev\u00e9\u00a0<span id=\"spin39\">vitesse<\/span>, et\u00a0<span id=\"spin40\">\u00e7a peut<\/span>\u00a0ne pas \u00eatre\u00a0<span id=\"spin41\">\u00e9lev\u00e9<\/span>,\u00a0<span id=\"spin42\">n\u00e9anmoins, il<\/span>\u00a0<span id=\"spin43\">peut \u00eatre<\/span>\u00a0<span id=\"spin44\">employ\u00e9<\/span>\u00a0<span id=\"spin45\">r\u00e9duire<\/span><br \/>\nle\u00a0<span id=\"spin46\">rythme,<\/span>\u00a0la tension et la fr\u00e9quence sont\u00a0<span id=\"spin47\">r\u00e9duit<\/span>\u00a0<span id=\"spin48\">une fois que le<\/span>\u00a0<span id=\"spin49\">vitesse<\/span>\u00a0est abaiss\u00e9.<br \/>\n<span id=\"spin50\">5<\/span>. La rotation\u00a0<span id=\"spin51\">cours<\/span>\u00a0<span id=\"spin52\">avec le<\/span>\u00a0broche motoris\u00e9e\u00a0<span id=\"spin53\">est g\u00e9n\u00e9ralement<\/span>\u00a0dans le sens inverse des aiguilles d&#039;une montre (vu\u00a0<span id=\"spin54\">dans le<\/span>\u00a0arbre). sauf pour\u00a0<span id=\"spin55\">exclusif<\/span><br \/>\n<span id=\"spin56\">demandes<\/span>.<br \/>\n<span id=\"spin57\">6<\/span>. La broche motoris\u00e9e lubrifi\u00e9e par brouillard d&#039;huile\u00a0<span id=\"spin58\">doit \u00eatre<\/span>\u00a0<span id=\"spin59\">li\u00e9<\/span>\u00a0avec de l&#039;eau et\u00a0<span id=\"spin60\">essence<\/span>\u00a0<span id=\"spin61\">avant<\/span>\u00a0<span id=\"spin62\">il se pourrait que ce soit possible<\/span>\u00a0<span id=\"spin63\">commencer<\/span>\u00a0et\u00a0<span id=\"spin64\">cesser<\/span>\u00a0l&#039;eau et\u00a0<span id=\"spin65\">carburant\u00a0<\/span><span id=\"spin66\">fournir<\/span>\u00a0<span id=\"spin67\">apr\u00e8s<\/span>\u00a0fermer.<br \/>\nExplication:\u00a0<span id=\"spin68\">unique<\/span>\u00a0op\u00e9ration\u00a0<span id=\"spin69\">est requis<\/span>\u00a0<span id=\"spin70\">selon<\/span>\u00a0<span id=\"spin71\">au<\/span>\u00a0<span id=\"spin72\">\u00e9lectrique<\/span>\u00a0broche\u00a0<span id=\"spin73\">lignes directrices<\/span>.<\/div>\n<div>\n<div class=\"flex max-w-full flex-col flex-grow\">\n<div class=\"min-h-8 text-message flex w-full flex-col items-end gap-2 whitespace-normal break-words text-start [.text-message+&amp;]:mt-5\" dir=\"auto\" data-message-author-role=\"assistant\" data-message-id=\"fbdee532-4424-41b2-a093-d85f55f880e4\" data-message-model-slug=\"gpt-4o-mini\">\n<div class=\"flex w-full flex-col gap-1 empty:hidden first:pt-[3px]\">\n<div class=\"markdown prose w-full break-words dark:prose-invert light\">\n<h2>\u00c0 propos de FMP<\/h2>\n<p>FMP est un fabricant leader sp\u00e9cialis\u00e9 dans les composants m\u00e9caniques, notamment les r\u00e9ducteurs \u00e0 vis sans fin, les pignons, les bagues coniques, les cr\u00e9maill\u00e8res, les accouplements et autres pi\u00e8ces de transmission. Fortement orient\u00e9 vers l&#039;exportation, plus de 651\u00a0TP4T de nos produits sont exp\u00e9di\u00e9s vers les march\u00e9s europ\u00e9ens tels que l&#039;Allemagne, le Royaume-Uni et la France, g\u00e9n\u00e9rant une valeur d&#039;exportation annuelle de 1\u00a0TP5T18 millions. Notre production annuelle totale atteint 200 millions de RMB.<\/p>\n<p>Tous les produits FMP sont con\u00e7us et fabriqu\u00e9s conform\u00e9ment aux normes industrielles internationales, europ\u00e9ennes et am\u00e9ricaines. Nous utilisons des \u00e9quipements d&#039;usinage de pr\u00e9cision de pointe, suivons des processus de production optimis\u00e9s et maintenons un syst\u00e8me de gestion flexible et efficace. Notre syst\u00e8me de gestion de la qualit\u00e9 rigoureux garantit des produits de haute qualit\u00e9 tout en maintenant des prix comp\u00e9titifs.<\/p>\n<p>Chez FMP, nous d\u00e9fendons les valeurs fondamentales suivantes\u00a0: \u00ab\u00a0La qualit\u00e9, pierre angulaire de la p\u00e9rennit\u00e9 des entreprises\u00a0; l\u2019int\u00e9grit\u00e9, moteur de la croissance\u00a0; le service, fondement du d\u00e9veloppement\u00a0; et l\u2019accessibilit\u00e9, cl\u00e9 du succ\u00e8s.\u00a0\u00bb Nous encourageons la collaboration avec nos clients nationaux et internationaux et nous engageons \u00e0 favoriser une croissance et une r\u00e9ussite mutuelles.<\/p>\n<\/div>\n<\/div>\n<\/div>\n<\/div>\n<p><img loading=\"lazy\" decoding=\"async\" class=\"alignnone wp-image-3563\" src=\"https:\/\/fmp-components.com\/wp-content\/uploads\/2025\/01\/company-2.webp\" alt=\"entreprise\" width=\"873\" height=\"790\" title=\"\" srcset=\"https:\/\/fmp-components.com\/wp-content\/uploads\/2025\/01\/company-2.webp 873w, https:\/\/fmp-components.com\/wp-content\/uploads\/2025\/01\/company-2-480x435.webp 480w\" sizes=\"(min-width: 0px) and (max-width: 480px) 480px, (min-width: 481px) 873px, 100vw\" \/> <img loading=\"lazy\" decoding=\"async\" class=\"alignnone wp-image-3564\" src=\"https:\/\/fmp-components.com\/wp-content\/uploads\/2025\/01\/company-3.webp\" alt=\"entreprise\" width=\"873\" height=\"776\" title=\"\" srcset=\"https:\/\/fmp-components.com\/wp-content\/uploads\/2025\/01\/company-3.webp 873w, https:\/\/fmp-components.com\/wp-content\/uploads\/2025\/01\/company-3-480x427.webp 480w\" sizes=\"(min-width: 0px) and (max-width: 480px) 480px, (min-width: 481px) 873px, 100vw\" \/> <img loading=\"lazy\" decoding=\"async\" class=\"alignnone wp-image-3565\" src=\"https:\/\/fmp-components.com\/wp-content\/uploads\/2025\/01\/company-1.webp\" alt=\"entreprise\" width=\"877\" height=\"225\" title=\"\" srcset=\"https:\/\/fmp-components.com\/wp-content\/uploads\/2025\/01\/company-1.webp 877w, https:\/\/fmp-components.com\/wp-content\/uploads\/2025\/01\/company-1-480x123.webp 480w\" sizes=\"(min-width: 0px) and (max-width: 480px) 480px, (min-width: 481px) 877px, 100vw\" \/><\/p>\n<p>Auteur : CX<\/p>\n<\/div>","protected":false},"excerpt":{"rendered":"<p>Spindle Motor Applications Spindle motors are essential in various precision machining and manufacturing processes, driving the rotation of tools and enabling high-performance cutting, grinding, and milling operations. Commonly used in CNC machines, they offer high torque and speed control, making them ideal for applications that require tight tolerances and complex geometries. Their ability to provide [&hellip;]<\/p>","protected":false},"featured_media":3579,"comment_status":"open","ping_status":"closed","template":"","meta":{"_et_pb_use_builder":"","_et_pb_old_content":"","_et_gb_content_width":""},"product_brand":[],"product_cat":[89],"product_tag":[],"class_list":{"0":"post-3578","1":"product","2":"type-product","3":"status-publish","4":"has-post-thumbnail","6":"product_cat-spindle-motor","8":"first","9":"instock","10":"shipping-taxable","11":"product-type-simple"},"_links":{"self":[{"href":"https:\/\/fmp-components.com\/fr\/wp-json\/wp\/v2\/product\/3578","targetHints":{"allow":["GET"]}}],"collection":[{"href":"https:\/\/fmp-components.com\/fr\/wp-json\/wp\/v2\/product"}],"about":[{"href":"https:\/\/fmp-components.com\/fr\/wp-json\/wp\/v2\/types\/product"}],"replies":[{"embeddable":true,"href":"https:\/\/fmp-components.com\/fr\/wp-json\/wp\/v2\/comments?post=3578"}],"wp:featuredmedia":[{"embeddable":true,"href":"https:\/\/fmp-components.com\/fr\/wp-json\/wp\/v2\/media\/3579"}],"wp:attachment":[{"href":"https:\/\/fmp-components.com\/fr\/wp-json\/wp\/v2\/media?parent=3578"}],"wp:term":[{"taxonomy":"product_brand","embeddable":true,"href":"https:\/\/fmp-components.com\/fr\/wp-json\/wp\/v2\/product_brand?post=3578"},{"taxonomy":"product_cat","embeddable":true,"href":"https:\/\/fmp-components.com\/fr\/wp-json\/wp\/v2\/product_cat?post=3578"},{"taxonomy":"product_tag","embeddable":true,"href":"https:\/\/fmp-components.com\/fr\/wp-json\/wp\/v2\/product_tag?post=3578"}],"curies":[{"name":"wp","href":"https:\/\/api.w.org\/{rel}","templated":true}]}}