{"id":3569,"date":"2025-01-08T06:24:56","date_gmt":"2025-01-08T06:24:56","guid":{"rendered":"https:\/\/fmp-components.com\/?page_id=8"},"modified":"2025-01-08T07:57:44","modified_gmt":"2025-01-08T07:57:44","slug":"electrical-spindle-for-special-usage","status":"publish","type":"product","link":"https:\/\/fmp-components.com\/fr\/product\/electrical-spindle-for-special-usage\/","title":{"rendered":"Broche \u00e9lectrique \u00e0 usage sp\u00e9cial"},"content":{"rendered":"<p><img loading=\"lazy\" decoding=\"async\" class=\"size-full wp-image-3577 aligncenter\" src=\"https:\/\/fmp-components.com\/wp-content\/uploads\/2025\/01\/electrical-spindle-for-special-usage-2.webp\" alt=\"broche-\u00e9lectrique-pour-usage-sp\u00e9cial-2\" width=\"652\" height=\"256\" title=\"\" srcset=\"https:\/\/fmp-components.com\/wp-content\/uploads\/2025\/01\/electrical-spindle-for-special-usage-2.webp 652w, https:\/\/fmp-components.com\/wp-content\/uploads\/2025\/01\/electrical-spindle-for-special-usage-2-480x188.webp 480w\" sizes=\"(min-width: 0px) and (max-width: 480px) 480px, (min-width: 481px) 652px, 100vw\" \/>\u00a0<img loading=\"lazy\" decoding=\"async\" class=\"alignnone wp-image-3571\" src=\"https:\/\/fmp-components.com\/wp-content\/uploads\/2025\/01\/electrical-spindle-for-special-usage-3.webp\" alt=\"broche-\u00e9lectrique-pour-usage-sp\u00e9cial-3\" width=\"895\" height=\"87\" title=\"\" srcset=\"https:\/\/fmp-components.com\/wp-content\/uploads\/2025\/01\/electrical-spindle-for-special-usage-3.webp 895w, https:\/\/fmp-components.com\/wp-content\/uploads\/2025\/01\/electrical-spindle-for-special-usage-3-480x47.webp 480w\" sizes=\"(min-width: 0px) and (max-width: 480px) 480px, (min-width: 481px) 895px, 100vw\" \/><\/p>\n<p><img loading=\"lazy\" decoding=\"async\" class=\"size-full wp-image-3576 aligncenter\" src=\"https:\/\/fmp-components.com\/wp-content\/uploads\/2025\/01\/electrical-spindle-for-special-usage-4.webp\" alt=\"broche-\u00e9lectrique-pour-usage-sp\u00e9cial-4\" width=\"493\" height=\"246\" title=\"\" srcset=\"https:\/\/fmp-components.com\/wp-content\/uploads\/2025\/01\/electrical-spindle-for-special-usage-4.webp 493w, https:\/\/fmp-components.com\/wp-content\/uploads\/2025\/01\/electrical-spindle-for-special-usage-4-480x240.webp 480w\" sizes=\"(min-width: 0px) and (max-width: 480px) 480px, (min-width: 481px) 493px, 100vw\" \/> <img loading=\"lazy\" decoding=\"async\" class=\"alignnone wp-image-3572\" src=\"https:\/\/fmp-components.com\/wp-content\/uploads\/2025\/01\/electrical-spindle-for-special-usage-5.webp\" alt=\"broche-\u00e9lectrique-pour-usage-sp\u00e9cial-5\" width=\"922\" height=\"128\" title=\"\" srcset=\"https:\/\/fmp-components.com\/wp-content\/uploads\/2025\/01\/electrical-spindle-for-special-usage-5.webp 922w, https:\/\/fmp-components.com\/wp-content\/uploads\/2025\/01\/electrical-spindle-for-special-usage-5-480x67.webp 480w\" sizes=\"(min-width: 0px) and (max-width: 480px) 480px, (min-width: 481px) 922px, 100vw\" \/><\/p>\n<p>Exemples\u00a0: La broche motoris\u00e9e JSZD120-12\/15 est principalement utilis\u00e9e pour l'usinage de petites pi\u00e8ces en m\u00e9taux non ferreux. Elle est \u00e9quip\u00e9e d'un m\u00e9canisme d'alimentation personnalis\u00e9, d'une alimentation par broche creuse, d'un serrage \u00e9lastique frontal et d'un z\u00e9ro d'usinage. Elle pr\u00e9sente une faible rugosit\u00e9, une bonne stabilit\u00e9 dimensionnelle et un rendement \u00e9lev\u00e9.<\/p>\n<div class=\"flex max-w-full flex-col flex-grow\">\n<div class=\"min-h-8 text-message flex w-full flex-col items-end gap-2 whitespace-normal break-words text-start [.text-message+&amp;]:mt-5\" dir=\"auto\" data-message-author-role=\"assistant\" data-message-id=\"876c8b08-b709-4638-9f07-28b349cfff1a\" data-message-model-slug=\"gpt-4o\">\n<div class=\"flex w-full flex-col gap-1 empty:hidden first:pt-[3px]\">\n<div class=\"markdown prose w-full break-words dark:prose-invert light\">\n<h3>Avantages d'une broche \u00e9lectrique pour usage sp\u00e9cial<\/h3>\n<p>Les broches \u00e9lectriques offrent plusieurs avantages pour des applications sp\u00e9cialis\u00e9es dans des secteurs tels que l'usinage CNC, l'automatisation et la m\u00e9canique de pr\u00e9cision. Voici les principaux avantages d'une broche \u00e9lectrique pour des applications sp\u00e9cifiques\u00a0:<\/p>\n<ol>\n<li><strong>Haute pr\u00e9cision et exactitude<\/strong><br \/>\nLes broches \u00e9lectriques sont r\u00e9put\u00e9es pour leur grande pr\u00e9cision de rotation, essentielle pour les applications sp\u00e9cialis\u00e9es exigeant des tol\u00e9rances strictes. Elles permettent un contr\u00f4le pr\u00e9cis de la vitesse et du couple, garantissant ainsi un usinage ou des op\u00e9rations constants et pr\u00e9cis.<\/li>\n<li><strong>Conception compacte et efficacit\u00e9 de l'espace<\/strong><br \/>\nLes broches \u00e9lectriques sont g\u00e9n\u00e9ralement plus compactes que les broches m\u00e9caniques traditionnelles. Elles sont donc id\u00e9ales pour les applications \u00e0 espace limit\u00e9, o\u00f9 un encombrement r\u00e9duit est essentiel sans compromettre les performances.<\/li>\n<li><strong>Contr\u00f4le de vitesse et polyvalence am\u00e9lior\u00e9s<\/strong><br \/>\nLa vitesse des broches \u00e9lectriques est facilement contr\u00f4lable et ajustable gr\u00e2ce \u00e0 des commandes \u00e9lectroniques, offrant une large plage de vitesses de fonctionnement. Cette adaptabilit\u00e9 leur permet de s'adapter \u00e0 une grande vari\u00e9t\u00e9 de mat\u00e9riaux et de proc\u00e9d\u00e9s d'usinage, de l'usinage \u00e0 grande vitesse \u00e0 la rectification \u00e0 basse vitesse.<\/li>\n<li><strong>Maintenance r\u00e9duite et long\u00e9vit\u00e9 accrue<\/strong><br \/>\nContrairement aux broches m\u00e9caniques, les broches \u00e9lectriques comportent moins de pi\u00e8ces mobiles et ne n\u00e9cessitent pas de syst\u00e8mes d'engrenages complexes. Cette r\u00e9duction de l'usure m\u00e9canique se traduit par des co\u00fbts de maintenance r\u00e9duits et une dur\u00e9e de vie plus longue, ce qui les rend plus fiables pour une utilisation \u00e0 long terme.<\/li>\n<li><strong>Efficacit\u00e9 am\u00e9lior\u00e9e<\/strong><br \/>\nLes broches \u00e9lectriques sont plus \u00e9conomes en \u00e9nergie que les broches traditionnelles, car elles convertissent directement l'\u00e9nergie \u00e9lectrique en mouvement rotatif avec une perte d'\u00e9nergie minimale. Cela permet de r\u00e9duire les co\u00fbts d'exploitation \u00e0 long terme, ce qui en fait une solution \u00e9conomique pour les applications sp\u00e9cifiques et exigeantes.<\/li>\n<\/ol>\n<p>Globalement, les broches \u00e9lectriques offrent des performances, une efficacit\u00e9 et une adaptabilit\u00e9 exceptionnelles pour des utilisations sp\u00e9cifiques. Leur pr\u00e9cision, leur maintenance r\u00e9duite et leur int\u00e9gration \u00e0 des syst\u00e8mes avanc\u00e9s en font un choix privil\u00e9gi\u00e9 dans les industries de haute technologie.<\/p>\n<h2>Il existe deux mani\u00e8res d&#039;obtenir la sortie : l&#039;une est le couple constant et l&#039;autre est la puissance constante comme ci-dessous :<\/h2>\n<\/div>\n<\/div>\n<\/div>\n<\/div>\n<p><img loading=\"lazy\" decoding=\"async\" class=\"alignnone size-full wp-image-3573\" src=\"https:\/\/fmp-components.com\/wp-content\/uploads\/2025\/01\/spindle-motor-1.webp\" alt=\"moteur-de-broche-1\" width=\"973\" height=\"551\" title=\"\" srcset=\"https:\/\/fmp-components.com\/wp-content\/uploads\/2025\/01\/spindle-motor-1.webp 973w, https:\/\/fmp-components.com\/wp-content\/uploads\/2025\/01\/spindle-motor-1-480x272.webp 480w\" sizes=\"(min-width: 0px) and (max-width: 480px) 480px, (min-width: 481px) 973px, 100vw\" \/><\/p>\n<h2>Explication de la nomenclature de la broche du moteur<\/h2>\n<p><img loading=\"lazy\" decoding=\"async\" class=\"alignnone size-full wp-image-3574\" src=\"https:\/\/fmp-components.com\/wp-content\/uploads\/2025\/01\/spindle-motor-2.webp\" alt=\"moteur-de-broche-2\" width=\"666\" height=\"351\" title=\"\" srcset=\"https:\/\/fmp-components.com\/wp-content\/uploads\/2025\/01\/spindle-motor-2.webp 666w, https:\/\/fmp-components.com\/wp-content\/uploads\/2025\/01\/spindle-motor-2-480x253.webp 480w\" sizes=\"(min-width: 0px) and (max-width: 480px) 480px, (min-width: 481px) 666px, 100vw\" \/><\/p>\n<h2>La fin de la connexion de la broche<\/h2>\n<p>Il existe de nombreux types de connexion diff\u00e9rents, en fonction du mod\u00e8le de broche diff\u00e9rent, veuillez vous r\u00e9f\u00e9rer au tableau ci-dessous.<\/p>\n<p><img loading=\"lazy\" decoding=\"async\" class=\"alignnone wp-image-3575\" src=\"https:\/\/fmp-components.com\/wp-content\/uploads\/2025\/01\/spindle-motor-3.webp\" alt=\"moteur de broche\" width=\"885\" height=\"231\" title=\"\" srcset=\"https:\/\/fmp-components.com\/wp-content\/uploads\/2025\/01\/spindle-motor-3.webp 885w, https:\/\/fmp-components.com\/wp-content\/uploads\/2025\/01\/spindle-motor-3-480x125.webp 480w\" sizes=\"(min-width: 0px) and (max-width: 480px) 480px, (min-width: 481px) 885px, 100vw\" \/><\/p>\n<h2>Instructions de broche<\/h2>\n<div><span id=\"spin1\">1<\/span>. Le convertisseur de fr\u00e9quence\u00a0<span id=\"spin2\">doit<\/span>\u00a0correspondre au\u00a0<span id=\"spin3\">\u00e9lectrique<\/span>\u00a0unit\u00e9 de broche. Le\u00a0<span id=\"spin4\">basique<\/span>\u00a0fr\u00e9quence\u00a0<span id=\"spin5\">ou m\u00eame le<\/span>\u00a0fr\u00e9quence nominale\u00a0<span id=\"spin6\">ainsi que<\/span>\u00a0tension\u00a0<span id=\"spin7\">devra<\/span>\u00a0r\u00e9pondre aux param\u00e8tres techniques\u00a0<span id=\"spin8\">de la<\/span>\u00a0<span id=\"spin9\">\u00e9lectrique<\/span>\u00a0broche.<br \/>\n<span id=\"spin10\">2<\/span>.\u00a0<span id=\"spin11\">\u00c9lectrique<\/span>\u00a0broche\u00a0<span id=\"spin12\">est g\u00e9n\u00e9ralement<\/span>\u00a0refroidi par circulation d&#039;eau. Eau de refroidissement\u00a0<span id=\"spin13\">doit \u00eatre<\/span>\u00a0inoxydable et filtr\u00e9 propre. Quand\u00a0<span id=\"spin14\">acqu\u00e9rir<\/span>\u00a0l&#039;eau, l&#039;entr\u00e9e\u00a0<span id=\"spin15\">doit \u00eatre<\/span>\u00a0<span id=\"spin16\">sous<\/span>\u00a0le\u00a0<span id=\"spin17\">\u00e9lectrique<\/span>\u00a0broche.<br \/>\n<span id=\"spin18\">trois<\/span>. Quand\u00a0<span id=\"spin19\">travailler avec<\/span>\u00a0une broche lubrifi\u00e9e par brouillard d&#039;huile, la\u00a0<span id=\"spin20\">stresser<\/span>\u00a0vanne de r\u00e9gulation\u00a0<span id=\"spin21\">sur le<\/span>\u00a0brouillard d&#039;huile\u00a0<span id=\"spin22\">gadget<\/span>\u00a0<span id=\"spin23\">devrait \u00eatre<\/span>\u00a0r\u00e9gl\u00e9 \u00e0 0,25~0,3 MPA le brouillard\u00a0<span id=\"spin25\">pression<\/span>\u00a0<span id=\"spin26\">devrait \u00eatre<\/span>\u00a00,1 \u00e0 0,2 MPA\u00a0<span id=\"spin28\">et le<\/span>\u00a0<span id=\"spin29\">vari\u00e9t\u00e9 de<\/span>\u00a0gouttes d&#039;huile\u00a0<span id=\"spin30\">doit \u00eatre<\/span>\u00a060-70 gouttes\/min.\u00a0<span id=\"spin31\">et aussi le<\/span>\u00a0huile de graissage\u00a0<span id=\"spin32\">devrait \u00eatre<\/span>\u00a0huile de cloche ou huile de turbine n\u00b0\u00a0<span id=\"spin33\">20<\/span>.<br \/>\n<span id=\"spin34\">quatre<\/span>. Le\u00a0<span id=\"spin35\">vitesse<\/span>\u00a0<span id=\"spin36\">autour du<\/span>\u00a0broche motoris\u00e9e\u00a0<span id=\"spin37\">guide<\/span>\u00a0<span id=\"spin38\">est d\u00e9finitivement le<\/span>\u00a0le plus \u00e9lev\u00e9\u00a0<span id=\"spin39\">vitesse<\/span>, et\u00a0<span id=\"spin40\">\u00e7a peut<\/span>\u00a0ne pas \u00eatre\u00a0<span id=\"spin41\">\u00e9lev\u00e9<\/span>,\u00a0<span id=\"spin42\">n\u00e9anmoins, il<\/span>\u00a0<span id=\"spin43\">peut \u00eatre<\/span>\u00a0<span id=\"spin44\">employ\u00e9<\/span>\u00a0<span id=\"spin45\">r\u00e9duire<\/span><br \/>\nle\u00a0<span id=\"spin46\">rythme,<\/span>\u00a0la tension et la fr\u00e9quence sont\u00a0<span id=\"spin47\">r\u00e9duit<\/span>\u00a0<span id=\"spin48\">une fois que le<\/span>\u00a0<span id=\"spin49\">vitesse<\/span>\u00a0est abaiss\u00e9.<br \/>\n<span id=\"spin50\">5<\/span>. La rotation\u00a0<span id=\"spin51\">cours<\/span>\u00a0<span id=\"spin52\">avec le<\/span>\u00a0broche motoris\u00e9e\u00a0<span id=\"spin53\">est g\u00e9n\u00e9ralement<\/span>\u00a0dans le sens inverse des aiguilles d&#039;une montre (vu\u00a0<span id=\"spin54\">dans le<\/span>\u00a0arbre). sauf pour\u00a0<span id=\"spin55\">exclusif<\/span><br \/>\n<span id=\"spin56\">demandes<\/span>.<br \/>\n<span id=\"spin57\">6<\/span>. La broche motoris\u00e9e lubrifi\u00e9e par brouillard d&#039;huile\u00a0<span id=\"spin58\">doit \u00eatre<\/span>\u00a0<span id=\"spin59\">li\u00e9<\/span>\u00a0avec de l&#039;eau et\u00a0<span id=\"spin60\">essence<\/span>\u00a0<span id=\"spin61\">avant<\/span>\u00a0<span id=\"spin62\">il se pourrait que ce soit possible<\/span>\u00a0<span id=\"spin63\">commencer<\/span>\u00a0et\u00a0<span id=\"spin64\">cesser<\/span>\u00a0l&#039;eau et\u00a0<span id=\"spin65\">carburant\u00a0<\/span><span id=\"spin66\">fournir<\/span>\u00a0<span id=\"spin67\">apr\u00e8s<\/span>\u00a0fermer.<br \/>\nExplication:\u00a0<span id=\"spin68\">unique<\/span>\u00a0op\u00e9ration\u00a0<span id=\"spin69\">est requis<\/span>\u00a0<span id=\"spin70\">selon<\/span>\u00a0<span id=\"spin71\">au<\/span>\u00a0<span id=\"spin72\">\u00e9lectrique<\/span>\u00a0broche\u00a0<span id=\"spin73\">lignes directrices<\/span>.<\/div>\n<div class=\"flex max-w-full flex-col flex-grow\">\n<div class=\"min-h-8 text-message flex w-full flex-col items-end gap-2 whitespace-normal break-words text-start [.text-message+&amp;]:mt-5\" dir=\"auto\" data-message-author-role=\"assistant\" data-message-id=\"fbdee532-4424-41b2-a093-d85f55f880e4\" data-message-model-slug=\"gpt-4o-mini\">\n<div class=\"flex w-full flex-col gap-1 empty:hidden first:pt-[3px]\">\n<div class=\"markdown prose w-full break-words dark:prose-invert light\">\n<h2>\u00c0 propos de FMP<\/h2>\n<p>FMP est un fabricant professionnel sp\u00e9cialis\u00e9 dans la production de composants m\u00e9caniques. Nos principaux produits comprennent des r\u00e9ducteurs \u00e0 vis sans fin, des pignons, des bagues coniques, des cr\u00e9maill\u00e8res, des accouplements et d'autres pi\u00e8ces de transmission. Fortement orient\u00e9 vers l'exportation, plus de 651\u00a0TP4T de nos produits sont exp\u00e9di\u00e9s vers les march\u00e9s europ\u00e9ens, notamment l'Allemagne, le Royaume-Uni et la France, pour un volume d'exportation annuel de 18 millions de TP5T. Notre valeur de production annuelle totale atteint 200 millions de RMB.<\/p>\n<p>Tous les produits FMP sont fabriqu\u00e9s conform\u00e9ment aux normes industrielles internationales, europ\u00e9ennes et am\u00e9ricaines. Nous utilisons des \u00e9quipements d'usinage de pr\u00e9cision et de haute qualit\u00e9, mettons en \u0153uvre des processus de production rigoureusement planifi\u00e9s et appliquons un syst\u00e8me de gestion efficace et flexible. Notre syst\u00e8me de gestion de la qualit\u00e9 complet garantit une excellente qualit\u00e9 des produits et des prix comp\u00e9titifs.<\/p>\n<p>FMP s'appuie sur les principes fondamentaux suivants\u00a0: \u00ab\u00a0La qualit\u00e9, fondement de la p\u00e9rennit\u00e9 des entreprises, l'int\u00e9grit\u00e9, moteur du d\u00e9veloppement, le service, source de croissance, et l'accessibilit\u00e9, cl\u00e9 de la r\u00e9ussite.\u00a0\u00bb Nous accueillons une client\u00e8le nationale et internationale et sommes impatients de collaborer pour une croissance et une r\u00e9ussite communes.<\/p>\n<\/div>\n<\/div>\n<\/div>\n<\/div>\n<p><img loading=\"lazy\" decoding=\"async\" class=\"alignnone wp-image-3563\" src=\"https:\/\/fmp-components.com\/wp-content\/uploads\/2025\/01\/company-2.webp\" alt=\"entreprise\" width=\"873\" height=\"790\" title=\"\" srcset=\"https:\/\/fmp-components.com\/wp-content\/uploads\/2025\/01\/company-2.webp 873w, https:\/\/fmp-components.com\/wp-content\/uploads\/2025\/01\/company-2-480x435.webp 480w\" sizes=\"(min-width: 0px) and (max-width: 480px) 480px, (min-width: 481px) 873px, 100vw\" \/> <img loading=\"lazy\" decoding=\"async\" class=\"alignnone wp-image-3564\" src=\"https:\/\/fmp-components.com\/wp-content\/uploads\/2025\/01\/company-3.webp\" alt=\"entreprise\" width=\"873\" height=\"776\" title=\"\" srcset=\"https:\/\/fmp-components.com\/wp-content\/uploads\/2025\/01\/company-3.webp 873w, https:\/\/fmp-components.com\/wp-content\/uploads\/2025\/01\/company-3-480x427.webp 480w\" sizes=\"(min-width: 0px) and (max-width: 480px) 480px, (min-width: 481px) 873px, 100vw\" \/> <img loading=\"lazy\" decoding=\"async\" class=\"alignnone wp-image-3565\" src=\"https:\/\/fmp-components.com\/wp-content\/uploads\/2025\/01\/company-1.webp\" alt=\"entreprise\" width=\"877\" height=\"225\" title=\"\" srcset=\"https:\/\/fmp-components.com\/wp-content\/uploads\/2025\/01\/company-1.webp 877w, https:\/\/fmp-components.com\/wp-content\/uploads\/2025\/01\/company-1-480x123.webp 480w\" sizes=\"(min-width: 0px) and (max-width: 480px) 480px, (min-width: 481px) 877px, 100vw\" \/><\/p>\n<p>Auteur : CX<\/p>","protected":false},"excerpt":{"rendered":"<p>\u00a0 Examples: JSZD120-12\/15 motorized spindle is mainly used for small parts processing of non-ferrous metals. Customers own\u3000feeding mechanism, spindle hollow feeding, front elastic clamping, processing zero. lt has low roughness\uff0c good dimensional\u3000stability, and high efficiency. Advantages of an Electrical Spindle for Special Usage Electrical spindles offer several distinct advantages for specialized applications in industries such [&hellip;]<\/p>","protected":false},"featured_media":3570,"comment_status":"open","ping_status":"closed","template":"","meta":{"_et_pb_use_builder":"","_et_pb_old_content":"","_et_gb_content_width":""},"product_brand":[],"product_cat":[88],"product_tag":[],"class_list":{"0":"post-3569","1":"product","2":"type-product","3":"status-publish","4":"has-post-thumbnail","6":"product_cat-stainless-steel-motors","8":"first","9":"instock","10":"shipping-taxable","11":"product-type-simple"},"_links":{"self":[{"href":"https:\/\/fmp-components.com\/fr\/wp-json\/wp\/v2\/product\/3569","targetHints":{"allow":["GET"]}}],"collection":[{"href":"https:\/\/fmp-components.com\/fr\/wp-json\/wp\/v2\/product"}],"about":[{"href":"https:\/\/fmp-components.com\/fr\/wp-json\/wp\/v2\/types\/product"}],"replies":[{"embeddable":true,"href":"https:\/\/fmp-components.com\/fr\/wp-json\/wp\/v2\/comments?post=3569"}],"wp:featuredmedia":[{"embeddable":true,"href":"https:\/\/fmp-components.com\/fr\/wp-json\/wp\/v2\/media\/3570"}],"wp:attachment":[{"href":"https:\/\/fmp-components.com\/fr\/wp-json\/wp\/v2\/media?parent=3569"}],"wp:term":[{"taxonomy":"product_brand","embeddable":true,"href":"https:\/\/fmp-components.com\/fr\/wp-json\/wp\/v2\/product_brand?post=3569"},{"taxonomy":"product_cat","embeddable":true,"href":"https:\/\/fmp-components.com\/fr\/wp-json\/wp\/v2\/product_cat?post=3569"},{"taxonomy":"product_tag","embeddable":true,"href":"https:\/\/fmp-components.com\/fr\/wp-json\/wp\/v2\/product_tag?post=3569"}],"curies":[{"name":"wp","href":"https:\/\/api.w.org\/{rel}","templated":true}]}}