{"id":3561,"date":"2025-01-08T06:10:35","date_gmt":"2025-01-08T06:10:35","guid":{"rendered":"https:\/\/fmp-components.com\/?page_id=8"},"modified":"2025-01-08T07:48:44","modified_gmt":"2025-01-08T07:48:44","slug":"pneumatic-unclamp-cylinder","status":"publish","type":"product","link":"https:\/\/fmp-components.com\/fr\/product\/pneumatic-unclamp-cylinder\/","title":{"rendered":"V\u00e9rin de desserrage pneumatique"},"content":{"rendered":"<h3 style=\"text-align: center;\">Cylindre de d\u00e9verrouillage pneumatique \u2013 Pr\u00e9sentation du produit<\/h3>\n<p>Le v\u00e9rin pneumatique de desserrage est un composant sp\u00e9cialis\u00e9 con\u00e7u pour diverses applications industrielles n\u00e9cessitant un desserrage automatis\u00e9. Ce type de v\u00e9rin utilise l'air comprim\u00e9 pour fournir la force n\u00e9cessaire au d\u00e9verrouillage des m\u00e9canismes de serrage, garantissant ainsi un fonctionnement fluide et une efficacit\u00e9 \u00e9lev\u00e9e des syst\u00e8mes m\u00e9caniques.<\/p>\n<h4>Caract\u00e9ristiques principales :<\/h4>\n<ul>\n<li><strong>Actionnement pneumatique<\/strong>Le v\u00e9rin fonctionne \u00e0 l'air comprim\u00e9, offrant une solution propre, efficace et \u00e9conomique par rapport aux syst\u00e8mes hydrauliques ou manuels.<\/li>\n<li><strong>Puissance de sortie \u00e9lev\u00e9e<\/strong>Con\u00e7u pour g\u00e9n\u00e9rer une force importante lors des op\u00e9rations de desserrage, adapt\u00e9 aux applications industrielles exigeantes.<\/li>\n<li><strong>Durabilit\u00e9<\/strong>Fabriqu\u00e9 \u00e0 partir de mat\u00e9riaux de haute qualit\u00e9 pour une dur\u00e9e de vie prolong\u00e9e, m\u00eame dans des conditions de travail exigeantes.<\/li>\n<li><strong>Contr\u00f4le de pr\u00e9cision<\/strong>: Permet un contr\u00f4le pr\u00e9cis des actions de serrage et de desserrage, am\u00e9liorant ainsi la pr\u00e9cision et la fiabilit\u00e9 de vos processus d'automatisation.<\/li>\n<li><strong>Conception compacte<\/strong>Optimis\u00e9 pour une utilisation efficace de l'espace, ce qui le rend id\u00e9al pour une utilisation dans des environnements o\u00f9 l'espace d'installation est limit\u00e9.<\/li>\n<li><strong>Int\u00e9gration facile<\/strong>Compatible avec une large gamme de machines, il offre une int\u00e9gration transparente aux syst\u00e8mes existants pour des mises \u00e0 niveau et des remplacements faciles.<\/li>\n<li><strong>R\u00e9sistance \u00e0 la corrosion<\/strong>Con\u00e7ue pour r\u00e9sister aux environnements difficiles, avec des traitements anticorrosion garantissant sa fiabilit\u00e9 dans des conditions industrielles exigeantes.<\/li>\n<\/ul>\n<h4>Avantages :<\/h4>\n<ul>\n<li><strong>Efficacit\u00e9 accrue<\/strong>En automatisant le processus de desserrage, les cycles op\u00e9rationnels sont raccourcis, ce qui permet d'augmenter le d\u00e9bit et de r\u00e9duire les temps d'arr\u00eat.<\/li>\n<li><strong>R\u00e9duction de la main-d'\u0153uvre<\/strong>Une intervention manuelle moindre est n\u00e9cessaire, ce qui minimise les risques d'erreurs et am\u00e9liore la s\u00e9curit\u00e9 au travail.<\/li>\n<li><strong>\u00c9conomies d'\u00e9nergie<\/strong>Les v\u00e9rins pneumatiques consomment g\u00e9n\u00e9ralement moins d'\u00e9nergie que les syst\u00e8mes hydrauliques, ce qui permet un fonctionnement \u00e9conomique sur le long terme.<\/li>\n<li><strong>Personnalisable<\/strong>Disponible en diff\u00e9rentes tailles, longueurs de course et pressions nominales pour r\u00e9pondre aux diff\u00e9rents besoins et applications industriels.<\/li>\n<\/ul>\n<p>Le <strong>V\u00e9rin de desserrage pneumatique<\/strong> est un \u00e9l\u00e9ment essentiel pour les entreprises qui cherchent \u00e0 am\u00e9liorer leur efficacit\u00e9 op\u00e9rationnelle, \u00e0 r\u00e9duire le travail manuel et \u00e0 garantir un haut niveau de pr\u00e9cision dans les processus automatis\u00e9s.<\/p>\n<p><img loading=\"lazy\" decoding=\"async\" class=\"alignnone size-full wp-image-3566\" src=\"https:\/\/fmp-components.com\/wp-content\/uploads\/2025\/01\/pneumatic-unclamp-cylinder-2.webp\" alt=\"v\u00e9rin de desserrage pneumatique 2\" width=\"1371\" height=\"652\" title=\"\" srcset=\"https:\/\/fmp-components.com\/wp-content\/uploads\/2025\/01\/pneumatic-unclamp-cylinder-2.webp 1371w, https:\/\/fmp-components.com\/wp-content\/uploads\/2025\/01\/pneumatic-unclamp-cylinder-2-1280x609.webp 1280w, https:\/\/fmp-components.com\/wp-content\/uploads\/2025\/01\/pneumatic-unclamp-cylinder-2-980x466.webp 980w, https:\/\/fmp-components.com\/wp-content\/uploads\/2025\/01\/pneumatic-unclamp-cylinder-2-480x228.webp 480w\" sizes=\"(min-width: 0px) and (max-width: 480px) 480px, (min-width: 481px) and (max-width: 980px) 980px, (min-width: 981px) and (max-width: 1280px) 1280px, (min-width: 1281px) 1371px, 100vw\" \/><\/p>\n<h2>Liste des mod\u00e8les<\/h2>\n<p><img loading=\"lazy\" decoding=\"async\" class=\"alignnone size-full wp-image-3568\" src=\"https:\/\/fmp-components.com\/wp-content\/uploads\/2025\/01\/pneumatic-unclamp-cylinder-3.webp\" alt=\"v\u00e9rin de desserrage pneumatique 2\" width=\"906\" height=\"158\" title=\"\" srcset=\"https:\/\/fmp-components.com\/wp-content\/uploads\/2025\/01\/pneumatic-unclamp-cylinder-3.webp 906w, https:\/\/fmp-components.com\/wp-content\/uploads\/2025\/01\/pneumatic-unclamp-cylinder-3-480x84.webp 480w\" sizes=\"(min-width: 0px) and (max-width: 480px) 480px, (min-width: 481px) 906px, 100vw\" \/><\/p>\n<p>NOTE:<br \/>\n1. Le v\u00e9rin pneumatique de d\u00e9verrouillage peut \u00eatre install\u00e9 verticalement et horizontalement, le godet d'huile doit \u00eatre orient\u00e9 vers le haut.<br \/>\n2. Le gaz d'alimentation doit \u00eatre trait\u00e9 par le triplet de traitement des gaz. Pour de l'air sec et propre, la pression minimale est de 6 kgf\/cm\u00b2.<br \/>\n3. La teneur minimale en huile s\u00fbre dans le godet d'huile est de 1\/5 et la teneur maximale en huile est de 4\/5.<\/p>\n<div class=\"flex max-w-full flex-col flex-grow\">\n<div class=\"min-h-8 text-message flex w-full flex-col items-end gap-2 whitespace-normal break-words text-start [.text-message+&amp;]:mt-5\" dir=\"auto\" data-message-author-role=\"assistant\" data-message-id=\"fbdee532-4424-41b2-a093-d85f55f880e4\" data-message-model-slug=\"gpt-4o-mini\">\n<div class=\"flex w-full flex-col gap-1 empty:hidden first:pt-[3px]\">\n<div class=\"markdown prose w-full break-words dark:prose-invert light\">\n<h2>Types de v\u00e9rins pneumatiques de d\u00e9verrouillage<\/h2>\n<p>Les v\u00e9rins pneumatiques de d\u00e9verrouillage se d\u00e9clinent en diff\u00e9rents types, chacun con\u00e7u pour des applications et des exigences op\u00e9rationnelles sp\u00e9cifiques. Voici les types les plus courants\u00a0:<\/p>\n<h4>1. <strong>Cylindre de d\u00e9verrouillage pneumatique \u00e0 simple effet<\/strong><\/h4>\n<ul>\n<li><strong>Description<\/strong>Un v\u00e9rin pneumatique \u00e0 simple effet fonctionne gr\u00e2ce \u00e0 la pression d'air appliqu\u00e9e d'un seul c\u00f4t\u00e9 du piston. Le retour est g\u00e9n\u00e9ralement assur\u00e9 par un ressort ou une force ext\u00e9rieure.<\/li>\n<li><strong>Application<\/strong>: Courant dans les syst\u00e8mes plus simples o\u00f9 une force de desserrage est requise dans une seule direction, et o\u00f9 la course de retour peut \u00eatre assist\u00e9e par un ressort.<\/li>\n<li><strong>Avantages<\/strong>:\n<ul>\n<li>rentable<\/li>\n<li>Conception simple et facile d'entretien<\/li>\n<li>N\u00e9cessite une consommation d'air moindre<\/li>\n<\/ul>\n<\/li>\n<\/ul>\n<h4>2. <strong>Cylindre de d\u00e9verrouillage pneumatique \u00e0 double effet<\/strong><\/h4>\n<ul>\n<li><strong>Description<\/strong>Dans un v\u00e9rin pneumatique \u00e0 double effet, la pression d'air est appliqu\u00e9e des deux c\u00f4t\u00e9s du piston pour les actions de serrage et de desserrage, ce qui permet un meilleur contr\u00f4le du mouvement du v\u00e9rin.<\/li>\n<li><strong>Application<\/strong>Id\u00e9al pour les applications n\u00e9cessitant une force plus \u00e9lev\u00e9e et un contr\u00f4le plus pr\u00e9cis du processus de desserrage, comme dans les lignes de production automatis\u00e9es ou les syst\u00e8mes robotis\u00e9s.<\/li>\n<li><strong>Avantages<\/strong>:\n<ul>\n<li>Force accrue et temps de r\u00e9ponse plus rapide<\/li>\n<li>Contr\u00f4le pr\u00e9cis des actions de serrage et de desserrage<\/li>\n<li>Peut \u00eatre utilis\u00e9 pour des applications plus complexes<\/li>\n<\/ul>\n<\/li>\n<\/ul>\n<h4>3. <strong>Cylindre de d\u00e9verrouillage pneumatique rotatif<\/strong><\/h4>\n<ul>\n<li><strong>Description<\/strong>Ce type de v\u00e9rin est con\u00e7u pour les applications n\u00e9cessitant un mouvement de rotation en plus d'un mouvement lin\u00e9aire. Il est dot\u00e9 d'un actionneur rotatif associ\u00e9 \u00e0 un m\u00e9canisme de d\u00e9verrouillage pneumatique.<\/li>\n<li><strong>Application<\/strong>: Souvent utilis\u00e9 dans les dispositifs ou machines automatis\u00e9s o\u00f9 le syst\u00e8me de serrage doit pivoter avant ou apr\u00e8s le desserrage.<\/li>\n<li><strong>Avantages<\/strong>:\n<ul>\n<li>Offre \u00e0 la fois un mouvement de rotation et un mouvement lin\u00e9aire<\/li>\n<li>Peut effectuer des t\u00e2ches complexes telles que le tournage de pi\u00e8ces ou de dispositifs de fixation apr\u00e8s desserrage.<\/li>\n<\/ul>\n<\/li>\n<\/ul>\n<h4>4. <strong>Cylindre de d\u00e9verrouillage pneumatique compact<\/strong><\/h4>\n<ul>\n<li><strong>Description<\/strong>Ces v\u00e9rins, plus petits et plus compacts, conservent une force de pouss\u00e9e \u00e9lev\u00e9e. Ils conviennent aux espaces restreints o\u00f9 les v\u00e9rins traditionnels ne peuvent pas \u00eatre install\u00e9s.<\/li>\n<li><strong>Application<\/strong>Utilis\u00e9 dans les applications o\u00f9 l'espace est limit\u00e9 mais o\u00f9 une force de desserrage importante est tout de m\u00eame requise, comme dans les syst\u00e8mes d'automatisation \u00e0 petite \u00e9chelle ou les machines dont l'espace d'installation est restreint.<\/li>\n<li><strong>Avantages<\/strong>:\n<ul>\n<li>Conception compacte<\/li>\n<li>Des performances \u00e9lev\u00e9es dans un format compact<\/li>\n<\/ul>\n<\/li>\n<\/ul>\n<h4>5. <strong>Cylindre de d\u00e9verrouillage pneumatique \u00e0 double tige<\/strong><\/h4>\n<ul>\n<li><strong>Description<\/strong>Ce type de cylindre comporte des tiges de chaque c\u00f4t\u00e9 du piston, permettant une r\u00e9partition des forces plus \u00e9quilibr\u00e9e et un mouvement plus uniforme lors du desserrage et du serrage.<\/li>\n<li><strong>Application<\/strong>Id\u00e9al pour les applications exigeant une grande stabilit\u00e9, une grande pr\u00e9cision et un mouvement \u00e9quilibr\u00e9, comme dans les machines de haute pr\u00e9cision et la robotique.<\/li>\n<li><strong>Avantages<\/strong>:\n<ul>\n<li>Stabilit\u00e9 accrue et meilleure r\u00e9partition de la charge<\/li>\n<li>Adapt\u00e9 aux applications de haute pr\u00e9cision<\/li>\n<\/ul>\n<\/li>\n<\/ul>\n<ul>\n<li style=\"list-style-type: none;\"><\/li>\n<\/ul>\n<p>Chaque type de v\u00e9rin pneumatique de desserrage r\u00e9pond \u00e0 un besoin sp\u00e9cifique en fonction des exigences de l'application, des contraintes d'espace, de la force requise et de la pr\u00e9cision n\u00e9cessaire. Choisir le v\u00e9rin pneumatique de desserrage adapt\u00e9 garantit des performances et une efficacit\u00e9 optimales dans les syst\u00e8mes automatis\u00e9s et m\u00e9caniques.<\/p>\n<h2>\u00c0 propos de FMP<\/h2>\n<p>FMP est un fabricant professionnel sp\u00e9cialis\u00e9 dans la production de composants m\u00e9caniques. Nos principaux produits comprennent des r\u00e9ducteurs \u00e0 vis sans fin, des pignons, des bagues coniques, des cr\u00e9maill\u00e8res, des accouplements et d'autres pi\u00e8ces de transmission. Fortement orient\u00e9 vers l'exportation, plus de 651\u00a0TP4T de nos produits sont exp\u00e9di\u00e9s vers les march\u00e9s europ\u00e9ens, notamment l'Allemagne, le Royaume-Uni et la France, pour un volume d'exportation annuel de 18 millions de TP5T. Notre valeur de production annuelle totale atteint 200 millions de RMB.<\/p>\n<p>Tous les produits FMP sont fabriqu\u00e9s conform\u00e9ment aux normes industrielles internationales, europ\u00e9ennes et am\u00e9ricaines. Nous utilisons des \u00e9quipements d'usinage de pr\u00e9cision et de haute qualit\u00e9, mettons en \u0153uvre des processus de production rigoureusement planifi\u00e9s et appliquons un syst\u00e8me de gestion efficace et flexible. Notre syst\u00e8me de gestion de la qualit\u00e9 complet garantit une excellente qualit\u00e9 des produits et des prix comp\u00e9titifs.<\/p>\n<p>FMP s'appuie sur les principes fondamentaux suivants\u00a0: \u00ab\u00a0La qualit\u00e9, fondement de la p\u00e9rennit\u00e9 des entreprises, l'int\u00e9grit\u00e9, moteur du d\u00e9veloppement, le service, source de croissance, et l'accessibilit\u00e9, cl\u00e9 de la r\u00e9ussite.\u00a0\u00bb Nous accueillons une client\u00e8le nationale et internationale et sommes impatients de collaborer pour une croissance et une r\u00e9ussite communes.<\/p>\n<\/div>\n<\/div>\n<\/div>\n<\/div>\n<p><img loading=\"lazy\" decoding=\"async\" class=\"alignnone  wp-image-3563\" src=\"https:\/\/fmp-components.com\/wp-content\/uploads\/2025\/01\/company-2.webp\" alt=\"entreprise\" width=\"873\" height=\"790\" title=\"\" srcset=\"https:\/\/fmp-components.com\/wp-content\/uploads\/2025\/01\/company-2.webp 873w, https:\/\/fmp-components.com\/wp-content\/uploads\/2025\/01\/company-2-480x435.webp 480w\" sizes=\"(min-width: 0px) and (max-width: 480px) 480px, (min-width: 481px) 873px, 100vw\" \/> <img loading=\"lazy\" decoding=\"async\" class=\"alignnone  wp-image-3564\" src=\"https:\/\/fmp-components.com\/wp-content\/uploads\/2025\/01\/company-3.webp\" alt=\"entreprise\" width=\"873\" height=\"776\" title=\"\" srcset=\"https:\/\/fmp-components.com\/wp-content\/uploads\/2025\/01\/company-3.webp 873w, https:\/\/fmp-components.com\/wp-content\/uploads\/2025\/01\/company-3-480x427.webp 480w\" sizes=\"(min-width: 0px) and (max-width: 480px) 480px, (min-width: 481px) 873px, 100vw\" \/> <img loading=\"lazy\" decoding=\"async\" class=\"alignnone  wp-image-3565\" src=\"https:\/\/fmp-components.com\/wp-content\/uploads\/2025\/01\/company-1.webp\" alt=\"entreprise\" width=\"877\" height=\"225\" title=\"\" srcset=\"https:\/\/fmp-components.com\/wp-content\/uploads\/2025\/01\/company-1.webp 877w, https:\/\/fmp-components.com\/wp-content\/uploads\/2025\/01\/company-1-480x123.webp 480w\" sizes=\"(min-width: 0px) and (max-width: 480px) 480px, (min-width: 481px) 877px, 100vw\" \/><\/p>\n<p>Auteur : CX<\/p>","protected":false},"excerpt":{"rendered":"<p>Pneumatic Unclamp Cylinder \u2013 Product Introduction The Pneumatic Unclamp Cylinder is a specialized component designed for use in various industrial applications where automated unclamping is necessary. This type of cylinder utilizes compressed air to provide the force required to release clamping mechanisms, ensuring smooth operation and high efficiency in mechanical systems. Key Features: Pneumatic Actuation: [&hellip;]<\/p>","protected":false},"featured_media":3567,"comment_status":"open","ping_status":"closed","template":"","meta":{"_et_pb_use_builder":"","_et_pb_old_content":"","_et_gb_content_width":""},"product_brand":[],"product_cat":[89],"product_tag":[],"class_list":{"0":"post-3561","1":"product","2":"type-product","3":"status-publish","4":"has-post-thumbnail","6":"product_cat-spindle-motor","8":"first","9":"instock","10":"shipping-taxable","11":"product-type-simple"},"_links":{"self":[{"href":"https:\/\/fmp-components.com\/fr\/wp-json\/wp\/v2\/product\/3561","targetHints":{"allow":["GET"]}}],"collection":[{"href":"https:\/\/fmp-components.com\/fr\/wp-json\/wp\/v2\/product"}],"about":[{"href":"https:\/\/fmp-components.com\/fr\/wp-json\/wp\/v2\/types\/product"}],"replies":[{"embeddable":true,"href":"https:\/\/fmp-components.com\/fr\/wp-json\/wp\/v2\/comments?post=3561"}],"wp:featuredmedia":[{"embeddable":true,"href":"https:\/\/fmp-components.com\/fr\/wp-json\/wp\/v2\/media\/3567"}],"wp:attachment":[{"href":"https:\/\/fmp-components.com\/fr\/wp-json\/wp\/v2\/media?parent=3561"}],"wp:term":[{"taxonomy":"product_brand","embeddable":true,"href":"https:\/\/fmp-components.com\/fr\/wp-json\/wp\/v2\/product_brand?post=3561"},{"taxonomy":"product_cat","embeddable":true,"href":"https:\/\/fmp-components.com\/fr\/wp-json\/wp\/v2\/product_cat?post=3561"},{"taxonomy":"product_tag","embeddable":true,"href":"https:\/\/fmp-components.com\/fr\/wp-json\/wp\/v2\/product_tag?post=3561"}],"curies":[{"name":"wp","href":"https:\/\/api.w.org\/{rel}","templated":true}]}}