{"id":3558,"date":"2025-01-08T05:55:51","date_gmt":"2025-01-08T05:55:51","guid":{"rendered":"https:\/\/fmp-components.com\/?page_id=8"},"modified":"2025-01-08T05:55:51","modified_gmt":"2025-01-08T05:55:51","slug":"iec-stainless-steel-motor-b3-foot-mounted-tenv","status":"publish","type":"product","link":"https:\/\/fmp-components.com\/fr\/product\/iec-stainless-steel-motor-b3-foot-mounted-tenv\/","title":{"rendered":"Moteur en acier inoxydable IEC B3 mont\u00e9 sur pied - TENV"},"content":{"rendered":"<p><img loading=\"lazy\" decoding=\"async\" class=\"alignnone  wp-image-3560\" src=\"https:\/\/fmp-components.com\/wp-content\/uploads\/2025\/01\/fmp_2.stainless-steel-motor-2.webp\" alt=\"fmp_2.moteur-acier-inoxydable-2\" width=\"910\" height=\"450\" title=\"\" srcset=\"https:\/\/fmp-components.com\/wp-content\/uploads\/2025\/01\/fmp_2.stainless-steel-motor-2.webp 910w, https:\/\/fmp-components.com\/wp-content\/uploads\/2025\/01\/fmp_2.stainless-steel-motor-2-480x237.webp 480w\" sizes=\"(min-width: 0px) and (max-width: 480px) 480px, (min-width: 481px) 910px, 100vw\" \/><\/p>\n<table style=\"width: 98.5196%;\" border=\"1\">\n<tbody>\n<tr>\n<td style=\"width: 14.0541%;\">Type de cadre<\/td>\n<td style=\"width: 7.02703%;\">Polonais<\/td>\n<td style=\"width: 4.86486%;\">UN<\/td>\n<td style=\"width: 5.58559%;\">A\/2<\/td>\n<td style=\"width: 4.86486%;\">B<\/td>\n<td style=\"width: 3.42342%;\">C<\/td>\n<td style=\"width: 3.42342%;\">D<\/td>\n<td style=\"width: 3.42342%;\">E<\/td>\n<td style=\"width: 3.42342%;\">F<\/td>\n<td style=\"width: 5.58559%;\">G<\/td>\n<td style=\"width: 3.42342%;\">H<\/td>\n<td style=\"width: 3.42342%;\">K<\/td>\n<td style=\"width: 4.86486%;\">P<\/td>\n<td style=\"width: 12.4324%;\">Trou d'arbre<\/td>\n<td style=\"width: 4.86486%;\">AB<\/td>\n<td style=\"width: 4.86486%;\">CA<\/td>\n<td style=\"width: 68.8288%;\">ANNONCE<\/td>\n<\/tr>\n<tr>\n<td style=\"width: 14.0541%;\">63<\/td>\n<td style=\"width: 7.02703%;\">2, 4<\/td>\n<td style=\"width: 4.86486%;\">100<\/td>\n<td style=\"width: 5.58559%;\">50<\/td>\n<td style=\"width: 4.86486%;\">80<\/td>\n<td style=\"width: 3.42342%;\">40<\/td>\n<td style=\"width: 3.42342%;\">11<\/td>\n<td style=\"width: 3.42342%;\">23<\/td>\n<td style=\"width: 3.42342%;\">23<\/td>\n<td style=\"width: 5.58559%;\">8.5<\/td>\n<td style=\"width: 3.42342%;\">63<\/td>\n<td style=\"width: 3.42342%;\">7<\/td>\n<td style=\"width: 4.86486%;\">114<\/td>\n<td style=\"width: 12.4324%;\">M4<\/td>\n<td style=\"width: 4.86486%;\">125<\/td>\n<td style=\"width: 4.86486%;\">114<\/td>\n<td style=\"width: 68.8288%;\">117<\/td>\n<\/tr>\n<tr>\n<td style=\"width: 14.0541%;\">71<\/td>\n<td style=\"width: 7.02703%;\">2,4,6<\/td>\n<td style=\"width: 4.86486%;\">112<\/td>\n<td style=\"width: 5.58559%;\">56<\/td>\n<td style=\"width: 4.86486%;\">90<\/td>\n<td style=\"width: 3.42342%;\">45<\/td>\n<td style=\"width: 3.42342%;\">14<\/td>\n<td style=\"width: 3.42342%;\">30<\/td>\n<td style=\"width: 3.42342%;\">30<\/td>\n<td style=\"width: 5.58559%;\">11<\/td>\n<td style=\"width: 3.42342%;\">71<\/td>\n<td style=\"width: 3.42342%;\">7<\/td>\n<td style=\"width: 4.86486%;\">134<\/td>\n<td style=\"width: 12.4324%;\">M5<\/td>\n<td style=\"width: 4.86486%;\">140<\/td>\n<td style=\"width: 4.86486%;\">134<\/td>\n<td style=\"width: 68.8288%;\">129<\/td>\n<\/tr>\n<tr>\n<td style=\"width: 14.0541%;\">80<\/td>\n<td style=\"width: 7.02703%;\"><\/td>\n<td style=\"width: 4.86486%;\">125<\/td>\n<td style=\"width: 5.58559%;\">62.5<\/td>\n<td style=\"width: 4.86486%;\">100<\/td>\n<td style=\"width: 3.42342%;\">50<\/td>\n<td style=\"width: 3.42342%;\">19<\/td>\n<td style=\"width: 3.42342%;\">40<\/td>\n<td style=\"width: 3.42342%;\">40<\/td>\n<td style=\"width: 5.58559%;\">15.5<\/td>\n<td style=\"width: 3.42342%;\">80<\/td>\n<td style=\"width: 3.42342%;\">10<\/td>\n<td style=\"width: 4.86486%;\">144<\/td>\n<td style=\"width: 12.4324%;\">M6<\/td>\n<td style=\"width: 4.86486%;\">150<\/td>\n<td style=\"width: 4.86486%;\">144<\/td>\n<td style=\"width: 68.8288%;\">135<\/td>\n<\/tr>\n<tr>\n<td style=\"width: 14.0541%;\">Ann\u00e9es 90<\/td>\n<td style=\"width: 7.02703%;\"><\/td>\n<td style=\"width: 4.86486%;\">140<\/td>\n<td style=\"width: 5.58559%;\">70<\/td>\n<td style=\"width: 4.86486%;\">100<\/td>\n<td style=\"width: 3.42342%;\">56<\/td>\n<td style=\"width: 3.42342%;\">24<\/td>\n<td style=\"width: 3.42342%;\">50<\/td>\n<td style=\"width: 3.42342%;\">50<\/td>\n<td style=\"width: 5.58559%;\">20<\/td>\n<td style=\"width: 3.42342%;\">90<\/td>\n<td style=\"width: 3.42342%;\">9<\/td>\n<td style=\"width: 4.86486%;\">164<\/td>\n<td style=\"width: 12.4324%;\">M8<\/td>\n<td style=\"width: 4.86486%;\">164<\/td>\n<td style=\"width: 4.86486%;\">164<\/td>\n<td style=\"width: 68.8288%;\">147<\/td>\n<\/tr>\n<\/tbody>\n<\/table>\n<h2>Sp\u00e9cifications du moteur en acier inoxydable IEC<\/h2>\n<table style=\"width: 98.4738%;\" border=\"1\">\n<tbody>\n<tr>\n<td style=\"width: 14.4262%;\">Cadre<\/td>\n<td style=\"width: 24.918%;\">KW<\/td>\n<td style=\"width: 46.8852%;\">Montage<\/td>\n<td style=\"width: 209.18%;\">propri\u00e9t\u00e9 intellectuelle<\/td>\n<\/tr>\n<tr>\n<td style=\"width: 14.4262%;\">63<\/td>\n<td style=\"width: 24.918%;\">0.18<\/td>\n<td style=\"width: 46.8852%;\" rowspan=\"7\">B3, B5, B14, B34, B35<\/td>\n<td style=\"width: 209.18%;\" rowspan=\"7\">IP55<\/td>\n<\/tr>\n<tr>\n<td style=\"width: 14.4262%;\">71<\/td>\n<td style=\"width: 24.918%;\">0,25, 0,37<\/td>\n<\/tr>\n<tr>\n<td style=\"width: 14.4262%;\">80<\/td>\n<td style=\"width: 24.918%;\">0,55, 0,75<\/td>\n<\/tr>\n<tr>\n<td style=\"width: 14.4262%;\">90<\/td>\n<td style=\"width: 24.918%;\">1.1, 1.5<\/td>\n<\/tr>\n<tr>\n<td style=\"width: 14.4262%;\">100<\/td>\n<td style=\"width: 24.918%;\">2.2, 3.0<\/td>\n<\/tr>\n<tr>\n<td style=\"width: 14.4262%;\">112<\/td>\n<td style=\"width: 24.918%;\">4.0<\/td>\n<\/tr>\n<tr>\n<td style=\"width: 14.4262%;\">1332<\/td>\n<td style=\"width: 24.918%;\">5,5, 7,5<\/td>\n<\/tr>\n<\/tbody>\n<\/table>\n<p>Il est \u00e9galement disponible si vous avez des exigences particuli\u00e8res pour le moteur.<\/p>\n<h2>Caract\u00e9ristiques du moteur IEC en acier inoxydable<\/h2>\n<p>Servomoteur en acier inoxydable, couple statique de 0,45 \u00e0 20 Nm, couple de pointe de 64 Nm<br \/>\nservomoteur r\u00e9ducteur en acier inoxydable avec engrenage plan\u00e9taire ou conique<br \/>\nLe bo\u00eetier est en acier inoxydable V2a 1.4301 (AISI 304) ou V4A 1.4404 (AISI 316L) ou en aluminium anodis\u00e9.<br \/>\nInstallation en surface et \u00e0 bride (imb5, IMB14)<br \/>\nIndice de protection jusqu'\u00e0 IP66K \/ IP69K en conditions de rin\u00e7age<br \/>\nLarge plage de r\u00e9gulation de vitesse<br \/>\nCertification UL\/CSA<br \/>\nLa certification EHEDG est en cours (pr\u00e9vue pour 2022).<br \/>\nRetour d'information via un r\u00e9solveur ou une pr\u00e9face, EnDat ou un encodeur de clip de lecteur<br \/>\nTechnologie \u00e0 c\u00e2ble unique (OCT)<br \/>\nOptions de freinage<br \/>\nservomoteur \u00e0 courant alternatif, servomoteur \u00e0 courant continu et moteur asynchrone \u00e0 courant alternatif<br \/>\nservomoteur d\u00e9centralis\u00e9 avec contr\u00f4leur de servo int\u00e9gr\u00e9<br \/>\nLivr\u00e9 avec servocontr\u00f4leur ou convertisseur de fr\u00e9quence<br \/>\nConception personnalis\u00e9e<\/p>\n<h2>Moteur en acier inoxydable associ\u00e9<\/h2>\n<table style=\"width: 100%;\" border=\"1\" width=\"100%\" cellspacing=\"0\" cellpadding=\"0\">\n<tbody>\n<tr>\n<td style=\"width: 26.8899%;\" align=\"right\" width=\"64\" height=\"18\"><img loading=\"lazy\" decoding=\"async\" class=\"alignnone size-full wp-image-3507\" src=\"https:\/\/fmp-components.com\/wp-content\/uploads\/2025\/01\/ep_stainless-steel-motor-1.webp\" sizes=\"(max-width: 379px) 100vw, 379px\" srcset=\"https:\/\/fmp-components.com\/wp-content\/uploads\/2025\/01\/ep_stainless-steel-motor-1.webp 379w, https:\/\/fmp-components.com\/wp-content\/uploads\/2025\/01\/ep_stainless-steel-motor-1-300x200.webp 300w, https:\/\/fmp-components.com\/wp-content\/uploads\/2025\/01\/ep_stainless-steel-motor-1-18x12.webp 18w\" alt=\"moteur en acier inoxydable\" width=\"379\" height=\"253\" title=\"\"><\/td>\n<td style=\"width: 26.9977%;\" align=\"right\" width=\"64\"><img loading=\"lazy\" decoding=\"async\" class=\"alignnone size-full wp-image-3508\" src=\"https:\/\/fmp-components.com\/wp-content\/uploads\/2025\/01\/ep_stainless-steel-motor-2-2.webp\" sizes=\"(max-width: 379px) 100vw, 379px\" srcset=\"https:\/\/fmp-components.com\/wp-content\/uploads\/2025\/01\/ep_stainless-steel-motor-2-2.webp 379w, https:\/\/fmp-components.com\/wp-content\/uploads\/2025\/01\/ep_stainless-steel-motor-2-2-300x200.webp 300w, https:\/\/fmp-components.com\/wp-content\/uploads\/2025\/01\/ep_stainless-steel-motor-2-2-18x12.webp 18w\" alt=\"moteur en acier inoxydable\" width=\"379\" height=\"253\" title=\"\"><\/td>\n<td style=\"width: 23.2182%;\" align=\"right\" width=\"64\"><img loading=\"lazy\" decoding=\"async\" class=\"alignnone size-full wp-image-3509\" src=\"https:\/\/fmp-components.com\/wp-content\/uploads\/2025\/01\/ep_stainless-steel-motor-6.webp\" sizes=\"(max-width: 379px) 100vw, 379px\" srcset=\"https:\/\/fmp-components.com\/wp-content\/uploads\/2025\/01\/ep_stainless-steel-motor-6.webp 379w, https:\/\/fmp-components.com\/wp-content\/uploads\/2025\/01\/ep_stainless-steel-motor-6-300x200.webp 300w, https:\/\/fmp-components.com\/wp-content\/uploads\/2025\/01\/ep_stainless-steel-motor-6-18x12.webp 18w\" alt=\"moteur en acier inoxydable\" width=\"379\" height=\"253\" title=\"\"><\/td>\n<td style=\"width: 22.6782%;\" align=\"right\" width=\"64\"><img loading=\"lazy\" decoding=\"async\" class=\"alignnone size-full wp-image-3510\" src=\"https:\/\/fmp-components.com\/wp-content\/uploads\/2025\/01\/ep_stainless-steel-motor-300x200-1.webp\" sizes=\"(max-width: 300px) 100vw, 300px\" srcset=\"https:\/\/fmp-components.com\/wp-content\/uploads\/2025\/01\/ep_stainless-steel-motor-300x200-1.webp 300w, https:\/\/fmp-components.com\/wp-content\/uploads\/2025\/01\/ep_stainless-steel-motor-300x200-1-18x12.webp 18w\" alt=\"moteur en acier inoxydable\" width=\"300\" height=\"200\" title=\"\"><\/td>\n<\/tr>\n<tr>\n<td style=\"width: 26.8899%;\" align=\"right\" height=\"18\">Moteur \u00e0 aimant permanent en acier inoxydable<\/td>\n<td style=\"width: 26.9977%;\" align=\"right\">Moteur en acier inoxydable refroidi par eau<\/td>\n<td style=\"width: 23.2182%;\" align=\"right\">Moteur \u00e9lectrique pour l&#039;industrie alimentaire<\/td>\n<td style=\"width: 22.6782%;\" align=\"right\">Moteur en acier inoxydable<\/td>\n<\/tr>\n<tr>\n<td style=\"width: 26.8899%;\" align=\"right\" height=\"18\"><img loading=\"lazy\" decoding=\"async\" class=\"alignnone size-full wp-image-3511\" src=\"https:\/\/fmp-components.com\/wp-content\/uploads\/2025\/01\/ep_stainless-steel-motor-4.webp\" sizes=\"(max-width: 379px) 100vw, 379px\" srcset=\"https:\/\/fmp-components.com\/wp-content\/uploads\/2025\/01\/ep_stainless-steel-motor-4.webp 379w, https:\/\/fmp-components.com\/wp-content\/uploads\/2025\/01\/ep_stainless-steel-motor-4-300x200.webp 300w, https:\/\/fmp-components.com\/wp-content\/uploads\/2025\/01\/ep_stainless-steel-motor-4-18x12.webp 18w\" alt=\"moteur en acier inoxydable\" width=\"379\" height=\"253\" title=\"\"><\/td>\n<td style=\"width: 26.9977%;\" align=\"right\"><img loading=\"lazy\" decoding=\"async\" class=\"alignnone size-full wp-image-3512\" src=\"https:\/\/fmp-components.com\/wp-content\/uploads\/2025\/01\/ep_stainless-steel-motor-3.webp\" sizes=\"(max-width: 379px) 100vw, 379px\" srcset=\"https:\/\/fmp-components.com\/wp-content\/uploads\/2025\/01\/ep_stainless-steel-motor-3.webp 379w, https:\/\/fmp-components.com\/wp-content\/uploads\/2025\/01\/ep_stainless-steel-motor-3-300x200.webp 300w, https:\/\/fmp-components.com\/wp-content\/uploads\/2025\/01\/ep_stainless-steel-motor-3-18x12.webp 18w\" alt=\"moteur en acier inoxydable\" width=\"379\" height=\"253\" title=\"\"><\/td>\n<td style=\"width: 23.2182%;\" align=\"right\"><img loading=\"lazy\" decoding=\"async\" class=\"alignnone size-full wp-image-3513\" src=\"https:\/\/fmp-components.com\/wp-content\/uploads\/2025\/01\/ep_stainless-steel-motor-5.webp\" sizes=\"(max-width: 379px) 100vw, 379px\" srcset=\"https:\/\/fmp-components.com\/wp-content\/uploads\/2025\/01\/ep_stainless-steel-motor-5.webp 379w, https:\/\/fmp-components.com\/wp-content\/uploads\/2025\/01\/ep_stainless-steel-motor-5-300x200.webp 300w, https:\/\/fmp-components.com\/wp-content\/uploads\/2025\/01\/ep_stainless-steel-motor-5-18x12.webp 18w\" alt=\"moteur en acier inoxydable\" width=\"379\" height=\"253\" title=\"\"><\/td>\n<td style=\"width: 22.6782%;\" align=\"right\"><img loading=\"lazy\" decoding=\"async\" class=\"alignnone size-full wp-image-3514\" src=\"https:\/\/fmp-components.com\/wp-content\/uploads\/2025\/01\/ep_stainless-steel-motor-6-1.webp\" sizes=\"(max-width: 379px) 100vw, 379px\" srcset=\"https:\/\/fmp-components.com\/wp-content\/uploads\/2025\/01\/ep_stainless-steel-motor-6-1.webp 379w, https:\/\/fmp-components.com\/wp-content\/uploads\/2025\/01\/ep_stainless-steel-motor-6-1-300x200.webp 300w, https:\/\/fmp-components.com\/wp-content\/uploads\/2025\/01\/ep_stainless-steel-motor-6-1-18x12.webp 18w\" alt=\"moteur en acier inoxydable\" width=\"379\" height=\"253\" title=\"\"><\/td>\n<\/tr>\n<tr>\n<td style=\"width: 26.8899%;\" align=\"right\" height=\"18\">Moteur \u00e0 courant alternatif pour machines alimentaires \u00e9mulsifi\u00e9es IEC<\/td>\n<td style=\"width: 26.9977%;\" align=\"right\">Moteur asynchrone NEMA 56C<\/td>\n<td style=\"width: 23.2182%;\" align=\"right\">Moteur \u00e0 courant alternatif en acier inoxydable IEC<\/td>\n<td style=\"width: 22.6782%;\">Moteur IEC \u00e0 haut rendement enti\u00e8rement en acier inoxydable<\/td>\n<\/tr>\n<tr>\n<td style=\"width: 26.8899%;\" align=\"right\" width=\"64\" height=\"18\"><img loading=\"lazy\" decoding=\"async\" class=\"alignnone size-full wp-image-3515\" src=\"https:\/\/fmp-components.com\/wp-content\/uploads\/2025\/01\/ep_stainless-steel-motor-2.webp\" sizes=\"(max-width: 379px) 100vw, 379px\" srcset=\"https:\/\/fmp-components.com\/wp-content\/uploads\/2025\/01\/ep_stainless-steel-motor-2.webp 379w, https:\/\/fmp-components.com\/wp-content\/uploads\/2025\/01\/ep_stainless-steel-motor-2-300x200.webp 300w, https:\/\/fmp-components.com\/wp-content\/uploads\/2025\/01\/ep_stainless-steel-motor-2-18x12.webp 18w\" alt=\"moteur en acier inoxydable\" width=\"379\" height=\"253\" title=\"\"><\/td>\n<td style=\"width: 26.9977%;\" align=\"right\" width=\"64\"><img loading=\"lazy\" decoding=\"async\" class=\"alignnone size-full wp-image-3516\" src=\"https:\/\/fmp-components.com\/wp-content\/uploads\/2025\/01\/ep_stainless-steel-motor-8.webp\" sizes=\"(max-width: 379px) 100vw, 379px\" srcset=\"https:\/\/fmp-components.com\/wp-content\/uploads\/2025\/01\/ep_stainless-steel-motor-8.webp 379w, https:\/\/fmp-components.com\/wp-content\/uploads\/2025\/01\/ep_stainless-steel-motor-8-300x200.webp 300w, https:\/\/fmp-components.com\/wp-content\/uploads\/2025\/01\/ep_stainless-steel-motor-8-18x12.webp 18w\" alt=\"moteur en acier inoxydable\" width=\"379\" height=\"253\" title=\"\"><\/td>\n<td style=\"width: 23.2182%;\" align=\"right\" width=\"64\"><img loading=\"lazy\" decoding=\"async\" class=\"alignnone size-full wp-image-3517\" src=\"https:\/\/fmp-components.com\/wp-content\/uploads\/2025\/01\/ep_stainless-steel-motor-7.webp\" sizes=\"(max-width: 379px) 100vw, 379px\" srcset=\"https:\/\/fmp-components.com\/wp-content\/uploads\/2025\/01\/ep_stainless-steel-motor-7.webp 379w, https:\/\/fmp-components.com\/wp-content\/uploads\/2025\/01\/ep_stainless-steel-motor-7-300x200.webp 300w, https:\/\/fmp-components.com\/wp-content\/uploads\/2025\/01\/ep_stainless-steel-motor-7-18x12.webp 18w\" alt=\"moteur en acier inoxydable\" width=\"379\" height=\"253\" title=\"\"><\/td>\n<td style=\"width: 22.6782%;\" align=\"right\" width=\"64\"><\/td>\n<\/tr>\n<tr>\n<td style=\"width: 26.8899%;\" align=\"right\" height=\"18\">Moteur pour \u00e9quipement d&#039;\u00e9pilation de poulets et de canards<\/td>\n<td style=\"width: 26.9977%;\" align=\"right\">Moteur en acier inoxydable de qualit\u00e9 alimentaire NEMA<\/td>\n<td style=\"width: 23.2182%;\" align=\"right\">Moteur en acier inoxydable IEC de qualit\u00e9 alimentaire<\/td>\n<td style=\"width: 22.6782%;\" align=\"right\"><\/td>\n<\/tr>\n<\/tbody>\n<\/table>\n<h2>\u00c0 propos de FMP<\/h2>\n<p>FMP est une entreprise nationale de haute technologie sp\u00e9cialis\u00e9e dans la conception, le d\u00e9veloppement et la production de moteurs et de solutions \u00e9lectrom\u00e9caniques de pointe. Nous produisons principalement les moteurs des s\u00e9ries YE2, YE3 et YE4, ainsi qu&#039;une gamme de produits d\u00e9riv\u00e9s. Notre gamme comprend \u00e9galement des moteurs triphas\u00e9s et monophas\u00e9s pour pompes hydrauliques, des moteurs \u00e0 carter en aluminium, des moteurs non standard pour pompes hydrauliques, des r\u00e9ducteurs de turbine \u00e0 int\u00e9gration \u00e9lectrom\u00e9canique et d&#039;autres moteurs sp\u00e9cialis\u00e9s.<\/p>\n<p>Les produits FMP sont largement utilis\u00e9s dans l&#039;automatisation industrielle, au service de secteurs cl\u00e9s tels que les tours CNC, les machines de fabrication de chaussures, les machines \u00e0 bois, les machines \u00e0 m\u00e9taux, les machines pour le plastique et les engins de chantier. Forte de son engagement envers l&#039;innovation et la qualit\u00e9, FMP garantit que tous ses produits r\u00e9pondent aux normes de performance les plus strictes.<\/p>\n<p>Outre notre gamme compl\u00e8te de produits, nous sommes fiers de proposer des solutions sur mesure adapt\u00e9es aux besoins sp\u00e9cifiques de nos clients. Que vous ayez besoin de moteurs sp\u00e9cialis\u00e9s, de produits non standard ou de syst\u00e8mes int\u00e9gr\u00e9s, FMP travaille en \u00e9troite collaboration avec ses clients pour leur fournir des solutions sur mesure de haute qualit\u00e9. Notre priorit\u00e9 accord\u00e9e \u00e0 l&#039;ing\u00e9nierie de pr\u00e9cision et \u00e0 la satisfaction client est le moteur de notre succ\u00e8s continu sur les march\u00e9s mondiaux.<\/p>\n<p>Chez FMP, nous nous engageons \u00e0 \u00e9tablir des partenariats \u00e0 long terme et mutuellement b\u00e9n\u00e9fiques, soutenant le succ\u00e8s de nos clients \u00e0 chaque projet.<\/p>\n<table style=\"width: 100.629%;\" border=\"0\" width=\"128\" cellspacing=\"0\" cellpadding=\"0\">\n<tbody>\n<tr>\n<td style=\"width: 49.2308%;\" align=\"right\" width=\"64\" height=\"18\"><img loading=\"lazy\" decoding=\"async\" class=\"alignnone size-full wp-image-3398\" src=\"https:\/\/fmp-components.com\/wp-content\/uploads\/2025\/01\/Three-Phase-Motor-Factory.webp\" sizes=\"(min-width: 0px) and (max-width: 480px) 480px, (min-width: 481px) 900px, 100vw\" srcset=\"https:\/\/fmp-components.com\/wp-content\/uploads\/2025\/01\/Three-Phase-Motor-Factory.webp 900w, https:\/\/fmp-components.com\/wp-content\/uploads\/2025\/01\/Three-Phase-Motor-Factory-480x320.webp 480w\" alt=\"Usine de moteurs triphas\u00e9s\" width=\"900\" height=\"600\" title=\"\"><\/td>\n<td style=\"width: 659.231%;\" align=\"right\" width=\"64\"><img loading=\"lazy\" decoding=\"async\" class=\"alignnone size-full wp-image-3399\" src=\"https:\/\/fmp-components.com\/wp-content\/uploads\/2025\/01\/Three-Phase-Motor-Factory-2.webp\" sizes=\"(min-width: 0px) and (max-width: 480px) 480px, (min-width: 481px) 900px, 100vw\" srcset=\"https:\/\/fmp-components.com\/wp-content\/uploads\/2025\/01\/Three-Phase-Motor-Factory-2.webp 900w, https:\/\/fmp-components.com\/wp-content\/uploads\/2025\/01\/Three-Phase-Motor-Factory-2-480x320.webp 480w\" alt=\"Usine de moteurs triphas\u00e9s 2\" width=\"900\" height=\"600\" title=\"\"><\/td>\n<\/tr>\n<tr>\n<td style=\"width: 49.2308%;\" align=\"right\" height=\"18\"><img loading=\"lazy\" decoding=\"async\" class=\"alignnone size-full wp-image-3400\" src=\"https:\/\/fmp-components.com\/wp-content\/uploads\/2025\/01\/China-Three-Phase-Motor-Factory-1.webp\" sizes=\"(min-width: 0px) and (max-width: 480px) 480px, (min-width: 481px) 900px, 100vw\" srcset=\"https:\/\/fmp-components.com\/wp-content\/uploads\/2025\/01\/China-Three-Phase-Motor-Factory-1.webp 900w, https:\/\/fmp-components.com\/wp-content\/uploads\/2025\/01\/China-Three-Phase-Motor-Factory-1-480x320.webp 480w\" alt=\"Usine de moteurs triphas\u00e9s 1\" width=\"900\" height=\"600\" title=\"\"><\/td>\n<td style=\"width: 659.231%;\" align=\"right\"><img loading=\"lazy\" decoding=\"async\" class=\"alignnone size-full wp-image-3401\" src=\"https:\/\/fmp-components.com\/wp-content\/uploads\/2025\/01\/Three-Phase-Motor-Factory-3.webp\" sizes=\"(min-width: 0px) and (max-width: 480px) 480px, (min-width: 481px) 900px, 100vw\" srcset=\"https:\/\/fmp-components.com\/wp-content\/uploads\/2025\/01\/Three-Phase-Motor-Factory-3.webp 900w, https:\/\/fmp-components.com\/wp-content\/uploads\/2025\/01\/Three-Phase-Motor-Factory-3-480x320.webp 480w\" alt=\"Usine de moteurs triphas\u00e9s 3\" width=\"900\" height=\"600\" title=\"\"><\/td>\n<\/tr>\n<tr>\n<td style=\"width: 49.2308%;\"><img loading=\"lazy\" decoding=\"async\" class=\"alignnone size-full wp-image-3471\" src=\"https:\/\/fmp-components.com\/wp-content\/uploads\/2025\/01\/Single-Phase-Induction-Motor-Suppliers.webp\" sizes=\"(min-width: 0px) and (max-width: 480px) 480px, (min-width: 481px) 900px, 100vw\" srcset=\"https:\/\/fmp-components.com\/wp-content\/uploads\/2025\/01\/Single-Phase-Induction-Motor-Suppliers.webp 900w, https:\/\/fmp-components.com\/wp-content\/uploads\/2025\/01\/Single-Phase-Induction-Motor-Suppliers-480x320.webp 480w\" alt=\"Fournisseurs de moteurs \u00e0 induction monophas\u00e9s\" width=\"900\" height=\"600\" title=\"\"><\/td>\n<td style=\"width: 659.231%;\"><img loading=\"lazy\" decoding=\"async\" class=\"alignnone size-full wp-image-3470\" src=\"https:\/\/fmp-components.com\/wp-content\/uploads\/2025\/01\/Single-Phase-Induction-Motor-Manufacturers-1.webp\" sizes=\"(min-width: 0px) and (max-width: 480px) 480px, (min-width: 481px) 900px, 100vw\" srcset=\"https:\/\/fmp-components.com\/wp-content\/uploads\/2025\/01\/Single-Phase-Induction-Motor-Manufacturers-1.webp 900w, https:\/\/fmp-components.com\/wp-content\/uploads\/2025\/01\/Single-Phase-Induction-Motor-Manufacturers-1-480x320.webp 480w\" alt=\"Fabricants de moteurs \u00e0 induction monophas\u00e9s\u00a01\" width=\"900\" height=\"600\" title=\"\"><\/td>\n<\/tr>\n<tr>\n<td style=\"width: 49.2308%;\"><img loading=\"lazy\" decoding=\"async\" class=\"alignnone size-full wp-image-3472\" src=\"https:\/\/fmp-components.com\/wp-content\/uploads\/2025\/01\/Single-Phase-Induction-Motor-Manufacturers.webp\" sizes=\"(min-width: 0px) and (max-width: 480px) 480px, (min-width: 481px) 900px, 100vw\" srcset=\"https:\/\/fmp-components.com\/wp-content\/uploads\/2025\/01\/Single-Phase-Induction-Motor-Manufacturers.webp 900w, https:\/\/fmp-components.com\/wp-content\/uploads\/2025\/01\/Single-Phase-Induction-Motor-Manufacturers-480x320.webp 480w\" alt=\"Fabricants de moteurs \u00e0 induction monophas\u00e9s\" width=\"900\" height=\"600\" title=\"\"><\/td>\n<td style=\"width: 659.231%;\"><img loading=\"lazy\" decoding=\"async\" class=\"alignnone size-full wp-image-3473\" src=\"https:\/\/fmp-components.com\/wp-content\/uploads\/2025\/01\/Single-Phase-Induction-Motor-for-Sale.webp\" sizes=\"(min-width: 0px) and (max-width: 480px) 480px, (min-width: 481px) 900px, 100vw\" srcset=\"https:\/\/fmp-components.com\/wp-content\/uploads\/2025\/01\/Single-Phase-Induction-Motor-for-Sale.webp 900w, https:\/\/fmp-components.com\/wp-content\/uploads\/2025\/01\/Single-Phase-Induction-Motor-for-Sale-480x320.webp 480w\" alt=\"Moteur \u00e0 induction monophas\u00e9 \u00e0 vendre\" width=\"900\" height=\"600\" title=\"\"><\/td>\n<\/tr>\n<\/tbody>\n<\/table>\n<p>Auteur : CX<\/p>\n<p>&nbsp;<\/p>","protected":false},"excerpt":{"rendered":"<p>Poteaux de type cadre AA\/2 BCDEFGHKP Trou d'arbre AB AC AD 63 2, 4 100 50 80 40 11 23 23 8,5 63 7 114 M4 125 114 117 71 2,4,6 112 56 90 45 14 30 30 11 71 7 134 M5 140 134 129 80 [\u2026]<\/p>","protected":false},"featured_media":3559,"comment_status":"open","ping_status":"closed","template":"","meta":{"_et_pb_use_builder":"","_et_pb_old_content":"","_et_gb_content_width":""},"product_brand":[],"product_cat":[88],"product_tag":[],"class_list":{"0":"post-3558","1":"product","2":"type-product","3":"status-publish","4":"has-post-thumbnail","6":"product_cat-stainless-steel-motors","8":"first","9":"instock","10":"shipping-taxable","11":"product-type-simple"},"_links":{"self":[{"href":"https:\/\/fmp-components.com\/fr\/wp-json\/wp\/v2\/product\/3558","targetHints":{"allow":["GET"]}}],"collection":[{"href":"https:\/\/fmp-components.com\/fr\/wp-json\/wp\/v2\/product"}],"about":[{"href":"https:\/\/fmp-components.com\/fr\/wp-json\/wp\/v2\/types\/product"}],"replies":[{"embeddable":true,"href":"https:\/\/fmp-components.com\/fr\/wp-json\/wp\/v2\/comments?post=3558"}],"wp:featuredmedia":[{"embeddable":true,"href":"https:\/\/fmp-components.com\/fr\/wp-json\/wp\/v2\/media\/3559"}],"wp:attachment":[{"href":"https:\/\/fmp-components.com\/fr\/wp-json\/wp\/v2\/media?parent=3558"}],"wp:term":[{"taxonomy":"product_brand","embeddable":true,"href":"https:\/\/fmp-components.com\/fr\/wp-json\/wp\/v2\/product_brand?post=3558"},{"taxonomy":"product_cat","embeddable":true,"href":"https:\/\/fmp-components.com\/fr\/wp-json\/wp\/v2\/product_cat?post=3558"},{"taxonomy":"product_tag","embeddable":true,"href":"https:\/\/fmp-components.com\/fr\/wp-json\/wp\/v2\/product_tag?post=3558"}],"curies":[{"name":"wp","href":"https:\/\/api.w.org\/{rel}","templated":true}]}}