{"id":3554,"date":"2025-01-08T05:47:39","date_gmt":"2025-01-08T05:47:39","guid":{"rendered":"https:\/\/fmp-components.com\/?page_id=8"},"modified":"2025-01-08T05:47:39","modified_gmt":"2025-01-08T05:47:39","slug":"iec-b14-face-mounted-stainless-steel-motor-tenv","status":"publish","type":"product","link":"https:\/\/fmp-components.com\/fr\/product\/iec-b14-face-mounted-stainless-steel-motor-tenv\/","title":{"rendered":"Moteur en acier inoxydable \u00e0 montage frontal IEC B14 - TENV"},"content":{"rendered":"<p><img loading=\"lazy\" decoding=\"async\" class=\"size-full wp-image-3556 aligncenter\" src=\"https:\/\/fmp-components.com\/wp-content\/uploads\/2025\/01\/fmp_1.stainless-steel-motor-2.webp\" alt=\"fmp_1.moteur-en-acier-inoxydable-2\" width=\"798\" height=\"373\" title=\"\" srcset=\"https:\/\/fmp-components.com\/wp-content\/uploads\/2025\/01\/fmp_1.stainless-steel-motor-2.webp 798w, https:\/\/fmp-components.com\/wp-content\/uploads\/2025\/01\/fmp_1.stainless-steel-motor-2-480x224.webp 480w\" sizes=\"(min-width: 0px) and (max-width: 480px) 480px, (min-width: 481px) 798px, 100vw\" \/><\/p>\n<table style=\"width: 99.7231%;\" border=\"1\">\n<tbody>\n<tr>\n<td style=\"width: 12.2066%;\">Type de cadre<\/td>\n<td style=\"width: 12.0501%;\">Type de bride<\/td>\n<td style=\"width: 6.10329%;\">Polonais<\/td>\n<td style=\"width: 2.9734%;\">D<\/td>\n<td style=\"width: 2.9734%;\">E<\/td>\n<td style=\"width: 1.87793%;\">F<\/td>\n<td style=\"width: 4.22535%;\">G<\/td>\n<td style=\"width: 4.22535%;\">M<\/td>\n<td style=\"width: 2.9734%;\">N<\/td>\n<td style=\"width: 4.22535%;\">P<\/td>\n<td style=\"width: 2.19092%;\">R<\/td>\n<td style=\"width: 3.59937%;\">S<\/td>\n<td style=\"width: 3.59937%;\">T<\/td>\n<td style=\"width: 12.3631%;\">Trou de bride<\/td>\n<td style=\"width: 10.7981%;\">Trou d'arbre<\/td>\n<td style=\"width: 4.22535%;\">CA<\/td>\n<td style=\"width: 48.2003%;\">ANNONCE<\/td>\n<\/tr>\n<tr>\n<td style=\"width: 12.2066%;\">63<\/td>\n<td style=\"width: 12.0501%;\">FT75<\/td>\n<td style=\"width: 6.10329%;\">2,4<\/td>\n<td style=\"width: 2.9734%;\">11<\/td>\n<td style=\"width: 2.9734%;\">23<\/td>\n<td style=\"width: 1.87793%;\">4<\/td>\n<td style=\"width: 4.22535%;\">8.5<\/td>\n<td style=\"width: 4.22535%;\">75<\/td>\n<td style=\"width: 2.9734%;\">60<\/td>\n<td style=\"width: 4.22535%;\">90<\/td>\n<td style=\"width: 2.19092%;\">0<\/td>\n<td style=\"width: 3.59937%;\">M5<\/td>\n<td style=\"width: 3.59937%;\">2.5<\/td>\n<td style=\"width: 12.3631%;\">4<\/td>\n<td style=\"width: 10.7981%;\">M4<\/td>\n<td style=\"width: 4.22535%;\">114<\/td>\n<td style=\"width: 48.2003%;\">117<\/td>\n<\/tr>\n<tr>\n<td style=\"width: 12.2066%;\">71<\/td>\n<td style=\"width: 12.0501%;\">FT85<\/td>\n<td style=\"width: 6.10329%;\">2.4.6<\/td>\n<td style=\"width: 2.9734%;\">14<\/td>\n<td style=\"width: 2.9734%;\">30<\/td>\n<td style=\"width: 1.87793%;\">5<\/td>\n<td style=\"width: 4.22535%;\">11<\/td>\n<td style=\"width: 4.22535%;\">85<\/td>\n<td style=\"width: 2.9734%;\">70<\/td>\n<td style=\"width: 4.22535%;\">105<\/td>\n<td style=\"width: 2.19092%;\">0<\/td>\n<td style=\"width: 3.59937%;\">M6<\/td>\n<td style=\"width: 3.59937%;\">2.5<\/td>\n<td style=\"width: 12.3631%;\">4<\/td>\n<td style=\"width: 10.7981%;\">M5<\/td>\n<td style=\"width: 4.22535%;\">134<\/td>\n<td style=\"width: 48.2003%;\">129<\/td>\n<\/tr>\n<tr>\n<td style=\"width: 12.2066%;\">80<\/td>\n<td style=\"width: 12.0501%;\">FT100<\/td>\n<td style=\"width: 6.10329%;\">2.4.6<\/td>\n<td style=\"width: 2.9734%;\">19<\/td>\n<td style=\"width: 2.9734%;\">40<\/td>\n<td style=\"width: 1.87793%;\">6<\/td>\n<td style=\"width: 4.22535%;\">155<\/td>\n<td style=\"width: 4.22535%;\">100<\/td>\n<td style=\"width: 2.9734%;\">80<\/td>\n<td style=\"width: 4.22535%;\">120<\/td>\n<td style=\"width: 2.19092%;\">0<\/td>\n<td style=\"width: 3.59937%;\">M6<\/td>\n<td style=\"width: 3.59937%;\">3<\/td>\n<td style=\"width: 12.3631%;\">4<\/td>\n<td style=\"width: 10.7981%;\">M6<\/td>\n<td style=\"width: 4.22535%;\">144<\/td>\n<td style=\"width: 48.2003%;\">135<\/td>\n<\/tr>\n<tr>\n<td style=\"width: 12.2066%;\">Ann\u00e9es 90<\/td>\n<td style=\"width: 12.0501%;\">FT115<\/td>\n<td style=\"width: 6.10329%;\">2.4.6<\/td>\n<td style=\"width: 2.9734%;\">24<\/td>\n<td style=\"width: 2.9734%;\">50<\/td>\n<td style=\"width: 1.87793%;\">8<\/td>\n<td style=\"width: 4.22535%;\">20<\/td>\n<td style=\"width: 4.22535%;\">115<\/td>\n<td style=\"width: 2.9734%;\">95<\/td>\n<td style=\"width: 4.22535%;\">140<\/td>\n<td style=\"width: 2.19092%;\">0<\/td>\n<td style=\"width: 3.59937%;\">M8<\/td>\n<td style=\"width: 3.59937%;\">3<\/td>\n<td style=\"width: 12.3631%;\">4<\/td>\n<td style=\"width: 10.7981%;\">M8<\/td>\n<td style=\"width: 4.22535%;\">164<\/td>\n<td style=\"width: 48.2003%;\">147<\/td>\n<\/tr>\n<\/tbody>\n<\/table>\n<h2>Sp\u00e9cifications du moteur en acier inoxydable IEC<\/h2>\n<table style=\"width: 99.8783%;\" border=\"1\">\n<tbody>\n<tr>\n<td style=\"width: 14.4262%;\">Cadre<\/td>\n<td style=\"width: 24.918%;\">KW<\/td>\n<td style=\"width: 46.8852%;\">Montage<\/td>\n<td style=\"width: 213.443%;\">propri\u00e9t\u00e9 intellectuelle<\/td>\n<\/tr>\n<tr>\n<td style=\"width: 14.4262%;\">63<\/td>\n<td style=\"width: 24.918%;\">0.18<\/td>\n<td style=\"width: 46.8852%;\" rowspan=\"7\">B3, B5, B14, B34, B35<\/td>\n<td style=\"width: 213.443%;\" rowspan=\"7\">IP55<\/td>\n<\/tr>\n<tr>\n<td style=\"width: 14.4262%;\">71<\/td>\n<td style=\"width: 24.918%;\">0,25, 0,37<\/td>\n<\/tr>\n<tr>\n<td style=\"width: 14.4262%;\">80<\/td>\n<td style=\"width: 24.918%;\">0,55, 0,75<\/td>\n<\/tr>\n<tr>\n<td style=\"width: 14.4262%;\">90<\/td>\n<td style=\"width: 24.918%;\">1.1, 1.5<\/td>\n<\/tr>\n<tr>\n<td style=\"width: 14.4262%;\">100<\/td>\n<td style=\"width: 24.918%;\">2.2, 3.0<\/td>\n<\/tr>\n<tr>\n<td style=\"width: 14.4262%;\">112<\/td>\n<td style=\"width: 24.918%;\">4.0<\/td>\n<\/tr>\n<tr>\n<td style=\"width: 14.4262%;\">1332<\/td>\n<td style=\"width: 24.918%;\">5,5, 7,5<\/td>\n<\/tr>\n<\/tbody>\n<\/table>\n<p>Il est \u00e9galement disponible si vous avez des exigences particuli\u00e8res pour le moteur.<\/p>\n<h2>Caract\u00e9ristiques des moteurs en acier inoxydable mont\u00e9s en fa\u00e7ade<\/h2>\n<ol>\n<li><strong>Construction r\u00e9sistante \u00e0 la corrosion<\/strong><br \/>\nLes moteurs en acier inoxydable \u00e0 montage frontal sont fabriqu\u00e9s en acier inoxydable de haute qualit\u00e9, offrant une excellente r\u00e9sistance \u00e0 la corrosion, \u00e0 la rouille et aux autres facteurs environnementaux. Ils sont donc parfaitement adapt\u00e9s aux environnements difficiles o\u00f9 l'exposition \u00e0 l'humidit\u00e9, aux produits chimiques ou aux conditions de transformation des aliments est fr\u00e9quente.<\/li>\n<li><strong>Surface lisse et hygi\u00e9nique<\/strong><br \/>\nLes moteurs sont con\u00e7us avec des surfaces lisses et sans joints qui minimisent le risque d'accumulation de contaminants. Cette conception garantit un nettoyage facile et le respect de normes d'hygi\u00e8ne strictes, ce qui les rend parfaits pour les secteurs tels que l'agroalimentaire, la pharmacie et la sant\u00e9, o\u00f9 la propret\u00e9 est primordiale.<\/li>\n<li><strong>Conception de montage frontal<\/strong><br \/>\nLa conception \u00e0 montage frontal permet une installation compacte avec fixation directe sur l'\u00e9quipement ou la machine. Ce type de montage assure une connexion stable et s\u00fbre, r\u00e9duisant les vibrations et am\u00e9liorant l'efficacit\u00e9 op\u00e9rationnelle. Il est particuli\u00e8rement adapt\u00e9 aux applications \u00e0 espace restreint ou lorsque les moteurs \u00e0 pattes traditionnels ne peuvent pas \u00eatre utilis\u00e9s.<\/li>\n<li><strong>Indice de protection \u00e9lev\u00e9 (IP69K)<\/strong><br \/>\nCes moteurs b\u00e9n\u00e9ficient souvent d'un indice de protection IP69K, offrant une r\u00e9sistance sup\u00e9rieure \u00e0 l'eau et \u00e0 la poussi\u00e8re. Leur conception robuste leur permet de r\u00e9sister aux jets d'eau haute pression et aux conditions de lavage difficiles, ce qui les rend id\u00e9aux pour les industries n\u00e9cessitant des nettoyages fr\u00e9quents, comme l'agroalimentaire.<\/li>\n<li><strong>Haute efficacit\u00e9 et performance<\/strong><br \/>\nLes moteurs en acier inoxydable \u00e0 montage frontal respectent g\u00e9n\u00e9ralement, voire d\u00e9passent, les normes de rendement \u00e9lev\u00e9 (telles que IE4), garantissant une consommation \u00e9nerg\u00e9tique r\u00e9duite tout en maintenant des performances optimales. Leur fonctionnement efficace contribue \u00e0 r\u00e9duire les co\u00fbts d'exploitation et l'impact environnemental, notamment dans les applications \u00e0 service continu.<\/li>\n<\/ol>\n<p><img loading=\"lazy\" decoding=\"async\" class=\"alignnone  wp-image-3555\" src=\"https:\/\/fmp-components.com\/wp-content\/uploads\/2025\/01\/fmp_0.stainless-steel-motor-4.webp\" alt=\"fmp_0.moteur-en-acier-inoxydable-4\" width=\"916\" height=\"552\" title=\"\" srcset=\"https:\/\/fmp-components.com\/wp-content\/uploads\/2025\/01\/fmp_0.stainless-steel-motor-4.webp 916w, https:\/\/fmp-components.com\/wp-content\/uploads\/2025\/01\/fmp_0.stainless-steel-motor-4-480x289.webp 480w\" sizes=\"(min-width: 0px) and (max-width: 480px) 480px, (min-width: 481px) 916px, 100vw\" \/><\/p>\n<h2>Moteur en acier inoxydable associ\u00e9<\/h2>\n<table style=\"width: 100%;\" border=\"1\" width=\"100%\" cellspacing=\"0\" cellpadding=\"0\">\n<tbody>\n<tr>\n<td style=\"width: 25.8099%;\" align=\"right\" width=\"64\" height=\"18\"><img loading=\"lazy\" decoding=\"async\" class=\"alignnone size-full wp-image-3507\" src=\"https:\/\/fmp-components.com\/wp-content\/uploads\/2025\/01\/ep_stainless-steel-motor-1.webp\" sizes=\"(max-width: 379px) 100vw, 379px\" srcset=\"https:\/\/fmp-components.com\/wp-content\/uploads\/2025\/01\/ep_stainless-steel-motor-1.webp 379w, https:\/\/fmp-components.com\/wp-content\/uploads\/2025\/01\/ep_stainless-steel-motor-1-300x200.webp 300w, https:\/\/fmp-components.com\/wp-content\/uploads\/2025\/01\/ep_stainless-steel-motor-1-18x12.webp 18w\" alt=\"moteur en acier inoxydable\" width=\"379\" height=\"253\" title=\"\"><\/td>\n<td style=\"width: 26.134%;\" align=\"right\" width=\"64\"><img loading=\"lazy\" decoding=\"async\" class=\"alignnone size-full wp-image-3508\" src=\"https:\/\/fmp-components.com\/wp-content\/uploads\/2025\/01\/ep_stainless-steel-motor-2-2.webp\" sizes=\"(max-width: 379px) 100vw, 379px\" srcset=\"https:\/\/fmp-components.com\/wp-content\/uploads\/2025\/01\/ep_stainless-steel-motor-2-2.webp 379w, https:\/\/fmp-components.com\/wp-content\/uploads\/2025\/01\/ep_stainless-steel-motor-2-2-300x200.webp 300w, https:\/\/fmp-components.com\/wp-content\/uploads\/2025\/01\/ep_stainless-steel-motor-2-2-18x12.webp 18w\" alt=\"moteur en acier inoxydable\" width=\"379\" height=\"253\" title=\"\"><\/td>\n<td style=\"width: 25.162%;\" align=\"right\" width=\"64\"><img loading=\"lazy\" decoding=\"async\" class=\"alignnone size-full wp-image-3509\" src=\"https:\/\/fmp-components.com\/wp-content\/uploads\/2025\/01\/ep_stainless-steel-motor-6.webp\" sizes=\"(max-width: 379px) 100vw, 379px\" srcset=\"https:\/\/fmp-components.com\/wp-content\/uploads\/2025\/01\/ep_stainless-steel-motor-6.webp 379w, https:\/\/fmp-components.com\/wp-content\/uploads\/2025\/01\/ep_stainless-steel-motor-6-300x200.webp 300w, https:\/\/fmp-components.com\/wp-content\/uploads\/2025\/01\/ep_stainless-steel-motor-6-18x12.webp 18w\" alt=\"moteur en acier inoxydable\" width=\"379\" height=\"253\" title=\"\"><\/td>\n<td style=\"width: 22.6782%;\" align=\"right\" width=\"64\"><img loading=\"lazy\" decoding=\"async\" class=\"alignnone size-full wp-image-3510\" src=\"https:\/\/fmp-components.com\/wp-content\/uploads\/2025\/01\/ep_stainless-steel-motor-300x200-1.webp\" sizes=\"(max-width: 300px) 100vw, 300px\" srcset=\"https:\/\/fmp-components.com\/wp-content\/uploads\/2025\/01\/ep_stainless-steel-motor-300x200-1.webp 300w, https:\/\/fmp-components.com\/wp-content\/uploads\/2025\/01\/ep_stainless-steel-motor-300x200-1-18x12.webp 18w\" alt=\"moteur en acier inoxydable\" width=\"300\" height=\"200\" title=\"\"><\/td>\n<\/tr>\n<tr>\n<td style=\"width: 25.8099%;\" align=\"right\" height=\"18\">Moteur \u00e0 aimant permanent en acier inoxydable<\/td>\n<td style=\"width: 26.134%;\" align=\"right\">Moteur en acier inoxydable refroidi par eau<\/td>\n<td style=\"width: 25.162%;\" align=\"right\">Moteur \u00e9lectrique pour l&#039;industrie alimentaire<\/td>\n<td style=\"width: 22.6782%;\" align=\"right\">Moteur en acier inoxydable<\/td>\n<\/tr>\n<tr>\n<td style=\"width: 25.8099%;\" align=\"right\" height=\"18\"><img loading=\"lazy\" decoding=\"async\" class=\"alignnone size-full wp-image-3511\" src=\"https:\/\/fmp-components.com\/wp-content\/uploads\/2025\/01\/ep_stainless-steel-motor-4.webp\" sizes=\"(max-width: 379px) 100vw, 379px\" srcset=\"https:\/\/fmp-components.com\/wp-content\/uploads\/2025\/01\/ep_stainless-steel-motor-4.webp 379w, https:\/\/fmp-components.com\/wp-content\/uploads\/2025\/01\/ep_stainless-steel-motor-4-300x200.webp 300w, https:\/\/fmp-components.com\/wp-content\/uploads\/2025\/01\/ep_stainless-steel-motor-4-18x12.webp 18w\" alt=\"moteur en acier inoxydable\" width=\"379\" height=\"253\" title=\"\"><\/td>\n<td style=\"width: 26.134%;\" align=\"right\"><img loading=\"lazy\" decoding=\"async\" class=\"alignnone size-full wp-image-3512\" src=\"https:\/\/fmp-components.com\/wp-content\/uploads\/2025\/01\/ep_stainless-steel-motor-3.webp\" sizes=\"(max-width: 379px) 100vw, 379px\" srcset=\"https:\/\/fmp-components.com\/wp-content\/uploads\/2025\/01\/ep_stainless-steel-motor-3.webp 379w, https:\/\/fmp-components.com\/wp-content\/uploads\/2025\/01\/ep_stainless-steel-motor-3-300x200.webp 300w, https:\/\/fmp-components.com\/wp-content\/uploads\/2025\/01\/ep_stainless-steel-motor-3-18x12.webp 18w\" alt=\"moteur en acier inoxydable\" width=\"379\" height=\"253\" title=\"\"><\/td>\n<td style=\"width: 25.162%;\" align=\"right\"><img loading=\"lazy\" decoding=\"async\" class=\"alignnone size-full wp-image-3513\" src=\"https:\/\/fmp-components.com\/wp-content\/uploads\/2025\/01\/ep_stainless-steel-motor-5.webp\" sizes=\"(max-width: 379px) 100vw, 379px\" srcset=\"https:\/\/fmp-components.com\/wp-content\/uploads\/2025\/01\/ep_stainless-steel-motor-5.webp 379w, https:\/\/fmp-components.com\/wp-content\/uploads\/2025\/01\/ep_stainless-steel-motor-5-300x200.webp 300w, https:\/\/fmp-components.com\/wp-content\/uploads\/2025\/01\/ep_stainless-steel-motor-5-18x12.webp 18w\" alt=\"moteur en acier inoxydable\" width=\"379\" height=\"253\" title=\"\"><\/td>\n<td style=\"width: 22.6782%;\" align=\"right\"><img loading=\"lazy\" decoding=\"async\" class=\"alignnone wp-image-3514\" src=\"https:\/\/fmp-components.com\/wp-content\/uploads\/2025\/01\/ep_stainless-steel-motor-6-1.webp\" sizes=\"(max-width: 379px) 100vw, 379px\" srcset=\"https:\/\/fmp-components.com\/wp-content\/uploads\/2025\/01\/ep_stainless-steel-motor-6-1.webp 379w, https:\/\/fmp-components.com\/wp-content\/uploads\/2025\/01\/ep_stainless-steel-motor-6-1-300x200.webp 300w, https:\/\/fmp-components.com\/wp-content\/uploads\/2025\/01\/ep_stainless-steel-motor-6-1-18x12.webp 18w\" alt=\"moteur en acier inoxydable\" width=\"220\" height=\"147\" title=\"\"><\/td>\n<\/tr>\n<tr>\n<td style=\"width: 25.8099%;\" align=\"right\" height=\"18\">Moteur \u00e0 courant alternatif pour machines alimentaires \u00e9mulsifi\u00e9es IEC<\/td>\n<td style=\"width: 26.134%;\" align=\"right\">Moteur asynchrone NEMA 56C<\/td>\n<td style=\"width: 25.162%;\" align=\"right\">Moteur \u00e0 courant alternatif en acier inoxydable IEC<\/td>\n<td style=\"width: 22.6782%;\">Moteur IEC \u00e0 haut rendement enti\u00e8rement en acier inoxydable<\/td>\n<\/tr>\n<tr>\n<td style=\"width: 25.8099%;\" align=\"right\" width=\"64\" height=\"18\"><img loading=\"lazy\" decoding=\"async\" class=\"alignnone size-full wp-image-3515\" src=\"https:\/\/fmp-components.com\/wp-content\/uploads\/2025\/01\/ep_stainless-steel-motor-2.webp\" sizes=\"(max-width: 379px) 100vw, 379px\" srcset=\"https:\/\/fmp-components.com\/wp-content\/uploads\/2025\/01\/ep_stainless-steel-motor-2.webp 379w, https:\/\/fmp-components.com\/wp-content\/uploads\/2025\/01\/ep_stainless-steel-motor-2-300x200.webp 300w, https:\/\/fmp-components.com\/wp-content\/uploads\/2025\/01\/ep_stainless-steel-motor-2-18x12.webp 18w\" alt=\"moteur en acier inoxydable\" width=\"379\" height=\"253\" title=\"\"><\/td>\n<td style=\"width: 26.134%;\" align=\"right\" width=\"64\"><img loading=\"lazy\" decoding=\"async\" class=\"alignnone size-full wp-image-3516\" src=\"https:\/\/fmp-components.com\/wp-content\/uploads\/2025\/01\/ep_stainless-steel-motor-8.webp\" sizes=\"(max-width: 379px) 100vw, 379px\" srcset=\"https:\/\/fmp-components.com\/wp-content\/uploads\/2025\/01\/ep_stainless-steel-motor-8.webp 379w, https:\/\/fmp-components.com\/wp-content\/uploads\/2025\/01\/ep_stainless-steel-motor-8-300x200.webp 300w, https:\/\/fmp-components.com\/wp-content\/uploads\/2025\/01\/ep_stainless-steel-motor-8-18x12.webp 18w\" alt=\"moteur en acier inoxydable\" width=\"379\" height=\"253\" title=\"\"><\/td>\n<td style=\"width: 25.162%;\" align=\"right\" width=\"64\"><img loading=\"lazy\" decoding=\"async\" class=\"alignnone size-full wp-image-3517\" src=\"https:\/\/fmp-components.com\/wp-content\/uploads\/2025\/01\/ep_stainless-steel-motor-7.webp\" sizes=\"(max-width: 379px) 100vw, 379px\" srcset=\"https:\/\/fmp-components.com\/wp-content\/uploads\/2025\/01\/ep_stainless-steel-motor-7.webp 379w, https:\/\/fmp-components.com\/wp-content\/uploads\/2025\/01\/ep_stainless-steel-motor-7-300x200.webp 300w, https:\/\/fmp-components.com\/wp-content\/uploads\/2025\/01\/ep_stainless-steel-motor-7-18x12.webp 18w\" alt=\"moteur en acier inoxydable\" width=\"379\" height=\"253\" title=\"\"><\/td>\n<td style=\"width: 22.6782%;\" align=\"right\" width=\"64\"><\/td>\n<\/tr>\n<tr>\n<td style=\"width: 25.8099%;\" align=\"right\" height=\"18\">Moteur pour \u00e9quipement d&#039;\u00e9pilation de poulets et de canards<\/td>\n<td style=\"width: 26.134%;\" align=\"right\">Moteur en acier inoxydable de qualit\u00e9 alimentaire NEMA<\/td>\n<td style=\"width: 25.162%;\" align=\"right\">Moteur en acier inoxydable IEC de qualit\u00e9 alimentaire<\/td>\n<td style=\"width: 22.6782%;\" align=\"right\"><\/td>\n<\/tr>\n<\/tbody>\n<\/table>\n<h2>\u00c0 propos de FMP<\/h2>\n<p>FMP est une entreprise de haute technologie de premier plan, sp\u00e9cialis\u00e9e dans la conception, le d\u00e9veloppement et la fabrication de moteurs et de solutions \u00e9lectrom\u00e9caniques de pointe. Notre gamme de produits comprend les moteurs des s\u00e9ries YE2, YE3 et YE4, ainsi qu'une large gamme de produits d\u00e9riv\u00e9s. Nous proposons \u00e9galement des moteurs sp\u00e9cialis\u00e9s pour pompes hydrauliques, notamment des versions triphas\u00e9es et monophas\u00e9es, des moteurs \u00e0 carter aluminium, des moteurs non standard, des r\u00e9ducteurs de turbine \u00e0 int\u00e9gration \u00e9lectrom\u00e9canique et d'autres solutions de moteurs sur mesure.<\/p>\n<p>Nos produits sont largement utilis\u00e9s dans divers secteurs, notamment l'automatisation industrielle, l'usinage CNC, la cordonnerie, le travail du bois, la m\u00e9tallurgie, la plasturgie et les machines de construction. L'engagement de FMP en mati\u00e8re d'innovation et de qualit\u00e9 garantit que tous ses produits r\u00e9pondent aux normes de performance et de fiabilit\u00e9 les plus strictes.<\/p>\n<p>Au-del\u00e0 de nos offres standard, nous sommes fiers de proposer des solutions sur mesure adapt\u00e9es aux besoins sp\u00e9cifiques de nos clients. Que vous ayez besoin de moteurs sp\u00e9cialis\u00e9s, de produits non standard ou de syst\u00e8mes enti\u00e8rement int\u00e9gr\u00e9s, FMP travaille en \u00e9troite collaboration avec ses clients pour leur fournir des solutions pr\u00e9cises et de haute qualit\u00e9. L'importance que nous accordons \u00e0 l'ing\u00e9nierie de pr\u00e9cision et \u00e0 la satisfaction client est le moteur de notre croissance et de notre succ\u00e8s continus sur les march\u00e9s mondiaux.<\/p>\n<p>Chez FMP, nous nous attachons \u00e0 cultiver des partenariats durables et mutuellement b\u00e9n\u00e9fiques. Nous nous engageons \u00e0 accompagner la r\u00e9ussite de nos clients, en veillant \u00e0 ce que chaque projet produise des r\u00e9sultats exceptionnels et renforce notre pr\u00e9sence mondiale.<\/p>\n<table style=\"width: 100.629%;\" border=\"0\" width=\"128\" cellspacing=\"0\" cellpadding=\"0\">\n<tbody>\n<tr>\n<td style=\"width: 49.2308%;\" align=\"right\" width=\"64\" height=\"18\"><img loading=\"lazy\" decoding=\"async\" class=\"alignnone size-full wp-image-3398\" src=\"https:\/\/fmp-components.com\/wp-content\/uploads\/2025\/01\/Three-Phase-Motor-Factory.webp\" sizes=\"(min-width: 0px) and (max-width: 480px) 480px, (min-width: 481px) 900px, 100vw\" srcset=\"https:\/\/fmp-components.com\/wp-content\/uploads\/2025\/01\/Three-Phase-Motor-Factory.webp 900w, https:\/\/fmp-components.com\/wp-content\/uploads\/2025\/01\/Three-Phase-Motor-Factory-480x320.webp 480w\" alt=\"Usine de moteurs triphas\u00e9s\" width=\"900\" height=\"600\" title=\"\"><\/td>\n<td style=\"width: 659.231%;\" align=\"right\" width=\"64\"><img loading=\"lazy\" decoding=\"async\" class=\"alignnone size-full wp-image-3399\" src=\"https:\/\/fmp-components.com\/wp-content\/uploads\/2025\/01\/Three-Phase-Motor-Factory-2.webp\" sizes=\"(min-width: 0px) and (max-width: 480px) 480px, (min-width: 481px) 900px, 100vw\" srcset=\"https:\/\/fmp-components.com\/wp-content\/uploads\/2025\/01\/Three-Phase-Motor-Factory-2.webp 900w, https:\/\/fmp-components.com\/wp-content\/uploads\/2025\/01\/Three-Phase-Motor-Factory-2-480x320.webp 480w\" alt=\"Usine de moteurs triphas\u00e9s 2\" width=\"900\" height=\"600\" title=\"\"><\/td>\n<\/tr>\n<tr>\n<td style=\"width: 49.2308%;\" align=\"right\" height=\"18\"><img loading=\"lazy\" decoding=\"async\" class=\"alignnone size-full wp-image-3400\" src=\"https:\/\/fmp-components.com\/wp-content\/uploads\/2025\/01\/China-Three-Phase-Motor-Factory-1.webp\" sizes=\"(min-width: 0px) and (max-width: 480px) 480px, (min-width: 481px) 900px, 100vw\" srcset=\"https:\/\/fmp-components.com\/wp-content\/uploads\/2025\/01\/China-Three-Phase-Motor-Factory-1.webp 900w, https:\/\/fmp-components.com\/wp-content\/uploads\/2025\/01\/China-Three-Phase-Motor-Factory-1-480x320.webp 480w\" alt=\"Usine de moteurs triphas\u00e9s 1\" width=\"900\" height=\"600\" title=\"\"><\/td>\n<td style=\"width: 659.231%;\" align=\"right\"><img loading=\"lazy\" decoding=\"async\" class=\"alignnone size-full wp-image-3401\" src=\"https:\/\/fmp-components.com\/wp-content\/uploads\/2025\/01\/Three-Phase-Motor-Factory-3.webp\" sizes=\"(min-width: 0px) and (max-width: 480px) 480px, (min-width: 481px) 900px, 100vw\" srcset=\"https:\/\/fmp-components.com\/wp-content\/uploads\/2025\/01\/Three-Phase-Motor-Factory-3.webp 900w, https:\/\/fmp-components.com\/wp-content\/uploads\/2025\/01\/Three-Phase-Motor-Factory-3-480x320.webp 480w\" alt=\"Usine de moteurs triphas\u00e9s 3\" width=\"900\" height=\"600\" title=\"\"><\/td>\n<\/tr>\n<tr>\n<td style=\"width: 49.2308%;\"><img loading=\"lazy\" decoding=\"async\" class=\"alignnone size-full wp-image-3471\" src=\"https:\/\/fmp-components.com\/wp-content\/uploads\/2025\/01\/Single-Phase-Induction-Motor-Suppliers.webp\" sizes=\"(min-width: 0px) and (max-width: 480px) 480px, (min-width: 481px) 900px, 100vw\" srcset=\"https:\/\/fmp-components.com\/wp-content\/uploads\/2025\/01\/Single-Phase-Induction-Motor-Suppliers.webp 900w, https:\/\/fmp-components.com\/wp-content\/uploads\/2025\/01\/Single-Phase-Induction-Motor-Suppliers-480x320.webp 480w\" alt=\"Fournisseurs de moteurs \u00e0 induction monophas\u00e9s\" width=\"900\" height=\"600\" title=\"\"><\/td>\n<td style=\"width: 659.231%;\"><img loading=\"lazy\" decoding=\"async\" class=\"alignnone size-full wp-image-3470\" src=\"https:\/\/fmp-components.com\/wp-content\/uploads\/2025\/01\/Single-Phase-Induction-Motor-Manufacturers-1.webp\" sizes=\"(min-width: 0px) and (max-width: 480px) 480px, (min-width: 481px) 900px, 100vw\" srcset=\"https:\/\/fmp-components.com\/wp-content\/uploads\/2025\/01\/Single-Phase-Induction-Motor-Manufacturers-1.webp 900w, https:\/\/fmp-components.com\/wp-content\/uploads\/2025\/01\/Single-Phase-Induction-Motor-Manufacturers-1-480x320.webp 480w\" alt=\"Fabricants de moteurs \u00e0 induction monophas\u00e9s\u00a01\" width=\"900\" height=\"600\" title=\"\"><\/td>\n<\/tr>\n<tr>\n<td style=\"width: 49.2308%;\"><img loading=\"lazy\" decoding=\"async\" class=\"alignnone size-full wp-image-3472\" src=\"https:\/\/fmp-components.com\/wp-content\/uploads\/2025\/01\/Single-Phase-Induction-Motor-Manufacturers.webp\" sizes=\"(min-width: 0px) and (max-width: 480px) 480px, (min-width: 481px) 900px, 100vw\" srcset=\"https:\/\/fmp-components.com\/wp-content\/uploads\/2025\/01\/Single-Phase-Induction-Motor-Manufacturers.webp 900w, https:\/\/fmp-components.com\/wp-content\/uploads\/2025\/01\/Single-Phase-Induction-Motor-Manufacturers-480x320.webp 480w\" alt=\"Fabricants de moteurs \u00e0 induction monophas\u00e9s\" width=\"900\" height=\"600\" title=\"\"><\/td>\n<td style=\"width: 659.231%;\"><img loading=\"lazy\" decoding=\"async\" class=\"alignnone size-full wp-image-3473\" src=\"https:\/\/fmp-components.com\/wp-content\/uploads\/2025\/01\/Single-Phase-Induction-Motor-for-Sale.webp\" sizes=\"(min-width: 0px) and (max-width: 480px) 480px, (min-width: 481px) 900px, 100vw\" srcset=\"https:\/\/fmp-components.com\/wp-content\/uploads\/2025\/01\/Single-Phase-Induction-Motor-for-Sale.webp 900w, https:\/\/fmp-components.com\/wp-content\/uploads\/2025\/01\/Single-Phase-Induction-Motor-for-Sale-480x320.webp 480w\" alt=\"Moteur \u00e0 induction monophas\u00e9 \u00e0 vendre\" width=\"900\" height=\"600\" title=\"\"><\/td>\n<\/tr>\n<\/tbody>\n<\/table>\n<p>Auteur : CX<\/p>","protected":false},"excerpt":{"rendered":"<p>Frame Type Flange type Poles D E F G M N P R S T Flange Hole Shaft Hole AC AD 63 FT75 2,4 11 23 4 8.5 75 60 90 0 M5 2.5 4 M4 114 117 71 FT85 2.4.6 14 30 5 11 85 70 105 0 M6 2.5 4 M5 134 129 [&hellip;]<\/p>","protected":false},"featured_media":3557,"comment_status":"open","ping_status":"closed","template":"","meta":{"_et_pb_use_builder":"","_et_pb_old_content":"","_et_gb_content_width":""},"product_brand":[],"product_cat":[88],"product_tag":[],"class_list":{"0":"post-3554","1":"product","2":"type-product","3":"status-publish","4":"has-post-thumbnail","6":"product_cat-stainless-steel-motors","8":"first","9":"instock","10":"shipping-taxable","11":"product-type-simple"},"_links":{"self":[{"href":"https:\/\/fmp-components.com\/fr\/wp-json\/wp\/v2\/product\/3554","targetHints":{"allow":["GET"]}}],"collection":[{"href":"https:\/\/fmp-components.com\/fr\/wp-json\/wp\/v2\/product"}],"about":[{"href":"https:\/\/fmp-components.com\/fr\/wp-json\/wp\/v2\/types\/product"}],"replies":[{"embeddable":true,"href":"https:\/\/fmp-components.com\/fr\/wp-json\/wp\/v2\/comments?post=3554"}],"wp:featuredmedia":[{"embeddable":true,"href":"https:\/\/fmp-components.com\/fr\/wp-json\/wp\/v2\/media\/3557"}],"wp:attachment":[{"href":"https:\/\/fmp-components.com\/fr\/wp-json\/wp\/v2\/media?parent=3554"}],"wp:term":[{"taxonomy":"product_brand","embeddable":true,"href":"https:\/\/fmp-components.com\/fr\/wp-json\/wp\/v2\/product_brand?post=3554"},{"taxonomy":"product_cat","embeddable":true,"href":"https:\/\/fmp-components.com\/fr\/wp-json\/wp\/v2\/product_cat?post=3554"},{"taxonomy":"product_tag","embeddable":true,"href":"https:\/\/fmp-components.com\/fr\/wp-json\/wp\/v2\/product_tag?post=3554"}],"curies":[{"name":"wp","href":"https:\/\/api.w.org\/{rel}","templated":true}]}}