{"id":3551,"date":"2025-01-08T05:36:18","date_gmt":"2025-01-08T05:36:18","guid":{"rendered":"https:\/\/fmp-components.com\/?page_id=8"},"modified":"2025-01-08T05:36:18","modified_gmt":"2025-01-08T05:36:18","slug":"iec-b5-flange-mounted-stainless-steel-motor-tenv","status":"publish","type":"product","link":"https:\/\/fmp-components.com\/fr\/product\/iec-b5-flange-mounted-stainless-steel-motor-tenv\/","title":{"rendered":"Moteur en acier inoxydable mont\u00e9 sur bride IEC B5 - TENV"},"content":{"rendered":"<p><img loading=\"lazy\" decoding=\"async\" class=\"alignnone size-full wp-image-3539\" src=\"https:\/\/fmp-components.com\/wp-content\/uploads\/2025\/01\/fmp_0.stainless-steel-motor-2.webp\" alt=\"fmp_0.moteur-en-acier-inoxydable-2\" width=\"1579\" height=\"608\" title=\"\" srcset=\"https:\/\/fmp-components.com\/wp-content\/uploads\/2025\/01\/fmp_0.stainless-steel-motor-2.webp 1579w, https:\/\/fmp-components.com\/wp-content\/uploads\/2025\/01\/fmp_0.stainless-steel-motor-2-1280x493.webp 1280w, https:\/\/fmp-components.com\/wp-content\/uploads\/2025\/01\/fmp_0.stainless-steel-motor-2-980x377.webp 980w, https:\/\/fmp-components.com\/wp-content\/uploads\/2025\/01\/fmp_0.stainless-steel-motor-2-480x185.webp 480w\" sizes=\"(min-width: 0px) and (max-width: 480px) 480px, (min-width: 481px) and (max-width: 980px) 980px, (min-width: 981px) and (max-width: 1280px) 1280px, (min-width: 1281px) 1579px, 100vw\" \/><\/p>\n<p><img loading=\"lazy\" decoding=\"async\" class=\"alignnone  wp-image-3553\" src=\"https:\/\/fmp-components.com\/wp-content\/uploads\/2025\/01\/fmp_3.stainless-steel-motor-2.webp\" alt=\"fmp_3.moteur-en-acier-inoxydable-2\" width=\"927\" height=\"488\" title=\"\" srcset=\"https:\/\/fmp-components.com\/wp-content\/uploads\/2025\/01\/fmp_3.stainless-steel-motor-2.webp 927w, https:\/\/fmp-components.com\/wp-content\/uploads\/2025\/01\/fmp_3.stainless-steel-motor-2-480x253.webp 480w\" sizes=\"(min-width: 0px) and (max-width: 480px) 480px, (min-width: 481px) 927px, 100vw\" \/><\/p>\n<table style=\"width: 97.9188%;\" border=\"1\">\n<tbody>\n<tr>\n<td style=\"width: 12.1914%;\">Type de cadre<\/td>\n<td style=\"width: 11.8827%;\">Type de bride<\/td>\n<td style=\"width: 6.01852%;\">Polonais<\/td>\n<td style=\"width: 2.9321%;\">D<\/td>\n<td style=\"width: 2.9321%;\">E<\/td>\n<td style=\"width: 1.85185%;\">F<\/td>\n<td style=\"width: 4.78395%;\">G<\/td>\n<td style=\"width: 4.16667%;\">M<\/td>\n<td style=\"width: 4.16667%;\">N<\/td>\n<td style=\"width: 4.16667%;\">P<\/td>\n<td style=\"width: 2.16049%;\">R<\/td>\n<td style=\"width: 2.9321%;\">S<\/td>\n<td style=\"width: 3.54938%;\">T<\/td>\n<td style=\"width: 12.3457%;\">Trou de bride<\/td>\n<td style=\"width: 10.6481%;\">Trou d'arbre<\/td>\n<td style=\"width: 4.16667%;\">CA<\/td>\n<td style=\"width: 43.2099%;\">ANNONCE<\/td>\n<\/tr>\n<tr>\n<td style=\"width: 12.1914%;\">63<\/td>\n<td style=\"width: 11.8827%;\">FT115<\/td>\n<td style=\"width: 6.01852%;\">2,4<\/td>\n<td style=\"width: 2.9321%;\">11<\/td>\n<td style=\"width: 2.9321%;\">23<\/td>\n<td style=\"width: 1.85185%;\">4<\/td>\n<td style=\"width: 4.78395%;\">8.5<\/td>\n<td style=\"width: 4.16667%;\">115<\/td>\n<td style=\"width: 4.16667%;\">95<\/td>\n<td style=\"width: 4.16667%;\">140<\/td>\n<td style=\"width: 2.16049%;\">0<\/td>\n<td style=\"width: 2.9321%;\">10<\/td>\n<td style=\"width: 3.54938%;\">2.5<\/td>\n<td style=\"width: 12.3457%;\">4<\/td>\n<td style=\"width: 10.6481%;\">M4<\/td>\n<td style=\"width: 4.16667%;\">114<\/td>\n<td style=\"width: 43.2099%;\">117<\/td>\n<\/tr>\n<tr>\n<td style=\"width: 12.1914%;\">71<\/td>\n<td style=\"width: 11.8827%;\">FT130<\/td>\n<td style=\"width: 6.01852%;\">2.4.6<\/td>\n<td style=\"width: 2.9321%;\">14<\/td>\n<td style=\"width: 2.9321%;\">30<\/td>\n<td style=\"width: 1.85185%;\">5<\/td>\n<td style=\"width: 4.78395%;\">11<\/td>\n<td style=\"width: 4.16667%;\">130<\/td>\n<td style=\"width: 4.16667%;\">110<\/td>\n<td style=\"width: 4.16667%;\">160<\/td>\n<td style=\"width: 2.16049%;\">0<\/td>\n<td style=\"width: 2.9321%;\">10<\/td>\n<td style=\"width: 3.54938%;\">2.5<\/td>\n<td style=\"width: 12.3457%;\">4<\/td>\n<td style=\"width: 10.6481%;\">M5<\/td>\n<td style=\"width: 4.16667%;\">134<\/td>\n<td style=\"width: 43.2099%;\">129<\/td>\n<\/tr>\n<tr>\n<td style=\"width: 12.1914%;\">80<\/td>\n<td style=\"width: 11.8827%;\">FT165<\/td>\n<td style=\"width: 6.01852%;\">2.4.6<\/td>\n<td style=\"width: 2.9321%;\">19<\/td>\n<td style=\"width: 2.9321%;\">40<\/td>\n<td style=\"width: 1.85185%;\">6<\/td>\n<td style=\"width: 4.78395%;\">15.5<\/td>\n<td style=\"width: 4.16667%;\">165<\/td>\n<td style=\"width: 4.16667%;\">130<\/td>\n<td style=\"width: 4.16667%;\">200<\/td>\n<td style=\"width: 2.16049%;\">0<\/td>\n<td style=\"width: 2.9321%;\">12<\/td>\n<td style=\"width: 3.54938%;\">3.5<\/td>\n<td style=\"width: 12.3457%;\">4<\/td>\n<td style=\"width: 10.6481%;\">M6<\/td>\n<td style=\"width: 4.16667%;\">144<\/td>\n<td style=\"width: 43.2099%;\">135<\/td>\n<\/tr>\n<tr>\n<td style=\"width: 12.1914%;\">90<\/td>\n<td style=\"width: 11.8827%;\">FT165<\/td>\n<td style=\"width: 6.01852%;\">2.4.6<\/td>\n<td style=\"width: 2.9321%;\">24<\/td>\n<td style=\"width: 2.9321%;\">50<\/td>\n<td style=\"width: 1.85185%;\">8<\/td>\n<td style=\"width: 4.78395%;\">20<\/td>\n<td style=\"width: 4.16667%;\">165<\/td>\n<td style=\"width: 4.16667%;\">130<\/td>\n<td style=\"width: 4.16667%;\">200<\/td>\n<td style=\"width: 2.16049%;\">0<\/td>\n<td style=\"width: 2.9321%;\">12<\/td>\n<td style=\"width: 3.54938%;\">3.5<\/td>\n<td style=\"width: 12.3457%;\">4<\/td>\n<td style=\"width: 10.6481%;\">M8<\/td>\n<td style=\"width: 4.16667%;\">164<\/td>\n<td style=\"width: 43.2099%;\">147<\/td>\n<\/tr>\n<\/tbody>\n<\/table>\n<h2>Sp\u00e9cifications du moteur en acier inoxydable mont\u00e9 sur bride<\/h2>\n<table style=\"width: 97.9328%;\" border=\"1\">\n<tbody>\n<tr>\n<td style=\"width: 14.4262%;\">Cadre<\/td>\n<td style=\"width: 24.918%;\">KW<\/td>\n<td style=\"width: 46.8852%;\">Montage<\/td>\n<td style=\"width: 207.541%;\">propri\u00e9t\u00e9 intellectuelle<\/td>\n<\/tr>\n<tr>\n<td style=\"width: 14.4262%;\">63<\/td>\n<td style=\"width: 24.918%;\">0.18<\/td>\n<td style=\"width: 46.8852%;\" rowspan=\"7\">B3, B5, B14, B34, B35<\/td>\n<td style=\"width: 207.541%;\" rowspan=\"7\">IP55<\/td>\n<\/tr>\n<tr>\n<td style=\"width: 14.4262%;\">71<\/td>\n<td style=\"width: 24.918%;\">0,25, 0,37<\/td>\n<\/tr>\n<tr>\n<td style=\"width: 14.4262%;\">80<\/td>\n<td style=\"width: 24.918%;\">0,55, 0,75<\/td>\n<\/tr>\n<tr>\n<td style=\"width: 14.4262%;\">90<\/td>\n<td style=\"width: 24.918%;\">1.1, 1.5<\/td>\n<\/tr>\n<tr>\n<td style=\"width: 14.4262%;\">100<\/td>\n<td style=\"width: 24.918%;\">2.2, 3.0<\/td>\n<\/tr>\n<tr>\n<td style=\"width: 14.4262%;\">112<\/td>\n<td style=\"width: 24.918%;\">4.0<\/td>\n<\/tr>\n<tr>\n<td style=\"width: 14.4262%;\">1332<\/td>\n<td style=\"width: 24.918%;\">5,5, 7,5<\/td>\n<\/tr>\n<\/tbody>\n<\/table>\n<h2>Moteur en acier inoxydable associ\u00e9<\/h2>\n<table style=\"width: 100%;\" border=\"1\" width=\"100%\" cellspacing=\"0\" cellpadding=\"0\">\n<tbody>\n<tr>\n<td style=\"width: 25.8099%;\" align=\"right\" width=\"64\" height=\"18\"><img loading=\"lazy\" decoding=\"async\" class=\"alignnone size-full wp-image-3507\" src=\"https:\/\/fmp-components.com\/wp-content\/uploads\/2025\/01\/ep_stainless-steel-motor-1.webp\" sizes=\"(max-width: 379px) 100vw, 379px\" srcset=\"https:\/\/fmp-components.com\/wp-content\/uploads\/2025\/01\/ep_stainless-steel-motor-1.webp 379w, https:\/\/fmp-components.com\/wp-content\/uploads\/2025\/01\/ep_stainless-steel-motor-1-300x200.webp 300w, https:\/\/fmp-components.com\/wp-content\/uploads\/2025\/01\/ep_stainless-steel-motor-1-18x12.webp 18w\" alt=\"moteur en acier inoxydable\" width=\"379\" height=\"253\" title=\"\"><\/td>\n<td style=\"width: 26.134%;\" align=\"right\" width=\"64\"><img loading=\"lazy\" decoding=\"async\" class=\"alignnone size-full wp-image-3508\" src=\"https:\/\/fmp-components.com\/wp-content\/uploads\/2025\/01\/ep_stainless-steel-motor-2-2.webp\" sizes=\"(max-width: 379px) 100vw, 379px\" srcset=\"https:\/\/fmp-components.com\/wp-content\/uploads\/2025\/01\/ep_stainless-steel-motor-2-2.webp 379w, https:\/\/fmp-components.com\/wp-content\/uploads\/2025\/01\/ep_stainless-steel-motor-2-2-300x200.webp 300w, https:\/\/fmp-components.com\/wp-content\/uploads\/2025\/01\/ep_stainless-steel-motor-2-2-18x12.webp 18w\" alt=\"moteur en acier inoxydable\" width=\"379\" height=\"253\" title=\"\"><\/td>\n<td style=\"width: 25.162%;\" align=\"right\" width=\"64\"><img loading=\"lazy\" decoding=\"async\" class=\"alignnone size-full wp-image-3509\" src=\"https:\/\/fmp-components.com\/wp-content\/uploads\/2025\/01\/ep_stainless-steel-motor-6.webp\" sizes=\"(max-width: 379px) 100vw, 379px\" srcset=\"https:\/\/fmp-components.com\/wp-content\/uploads\/2025\/01\/ep_stainless-steel-motor-6.webp 379w, https:\/\/fmp-components.com\/wp-content\/uploads\/2025\/01\/ep_stainless-steel-motor-6-300x200.webp 300w, https:\/\/fmp-components.com\/wp-content\/uploads\/2025\/01\/ep_stainless-steel-motor-6-18x12.webp 18w\" alt=\"moteur en acier inoxydable\" width=\"379\" height=\"253\" title=\"\"><\/td>\n<td style=\"width: 22.6782%;\" align=\"right\" width=\"64\"><img loading=\"lazy\" decoding=\"async\" class=\"alignnone size-full wp-image-3510\" src=\"https:\/\/fmp-components.com\/wp-content\/uploads\/2025\/01\/ep_stainless-steel-motor-300x200-1.webp\" sizes=\"(max-width: 300px) 100vw, 300px\" srcset=\"https:\/\/fmp-components.com\/wp-content\/uploads\/2025\/01\/ep_stainless-steel-motor-300x200-1.webp 300w, https:\/\/fmp-components.com\/wp-content\/uploads\/2025\/01\/ep_stainless-steel-motor-300x200-1-18x12.webp 18w\" alt=\"moteur en acier inoxydable\" width=\"300\" height=\"200\" title=\"\"><\/td>\n<\/tr>\n<tr>\n<td style=\"width: 25.8099%;\" align=\"right\" height=\"18\">Moteur \u00e0 aimant permanent en acier inoxydable<\/td>\n<td style=\"width: 26.134%;\" align=\"right\">Moteur en acier inoxydable refroidi par eau<\/td>\n<td style=\"width: 25.162%;\" align=\"right\">Moteur \u00e9lectrique pour l&#039;industrie alimentaire<\/td>\n<td style=\"width: 22.6782%;\" align=\"right\">Moteur en acier inoxydable<\/td>\n<\/tr>\n<tr>\n<td style=\"width: 25.8099%;\" align=\"right\" height=\"18\"><img loading=\"lazy\" decoding=\"async\" class=\"alignnone size-full wp-image-3511\" src=\"https:\/\/fmp-components.com\/wp-content\/uploads\/2025\/01\/ep_stainless-steel-motor-4.webp\" sizes=\"(max-width: 379px) 100vw, 379px\" srcset=\"https:\/\/fmp-components.com\/wp-content\/uploads\/2025\/01\/ep_stainless-steel-motor-4.webp 379w, https:\/\/fmp-components.com\/wp-content\/uploads\/2025\/01\/ep_stainless-steel-motor-4-300x200.webp 300w, https:\/\/fmp-components.com\/wp-content\/uploads\/2025\/01\/ep_stainless-steel-motor-4-18x12.webp 18w\" alt=\"moteur en acier inoxydable\" width=\"379\" height=\"253\" title=\"\"><\/td>\n<td style=\"width: 26.134%;\" align=\"right\"><img loading=\"lazy\" decoding=\"async\" class=\"alignnone size-full wp-image-3512\" src=\"https:\/\/fmp-components.com\/wp-content\/uploads\/2025\/01\/ep_stainless-steel-motor-3.webp\" sizes=\"(max-width: 379px) 100vw, 379px\" srcset=\"https:\/\/fmp-components.com\/wp-content\/uploads\/2025\/01\/ep_stainless-steel-motor-3.webp 379w, https:\/\/fmp-components.com\/wp-content\/uploads\/2025\/01\/ep_stainless-steel-motor-3-300x200.webp 300w, https:\/\/fmp-components.com\/wp-content\/uploads\/2025\/01\/ep_stainless-steel-motor-3-18x12.webp 18w\" alt=\"moteur en acier inoxydable\" width=\"379\" height=\"253\" title=\"\"><\/td>\n<td style=\"width: 25.162%;\" align=\"right\"><img loading=\"lazy\" decoding=\"async\" class=\"alignnone size-full wp-image-3513\" src=\"https:\/\/fmp-components.com\/wp-content\/uploads\/2025\/01\/ep_stainless-steel-motor-5.webp\" sizes=\"(max-width: 379px) 100vw, 379px\" srcset=\"https:\/\/fmp-components.com\/wp-content\/uploads\/2025\/01\/ep_stainless-steel-motor-5.webp 379w, https:\/\/fmp-components.com\/wp-content\/uploads\/2025\/01\/ep_stainless-steel-motor-5-300x200.webp 300w, https:\/\/fmp-components.com\/wp-content\/uploads\/2025\/01\/ep_stainless-steel-motor-5-18x12.webp 18w\" alt=\"moteur en acier inoxydable\" width=\"379\" height=\"253\" title=\"\"><\/td>\n<td style=\"width: 22.6782%;\" align=\"right\"><img loading=\"lazy\" decoding=\"async\" class=\"alignnone wp-image-3514\" src=\"https:\/\/fmp-components.com\/wp-content\/uploads\/2025\/01\/ep_stainless-steel-motor-6-1.webp\" sizes=\"(max-width: 379px) 100vw, 379px\" srcset=\"https:\/\/fmp-components.com\/wp-content\/uploads\/2025\/01\/ep_stainless-steel-motor-6-1.webp 379w, https:\/\/fmp-components.com\/wp-content\/uploads\/2025\/01\/ep_stainless-steel-motor-6-1-300x200.webp 300w, https:\/\/fmp-components.com\/wp-content\/uploads\/2025\/01\/ep_stainless-steel-motor-6-1-18x12.webp 18w\" alt=\"moteur en acier inoxydable\" width=\"220\" height=\"147\" title=\"\"><\/td>\n<\/tr>\n<tr>\n<td style=\"width: 25.8099%;\" align=\"right\" height=\"18\">Moteur \u00e0 courant alternatif pour machines alimentaires \u00e9mulsifi\u00e9es IEC<\/td>\n<td style=\"width: 26.134%;\" align=\"right\">Moteur asynchrone NEMA 56C<\/td>\n<td style=\"width: 25.162%;\" align=\"right\">Moteur \u00e0 courant alternatif en acier inoxydable IEC<\/td>\n<td style=\"width: 22.6782%;\">Moteur IEC \u00e0 haut rendement enti\u00e8rement en acier inoxydable<\/td>\n<\/tr>\n<tr>\n<td style=\"width: 25.8099%;\" align=\"right\" width=\"64\" height=\"18\"><img loading=\"lazy\" decoding=\"async\" class=\"alignnone size-full wp-image-3515\" src=\"https:\/\/fmp-components.com\/wp-content\/uploads\/2025\/01\/ep_stainless-steel-motor-2.webp\" sizes=\"(max-width: 379px) 100vw, 379px\" srcset=\"https:\/\/fmp-components.com\/wp-content\/uploads\/2025\/01\/ep_stainless-steel-motor-2.webp 379w, https:\/\/fmp-components.com\/wp-content\/uploads\/2025\/01\/ep_stainless-steel-motor-2-300x200.webp 300w, https:\/\/fmp-components.com\/wp-content\/uploads\/2025\/01\/ep_stainless-steel-motor-2-18x12.webp 18w\" alt=\"moteur en acier inoxydable\" width=\"379\" height=\"253\" title=\"\"><\/td>\n<td style=\"width: 26.134%;\" align=\"right\" width=\"64\"><img loading=\"lazy\" decoding=\"async\" class=\"alignnone size-full wp-image-3516\" src=\"https:\/\/fmp-components.com\/wp-content\/uploads\/2025\/01\/ep_stainless-steel-motor-8.webp\" sizes=\"(max-width: 379px) 100vw, 379px\" srcset=\"https:\/\/fmp-components.com\/wp-content\/uploads\/2025\/01\/ep_stainless-steel-motor-8.webp 379w, https:\/\/fmp-components.com\/wp-content\/uploads\/2025\/01\/ep_stainless-steel-motor-8-300x200.webp 300w, https:\/\/fmp-components.com\/wp-content\/uploads\/2025\/01\/ep_stainless-steel-motor-8-18x12.webp 18w\" alt=\"moteur en acier inoxydable\" width=\"379\" height=\"253\" title=\"\"><\/td>\n<td style=\"width: 25.162%;\" align=\"right\" width=\"64\"><img loading=\"lazy\" decoding=\"async\" class=\"alignnone size-full wp-image-3517\" src=\"https:\/\/fmp-components.com\/wp-content\/uploads\/2025\/01\/ep_stainless-steel-motor-7.webp\" sizes=\"(max-width: 379px) 100vw, 379px\" srcset=\"https:\/\/fmp-components.com\/wp-content\/uploads\/2025\/01\/ep_stainless-steel-motor-7.webp 379w, https:\/\/fmp-components.com\/wp-content\/uploads\/2025\/01\/ep_stainless-steel-motor-7-300x200.webp 300w, https:\/\/fmp-components.com\/wp-content\/uploads\/2025\/01\/ep_stainless-steel-motor-7-18x12.webp 18w\" alt=\"moteur en acier inoxydable\" width=\"379\" height=\"253\" title=\"\"><\/td>\n<td style=\"width: 22.6782%;\" align=\"right\" width=\"64\"><\/td>\n<\/tr>\n<tr>\n<td style=\"width: 25.8099%;\" align=\"right\" height=\"18\">Moteur pour \u00e9quipement d&#039;\u00e9pilation de poulets et de canards<\/td>\n<td style=\"width: 26.134%;\" align=\"right\">Moteur en acier inoxydable de qualit\u00e9 alimentaire NEMA<\/td>\n<td style=\"width: 25.162%;\" align=\"right\">Moteur en acier inoxydable IEC de qualit\u00e9 alimentaire<\/td>\n<td style=\"width: 22.6782%;\" align=\"right\"><\/td>\n<\/tr>\n<\/tbody>\n<\/table>\n<h2>\u00c0 propos de FMP<\/h2>\n<p>FMP est une entreprise de haute technologie de premier plan, sp\u00e9cialis\u00e9e dans la conception, le d\u00e9veloppement et la fabrication de moteurs et de solutions \u00e9lectrom\u00e9caniques de pointe. Notre gamme de produits comprend les moteurs des s\u00e9ries YE2, YE3 et YE4, ainsi qu'une large gamme de produits d\u00e9riv\u00e9s. Nous proposons \u00e9galement des moteurs sp\u00e9cialis\u00e9s pour pompes hydrauliques, notamment des versions triphas\u00e9es et monophas\u00e9es, des moteurs \u00e0 carter aluminium, des moteurs non standard, des r\u00e9ducteurs de turbine \u00e0 int\u00e9gration \u00e9lectrom\u00e9canique et d'autres solutions de moteurs sur mesure.<\/p>\n<p>Nos produits sont largement utilis\u00e9s dans divers secteurs, notamment l'automatisation industrielle, l'usinage CNC, la cordonnerie, le travail du bois, la m\u00e9tallurgie, la plasturgie et les machines de construction. L'engagement de FMP en mati\u00e8re d'innovation et de qualit\u00e9 garantit que tous ses produits r\u00e9pondent aux normes de performance et de fiabilit\u00e9 les plus strictes.<\/p>\n<p>Au-del\u00e0 de nos offres standard, nous sommes fiers de proposer des solutions sur mesure adapt\u00e9es aux besoins sp\u00e9cifiques de nos clients. Que vous ayez besoin de moteurs sp\u00e9cialis\u00e9s, de produits non standard ou de syst\u00e8mes enti\u00e8rement int\u00e9gr\u00e9s, FMP travaille en \u00e9troite collaboration avec ses clients pour leur fournir des solutions pr\u00e9cises et de haute qualit\u00e9. L'importance que nous accordons \u00e0 l'ing\u00e9nierie de pr\u00e9cision et \u00e0 la satisfaction client est le moteur de notre croissance et de notre succ\u00e8s continus sur les march\u00e9s mondiaux.<\/p>\n<p>Chez FMP, nous nous attachons \u00e0 cultiver des partenariats durables et mutuellement b\u00e9n\u00e9fiques. Nous nous engageons \u00e0 accompagner la r\u00e9ussite de nos clients, en veillant \u00e0 ce que chaque projet produise des r\u00e9sultats exceptionnels et renforce notre pr\u00e9sence mondiale.<\/p>\n<table style=\"width: 100.629%;\" border=\"0\" width=\"128\" cellspacing=\"0\" cellpadding=\"0\">\n<tbody>\n<tr>\n<td style=\"width: 49.2308%;\" align=\"right\" width=\"64\" height=\"18\"><img loading=\"lazy\" decoding=\"async\" class=\"alignnone size-full wp-image-3398\" src=\"https:\/\/fmp-components.com\/wp-content\/uploads\/2025\/01\/Three-Phase-Motor-Factory.webp\" sizes=\"(min-width: 0px) and (max-width: 480px) 480px, (min-width: 481px) 900px, 100vw\" srcset=\"https:\/\/fmp-components.com\/wp-content\/uploads\/2025\/01\/Three-Phase-Motor-Factory.webp 900w, https:\/\/fmp-components.com\/wp-content\/uploads\/2025\/01\/Three-Phase-Motor-Factory-480x320.webp 480w\" alt=\"Usine de moteurs triphas\u00e9s\" width=\"900\" height=\"600\" title=\"\"><\/td>\n<td style=\"width: 659.231%;\" align=\"right\" width=\"64\"><img loading=\"lazy\" decoding=\"async\" class=\"alignnone size-full wp-image-3399\" src=\"https:\/\/fmp-components.com\/wp-content\/uploads\/2025\/01\/Three-Phase-Motor-Factory-2.webp\" sizes=\"(min-width: 0px) and (max-width: 480px) 480px, (min-width: 481px) 900px, 100vw\" srcset=\"https:\/\/fmp-components.com\/wp-content\/uploads\/2025\/01\/Three-Phase-Motor-Factory-2.webp 900w, https:\/\/fmp-components.com\/wp-content\/uploads\/2025\/01\/Three-Phase-Motor-Factory-2-480x320.webp 480w\" alt=\"Usine de moteurs triphas\u00e9s 2\" width=\"900\" height=\"600\" title=\"\"><\/td>\n<\/tr>\n<tr>\n<td style=\"width: 49.2308%;\" align=\"right\" height=\"18\"><img loading=\"lazy\" decoding=\"async\" class=\"alignnone size-full wp-image-3400\" src=\"https:\/\/fmp-components.com\/wp-content\/uploads\/2025\/01\/China-Three-Phase-Motor-Factory-1.webp\" sizes=\"(min-width: 0px) and (max-width: 480px) 480px, (min-width: 481px) 900px, 100vw\" srcset=\"https:\/\/fmp-components.com\/wp-content\/uploads\/2025\/01\/China-Three-Phase-Motor-Factory-1.webp 900w, https:\/\/fmp-components.com\/wp-content\/uploads\/2025\/01\/China-Three-Phase-Motor-Factory-1-480x320.webp 480w\" alt=\"Usine de moteurs triphas\u00e9s 1\" width=\"900\" height=\"600\" title=\"\"><\/td>\n<td style=\"width: 659.231%;\" align=\"right\"><img loading=\"lazy\" decoding=\"async\" class=\"alignnone size-full wp-image-3401\" src=\"https:\/\/fmp-components.com\/wp-content\/uploads\/2025\/01\/Three-Phase-Motor-Factory-3.webp\" sizes=\"(min-width: 0px) and (max-width: 480px) 480px, (min-width: 481px) 900px, 100vw\" srcset=\"https:\/\/fmp-components.com\/wp-content\/uploads\/2025\/01\/Three-Phase-Motor-Factory-3.webp 900w, https:\/\/fmp-components.com\/wp-content\/uploads\/2025\/01\/Three-Phase-Motor-Factory-3-480x320.webp 480w\" alt=\"Usine de moteurs triphas\u00e9s 3\" width=\"900\" height=\"600\" title=\"\"><\/td>\n<\/tr>\n<tr>\n<td style=\"width: 49.2308%;\"><img loading=\"lazy\" decoding=\"async\" class=\"alignnone size-full wp-image-3471\" src=\"https:\/\/fmp-components.com\/wp-content\/uploads\/2025\/01\/Single-Phase-Induction-Motor-Suppliers.webp\" sizes=\"(min-width: 0px) and (max-width: 480px) 480px, (min-width: 481px) 900px, 100vw\" srcset=\"https:\/\/fmp-components.com\/wp-content\/uploads\/2025\/01\/Single-Phase-Induction-Motor-Suppliers.webp 900w, https:\/\/fmp-components.com\/wp-content\/uploads\/2025\/01\/Single-Phase-Induction-Motor-Suppliers-480x320.webp 480w\" alt=\"Fournisseurs de moteurs \u00e0 induction monophas\u00e9s\" width=\"900\" height=\"600\" title=\"\"><\/td>\n<td style=\"width: 659.231%;\"><img loading=\"lazy\" decoding=\"async\" class=\"alignnone size-full wp-image-3470\" src=\"https:\/\/fmp-components.com\/wp-content\/uploads\/2025\/01\/Single-Phase-Induction-Motor-Manufacturers-1.webp\" sizes=\"(min-width: 0px) and (max-width: 480px) 480px, (min-width: 481px) 900px, 100vw\" srcset=\"https:\/\/fmp-components.com\/wp-content\/uploads\/2025\/01\/Single-Phase-Induction-Motor-Manufacturers-1.webp 900w, https:\/\/fmp-components.com\/wp-content\/uploads\/2025\/01\/Single-Phase-Induction-Motor-Manufacturers-1-480x320.webp 480w\" alt=\"Fabricants de moteurs \u00e0 induction monophas\u00e9s\u00a01\" width=\"900\" height=\"600\" title=\"\"><\/td>\n<\/tr>\n<tr>\n<td style=\"width: 49.2308%;\"><img loading=\"lazy\" decoding=\"async\" class=\"alignnone size-full wp-image-3472\" src=\"https:\/\/fmp-components.com\/wp-content\/uploads\/2025\/01\/Single-Phase-Induction-Motor-Manufacturers.webp\" sizes=\"(min-width: 0px) and (max-width: 480px) 480px, (min-width: 481px) 900px, 100vw\" srcset=\"https:\/\/fmp-components.com\/wp-content\/uploads\/2025\/01\/Single-Phase-Induction-Motor-Manufacturers.webp 900w, https:\/\/fmp-components.com\/wp-content\/uploads\/2025\/01\/Single-Phase-Induction-Motor-Manufacturers-480x320.webp 480w\" alt=\"Fabricants de moteurs \u00e0 induction monophas\u00e9s\" width=\"900\" height=\"600\" title=\"\"><\/td>\n<td style=\"width: 659.231%;\"><img loading=\"lazy\" decoding=\"async\" class=\"alignnone size-full wp-image-3473\" src=\"https:\/\/fmp-components.com\/wp-content\/uploads\/2025\/01\/Single-Phase-Induction-Motor-for-Sale.webp\" sizes=\"(min-width: 0px) and (max-width: 480px) 480px, (min-width: 481px) 900px, 100vw\" srcset=\"https:\/\/fmp-components.com\/wp-content\/uploads\/2025\/01\/Single-Phase-Induction-Motor-for-Sale.webp 900w, https:\/\/fmp-components.com\/wp-content\/uploads\/2025\/01\/Single-Phase-Induction-Motor-for-Sale-480x320.webp 480w\" alt=\"Moteur \u00e0 induction monophas\u00e9 \u00e0 vendre\" width=\"900\" height=\"600\" title=\"\"><\/td>\n<\/tr>\n<\/tbody>\n<\/table>\n<p>Auteur : CX<\/p>","protected":false},"excerpt":{"rendered":"<p>Frame Type Flange type Poles D E F G M N P R S T Flange Hole Shaft Hole AC AD 63 FT115 2,4 11 23 4 8.5 115 95 140 0 10 2.5 4 M4 114 117 71 FT130 2.4.6 14 30 5 11 130 110 160 0 10 2.5 4 M5 134 129 [&hellip;]<\/p>","protected":false},"featured_media":3552,"comment_status":"open","ping_status":"closed","template":"","meta":{"_et_pb_use_builder":"","_et_pb_old_content":"","_et_gb_content_width":""},"product_brand":[],"product_cat":[88],"product_tag":[],"class_list":{"0":"post-3551","1":"product","2":"type-product","3":"status-publish","4":"has-post-thumbnail","6":"product_cat-stainless-steel-motors","8":"first","9":"instock","10":"shipping-taxable","11":"product-type-simple"},"_links":{"self":[{"href":"https:\/\/fmp-components.com\/fr\/wp-json\/wp\/v2\/product\/3551","targetHints":{"allow":["GET"]}}],"collection":[{"href":"https:\/\/fmp-components.com\/fr\/wp-json\/wp\/v2\/product"}],"about":[{"href":"https:\/\/fmp-components.com\/fr\/wp-json\/wp\/v2\/types\/product"}],"replies":[{"embeddable":true,"href":"https:\/\/fmp-components.com\/fr\/wp-json\/wp\/v2\/comments?post=3551"}],"wp:featuredmedia":[{"embeddable":true,"href":"https:\/\/fmp-components.com\/fr\/wp-json\/wp\/v2\/media\/3552"}],"wp:attachment":[{"href":"https:\/\/fmp-components.com\/fr\/wp-json\/wp\/v2\/media?parent=3551"}],"wp:term":[{"taxonomy":"product_brand","embeddable":true,"href":"https:\/\/fmp-components.com\/fr\/wp-json\/wp\/v2\/product_brand?post=3551"},{"taxonomy":"product_cat","embeddable":true,"href":"https:\/\/fmp-components.com\/fr\/wp-json\/wp\/v2\/product_cat?post=3551"},{"taxonomy":"product_tag","embeddable":true,"href":"https:\/\/fmp-components.com\/fr\/wp-json\/wp\/v2\/product_tag?post=3551"}],"curies":[{"name":"wp","href":"https:\/\/api.w.org\/{rel}","templated":true}]}}