{"id":3535,"date":"2025-01-08T03:23:35","date_gmt":"2025-01-08T03:23:35","guid":{"rendered":"https:\/\/fmp-components.com\/?page_id=8"},"modified":"2025-01-08T03:28:26","modified_gmt":"2025-01-08T03:28:26","slug":"b5-flange-mounted-stainless-steel-motor-tefc-for-food-machinery","status":"publish","type":"product","link":"https:\/\/fmp-components.com\/fr\/product\/b5-flange-mounted-stainless-steel-motor-tefc-for-food-machinery\/","title":{"rendered":"Moteur \u00e0 bride B5 en acier inoxydable TEFC pour machines alimentaires"},"content":{"rendered":"<p><img loading=\"lazy\" decoding=\"async\" class=\"alignnone size-full wp-image-3539\" src=\"https:\/\/fmp-components.com\/wp-content\/uploads\/2025\/01\/fmp_0.stainless-steel-motor-2.webp\" alt=\"fmp_0.moteur-en-acier-inoxydable-2\" width=\"1579\" height=\"608\" title=\"\" srcset=\"https:\/\/fmp-components.com\/wp-content\/uploads\/2025\/01\/fmp_0.stainless-steel-motor-2.webp 1579w, https:\/\/fmp-components.com\/wp-content\/uploads\/2025\/01\/fmp_0.stainless-steel-motor-2-1280x493.webp 1280w, https:\/\/fmp-components.com\/wp-content\/uploads\/2025\/01\/fmp_0.stainless-steel-motor-2-980x377.webp 980w, https:\/\/fmp-components.com\/wp-content\/uploads\/2025\/01\/fmp_0.stainless-steel-motor-2-480x185.webp 480w\" sizes=\"(min-width: 0px) and (max-width: 480px) 480px, (min-width: 481px) and (max-width: 980px) 980px, (min-width: 981px) and (max-width: 1280px) 1280px, (min-width: 1281px) 1579px, 100vw\" \/> <img loading=\"lazy\" decoding=\"async\" class=\"alignnone wp-image-3537\" src=\"https:\/\/fmp-components.com\/wp-content\/uploads\/2025\/01\/fmp_7.stainless-steel-motor-2.webp\" alt=\"fmp_7.moteur-en-acier-inoxydable-2\" width=\"929\" height=\"481\" title=\"\" srcset=\"https:\/\/fmp-components.com\/wp-content\/uploads\/2025\/01\/fmp_7.stainless-steel-motor-2.webp 929w, https:\/\/fmp-components.com\/wp-content\/uploads\/2025\/01\/fmp_7.stainless-steel-motor-2-480x249.webp 480w\" sizes=\"(min-width: 0px) and (max-width: 480px) 480px, (min-width: 481px) 929px, 100vw\" \/><\/p>\n<table style=\"width: 101.327%; height: 208px;\" border=\"1\">\n<tbody>\n<tr>\n<td>Type de cadre<\/td>\n<td>Type de bride<\/td>\n<td>Polonais<\/td>\n<td>D<\/td>\n<td>E<\/td>\n<td>F<\/td>\n<td>G<\/td>\n<td>M<\/td>\n<td>N<\/td>\n<td>P<\/td>\n<td>R<\/td>\n<td>S<\/td>\n<td>T<\/td>\n<td>Trou de bride<\/td>\n<td>trou d&#039;arbre<\/td>\n<td>CA<\/td>\n<td>ANNONCE<\/td>\n<\/tr>\n<tr>\n<td>71<\/td>\n<td>FT130<\/td>\n<td>2, 4, 6<\/td>\n<td>14<\/td>\n<td>30<\/td>\n<td>5<\/td>\n<td>11<\/td>\n<td>130<\/td>\n<td>110<\/td>\n<td>160<\/td>\n<td>0<\/td>\n<td>10<\/td>\n<td>3.5<\/td>\n<td>4<\/td>\n<td>M5<\/td>\n<td>134<\/td>\n<td>129<\/td>\n<\/tr>\n<tr>\n<td>80<\/td>\n<td>FT165<\/td>\n<td>2, 4, 6<\/td>\n<td>19<\/td>\n<td>40<\/td>\n<td>6<\/td>\n<td>15.5<\/td>\n<td>165<\/td>\n<td>130<\/td>\n<td>200<\/td>\n<td>0<\/td>\n<td>12<\/td>\n<td>3.5<\/td>\n<td>4<\/td>\n<td>M6<\/td>\n<td>144<\/td>\n<td>135<\/td>\n<\/tr>\n<tr>\n<td>90<\/td>\n<td>FT165<\/td>\n<td>2, 4, 6<\/td>\n<td>24<\/td>\n<td>50<\/td>\n<td>8<\/td>\n<td>20<\/td>\n<td>165<\/td>\n<td>130<\/td>\n<td>200<\/td>\n<td>0<\/td>\n<td>12<\/td>\n<td>3.5<\/td>\n<td>4<\/td>\n<td>M8<\/td>\n<td>176<\/td>\n<td>147<\/td>\n<\/tr>\n<tr>\n<td>100<\/td>\n<td>FT215<\/td>\n<td>2, 4, 6<\/td>\n<td>28<\/td>\n<td>60<\/td>\n<td>8<\/td>\n<td>24<\/td>\n<td>215<\/td>\n<td>180<\/td>\n<td>250<\/td>\n<td>0<\/td>\n<td>15<\/td>\n<td>4<\/td>\n<td>4<\/td>\n<td>M10<\/td>\n<td>203<\/td>\n<td>169<\/td>\n<\/tr>\n<tr>\n<td>112<\/td>\n<td>FT215<\/td>\n<td>2, 4, 6<\/td>\n<td>28<\/td>\n<td>60<\/td>\n<td>8<\/td>\n<td>24<\/td>\n<td>215<\/td>\n<td>180<\/td>\n<td>250<\/td>\n<td>0<\/td>\n<td>15<\/td>\n<td>4<\/td>\n<td>4<\/td>\n<td>M10<\/td>\n<td>218<\/td>\n<td>174<\/td>\n<\/tr>\n<tr>\n<td>132<\/td>\n<td>FT265<\/td>\n<td>2, 4, 6<\/td>\n<td>38<\/td>\n<td>80<\/td>\n<td>10<\/td>\n<td>33<\/td>\n<td>265<\/td>\n<td>230<\/td>\n<td>300<\/td>\n<td>0<\/td>\n<td>15<\/td>\n<td>4<\/td>\n<td>4<\/td>\n<td>M12<\/td>\n<td>256<\/td>\n<td>192<\/td>\n<\/tr>\n<\/tbody>\n<\/table>\n<h2>Avantages des moteurs en acier inoxydable<\/h2>\n<ul>\n<li><strong>Normes sanitaires \u00e9lev\u00e9es<\/strong><br \/>\nLe moteur en acier inoxydable que nous avons d\u00e9velopp\u00e9 pr\u00e9sente une surface lisse qui r\u00e9pond aux normes d&#039;hygi\u00e8ne rigoureuses requises par le march\u00e9, garantissant \u00e0 la fois s\u00e9curit\u00e9 et propret\u00e9 dans des environnements exigeants.<\/li>\n<li><strong>Conception r\u00e9sistante \u00e0 la corrosion<\/strong><br \/>\nConstruit avec un cadre tubulaire et une conception ferm\u00e9e, le moteur \u00e9limine les ouvertures de ventilation, emp\u00eachant ainsi l&#039;accumulation de poussi\u00e8re ou de r\u00e9sidus alimentaires. Le bo\u00eetier ext\u00e9rieur est enti\u00e8rement en acier inoxydable, sans aucun composant en plastique. La plaque signal\u00e9tique est grav\u00e9e au laser sur le couvercle ou la bo\u00eete de jonction, garantissant ainsi sa propret\u00e9 et sa durabilit\u00e9. Cette conception permet un nettoyage facile de la surface du moteur et sa r\u00e9sistance aux agents corrosifs courants.<\/li>\n<li><strong>Protection et efficacit\u00e9 am\u00e9lior\u00e9es<\/strong><br \/>\nDot\u00e9 d&#039;un indice de protection IP69K, le moteur en acier inoxydable est hautement r\u00e9sistant \u00e0 l&#039;eau et \u00e0 la poussi\u00e8re. Il r\u00e9pond aux normes d&#039;efficacit\u00e9 IE4 et sa conception \u00e9lectrique pr\u00e9cise garantit un contr\u00f4le efficace de la temp\u00e9rature interne et de surface. De plus, il est dot\u00e9 d&#039;une isolation de haute qualit\u00e9, ce qui le rend compatible avec les variateurs de fr\u00e9quence.<\/li>\n<li><strong>Solutions personnalis\u00e9es<\/strong><br \/>\nFMP est capable de d\u00e9velopper des solutions \u00e9lectriques et m\u00e9caniques uniques pour r\u00e9pondre aux exigences sp\u00e9cifiques des clients, en fournissant des conceptions sur mesure pour diverses applications.<\/li>\n<\/ul>\n<p><img loading=\"lazy\" decoding=\"async\" class=\"alignnone  wp-image-3541\" src=\"https:\/\/fmp-components.com\/wp-content\/uploads\/2025\/01\/fmp_steel-motor-application-1.webp\" alt=\"fmp_steel-motor-application-1\" width=\"922\" height=\"523\" title=\"\" srcset=\"https:\/\/fmp-components.com\/wp-content\/uploads\/2025\/01\/fmp_steel-motor-application-1.webp 476w, https:\/\/fmp-components.com\/wp-content\/uploads\/2025\/01\/fmp_steel-motor-application-1-300x170.webp 300w, https:\/\/fmp-components.com\/wp-content\/uploads\/2025\/01\/fmp_steel-motor-application-1-18x10.webp 18w\" sizes=\"(max-width: 922px) 100vw, 922px\" \/><\/p>\n<h2>Moteur en acier inoxydable associ\u00e9<\/h2>\n<table style=\"width: 100%;\" border=\"1\" width=\"100%\" cellspacing=\"0\" cellpadding=\"0\">\n<tbody>\n<tr>\n<td style=\"width: 25.9179%;\" align=\"right\" width=\"64\" height=\"18\"><img loading=\"lazy\" decoding=\"async\" class=\"alignnone size-full wp-image-3507\" src=\"https:\/\/fmp-components.com\/wp-content\/uploads\/2025\/01\/ep_stainless-steel-motor-1.webp\" sizes=\"(max-width: 379px) 100vw, 379px\" srcset=\"https:\/\/fmp-components.com\/wp-content\/uploads\/2025\/01\/ep_stainless-steel-motor-1.webp 379w, https:\/\/fmp-components.com\/wp-content\/uploads\/2025\/01\/ep_stainless-steel-motor-1-300x200.webp 300w, https:\/\/fmp-components.com\/wp-content\/uploads\/2025\/01\/ep_stainless-steel-motor-1-18x12.webp 18w\" alt=\"moteur en acier inoxydable\" width=\"379\" height=\"253\" title=\"\"><\/td>\n<td style=\"width: 25.8099%;\" align=\"right\" width=\"64\"><img loading=\"lazy\" decoding=\"async\" class=\"alignnone size-full wp-image-3508\" src=\"https:\/\/fmp-components.com\/wp-content\/uploads\/2025\/01\/ep_stainless-steel-motor-2-2.webp\" sizes=\"(max-width: 379px) 100vw, 379px\" srcset=\"https:\/\/fmp-components.com\/wp-content\/uploads\/2025\/01\/ep_stainless-steel-motor-2-2.webp 379w, https:\/\/fmp-components.com\/wp-content\/uploads\/2025\/01\/ep_stainless-steel-motor-2-2-300x200.webp 300w, https:\/\/fmp-components.com\/wp-content\/uploads\/2025\/01\/ep_stainless-steel-motor-2-2-18x12.webp 18w\" alt=\"moteur en acier inoxydable\" width=\"379\" height=\"253\" title=\"\"><\/td>\n<td style=\"width: 25.378%;\" align=\"right\" width=\"64\"><img loading=\"lazy\" decoding=\"async\" class=\"alignnone size-full wp-image-3509\" src=\"https:\/\/fmp-components.com\/wp-content\/uploads\/2025\/01\/ep_stainless-steel-motor-6.webp\" sizes=\"(max-width: 379px) 100vw, 379px\" srcset=\"https:\/\/fmp-components.com\/wp-content\/uploads\/2025\/01\/ep_stainless-steel-motor-6.webp 379w, https:\/\/fmp-components.com\/wp-content\/uploads\/2025\/01\/ep_stainless-steel-motor-6-300x200.webp 300w, https:\/\/fmp-components.com\/wp-content\/uploads\/2025\/01\/ep_stainless-steel-motor-6-18x12.webp 18w\" alt=\"moteur en acier inoxydable\" width=\"379\" height=\"253\" title=\"\"><\/td>\n<td style=\"width: 22.6782%;\" align=\"right\" width=\"64\"><img loading=\"lazy\" decoding=\"async\" class=\"alignnone size-full wp-image-3510\" src=\"https:\/\/fmp-components.com\/wp-content\/uploads\/2025\/01\/ep_stainless-steel-motor-300x200-1.webp\" sizes=\"(max-width: 300px) 100vw, 300px\" srcset=\"https:\/\/fmp-components.com\/wp-content\/uploads\/2025\/01\/ep_stainless-steel-motor-300x200-1.webp 300w, https:\/\/fmp-components.com\/wp-content\/uploads\/2025\/01\/ep_stainless-steel-motor-300x200-1-18x12.webp 18w\" alt=\"moteur en acier inoxydable\" width=\"300\" height=\"200\" title=\"\"><\/td>\n<\/tr>\n<tr>\n<td style=\"width: 25.9179%;\" align=\"right\" height=\"18\">Moteur \u00e0 aimant permanent en acier inoxydable<\/td>\n<td style=\"width: 25.8099%;\" align=\"right\">Moteur en acier inoxydable refroidi par eau<\/td>\n<td style=\"width: 25.378%;\" align=\"right\">Moteur \u00e9lectrique pour l&#039;industrie alimentaire<\/td>\n<td style=\"width: 22.6782%;\" align=\"right\">Moteur en acier inoxydable<\/td>\n<\/tr>\n<tr>\n<td style=\"width: 25.9179%;\" align=\"right\" height=\"18\"><img loading=\"lazy\" decoding=\"async\" class=\"alignnone size-full wp-image-3511\" src=\"https:\/\/fmp-components.com\/wp-content\/uploads\/2025\/01\/ep_stainless-steel-motor-4.webp\" sizes=\"(max-width: 379px) 100vw, 379px\" srcset=\"https:\/\/fmp-components.com\/wp-content\/uploads\/2025\/01\/ep_stainless-steel-motor-4.webp 379w, https:\/\/fmp-components.com\/wp-content\/uploads\/2025\/01\/ep_stainless-steel-motor-4-300x200.webp 300w, https:\/\/fmp-components.com\/wp-content\/uploads\/2025\/01\/ep_stainless-steel-motor-4-18x12.webp 18w\" alt=\"moteur en acier inoxydable\" width=\"379\" height=\"253\" title=\"\"><\/td>\n<td style=\"width: 25.8099%;\" align=\"right\"><img loading=\"lazy\" decoding=\"async\" class=\"alignnone size-full wp-image-3512\" src=\"https:\/\/fmp-components.com\/wp-content\/uploads\/2025\/01\/ep_stainless-steel-motor-3.webp\" sizes=\"(max-width: 379px) 100vw, 379px\" srcset=\"https:\/\/fmp-components.com\/wp-content\/uploads\/2025\/01\/ep_stainless-steel-motor-3.webp 379w, https:\/\/fmp-components.com\/wp-content\/uploads\/2025\/01\/ep_stainless-steel-motor-3-300x200.webp 300w, https:\/\/fmp-components.com\/wp-content\/uploads\/2025\/01\/ep_stainless-steel-motor-3-18x12.webp 18w\" alt=\"moteur en acier inoxydable\" width=\"379\" height=\"253\" title=\"\"><\/td>\n<td style=\"width: 25.378%;\" align=\"right\"><img loading=\"lazy\" decoding=\"async\" class=\"alignnone size-full wp-image-3513\" src=\"https:\/\/fmp-components.com\/wp-content\/uploads\/2025\/01\/ep_stainless-steel-motor-5.webp\" sizes=\"(max-width: 379px) 100vw, 379px\" srcset=\"https:\/\/fmp-components.com\/wp-content\/uploads\/2025\/01\/ep_stainless-steel-motor-5.webp 379w, https:\/\/fmp-components.com\/wp-content\/uploads\/2025\/01\/ep_stainless-steel-motor-5-300x200.webp 300w, https:\/\/fmp-components.com\/wp-content\/uploads\/2025\/01\/ep_stainless-steel-motor-5-18x12.webp 18w\" alt=\"moteur en acier inoxydable\" width=\"379\" height=\"253\" title=\"\"><\/td>\n<td style=\"width: 22.6782%;\" align=\"right\"><img loading=\"lazy\" decoding=\"async\" class=\"alignnone size-full wp-image-3514\" src=\"https:\/\/fmp-components.com\/wp-content\/uploads\/2025\/01\/ep_stainless-steel-motor-6-1.webp\" sizes=\"(max-width: 379px) 100vw, 379px\" srcset=\"https:\/\/fmp-components.com\/wp-content\/uploads\/2025\/01\/ep_stainless-steel-motor-6-1.webp 379w, https:\/\/fmp-components.com\/wp-content\/uploads\/2025\/01\/ep_stainless-steel-motor-6-1-300x200.webp 300w, https:\/\/fmp-components.com\/wp-content\/uploads\/2025\/01\/ep_stainless-steel-motor-6-1-18x12.webp 18w\" alt=\"moteur en acier inoxydable\" width=\"379\" height=\"253\" title=\"\"><\/td>\n<\/tr>\n<tr>\n<td style=\"width: 25.9179%;\" align=\"right\" height=\"18\">Moteur \u00e0 courant alternatif pour machines alimentaires \u00e9mulsifi\u00e9es IEC<\/td>\n<td style=\"width: 25.8099%;\" align=\"right\">Moteur asynchrone NEMA 56C<\/td>\n<td style=\"width: 25.378%;\" align=\"right\">Moteur \u00e0 courant alternatif en acier inoxydable IEC<\/td>\n<td style=\"width: 22.6782%;\">Moteur IEC \u00e0 haut rendement enti\u00e8rement en acier inoxydable<\/td>\n<\/tr>\n<tr>\n<td style=\"width: 25.9179%;\" align=\"right\" width=\"64\" height=\"18\"><img loading=\"lazy\" decoding=\"async\" class=\"alignnone size-full wp-image-3515\" src=\"https:\/\/fmp-components.com\/wp-content\/uploads\/2025\/01\/ep_stainless-steel-motor-2.webp\" sizes=\"(max-width: 379px) 100vw, 379px\" srcset=\"https:\/\/fmp-components.com\/wp-content\/uploads\/2025\/01\/ep_stainless-steel-motor-2.webp 379w, https:\/\/fmp-components.com\/wp-content\/uploads\/2025\/01\/ep_stainless-steel-motor-2-300x200.webp 300w, https:\/\/fmp-components.com\/wp-content\/uploads\/2025\/01\/ep_stainless-steel-motor-2-18x12.webp 18w\" alt=\"moteur en acier inoxydable\" width=\"379\" height=\"253\" title=\"\"><\/td>\n<td style=\"width: 25.8099%;\" align=\"right\" width=\"64\"><img loading=\"lazy\" decoding=\"async\" class=\"alignnone size-full wp-image-3516\" src=\"https:\/\/fmp-components.com\/wp-content\/uploads\/2025\/01\/ep_stainless-steel-motor-8.webp\" sizes=\"(max-width: 379px) 100vw, 379px\" srcset=\"https:\/\/fmp-components.com\/wp-content\/uploads\/2025\/01\/ep_stainless-steel-motor-8.webp 379w, https:\/\/fmp-components.com\/wp-content\/uploads\/2025\/01\/ep_stainless-steel-motor-8-300x200.webp 300w, https:\/\/fmp-components.com\/wp-content\/uploads\/2025\/01\/ep_stainless-steel-motor-8-18x12.webp 18w\" alt=\"moteur en acier inoxydable\" width=\"379\" height=\"253\" title=\"\"><\/td>\n<td style=\"width: 25.378%;\" align=\"right\" width=\"64\"><img loading=\"lazy\" decoding=\"async\" class=\"alignnone size-full wp-image-3517\" src=\"https:\/\/fmp-components.com\/wp-content\/uploads\/2025\/01\/ep_stainless-steel-motor-7.webp\" sizes=\"(max-width: 379px) 100vw, 379px\" srcset=\"https:\/\/fmp-components.com\/wp-content\/uploads\/2025\/01\/ep_stainless-steel-motor-7.webp 379w, https:\/\/fmp-components.com\/wp-content\/uploads\/2025\/01\/ep_stainless-steel-motor-7-300x200.webp 300w, https:\/\/fmp-components.com\/wp-content\/uploads\/2025\/01\/ep_stainless-steel-motor-7-18x12.webp 18w\" alt=\"moteur en acier inoxydable\" width=\"379\" height=\"253\" title=\"\"><\/td>\n<td style=\"width: 22.6782%;\" align=\"right\" width=\"64\"><\/td>\n<\/tr>\n<tr>\n<td style=\"width: 25.9179%;\" align=\"right\" height=\"18\">Moteur pour \u00e9quipement d&#039;\u00e9pilation de poulets et de canards<\/td>\n<td style=\"width: 25.8099%;\" align=\"right\">Moteur en acier inoxydable de qualit\u00e9 alimentaire NEMA<\/td>\n<td style=\"width: 25.378%;\" align=\"right\">Moteur en acier inoxydable IEC de qualit\u00e9 alimentaire<\/td>\n<td style=\"width: 22.6782%;\" align=\"right\"><\/td>\n<\/tr>\n<\/tbody>\n<\/table>\n<h2>\u00c0 propos de FMP<\/h2>\n<p>FMP est une entreprise nationale de haute technologie sp\u00e9cialis\u00e9e dans la conception, le d\u00e9veloppement et la production de moteurs et de solutions \u00e9lectrom\u00e9caniques de pointe. Nous produisons principalement les moteurs des s\u00e9ries YE2, YE3 et YE4, ainsi qu&#039;une gamme de produits d\u00e9riv\u00e9s. Notre gamme comprend \u00e9galement des moteurs triphas\u00e9s et monophas\u00e9s pour pompes hydrauliques, des moteurs \u00e0 carter en aluminium, des moteurs non standard pour pompes hydrauliques, des r\u00e9ducteurs de turbine \u00e0 int\u00e9gration \u00e9lectrom\u00e9canique et d&#039;autres moteurs sp\u00e9cialis\u00e9s.<\/p>\n<p>Les produits FMP sont largement utilis\u00e9s dans l&#039;automatisation industrielle, au service de secteurs cl\u00e9s tels que les tours CNC, les machines de fabrication de chaussures, les machines \u00e0 bois, les machines \u00e0 m\u00e9taux, les machines pour le plastique et les engins de chantier. Forte de son engagement envers l&#039;innovation et la qualit\u00e9, FMP garantit que tous ses produits r\u00e9pondent aux normes de performance les plus strictes.<\/p>\n<p>Outre notre gamme compl\u00e8te de produits, nous sommes fiers de proposer des solutions sur mesure adapt\u00e9es aux besoins sp\u00e9cifiques de nos clients. Que vous ayez besoin de moteurs sp\u00e9cialis\u00e9s, de produits non standard ou de syst\u00e8mes int\u00e9gr\u00e9s, FMP travaille en \u00e9troite collaboration avec ses clients pour leur fournir des solutions sur mesure de haute qualit\u00e9. Notre priorit\u00e9 accord\u00e9e \u00e0 l&#039;ing\u00e9nierie de pr\u00e9cision et \u00e0 la satisfaction client est le moteur de notre succ\u00e8s continu sur les march\u00e9s mondiaux.<\/p>\n<p>Chez FMP, nous nous engageons \u00e0 \u00e9tablir des partenariats \u00e0 long terme et mutuellement b\u00e9n\u00e9fiques, soutenant le succ\u00e8s de nos clients \u00e0 chaque projet.<\/p>\n<table style=\"width: 100.629%;\" border=\"0\" width=\"128\" cellspacing=\"0\" cellpadding=\"0\">\n<tbody>\n<tr>\n<td style=\"width: 49.2308%;\" align=\"right\" width=\"64\" height=\"18\"><img loading=\"lazy\" decoding=\"async\" class=\"alignnone size-full wp-image-3398\" src=\"https:\/\/fmp-components.com\/wp-content\/uploads\/2025\/01\/Three-Phase-Motor-Factory.webp\" sizes=\"(min-width: 0px) and (max-width: 480px) 480px, (min-width: 481px) 900px, 100vw\" srcset=\"https:\/\/fmp-components.com\/wp-content\/uploads\/2025\/01\/Three-Phase-Motor-Factory.webp 900w, https:\/\/fmp-components.com\/wp-content\/uploads\/2025\/01\/Three-Phase-Motor-Factory-480x320.webp 480w\" alt=\"Usine de moteurs triphas\u00e9s\" width=\"900\" height=\"600\" title=\"\"><\/td>\n<td style=\"width: 659.231%;\" align=\"right\" width=\"64\"><img loading=\"lazy\" decoding=\"async\" class=\"alignnone size-full wp-image-3399\" src=\"https:\/\/fmp-components.com\/wp-content\/uploads\/2025\/01\/Three-Phase-Motor-Factory-2.webp\" sizes=\"(min-width: 0px) and (max-width: 480px) 480px, (min-width: 481px) 900px, 100vw\" srcset=\"https:\/\/fmp-components.com\/wp-content\/uploads\/2025\/01\/Three-Phase-Motor-Factory-2.webp 900w, https:\/\/fmp-components.com\/wp-content\/uploads\/2025\/01\/Three-Phase-Motor-Factory-2-480x320.webp 480w\" alt=\"Usine de moteurs triphas\u00e9s 2\" width=\"900\" height=\"600\" title=\"\"><\/td>\n<\/tr>\n<tr>\n<td style=\"width: 49.2308%;\" align=\"right\" height=\"18\"><img loading=\"lazy\" decoding=\"async\" class=\"alignnone size-full wp-image-3400\" src=\"https:\/\/fmp-components.com\/wp-content\/uploads\/2025\/01\/China-Three-Phase-Motor-Factory-1.webp\" sizes=\"(min-width: 0px) and (max-width: 480px) 480px, (min-width: 481px) 900px, 100vw\" srcset=\"https:\/\/fmp-components.com\/wp-content\/uploads\/2025\/01\/China-Three-Phase-Motor-Factory-1.webp 900w, https:\/\/fmp-components.com\/wp-content\/uploads\/2025\/01\/China-Three-Phase-Motor-Factory-1-480x320.webp 480w\" alt=\"Usine de moteurs triphas\u00e9s 1\" width=\"900\" height=\"600\" title=\"\"><\/td>\n<td style=\"width: 659.231%;\" align=\"right\"><img loading=\"lazy\" decoding=\"async\" class=\"alignnone size-full wp-image-3401\" src=\"https:\/\/fmp-components.com\/wp-content\/uploads\/2025\/01\/Three-Phase-Motor-Factory-3.webp\" sizes=\"(min-width: 0px) and (max-width: 480px) 480px, (min-width: 481px) 900px, 100vw\" srcset=\"https:\/\/fmp-components.com\/wp-content\/uploads\/2025\/01\/Three-Phase-Motor-Factory-3.webp 900w, https:\/\/fmp-components.com\/wp-content\/uploads\/2025\/01\/Three-Phase-Motor-Factory-3-480x320.webp 480w\" alt=\"Usine de moteurs triphas\u00e9s 3\" width=\"900\" height=\"600\" title=\"\"><\/td>\n<\/tr>\n<tr>\n<td style=\"width: 49.2308%;\"><img loading=\"lazy\" decoding=\"async\" class=\"alignnone size-full wp-image-3471\" src=\"https:\/\/fmp-components.com\/wp-content\/uploads\/2025\/01\/Single-Phase-Induction-Motor-Suppliers.webp\" sizes=\"(min-width: 0px) and (max-width: 480px) 480px, (min-width: 481px) 900px, 100vw\" srcset=\"https:\/\/fmp-components.com\/wp-content\/uploads\/2025\/01\/Single-Phase-Induction-Motor-Suppliers.webp 900w, https:\/\/fmp-components.com\/wp-content\/uploads\/2025\/01\/Single-Phase-Induction-Motor-Suppliers-480x320.webp 480w\" alt=\"Fournisseurs de moteurs \u00e0 induction monophas\u00e9s\" width=\"900\" height=\"600\" title=\"\"><\/td>\n<td style=\"width: 659.231%;\"><img loading=\"lazy\" decoding=\"async\" class=\"alignnone size-full wp-image-3470\" src=\"https:\/\/fmp-components.com\/wp-content\/uploads\/2025\/01\/Single-Phase-Induction-Motor-Manufacturers-1.webp\" sizes=\"(min-width: 0px) and (max-width: 480px) 480px, (min-width: 481px) 900px, 100vw\" srcset=\"https:\/\/fmp-components.com\/wp-content\/uploads\/2025\/01\/Single-Phase-Induction-Motor-Manufacturers-1.webp 900w, https:\/\/fmp-components.com\/wp-content\/uploads\/2025\/01\/Single-Phase-Induction-Motor-Manufacturers-1-480x320.webp 480w\" alt=\"Fabricants de moteurs \u00e0 induction monophas\u00e9s\u00a01\" width=\"900\" height=\"600\" title=\"\"><\/td>\n<\/tr>\n<tr>\n<td style=\"width: 49.2308%;\"><img loading=\"lazy\" decoding=\"async\" class=\"alignnone size-full wp-image-3472\" src=\"https:\/\/fmp-components.com\/wp-content\/uploads\/2025\/01\/Single-Phase-Induction-Motor-Manufacturers.webp\" sizes=\"(min-width: 0px) and (max-width: 480px) 480px, (min-width: 481px) 900px, 100vw\" srcset=\"https:\/\/fmp-components.com\/wp-content\/uploads\/2025\/01\/Single-Phase-Induction-Motor-Manufacturers.webp 900w, https:\/\/fmp-components.com\/wp-content\/uploads\/2025\/01\/Single-Phase-Induction-Motor-Manufacturers-480x320.webp 480w\" alt=\"Fabricants de moteurs \u00e0 induction monophas\u00e9s\" width=\"900\" height=\"600\" title=\"\"><\/td>\n<td style=\"width: 659.231%;\"><img loading=\"lazy\" decoding=\"async\" class=\"alignnone size-full wp-image-3473\" src=\"https:\/\/fmp-components.com\/wp-content\/uploads\/2025\/01\/Single-Phase-Induction-Motor-for-Sale.webp\" sizes=\"(min-width: 0px) and (max-width: 480px) 480px, (min-width: 481px) 900px, 100vw\" srcset=\"https:\/\/fmp-components.com\/wp-content\/uploads\/2025\/01\/Single-Phase-Induction-Motor-for-Sale.webp 900w, https:\/\/fmp-components.com\/wp-content\/uploads\/2025\/01\/Single-Phase-Induction-Motor-for-Sale-480x320.webp 480w\" alt=\"Moteur \u00e0 induction monophas\u00e9 \u00e0 vendre\" width=\"900\" height=\"600\" title=\"\"><\/td>\n<\/tr>\n<\/tbody>\n<\/table>\n<p>Auteur : CX<\/p>","protected":false},"excerpt":{"rendered":"<p>Frame Type Flange type Poles D E F G M N P R S T Flange hole shaft hole AC AD 71 FT130 2, 4, 6 14 30 5 11 130 110 160 0 10 3.5 4 M5 134 129 80 FT165 2, 4, 6 19 40 6 15.5 165 130 200 0 12 3.5 [&hellip;]<\/p>","protected":false},"featured_media":3538,"comment_status":"open","ping_status":"closed","template":"","meta":{"_et_pb_use_builder":"","_et_pb_old_content":"","_et_gb_content_width":""},"product_brand":[],"product_cat":[88],"product_tag":[],"class_list":{"0":"post-3535","1":"product","2":"type-product","3":"status-publish","4":"has-post-thumbnail","6":"product_cat-stainless-steel-motors","8":"first","9":"instock","10":"shipping-taxable","11":"product-type-simple"},"_links":{"self":[{"href":"https:\/\/fmp-components.com\/fr\/wp-json\/wp\/v2\/product\/3535","targetHints":{"allow":["GET"]}}],"collection":[{"href":"https:\/\/fmp-components.com\/fr\/wp-json\/wp\/v2\/product"}],"about":[{"href":"https:\/\/fmp-components.com\/fr\/wp-json\/wp\/v2\/types\/product"}],"replies":[{"embeddable":true,"href":"https:\/\/fmp-components.com\/fr\/wp-json\/wp\/v2\/comments?post=3535"}],"wp:featuredmedia":[{"embeddable":true,"href":"https:\/\/fmp-components.com\/fr\/wp-json\/wp\/v2\/media\/3538"}],"wp:attachment":[{"href":"https:\/\/fmp-components.com\/fr\/wp-json\/wp\/v2\/media?parent=3535"}],"wp:term":[{"taxonomy":"product_brand","embeddable":true,"href":"https:\/\/fmp-components.com\/fr\/wp-json\/wp\/v2\/product_brand?post=3535"},{"taxonomy":"product_cat","embeddable":true,"href":"https:\/\/fmp-components.com\/fr\/wp-json\/wp\/v2\/product_cat?post=3535"},{"taxonomy":"product_tag","embeddable":true,"href":"https:\/\/fmp-components.com\/fr\/wp-json\/wp\/v2\/product_tag?post=3535"}],"curies":[{"name":"wp","href":"https:\/\/api.w.org\/{rel}","templated":true}]}}