{"id":3532,"date":"2025-01-08T03:11:19","date_gmt":"2025-01-08T03:11:19","guid":{"rendered":"https:\/\/fmp-components.com\/?page_id=8"},"modified":"2025-01-08T03:22:57","modified_gmt":"2025-01-08T03:22:57","slug":"ip67-waterproof-nema-stainless-steel-motor-tenv","status":"publish","type":"product","link":"https:\/\/fmp-components.com\/fr\/product\/ip67-waterproof-nema-stainless-steel-motor-tenv\/","title":{"rendered":"Moteur TENV en acier inoxydable NEMA \u00e9tanche IP67"},"content":{"rendered":"<p style=\"text-align: center;\"><span style=\"font-size: 18pt;\">Moteur TENV en acier inoxydable NEMA \u00e9tanche IP67<\/span><\/p>\n<p>Les moteurs NEMA en acier inoxydable existent en deux versions\u00a0: enti\u00e8rement ferm\u00e9s et \u00e0 refroidissement par air, et enti\u00e8rement ferm\u00e9s et \u00e0 refroidissement par ventilateur. Ils sont conformes aux normes NEMA et pr\u00e9sentent un rendement \u00e9lev\u00e9. Le rendement des moteurs de plus de 1\u00a0CV r\u00e9pond aux normes d'efficacit\u00e9 sp\u00e9cifiques. Le carter, le couvercle d'extr\u00e9mit\u00e9, le capot, la sortie d'arbre, les pieds et le bo\u00eetier de raccordement sont tous en acier inoxydable et leur surface ext\u00e9rieure n'est pas peinte. Ce moteur est largement utilis\u00e9 dans les industries agroalimentaires et pharmaceutiques.<\/p>\n<p>Variateur de fr\u00e9quence nominal 6-60 Hz CT, VFD\/PWM 1,0 SF<br \/>\nJoint d'\u00e9tanch\u00e9it\u00e9 sur la tige prolong\u00e9e<br \/>\nLe couvercle d'extr\u00e9mit\u00e9 est \u00e9quip\u00e9 de trous de drainage, adapt\u00e9s \u00e0 l'\u00e9vacuation de l'eau quelle que soit la m\u00e9thode d'installation.<br \/>\nL'orifice de vidange en T est install\u00e9 sur la base du couvercle d'extr\u00e9mit\u00e9 non c\u00f4t\u00e9 arbre et peut \u00eatre repositionn\u00e9.<br \/>\nLe deuxi\u00e8me orifice de drainage en T est utilis\u00e9 pour l'extr\u00e9mit\u00e9 de l'arbre, qui peut \u00eatre install\u00e9e par le client \u00e0 un point de drainage appropri\u00e9.<\/p>\n<h2>Param\u00e8tres du moteur en acier inoxydable<\/h2>\n<p><img loading=\"lazy\" decoding=\"async\" class=\"alignnone wp-image-3533\" src=\"https:\/\/fmp-components.com\/wp-content\/uploads\/2025\/01\/ep_8.stainless-steel-motor-1.webp\" alt=\"fmp_8.moteur-acier-inoxydable-1\" width=\"915\" height=\"375\" title=\"\" srcset=\"https:\/\/fmp-components.com\/wp-content\/uploads\/2025\/01\/ep_8.stainless-steel-motor-1.webp 915w, https:\/\/fmp-components.com\/wp-content\/uploads\/2025\/01\/ep_8.stainless-steel-motor-1-480x197.webp 480w\" sizes=\"(min-width: 0px) and (max-width: 480px) 480px, (min-width: 481px) 915px, 100vw\" \/><\/p>\n<table style=\"width: 99.8454%;\" border=\"1\">\n<tbody>\n<tr>\n<td style=\"width: 7.20461%;\"><strong>Cadre\u00a0<\/strong><\/td>\n<td style=\"width: 3.31412%;\"><strong>UN<\/strong><\/td>\n<td style=\"width: 4.46686%;\"><strong>BB<\/strong><\/td>\n<td style=\"width: 4.46686%;\"><strong>Licence<\/strong><\/td>\n<td style=\"width: 4.46686%;\"><strong>NO<\/strong><\/td>\n<td style=\"width: 5.6196%;\"><strong>Tu<\/strong><\/td>\n<td style=\"width: 5.6196%;\"><strong>R<\/strong><\/td>\n<td style=\"width: 5.6196%;\"><strong>S<\/strong><\/td>\n<td style=\"width: 4.46686%;\"><strong>ES<\/strong><\/td>\n<td style=\"width: 4.46686%;\"><strong>E<\/strong><\/td>\n<td style=\"width: 2.88184%;\"><strong>2F<\/strong><\/td>\n<td style=\"width: 4.46686%;\"><strong>B<\/strong><\/td>\n<td style=\"width: 4.46686%;\"><strong>H<\/strong><\/td>\n<td style=\"width: 5.76369%;\"><strong>BF<\/strong><\/td>\n<td style=\"width: 5.6196%;\"><strong>AJ<\/strong><\/td>\n<td style=\"width: 3.45821%;\"><strong>AK<\/strong><\/td>\n<td style=\"width: 4.46686%;\"><strong>P<\/strong><\/td>\n<td style=\"width: 4.46686%;\"><strong>AB<\/strong><\/td>\n<td style=\"width: 5.6196%;\"><strong>D<\/strong><\/td>\n<td style=\"width: 38.1844%;\"><strong>O<\/strong><\/td>\n<\/tr>\n<tr>\n<td style=\"width: 7.20461%;\">56C<\/td>\n<td style=\"width: 3.31412%;\">6.5<\/td>\n<td style=\"width: 4.46686%;\">0.16<\/td>\n<td style=\"width: 4.46686%;\">2.75<\/td>\n<td style=\"width: 4.46686%;\">1.88<\/td>\n<td style=\"width: 5.6196%;\">0.625<\/td>\n<td style=\"width: 5.6196%;\">0.517<\/td>\n<td style=\"width: 5.6196%;\">0.188<\/td>\n<td style=\"width: 4.46686%;\">1.41<\/td>\n<td style=\"width: 4.46686%;\">2.44<\/td>\n<td style=\"width: 2.88184%;\">3<\/td>\n<td style=\"width: 4.46686%;\">3.87<\/td>\n<td style=\"width: 4.46686%;\">0.34<\/td>\n<td style=\"width: 5.76369%;\">3\/8-16<\/td>\n<td style=\"width: 5.6196%;\">5.875<\/td>\n<td style=\"width: 3.45821%;\">4.5<\/td>\n<td style=\"width: 4.46686%;\">6.46<\/td>\n<td style=\"width: 4.46686%;\">5.79<\/td>\n<td style=\"width: 5.6196%;\">3.504<\/td>\n<td style=\"width: 38.1844%;\">6.73<\/td>\n<\/tr>\n<tr>\n<td style=\"width: 7.20461%;\">143TC<\/td>\n<td style=\"width: 3.31412%;\">6.5<\/td>\n<td style=\"width: 4.46686%;\">0.16<\/td>\n<td style=\"width: 4.46686%;\">2.75<\/td>\n<td style=\"width: 4.46686%;\">2.25<\/td>\n<td style=\"width: 5.6196%;\">0.771<\/td>\n<td style=\"width: 5.6196%;\">0.771<\/td>\n<td style=\"width: 5.6196%;\">0.188<\/td>\n<td style=\"width: 4.46686%;\">1.41<\/td>\n<td style=\"width: 4.46686%;\">2.44<\/td>\n<td style=\"width: 2.88184%;\">4<\/td>\n<td style=\"width: 4.46686%;\">4.87<\/td>\n<td style=\"width: 4.46686%;\">4.87<\/td>\n<td style=\"width: 5.76369%;\">3\/8-16<\/td>\n<td style=\"width: 5.6196%;\">5.875<\/td>\n<td style=\"width: 3.45821%;\">4.5<\/td>\n<td style=\"width: 4.46686%;\">6.46<\/td>\n<td style=\"width: 4.46686%;\">5.79<\/td>\n<td style=\"width: 5.6196%;\">3.504<\/td>\n<td style=\"width: 38.1844%;\">6.73<\/td>\n<\/tr>\n<tr>\n<td style=\"width: 7.20461%;\">145TC<\/td>\n<td style=\"width: 3.31412%;\">6.5<\/td>\n<td style=\"width: 4.46686%;\">0.16<\/td>\n<td style=\"width: 4.46686%;\">2.75<\/td>\n<td style=\"width: 4.46686%;\">2.25<\/td>\n<td style=\"width: 5.6196%;\">0.771<\/td>\n<td style=\"width: 5.6196%;\">0.771<\/td>\n<td style=\"width: 5.6196%;\">0.188<\/td>\n<td style=\"width: 4.46686%;\">1.41<\/td>\n<td style=\"width: 4.46686%;\">2.44<\/td>\n<td style=\"width: 2.88184%;\">5<\/td>\n<td style=\"width: 4.46686%;\">4.87<\/td>\n<td style=\"width: 4.46686%;\">5.87<\/td>\n<td style=\"width: 5.76369%;\">3\/8-16<\/td>\n<td style=\"width: 5.6196%;\">5.875<\/td>\n<td style=\"width: 3.45821%;\">4.5<\/td>\n<td style=\"width: 4.46686%;\">6.46<\/td>\n<td style=\"width: 4.46686%;\">5.79<\/td>\n<td style=\"width: 5.6196%;\">3.504<\/td>\n<td style=\"width: 38.1844%;\">6.73<\/td>\n<\/tr>\n<\/tbody>\n<\/table>\n<h2>Moteur en acier inoxydable associ\u00e9<\/h2>\n<table style=\"width: 100%;\" border=\"1\" width=\"100%\" cellspacing=\"0\" cellpadding=\"0\">\n<tbody>\n<tr>\n<td style=\"width: 25.378%;\" align=\"right\" width=\"64\" height=\"18\"><img loading=\"lazy\" decoding=\"async\" class=\"alignnone size-full wp-image-3507\" src=\"https:\/\/fmp-components.com\/wp-content\/uploads\/2025\/01\/ep_stainless-steel-motor-1.webp\" sizes=\"(max-width: 379px) 100vw, 379px\" srcset=\"https:\/\/fmp-components.com\/wp-content\/uploads\/2025\/01\/ep_stainless-steel-motor-1.webp 379w, https:\/\/fmp-components.com\/wp-content\/uploads\/2025\/01\/ep_stainless-steel-motor-1-300x200.webp 300w, https:\/\/fmp-components.com\/wp-content\/uploads\/2025\/01\/ep_stainless-steel-motor-1-18x12.webp 18w\" alt=\"moteur en acier inoxydable\" width=\"379\" height=\"253\" title=\"\"><\/td>\n<td style=\"width: 26.3499%;\" align=\"right\" width=\"64\"><img loading=\"lazy\" decoding=\"async\" class=\"alignnone size-full wp-image-3508\" src=\"https:\/\/fmp-components.com\/wp-content\/uploads\/2025\/01\/ep_stainless-steel-motor-2-2.webp\" sizes=\"(max-width: 379px) 100vw, 379px\" srcset=\"https:\/\/fmp-components.com\/wp-content\/uploads\/2025\/01\/ep_stainless-steel-motor-2-2.webp 379w, https:\/\/fmp-components.com\/wp-content\/uploads\/2025\/01\/ep_stainless-steel-motor-2-2-300x200.webp 300w, https:\/\/fmp-components.com\/wp-content\/uploads\/2025\/01\/ep_stainless-steel-motor-2-2-18x12.webp 18w\" alt=\"moteur en acier inoxydable\" width=\"379\" height=\"253\" title=\"\"><\/td>\n<td style=\"width: 25.486%;\" align=\"right\" width=\"64\"><img loading=\"lazy\" decoding=\"async\" class=\"alignnone size-full wp-image-3509\" src=\"https:\/\/fmp-components.com\/wp-content\/uploads\/2025\/01\/ep_stainless-steel-motor-6.webp\" sizes=\"(max-width: 379px) 100vw, 379px\" srcset=\"https:\/\/fmp-components.com\/wp-content\/uploads\/2025\/01\/ep_stainless-steel-motor-6.webp 379w, https:\/\/fmp-components.com\/wp-content\/uploads\/2025\/01\/ep_stainless-steel-motor-6-300x200.webp 300w, https:\/\/fmp-components.com\/wp-content\/uploads\/2025\/01\/ep_stainless-steel-motor-6-18x12.webp 18w\" alt=\"moteur en acier inoxydable\" width=\"379\" height=\"253\" title=\"\"><\/td>\n<td style=\"width: 22.5702%;\" align=\"right\" width=\"64\"><img loading=\"lazy\" decoding=\"async\" class=\"alignnone size-full wp-image-3510\" src=\"https:\/\/fmp-components.com\/wp-content\/uploads\/2025\/01\/ep_stainless-steel-motor-300x200-1.webp\" sizes=\"(max-width: 300px) 100vw, 300px\" srcset=\"https:\/\/fmp-components.com\/wp-content\/uploads\/2025\/01\/ep_stainless-steel-motor-300x200-1.webp 300w, https:\/\/fmp-components.com\/wp-content\/uploads\/2025\/01\/ep_stainless-steel-motor-300x200-1-18x12.webp 18w\" alt=\"moteur en acier inoxydable\" width=\"300\" height=\"200\" title=\"\"><\/td>\n<\/tr>\n<tr>\n<td style=\"width: 25.378%;\" align=\"right\" height=\"18\">Moteur \u00e0 aimant permanent en acier inoxydable<\/td>\n<td style=\"width: 26.3499%;\" align=\"right\">Moteur en acier inoxydable refroidi par eau<\/td>\n<td style=\"width: 25.486%;\" align=\"right\">Moteur \u00e9lectrique pour l&#039;industrie alimentaire<\/td>\n<td style=\"width: 22.5702%;\" align=\"right\">Moteur en acier inoxydable<\/td>\n<\/tr>\n<tr>\n<td style=\"width: 25.378%;\" align=\"right\" height=\"18\"><img loading=\"lazy\" decoding=\"async\" class=\"alignnone size-full wp-image-3511\" src=\"https:\/\/fmp-components.com\/wp-content\/uploads\/2025\/01\/ep_stainless-steel-motor-4.webp\" sizes=\"(max-width: 379px) 100vw, 379px\" srcset=\"https:\/\/fmp-components.com\/wp-content\/uploads\/2025\/01\/ep_stainless-steel-motor-4.webp 379w, https:\/\/fmp-components.com\/wp-content\/uploads\/2025\/01\/ep_stainless-steel-motor-4-300x200.webp 300w, https:\/\/fmp-components.com\/wp-content\/uploads\/2025\/01\/ep_stainless-steel-motor-4-18x12.webp 18w\" alt=\"moteur en acier inoxydable\" width=\"379\" height=\"253\" title=\"\"><\/td>\n<td style=\"width: 26.3499%;\" align=\"right\"><img loading=\"lazy\" decoding=\"async\" class=\"alignnone size-full wp-image-3512\" src=\"https:\/\/fmp-components.com\/wp-content\/uploads\/2025\/01\/ep_stainless-steel-motor-3.webp\" sizes=\"(max-width: 379px) 100vw, 379px\" srcset=\"https:\/\/fmp-components.com\/wp-content\/uploads\/2025\/01\/ep_stainless-steel-motor-3.webp 379w, https:\/\/fmp-components.com\/wp-content\/uploads\/2025\/01\/ep_stainless-steel-motor-3-300x200.webp 300w, https:\/\/fmp-components.com\/wp-content\/uploads\/2025\/01\/ep_stainless-steel-motor-3-18x12.webp 18w\" alt=\"moteur en acier inoxydable\" width=\"379\" height=\"253\" title=\"\"><\/td>\n<td style=\"width: 25.486%;\" align=\"right\"><img loading=\"lazy\" decoding=\"async\" class=\"alignnone size-full wp-image-3513\" src=\"https:\/\/fmp-components.com\/wp-content\/uploads\/2025\/01\/ep_stainless-steel-motor-5.webp\" sizes=\"(max-width: 379px) 100vw, 379px\" srcset=\"https:\/\/fmp-components.com\/wp-content\/uploads\/2025\/01\/ep_stainless-steel-motor-5.webp 379w, https:\/\/fmp-components.com\/wp-content\/uploads\/2025\/01\/ep_stainless-steel-motor-5-300x200.webp 300w, https:\/\/fmp-components.com\/wp-content\/uploads\/2025\/01\/ep_stainless-steel-motor-5-18x12.webp 18w\" alt=\"moteur en acier inoxydable\" width=\"379\" height=\"253\" title=\"\"><\/td>\n<td style=\"width: 22.5702%;\" align=\"right\"><img loading=\"lazy\" decoding=\"async\" class=\"alignnone size-full wp-image-3514\" src=\"https:\/\/fmp-components.com\/wp-content\/uploads\/2025\/01\/ep_stainless-steel-motor-6-1.webp\" sizes=\"(max-width: 379px) 100vw, 379px\" srcset=\"https:\/\/fmp-components.com\/wp-content\/uploads\/2025\/01\/ep_stainless-steel-motor-6-1.webp 379w, https:\/\/fmp-components.com\/wp-content\/uploads\/2025\/01\/ep_stainless-steel-motor-6-1-300x200.webp 300w, https:\/\/fmp-components.com\/wp-content\/uploads\/2025\/01\/ep_stainless-steel-motor-6-1-18x12.webp 18w\" alt=\"moteur en acier inoxydable\" width=\"379\" height=\"253\" title=\"\"><\/td>\n<\/tr>\n<tr>\n<td style=\"width: 25.378%;\" align=\"right\" height=\"18\">Moteur \u00e0 courant alternatif pour machines alimentaires \u00e9mulsifi\u00e9es IEC<\/td>\n<td style=\"width: 26.3499%;\" align=\"right\">Moteur asynchrone NEMA 56C<\/td>\n<td style=\"width: 25.486%;\" align=\"right\">Moteur \u00e0 courant alternatif en acier inoxydable IEC<\/td>\n<td style=\"width: 22.5702%;\">Moteur IEC \u00e0 haut rendement enti\u00e8rement en acier inoxydable<\/td>\n<\/tr>\n<tr>\n<td style=\"width: 25.378%;\" align=\"right\" width=\"64\" height=\"18\"><img loading=\"lazy\" decoding=\"async\" class=\"alignnone size-full wp-image-3515\" src=\"https:\/\/fmp-components.com\/wp-content\/uploads\/2025\/01\/ep_stainless-steel-motor-2.webp\" sizes=\"(max-width: 379px) 100vw, 379px\" srcset=\"https:\/\/fmp-components.com\/wp-content\/uploads\/2025\/01\/ep_stainless-steel-motor-2.webp 379w, https:\/\/fmp-components.com\/wp-content\/uploads\/2025\/01\/ep_stainless-steel-motor-2-300x200.webp 300w, https:\/\/fmp-components.com\/wp-content\/uploads\/2025\/01\/ep_stainless-steel-motor-2-18x12.webp 18w\" alt=\"moteur en acier inoxydable\" width=\"379\" height=\"253\" title=\"\"><\/td>\n<td style=\"width: 26.3499%;\" align=\"right\" width=\"64\"><img loading=\"lazy\" decoding=\"async\" class=\"alignnone size-full wp-image-3516\" src=\"https:\/\/fmp-components.com\/wp-content\/uploads\/2025\/01\/ep_stainless-steel-motor-8.webp\" sizes=\"(max-width: 379px) 100vw, 379px\" srcset=\"https:\/\/fmp-components.com\/wp-content\/uploads\/2025\/01\/ep_stainless-steel-motor-8.webp 379w, https:\/\/fmp-components.com\/wp-content\/uploads\/2025\/01\/ep_stainless-steel-motor-8-300x200.webp 300w, https:\/\/fmp-components.com\/wp-content\/uploads\/2025\/01\/ep_stainless-steel-motor-8-18x12.webp 18w\" alt=\"moteur en acier inoxydable\" width=\"379\" height=\"253\" title=\"\"><\/td>\n<td style=\"width: 25.486%;\" align=\"right\" width=\"64\"><img loading=\"lazy\" decoding=\"async\" class=\"alignnone size-full wp-image-3517\" src=\"https:\/\/fmp-components.com\/wp-content\/uploads\/2025\/01\/ep_stainless-steel-motor-7.webp\" sizes=\"(max-width: 379px) 100vw, 379px\" srcset=\"https:\/\/fmp-components.com\/wp-content\/uploads\/2025\/01\/ep_stainless-steel-motor-7.webp 379w, https:\/\/fmp-components.com\/wp-content\/uploads\/2025\/01\/ep_stainless-steel-motor-7-300x200.webp 300w, https:\/\/fmp-components.com\/wp-content\/uploads\/2025\/01\/ep_stainless-steel-motor-7-18x12.webp 18w\" alt=\"moteur en acier inoxydable\" width=\"379\" height=\"253\" title=\"\"><\/td>\n<td style=\"width: 22.5702%;\" align=\"right\" width=\"64\"><\/td>\n<\/tr>\n<tr>\n<td style=\"width: 25.378%;\" align=\"right\" height=\"18\">Moteur pour \u00e9quipement d&#039;\u00e9pilation de poulets et de canards<\/td>\n<td style=\"width: 26.3499%;\" align=\"right\">Moteur en acier inoxydable de qualit\u00e9 alimentaire NEMA<\/td>\n<td style=\"width: 25.486%;\" align=\"right\">Moteur en acier inoxydable IEC de qualit\u00e9 alimentaire<\/td>\n<td style=\"width: 22.5702%;\" align=\"right\"><\/td>\n<\/tr>\n<\/tbody>\n<\/table>\n<h2>\u00c0 propos de FMP<\/h2>\n<p>FMP est une entreprise nationale de haute technologie sp\u00e9cialis\u00e9e dans la conception, le d\u00e9veloppement et la production de moteurs et de solutions \u00e9lectrom\u00e9caniques de pointe. Nous produisons principalement les moteurs des s\u00e9ries YE2, YE3 et YE4, ainsi qu&#039;une gamme de produits d\u00e9riv\u00e9s. Notre gamme comprend \u00e9galement des moteurs triphas\u00e9s et monophas\u00e9s pour pompes hydrauliques, des moteurs \u00e0 carter en aluminium, des moteurs non standard pour pompes hydrauliques, des r\u00e9ducteurs de turbine \u00e0 int\u00e9gration \u00e9lectrom\u00e9canique et d&#039;autres moteurs sp\u00e9cialis\u00e9s.<\/p>\n<p>Les produits FMP sont largement utilis\u00e9s dans l&#039;automatisation industrielle, au service de secteurs cl\u00e9s tels que les tours CNC, les machines de fabrication de chaussures, les machines \u00e0 bois, les machines \u00e0 m\u00e9taux, les machines pour le plastique et les engins de chantier. Forte de son engagement envers l&#039;innovation et la qualit\u00e9, FMP garantit que tous ses produits r\u00e9pondent aux normes de performance les plus strictes.<\/p>\n<p>Outre notre gamme compl\u00e8te de produits, nous sommes fiers de proposer des solutions sur mesure adapt\u00e9es aux besoins sp\u00e9cifiques de nos clients. Que vous ayez besoin de moteurs sp\u00e9cialis\u00e9s, de produits non standard ou de syst\u00e8mes int\u00e9gr\u00e9s, FMP travaille en \u00e9troite collaboration avec ses clients pour leur fournir des solutions sur mesure de haute qualit\u00e9. Notre priorit\u00e9 accord\u00e9e \u00e0 l&#039;ing\u00e9nierie de pr\u00e9cision et \u00e0 la satisfaction client est le moteur de notre succ\u00e8s continu sur les march\u00e9s mondiaux.<\/p>\n<p>Chez FMP, nous nous engageons \u00e0 \u00e9tablir des partenariats \u00e0 long terme et mutuellement b\u00e9n\u00e9fiques, soutenant le succ\u00e8s de nos clients \u00e0 chaque projet.<\/p>\n<table style=\"width: 100.629%;\" border=\"0\" width=\"128\" cellspacing=\"0\" cellpadding=\"0\">\n<tbody>\n<tr>\n<td style=\"width: 49.2308%;\" align=\"right\" width=\"64\" height=\"18\"><img loading=\"lazy\" decoding=\"async\" class=\"alignnone size-full wp-image-3398\" src=\"https:\/\/fmp-components.com\/wp-content\/uploads\/2025\/01\/Three-Phase-Motor-Factory.webp\" sizes=\"(min-width: 0px) and (max-width: 480px) 480px, (min-width: 481px) 900px, 100vw\" srcset=\"https:\/\/fmp-components.com\/wp-content\/uploads\/2025\/01\/Three-Phase-Motor-Factory.webp 900w, https:\/\/fmp-components.com\/wp-content\/uploads\/2025\/01\/Three-Phase-Motor-Factory-480x320.webp 480w\" alt=\"Usine de moteurs triphas\u00e9s\" width=\"900\" height=\"600\" title=\"\"><\/td>\n<td style=\"width: 659.231%;\" align=\"right\" width=\"64\"><img loading=\"lazy\" decoding=\"async\" class=\"alignnone size-full wp-image-3399\" src=\"https:\/\/fmp-components.com\/wp-content\/uploads\/2025\/01\/Three-Phase-Motor-Factory-2.webp\" sizes=\"(min-width: 0px) and (max-width: 480px) 480px, (min-width: 481px) 900px, 100vw\" srcset=\"https:\/\/fmp-components.com\/wp-content\/uploads\/2025\/01\/Three-Phase-Motor-Factory-2.webp 900w, https:\/\/fmp-components.com\/wp-content\/uploads\/2025\/01\/Three-Phase-Motor-Factory-2-480x320.webp 480w\" alt=\"Usine de moteurs triphas\u00e9s 2\" width=\"900\" height=\"600\" title=\"\"><\/td>\n<\/tr>\n<tr>\n<td style=\"width: 49.2308%;\" align=\"right\" height=\"18\"><img loading=\"lazy\" decoding=\"async\" class=\"alignnone size-full wp-image-3400\" src=\"https:\/\/fmp-components.com\/wp-content\/uploads\/2025\/01\/China-Three-Phase-Motor-Factory-1.webp\" sizes=\"(min-width: 0px) and (max-width: 480px) 480px, (min-width: 481px) 900px, 100vw\" srcset=\"https:\/\/fmp-components.com\/wp-content\/uploads\/2025\/01\/China-Three-Phase-Motor-Factory-1.webp 900w, https:\/\/fmp-components.com\/wp-content\/uploads\/2025\/01\/China-Three-Phase-Motor-Factory-1-480x320.webp 480w\" alt=\"Usine de moteurs triphas\u00e9s 1\" width=\"900\" height=\"600\" title=\"\"><\/td>\n<td style=\"width: 659.231%;\" align=\"right\"><img loading=\"lazy\" decoding=\"async\" class=\"alignnone size-full wp-image-3401\" src=\"https:\/\/fmp-components.com\/wp-content\/uploads\/2025\/01\/Three-Phase-Motor-Factory-3.webp\" sizes=\"(min-width: 0px) and (max-width: 480px) 480px, (min-width: 481px) 900px, 100vw\" srcset=\"https:\/\/fmp-components.com\/wp-content\/uploads\/2025\/01\/Three-Phase-Motor-Factory-3.webp 900w, https:\/\/fmp-components.com\/wp-content\/uploads\/2025\/01\/Three-Phase-Motor-Factory-3-480x320.webp 480w\" alt=\"Usine de moteurs triphas\u00e9s 3\" width=\"900\" height=\"600\" title=\"\"><\/td>\n<\/tr>\n<tr>\n<td style=\"width: 49.2308%;\"><img loading=\"lazy\" decoding=\"async\" class=\"alignnone size-full wp-image-3471\" src=\"https:\/\/fmp-components.com\/wp-content\/uploads\/2025\/01\/Single-Phase-Induction-Motor-Suppliers.webp\" sizes=\"(min-width: 0px) and (max-width: 480px) 480px, (min-width: 481px) 900px, 100vw\" srcset=\"https:\/\/fmp-components.com\/wp-content\/uploads\/2025\/01\/Single-Phase-Induction-Motor-Suppliers.webp 900w, https:\/\/fmp-components.com\/wp-content\/uploads\/2025\/01\/Single-Phase-Induction-Motor-Suppliers-480x320.webp 480w\" alt=\"Fournisseurs de moteurs \u00e0 induction monophas\u00e9s\" width=\"900\" height=\"600\" title=\"\"><\/td>\n<td style=\"width: 659.231%;\"><img loading=\"lazy\" decoding=\"async\" class=\"alignnone size-full wp-image-3470\" src=\"https:\/\/fmp-components.com\/wp-content\/uploads\/2025\/01\/Single-Phase-Induction-Motor-Manufacturers-1.webp\" sizes=\"(min-width: 0px) and (max-width: 480px) 480px, (min-width: 481px) 900px, 100vw\" srcset=\"https:\/\/fmp-components.com\/wp-content\/uploads\/2025\/01\/Single-Phase-Induction-Motor-Manufacturers-1.webp 900w, https:\/\/fmp-components.com\/wp-content\/uploads\/2025\/01\/Single-Phase-Induction-Motor-Manufacturers-1-480x320.webp 480w\" alt=\"Fabricants de moteurs \u00e0 induction monophas\u00e9s\u00a01\" width=\"900\" height=\"600\" title=\"\"><\/td>\n<\/tr>\n<tr>\n<td style=\"width: 49.2308%;\"><img loading=\"lazy\" decoding=\"async\" class=\"alignnone size-full wp-image-3472\" src=\"https:\/\/fmp-components.com\/wp-content\/uploads\/2025\/01\/Single-Phase-Induction-Motor-Manufacturers.webp\" sizes=\"(min-width: 0px) and (max-width: 480px) 480px, (min-width: 481px) 900px, 100vw\" srcset=\"https:\/\/fmp-components.com\/wp-content\/uploads\/2025\/01\/Single-Phase-Induction-Motor-Manufacturers.webp 900w, https:\/\/fmp-components.com\/wp-content\/uploads\/2025\/01\/Single-Phase-Induction-Motor-Manufacturers-480x320.webp 480w\" alt=\"Fabricants de moteurs \u00e0 induction monophas\u00e9s\" width=\"900\" height=\"600\" title=\"\"><\/td>\n<td style=\"width: 659.231%;\"><img loading=\"lazy\" decoding=\"async\" class=\"alignnone size-full wp-image-3473\" src=\"https:\/\/fmp-components.com\/wp-content\/uploads\/2025\/01\/Single-Phase-Induction-Motor-for-Sale.webp\" sizes=\"(min-width: 0px) and (max-width: 480px) 480px, (min-width: 481px) 900px, 100vw\" srcset=\"https:\/\/fmp-components.com\/wp-content\/uploads\/2025\/01\/Single-Phase-Induction-Motor-for-Sale.webp 900w, https:\/\/fmp-components.com\/wp-content\/uploads\/2025\/01\/Single-Phase-Induction-Motor-for-Sale-480x320.webp 480w\" alt=\"Moteur \u00e0 induction monophas\u00e9 \u00e0 vendre\" width=\"900\" height=\"600\" title=\"\"><\/td>\n<\/tr>\n<\/tbody>\n<\/table>\n<p>Auteur : CX<\/p>","protected":false},"excerpt":{"rendered":"<p>IP67 Waterproof NEMA Stainless Steel Motor TENV NEMA stainless steel motors have two structural forms: fully enclosed self-cooling and fully enclosed fan cooling. They meet NEMA standards and have high efficiency characteristics. The efficiency of motors above 1HP meets the special efficiency standard. The motor housing, end cover, hood, shaft outlet, machine feet, and terminal [&hellip;]<\/p>","protected":false},"featured_media":3534,"comment_status":"open","ping_status":"closed","template":"","meta":{"_et_pb_use_builder":"","_et_pb_old_content":"","_et_gb_content_width":""},"product_brand":[],"product_cat":[88],"product_tag":[],"class_list":{"0":"post-3532","1":"product","2":"type-product","3":"status-publish","4":"has-post-thumbnail","6":"product_cat-stainless-steel-motors","8":"first","9":"instock","10":"shipping-taxable","11":"product-type-simple"},"_links":{"self":[{"href":"https:\/\/fmp-components.com\/fr\/wp-json\/wp\/v2\/product\/3532","targetHints":{"allow":["GET"]}}],"collection":[{"href":"https:\/\/fmp-components.com\/fr\/wp-json\/wp\/v2\/product"}],"about":[{"href":"https:\/\/fmp-components.com\/fr\/wp-json\/wp\/v2\/types\/product"}],"replies":[{"embeddable":true,"href":"https:\/\/fmp-components.com\/fr\/wp-json\/wp\/v2\/comments?post=3532"}],"wp:featuredmedia":[{"embeddable":true,"href":"https:\/\/fmp-components.com\/fr\/wp-json\/wp\/v2\/media\/3534"}],"wp:attachment":[{"href":"https:\/\/fmp-components.com\/fr\/wp-json\/wp\/v2\/media?parent=3532"}],"wp:term":[{"taxonomy":"product_brand","embeddable":true,"href":"https:\/\/fmp-components.com\/fr\/wp-json\/wp\/v2\/product_brand?post=3532"},{"taxonomy":"product_cat","embeddable":true,"href":"https:\/\/fmp-components.com\/fr\/wp-json\/wp\/v2\/product_cat?post=3532"},{"taxonomy":"product_tag","embeddable":true,"href":"https:\/\/fmp-components.com\/fr\/wp-json\/wp\/v2\/product_tag?post=3532"}],"curies":[{"name":"wp","href":"https:\/\/api.w.org\/{rel}","templated":true}]}}