{"id":3505,"date":"2025-01-08T02:21:06","date_gmt":"2025-01-08T02:21:06","guid":{"rendered":"https:\/\/fmp-components.com\/?page_id=8"},"modified":"2025-01-08T02:22:26","modified_gmt":"2025-01-08T02:22:26","slug":"nema-stainless-steel-stepper-motor-with-double-capacitor","status":"publish","type":"product","link":"https:\/\/fmp-components.com\/fr\/product\/nema-stainless-steel-stepper-motor-with-double-capacitor\/","title":{"rendered":"Moteur pas \u00e0 pas NEMA en acier inoxydable avec double condensateur"},"content":{"rendered":"<p class=\"et_pb_module_header\" style=\"text-align: center;\"><span style=\"font-size: 18pt;\">Moteur pas \u00e0 pas NEMA en acier inoxydable avec double condensateur<\/span><\/p>\n<p>Les moteurs \u00e9lectriques FMP en acier inoxydable\/affleurants sont disponibles en bo\u00eetiers ferm\u00e9s, ventil\u00e9s (Tens) ou ferm\u00e9s, non ventil\u00e9s (Ten), avec une protection d'\u00e9tanch\u00e9it\u00e9 IP56. Ces moteurs sont parfaitement adapt\u00e9s aux applications de convoyage, de pompage et de manutention dans les secteurs agroalimentaire, pharmaceutique et avicole.<\/p>\n<p>Les caract\u00e9ristiques comprennent des joints \u00e0 double l\u00e8vre c\u00f4t\u00e9 moteur et c\u00f4t\u00e9 oppos\u00e9 moteur, des bagues de levage d'arbre diff\u00e9rentes, des joints toriques et des boulons traversants sur les embouts, un ch\u00e2ssis et un arbre en acier inoxydable 304, ainsi qu'un connecteur de c\u00e2bles\/bo\u00eetier \u00e0 bornes \u00e9tanche. Ces moteurs \u00e9tanches sont disponibles en puissances de 0,5 \u00e0 2 chevaux et pr\u00e9sentent un facteur de service de 1,15 (1,0 SF pour les variateurs de fr\u00e9quence).<br \/>\nGr\u00e2ce \u00e0 leur polyvalence, les moteurs en acier inoxydable\/affleurants et autres moteurs de faible puissance sont id\u00e9aux pour les espaces de stockage limit\u00e9s. Les commandes de 25 moteurs ou plus (56 moteurs) b\u00e9n\u00e9ficient d'une livraison anticip\u00e9e.<\/p>\n<h2>Param\u00e8tres du moteur pas \u00e0 pas en acier inoxydable<\/h2>\n<p><img loading=\"lazy\" decoding=\"async\" class=\"wp-image-3506 aligncenter\" src=\"https:\/\/fmp-components.com\/wp-content\/uploads\/2025\/01\/ep_12.stainless-steel-motor-1.webp\" alt=\"ep_12.moteur-en-acier-inoxydable-1\" width=\"920\" height=\"454\" title=\"\" srcset=\"https:\/\/fmp-components.com\/wp-content\/uploads\/2025\/01\/ep_12.stainless-steel-motor-1.webp 920w, https:\/\/fmp-components.com\/wp-content\/uploads\/2025\/01\/ep_12.stainless-steel-motor-1-480x237.webp 480w\" sizes=\"(min-width: 0px) and (max-width: 480px) 480px, (min-width: 481px) 920px, 100vw\" \/><\/p>\n<table style=\"width: 100.179%; height: 117px;\" border=\"1\">\n<tbody>\n<tr>\n<td><strong>Cadre\u00a0<\/strong><\/td>\n<td><strong>UN<\/strong><\/td>\n<td><strong>BB<\/strong><\/td>\n<td><strong>Licence<\/strong><\/td>\n<td><strong>NO<\/strong><\/td>\n<td><strong>Tu<\/strong><\/td>\n<td><strong>R<\/strong><\/td>\n<td><strong>S<\/strong><\/td>\n<td><strong>ES<\/strong><\/td>\n<td><strong>E<\/strong><\/td>\n<td><strong>2F<\/strong><\/td>\n<td><strong>B<\/strong><\/td>\n<td><strong>H<\/strong><\/td>\n<td><strong>BF<\/strong><\/td>\n<td><strong>AJ<\/strong><\/td>\n<td><strong>AK<\/strong><\/td>\n<td><strong>P<\/strong><\/td>\n<td><strong>AB<\/strong><\/td>\n<td><strong>D<\/strong><\/td>\n<td><strong>O<\/strong><\/td>\n<\/tr>\n<tr>\n<td>56C<\/td>\n<td>6.5<\/td>\n<td>0.16<\/td>\n<td>2.75<\/td>\n<td>1.88<\/td>\n<td>0.625<\/td>\n<td>0.517<\/td>\n<td>0.188<\/td>\n<td>1.41<\/td>\n<td>2.44<\/td>\n<td>3<\/td>\n<td>3.87<\/td>\n<td>0.34<\/td>\n<td>3\/8-16<\/td>\n<td>5.875<\/td>\n<td>4.5<\/td>\n<td>6.93<\/td>\n<td>5.79<\/td>\n<td>3.504<\/td>\n<td>8.07<\/td>\n<\/tr>\n<tr>\n<td>143TC<\/td>\n<td>6.5<\/td>\n<td>0.16<\/td>\n<td>2.75<\/td>\n<td>2.25<\/td>\n<td>0.771<\/td>\n<td>0.771<\/td>\n<td>0.188<\/td>\n<td>1.41<\/td>\n<td>2.75<\/td>\n<td>4<\/td>\n<td>4.87<\/td>\n<td>4.87<\/td>\n<td>3\/8-16<\/td>\n<td>5.875<\/td>\n<td>4.5<\/td>\n<td>6.93<\/td>\n<td>5.79<\/td>\n<td>3.504<\/td>\n<td>8.07<\/td>\n<\/tr>\n<tr>\n<td>145TC<\/td>\n<td>6.5<\/td>\n<td>0.16<\/td>\n<td>2.75<\/td>\n<td>2.25<\/td>\n<td>0.771<\/td>\n<td>0.771<\/td>\n<td>0.188<\/td>\n<td>1.41<\/td>\n<td>2.75<\/td>\n<td>5<\/td>\n<td>5.87<\/td>\n<td>5.87<\/td>\n<td>3\/8-16<\/td>\n<td>5.875<\/td>\n<td>4.5<\/td>\n<td>6.93<\/td>\n<td>5.79<\/td>\n<td>3.504<\/td>\n<td>8.07<\/td>\n<\/tr>\n<\/tbody>\n<\/table>\n<ul>\n<li>Bo\u00eetier TEFC ou TENV<\/li>\n<li>Protection IP67<\/li>\n<li>Triphas\u00e9, 208-230\/460 volts<\/li>\n<li>1,15 pieds carr\u00e9s<\/li>\n<li>Isolation de classe F<\/li>\n<li>C\u00f4t\u00e9 C avec pieds (soudure) ou rond (sans pieds)<\/li>\n<li>Cadre, support d'extr\u00e9mit\u00e9 et bo\u00eete de jonction en acier inoxydable 304<\/li>\n<li>arbre en acier inoxydable<\/li>\n<li>Film antirouille du rotor<\/li>\n<li>Joint \u00e0 double l\u00e8vre avec un collier suppl\u00e9mentaire \u00e0 l'extr\u00e9mit\u00e9 de l'entra\u00eenement<\/li>\n<li>Le joint torique install\u00e9 sur le couvercle arri\u00e8re peut emp\u00eacher l'intrusion d'humidit\u00e9<\/li>\n<li>Connecteur de fil en acier inoxydable inclus<\/li>\n<li>Charge de l'onduleur<\/li>\n<\/ul>\n<h2>Moteur en acier inoxydable associ\u00e9<\/h2>\n<table style=\"width: 101.404%; height: 110px;\" border=\"1\" width=\"100%\" cellspacing=\"0\" cellpadding=\"0\">\n<tbody>\n<tr style=\"height: 13.8pt;\">\n<td style=\"height: 13px; width: 25.0965%;\" align=\"right\" width=\"64\" height=\"18\"><img loading=\"lazy\" decoding=\"async\" class=\"alignnone size-full wp-image-3507\" src=\"https:\/\/fmp-components.com\/wp-content\/uploads\/2025\/01\/ep_stainless-steel-motor-1.webp\" alt=\"moteur en acier inoxydable\" width=\"379\" height=\"253\" title=\"\" srcset=\"https:\/\/fmp-components.com\/wp-content\/uploads\/2025\/01\/ep_stainless-steel-motor-1.webp 379w, https:\/\/fmp-components.com\/wp-content\/uploads\/2025\/01\/ep_stainless-steel-motor-1-300x200.webp 300w, https:\/\/fmp-components.com\/wp-content\/uploads\/2025\/01\/ep_stainless-steel-motor-1-18x12.webp 18w\" sizes=\"(max-width: 379px) 100vw, 379px\" \/><\/td>\n<td style=\"width: 25.0965%; height: 13px;\" align=\"right\" width=\"64\"><img loading=\"lazy\" decoding=\"async\" class=\"alignnone size-full wp-image-3508\" src=\"https:\/\/fmp-components.com\/wp-content\/uploads\/2025\/01\/ep_stainless-steel-motor-2-2.webp\" alt=\"moteur en acier inoxydable\" width=\"379\" height=\"253\" title=\"\" srcset=\"https:\/\/fmp-components.com\/wp-content\/uploads\/2025\/01\/ep_stainless-steel-motor-2-2.webp 379w, https:\/\/fmp-components.com\/wp-content\/uploads\/2025\/01\/ep_stainless-steel-motor-2-2-300x200.webp 300w, https:\/\/fmp-components.com\/wp-content\/uploads\/2025\/01\/ep_stainless-steel-motor-2-2-18x12.webp 18w\" sizes=\"(max-width: 379px) 100vw, 379px\" \/><\/td>\n<td style=\"width: 25.0965%; height: 13px;\" align=\"right\" width=\"64\"><img loading=\"lazy\" decoding=\"async\" class=\"alignnone size-full wp-image-3509\" src=\"https:\/\/fmp-components.com\/wp-content\/uploads\/2025\/01\/ep_stainless-steel-motor-6.webp\" alt=\"moteur en acier inoxydable\" width=\"379\" height=\"253\" title=\"\" srcset=\"https:\/\/fmp-components.com\/wp-content\/uploads\/2025\/01\/ep_stainless-steel-motor-6.webp 379w, https:\/\/fmp-components.com\/wp-content\/uploads\/2025\/01\/ep_stainless-steel-motor-6-300x200.webp 300w, https:\/\/fmp-components.com\/wp-content\/uploads\/2025\/01\/ep_stainless-steel-motor-6-18x12.webp 18w\" sizes=\"(max-width: 379px) 100vw, 379px\" \/><\/td>\n<td style=\"width: 25.0965%; height: 13px;\" align=\"right\" width=\"64\"><img loading=\"lazy\" decoding=\"async\" class=\"alignnone size-full wp-image-3510\" src=\"https:\/\/fmp-components.com\/wp-content\/uploads\/2025\/01\/ep_stainless-steel-motor-300x200-1.webp\" alt=\"moteur en acier inoxydable\" width=\"300\" height=\"200\" title=\"\" srcset=\"https:\/\/fmp-components.com\/wp-content\/uploads\/2025\/01\/ep_stainless-steel-motor-300x200-1.webp 300w, https:\/\/fmp-components.com\/wp-content\/uploads\/2025\/01\/ep_stainless-steel-motor-300x200-1-18x12.webp 18w\" sizes=\"(max-width: 300px) 100vw, 300px\" \/><\/td>\n<\/tr>\n<tr style=\"height: 13.8pt;\">\n<td style=\"height: 45px; width: 25.0965%; text-align: center;\" align=\"right\" height=\"18\">Moteur \u00e0 aimant permanent en acier inoxydable<\/td>\n<td style=\"width: 25.0965%; height: 45px; text-align: center;\" align=\"right\">Moteur en acier inoxydable refroidi par eau<\/td>\n<td style=\"width: 25.0965%; height: 45px; text-align: center;\" align=\"right\">Moteur \u00e9lectrique pour l&#039;industrie alimentaire<\/td>\n<td style=\"width: 25.0965%; height: 45px; text-align: center;\" align=\"right\">Moteur en acier inoxydable<\/td>\n<\/tr>\n<tr style=\"height: 13.8pt;\">\n<td style=\"height: 13px; width: 25.0965%;\" align=\"right\" height=\"18\"><img loading=\"lazy\" decoding=\"async\" class=\"alignnone size-full wp-image-3511\" src=\"https:\/\/fmp-components.com\/wp-content\/uploads\/2025\/01\/ep_stainless-steel-motor-4.webp\" alt=\"moteur en acier inoxydable\" width=\"379\" height=\"253\" title=\"\" srcset=\"https:\/\/fmp-components.com\/wp-content\/uploads\/2025\/01\/ep_stainless-steel-motor-4.webp 379w, https:\/\/fmp-components.com\/wp-content\/uploads\/2025\/01\/ep_stainless-steel-motor-4-300x200.webp 300w, https:\/\/fmp-components.com\/wp-content\/uploads\/2025\/01\/ep_stainless-steel-motor-4-18x12.webp 18w\" sizes=\"(max-width: 379px) 100vw, 379px\" \/><\/td>\n<td style=\"width: 25.0965%; height: 13px;\" align=\"right\"><img loading=\"lazy\" decoding=\"async\" class=\"alignnone size-full wp-image-3512\" src=\"https:\/\/fmp-components.com\/wp-content\/uploads\/2025\/01\/ep_stainless-steel-motor-3.webp\" alt=\"moteur en acier inoxydable\" width=\"379\" height=\"253\" title=\"\" srcset=\"https:\/\/fmp-components.com\/wp-content\/uploads\/2025\/01\/ep_stainless-steel-motor-3.webp 379w, https:\/\/fmp-components.com\/wp-content\/uploads\/2025\/01\/ep_stainless-steel-motor-3-300x200.webp 300w, https:\/\/fmp-components.com\/wp-content\/uploads\/2025\/01\/ep_stainless-steel-motor-3-18x12.webp 18w\" sizes=\"(max-width: 379px) 100vw, 379px\" \/><\/td>\n<td style=\"width: 25.0965%; height: 13px;\" align=\"right\"><img loading=\"lazy\" decoding=\"async\" class=\"alignnone size-full wp-image-3513\" src=\"https:\/\/fmp-components.com\/wp-content\/uploads\/2025\/01\/ep_stainless-steel-motor-5.webp\" alt=\"moteur en acier inoxydable\" width=\"379\" height=\"253\" title=\"\" srcset=\"https:\/\/fmp-components.com\/wp-content\/uploads\/2025\/01\/ep_stainless-steel-motor-5.webp 379w, https:\/\/fmp-components.com\/wp-content\/uploads\/2025\/01\/ep_stainless-steel-motor-5-300x200.webp 300w, https:\/\/fmp-components.com\/wp-content\/uploads\/2025\/01\/ep_stainless-steel-motor-5-18x12.webp 18w\" sizes=\"(max-width: 379px) 100vw, 379px\" \/><\/td>\n<td style=\"width: 25.0965%; height: 13px;\" align=\"right\"><img loading=\"lazy\" decoding=\"async\" class=\"alignnone size-full wp-image-3514\" src=\"https:\/\/fmp-components.com\/wp-content\/uploads\/2025\/01\/ep_stainless-steel-motor-6-1.webp\" alt=\"moteur en acier inoxydable\" width=\"379\" height=\"253\" title=\"\" srcset=\"https:\/\/fmp-components.com\/wp-content\/uploads\/2025\/01\/ep_stainless-steel-motor-6-1.webp 379w, https:\/\/fmp-components.com\/wp-content\/uploads\/2025\/01\/ep_stainless-steel-motor-6-1-300x200.webp 300w, https:\/\/fmp-components.com\/wp-content\/uploads\/2025\/01\/ep_stainless-steel-motor-6-1-18x12.webp 18w\" sizes=\"(max-width: 379px) 100vw, 379px\" \/><\/td>\n<\/tr>\n<tr style=\"height: 13.8pt;\">\n<td style=\"height: 13px; width: 25.0965%; text-align: center;\" align=\"right\" height=\"18\">Moteur \u00e0 courant alternatif pour machines alimentaires \u00e9mulsifi\u00e9es IEC<\/td>\n<td style=\"width: 25.0965%; height: 13px; text-align: center;\" align=\"right\">Moteur asynchrone NEMA 56C<\/td>\n<td style=\"width: 25.0965%; height: 13px; text-align: center;\" align=\"right\">Moteur \u00e0 courant alternatif en acier inoxydable IEC<\/td>\n<td style=\"width: 25.0965%; text-align: center;\">Moteur IEC \u00e0 haut rendement enti\u00e8rement en acier inoxydable<\/td>\n<\/tr>\n<tr style=\"height: 13.8pt;\">\n<td style=\"height: 13px; width: 25.0965%;\" align=\"right\" width=\"64\" height=\"18\"><img loading=\"lazy\" decoding=\"async\" class=\"alignnone size-full wp-image-3515\" src=\"https:\/\/fmp-components.com\/wp-content\/uploads\/2025\/01\/ep_stainless-steel-motor-2.webp\" alt=\"moteur en acier inoxydable\" width=\"379\" height=\"253\" title=\"\" srcset=\"https:\/\/fmp-components.com\/wp-content\/uploads\/2025\/01\/ep_stainless-steel-motor-2.webp 379w, https:\/\/fmp-components.com\/wp-content\/uploads\/2025\/01\/ep_stainless-steel-motor-2-300x200.webp 300w, https:\/\/fmp-components.com\/wp-content\/uploads\/2025\/01\/ep_stainless-steel-motor-2-18x12.webp 18w\" sizes=\"(max-width: 379px) 100vw, 379px\" \/><\/td>\n<td style=\"width: 25.0965%; height: 13px;\" align=\"right\" width=\"64\"><img loading=\"lazy\" decoding=\"async\" class=\"alignnone size-full wp-image-3516\" src=\"https:\/\/fmp-components.com\/wp-content\/uploads\/2025\/01\/ep_stainless-steel-motor-8.webp\" alt=\"moteur en acier inoxydable\" width=\"379\" height=\"253\" title=\"\" srcset=\"https:\/\/fmp-components.com\/wp-content\/uploads\/2025\/01\/ep_stainless-steel-motor-8.webp 379w, https:\/\/fmp-components.com\/wp-content\/uploads\/2025\/01\/ep_stainless-steel-motor-8-300x200.webp 300w, https:\/\/fmp-components.com\/wp-content\/uploads\/2025\/01\/ep_stainless-steel-motor-8-18x12.webp 18w\" sizes=\"(max-width: 379px) 100vw, 379px\" \/><\/td>\n<td style=\"width: 25.0965%; height: 13px;\" align=\"right\" width=\"64\"><img loading=\"lazy\" decoding=\"async\" class=\"alignnone size-full wp-image-3517\" src=\"https:\/\/fmp-components.com\/wp-content\/uploads\/2025\/01\/ep_stainless-steel-motor-7.webp\" alt=\"moteur en acier inoxydable\" width=\"379\" height=\"253\" title=\"\" srcset=\"https:\/\/fmp-components.com\/wp-content\/uploads\/2025\/01\/ep_stainless-steel-motor-7.webp 379w, https:\/\/fmp-components.com\/wp-content\/uploads\/2025\/01\/ep_stainless-steel-motor-7-300x200.webp 300w, https:\/\/fmp-components.com\/wp-content\/uploads\/2025\/01\/ep_stainless-steel-motor-7-18x12.webp 18w\" sizes=\"(max-width: 379px) 100vw, 379px\" \/><\/td>\n<td style=\"width: 25.0965%; height: 13px;\" align=\"right\" width=\"64\"><\/td>\n<\/tr>\n<tr style=\"height: 13.8pt;\">\n<td style=\"height: 13px; width: 25.0965%; text-align: center;\" align=\"right\" height=\"18\">Moteur pour \u00e9quipement d&#039;\u00e9pilation de poulets et de canards<\/td>\n<td style=\"width: 25.0965%; height: 13px; text-align: center;\" align=\"right\">Moteur en acier inoxydable de qualit\u00e9 alimentaire NEMA<\/td>\n<td style=\"width: 25.0965%; height: 13px;\" align=\"right\">Moteur en acier inoxydable IEC de qualit\u00e9 alimentaire<\/td>\n<td style=\"width: 25.0965%; height: 13px;\" align=\"right\"><\/td>\n<\/tr>\n<\/tbody>\n<\/table>\n<h2>\u00c0 propos de FMP<\/h2>\n<p>FMP est une entreprise nationale de haute technologie sp\u00e9cialis\u00e9e dans la conception, le d\u00e9veloppement et la production de moteurs et de solutions \u00e9lectrom\u00e9caniques de pointe. Nous produisons principalement les moteurs des s\u00e9ries YE2, YE3 et YE4, ainsi qu&#039;une gamme de produits d\u00e9riv\u00e9s. Notre gamme comprend \u00e9galement des moteurs triphas\u00e9s et monophas\u00e9s pour pompes hydrauliques, des moteurs \u00e0 carter en aluminium, des moteurs non standard pour pompes hydrauliques, des r\u00e9ducteurs de turbine \u00e0 int\u00e9gration \u00e9lectrom\u00e9canique et d&#039;autres moteurs sp\u00e9cialis\u00e9s.<\/p>\n<p>Les produits FMP sont largement utilis\u00e9s dans l'automatisation industrielle, au service de secteurs cl\u00e9s tels que les tours CNC, les machines de fabrication de chaussures, les machines \u00e0 bois, les machines \u00e0 m\u00e9tallurgie, les machines pour le plastique et les engins de chantier. Forte de son engagement envers l'innovation et la qualit\u00e9, FMP garantit que tous ses produits r\u00e9pondent aux normes de performance les plus strictes.<\/p>\n<p>Outre notre gamme compl\u00e8te de produits, nous sommes fiers de proposer des solutions sur mesure adapt\u00e9es aux besoins sp\u00e9cifiques de nos clients. Que vous ayez besoin de moteurs sp\u00e9cialis\u00e9s, de produits non standard ou de syst\u00e8mes int\u00e9gr\u00e9s, FMP travaille en \u00e9troite collaboration avec ses clients pour leur fournir des solutions sur mesure de haute qualit\u00e9. Notre priorit\u00e9 accord\u00e9e \u00e0 l&#039;ing\u00e9nierie de pr\u00e9cision et \u00e0 la satisfaction client est le moteur de notre succ\u00e8s continu sur les march\u00e9s mondiaux.<\/p>\n<p>Chez FMP, nous nous engageons \u00e0 \u00e9tablir des partenariats \u00e0 long terme et mutuellement b\u00e9n\u00e9fiques, soutenant le succ\u00e8s de nos clients \u00e0 chaque projet.<\/p>\n<table style=\"border-collapse: collapse; width: 100.882%; height: 23px;\" border=\"0\" width=\"128\" cellspacing=\"0\" cellpadding=\"0\">\n<tbody>\n<tr style=\"height: 13.8pt;\">\n<td style=\"height: 10px; width: 50.3922%;\" align=\"right\" width=\"64\" height=\"18\"><img loading=\"lazy\" decoding=\"async\" class=\"alignnone size-full wp-image-3398\" src=\"https:\/\/fmp-components.com\/wp-content\/uploads\/2025\/01\/Three-Phase-Motor-Factory.webp\" alt=\"Usine de moteurs triphas\u00e9s\" width=\"900\" height=\"600\" title=\"\" srcset=\"https:\/\/fmp-components.com\/wp-content\/uploads\/2025\/01\/Three-Phase-Motor-Factory.webp 900w, https:\/\/fmp-components.com\/wp-content\/uploads\/2025\/01\/Three-Phase-Motor-Factory-480x320.webp 480w\" sizes=\"(min-width: 0px) and (max-width: 480px) 480px, (min-width: 481px) 900px, 100vw\" \/><\/td>\n<td style=\"width: 604.224%; height: 10px;\" align=\"right\" width=\"64\"><img loading=\"lazy\" decoding=\"async\" class=\"alignnone size-full wp-image-3399\" src=\"https:\/\/fmp-components.com\/wp-content\/uploads\/2025\/01\/Three-Phase-Motor-Factory-2.webp\" alt=\"Usine de moteurs triphas\u00e9s 2\" width=\"900\" height=\"600\" title=\"\" srcset=\"https:\/\/fmp-components.com\/wp-content\/uploads\/2025\/01\/Three-Phase-Motor-Factory-2.webp 900w, https:\/\/fmp-components.com\/wp-content\/uploads\/2025\/01\/Three-Phase-Motor-Factory-2-480x320.webp 480w\" sizes=\"(min-width: 0px) and (max-width: 480px) 480px, (min-width: 481px) 900px, 100vw\" \/><\/td>\n<\/tr>\n<tr style=\"height: 13.8pt;\">\n<td style=\"height: 13px; width: 50.3922%;\" align=\"right\" height=\"18\"><img loading=\"lazy\" decoding=\"async\" class=\"alignnone size-full wp-image-3400\" src=\"https:\/\/fmp-components.com\/wp-content\/uploads\/2025\/01\/China-Three-Phase-Motor-Factory-1.webp\" alt=\"Usine de moteurs triphas\u00e9s 1\" width=\"900\" height=\"600\" title=\"\" srcset=\"https:\/\/fmp-components.com\/wp-content\/uploads\/2025\/01\/China-Three-Phase-Motor-Factory-1.webp 900w, https:\/\/fmp-components.com\/wp-content\/uploads\/2025\/01\/China-Three-Phase-Motor-Factory-1-480x320.webp 480w\" sizes=\"(min-width: 0px) and (max-width: 480px) 480px, (min-width: 481px) 900px, 100vw\" \/><\/td>\n<td style=\"width: 604.224%; height: 13px;\" align=\"right\"><img loading=\"lazy\" decoding=\"async\" class=\"alignnone size-full wp-image-3401\" src=\"https:\/\/fmp-components.com\/wp-content\/uploads\/2025\/01\/Three-Phase-Motor-Factory-3.webp\" alt=\"Usine de moteurs triphas\u00e9s 3\" width=\"900\" height=\"600\" title=\"\" srcset=\"https:\/\/fmp-components.com\/wp-content\/uploads\/2025\/01\/Three-Phase-Motor-Factory-3.webp 900w, https:\/\/fmp-components.com\/wp-content\/uploads\/2025\/01\/Three-Phase-Motor-Factory-3-480x320.webp 480w\" sizes=\"(min-width: 0px) and (max-width: 480px) 480px, (min-width: 481px) 900px, 100vw\" \/><\/td>\n<\/tr>\n<tr>\n<td><img loading=\"lazy\" decoding=\"async\" class=\"alignnone size-full wp-image-3471\" src=\"https:\/\/fmp-components.com\/wp-content\/uploads\/2025\/01\/Single-Phase-Induction-Motor-Suppliers.webp\" alt=\"Fournisseurs de moteurs \u00e0 induction monophas\u00e9s\" width=\"900\" height=\"600\" title=\"\" srcset=\"https:\/\/fmp-components.com\/wp-content\/uploads\/2025\/01\/Single-Phase-Induction-Motor-Suppliers.webp 900w, https:\/\/fmp-components.com\/wp-content\/uploads\/2025\/01\/Single-Phase-Induction-Motor-Suppliers-480x320.webp 480w\" sizes=\"(min-width: 0px) and (max-width: 480px) 480px, (min-width: 481px) 900px, 100vw\" \/><\/td>\n<td><img loading=\"lazy\" decoding=\"async\" class=\"alignnone size-full wp-image-3470\" src=\"https:\/\/fmp-components.com\/wp-content\/uploads\/2025\/01\/Single-Phase-Induction-Motor-Manufacturers-1.webp\" alt=\"Fabricants de moteurs \u00e0 induction monophas\u00e9s\u00a01\" width=\"900\" height=\"600\" title=\"\" srcset=\"https:\/\/fmp-components.com\/wp-content\/uploads\/2025\/01\/Single-Phase-Induction-Motor-Manufacturers-1.webp 900w, https:\/\/fmp-components.com\/wp-content\/uploads\/2025\/01\/Single-Phase-Induction-Motor-Manufacturers-1-480x320.webp 480w\" sizes=\"(min-width: 0px) and (max-width: 480px) 480px, (min-width: 481px) 900px, 100vw\" \/><\/td>\n<\/tr>\n<tr>\n<td><img loading=\"lazy\" decoding=\"async\" class=\"alignnone size-full wp-image-3472\" src=\"https:\/\/fmp-components.com\/wp-content\/uploads\/2025\/01\/Single-Phase-Induction-Motor-Manufacturers.webp\" alt=\"Fabricants de moteurs \u00e0 induction monophas\u00e9s\" width=\"900\" height=\"600\" title=\"\" srcset=\"https:\/\/fmp-components.com\/wp-content\/uploads\/2025\/01\/Single-Phase-Induction-Motor-Manufacturers.webp 900w, https:\/\/fmp-components.com\/wp-content\/uploads\/2025\/01\/Single-Phase-Induction-Motor-Manufacturers-480x320.webp 480w\" sizes=\"(min-width: 0px) and (max-width: 480px) 480px, (min-width: 481px) 900px, 100vw\" \/><\/td>\n<td><img loading=\"lazy\" decoding=\"async\" class=\"alignnone size-full wp-image-3473\" src=\"https:\/\/fmp-components.com\/wp-content\/uploads\/2025\/01\/Single-Phase-Induction-Motor-for-Sale.webp\" alt=\"Moteur \u00e0 induction monophas\u00e9 \u00e0 vendre\" width=\"900\" height=\"600\" title=\"\" srcset=\"https:\/\/fmp-components.com\/wp-content\/uploads\/2025\/01\/Single-Phase-Induction-Motor-for-Sale.webp 900w, https:\/\/fmp-components.com\/wp-content\/uploads\/2025\/01\/Single-Phase-Induction-Motor-for-Sale-480x320.webp 480w\" sizes=\"(min-width: 0px) and (max-width: 480px) 480px, (min-width: 481px) 900px, 100vw\" \/><\/td>\n<\/tr>\n<\/tbody>\n<\/table>\n<p>Auteur : CX<\/p>","protected":false},"excerpt":{"rendered":"<p>NEMA Stainless Steel Stepper Motor With Double Capacitor FMP Electric Stainless Steel\/Flush motors are available in enclosed fan-cooled (Tens) or enclosed non-ventilated (ten) enclosures with IP56 protection for waterproofing. These washdown motors are ideal for conveyor, pump and material handling applications in the food, beverage, pharmaceutical and poultry industries. Features include double lip seals on [&hellip;]<\/p>","protected":false},"featured_media":3519,"comment_status":"open","ping_status":"closed","template":"","meta":{"_et_pb_use_builder":"","_et_pb_old_content":"","_et_gb_content_width":""},"product_brand":[],"product_cat":[88],"product_tag":[],"class_list":{"0":"post-3505","1":"product","2":"type-product","3":"status-publish","4":"has-post-thumbnail","6":"product_cat-stainless-steel-motors","8":"first","9":"instock","10":"shipping-taxable","11":"product-type-simple"},"_links":{"self":[{"href":"https:\/\/fmp-components.com\/fr\/wp-json\/wp\/v2\/product\/3505","targetHints":{"allow":["GET"]}}],"collection":[{"href":"https:\/\/fmp-components.com\/fr\/wp-json\/wp\/v2\/product"}],"about":[{"href":"https:\/\/fmp-components.com\/fr\/wp-json\/wp\/v2\/types\/product"}],"replies":[{"embeddable":true,"href":"https:\/\/fmp-components.com\/fr\/wp-json\/wp\/v2\/comments?post=3505"}],"wp:featuredmedia":[{"embeddable":true,"href":"https:\/\/fmp-components.com\/fr\/wp-json\/wp\/v2\/media\/3519"}],"wp:attachment":[{"href":"https:\/\/fmp-components.com\/fr\/wp-json\/wp\/v2\/media?parent=3505"}],"wp:term":[{"taxonomy":"product_brand","embeddable":true,"href":"https:\/\/fmp-components.com\/fr\/wp-json\/wp\/v2\/product_brand?post=3505"},{"taxonomy":"product_cat","embeddable":true,"href":"https:\/\/fmp-components.com\/fr\/wp-json\/wp\/v2\/product_cat?post=3505"},{"taxonomy":"product_tag","embeddable":true,"href":"https:\/\/fmp-components.com\/fr\/wp-json\/wp\/v2\/product_tag?post=3505"}],"curies":[{"name":"wp","href":"https:\/\/api.w.org\/{rel}","templated":true}]}}