{"id":3348,"date":"2025-01-07T01:30:15","date_gmt":"2025-01-07T01:30:15","guid":{"rendered":"https:\/\/fmp-components.com\/?page_id=8"},"modified":"2025-01-07T01:30:15","modified_gmt":"2025-01-07T01:30:15","slug":"low-noise-basic-dc-toy-motor-for-toy-car-tgp02s-a130","status":"publish","type":"product","link":"https:\/\/fmp-components.com\/fr\/product\/low-noise-basic-dc-toy-motor-for-toy-car-tgp02s-a130\/","title":{"rendered":"Moteur \u00e0 courant continu \u00e0 faible bruit pour voiture jouet TGP02S-A130"},"content":{"rendered":"<h2>Personnages du moteur jouet CC de base<\/h2>\n<p>1. Arbre unique. Petite taille 42,2 mm x 45,5 mm x 23 mm<br \/>\n2. Moteur \u00e0 engrenages en plastique \u00e0 courant continu \u00e0 faible vitesse et couple \u00e9lev\u00e9<br \/>\n3. Convient aux applications de petit diam\u00e8tre, \u00e0 faible bruit et \u00e0 couple \u00e9lev\u00e9<br \/>\n4. Rapport de r\u00e9duction : 48, 120, 180, 220, 288<\/p>\n<p><img loading=\"lazy\" decoding=\"async\" class=\"alignnone  wp-image-3352\" src=\"https:\/\/fmp-components.com\/wp-content\/uploads\/2025\/01\/fmp_4.TGP010-A130-2.webp\" alt=\"fmp_4.TGP010-A130-2\" width=\"918\" height=\"421\" title=\"\" srcset=\"https:\/\/fmp-components.com\/wp-content\/uploads\/2025\/01\/fmp_4.TGP010-A130-2.webp 918w, https:\/\/fmp-components.com\/wp-content\/uploads\/2025\/01\/fmp_4.TGP010-A130-2-480x220.webp 480w\" sizes=\"(min-width: 0px) and (max-width: 480px) 480px, (min-width: 481px) 918px, 100vw\" \/><\/p>\n<h2>Donn\u00e9es techniques du mini moteur \u00e0 courant continu<\/h2>\n<table style=\"width: 98.042%; height: 144px;\" border=\"1\">\n<tbody>\n<tr>\n<td style=\"width: 21.3647%;\">Mod\u00e8le de moteur Non<\/td>\n<td style=\"width: 15.8837%;\">Tension nominale<br \/>\nVDC<\/td>\n<td style=\"width: 16.6667%;\">Vitesse \u00e0 vide<br \/>\ntr\/min<\/td>\n<td style=\"width: 17.6734%;\">Courant \u00e0 vide<br \/>\nmA<\/td>\n<td style=\"width: 13.0872%;\">Couple de d\u00e9crochage<br \/>\ng.cm<\/td>\n<td style=\"width: 15.3244%;\">Courant de d\u00e9crochage<br \/>\nUN<\/td>\n<\/tr>\n<tr>\n<td style=\"width: 21.3647%;\">TFE-130RA-12215<\/td>\n<td style=\"width: 15.8837%;\">6.0<\/td>\n<td style=\"width: 16.6667%;\">11500<\/td>\n<td style=\"width: 17.6734%;\">120<\/td>\n<td style=\"width: 13.0872%;\">20<\/td>\n<td style=\"width: 15.3244%;\">0.85<\/td>\n<\/tr>\n<tr>\n<td style=\"width: 21.3647%;\">TFE-130RA-14175<\/td>\n<td style=\"width: 15.8837%;\">3.0<\/td>\n<td style=\"width: 16.6667%;\">8000<\/td>\n<td style=\"width: 17.6734%;\">120<\/td>\n<td style=\"width: 13.0872%;\">13<\/td>\n<td style=\"width: 15.3244%;\">0.70<\/td>\n<\/tr>\n<tr>\n<td style=\"width: 21.3647%;\">TFE-130RA-18100<\/td>\n<td style=\"width: 15.8837%;\">3.0<\/td>\n<td style=\"width: 16.6667%;\">11500<\/td>\n<td style=\"width: 17.6734%;\">250<\/td>\n<td style=\"width: 13.0872%;\">20<\/td>\n<td style=\"width: 15.3244%;\">1.80<\/td>\n<\/tr>\n<\/tbody>\n<\/table>\n<h2>Donn\u00e9es techniques du motor\u00e9ducteur<\/h2>\n<table style=\"width: 98.042%; height: 120px;\" border=\"1\">\n<tbody>\n<tr style=\"height: 30px;\">\n<th style=\"height: 30px; width: 32.774%; text-align: left;\">Mod\u00e8le de bo\u00eete de vitesses<\/th>\n<td style=\"height: 30px; width: 68.0089%;\">TGP01D-A130-12215-XXX<\/td>\n<\/tr>\n<tr style=\"height: 30px;\">\n<th style=\"height: 30px; width: 32.774%; text-align: left;\">Rapports de r\u00e9duction<\/th>\n<td style=\"height: 30px; width: 68.0089%;\">48, 120, 180, 220, 288<\/td>\n<\/tr>\n<tr style=\"height: 30px;\">\n<th style=\"height: 30px; width: 32.774%; text-align: left;\">Vitesses \u00e0 vide (tr\/min)<\/th>\n<td style=\"height: 30px; width: 68.0089%;\">230, 90, 60, 50, 38<\/td>\n<\/tr>\n<tr style=\"height: 30px;\">\n<th style=\"height: 30px; width: 32.774%; text-align: left;\">Couple de tol\u00e9rance momentan\u00e9 maximal (kg.cm)<\/th>\n<td style=\"height: 30px; width: 68.0089%;\">0.7, 1.4, 2.0, 2.2, 2.8<\/td>\n<\/tr>\n<\/tbody>\n<\/table>\n<h2>Bo\u00eete de vitesses avec moteur<\/h2>\n<table style=\"width: 98.7983%; height: 96px;\" border=\"1\">\n<tbody>\n<tr style=\"height: 24px;\">\n<th style=\"height: 24px; text-align: left; width: 38.4787%;\">Mod\u00e8le de bo\u00eete de vitesses<\/th>\n<td style=\"height: 24px; width: 63.0872%;\">TGP01D-A130-14175-XXX<\/td>\n<\/tr>\n<tr style=\"height: 24px;\">\n<th style=\"height: 24px; text-align: left; width: 38.4787%;\">Rapports de r\u00e9duction<\/th>\n<td style=\"height: 24px; width: 63.0872%;\">48, 120, 180, 220, 288<\/td>\n<\/tr>\n<tr style=\"height: 24px;\">\n<th style=\"height: 24px; text-align: left; width: 38.4787%;\">Vitesses \u00e0 vide (tr\/min)<\/th>\n<td style=\"height: 24px; width: 63.0872%;\">150, 60, 40, 33, 25<\/td>\n<\/tr>\n<tr style=\"height: 24px;\">\n<th style=\"height: 24px; text-align: left; width: 38.4787%;\">Couple de tol\u00e9rance momentan\u00e9 maximal (kg.cm)<\/th>\n<td style=\"height: 24px; width: 63.0872%;\">0.5, 0.9, 1.2, 1.4, 1.8<\/td>\n<\/tr>\n<\/tbody>\n<\/table>\n<table style=\"color: #666666; font-size: 14px; width: 98.9666%; height: 142px;\" border=\"1\">\n<tbody>\n<tr style=\"height: 24px;\">\n<th style=\"text-align: left; width: 38.5906%; height: 24px;\">Mod\u00e8le de bo\u00eete de vitesses<\/th>\n<td style=\"width: 61.8421%; height: 24px;\">TGP01D-A130-18100-XXX<\/td>\n<\/tr>\n<tr style=\"height: 24px;\">\n<th style=\"text-align: left; width: 38.5906%; height: 24px;\">Rapports de r\u00e9duction<\/th>\n<td style=\"width: 61.8421%; height: 24px;\">48, 120, 180, 220, 288<\/td>\n<\/tr>\n<tr style=\"height: 24px;\">\n<th style=\"text-align: left; width: 38.5906%; height: 24px;\">Vitesses \u00e0 vide (tr\/min)<\/th>\n<td style=\"width: 61.8421%; height: 24px;\">230, 90, 60, 50, 38<\/td>\n<\/tr>\n<tr style=\"height: 24px;\">\n<th style=\"text-align: left; width: 38.5906%; height: 24px;\">Couple de tol\u00e9rance momentan\u00e9 maximal (kg.cm)<\/th>\n<td style=\"width: 61.8421%; height: 24px;\">0.7, 1.4, 2.0, 2.2, 2.8<\/td>\n<\/tr>\n<\/tbody>\n<\/table>\n<h2>Autre bo\u00eete de vitesses en plastique plus moteur \u00e0 courant continu A130<\/h2>\n<table style=\"width: 100%; height: 71px;\" border=\"1\" width=\"100%\" cellspacing=\"0\" cellpadding=\"0\">\n<tbody>\n<tr style=\"height: 13.8pt;\">\n<td style=\"height: 13px; width: 49.892%;\" align=\"right\" width=\"64\" height=\"18\"><img loading=\"lazy\" decoding=\"async\" class=\"alignnone size-full wp-image-3344\" src=\"https:\/\/fmp-components.com\/wp-content\/uploads\/2025\/01\/fmp_1.TGP010-A130-1-1.webp\" alt=\"fmp_1.TGP010-A130-1-1\" width=\"600\" height=\"600\" title=\"\" srcset=\"https:\/\/fmp-components.com\/wp-content\/uploads\/2025\/01\/fmp_1.TGP010-A130-1-1.webp 600w, https:\/\/fmp-components.com\/wp-content\/uploads\/2025\/01\/fmp_1.TGP010-A130-1-1-480x480.webp 480w\" sizes=\"(min-width: 0px) and (max-width: 480px) 480px, (min-width: 481px) 600px, 100vw\" \/><\/td>\n<td style=\"width: 49.892%; height: 13px;\" align=\"right\" width=\"64\"><img loading=\"lazy\" decoding=\"async\" class=\"alignnone size-full wp-image-3345\" src=\"https:\/\/fmp-components.com\/wp-content\/uploads\/2025\/01\/fmp_2.TGP010-A130-1-1.webp\" alt=\"fmp_2.TGP010-A130-1-1\" width=\"600\" height=\"600\" title=\"\" srcset=\"https:\/\/fmp-components.com\/wp-content\/uploads\/2025\/01\/fmp_2.TGP010-A130-1-1.webp 600w, https:\/\/fmp-components.com\/wp-content\/uploads\/2025\/01\/fmp_2.TGP010-A130-1-1-480x480.webp 480w\" sizes=\"(min-width: 0px) and (max-width: 480px) 480px, (min-width: 481px) 600px, 100vw\" \/><\/td>\n<\/tr>\n<tr style=\"height: 22px;\">\n<td style=\"height: 22px; text-align: center;\"><strong>TGP01D-A130<\/strong><\/td>\n<td style=\"height: 22px; text-align: center;\"><strong>TGP01S-A130<\/strong><\/td>\n<\/tr>\n<tr style=\"height: 13.8pt;\">\n<td style=\"height: 13px; width: 49.892%;\" align=\"right\" height=\"18\"><img loading=\"lazy\" decoding=\"async\" class=\"alignnone size-full wp-image-3346\" src=\"https:\/\/fmp-components.com\/wp-content\/uploads\/2025\/01\/fmp_3.TGP010-A130-1.webp\" alt=\"fmp_3.TGP010-A130-1\" width=\"600\" height=\"600\" title=\"\" srcset=\"https:\/\/fmp-components.com\/wp-content\/uploads\/2025\/01\/fmp_3.TGP010-A130-1.webp 600w, https:\/\/fmp-components.com\/wp-content\/uploads\/2025\/01\/fmp_3.TGP010-A130-1-480x480.webp 480w\" sizes=\"(min-width: 0px) and (max-width: 480px) 480px, (min-width: 481px) 600px, 100vw\" \/><\/td>\n<td style=\"width: 49.892%; height: 13px;\" align=\"right\"><img loading=\"lazy\" decoding=\"async\" class=\"alignnone size-full wp-image-3347\" src=\"https:\/\/fmp-components.com\/wp-content\/uploads\/2025\/01\/fmp_4.TGP010-A130-1.webp\" alt=\"fmp_4.TGP010-A130-1\" width=\"600\" height=\"600\" title=\"\" srcset=\"https:\/\/fmp-components.com\/wp-content\/uploads\/2025\/01\/fmp_4.TGP010-A130-1.webp 600w, https:\/\/fmp-components.com\/wp-content\/uploads\/2025\/01\/fmp_4.TGP010-A130-1-480x480.webp 480w\" sizes=\"(min-width: 0px) and (max-width: 480px) 480px, (min-width: 481px) 600px, 100vw\" \/><\/td>\n<\/tr>\n<tr style=\"height: 23px;\">\n<td style=\"height: 23px; text-align: center;\"><strong>TGP02D-A130<\/strong><\/td>\n<td style=\"height: 23px; text-align: center;\"><strong>TGP02S-A130<\/strong><\/td>\n<\/tr>\n<\/tbody>\n<\/table>\n<h2 data-pm-slice=\"0 0 []\">Caract\u00e9ristiques du moteur \u00e0 courant continu de base \u00e0 faible bruit<\/h2>\n<p>Le moteur CC basique \u00e0 faible bruit est con\u00e7u pour offrir des performances fiables et un bruit de fonctionnement minimal, ce qui le rend id\u00e9al pour diverses applications de jouets et d'appareils basse consommation. Voici ses principales caract\u00e9ristiques\u00a0:<\/p>\n<p>1. <strong>Fonctionnement silencieux<\/strong><\/p>\n<ul>\n<li>Le moteur est sp\u00e9cialement con\u00e7u pour fonctionner silencieusement, minimisant ainsi le bruit produit pendant le fonctionnement. Cette caract\u00e9ristique est particuli\u00e8rement avantageuse pour les jouets et appareils n\u00e9cessitant une exp\u00e9rience silencieuse.<\/li>\n<\/ul>\n<p>2. <strong>Conception compacte<\/strong><\/p>\n<ul>\n<li>Con\u00e7u dans un souci d'\u00e9conomie d'espace, le moteur pr\u00e9sente un format compact et l\u00e9ger qui s'int\u00e8gre facilement dans diverses conceptions de jouets sans ajouter de volume inutile.<\/li>\n<\/ul>\n<p>3. <strong>Efficacit\u00e9 \u00e9nerg\u00e9tique<\/strong><\/p>\n<ul>\n<li>Le moteur offre une consommation d'\u00e9nergie efficace par rapport \u00e0 sa taille et \u00e0 sa puissance, ce qui en fait un choix id\u00e9al pour les jouets \u00e0 piles ou autres petits appareils n\u00e9cessitant une faible consommation d'\u00e9nergie.<\/li>\n<\/ul>\n<p>4. <strong>Durabilit\u00e9<\/strong><\/p>\n<ul>\n<li>Con\u00e7u pour durer, le moteur est construit \u00e0 partir de mat\u00e9riaux de haute qualit\u00e9, garantissant une fiabilit\u00e9 \u00e0 long terme et des performances constantes dans des conditions de fonctionnement typiques.<\/li>\n<\/ul>\n<p><strong>5. Faible consommation d'\u00e9nergie<\/strong><\/p>\n<ul>\n<li>Con\u00e7u pour fonctionner efficacement avec de petites alimentations (telles que des piles AA ou de petites sources CC), le moteur consomme peu d'\u00e9nergie, ce qui contribue \u00e0 prolonger la dur\u00e9e de vie de la batterie dans les jouets ou d'autres applications.<\/li>\n<\/ul>\n<p>Ce moteur est id\u00e9al pour une utilisation dans les petites voitures, les petits robots, les kits \u00e9ducatifs et autres appareils qui n\u00e9cessitent un moteur silencieux, \u00e9conome en \u00e9nergie et fiable pour les applications \u00e0 petite \u00e9chelle.<\/p>\n<h2>\u00c0 propos de FMP<\/h2>\n<p>FMP est un fabricant de premier plan sp\u00e9cialis\u00e9 dans la conception, le d\u00e9veloppement et la production de bo\u00eetes de vitesses de haute pr\u00e9cision, de v\u00e9rins hydrauliques, de moteurs, d'arbres de prise de force, de micromoteurs et d'une vaste gamme d'autres composants critiques. Gr\u00e2ce au d\u00e9vouement et au travail acharn\u00e9 de notre \u00e9quipe qualifi\u00e9e, nous nous sommes positionn\u00e9s comme un leader du secteur. Largement distribu\u00e9s en Europe, en Am\u00e9rique du Nord, en Asie du Sud-Est et sur d'autres march\u00e9s cl\u00e9s, nos produits b\u00e9n\u00e9ficient d'une solide r\u00e9putation de qualit\u00e9 et d'excellence. Nos clients appr\u00e9cient constamment la performance et la fiabilit\u00e9 de nos produits.<\/p>\n<p>Chez FMP, nous disposons d'installations de production ultramodernes, comprenant de vastes ateliers de fabrication, des bureaux et des logements pour nos employ\u00e9s. Nous disposons \u00e9galement d'\u00e9quipements de pointe pour la R&amp;D, la production et les essais. Nos d\u00e9partements d'ing\u00e9nierie, de moulage et d'assemblage sont parfaitement \u00e9quip\u00e9s pour fournir des solutions enti\u00e8rement personnalis\u00e9es r\u00e9pondant aux besoins sp\u00e9cifiques de chaque client. Gr\u00e2ce \u00e0 une base technique solide, des processus de production rationalis\u00e9s et un syst\u00e8me de gestion efficace, FMP garantit que tous ses produits r\u00e9pondent aux normes industrielles les plus strictes.<\/p>\n<p>La qualit\u00e9 est au c\u0153ur de nos activit\u00e9s. Du choix des mat\u00e9riaux et de la conception \u00e0 la production, en passant par la livraison et les retours clients, nous accordons une attention particuli\u00e8re \u00e0 chaque d\u00e9tail. La satisfaction de nos clients est notre priorit\u00e9 absolue et nous nous engageons \u00e0 offrir un service exceptionnel \u00e0 chaque \u00e9tape du processus. FMP ne vise pas la rentabilit\u00e9 excessive, mais la construction de partenariats durables et mutuellement b\u00e9n\u00e9fiques avec ses clients, garantissant ainsi une croissance et un succ\u00e8s durables.<\/p>\n<p>Nous accueillons favorablement les opportunit\u00e9s de collaboration et sommes impatients de b\u00e2tir un avenir meilleur avec nos partenaires. Nos solutions personnalis\u00e9es sont con\u00e7ues pour r\u00e9pondre aux besoins \u00e9volutifs de nos clients, garantissant \u00e0 chaque projet toute l'attention et l'expertise qu'il m\u00e9rite. Que vous recherchiez des produits standards ou des solutions sur mesure, FMP s'engage \u00e0 vous accompagner dans votre r\u00e9ussite \u00e0 chaque \u00e9tape.<\/p>\n<p><img loading=\"lazy\" decoding=\"async\" class=\"alignnone size-full wp-image-3335\" src=\"https:\/\/fmp-components.com\/wp-content\/uploads\/2025\/01\/DC-motor-tgp01d-a130-product-1.webp\" alt=\"Moteur \u00e0 courant continu tgp01d-a130\" width=\"883\" height=\"574\" title=\"\" srcset=\"https:\/\/fmp-components.com\/wp-content\/uploads\/2025\/01\/DC-motor-tgp01d-a130-product-1.webp 883w, https:\/\/fmp-components.com\/wp-content\/uploads\/2025\/01\/DC-motor-tgp01d-a130-product-1-480x312.webp 480w\" sizes=\"(min-width: 0px) and (max-width: 480px) 480px, (min-width: 481px) 883px, 100vw\" \/><\/p>\n<p>Auteur : CX<\/p>","protected":false},"excerpt":{"rendered":"<p>Characters Of Basic DC Toy Motor 1. Single shaft.Small size 42.2mm*45.5mm*23mm 2. DC plastic gear motor with low speed and big torque 3. Suitable for small diameter, low noise, and big toque application 4. Reduction Ratio: 48\u3001120\u3001180\u3001220\u3001288 Mini DC Motor Technical Data Motor model No Rated voltage VDC No-load speed r\/min No-load current mA Stall [&hellip;]<\/p>","protected":false},"featured_media":3353,"comment_status":"open","ping_status":"closed","template":"","meta":{"_et_pb_use_builder":"","_et_pb_old_content":"","_et_gb_content_width":""},"product_brand":[],"product_cat":[85],"product_tag":[],"class_list":{"0":"post-3348","1":"product","2":"type-product","3":"status-publish","4":"has-post-thumbnail","6":"product_cat-dc-motors","8":"first","9":"instock","10":"shipping-taxable","11":"product-type-simple"},"_links":{"self":[{"href":"https:\/\/fmp-components.com\/fr\/wp-json\/wp\/v2\/product\/3348","targetHints":{"allow":["GET"]}}],"collection":[{"href":"https:\/\/fmp-components.com\/fr\/wp-json\/wp\/v2\/product"}],"about":[{"href":"https:\/\/fmp-components.com\/fr\/wp-json\/wp\/v2\/types\/product"}],"replies":[{"embeddable":true,"href":"https:\/\/fmp-components.com\/fr\/wp-json\/wp\/v2\/comments?post=3348"}],"wp:featuredmedia":[{"embeddable":true,"href":"https:\/\/fmp-components.com\/fr\/wp-json\/wp\/v2\/media\/3353"}],"wp:attachment":[{"href":"https:\/\/fmp-components.com\/fr\/wp-json\/wp\/v2\/media?parent=3348"}],"wp:term":[{"taxonomy":"product_brand","embeddable":true,"href":"https:\/\/fmp-components.com\/fr\/wp-json\/wp\/v2\/product_brand?post=3348"},{"taxonomy":"product_cat","embeddable":true,"href":"https:\/\/fmp-components.com\/fr\/wp-json\/wp\/v2\/product_cat?post=3348"},{"taxonomy":"product_tag","embeddable":true,"href":"https:\/\/fmp-components.com\/fr\/wp-json\/wp\/v2\/product_tag?post=3348"}],"curies":[{"name":"wp","href":"https:\/\/api.w.org\/{rel}","templated":true}]}}