{"id":3341,"date":"2025-01-07T01:06:38","date_gmt":"2025-01-07T01:06:38","guid":{"rendered":"https:\/\/fmp-components.com\/?page_id=8"},"modified":"2025-01-07T01:16:32","modified_gmt":"2025-01-07T01:16:32","slug":"plastic-gearbox-motor-tgp02d-a130-for-toy-robot-remote-control-toy-cars","status":"publish","type":"product","link":"https:\/\/fmp-components.com\/fr\/product\/plastic-gearbox-motor-tgp02d-a130-for-toy-robot-remote-control-toy-cars\/","title":{"rendered":"Moteur \u00e0 engrenages en plastique TGP02D-A130 pour robot jouet t\u00e9l\u00e9command\u00e9"},"content":{"rendered":"<h2>Personnages :<\/h2>\n<p>1. Double tige. Petite taille\u00a0: 42,2\u00a0mm \u00d7 45,5\u00a0mm \u00d7 23\u00a0mm<br \/>\n2. Moteur \u00e0 engrenages en plastique \u00e0 courant continu \u00e0 faible vitesse et couple \u00e9lev\u00e9<br \/>\n3. Convient aux applications de petit diam\u00e8tre, \u00e0 faible bruit et \u00e0 couple \u00e9lev\u00e9<br \/>\n4. Rapport de r\u00e9duction : 48, 120, 180, 220, 288<\/p>\n<p><img loading=\"lazy\" decoding=\"async\" class=\"alignnone wp-image-3349\" src=\"https:\/\/fmp-components.com\/wp-content\/uploads\/2025\/01\/fmp_3.TGP010-A130-2.webp\" alt=\"fmp_3.TGP010-A130-2\" width=\"909\" height=\"423\" title=\"\" srcset=\"https:\/\/fmp-components.com\/wp-content\/uploads\/2025\/01\/fmp_3.TGP010-A130-2.webp 909w, https:\/\/fmp-components.com\/wp-content\/uploads\/2025\/01\/fmp_3.TGP010-A130-2-480x223.webp 480w\" sizes=\"(min-width: 0px) and (max-width: 480px) 480px, (min-width: 481px) 909px, 100vw\" \/><\/p>\n<h2>Donn\u00e9es techniques du mini moteur \u00e0 courant continu<\/h2>\n<table style=\"width: 98.042%; height: 144px;\" border=\"1\">\n<tbody>\n<tr>\n<td style=\"width: 21.3647%;\">Mod\u00e8le de moteur Non<\/td>\n<td style=\"width: 15.8837%;\">Tension nominale<br \/>\nVDC<\/td>\n<td style=\"width: 16.6667%;\">Vitesse \u00e0 vide<br \/>\ntr\/min<\/td>\n<td style=\"width: 17.6734%;\">Courant \u00e0 vide<br \/>\nmA<\/td>\n<td style=\"width: 13.0872%;\">Couple de d\u00e9crochage<br \/>\ng.cm<\/td>\n<td style=\"width: 15.3244%;\">Courant de d\u00e9crochage<br \/>\nUN<\/td>\n<\/tr>\n<tr>\n<td style=\"width: 21.3647%;\">TFE-130RA-12215<\/td>\n<td style=\"width: 15.8837%;\">6.0<\/td>\n<td style=\"width: 16.6667%;\">11500<\/td>\n<td style=\"width: 17.6734%;\">120<\/td>\n<td style=\"width: 13.0872%;\">20<\/td>\n<td style=\"width: 15.3244%;\">0.85<\/td>\n<\/tr>\n<tr>\n<td style=\"width: 21.3647%;\">TFE-130RA-14175<\/td>\n<td style=\"width: 15.8837%;\">3.0<\/td>\n<td style=\"width: 16.6667%;\">8000<\/td>\n<td style=\"width: 17.6734%;\">120<\/td>\n<td style=\"width: 13.0872%;\">13<\/td>\n<td style=\"width: 15.3244%;\">0.70<\/td>\n<\/tr>\n<tr>\n<td style=\"width: 21.3647%;\">TFE-130RA-18100<\/td>\n<td style=\"width: 15.8837%;\">3.0<\/td>\n<td style=\"width: 16.6667%;\">11500<\/td>\n<td style=\"width: 17.6734%;\">250<\/td>\n<td style=\"width: 13.0872%;\">20<\/td>\n<td style=\"width: 15.3244%;\">1.80<\/td>\n<\/tr>\n<\/tbody>\n<\/table>\n<h2>Donn\u00e9es techniques du motor\u00e9ducteur<\/h2>\n<table style=\"width: 98.042%; height: 120px;\" border=\"1\">\n<tbody>\n<tr style=\"height: 30px;\">\n<th style=\"height: 30px; width: 32.774%; text-align: left;\">Mod\u00e8le de bo\u00eete de vitesses<\/th>\n<td style=\"height: 30px; width: 68.0089%;\">TGP01D-A130-12215-XXX<\/td>\n<\/tr>\n<tr style=\"height: 30px;\">\n<th style=\"height: 30px; width: 32.774%; text-align: left;\">Rapports de r\u00e9duction<\/th>\n<td style=\"height: 30px; width: 68.0089%;\">48, 120, 180, 220, 288<\/td>\n<\/tr>\n<tr style=\"height: 30px;\">\n<th style=\"height: 30px; width: 32.774%; text-align: left;\">Vitesses \u00e0 vide (tr\/min)<\/th>\n<td style=\"height: 30px; width: 68.0089%;\">230, 90, 60, 50, 38<\/td>\n<\/tr>\n<tr style=\"height: 30px;\">\n<th style=\"height: 30px; width: 32.774%; text-align: left;\">Couple de tol\u00e9rance momentan\u00e9 maximal (kg.cm)<\/th>\n<td style=\"height: 30px; width: 68.0089%;\">0.7, 1.4, 2.0, 2.2, 2.8<\/td>\n<\/tr>\n<\/tbody>\n<\/table>\n<h2>Bo\u00eete de vitesses avec moteur<\/h2>\n<table style=\"width: 98.7983%; height: 96px;\" border=\"1\">\n<tbody>\n<tr style=\"height: 24px;\">\n<th style=\"height: 24px; text-align: left; width: 38.4787%;\">Mod\u00e8le de bo\u00eete de vitesses<\/th>\n<td style=\"height: 24px; width: 63.0872%;\">TGP01D-A130-14175-XXX<\/td>\n<\/tr>\n<tr style=\"height: 24px;\">\n<th style=\"height: 24px; text-align: left; width: 38.4787%;\">Rapports de r\u00e9duction<\/th>\n<td style=\"height: 24px; width: 63.0872%;\">48, 120, 180, 220, 288<\/td>\n<\/tr>\n<tr style=\"height: 24px;\">\n<th style=\"height: 24px; text-align: left; width: 38.4787%;\">Vitesses \u00e0 vide (tr\/min)<\/th>\n<td style=\"height: 24px; width: 63.0872%;\">150, 60, 40, 33, 25<\/td>\n<\/tr>\n<tr style=\"height: 24px;\">\n<th style=\"height: 24px; text-align: left; width: 38.4787%;\">Couple de tol\u00e9rance momentan\u00e9 maximal (kg.cm)<\/th>\n<td style=\"height: 24px; width: 63.0872%;\">0.5, 0.9, 1.2, 1.4, 1.8<\/td>\n<\/tr>\n<\/tbody>\n<\/table>\n<table style=\"color: #666666; font-size: 14px; width: 98.9666%; height: 142px;\" border=\"1\">\n<tbody>\n<tr style=\"height: 24px;\">\n<th style=\"text-align: left; width: 38.5906%; height: 24px;\">Mod\u00e8le de bo\u00eete de vitesses<\/th>\n<td style=\"width: 61.8421%; height: 24px;\">TGP01D-A130-18100-XXX<\/td>\n<\/tr>\n<tr style=\"height: 24px;\">\n<th style=\"text-align: left; width: 38.5906%; height: 24px;\">Rapports de r\u00e9duction<\/th>\n<td style=\"width: 61.8421%; height: 24px;\">48, 120, 180, 220, 288<\/td>\n<\/tr>\n<tr style=\"height: 24px;\">\n<th style=\"text-align: left; width: 38.5906%; height: 24px;\">Vitesses \u00e0 vide (tr\/min)<\/th>\n<td style=\"width: 61.8421%; height: 24px;\">230, 90, 60, 50, 38<\/td>\n<\/tr>\n<tr style=\"height: 24px;\">\n<th style=\"text-align: left; width: 38.5906%; height: 24px;\">Couple de tol\u00e9rance momentan\u00e9 maximal (kg.cm)<\/th>\n<td style=\"width: 61.8421%; height: 24px;\">0.7, 1.4, 2.0, 2.2, 2.8<\/td>\n<\/tr>\n<\/tbody>\n<\/table>\n<p>&nbsp;<\/p>\n<table border=\"1\" width=\"100%\" cellspacing=\"0\" cellpadding=\"0\">\n<tbody>\n<tr>\n<td colspan=\"2\" rowspan=\"3\" width=\"131\" height=\"65\" data-spm-anchor-id=\"a2700.details.0.i21.659d3e61kGVPBR\">MOD\u00c8LE<\/td>\n<td rowspan=\"3\" width=\"75\">TAUX DE R\u00c9DUCTION<\/td>\n<td colspan=\"2\" width=\"133\">TENSION<\/td>\n<td colspan=\"2\" width=\"117\">AUCUNE CHARGE<\/td>\n<td colspan=\"4\" width=\"228\">\u00c0 EFFICACIT\u00c9 MAXIMALE<\/td>\n<td colspan=\"2\" width=\"118\">D\u00c9CROCHAGE<\/td>\n<\/tr>\n<tr>\n<td rowspan=\"2\" width=\"75\">PLAGE DE FONCTIONNEMENT<\/td>\n<td width=\"58\">NOMINAL<\/td>\n<td width=\"55\">VITESSE<\/td>\n<td width=\"62\">ACTUEL<\/td>\n<td width=\"55\">VITESSE<\/td>\n<td width=\"62\">ACTUEL<\/td>\n<td width=\"56\">COUPLE<\/td>\n<td width=\"55\">SORTIR<\/td>\n<td width=\"56\">COUPLE<\/td>\n<td width=\"62\">ACTUEL<\/td>\n<\/tr>\n<tr>\n<td width=\"58\">V<\/td>\n<td width=\"55\">tr\/min<\/td>\n<td width=\"62\">UN<\/td>\n<td width=\"55\">tr\/min<\/td>\n<td width=\"62\">UN<\/td>\n<td width=\"56\">kg.cm<\/td>\n<td width=\"55\">W<\/td>\n<td width=\"56\">kg.cm<\/td>\n<td width=\"62\">UN<\/td>\n<\/tr>\n<tr>\n<td colspan=\"2\" width=\"131\" height=\"24\">T130-02-06500<\/td>\n<td width=\"75\">48\/1<\/td>\n<td width=\"75\">3.0~7.0<\/td>\n<td width=\"58\">6.0<\/td>\n<td width=\"55\">500<\/td>\n<td width=\"62\">0.21<\/td>\n<td width=\"55\">416<\/td>\n<td width=\"62\">1.04<\/td>\n<td width=\"56\">0.4<\/td>\n<td width=\"55\">1.71<\/td>\n<td width=\"56\">2.4<\/td>\n<td width=\"62\">5.2<\/td>\n<\/tr>\n<tr>\n<td colspan=\"2\" width=\"131\" height=\"24\">T130-02-06200<\/td>\n<td width=\"75\">120\/1<\/td>\n<td width=\"75\">3.0~7.0<\/td>\n<td width=\"58\">6.0<\/td>\n<td width=\"55\">200<\/td>\n<td width=\"62\">0.21<\/td>\n<td width=\"55\">415<\/td>\n<td width=\"62\">1.06<\/td>\n<td width=\"56\">1.0<\/td>\n<td width=\"55\">4.26<\/td>\n<td width=\"56\">5.9<\/td>\n<td width=\"62\">5.2<\/td>\n<\/tr>\n<tr>\n<td colspan=\"2\" width=\"131\" height=\"24\">T130-02-09175<\/td>\n<td width=\"75\">48\/1<\/td>\n<td width=\"75\">3.0~10.0<\/td>\n<td width=\"58\">9.0<\/td>\n<td width=\"55\">175<\/td>\n<td width=\"62\">0.09<\/td>\n<td width=\"55\">133<\/td>\n<td width=\"62\">0.17<\/td>\n<td width=\"56\">0.3<\/td>\n<td width=\"55\">0.41<\/td>\n<td width=\"56\">1.3<\/td>\n<td width=\"62\">0.55<\/td>\n<\/tr>\n<tr>\n<td colspan=\"2\" width=\"131\" height=\"24\">T130-02-0938<\/td>\n<td width=\"75\">220\/1<\/td>\n<td width=\"75\">3.0~10.0<\/td>\n<td width=\"58\">9.0<\/td>\n<td width=\"55\">38<\/td>\n<td width=\"62\">0.09<\/td>\n<td width=\"55\">31<\/td>\n<td width=\"62\">0.14<\/td>\n<td width=\"56\">1.0<\/td>\n<td width=\"55\">0.32<\/td>\n<td width=\"56\">5.8<\/td>\n<td width=\"62\">0.55<\/td>\n<\/tr>\n<tr>\n<td colspan=\"2\" width=\"131\" height=\"24\">T130-02-1260<\/td>\n<td width=\"75\">220\/1<\/td>\n<td width=\"75\">3.0~13.0<\/td>\n<td width=\"58\">12.0<\/td>\n<td width=\"55\">60<\/td>\n<td width=\"62\">0.05<\/td>\n<td width=\"55\">48<\/td>\n<td width=\"62\">0.2<\/td>\n<td width=\"56\">1.5<\/td>\n<td width=\"55\">0.74<\/td>\n<td width=\"56\">5.8<\/td>\n<td width=\"62\">0.85<\/td>\n<\/tr>\n<\/tbody>\n<\/table>\n<h2>Autre bo\u00eete de vitesses en plastique plus moteur \u00e0 courant continu A130<\/h2>\n<table style=\"width: 100%; height: 71px;\" border=\"1\" width=\"100%\" cellspacing=\"0\" cellpadding=\"0\">\n<tbody>\n<tr style=\"height: 13.8pt;\">\n<td style=\"height: 13px; width: 49.892%;\" align=\"right\" width=\"64\" height=\"18\"><img loading=\"lazy\" decoding=\"async\" class=\"alignnone size-full wp-image-3344\" src=\"https:\/\/fmp-components.com\/wp-content\/uploads\/2025\/01\/fmp_1.TGP010-A130-1-1.webp\" alt=\"fmp_1.TGP010-A130-1-1\" width=\"600\" height=\"600\" title=\"\" srcset=\"https:\/\/fmp-components.com\/wp-content\/uploads\/2025\/01\/fmp_1.TGP010-A130-1-1.webp 600w, https:\/\/fmp-components.com\/wp-content\/uploads\/2025\/01\/fmp_1.TGP010-A130-1-1-480x480.webp 480w\" sizes=\"(min-width: 0px) and (max-width: 480px) 480px, (min-width: 481px) 600px, 100vw\" \/><\/td>\n<td style=\"width: 49.892%; height: 13px;\" align=\"right\" width=\"64\"><img loading=\"lazy\" decoding=\"async\" class=\"alignnone size-full wp-image-3345\" src=\"https:\/\/fmp-components.com\/wp-content\/uploads\/2025\/01\/fmp_2.TGP010-A130-1-1.webp\" alt=\"fmp_2.TGP010-A130-1-1\" width=\"600\" height=\"600\" title=\"\" srcset=\"https:\/\/fmp-components.com\/wp-content\/uploads\/2025\/01\/fmp_2.TGP010-A130-1-1.webp 600w, https:\/\/fmp-components.com\/wp-content\/uploads\/2025\/01\/fmp_2.TGP010-A130-1-1-480x480.webp 480w\" sizes=\"(min-width: 0px) and (max-width: 480px) 480px, (min-width: 481px) 600px, 100vw\" \/><\/td>\n<\/tr>\n<tr style=\"height: 22px;\">\n<td style=\"height: 22px; text-align: center;\"><strong>TGP01D-A130<\/strong><\/td>\n<td style=\"height: 22px; text-align: center;\"><strong>TGP01S-A130<\/strong><\/td>\n<\/tr>\n<tr style=\"height: 13.8pt;\">\n<td style=\"height: 13px; width: 49.892%;\" align=\"right\" height=\"18\"><img loading=\"lazy\" decoding=\"async\" class=\"alignnone size-full wp-image-3346\" src=\"https:\/\/fmp-components.com\/wp-content\/uploads\/2025\/01\/fmp_3.TGP010-A130-1.webp\" alt=\"fmp_3.TGP010-A130-1\" width=\"600\" height=\"600\" title=\"\" srcset=\"https:\/\/fmp-components.com\/wp-content\/uploads\/2025\/01\/fmp_3.TGP010-A130-1.webp 600w, https:\/\/fmp-components.com\/wp-content\/uploads\/2025\/01\/fmp_3.TGP010-A130-1-480x480.webp 480w\" sizes=\"(min-width: 0px) and (max-width: 480px) 480px, (min-width: 481px) 600px, 100vw\" \/><\/td>\n<td style=\"width: 49.892%; height: 13px;\" align=\"right\"><img loading=\"lazy\" decoding=\"async\" class=\"alignnone size-full wp-image-3347\" src=\"https:\/\/fmp-components.com\/wp-content\/uploads\/2025\/01\/fmp_4.TGP010-A130-1.webp\" alt=\"fmp_4.TGP010-A130-1\" width=\"600\" height=\"600\" title=\"\" srcset=\"https:\/\/fmp-components.com\/wp-content\/uploads\/2025\/01\/fmp_4.TGP010-A130-1.webp 600w, https:\/\/fmp-components.com\/wp-content\/uploads\/2025\/01\/fmp_4.TGP010-A130-1-480x480.webp 480w\" sizes=\"(min-width: 0px) and (max-width: 480px) 480px, (min-width: 481px) 600px, 100vw\" \/><\/td>\n<\/tr>\n<tr style=\"height: 23px;\">\n<td style=\"height: 23px; text-align: center;\"><strong>TGP02D-A130<\/strong><\/td>\n<td style=\"height: 23px; text-align: center;\"><strong>TGP02S-A130<\/strong><\/td>\n<\/tr>\n<\/tbody>\n<\/table>\n<h2>Application:<\/h2>\n<table style=\"width: 100%;\" border=\"1\" width=\"100%\" cellspacing=\"0\" cellpadding=\"0\">\n<tbody>\n<tr>\n<th>Domaines d&#039;application<\/th>\n<td><strong>Machines de bureau :<\/strong> Distributeurs automatiques de billets, photocopieurs et scanners, traitement des esp\u00e8ces, terminaux de point de vente, imprimantes, distributeurs automatiques.<br \/>\n<strong>Nourriture et boissons :<\/strong> Distributeurs de boissons, mixeurs plongeants, mixeurs, m\u00e9langeurs, machines \u00e0 caf\u00e9, robots culinaires, extracteurs de jus, friteuses, machines \u00e0 gla\u00e7ons, machines \u00e0 lait de soja.<br \/>\n<strong>Appareil photo et optique :<\/strong> Vid\u00e9o, cam\u00e9ras, projecteurs.<br \/>\n<strong>Outils \u00e9lectriques :<\/strong> Perceuses et visseuses, ponceuses, meuleuses, polisseuses, scies.<br \/>\n<strong>Pelouse et jardin :<\/strong> Tondeuses \u00e0 gazon, souffleuses \u00e0 neige, d\u00e9broussailleuses, souffleurs de feuilles.<\/td>\n<\/tr>\n<\/tbody>\n<\/table>\n<h2 data-pm-slice=\"0 0 []\">Caract\u00e9ristiques du motor\u00e9ducteur en plastique TGP02D-A130<\/h2>\n<p>Le TGP02D-A130 est un motor\u00e9ducteur en plastique haute performance offrant une solution polyvalente et fiable pour une large gamme d'applications. Ce moteur combine un r\u00e9ducteur en plastique robuste avec un moteur \u00e0 courant continu efficace, ce qui le rend id\u00e9al pour diverses applications n\u00e9cessitant un couple faible \u00e0 moyen. Voici les principales caract\u00e9ristiques du TGP02D-A130\u00a0:<\/p>\n<ol>\n<li><strong>Conception compacte<\/strong>Le moteur \u00e0 bo\u00eete de vitesses en plastique pr\u00e9sente une taille compacte, permettant une int\u00e9gration facile dans les applications \u00e0 espace restreint sans compromettre la puissance de sortie.<\/li>\n<li><strong>Performance efficace<\/strong>Dot\u00e9 d'un puissant moteur \u00e0 courant continu, le TGP02D-A130 offre des performances fluides et efficaces, fournissant un couple et une vitesse constants adapt\u00e9s \u00e0 une vari\u00e9t\u00e9 d'utilisations.<\/li>\n<li><strong>Bo\u00eete de vitesses en plastique durable<\/strong>Le moteur est associ\u00e9 \u00e0 un r\u00e9ducteur en plastique durable, ce qui garantit des performances durables et r\u00e9duit le poids total de l'ensemble, particuli\u00e8rement avantageux pour les applications l\u00e9g\u00e8res.<\/li>\n<li><strong>Fonctionnement silencieux<\/strong>Con\u00e7u pour fonctionner silencieusement, le TGP02D-A130 est id\u00e9al pour les applications o\u00f9 la r\u00e9duction du bruit est essentielle, comme dans les appareils m\u00e9nagers et les jouets.<\/li>\n<li><strong>Versatilit\u00e9<\/strong>Ce moteur est extr\u00eamement polyvalent et peut \u00eatre utilis\u00e9 dans une large gamme d'appareils, notamment les syst\u00e8mes robotiques, les maquettes, les petites machines et autres \u00e9quipements n\u00e9cessitant un contr\u00f4le pr\u00e9cis du mouvement.<\/li>\n<\/ol>\n<p>En r\u00e9sum\u00e9, le motor\u00e9ducteur plastique TGP02D-A130 est une solution fiable, \u00e9conomique et performante pour diverses applications de faible \u00e0 moyenne puissance. Il allie la robustesse d'un r\u00e9ducteur plastique \u00e0 la pr\u00e9cision d'un moteur \u00e0 courant continu, offrant ainsi des performances \u00e9lev\u00e9es dans un format compact et polyvalent.<\/p>\n<h2>\u00c0 propos de FMP<\/h2>\n<p>FMP est un fabricant de premier plan, reconnu pour son expertise dans la conception, le d\u00e9veloppement et la production de r\u00e9ducteurs de haute pr\u00e9cision, de v\u00e9rins hydrauliques, de moteurs, d'arbres de prise de force, de micromoteurs et d'une large gamme d'autres composants essentiels. Gr\u00e2ce au d\u00e9vouement et \u00e0 l'expertise de notre \u00e9quipe qualifi\u00e9e, nous nous sommes impos\u00e9s comme un acteur majeur du secteur. Nos produits sont distribu\u00e9s en Europe, en Am\u00e9rique du Nord, en Asie du Sud-Est et sur d'autres march\u00e9s cl\u00e9s \u00e0 travers le monde, o\u00f9 ils jouissent d'une excellente r\u00e9putation en mati\u00e8re de qualit\u00e9, de fiabilit\u00e9 et de performance.<\/p>\n<p>Chez FMP, nous disposons d'installations de production de pointe, comprenant de vastes ateliers de fabrication, des bureaux modernes et des logements pour nos employ\u00e9s. Nos \u00e9quipements de R&amp;D, de production et de test ultramodernes nous permettent de fournir \u00e0 nos clients des solutions hautement sp\u00e9cialis\u00e9es et personnalis\u00e9es. Gr\u00e2ce \u00e0 nos solides comp\u00e9tences techniques, nos processus de production efficaces et notre syst\u00e8me de gestion rigoureux, nous garantissons que chacun de nos produits respecte, voire d\u00e9passe, les normes les plus exigeantes du secteur.<\/p>\n<p>La qualit\u00e9 est au c\u0153ur de toutes nos activit\u00e9s. De la s\u00e9lection des mat\u00e9riaux \u00e0 la conception, en passant par la production, la livraison et le suivi client, nous accordons une attention m\u00e9ticuleuse aux d\u00e9tails. La satisfaction de nos clients est notre priorit\u00e9 absolue et nous nous engageons \u00e0 leur offrir un service exceptionnel tout au long du processus. FMP privil\u00e9gie les relations durables et mutuellement avantageuses avec ses clients, en favorisant leur croissance et leur r\u00e9ussite plut\u00f4t que les profits \u00e0 court terme.<\/p>\n<p>Nous sommes toujours ouverts \u00e0 la collaboration et avons h\u00e2te de b\u00e2tir un avenir meilleur avec nos partenaires. Nos solutions sur mesure sont con\u00e7ues pour s'adapter \u00e0 l'\u00e9volution des besoins de nos clients, garantissant ainsi \u00e0 chaque projet toute l'attention et l'expertise qu'il m\u00e9rite. Que vous ayez besoin de produits standard ou de solutions personnalis\u00e9es, FMP s'engage \u00e0 vous accompagner vers le succ\u00e8s \u00e0 chaque \u00e9tape.<\/p>\n<p><img loading=\"lazy\" decoding=\"async\" class=\"alignnone size-full wp-image-3335\" src=\"https:\/\/fmp-components.com\/wp-content\/uploads\/2025\/01\/DC-motor-tgp01d-a130-product-1.webp\" alt=\"Moteur \u00e0 courant continu tgp01d-a130\" width=\"883\" height=\"574\" title=\"\" srcset=\"https:\/\/fmp-components.com\/wp-content\/uploads\/2025\/01\/DC-motor-tgp01d-a130-product-1.webp 883w, https:\/\/fmp-components.com\/wp-content\/uploads\/2025\/01\/DC-motor-tgp01d-a130-product-1-480x312.webp 480w\" sizes=\"(min-width: 0px) and (max-width: 480px) 480px, (min-width: 481px) 883px, 100vw\" \/><\/p>\n<p>Auteur : CX<\/p>","protected":false},"excerpt":{"rendered":"<p>Characters: 1. Double shaft.Small size 42.2mm*45.5mm*23mm 2. DC plastic gear motor with low speed and big torque 3. Suitable for small diameter, low noise, and big toque application 4. Reduction Ratio: 48\u3001120\u3001180\u3001220\u3001288 Mini DC Motor Technical Data Motor model No Rated voltage VDC No-load speed r\/min No-load current mA Stall torque g.cm Stall current A [&hellip;]<\/p>","protected":false},"featured_media":3351,"comment_status":"open","ping_status":"closed","template":"","meta":{"_et_pb_use_builder":"","_et_pb_old_content":"","_et_gb_content_width":""},"product_brand":[],"product_cat":[85],"product_tag":[],"class_list":{"0":"post-3341","1":"product","2":"type-product","3":"status-publish","4":"has-post-thumbnail","6":"product_cat-dc-motors","8":"first","9":"instock","10":"shipping-taxable","11":"product-type-simple"},"_links":{"self":[{"href":"https:\/\/fmp-components.com\/fr\/wp-json\/wp\/v2\/product\/3341","targetHints":{"allow":["GET"]}}],"collection":[{"href":"https:\/\/fmp-components.com\/fr\/wp-json\/wp\/v2\/product"}],"about":[{"href":"https:\/\/fmp-components.com\/fr\/wp-json\/wp\/v2\/types\/product"}],"replies":[{"embeddable":true,"href":"https:\/\/fmp-components.com\/fr\/wp-json\/wp\/v2\/comments?post=3341"}],"wp:featuredmedia":[{"embeddable":true,"href":"https:\/\/fmp-components.com\/fr\/wp-json\/wp\/v2\/media\/3351"}],"wp:attachment":[{"href":"https:\/\/fmp-components.com\/fr\/wp-json\/wp\/v2\/media?parent=3341"}],"wp:term":[{"taxonomy":"product_brand","embeddable":true,"href":"https:\/\/fmp-components.com\/fr\/wp-json\/wp\/v2\/product_brand?post=3341"},{"taxonomy":"product_cat","embeddable":true,"href":"https:\/\/fmp-components.com\/fr\/wp-json\/wp\/v2\/product_cat?post=3341"},{"taxonomy":"product_tag","embeddable":true,"href":"https:\/\/fmp-components.com\/fr\/wp-json\/wp\/v2\/product_tag?post=3341"}],"curies":[{"name":"wp","href":"https:\/\/api.w.org\/{rel}","templated":true}]}}