{"id":3339,"date":"2025-01-06T08:44:00","date_gmt":"2025-01-06T08:44:00","guid":{"rendered":"https:\/\/fmp-components.com\/?page_id=8"},"modified":"2025-01-07T01:03:57","modified_gmt":"2025-01-07T01:03:57","slug":"plastic-gearbox-mini-geared-motor-tgp01s-a130","status":"publish","type":"product","link":"https:\/\/fmp-components.com\/fr\/product\/plastic-gearbox-mini-geared-motor-tgp01s-a130\/","title":{"rendered":"Mini-motor\u00e9ducteur \u00e0 engrenages en plastique TGP01S-A130"},"content":{"rendered":"<h2>Mini-motor\u00e9ducteur \u00e0 engrenages en plastique TGP01S-A130<\/h2>\n<ul class=\"a-unordered-list a-vertical a-spacing-mini\">\n<li><span class=\"a-list-item\">R\u00e9ducteur \u00e0 engrenages en plastique TGP et moteur \u00e0 courant continu \u00e0 aimant permanent A130<\/span><\/li>\n<li><span class=\"a-list-item\">moteur \u00e0 engrenages \u00e0 courant continu de petite taille avec faible vitesse et couple \u00e9lev\u00e9<\/span><\/li>\n<li><span class=\"a-list-item\">adapt\u00e9 aux applications de petit diam\u00e8tre, \u00e0 faible bruit et \u00e0 couple \u00e9lev\u00e9<\/span><\/li>\n<li><span class=\"a-list-item\">rapport de r\u00e9duction : 48,120,180,220,288<\/span><\/li>\n<\/ul>\n<h2 align=\"left\" data-spm-anchor-id=\"a2700.details.0.i21.36dd6237ZBajCj\">Caract\u00e8res du mini motor\u00e9ducteur<\/h2>\n<ul>\n<li>Moteur \u00e0 engrenages \u00e0 courant continu de petite taille avec faible vitesse et couple \u00e9lev\u00e9<\/li>\n<li>Convient aux petits diam\u00e8tres. Faible bruit et couple \u00e9lev\u00e9.<\/li>\n<li>Rapport de r\u00e9duction : 48, 120, 180, 220, 288<\/li>\n<li>Arbre simple. Petit format\u00a0: 18,7\u00a0mm x 22,3\u00a0mm x 64,5\u00a0mm.<\/li>\n<li>Moteur \u00e0 engrenages en plastique \u00e0 courant continu \u00e0 faible vitesse et couple \u00e9lev\u00e9<\/li>\n<\/ul>\n<p><img loading=\"lazy\" decoding=\"async\" class=\"alignnone size-full wp-image-3342\" src=\"https:\/\/fmp-components.com\/wp-content\/uploads\/2025\/01\/fmp_2.TGP010-A130-2.webp\" alt=\"fmp_2.TGP010-A130-2\" width=\"837\" height=\"522\" title=\"\" srcset=\"https:\/\/fmp-components.com\/wp-content\/uploads\/2025\/01\/fmp_2.TGP010-A130-2.webp 837w, https:\/\/fmp-components.com\/wp-content\/uploads\/2025\/01\/fmp_2.TGP010-A130-2-480x299.webp 480w\" sizes=\"(min-width: 0px) and (max-width: 480px) 480px, (min-width: 481px) 837px, 100vw\" \/><\/p>\n<h2>Donn\u00e9es techniques du mini moteur \u00e0 courant continu<\/h2>\n<table style=\"width: 96.6375%; height: 144px;\" border=\"1\">\n<tbody>\n<tr>\n<td>Mod\u00e8le de moteur Non<\/td>\n<td>Tension nominale<br \/>\nVDC<\/td>\n<td>Vitesse \u00e0 vide<br \/>\ntr\/min<\/td>\n<td>Courant \u00e0 vide<br \/>\nmA<\/td>\n<td>Couple de d\u00e9crochage<br \/>\ng.cm<\/td>\n<td>Courant de d\u00e9crochage<br \/>\nUN<\/td>\n<\/tr>\n<tr>\n<td>TFE-130RA-12215<\/td>\n<td>6.0<\/td>\n<td>11500<\/td>\n<td>120<\/td>\n<td>20<\/td>\n<td>0.85<\/td>\n<\/tr>\n<tr>\n<td>TFE-130RA-14175<\/td>\n<td>3.0<\/td>\n<td>8000<\/td>\n<td>120<\/td>\n<td>13<\/td>\n<td>0.70<\/td>\n<\/tr>\n<tr>\n<td>TFE-130RA-18100<\/td>\n<td>3.0<\/td>\n<td>11500<\/td>\n<td>250<\/td>\n<td>20<\/td>\n<td>1.80<\/td>\n<\/tr>\n<\/tbody>\n<\/table>\n<h2>Donn\u00e9es techniques du motor\u00e9ducteur<\/h2>\n<table style=\"width: 96.6375%; height: 120px;\" border=\"1\">\n<tbody>\n<tr style=\"height: 30px;\">\n<th style=\"height: 30px; width: 32.774%; text-align: left;\">Mod\u00e8le de bo\u00eete de vitesses<\/th>\n<td style=\"height: 30px; width: 66.5548%;\">TGP01D-A130-12215-XXX<\/td>\n<\/tr>\n<tr style=\"height: 30px;\">\n<th style=\"height: 30px; width: 32.774%; text-align: left;\">Rapports de r\u00e9duction<\/th>\n<td style=\"height: 30px; width: 66.5548%;\">48, 120, 180, 220, 288<\/td>\n<\/tr>\n<tr style=\"height: 30px;\">\n<th style=\"height: 30px; width: 32.774%; text-align: left;\">Vitesses \u00e0 vide (tr\/min)<\/th>\n<td style=\"height: 30px; width: 66.5548%;\">230, 90, 60, 50, 38<\/td>\n<\/tr>\n<tr style=\"height: 30px;\">\n<th style=\"height: 30px; width: 32.774%; text-align: left;\">Couple de tol\u00e9rance momentan\u00e9 maximal (kg.cm)<\/th>\n<td style=\"height: 30px; width: 66.5548%;\">0.7, 1.4, 2.0, 2.2, 2.8<\/td>\n<\/tr>\n<\/tbody>\n<\/table>\n<h2>Bo\u00eete de vitesses avec moteur<\/h2>\n<table style=\"width: 96.6375%; height: 96px;\" border=\"1\">\n<tbody>\n<tr style=\"height: 24px;\">\n<th style=\"height: 24px; text-align: left; width: 38.4787%;\">Mod\u00e8le de bo\u00eete de vitesses<\/th>\n<td style=\"height: 24px; width: 60.8501%;\">TGP01D-A130-14175-XXX<\/td>\n<\/tr>\n<tr style=\"height: 24px;\">\n<th style=\"height: 24px; text-align: left; width: 38.4787%;\">Rapports de r\u00e9duction<\/th>\n<td style=\"height: 24px; width: 60.8501%;\">48, 120, 180, 220, 288<\/td>\n<\/tr>\n<tr style=\"height: 24px;\">\n<th style=\"height: 24px; text-align: left; width: 38.4787%;\">Vitesses \u00e0 vide (tr\/min)<\/th>\n<td style=\"height: 24px; width: 60.8501%;\">150, 60, 40, 33, 25<\/td>\n<\/tr>\n<tr style=\"height: 24px;\">\n<th style=\"height: 24px; text-align: left; width: 38.4787%;\">Couple de tol\u00e9rance momentan\u00e9 maximal (kg.cm)<\/th>\n<td style=\"height: 24px; width: 60.8501%;\">0.5, 0.9, 1.2, 1.4, 1.8<\/td>\n<\/tr>\n<\/tbody>\n<\/table>\n<table style=\"width: 96.6375%; height: 120px;\" border=\"1\">\n<tbody>\n<tr>\n<th style=\"text-align: left; width: 38.5906%;\">Mod\u00e8le de bo\u00eete de vitesses<\/th>\n<td style=\"width: 60.7383%;\">TGP01D-A130-18100-XXX<\/td>\n<\/tr>\n<tr>\n<th style=\"text-align: left; width: 38.5906%;\">Rapports de r\u00e9duction<\/th>\n<td style=\"width: 60.7383%;\">48, 120, 180, 220, 288<\/td>\n<\/tr>\n<tr>\n<th style=\"text-align: left; width: 38.5906%;\">Vitesses \u00e0 vide (tr\/min)<\/th>\n<td style=\"width: 60.7383%;\">230, 90, 60, 50, 38<\/td>\n<\/tr>\n<tr>\n<th style=\"text-align: left; width: 38.5906%;\">Couple de tol\u00e9rance momentan\u00e9 maximal (kg.cm)<\/th>\n<td style=\"width: 60.7383%;\">0.7, 1.4, 2.0, 2.2, 2.8<\/td>\n<\/tr>\n<\/tbody>\n<\/table>\n<h2>Autre bo\u00eete de vitesses en plastique plus moteur \u00e0 courant continu A130<\/h2>\n<table style=\"width: 100%; height: 71px;\" border=\"1\" width=\"100%\" cellspacing=\"0\" cellpadding=\"0\">\n<tbody>\n<tr style=\"height: 13.8pt;\">\n<td style=\"height: 13px; width: 49.892%;\" align=\"right\" width=\"64\" height=\"18\"><img loading=\"lazy\" decoding=\"async\" class=\"alignnone size-full wp-image-3344\" src=\"https:\/\/fmp-components.com\/wp-content\/uploads\/2025\/01\/fmp_1.TGP010-A130-1-1.webp\" alt=\"fmp_1.TGP010-A130-1-1\" width=\"600\" height=\"600\" title=\"\" srcset=\"https:\/\/fmp-components.com\/wp-content\/uploads\/2025\/01\/fmp_1.TGP010-A130-1-1.webp 600w, https:\/\/fmp-components.com\/wp-content\/uploads\/2025\/01\/fmp_1.TGP010-A130-1-1-480x480.webp 480w\" sizes=\"(min-width: 0px) and (max-width: 480px) 480px, (min-width: 481px) 600px, 100vw\" \/><\/td>\n<td style=\"width: 49.892%; height: 13px;\" align=\"right\" width=\"64\"><img loading=\"lazy\" decoding=\"async\" class=\"alignnone size-full wp-image-3345\" src=\"https:\/\/fmp-components.com\/wp-content\/uploads\/2025\/01\/fmp_2.TGP010-A130-1-1.webp\" alt=\"fmp_2.TGP010-A130-1-1\" width=\"600\" height=\"600\" title=\"\" srcset=\"https:\/\/fmp-components.com\/wp-content\/uploads\/2025\/01\/fmp_2.TGP010-A130-1-1.webp 600w, https:\/\/fmp-components.com\/wp-content\/uploads\/2025\/01\/fmp_2.TGP010-A130-1-1-480x480.webp 480w\" sizes=\"(min-width: 0px) and (max-width: 480px) 480px, (min-width: 481px) 600px, 100vw\" \/><\/td>\n<\/tr>\n<tr style=\"height: 22px;\">\n<td style=\"height: 22px; text-align: center;\"><strong>TGP01D-A130<\/strong><\/td>\n<td style=\"height: 22px; text-align: center;\"><strong>TGP01S-A130<\/strong><\/td>\n<\/tr>\n<tr style=\"height: 13.8pt;\">\n<td style=\"height: 13px; width: 49.892%;\" align=\"right\" height=\"18\"><img loading=\"lazy\" decoding=\"async\" class=\"alignnone size-full wp-image-3346\" src=\"https:\/\/fmp-components.com\/wp-content\/uploads\/2025\/01\/fmp_3.TGP010-A130-1.webp\" alt=\"fmp_3.TGP010-A130-1\" width=\"600\" height=\"600\" title=\"\" srcset=\"https:\/\/fmp-components.com\/wp-content\/uploads\/2025\/01\/fmp_3.TGP010-A130-1.webp 600w, https:\/\/fmp-components.com\/wp-content\/uploads\/2025\/01\/fmp_3.TGP010-A130-1-480x480.webp 480w\" sizes=\"(min-width: 0px) and (max-width: 480px) 480px, (min-width: 481px) 600px, 100vw\" \/><\/td>\n<td style=\"width: 49.892%; height: 13px;\" align=\"right\"><img loading=\"lazy\" decoding=\"async\" class=\"alignnone size-full wp-image-3347\" src=\"https:\/\/fmp-components.com\/wp-content\/uploads\/2025\/01\/fmp_4.TGP010-A130-1.webp\" alt=\"fmp_4.TGP010-A130-1\" width=\"600\" height=\"600\" title=\"\" srcset=\"https:\/\/fmp-components.com\/wp-content\/uploads\/2025\/01\/fmp_4.TGP010-A130-1.webp 600w, https:\/\/fmp-components.com\/wp-content\/uploads\/2025\/01\/fmp_4.TGP010-A130-1-480x480.webp 480w\" sizes=\"(min-width: 0px) and (max-width: 480px) 480px, (min-width: 481px) 600px, 100vw\" \/><\/td>\n<\/tr>\n<tr style=\"height: 23px;\">\n<td style=\"height: 23px; text-align: center;\"><strong>TGP02D-A130<\/strong><\/td>\n<td style=\"height: 23px; text-align: center;\"><strong>TGP02S-A130<\/strong><\/td>\n<\/tr>\n<\/tbody>\n<\/table>\n<h2 data-pm-slice=\"0 0 []\">Caract\u00e9ristiques du mini-moteur \u00e0 engrenages en plastique TGP01S-A130<\/h2>\n<p>Le mini-motor\u00e9ducteur \u00e0 r\u00e9ducteur en plastique TGP01S-A130 est un moteur compact, l\u00e9ger et performant, con\u00e7u pour les applications \u00e0 petite \u00e9chelle o\u00f9 l'espace et le poids sont des crit\u00e8res cruciaux. Ce moteur int\u00e8gre un r\u00e9ducteur en plastique et un mini-moteur \u00e0 courant continu, offrant polyvalence et fiabilit\u00e9 pour diverses applications. Voici les principales caract\u00e9ristiques du mod\u00e8le TGP01S-A130\u00a0:<\/p>\n<ol>\n<li><strong>Conception compacte et l\u00e9g\u00e8re<\/strong>:\n<ul>\n<li>Le TGP01S-A130 est con\u00e7u avec une structure compacte, id\u00e9ale pour les applications o\u00f9 l'espace est limit\u00e9. Le r\u00e9ducteur en plastique l\u00e9ger r\u00e9duit le poids total du moteur, facilitant ainsi son int\u00e9gration dans des appareils et syst\u00e8mes de petite taille.<\/li>\n<\/ul>\n<\/li>\n<li><strong>Construction d'une bo\u00eete de vitesses en plastique<\/strong>:\n<ul>\n<li>L'utilisation de plastique durable dans le r\u00e9ducteur assure une structure l\u00e9g\u00e8re et robuste, assurant un fonctionnement fluide tout en maintenant la rentabilit\u00e9 globale du moteur. Ce mat\u00e9riau contribue \u00e9galement \u00e0 r\u00e9duire le bruit de fonctionnement.<\/li>\n<\/ul>\n<\/li>\n<li><strong>Couple de sortie \u00e9lev\u00e9<\/strong>:\n<ul>\n<li>Malgr\u00e9 sa petite taille, le TGP01S-A130 offre un bon \u00e9quilibre entre couple et vitesse, ce qui le rend adapt\u00e9 aux t\u00e2ches n\u00e9cessitant un couple de sortie mod\u00e9r\u00e9, comme l'entra\u00eenement de petites roues, d'actionneurs ou d'autres machines l\u00e9g\u00e8res.<\/li>\n<\/ul>\n<\/li>\n<li><strong>Transmission d&#039;\u00e9nergie efficace<\/strong>:\n<ul>\n<li>Ce motor\u00e9ducteur est con\u00e7u pour une transmission de puissance efficace, optimisant l'utilisation de l'\u00e9nergie \u00e9lectrique tout en minimisant les pertes. Il est donc id\u00e9al pour les appareils aliment\u00e9s par batterie et les applications exigeant un rendement \u00e9lev\u00e9.<\/li>\n<\/ul>\n<\/li>\n<li><strong>Fonctionnement fluide et silencieux<\/strong>:\n<ul>\n<li>Gr\u00e2ce \u00e0 sa bo\u00eete de vitesses en plastique con\u00e7ue avec pr\u00e9cision, le moteur fonctionne silencieusement et en douceur, ce qui en fait un excellent choix pour les applications o\u00f9 la r\u00e9duction du bruit est importante, comme dans les jouets, les appareils m\u00e9dicaux ou les appareils \u00e9lectrom\u00e9nagers.<\/li>\n<\/ul>\n<\/li>\n<\/ol>\n<p>Le mini-motor\u00e9ducteur \u00e0 r\u00e9ducteur en plastique TGP01S-A130 allie compacit\u00e9, faible consommation d'\u00e9nergie, couple \u00e9lev\u00e9 et fonctionnement silencieux dans un ensemble \u00e9conomique et polyvalent. Sa durabilit\u00e9, son rendement et sa large plage de tension le rendent id\u00e9al pour un large \u00e9ventail d'applications, de la robotique aux produits grand public.<\/p>\n<h2>\u00c0 propos de FMP<\/h2>\n<p>FMP est un fabricant de premier plan sp\u00e9cialis\u00e9 dans la conception, le d\u00e9veloppement et la production de bo\u00eetes de vitesses de haute pr\u00e9cision, de v\u00e9rins hydrauliques, de moteurs, d'arbres de prise de force, de micromoteurs et d'une vaste gamme d'autres composants critiques. Gr\u00e2ce au d\u00e9vouement et au travail acharn\u00e9 de notre \u00e9quipe qualifi\u00e9e, nous nous sommes positionn\u00e9s comme un leader du secteur. Largement distribu\u00e9s en Europe, en Am\u00e9rique du Nord, en Asie du Sud-Est et sur d'autres march\u00e9s cl\u00e9s, nos produits b\u00e9n\u00e9ficient d'une solide r\u00e9putation de qualit\u00e9 et d'excellence. Nos clients appr\u00e9cient constamment la performance et la fiabilit\u00e9 de nos produits.<\/p>\n<p>Chez FMP, nous disposons d'installations de production ultramodernes, comprenant de vastes ateliers de fabrication, des bureaux et des logements pour nos employ\u00e9s. Nous disposons \u00e9galement d'\u00e9quipements de pointe pour la R&amp;D, la production et les essais. Nos d\u00e9partements d'ing\u00e9nierie, de moulage et d'assemblage sont parfaitement \u00e9quip\u00e9s pour fournir des solutions enti\u00e8rement personnalis\u00e9es r\u00e9pondant aux besoins sp\u00e9cifiques de chaque client. Gr\u00e2ce \u00e0 une base technique solide, des processus de production rationalis\u00e9s et un syst\u00e8me de gestion efficace, FMP garantit que tous ses produits r\u00e9pondent aux normes industrielles les plus strictes.<\/p>\n<p>La qualit\u00e9 est au c\u0153ur de nos activit\u00e9s. Du choix des mat\u00e9riaux et de la conception \u00e0 la production, en passant par la livraison et les retours clients, nous accordons une attention particuli\u00e8re \u00e0 chaque d\u00e9tail. La satisfaction de nos clients est notre priorit\u00e9 absolue et nous nous engageons \u00e0 offrir un service exceptionnel \u00e0 chaque \u00e9tape du processus. FMP ne vise pas la rentabilit\u00e9 excessive, mais la construction de partenariats durables et mutuellement b\u00e9n\u00e9fiques avec ses clients, garantissant ainsi une croissance et un succ\u00e8s durables.<\/p>\n<p>Nous accueillons favorablement les opportunit\u00e9s de collaboration et sommes impatients de b\u00e2tir un avenir meilleur avec nos partenaires. Nos solutions personnalis\u00e9es sont con\u00e7ues pour r\u00e9pondre aux besoins \u00e9volutifs de nos clients, garantissant \u00e0 chaque projet toute l'attention et l'expertise qu'il m\u00e9rite. Que vous recherchiez des produits standards ou des solutions sur mesure, FMP s'engage \u00e0 vous accompagner dans votre r\u00e9ussite \u00e0 chaque \u00e9tape.<\/p>\n<p><img loading=\"lazy\" decoding=\"async\" class=\"alignnone size-full wp-image-3335\" src=\"https:\/\/fmp-components.com\/wp-content\/uploads\/2025\/01\/DC-motor-tgp01d-a130-product-1.webp\" alt=\"Moteur \u00e0 courant continu tgp01d-a130\" width=\"883\" height=\"574\" title=\"\" srcset=\"https:\/\/fmp-components.com\/wp-content\/uploads\/2025\/01\/DC-motor-tgp01d-a130-product-1.webp 883w, https:\/\/fmp-components.com\/wp-content\/uploads\/2025\/01\/DC-motor-tgp01d-a130-product-1-480x312.webp 480w\" sizes=\"(min-width: 0px) and (max-width: 480px) 480px, (min-width: 481px) 883px, 100vw\" \/><\/p>\n<p>Auteur : CX<\/p>","protected":false},"excerpt":{"rendered":"<p>Plastic Gearbox Mini Geared Motor TGP01S-A130 TGP plastic gears gearbox plus A130 permanent magnet DC motor small size dc gear motor with low speed and big torque suitable to small diameter, low noise, and big torque application reduction ratio: 48,120,180,220,288 Characters of Mini Geared Motor Small size dc gear motor with low speed and big [&hellip;]<\/p>","protected":false},"featured_media":3340,"comment_status":"open","ping_status":"closed","template":"","meta":{"_et_pb_use_builder":"","_et_pb_old_content":"","_et_gb_content_width":""},"product_brand":[],"product_cat":[85],"product_tag":[],"class_list":{"0":"post-3339","1":"product","2":"type-product","3":"status-publish","4":"has-post-thumbnail","6":"product_cat-dc-motors","8":"first","9":"instock","10":"shipping-taxable","11":"product-type-simple"},"_links":{"self":[{"href":"https:\/\/fmp-components.com\/fr\/wp-json\/wp\/v2\/product\/3339","targetHints":{"allow":["GET"]}}],"collection":[{"href":"https:\/\/fmp-components.com\/fr\/wp-json\/wp\/v2\/product"}],"about":[{"href":"https:\/\/fmp-components.com\/fr\/wp-json\/wp\/v2\/types\/product"}],"replies":[{"embeddable":true,"href":"https:\/\/fmp-components.com\/fr\/wp-json\/wp\/v2\/comments?post=3339"}],"wp:featuredmedia":[{"embeddable":true,"href":"https:\/\/fmp-components.com\/fr\/wp-json\/wp\/v2\/media\/3340"}],"wp:attachment":[{"href":"https:\/\/fmp-components.com\/fr\/wp-json\/wp\/v2\/media?parent=3339"}],"wp:term":[{"taxonomy":"product_brand","embeddable":true,"href":"https:\/\/fmp-components.com\/fr\/wp-json\/wp\/v2\/product_brand?post=3339"},{"taxonomy":"product_cat","embeddable":true,"href":"https:\/\/fmp-components.com\/fr\/wp-json\/wp\/v2\/product_cat?post=3339"},{"taxonomy":"product_tag","embeddable":true,"href":"https:\/\/fmp-components.com\/fr\/wp-json\/wp\/v2\/product_tag?post=3339"}],"curies":[{"name":"wp","href":"https:\/\/api.w.org\/{rel}","templated":true}]}}