{"id":3331,"date":"2025-01-06T08:18:18","date_gmt":"2025-01-06T08:18:18","guid":{"rendered":"https:\/\/fmp-components.com\/?page_id=8"},"modified":"2025-01-06T08:34:45","modified_gmt":"2025-01-06T08:34:45","slug":"italy-supplier-mini-dc-motor-tgp01d-a130-plastic-gearbox-plus-a130","status":"publish","type":"product","link":"https:\/\/fmp-components.com\/fr\/product\/italy-supplier-mini-dc-motor-tgp01d-a130-plastic-gearbox-plus-a130\/","title":{"rendered":"Fournisseur italien\u00a0: mini moteur \u00e0 courant continu TGP01D-A130, bo\u00eete de vitesses en plastique Plus A130"},"content":{"rendered":"<p><img loading=\"lazy\" decoding=\"async\" class=\"wp-image-3334 aligncenter\" src=\"https:\/\/fmp-components.com\/wp-content\/uploads\/2025\/01\/DC-motor-tgp01d-a130-1.webp\" alt=\"Moteur \u00e0 courant continu tgp01d-a130\" width=\"524\" height=\"539\" title=\"\" srcset=\"https:\/\/fmp-components.com\/wp-content\/uploads\/2025\/01\/DC-motor-tgp01d-a130-1.webp 524w, https:\/\/fmp-components.com\/wp-content\/uploads\/2025\/01\/DC-motor-tgp01d-a130-1-480x494.webp 480w\" sizes=\"(min-width: 0px) and (max-width: 480px) 480px, (min-width: 481px) 524px, 100vw\" \/><\/p>\n<h2>Sp\u00e9cification<\/h2>\n<table style=\"width: 100%;\" border=\"1\" width=\"100%\" cellspacing=\"0\" cellpadding=\"0\">\n<tbody>\n<tr>\n<th>Type de moteur<\/th>\n<td>Moteur \u00e0 engrenages \u00e0 courant continu de petite taille<\/td>\n<\/tr>\n<tr>\n<th>Caract\u00e9ristiques<\/th>\n<td>Faible vitesse, couple \u00e9lev\u00e9, faible bruit<\/td>\n<\/tr>\n<tr>\n<th>Rapports de r\u00e9duction<\/th>\n<td>48, 120, 180, 220, 288<\/td>\n<\/tr>\n<tr>\n<th>Applications<\/th>\n<td>Jouet motoris\u00e9, jouet \u00e0 enfourcher, robot<\/td>\n<\/tr>\n<\/tbody>\n<\/table>\n<h2>Dimensions du motor\u00e9ducteur (mm)<\/h2>\n<p><img loading=\"lazy\" decoding=\"async\" class=\"alignnone size-full wp-image-3332\" src=\"https:\/\/fmp-components.com\/wp-content\/uploads\/2025\/01\/fmp_1.TGP010-A130-2.webp\" alt=\"fmp_1.TGP010-A130-2\" width=\"922\" height=\"512\" title=\"\" srcset=\"https:\/\/fmp-components.com\/wp-content\/uploads\/2025\/01\/fmp_1.TGP010-A130-2.webp 922w, https:\/\/fmp-components.com\/wp-content\/uploads\/2025\/01\/fmp_1.TGP010-A130-2-480x267.webp 480w\" sizes=\"(min-width: 0px) and (max-width: 480px) 480px, (min-width: 481px) 922px, 100vw\" \/><\/p>\n<h2>Donn\u00e9es techniques du mini moteur \u00e0 courant continu<\/h2>\n<table style=\"width: 96.6375%; height: 144px;\" border=\"1\">\n<tbody>\n<tr>\n<td>Mod\u00e8le de moteur Non<\/td>\n<td>Tension nominale<br \/>\nVDC<\/td>\n<td>Vitesse \u00e0 vide<br \/>\ntr\/min<\/td>\n<td>Courant \u00e0 vide<br \/>\nmA<\/td>\n<td>Couple de d\u00e9crochage<br \/>\ng.cm<\/td>\n<td>Courant de d\u00e9crochage<br \/>\nUN<\/td>\n<\/tr>\n<tr>\n<td>TFE-130RA-12215<\/td>\n<td>6.0<\/td>\n<td>11500<\/td>\n<td>120<\/td>\n<td>20<\/td>\n<td>0.85<\/td>\n<\/tr>\n<tr>\n<td>TFE-130RA-14175<\/td>\n<td>3.0<\/td>\n<td>8000<\/td>\n<td>120<\/td>\n<td>13<\/td>\n<td>0.70<\/td>\n<\/tr>\n<tr>\n<td>TFE-130RA-18100<\/td>\n<td>3.0<\/td>\n<td>11500<\/td>\n<td>250<\/td>\n<td>20<\/td>\n<td>1.80<\/td>\n<\/tr>\n<\/tbody>\n<\/table>\n<h2>Donn\u00e9es techniques du motor\u00e9ducteur<\/h2>\n<table style=\"width: 96.6375%; height: 120px;\" border=\"1\">\n<tbody>\n<tr style=\"height: 30px;\">\n<th style=\"height: 30px; width: 32.774%; text-align: left;\">Mod\u00e8le de bo\u00eete de vitesses<\/th>\n<td style=\"height: 30px; width: 66.5548%;\">TGP01D-A130-12215-XXX<\/td>\n<\/tr>\n<tr style=\"height: 30px;\">\n<th style=\"height: 30px; width: 32.774%; text-align: left;\">Rapports de r\u00e9duction<\/th>\n<td style=\"height: 30px; width: 66.5548%;\">48, 120, 180, 220, 288<\/td>\n<\/tr>\n<tr style=\"height: 30px;\">\n<th style=\"height: 30px; width: 32.774%; text-align: left;\">Vitesses \u00e0 vide (tr\/min)<\/th>\n<td style=\"height: 30px; width: 66.5548%;\">230, 90, 60, 50, 38<\/td>\n<\/tr>\n<tr style=\"height: 30px;\">\n<th style=\"height: 30px; width: 32.774%; text-align: left;\">Couple de tol\u00e9rance momentan\u00e9 maximal (kg.cm)<\/th>\n<td style=\"height: 30px; width: 66.5548%;\">0.7, 1.4, 2.0, 2.2, 2.8<\/td>\n<\/tr>\n<\/tbody>\n<\/table>\n<h2>Bo\u00eete de vitesses avec moteur<\/h2>\n<table style=\"width: 96.6375%; height: 96px;\" border=\"1\">\n<tbody>\n<tr style=\"height: 24px;\">\n<th style=\"height: 24px; text-align: left; width: 38.4787%;\">Mod\u00e8le de bo\u00eete de vitesses<\/th>\n<td style=\"height: 24px; width: 60.8501%;\">TGP01D-A130-14175-XXX<\/td>\n<\/tr>\n<tr style=\"height: 24px;\">\n<th style=\"height: 24px; text-align: left; width: 38.4787%;\">Rapports de r\u00e9duction<\/th>\n<td style=\"height: 24px; width: 60.8501%;\">48, 120, 180, 220, 288<\/td>\n<\/tr>\n<tr style=\"height: 24px;\">\n<th style=\"height: 24px; text-align: left; width: 38.4787%;\">Vitesses \u00e0 vide (tr\/min)<\/th>\n<td style=\"height: 24px; width: 60.8501%;\">150, 60, 40, 33, 25<\/td>\n<\/tr>\n<tr style=\"height: 24px;\">\n<th style=\"height: 24px; text-align: left; width: 38.4787%;\">Couple de tol\u00e9rance momentan\u00e9 maximal (kg.cm)<\/th>\n<td style=\"height: 24px; width: 60.8501%;\">0.5, 0.9, 1.2, 1.4, 1.8<\/td>\n<\/tr>\n<\/tbody>\n<\/table>\n<table style=\"width: 96.6375%; height: 120px;\" border=\"1\">\n<tbody>\n<tr>\n<th style=\"text-align: left; width: 38.5906%;\">Mod\u00e8le de bo\u00eete de vitesses<\/th>\n<td style=\"width: 60.7383%;\">TGP01D-A130-18100-XXX<\/td>\n<\/tr>\n<tr>\n<th style=\"text-align: left; width: 38.5906%;\">Rapports de r\u00e9duction<\/th>\n<td style=\"width: 60.7383%;\">48, 120, 180, 220, 288<\/td>\n<\/tr>\n<tr>\n<th style=\"text-align: left; width: 38.5906%;\">Vitesses \u00e0 vide (tr\/min)<\/th>\n<td style=\"width: 60.7383%;\">230, 90, 60, 50, 38<\/td>\n<\/tr>\n<tr>\n<th style=\"text-align: left; width: 38.5906%;\">Couple de tol\u00e9rance momentan\u00e9 maximal (kg.cm)<\/th>\n<td style=\"width: 60.7383%;\">0.7, 1.4, 2.0, 2.2, 2.8<\/td>\n<\/tr>\n<\/tbody>\n<\/table>\n<h2 data-pm-slice=\"0 0 []\">Caract\u00e9ristiques du mini moteur \u00e0 courant continu TGP01D-A130<\/h2>\n<p>Le mini-moteur \u00e0 courant continu TGP01D-A130 est un moteur compact et performant, con\u00e7u pour diverses applications o\u00f9 l'espace et les performances sont des crit\u00e8res essentiels. Voici ses principales caract\u00e9ristiques\u00a0:<\/p>\n<ol>\n<li><strong>Taille compacte<\/strong>:\n<ul>\n<li>Con\u00e7u pour s'adapter aux petits espaces, ce qui le rend id\u00e9al pour les applications o\u00f9 la taille est un facteur critique, comme les appareils portables ou les machines miniatures.<\/li>\n<\/ul>\n<\/li>\n<li><strong>Haute efficacit\u00e9<\/strong>:\n<ul>\n<li>Con\u00e7u pour des performances efficaces, garantissant une consommation d'\u00e9nergie optimale et minimisant la g\u00e9n\u00e9ration de chaleur pendant le fonctionnement.<\/li>\n<\/ul>\n<\/li>\n<li><strong>Durabilit\u00e9<\/strong>:\n<ul>\n<li>Fabriqu\u00e9 avec des mat\u00e9riaux de haute qualit\u00e9, le TGP01D-A130 offre une durabilit\u00e9 et une fiabilit\u00e9 durables, garantissant une dur\u00e9e de vie op\u00e9rationnelle prolong\u00e9e m\u00eame en cas d'utilisation mod\u00e9r\u00e9e \u00e0 intensive.<\/li>\n<\/ul>\n<\/li>\n<li><strong>Faible consommation d'\u00e9nergie<\/strong>:\n<ul>\n<li>Le moteur fonctionne avec des besoins \u00e9nerg\u00e9tiques minimes, ce qui le rend tr\u00e8s \u00e9conome en \u00e9nergie et adapt\u00e9 aux appareils aliment\u00e9s par batterie.<\/li>\n<\/ul>\n<\/li>\n<li><strong>Fonctionnement fluide et silencieux<\/strong>:\n<ul>\n<li>Con\u00e7u pour fonctionner en douceur et en silence, ce qui le rend id\u00e9al pour les applications n\u00e9cessitant de faibles niveaux de bruit, comme dans les appareils m\u00e9dicaux, les jouets et les petits appareils \u00e9lectroniques.<\/li>\n<\/ul>\n<\/li>\n<\/ol>\n<p>En r\u00e9sum\u00e9, le mini moteur \u00e0 courant continu TGP01D-A130 est une solution polyvalente, durable et efficace pour les applications o\u00f9 la taille, l'efficacit\u00e9 \u00e9nerg\u00e9tique et la fiabilit\u00e9 sont essentielles.<\/p>\n<p><img loading=\"lazy\" decoding=\"async\" class=\"alignnone size-full wp-image-3336\" src=\"https:\/\/fmp-components.com\/wp-content\/uploads\/2025\/01\/DC-motor-tgp01d-a130-product.webp\" alt=\"Moteur \u00e0 courant continu tgp01d-a130\" width=\"1071\" height=\"742\" title=\"\" srcset=\"https:\/\/fmp-components.com\/wp-content\/uploads\/2025\/01\/DC-motor-tgp01d-a130-product.webp 1071w, https:\/\/fmp-components.com\/wp-content\/uploads\/2025\/01\/DC-motor-tgp01d-a130-product-980x679.webp 980w, https:\/\/fmp-components.com\/wp-content\/uploads\/2025\/01\/DC-motor-tgp01d-a130-product-480x333.webp 480w\" sizes=\"(min-width: 0px) and (max-width: 480px) 480px, (min-width: 481px) and (max-width: 980px) 980px, (min-width: 981px) 1071px, 100vw\" \/><\/p>\n<h2>\u00c0 propos de FMP<\/h2>\n<p>FMP est un fabricant leader sp\u00e9cialis\u00e9 dans la conception, le d\u00e9veloppement et la production de bo\u00eetes de vitesses de haute pr\u00e9cision, de v\u00e9rins hydrauliques, de moteurs, d'arbres de prise de force, de micromoteurs et d'une grande vari\u00e9t\u00e9 d'autres composants essentiels. Gr\u00e2ce au d\u00e9vouement et au travail acharn\u00e9 de toute notre \u00e9quipe, nous nous sommes positionn\u00e9s parmi les leaders du secteur. Nos produits sont export\u00e9s dans le monde entier, avec une forte pr\u00e9sence en Europe, en Am\u00e9rique du Nord, en Asie du Sud-Est et dans d'autres r\u00e9gions. Nous avons acquis une r\u00e9putation de qualit\u00e9 exceptionnelle et nos produits sont pl\u00e9biscit\u00e9s par nos clients du monde entier.<\/p>\n<p>Chez FMP, nous disposons d'ateliers de production de grande envergure, de bureaux et de dortoirs pour nos employ\u00e9s. Nous disposons \u00e9galement d'\u00e9quipements de R&amp;D, de production et d'essais de pointe. Notre d\u00e9partement d'ing\u00e9nierie produit, notre centre de fabrication de moules et notre centre d'assemblage nous permettent de proposer des solutions enti\u00e8rement personnalis\u00e9es, adapt\u00e9es aux besoins sp\u00e9cifiques de nos clients. Gr\u00e2ce \u00e0 une base technique solide, des processus de production efficaces et un syst\u00e8me de gestion robuste, FMP excelle dans la fourniture de produits r\u00e9pondant aux normes les plus strictes.<\/p>\n<p>Notre engagement qualit\u00e9 se refl\u00e8te dans chaque d\u00e9tail de nos op\u00e9rations, du choix des mat\u00e9riaux \u00e0 la conception et \u00e0 la production, en passant par la livraison et les retours clients. Nous accordons une grande importance \u00e0 la satisfaction de nos clients et nous nous effor\u00e7ons d'offrir un service d'excellence \u00e0 chaque \u00e9tape du processus. FMP ne recherche pas de profits excessifs, mais privil\u00e9gie l'\u00e9tablissement et le maintien de partenariats durables et mutuellement b\u00e9n\u00e9fiques avec ses clients.<\/p>\n<p>Nous sommes toujours ouverts \u00e0 la collaboration et sommes impatients de b\u00e2tir un avenir prometteur avec nos partenaires. Nos solutions personnalis\u00e9es sont con\u00e7ues pour r\u00e9pondre aux besoins \u00e9volutifs de nos clients, garantissant \u00e0 chaque projet une attention et une expertise optimales. Que vous ayez besoin de produits standards ou de solutions sur mesure, FMP s'engage \u00e0 vous accompagner dans votre r\u00e9ussite.<\/p>\n<p><img loading=\"lazy\" decoding=\"async\" class=\"alignnone size-full wp-image-3335\" src=\"https:\/\/fmp-components.com\/wp-content\/uploads\/2025\/01\/DC-motor-tgp01d-a130-product-1.webp\" alt=\"Moteur \u00e0 courant continu tgp01d-a130\" width=\"883\" height=\"574\" title=\"\" srcset=\"https:\/\/fmp-components.com\/wp-content\/uploads\/2025\/01\/DC-motor-tgp01d-a130-product-1.webp 883w, https:\/\/fmp-components.com\/wp-content\/uploads\/2025\/01\/DC-motor-tgp01d-a130-product-1-480x312.webp 480w\" sizes=\"(min-width: 0px) and (max-width: 480px) 480px, (min-width: 481px) 883px, 100vw\" \/><\/p>\n<p>Auteur : CX<\/p>","protected":false},"excerpt":{"rendered":"<p>Specification Motor Type Small Size DC Gear Motor Characteristics Low Speed, Big Torque, Low Noise Reduction Ratios 48, 120, 180, 220, 288 Applications Motorized Toy, Ride-on Toy, Robot Gear motor dimension (mm) Mini DC Motor Technical Data Motor model No Rated voltage VDC No-load speed r\/min No-load current mA Stall torque g.cm Stall current A [&hellip;]<\/p>","protected":false},"featured_media":3337,"comment_status":"open","ping_status":"closed","template":"","meta":{"_et_pb_use_builder":"","_et_pb_old_content":"","_et_gb_content_width":""},"product_brand":[],"product_cat":[85],"product_tag":[],"class_list":{"0":"post-3331","1":"product","2":"type-product","3":"status-publish","4":"has-post-thumbnail","6":"product_cat-dc-motors","8":"first","9":"instock","10":"shipping-taxable","11":"product-type-simple"},"_links":{"self":[{"href":"https:\/\/fmp-components.com\/fr\/wp-json\/wp\/v2\/product\/3331","targetHints":{"allow":["GET"]}}],"collection":[{"href":"https:\/\/fmp-components.com\/fr\/wp-json\/wp\/v2\/product"}],"about":[{"href":"https:\/\/fmp-components.com\/fr\/wp-json\/wp\/v2\/types\/product"}],"replies":[{"embeddable":true,"href":"https:\/\/fmp-components.com\/fr\/wp-json\/wp\/v2\/comments?post=3331"}],"wp:featuredmedia":[{"embeddable":true,"href":"https:\/\/fmp-components.com\/fr\/wp-json\/wp\/v2\/media\/3337"}],"wp:attachment":[{"href":"https:\/\/fmp-components.com\/fr\/wp-json\/wp\/v2\/media?parent=3331"}],"wp:term":[{"taxonomy":"product_brand","embeddable":true,"href":"https:\/\/fmp-components.com\/fr\/wp-json\/wp\/v2\/product_brand?post=3331"},{"taxonomy":"product_cat","embeddable":true,"href":"https:\/\/fmp-components.com\/fr\/wp-json\/wp\/v2\/product_cat?post=3331"},{"taxonomy":"product_tag","embeddable":true,"href":"https:\/\/fmp-components.com\/fr\/wp-json\/wp\/v2\/product_tag?post=3331"}],"curies":[{"name":"wp","href":"https:\/\/api.w.org\/{rel}","templated":true}]}}