{"id":332,"date":"2024-12-09T07:11:22","date_gmt":"2024-12-09T07:11:22","guid":{"rendered":"https:\/\/fmp-components.com\/?page_id=8"},"modified":"2024-12-09T07:14:00","modified_gmt":"2024-12-09T07:14:00","slug":"forklift-distance-adjustment-hydraulic-cylinder","status":"publish","type":"product","link":"https:\/\/fmp-components.com\/fr\/product\/forklift-distance-adjustment-hydraulic-cylinder\/","title":{"rendered":"V\u00e9rin hydraulique de r\u00e9glage de la distance du chariot \u00e9l\u00e9vateur"},"content":{"rendered":"<p style=\"text-align: center;\"><span style=\"font-size: 18pt;\">V\u00e9rin hydraulique de r\u00e9glage de la distance du chariot \u00e9l\u00e9vateur<\/span><\/p>\n<p><img loading=\"lazy\" decoding=\"async\" class=\"size-full wp-image-343 aligncenter\" src=\"https:\/\/fmp-components.com\/wp-content\/uploads\/2024\/12\/Forklift-Distance-Adjustment-Hydraulic-Cylinder.webp\" alt=\"V\u00e9rin hydraulique de r\u00e9glage de la distance du chariot \u00e9l\u00e9vateur\" width=\"500\" height=\"500\" title=\"\" srcset=\"https:\/\/fmp-components.com\/wp-content\/uploads\/2024\/12\/Forklift-Distance-Adjustment-Hydraulic-Cylinder.webp 500w, https:\/\/fmp-components.com\/wp-content\/uploads\/2024\/12\/Forklift-Distance-Adjustment-Hydraulic-Cylinder-480x480.webp 480w\" sizes=\"(min-width: 0px) and (max-width: 480px) 480px, (min-width: 481px) 500px, 100vw\" \/><\/p>\n<h2>Dimensions du v\u00e9rin hydraulique de r\u00e9glage de la distance du chariot \u00e9l\u00e9vateur :<\/h2>\n<table>\n<tbody>\n<tr>\n<td>\n<h2><img loading=\"lazy\" decoding=\"async\" class=\"alignnone size-full wp-image-333\" src=\"https:\/\/fmp-components.com\/wp-content\/uploads\/2024\/12\/Forklift-Distance-Adjustment-Hydraulic-Cylinder-Dimensions-1.webp\" alt=\"Chariot \u00e9l\u00e9vateur - R\u00e9glage de la distance - Dimensions du v\u00e9rin hydraulique\" width=\"600\" height=\"240\" title=\"\" srcset=\"https:\/\/fmp-components.com\/wp-content\/uploads\/2024\/12\/Forklift-Distance-Adjustment-Hydraulic-Cylinder-Dimensions-1.webp 600w, https:\/\/fmp-components.com\/wp-content\/uploads\/2024\/12\/Forklift-Distance-Adjustment-Hydraulic-Cylinder-Dimensions-1-480x192.webp 480w\" sizes=\"(min-width: 0px) and (max-width: 480px) 480px, (min-width: 481px) 600px, 100vw\" \/><\/h2>\n<\/td>\n<td>\n<h2><img loading=\"lazy\" decoding=\"async\" class=\"alignnone size-full wp-image-334\" src=\"https:\/\/fmp-components.com\/wp-content\/uploads\/2024\/12\/Forklift-Distance-Adjustment-Hydraulic-Cylinder-Dimensions-2.webp\" alt=\"Chariot \u00e9l\u00e9vateur - R\u00e9glage de la distance - Dimensions du v\u00e9rin hydraulique\" width=\"600\" height=\"240\" title=\"\" srcset=\"https:\/\/fmp-components.com\/wp-content\/uploads\/2024\/12\/Forklift-Distance-Adjustment-Hydraulic-Cylinder-Dimensions-2.webp 600w, https:\/\/fmp-components.com\/wp-content\/uploads\/2024\/12\/Forklift-Distance-Adjustment-Hydraulic-Cylinder-Dimensions-2-480x192.webp 480w\" sizes=\"(min-width: 0px) and (max-width: 480px) 480px, (min-width: 481px) 600px, 100vw\" \/><\/h2>\n<\/td>\n<\/tr>\n<\/tbody>\n<\/table>\n<table border=\"1\" cellspacing=\"0\" cellpadding=\"0\">\n<tbody>\n<tr>\n<td width=\"246\">Nom du cylindre<\/td>\n<td width=\"336\">Num\u00e9ro de dessin<\/td>\n<td width=\"126\">Diam\u00e8tre d&#039;al\u00e9sage (D)<\/td>\n<td width=\"123\">Diam\u00e8tre de la tige (d)<\/td>\n<td width=\"114\">AVC (S)<\/td>\n<td width=\"170\">Distance d&#039;installation (L)<\/td>\n<td width=\"172\">Pression de travail<\/td>\n<td width=\"366\">Dimensions de l&#039;interface (M)<\/td>\n<td width=\"96\">Poids<\/td>\n<\/tr>\n<tr>\n<td class=\"et3\" width=\"246\" height=\"286\">V\u00e9rin de r\u00e9glage de la distance<\/td>\n<td class=\"et4\" width=\"336\">3CS17G-30-00T4<\/td>\n<td class=\"et4\" width=\"126\">\u03a650<\/td>\n<td class=\"et4\" width=\"123\">\u03a625<\/td>\n<td class=\"et4\" width=\"114\">295<\/td>\n<td class=\"et4\" width=\"170\">503<\/td>\n<td class=\"et4\" width=\"172\">16 MPa<\/td>\n<td class=\"et4\" width=\"366\">2-M16*1,5<\/td>\n<td class=\"et4\" width=\"96\">7 kg<\/td>\n<\/tr>\n<\/tbody>\n<\/table>\n<table>\n<tbody>\n<tr>\n<td>\n<h2><img loading=\"lazy\" decoding=\"async\" class=\"alignnone size-full wp-image-335\" src=\"https:\/\/fmp-components.com\/wp-content\/uploads\/2024\/12\/Forklift-Distance-Adjustment-Hydraulic-Cylinder-Dimensions-3.webp\" alt=\"Chariot \u00e9l\u00e9vateur - R\u00e9glage de la distance - Dimensions du v\u00e9rin hydraulique\" width=\"680\" height=\"260\" title=\"\" srcset=\"https:\/\/fmp-components.com\/wp-content\/uploads\/2024\/12\/Forklift-Distance-Adjustment-Hydraulic-Cylinder-Dimensions-3.webp 680w, https:\/\/fmp-components.com\/wp-content\/uploads\/2024\/12\/Forklift-Distance-Adjustment-Hydraulic-Cylinder-Dimensions-3-480x184.webp 480w\" sizes=\"(min-width: 0px) and (max-width: 480px) 480px, (min-width: 481px) 680px, 100vw\" \/><\/h2>\n<\/td>\n<td>\n<h2><img loading=\"lazy\" decoding=\"async\" class=\"alignnone size-full wp-image-336\" src=\"https:\/\/fmp-components.com\/wp-content\/uploads\/2024\/12\/Forklift-Distance-Adjustment-Hydraulic-Cylinder-Dimensions-4.webp\" alt=\"Chariot \u00e9l\u00e9vateur - R\u00e9glage de la distance - Dimensions du v\u00e9rin hydraulique\" width=\"680\" height=\"260\" title=\"\" srcset=\"https:\/\/fmp-components.com\/wp-content\/uploads\/2024\/12\/Forklift-Distance-Adjustment-Hydraulic-Cylinder-Dimensions-4.webp 680w, https:\/\/fmp-components.com\/wp-content\/uploads\/2024\/12\/Forklift-Distance-Adjustment-Hydraulic-Cylinder-Dimensions-4-480x184.webp 480w\" sizes=\"(min-width: 0px) and (max-width: 480px) 480px, (min-width: 481px) 680px, 100vw\" \/><\/h2>\n<\/td>\n<\/tr>\n<\/tbody>\n<\/table>\n<table border=\"1\" cellspacing=\"0\" cellpadding=\"0\">\n<tbody>\n<tr>\n<td width=\"246\">Nom du cylindre<\/td>\n<td width=\"336\">Num\u00e9ro de dessin<\/td>\n<td width=\"126\">Diam\u00e8tre d&#039;al\u00e9sage (D)<\/td>\n<td width=\"123\">Diam\u00e8tre de la tige (d)<\/td>\n<td width=\"114\">AVC (S)<\/td>\n<td width=\"170\">Distance d&#039;installation (L)<\/td>\n<td width=\"172\">Pression de travail<\/td>\n<td width=\"366\">Dimensions de l&#039;interface (M)<\/td>\n<td width=\"96\">Poids<\/td>\n<\/tr>\n<tr>\n<td class=\"et3\" width=\"246\" height=\"286\">V\u00e9rin de r\u00e9glage de la distance<\/td>\n<td class=\"et4\" width=\"336\">7B3-303000-00TA<\/td>\n<td class=\"et4\" width=\"126\">\u03a650<\/td>\n<td class=\"et4\" width=\"123\">\u03a628<\/td>\n<td class=\"et4\" width=\"114\">750<\/td>\n<td class=\"et4\" width=\"170\">1040<\/td>\n<td class=\"et4\" width=\"172\">18 MPa<\/td>\n<td class=\"et4\" width=\"366\">M14*1,5;M16*1,5<\/td>\n<td class=\"et4\" width=\"96\">14 kg<\/td>\n<\/tr>\n<\/tbody>\n<\/table>\n<table>\n<tbody>\n<tr>\n<td>\n<h2><img loading=\"lazy\" decoding=\"async\" class=\"alignnone size-full wp-image-337\" src=\"https:\/\/fmp-components.com\/wp-content\/uploads\/2024\/12\/Forklift-Distance-Adjustment-Hydraulic-Cylinder-Dimensions-5.webp\" alt=\"Chariot \u00e9l\u00e9vateur - R\u00e9glage de la distance - Dimensions du v\u00e9rin hydraulique\" width=\"680\" height=\"280\" title=\"\" srcset=\"https:\/\/fmp-components.com\/wp-content\/uploads\/2024\/12\/Forklift-Distance-Adjustment-Hydraulic-Cylinder-Dimensions-5.webp 680w, https:\/\/fmp-components.com\/wp-content\/uploads\/2024\/12\/Forklift-Distance-Adjustment-Hydraulic-Cylinder-Dimensions-5-480x198.webp 480w\" sizes=\"(min-width: 0px) and (max-width: 480px) 480px, (min-width: 481px) 680px, 100vw\" \/><\/h2>\n<\/td>\n<td>\n<h2><img loading=\"lazy\" decoding=\"async\" class=\"alignnone size-full wp-image-338\" src=\"https:\/\/fmp-components.com\/wp-content\/uploads\/2024\/12\/Forklift-Distance-Adjustment-Hydraulic-Cylinder-Dimensions-6.webp\" alt=\"Chariot \u00e9l\u00e9vateur - R\u00e9glage de la distance - Dimensions du v\u00e9rin hydraulique\" width=\"680\" height=\"280\" title=\"\" srcset=\"https:\/\/fmp-components.com\/wp-content\/uploads\/2024\/12\/Forklift-Distance-Adjustment-Hydraulic-Cylinder-Dimensions-6.webp 680w, https:\/\/fmp-components.com\/wp-content\/uploads\/2024\/12\/Forklift-Distance-Adjustment-Hydraulic-Cylinder-Dimensions-6-480x198.webp 480w\" sizes=\"(min-width: 0px) and (max-width: 480px) 480px, (min-width: 481px) 680px, 100vw\" \/><\/h2>\n<\/td>\n<\/tr>\n<\/tbody>\n<\/table>\n<table border=\"1\" cellspacing=\"0\" cellpadding=\"0\">\n<tbody>\n<tr>\n<td width=\"246\">Nom du cylindre<\/td>\n<td width=\"336\">Num\u00e9ro de dessin<\/td>\n<td width=\"126\">Diam\u00e8tre d&#039;al\u00e9sage (D)<\/td>\n<td width=\"123\">Diam\u00e8tre de la tige (d)<\/td>\n<td width=\"114\">AVC (S)<\/td>\n<td width=\"170\">Distance d&#039;installation (L)<\/td>\n<td width=\"172\">Pression de travail<\/td>\n<td width=\"366\">Dimensions de l&#039;interface (M)<\/td>\n<td width=\"96\">Poids<\/td>\n<\/tr>\n<tr>\n<td class=\"et3\" width=\"246\" height=\"284\">V\u00e9rin de r\u00e9glage de la distance<\/td>\n<td class=\"et4\" width=\"336\">5CS17-40-00Z<\/td>\n<td class=\"et4\" width=\"126\">\u03a650<\/td>\n<td class=\"et4\" width=\"123\">\u03a625<\/td>\n<td class=\"et4\" width=\"114\">619<\/td>\n<td class=\"et4\" width=\"170\">889<\/td>\n<td class=\"et4\" width=\"172\">15 MPa<\/td>\n<td class=\"et4\" width=\"366\">M14*1,5<\/td>\n<td class=\"et4\" width=\"96\">13 kg<\/td>\n<\/tr>\n<\/tbody>\n<\/table>\n<table>\n<tbody>\n<tr>\n<td>\n<h2><img loading=\"lazy\" decoding=\"async\" class=\"alignnone size-full wp-image-339\" src=\"https:\/\/fmp-components.com\/wp-content\/uploads\/2024\/12\/Forklift-Distance-Adjustment-Hydraulic-Cylinder-Dimensions-7.webp\" alt=\"Chariot \u00e9l\u00e9vateur - R\u00e9glage de la distance - Dimensions du v\u00e9rin hydraulique\" width=\"680\" height=\"290\" title=\"\" srcset=\"https:\/\/fmp-components.com\/wp-content\/uploads\/2024\/12\/Forklift-Distance-Adjustment-Hydraulic-Cylinder-Dimensions-7.webp 680w, https:\/\/fmp-components.com\/wp-content\/uploads\/2024\/12\/Forklift-Distance-Adjustment-Hydraulic-Cylinder-Dimensions-7-480x205.webp 480w\" sizes=\"(min-width: 0px) and (max-width: 480px) 480px, (min-width: 481px) 680px, 100vw\" \/><\/h2>\n<\/td>\n<td>\n<h2><img loading=\"lazy\" decoding=\"async\" class=\"alignnone size-full wp-image-340\" src=\"https:\/\/fmp-components.com\/wp-content\/uploads\/2024\/12\/Forklift-Distance-Adjustment-Hydraulic-Cylinder-Dimensions-8.webp\" alt=\"Chariot \u00e9l\u00e9vateur - R\u00e9glage de la distance - Dimensions du v\u00e9rin hydraulique\" width=\"680\" height=\"290\" title=\"\" srcset=\"https:\/\/fmp-components.com\/wp-content\/uploads\/2024\/12\/Forklift-Distance-Adjustment-Hydraulic-Cylinder-Dimensions-8.webp 680w, https:\/\/fmp-components.com\/wp-content\/uploads\/2024\/12\/Forklift-Distance-Adjustment-Hydraulic-Cylinder-Dimensions-8-480x205.webp 480w\" sizes=\"(min-width: 0px) and (max-width: 480px) 480px, (min-width: 481px) 680px, 100vw\" \/><\/h2>\n<\/td>\n<\/tr>\n<\/tbody>\n<\/table>\n<table border=\"1\" cellspacing=\"0\" cellpadding=\"0\">\n<tbody>\n<tr>\n<td width=\"246\">Nom du cylindre<\/td>\n<td width=\"336\">Num\u00e9ro de dessin<\/td>\n<td width=\"126\">Diam\u00e8tre d&#039;al\u00e9sage (D)<\/td>\n<td width=\"123\">Diam\u00e8tre de la tige (d)<\/td>\n<td width=\"114\">AVC (S)<\/td>\n<td width=\"170\">Distance d&#039;installation (L)<\/td>\n<td width=\"172\">Pression de travail<\/td>\n<td width=\"366\">Dimensions de l&#039;interface (M)<\/td>\n<td width=\"96\">Poids<\/td>\n<\/tr>\n<tr>\n<td class=\"et3\" width=\"246\" height=\"334\">V\u00e9rin de r\u00e9glage de la distance<\/td>\n<td class=\"et4\" width=\"336\">8M3-304000A-625<\/td>\n<td class=\"et4\" width=\"126\">\u03a663<\/td>\n<td class=\"et4\" width=\"123\">\u03a632<\/td>\n<td class=\"et4\" width=\"114\">855<\/td>\n<td class=\"et4\" width=\"170\">1174<\/td>\n<td class=\"et4\" width=\"172\">20 MPa<\/td>\n<td class=\"et4\" width=\"366\">2-M16*1,5<\/td>\n<td class=\"et4\" width=\"96\">22 kg<\/td>\n<\/tr>\n<\/tbody>\n<\/table>\n<table>\n<tbody>\n<tr>\n<td>\n<h2><img loading=\"lazy\" decoding=\"async\" class=\"alignnone size-full wp-image-341\" src=\"https:\/\/fmp-components.com\/wp-content\/uploads\/2024\/12\/Forklift-Distance-Adjustment-Hydraulic-Cylinder-Dimensions-9.webp\" alt=\"Chariot \u00e9l\u00e9vateur - R\u00e9glage de la distance - Dimensions du v\u00e9rin hydraulique\" width=\"680\" height=\"265\" title=\"\" srcset=\"https:\/\/fmp-components.com\/wp-content\/uploads\/2024\/12\/Forklift-Distance-Adjustment-Hydraulic-Cylinder-Dimensions-9.webp 680w, https:\/\/fmp-components.com\/wp-content\/uploads\/2024\/12\/Forklift-Distance-Adjustment-Hydraulic-Cylinder-Dimensions-9-480x187.webp 480w\" sizes=\"(min-width: 0px) and (max-width: 480px) 480px, (min-width: 481px) 680px, 100vw\" \/><\/h2>\n<\/td>\n<td>\n<h2><img loading=\"lazy\" decoding=\"async\" class=\"alignnone size-full wp-image-342\" src=\"https:\/\/fmp-components.com\/wp-content\/uploads\/2024\/12\/Forklift-Distance-Adjustment-Hydraulic-Cylinder-Dimensions-10.webp\" alt=\"Chariot \u00e9l\u00e9vateur - R\u00e9glage de la distance - Dimensions du v\u00e9rin hydraulique\" width=\"680\" height=\"265\" title=\"\" srcset=\"https:\/\/fmp-components.com\/wp-content\/uploads\/2024\/12\/Forklift-Distance-Adjustment-Hydraulic-Cylinder-Dimensions-10.webp 680w, https:\/\/fmp-components.com\/wp-content\/uploads\/2024\/12\/Forklift-Distance-Adjustment-Hydraulic-Cylinder-Dimensions-10-480x187.webp 480w\" sizes=\"(min-width: 0px) and (max-width: 480px) 480px, (min-width: 481px) 680px, 100vw\" \/><\/h2>\n<\/td>\n<\/tr>\n<\/tbody>\n<\/table>\n<table border=\"1\" cellspacing=\"0\" cellpadding=\"0\">\n<tbody>\n<tr>\n<td width=\"246\">Nom du cylindre<\/td>\n<td width=\"336\">Num\u00e9ro de dessin<\/td>\n<td width=\"126\">Diam\u00e8tre d&#039;al\u00e9sage (D)<\/td>\n<td width=\"123\">Diam\u00e8tre de la tige (d)<\/td>\n<td width=\"114\">AVC (S)<\/td>\n<td width=\"170\">Distance d&#039;installation (L)<\/td>\n<td width=\"172\">Pression de travail<\/td>\n<td width=\"366\">Dimensions de l&#039;interface (M)<\/td>\n<td width=\"96\">Poids<\/td>\n<\/tr>\n<tr>\n<td class=\"et3\" width=\"246\" height=\"284\">V\u00e9rin de r\u00e9glage de la distance<\/td>\n<td class=\"et4\" width=\"336\">7B3-304000-00<\/td>\n<td class=\"et4\" width=\"126\">\u03a670<\/td>\n<td class=\"et4\" width=\"123\">\u03a630<\/td>\n<td class=\"et4\" width=\"114\">300<\/td>\n<td class=\"et4\" width=\"170\">536<\/td>\n<td class=\"et4\" width=\"172\">18 MPa<\/td>\n<td class=\"et4\" width=\"366\">2-M14*1,5<\/td>\n<td class=\"et4\" width=\"96\">13,5 kg<\/td>\n<\/tr>\n<\/tbody>\n<\/table>\n<h2>Cylindre hydraulique Marques et mod\u00e8les disponibles :<\/h2>\n<table border=\"1\" cellspacing=\"0\" cellpadding=\"0\">\n<tbody>\n<tr>\n<td><b data-spm-anchor-id=\"a2700.details.0.i43.45d84a73e99C9z\">KOMATSU (PC)<\/b><\/td>\n<td>PC30, PC40, PC50, PC56, PC60, PC78, PC100, PC110, PC120, PC130, PC160, PC200-3\/5\/6\/7\/8\/8MO, PC210, PC220-5\/6\/7\/8\/8MO, PC240, PC300\/350\/360-5\/6\/7\/8\/8MO, PC400\/450-5\/6\/7\/8\/8MO, PC800, PC850<\/td>\n<\/tr>\n<tr>\n<td><b>CHENILLE (E)<\/b><\/td>\n<td>E301.5, E302, E305.5, E306, E307V1\/V2\/B\/C\/D\/E\/F, E308B\/C, E120B, E312V1\/V2\/B\/C\/D, E313D2, E312D2, E315D,<br \/>\nE200B,E320V1\/V2\/A\/B\/C\/D,E324D,E325C\/D,E329D,E330\/336C\/D,E345C,E349D,E365C,E374,E390<\/td>\n<\/tr>\n<tr>\n<td><b>KOBELCO (Saskatchewan)<\/b><\/td>\n<td>SK60-3\/5\/8, SK75-8\/SR, SK100, SK120-3\/5, SK135-8\/SR, SK140-8, SK200-3\/5\/6\/6E, SK210-3\/5\/6\/6E,<br \/>\nSK230\/250-6E,SK250-8,SK260-8,SK350-8\/S8,SK460\/480-8<\/td>\n<\/tr>\n<tr>\n<td><b>HYUNDAI (R)<\/b><\/td>\n<td>R55-5\/7, R60-5\/7, R80, R110, R130, R200-5, R210-5, R215-5\/7, R220-5\/7\/9, R225-5\/7\/9, R250, R260, R265, R290, R305, R445, R485, R505<\/td>\n<\/tr>\n<tr>\n<td><b data-spm-anchor-id=\"a2700.details.0.i53.45d84a73e99C9z\">HITACHI (EX.ZX)<\/b><\/td>\n<td>EX60, EX100-1\/2\/3, EX120-1\/3\/5\/6, EX200-1\/3\/5, EX230-5, EX300-1, EX400<br \/>\nZAX60,ZAX70,ZA120-6,ZAX200\/210-1\/3\/5\/5K,ZAX240,ZAX250,ZAX260,ZAX330-3\/5\/6,ZAX450\/470,ZAX650\/670,ZAX850\/870<\/td>\n<\/tr>\n<tr>\n<td>\n<div class=\"magic-32\"><b data-spm-anchor-id=\"a2700.details.0.i55.45d84a73e99C9z\">DOOSAN (DH\/DX)<\/b><\/div>\n<\/td>\n<td>\n<div class=\"magic-33\"><span class=\"magic-34\">DH55, DH60, DH80, DH150, DH215-5\/7, DH220-5, DH225-5\/7, DH258, DH300-5\/7, DH370, DH420, DH500<br \/>\nDX55, DX60, DX75, DX130, DX225-9, DX300, DX380, DX420, DX500<\/span><\/div>\n<\/td>\n<\/tr>\n<tr>\n<td>\n<div class=\"magic-32\"><b>VOLVO (CE)<\/b><\/div>\n<\/td>\n<td>\n<div class=\"magic-33\"><span class=\"magic-34\">EC55, EC60, EC75, EC80, EC140, EC210B\/D, EC220D, EC240, EC250, EC290, EC300, EC360 EC380, EC460, EC480, EC700, EC750, EC950<\/span><\/div>\n<\/td>\n<\/tr>\n<tr>\n<td>\n<div class=\"magic-32\"><b>KATO (HD)<\/b><\/div>\n<\/td>\n<td>\n<div class=\"magic-33\"><span class=\"magic-34\">HD307\/308, HD450, HD512, HD700-5\/7, HD820-1\/2\/3\/5\/R, HD1023-1\/3, HD1430-1\/3<\/span><\/div>\n<\/td>\n<\/tr>\n<tr>\n<td>\n<div class=\"magic-32\"><b>AUTRE MARQUE<\/b><\/div>\n<\/td>\n<td>\n<div class=\"magic-33\"><span class=\"magic-34\">XCMG, LIUGONG, KUBOTA, CAS, YANMAR, SUNWARD, ZOOMLION, LISHIDE, LIEHERR<\/span><\/div>\n<\/td>\n<\/tr>\n<\/tbody>\n<\/table>\n<h3>Application du v\u00e9rin hydraulique de r\u00e9glage de la distance du chariot \u00e9l\u00e9vateur<\/h3>\n<p>Le v\u00e9rin hydraulique de r\u00e9glage de la distance pour chariot \u00e9l\u00e9vateur est un composant essentiel qui joue un r\u00f4le majeur dans diverses applications de manutention et de logistique. Voici quelques applications cl\u00e9s\u00a0:<\/p>\n<h4>1. Polyvalence de charge<\/h4>\n<p>Le v\u00e9rin hydraulique permet de r\u00e9gler l'\u00e9cartement des fourches, permettant ainsi aux chariots \u00e9l\u00e9vateurs de manipuler une grande vari\u00e9t\u00e9 de charges, de tailles et de formes vari\u00e9es. Cette polyvalence est essentielle dans les environnements o\u00f9 diff\u00e9rentes palettes ou conteneurs sont utilis\u00e9s, garantissant une manutention et un transport efficaces des mat\u00e9riaux.<\/p>\n<h3>2. S\u00e9curit\u00e9 renforc\u00e9e<\/h3>\n<p>En permettant un contr\u00f4le pr\u00e9cis de la distance entre les fourches, le v\u00e9rin hydraulique contribue \u00e0 s\u00e9curiser les charges plus efficacement. Cela r\u00e9duit les risques de basculement ou de chute, am\u00e9liorant ainsi la s\u00e9curit\u00e9 de l'op\u00e9rateur et des travailleurs environnants.<\/p>\n<h4>3. Manutention efficace des mat\u00e9riaux<\/h4>\n<p>Dans les entrep\u00f4ts et les centres de distribution, la possibilit\u00e9 d'ajuster rapidement la distance des fourches simplifie les op\u00e9rations. Les chariots \u00e9l\u00e9vateurs peuvent facilement passer de la manutention de palettes standard \u00e0 celle de charges sp\u00e9cialis\u00e9es, am\u00e9liorant ainsi le flux de travail et la productivit\u00e9 globale.<\/p>\n<h4>4. \u00c9quipement sp\u00e9cialis\u00e9<\/h4>\n<p>Outre la manutention standard de palettes, le v\u00e9rin hydraulique est utile pour les accessoires sp\u00e9cialis\u00e9s, tels que les pinces ou les tabliers \u00e0 d\u00e9placement lat\u00e9ral, qui n\u00e9cessitent un positionnement pr\u00e9cis des fourches. Cette adaptabilit\u00e9 permet aux chariots \u00e9l\u00e9vateurs d'effectuer diverses t\u00e2ches au-del\u00e0 du simple levage, ce qui les rend plus polyvalents.<\/p>\n<h4>5. Construction et applications industrielles<\/h4>\n<p>Sur les chantiers de construction et en milieu industriel, la possibilit\u00e9 d'ajuster la distance des fourches est essentielle pour la manutention de mat\u00e9riaux de dimensions vari\u00e9es, tels que des poutres, des blocs et des caisses en acier. Cette flexibilit\u00e9 permet aux chariots \u00e9l\u00e9vateurs de g\u00e9rer efficacement la diversit\u00e9 des mat\u00e9riaux couramment utilis\u00e9s dans ces environnements.<\/p>\n<h4>6. Optimisation des solutions de stockage<\/h4>\n<p>Le v\u00e9rin hydraulique optimise l'efficacit\u00e9 du stockage en permettant aux chariots \u00e9l\u00e9vateurs de r\u00e9cup\u00e9rer et de placer des articles dans des espaces restreints. Ceci est particuli\u00e8rement avantageux dans les syst\u00e8mes de stockage \u00e0 haute densit\u00e9, o\u00f9 l'espace est limit\u00e9 et une manutention pr\u00e9cise est requise.<\/p>\n<p>Le v\u00e9rin hydraulique de r\u00e9glage de l'\u00e9cartement des fourches am\u00e9liore consid\u00e9rablement la fonctionnalit\u00e9 et la s\u00e9curit\u00e9 des chariots \u00e9l\u00e9vateurs dans diverses applications. Sa capacit\u00e9 \u00e0 ajuster rapidement l'\u00e9cartement des fourches permet aux op\u00e9rateurs de manipuler efficacement et en toute s\u00e9curit\u00e9 une grande vari\u00e9t\u00e9 de charges, ce qui en fait un atout pr\u00e9cieux pour les op\u00e9rations de manutention.<\/p>\n<h3>\u00c0 propos de FMP<\/h3>\n<p>FMP est un fabricant sp\u00e9cialis\u00e9 de v\u00e9rins hydrauliques, fortement ax\u00e9 sur la recherche et la production. Depuis sa cr\u00e9ation, l&#039;entreprise s&#039;est constamment concentr\u00e9e sur le d\u00e9veloppement de v\u00e9rins hydrauliques, passant de la production de produits vari\u00e9s, tels que des engins de r\u00e9colte et de construction, \u00e0 la sp\u00e9cialisation dans les composants pour tracteurs agricoles. Forte de plus de dix ans d&#039;expertise en fabrication, d&#039;une exp\u00e9rience en gestion et d&#039;une technologie de production de pointe, FMP garantit la plus haute qualit\u00e9 de ses produits.<\/p>\n<p>Au fil de son d\u00e9veloppement professionnel, l&#039;entreprise a mis en place une ligne compl\u00e8te de production d&#039;usinage, une ligne d&#039;assemblage et une ligne de rev\u00eatement. FMP s&#039;appuie sur une \u00e9quipe d\u00e9di\u00e9e compos\u00e9e de cadres exp\u00e9riment\u00e9s, de concepteurs m\u00e9caniques qualifi\u00e9s et de techniciens hautement qualifi\u00e9s. Cela garantit une qualit\u00e9 de produit stable, tout en contr\u00f4lant efficacement la continuit\u00e9 des processus et l&#039;efficacit\u00e9 globale de la production.<\/p>\n<p>FMP adh\u00e8re aux valeurs fondamentales suivantes\u00a0: \u00ab\u00a0L&#039;innovation technologique au service du progr\u00e8s, la qualit\u00e9 au service des marques, le savoir-faire au service de la qualit\u00e9 et l&#039;\u00e9tablissement de relations gagnant-gagnant durables.\u00a0\u00bb L&#039;entreprise s&#039;engage \u00e0 fournir des produits de haute qualit\u00e9 et un service client irr\u00e9prochable, s&#039;effor\u00e7ant constamment de r\u00e9pondre aux besoins changeants du march\u00e9.<\/p>\n<p><img loading=\"lazy\" decoding=\"async\" class=\"alignnone wp-image-303\" src=\"https:\/\/fmp-components.com\/wp-content\/uploads\/2024\/12\/hydraulic-cylinder-factory-11_1.webp\" alt=\"usine de v\u00e9rins hydrauliques\" width=\"917\" height=\"1003\" title=\"\" srcset=\"https:\/\/fmp-components.com\/wp-content\/uploads\/2024\/12\/hydraulic-cylinder-factory-11_1.webp 917w, https:\/\/fmp-components.com\/wp-content\/uploads\/2024\/12\/hydraulic-cylinder-factory-11_1-480x525.webp 480w\" sizes=\"(min-width: 0px) and (max-width: 480px) 480px, (min-width: 481px) 917px, 100vw\" \/><\/p>\n<table style=\"width: 100%;\" border=\"1\" width=\"100%\" cellspacing=\"0\" cellpadding=\"0\">\n<tbody>\n<tr>\n<td style=\"width: 41.9294%;\" width=\"226\"><img loading=\"lazy\" decoding=\"async\" class=\"alignnone size-full wp-image-309\" src=\"https:\/\/fmp-components.com\/wp-content\/uploads\/2024\/12\/Forklift-Tilt-Hydraulic-Cylinder.webp\" alt=\"V\u00e9rin hydraulique d&#039;inclinaison de chariot \u00e9l\u00e9vateur\" width=\"1000\" height=\"750\" title=\"\" srcset=\"https:\/\/fmp-components.com\/wp-content\/uploads\/2024\/12\/Forklift-Tilt-Hydraulic-Cylinder.webp 1000w, https:\/\/fmp-components.com\/wp-content\/uploads\/2024\/12\/Forklift-Tilt-Hydraulic-Cylinder-980x735.webp 980w, https:\/\/fmp-components.com\/wp-content\/uploads\/2024\/12\/Forklift-Tilt-Hydraulic-Cylinder-480x360.webp 480w\" sizes=\"(min-width: 0px) and (max-width: 480px) 480px, (min-width: 481px) and (max-width: 980px) 980px, (min-width: 981px) 1000px, 100vw\" \/><\/td>\n<td style=\"width: 55.6484%;\" width=\"64\"><img loading=\"lazy\" decoding=\"async\" class=\"alignnone wp-image-283\" src=\"https:\/\/fmp-components.com\/wp-content\/uploads\/2024\/12\/hydraulic-cylinder-factory-5.webp\" alt=\"usine de v\u00e9rins hydrauliques\" width=\"542\" height=\"312\" title=\"\"><\/td>\n<\/tr>\n<\/tbody>\n<\/table>\n<p>Auteur : CX<\/p>","protected":false},"excerpt":{"rendered":"<p>Le v\u00e9rin hydraulique de r\u00e9glage de la distance entre les fourches est un composant essentiel con\u00e7u pour am\u00e9liorer la polyvalence et l'efficacit\u00e9 des op\u00e9rations de chariots \u00e9l\u00e9vateurs. Ce v\u00e9rin hydraulique permet un r\u00e9glage pr\u00e9cis de la distance entre les fourches, permettant ainsi aux op\u00e9rateurs de manipuler facilement des charges de diff\u00e9rentes tailles et formes. Fabriqu\u00e9 \u00e0 partir de mat\u00e9riaux haute r\u00e9sistance, il garantit durabilit\u00e9 et fiabilit\u00e9 sous charges lourdes. Son m\u00e9canisme de fonctionnement fluide assure des performances constantes, permettant des r\u00e9glages rapides et efficaces. Cette fonctionnalit\u00e9 am\u00e9liore non seulement la productivit\u00e9, mais aussi la s\u00e9curit\u00e9 en garantissant un arrimage et un \u00e9quilibre parfaits des charges pendant le transport. Id\u00e9al pour les entrep\u00f4ts, les chantiers et les applications industrielles, ce v\u00e9rin hydraulique est essentiel pour optimiser le fonctionnement des chariots \u00e9l\u00e9vateurs.<\/p>","protected":false},"featured_media":343,"comment_status":"open","ping_status":"closed","template":"","meta":{"_et_pb_use_builder":"","_et_pb_old_content":"","_et_gb_content_width":""},"product_brand":[],"product_cat":[15],"product_tag":[],"class_list":{"0":"post-332","1":"product","2":"type-product","3":"status-publish","4":"has-post-thumbnail","6":"product_cat-uncategorized","8":"first","9":"instock","10":"shipping-taxable","11":"product-type-simple"},"_links":{"self":[{"href":"https:\/\/fmp-components.com\/fr\/wp-json\/wp\/v2\/product\/332","targetHints":{"allow":["GET"]}}],"collection":[{"href":"https:\/\/fmp-components.com\/fr\/wp-json\/wp\/v2\/product"}],"about":[{"href":"https:\/\/fmp-components.com\/fr\/wp-json\/wp\/v2\/types\/product"}],"replies":[{"embeddable":true,"href":"https:\/\/fmp-components.com\/fr\/wp-json\/wp\/v2\/comments?post=332"}],"wp:featuredmedia":[{"embeddable":true,"href":"https:\/\/fmp-components.com\/fr\/wp-json\/wp\/v2\/media\/343"}],"wp:attachment":[{"href":"https:\/\/fmp-components.com\/fr\/wp-json\/wp\/v2\/media?parent=332"}],"wp:term":[{"taxonomy":"product_brand","embeddable":true,"href":"https:\/\/fmp-components.com\/fr\/wp-json\/wp\/v2\/product_brand?post=332"},{"taxonomy":"product_cat","embeddable":true,"href":"https:\/\/fmp-components.com\/fr\/wp-json\/wp\/v2\/product_cat?post=332"},{"taxonomy":"product_tag","embeddable":true,"href":"https:\/\/fmp-components.com\/fr\/wp-json\/wp\/v2\/product_tag?post=332"}],"curies":[{"name":"wp","href":"https:\/\/api.w.org\/{rel}","templated":true}]}}