{"id":3319,"date":"2025-01-06T06:55:29","date_gmt":"2025-01-06T06:55:29","guid":{"rendered":"https:\/\/fmp-components.com\/?page_id=8"},"modified":"2025-01-06T06:55:29","modified_gmt":"2025-01-06T06:55:29","slug":"agriculture-gearbox-for-hay-tedder-fmp04","status":"publish","type":"product","link":"https:\/\/fmp-components.com\/fr\/product\/agriculture-gearbox-for-hay-tedder-fmp04\/","title":{"rendered":"Bo\u00eete de vitesses agricole pour faneuse FMP04"},"content":{"rendered":"<h2>Sp\u00e9cifications de la bo\u00eete de vitesses agricole pour faneuse \u00e0 foin FMP04 <img loading=\"lazy\" decoding=\"async\" class=\"alignnone  wp-image-3321\" src=\"https:\/\/fmp-components.com\/wp-content\/uploads\/2025\/01\/agricutural-gearbox-ep04.png\" alt=\"bo\u00eete de vitesses agricole fmp04\" width=\"820\" height=\"859\" title=\"\" srcset=\"https:\/\/fmp-components.com\/wp-content\/uploads\/2025\/01\/agricutural-gearbox-ep04.png 820w, https:\/\/fmp-components.com\/wp-content\/uploads\/2025\/01\/agricutural-gearbox-ep04-480x503.png 480w\" sizes=\"(min-width: 0px) and (max-width: 480px) 480px, (min-width: 481px) 820px, 100vw\" \/><\/h2>\n<table style=\"width: 86.9315%; height: 69px;\" border=\"1\" width=\"100%\" cellspacing=\"0\" cellpadding=\"0\">\n<tbody>\n<tr style=\"height: 23px;\">\n<th style=\"width: 40.3888%; height: 23px;\">Rapport<\/th>\n<td style=\"width: 46.0249%; height: 23px;\">2:1<\/td>\n<\/tr>\n<tr style=\"height: 23px;\">\n<th style=\"width: 40.3888%; height: 23px;\">Vitesse d'entr\u00e9e<\/th>\n<td style=\"width: 46.0249%; height: 23px;\">305 tr\/min<\/td>\n<\/tr>\n<tr style=\"height: 23px;\">\n<th style=\"width: 40.3888%; height: 23px;\">arbre d'entr\u00e9e<\/th>\n<td style=\"width: 46.0249%; height: 23px;\">X<\/td>\n<\/tr>\n<\/tbody>\n<\/table>\n<h2>Caract\u00e9ristiques de la bo\u00eete de vitesses agricole FMP04 pour faneuse \u00e0 foin<\/h2>\n<p>La bo\u00eete de vitesses agricole FMP04 pour faneuse est sp\u00e9cialement con\u00e7ue pour les machines agricoles, et plus particuli\u00e8rement pour les faneuses. Cette bo\u00eete de vitesses allie robustesse, pr\u00e9cision et hautes performances, garantissant un fonctionnement optimal m\u00eame dans les environnements agricoles les plus exigeants. Voici quelques caract\u00e9ristiques cl\u00e9s de la bo\u00eete de vitesses agricole FMP04 pour faneuse\u00a0:<\/p>\n<p>1. <strong>Haute durabilit\u00e9<\/strong><\/p>\n<ul>\n<li>Fabriqu\u00e9e avec des mat\u00e9riaux de haute qualit\u00e9, la bo\u00eete de vitesses FMP04 est con\u00e7ue pour r\u00e9sister aux conditions difficiles des champs agricoles, garantissant ainsi des performances et une fiabilit\u00e9 durables.<\/li>\n<\/ul>\n<p>2. <strong>Ing\u00e9nierie de pr\u00e9cision<\/strong><\/p>\n<ul>\n<li>Con\u00e7ue avec un souci m\u00e9ticuleux du d\u00e9tail, la bo\u00eete de vitesses assure une transmission de puissance fluide et efficace, am\u00e9liorant ainsi l'efficacit\u00e9 op\u00e9rationnelle des faneuses \u00e0 foin.<\/li>\n<\/ul>\n<p>3. <strong>Conception compacte et robuste<\/strong><\/p>\n<ul>\n<li>Sa conception compacte facilite son int\u00e9gration dans divers mod\u00e8les d'andaineurs de foin, tandis que sa construction robuste assure une r\u00e9sistance \u00e0 l'usure, m\u00eame en cas d'utilisation intensive.<\/li>\n<\/ul>\n<p>4. <strong>Transmission d&#039;\u00e9nergie efficace<\/strong><\/p>\n<ul>\n<li>Des rapports de transmission optimis\u00e9s assurent un transfert efficace de la puissance de l'arbre de prise de force aux composants de l'andaineur, minimisant ainsi les pertes d'\u00e9nergie et maximisant l'efficacit\u00e9 op\u00e9rationnelle.<\/li>\n<\/ul>\n<p>5. <strong>Entretien facile<\/strong><\/p>\n<ul>\n<li>La bo\u00eete de vitesses FMP04 est con\u00e7ue pour une maintenance facile gr\u00e2ce \u00e0 des fonctionnalit\u00e9s conviviales qui permettent des inspections et un entretien rapides, minimisant ainsi les temps d'arr\u00eat pendant la saison agricole charg\u00e9e.<\/li>\n<\/ul>\n<p>La bo\u00eete de vitesses agricole FMP04 pour faneuse \u00e0 foin est un excellent choix pour les agriculteurs recherchant une solution durable, efficace et polyvalente pour leurs op\u00e9rations de fanage, offrant une transmission de puissance optimale et une fiabilit\u00e9 \u00e0 long terme.<\/p>\n<h2>\u00c0 propos de FMP<\/h2>\n<p>Bas\u00e9e en Italie, FMP est un leader reconnu dans la conception, le d\u00e9veloppement et la fabrication de r\u00e9ducteurs haute performance, avec une expertise particuli\u00e8re dans le secteur des machines agricoles. R\u00e9put\u00e9e pour son ing\u00e9nierie de pr\u00e9cision, ses solutions innovantes et sa fiabilit\u00e9 \u00e0 toute \u00e9preuve, FMP s'est impos\u00e9e comme un partenaire de confiance sur les march\u00e9s agricoles et industriels. Notre vaste gamme de produits comprend des r\u00e9ducteurs sur mesure pour tondeuses \u00e0 gazon, des arbres de prise de force et d'autres composants essentiels, chacun \u00e9tant con\u00e7u pour r\u00e9pondre aux exigences sp\u00e9cifiques de diverses applications.<\/p>\n<p>Chez FMP, nous savons que chaque client a des d\u00e9fis et des exigences uniques. C'est pourquoi nous nous engageons \u00e0 fournir des solutions sur mesure, qu'il s'agisse de composants individuels ou de syst\u00e8mes enti\u00e8rement int\u00e9gr\u00e9s. En travaillant en \u00e9troite collaboration avec nos clients, nous veillons \u00e0 ce que chaque solution soit parfaitement adapt\u00e9e \u00e0 leurs besoins, optimisant ainsi les performances et maximisant la valeur. Notre engagement envers un service rapide et professionnel, ainsi que notre expertise, garantissent que chaque projet est g\u00e9r\u00e9 avec pr\u00e9cision, permettant d'obtenir syst\u00e9matiquement les meilleurs r\u00e9sultats possibles.<\/p>\n<p>Nous privil\u00e9gions une communication claire et continue \u00e0 chaque \u00e9tape du cycle de d\u00e9veloppement produit. Notre \u00e9quipe d'experts collabore \u00e9troitement avec nos clients pour bien comprendre leurs besoins et leur fournir des solutions concr\u00e8tes et des recommandations afin de garantir des r\u00e9sultats optimaux. Qu'il s'agisse de cr\u00e9er des produits innovants ou d'honorer des commandes courantes, FMP s'engage \u00e0 fournir des solutions de haute qualit\u00e9 et d'une grande pr\u00e9cision, dans les d\u00e9lais impartis, syst\u00e9matiquement. Notre mission est de d\u00e9passer les attentes de nos clients en leur offrant un service et des r\u00e9sultats exceptionnels pour chaque projet que nous entreprenons.<\/p>\n<p>L'engagement ind\u00e9fectible de FMP envers la qualit\u00e9 est au c\u0153ur de ses activit\u00e9s. Nous respectons les normes les plus exigeantes du secteur et mettons en \u0153uvre des processus de contr\u00f4le qualit\u00e9 rigoureux afin de garantir que chaque produit r\u00e9ponde aux normes de l'industrie, voire les surpasse. Cet engagement envers l'excellence, conjugu\u00e9 \u00e0 nos valeurs fondamentales d'int\u00e9grit\u00e9, de travail d'\u00e9quipe et de pers\u00e9v\u00e9rance, nous a permis de b\u00e2tir des relations de confiance durables avec des clients dans pr\u00e8s de 30 pays \u00e0 travers le monde.<\/p>\n<p>FMP s'engage \u00e0 d\u00e9velopper des partenariats internationaux, \u00e0 offrir des conseils d'experts et des solutions sur mesure qui \u00e9voluent au rythme des besoins de ses clients. Nous avons \u00e0 c\u0153ur d'\u00e9tablir des relations durables et mutuellement avantageuses, gage de la r\u00e9ussite de chaque projet. Que vous ayez besoin de solutions innovantes pour une nouvelle initiative ou d'un soutien continu pour un syst\u00e8me existant, FMP est l\u00e0 pour vous accompagner dans la r\u00e9solution de vos d\u00e9fis techniques et assurer votre succ\u00e8s.<\/p>\n<p><img loading=\"lazy\" decoding=\"async\" class=\"alignnone wp-image-2695\" src=\"https:\/\/fmp-components.com\/wp-content\/uploads\/2025\/01\/agricultural-gearbox3.webp\" alt=\"bo\u00eete de vitesses agricole\" width=\"1140\" height=\"1138\" title=\"\" srcset=\"https:\/\/fmp-components.com\/wp-content\/uploads\/2025\/01\/agricultural-gearbox3.webp 1140w, https:\/\/fmp-components.com\/wp-content\/uploads\/2025\/01\/agricultural-gearbox3-480x479.webp 480w\" sizes=\"(min-width: 0px) and (max-width: 480px) 480px, (min-width: 481px) 1140px, 100vw\" \/><\/p>\n<p>Auteur : CX<\/p>","protected":false},"excerpt":{"rendered":"<p>Agriculture Gearbox For Hay Tedder FMP04 Specification Ratio 2:1 Input Speed 305 rpm Input Shaft X Features of Hay Tedder Agriculture Gearbox FMP04 The FMP04 Hay Tedder Agricultural Gearbox is specifically designed for agricultural machinery, particularly for hay tedders. This gearbox offers a combination of durability, precision, and high performance, ensuring optimal operation in demanding [&hellip;]<\/p>","protected":false},"featured_media":3320,"comment_status":"open","ping_status":"closed","template":"","meta":{"_et_pb_use_builder":"","_et_pb_old_content":"","_et_gb_content_width":""},"product_brand":[],"product_cat":[83],"product_tag":[],"class_list":{"0":"post-3319","1":"product","2":"type-product","3":"status-publish","4":"has-post-thumbnail","6":"product_cat-gearbox-for-hay-tedders","8":"first","9":"instock","10":"shipping-taxable","11":"product-type-simple"},"_links":{"self":[{"href":"https:\/\/fmp-components.com\/fr\/wp-json\/wp\/v2\/product\/3319","targetHints":{"allow":["GET"]}}],"collection":[{"href":"https:\/\/fmp-components.com\/fr\/wp-json\/wp\/v2\/product"}],"about":[{"href":"https:\/\/fmp-components.com\/fr\/wp-json\/wp\/v2\/types\/product"}],"replies":[{"embeddable":true,"href":"https:\/\/fmp-components.com\/fr\/wp-json\/wp\/v2\/comments?post=3319"}],"wp:featuredmedia":[{"embeddable":true,"href":"https:\/\/fmp-components.com\/fr\/wp-json\/wp\/v2\/media\/3320"}],"wp:attachment":[{"href":"https:\/\/fmp-components.com\/fr\/wp-json\/wp\/v2\/media?parent=3319"}],"wp:term":[{"taxonomy":"product_brand","embeddable":true,"href":"https:\/\/fmp-components.com\/fr\/wp-json\/wp\/v2\/product_brand?post=3319"},{"taxonomy":"product_cat","embeddable":true,"href":"https:\/\/fmp-components.com\/fr\/wp-json\/wp\/v2\/product_cat?post=3319"},{"taxonomy":"product_tag","embeddable":true,"href":"https:\/\/fmp-components.com\/fr\/wp-json\/wp\/v2\/product_tag?post=3319"}],"curies":[{"name":"wp","href":"https:\/\/api.w.org\/{rel}","templated":true}]}}