{"id":3316,"date":"2025-01-06T05:54:00","date_gmt":"2025-01-06T05:54:00","guid":{"rendered":"https:\/\/fmp-components.com\/?page_id=8"},"modified":"2025-01-06T05:54:00","modified_gmt":"2025-01-06T05:54:00","slug":"agriculture-gearbox-for-hay-tedder-fmp03","status":"publish","type":"product","link":"https:\/\/fmp-components.com\/fr\/product\/agriculture-gearbox-for-hay-tedder-fmp03\/","title":{"rendered":"Bo\u00eete de vitesses agricole pour faneuse FMP03"},"content":{"rendered":"<h2 class=\"et_pb_module_header\">Sp\u00e9cifications de la bo\u00eete de vitesses agricole pour faneuse<\/h2>\n<p><img loading=\"lazy\" decoding=\"async\" class=\"alignnone wp-image-3318\" src=\"https:\/\/fmp-components.com\/wp-content\/uploads\/2025\/01\/agricutural-gearbox-fmp03.png\" alt=\"bo\u00eete de vitesses agricole fmp03\" width=\"809\" height=\"766\" title=\"\" srcset=\"https:\/\/fmp-components.com\/wp-content\/uploads\/2025\/01\/agricutural-gearbox-fmp03.png 809w, https:\/\/fmp-components.com\/wp-content\/uploads\/2025\/01\/agricutural-gearbox-fmp03-480x455.png 480w\" sizes=\"(min-width: 0px) and (max-width: 480px) 480px, (min-width: 481px) 809px, 100vw\" \/><\/p>\n<table style=\"width: 86.9328%;\" border=\"1\" width=\"100%\" cellspacing=\"0\" cellpadding=\"0\">\n<tbody>\n<tr>\n<th style=\"width: 38.0987%;\">Rapport<\/th>\n<td style=\"width: 48.6184%;\">2.63:1<\/td>\n<\/tr>\n<tr>\n<th style=\"width: 38.0987%;\">Vitesse d'entr\u00e9e<\/th>\n<td style=\"width: 48.6184%;\">400 tr\/min<\/td>\n<\/tr>\n<tr>\n<th style=\"width: 38.0987%;\">arbre d'entr\u00e9e<\/th>\n<td style=\"width: 48.6184%;\">X<\/td>\n<\/tr>\n<\/tbody>\n<\/table>\n<h3>Caract\u00e9ristiques de la bo\u00eete de vitesses agricole pour faneuse<\/h3>\n<ol>\n<li><strong>Construction haute performance<\/strong><br \/>\nLe bo\u00eetier d'engrenages de la faneuse est con\u00e7u pour offrir des performances robustes dans des conditions agricoles exigeantes. Il est dot\u00e9 d'un carter robuste en mat\u00e9riaux haute r\u00e9sistance pour r\u00e9sister aux rigueurs d'une utilisation continue dans des environnements difficiles.<\/li>\n<li><strong>Conception d'engrenages de pr\u00e9cision<\/strong><br \/>\nLes engrenages usin\u00e9s avec pr\u00e9cision garantissent un fonctionnement fluide et efficace, r\u00e9duisant ainsi l'usure. Cela am\u00e9liore la long\u00e9vit\u00e9 globale du r\u00e9ducteur et minimise les besoins d'entretien.<\/li>\n<li><strong>Capacit\u00e9 de couple \u00e9lev\u00e9e<\/strong><br \/>\nCon\u00e7ue pour les machines agricoles lourdes, la bo\u00eete de vitesses offre un couple de sortie \u00e9lev\u00e9, garantissant des performances optimales m\u00eame dans les t\u00e2ches difficiles comme le fanage du foin, fournissant une puissance constante pour un \u00e9pandage uniforme.<\/li>\n<li><strong>Transmission d&#039;\u00e9nergie efficace<\/strong><br \/>\nLa bo\u00eete de vitesses est con\u00e7ue pour assurer un transfert de puissance efficace du syst\u00e8me de prise de force (PDF) du tracteur \u00e0 la faneuse, garantissant une perte d'\u00e9nergie minimale et une productivit\u00e9 maximale.<\/li>\n<li><strong>Compact et l\u00e9ger<\/strong><br \/>\nMalgr\u00e9 ses capacit\u00e9s de charge lourde, la bo\u00eete de vitesses est compacte et l\u00e9g\u00e8re, ce qui la rend facile \u00e0 manipuler, \u00e0 installer et \u00e0 entretenir, ce qui augmente l'efficacit\u00e9 globale de la machine.<\/li>\n<\/ol>\n<p>Ces caract\u00e9ristiques se combinent pour faire de la bo\u00eete de vitesses agricole du faneur de foin un composant fiable et efficace pour les machines agricoles, garantissant des performances optimales et une durabilit\u00e9 \u00e0 long terme dans les applications de fanage du foin.<\/p>\n<h2>\u00c0 propos de FMP<\/h2>\n<p>Bas\u00e9 en Italie, FMP est un fabricant leader reconnu pour son expertise dans la conception, le d\u00e9veloppement et la production de bo\u00eetes de vitesses hautes performances, principalement destin\u00e9es au secteur des machines agricoles. R\u00e9put\u00e9 pour sa pr\u00e9cision m\u00e9canique, ses solutions innovantes et sa fiabilit\u00e9 \u00e0 toute \u00e9preuve, FMP s'est forg\u00e9 une r\u00e9putation de partenaire de confiance sur les march\u00e9s agricoles et industriels. Notre gamme diversifi\u00e9e comprend des bo\u00eetes de vitesses sur mesure pour tondeuses \u00e0 gazon, des arbres de prise de force et toute une gamme d'autres composants essentiels, tous con\u00e7us pour r\u00e9pondre aux exigences sp\u00e9cifiques de diverses applications.<\/p>\n<p>Chez FMP, nous comprenons que chaque client est confront\u00e9 \u00e0 des d\u00e9fis sp\u00e9cifiques. C'est pourquoi nous nous engageons \u00e0 fournir des solutions sur mesure. Qu'il s'agisse d'un composant unique ou d'un syst\u00e8me enti\u00e8rement int\u00e9gr\u00e9, nous collaborons \u00e9troitement avec nos clients pour garantir que chaque solution r\u00e9ponde \u00e0 leurs sp\u00e9cifications, optimise les performances et apporte une valeur ajout\u00e9e. Notre engagement \u00e0 fournir des r\u00e9ponses rapides et professionnelles, ainsi qu'un accompagnement expert, garantit un traitement pr\u00e9cis et minutieux de chaque demande, pour des r\u00e9sultats optimaux.<\/p>\n<p>Nous privil\u00e9gions une communication transparente \u00e0 chaque \u00e9tape du cycle de d\u00e9veloppement produit. Notre \u00e9quipe d\u00e9di\u00e9e travaille en \u00e9troite collaboration avec nos clients pour comprendre parfaitement leurs besoins, leur offrant des informations pratiques et des recommandations d'experts pour obtenir les r\u00e9sultats les plus efficaces. Qu'il s'agisse de cr\u00e9er des produits de pointe ou d'ex\u00e9cuter des commandes courantes, FMP s'engage \u00e0 fournir des solutions de haute qualit\u00e9, con\u00e7ues avec pr\u00e9cision et dans les d\u00e9lais impartis. Notre mission est de toujours d\u00e9passer les attentes de nos clients en offrant un service exceptionnel et des r\u00e9sultats exceptionnels.<\/p>\n<p>Au c\u0153ur des activit\u00e9s de FMP se trouve un engagement fort envers la qualit\u00e9. Nous adh\u00e9rons aux normes de fabrication les plus strictes et mettons en \u0153uvre des mesures de contr\u00f4le qualit\u00e9 rigoureuses pour garantir que chaque produit respecte et surpasse les normes du secteur. Cette volont\u00e9 d'excellence, alli\u00e9e \u00e0 nos valeurs fondamentales d'int\u00e9grit\u00e9, d'esprit d'\u00e9quipe et de pers\u00e9v\u00e9rance, nous a permis de b\u00e2tir des relations de confiance durables avec des clients dans plus de 30 pays \u00e0 travers le monde.<\/p>\n<p>FMP s'engage \u00e0 favoriser des partenariats mondiaux en offrant des conseils d'experts et des solutions personnalis\u00e9es qui s'adaptent aux besoins dynamiques de ses clients. Notre objectif est de b\u00e2tir des relations durables et mutuellement b\u00e9n\u00e9fiques, contribuant ainsi \u00e0 la r\u00e9ussite de chaque projet. Que vous recherchiez des solutions innovantes pour une nouvelle initiative ou un accompagnement continu pour un syst\u00e8me existant, FMP est l\u00e0 pour vous aider \u00e0 relever les d\u00e9fis techniques et \u00e0 assurer la p\u00e9rennit\u00e9 de votre r\u00e9ussite.<\/p>\n<p><img loading=\"lazy\" decoding=\"async\" class=\"alignnone wp-image-2695\" src=\"https:\/\/fmp-components.com\/wp-content\/uploads\/2025\/01\/agricultural-gearbox3.webp\" alt=\"bo\u00eete de vitesses agricole\" width=\"1140\" height=\"1138\" title=\"\" srcset=\"https:\/\/fmp-components.com\/wp-content\/uploads\/2025\/01\/agricultural-gearbox3.webp 1140w, https:\/\/fmp-components.com\/wp-content\/uploads\/2025\/01\/agricultural-gearbox3-480x479.webp 480w\" sizes=\"(min-width: 0px) and (max-width: 480px) 480px, (min-width: 481px) 1140px, 100vw\" \/><\/p>\n<p>Auteur : CX<\/p>","protected":false},"excerpt":{"rendered":"<p>Agriculture Gearbox For Hay Tedder Specification Ratio 2.63:1 Input Speed 400 rpm Input Shaft X Features of Hay Tedder Agriculture Gearbox High-Performance Construction The Hay Tedder gearbox is engineered for robust performance in demanding agricultural conditions. It features a durable housing made from high-strength materials to withstand the rigors of continuous use in tough environments. [&hellip;]<\/p>","protected":false},"featured_media":3317,"comment_status":"open","ping_status":"closed","template":"","meta":{"_et_pb_use_builder":"","_et_pb_old_content":"","_et_gb_content_width":""},"product_brand":[],"product_cat":[83],"product_tag":[],"class_list":{"0":"post-3316","1":"product","2":"type-product","3":"status-publish","4":"has-post-thumbnail","6":"product_cat-gearbox-for-hay-tedders","8":"first","9":"instock","10":"shipping-taxable","11":"product-type-simple"},"_links":{"self":[{"href":"https:\/\/fmp-components.com\/fr\/wp-json\/wp\/v2\/product\/3316","targetHints":{"allow":["GET"]}}],"collection":[{"href":"https:\/\/fmp-components.com\/fr\/wp-json\/wp\/v2\/product"}],"about":[{"href":"https:\/\/fmp-components.com\/fr\/wp-json\/wp\/v2\/types\/product"}],"replies":[{"embeddable":true,"href":"https:\/\/fmp-components.com\/fr\/wp-json\/wp\/v2\/comments?post=3316"}],"wp:featuredmedia":[{"embeddable":true,"href":"https:\/\/fmp-components.com\/fr\/wp-json\/wp\/v2\/media\/3317"}],"wp:attachment":[{"href":"https:\/\/fmp-components.com\/fr\/wp-json\/wp\/v2\/media?parent=3316"}],"wp:term":[{"taxonomy":"product_brand","embeddable":true,"href":"https:\/\/fmp-components.com\/fr\/wp-json\/wp\/v2\/product_brand?post=3316"},{"taxonomy":"product_cat","embeddable":true,"href":"https:\/\/fmp-components.com\/fr\/wp-json\/wp\/v2\/product_cat?post=3316"},{"taxonomy":"product_tag","embeddable":true,"href":"https:\/\/fmp-components.com\/fr\/wp-json\/wp\/v2\/product_tag?post=3316"}],"curies":[{"name":"wp","href":"https:\/\/api.w.org\/{rel}","templated":true}]}}