{"id":3312,"date":"2025-01-06T05:35:19","date_gmt":"2025-01-06T05:35:19","guid":{"rendered":"https:\/\/fmp-components.com\/?page_id=8"},"modified":"2025-01-06T05:35:20","modified_gmt":"2025-01-06T05:35:20","slug":"agitators-gearbox-for-sewage-fmp22","status":"publish","type":"product","link":"https:\/\/fmp-components.com\/fr\/product\/agitators-gearbox-for-sewage-fmp22\/","title":{"rendered":"Bo\u00eete de vitesses pour agitateurs pour eaux us\u00e9es FMP22"},"content":{"rendered":"<h2>Sp\u00e9cifications de la bo\u00eete de vitesses des agitateurs<\/h2>\n<p><img loading=\"lazy\" decoding=\"async\" class=\"alignnone wp-image-3315\" src=\"https:\/\/fmp-components.com\/wp-content\/uploads\/2025\/01\/agricutural-gearbox-FMP22.png\" alt=\"bo\u00eete de vitesses agricole FMP22\" width=\"817\" height=\"740\" title=\"\" srcset=\"https:\/\/fmp-components.com\/wp-content\/uploads\/2025\/01\/agricutural-gearbox-FMP22.png 817w, https:\/\/fmp-components.com\/wp-content\/uploads\/2025\/01\/agricutural-gearbox-FMP22-480x435.png 480w\" sizes=\"(min-width: 0px) and (max-width: 480px) 480px, (min-width: 481px) 817px, 100vw\" \/><\/p>\n<table style=\"width: 88.6601%;\" border=\"1\" width=\"100%\" cellspacing=\"0\" cellpadding=\"0\">\n<tbody>\n<tr>\n<th style=\"width: 41.843%;\">Rapport<\/th>\n<td style=\"width: 46.6019%;\">1:1, 1:1.25<\/td>\n<\/tr>\n<tr>\n<th style=\"width: 41.843%;\">Vitesses d'entr\u00e9e (tr\/min)<\/th>\n<td style=\"width: 46.6019%;\">3200, 3500, 1750<\/td>\n<\/tr>\n<tr>\n<th style=\"width: 41.843%;\">arbre d'entr\u00e9e<\/th>\n<td style=\"width: 46.6019%;\">Z<\/td>\n<\/tr>\n<\/tbody>\n<\/table>\n<h2 data-pm-slice=\"0 0 []\">Caract\u00e9ristiques du r\u00e9ducteur de m\u00e9langeur d'eaux us\u00e9es<\/h2>\n<ol>\n<li><strong>Construction robuste<\/strong><br \/>\nCon\u00e7u avec des mat\u00e9riaux robustes, le r\u00e9ducteur du m\u00e9langeur d'eaux us\u00e9es est con\u00e7u pour r\u00e9sister aux environnements difficiles et exigeants, y compris l'exposition aux produits chimiques, aux abrasifs et aux substances corrosives que l'on trouve couramment dans les processus de traitement des eaux us\u00e9es et des eaux us\u00e9es.<\/li>\n<li><strong>Capacit\u00e9 de couple \u00e9lev\u00e9e<\/strong><br \/>\nLe r\u00e9ducteur est con\u00e7u pour fournir un couple \u00e9lev\u00e9, garantissant un fonctionnement efficace et fiable, m\u00eame sous forte charge. Ceci est essentiel pour l'entra\u00eenement des grands m\u00e9langeurs traitant des mat\u00e9riaux \u00e9pais et visqueux dans les stations d'\u00e9puration.<\/li>\n<li><strong>Rev\u00eatements r\u00e9sistants \u00e0 la corrosion<\/strong><br \/>\nLa bo\u00eete de vitesses est dot\u00e9e de rev\u00eatements r\u00e9sistants \u00e0 la corrosion ou de composants en acier inoxydable pour \u00e9viter les dommages caus\u00e9s par l'exposition \u00e0 l'eau, aux eaux us\u00e9es et \u00e0 d'autres mat\u00e9riaux corrosifs, garantissant une durabilit\u00e9 \u00e0 long terme et r\u00e9duisant les co\u00fbts de maintenance.<\/li>\n<li><strong>Conception compacte et peu encombrante<\/strong><br \/>\nMalgr\u00e9 ses performances \u00e9lev\u00e9es, le r\u00e9ducteur est con\u00e7u pour \u00eatre compact et peu encombrant, ce qui le rend id\u00e9al pour les installations o\u00f9 l'espace est limit\u00e9, comme dans les stations d'\u00e9puration des eaux us\u00e9es ou les stations de pompage des eaux us\u00e9es.<\/li>\n<li><strong>Ing\u00e9nierie de pr\u00e9cision<\/strong><br \/>\nFabriqu\u00e9 avec une grande pr\u00e9cision pour garantir un fonctionnement fluide des engrenages et r\u00e9duire l'usure au fil du temps. Il en r\u00e9sulte \u00e9galement un fonctionnement plus silencieux et plus efficace, avec un minimum de vibrations et de bruit, m\u00eame en utilisation intensive.<\/li>\n<\/ol>\n<p>Ces caract\u00e9ristiques garantissent que le r\u00e9ducteur du m\u00e9langeur d'eaux us\u00e9es peut g\u00e9rer de mani\u00e8re fiable les conditions difficiles des stations d'\u00e9puration tout en maintenant une efficacit\u00e9 \u00e9lev\u00e9e, une durabilit\u00e9 et un entretien minimal.<\/p>\n<h2>\u00c0 propos de FMP<\/h2>\n<p>Bas\u00e9 en Italie, FMP est un fabricant leader sp\u00e9cialis\u00e9 dans la conception, le d\u00e9veloppement et la production de bo\u00eetes de vitesses hautes performances, principalement destin\u00e9es au secteur des machines agricoles. Reconnu pour sa pr\u00e9cision m\u00e9canique, ses solutions innovantes et sa fiabilit\u00e9 \u00e0 toute \u00e9preuve, FMP s'est impos\u00e9 comme un partenaire de confiance sur les march\u00e9s agricole et industriel. Notre vaste gamme comprend des bo\u00eetes de vitesses sur mesure pour tondeuses \u00e0 gazon, des arbres de prise de force et une large gamme de composants essentiels, tous fabriqu\u00e9s avec le plus grand soin pour r\u00e9pondre aux exigences sp\u00e9cifiques de diverses applications.<\/p>\n<p>Chez FMP, nous comprenons que chaque client est confront\u00e9 \u00e0 des d\u00e9fis sp\u00e9cifiques. C'est pourquoi nous nous engageons \u00e0 fournir des solutions sur mesure. Qu'il s'agisse d'un composant unique ou d'un syst\u00e8me enti\u00e8rement int\u00e9gr\u00e9, nous travaillons en \u00e9troite collaboration avec nos clients pour garantir que chaque solution r\u00e9ponde non seulement \u00e0 leurs besoins sp\u00e9cifiques, mais am\u00e9liore \u00e9galement les performances et optimise la valeur globale. Notre engagement \u00e0 fournir des r\u00e9ponses rapides et professionnelles et des conseils d'experts garantit que chaque demande est trait\u00e9e avec pr\u00e9cision, pour des r\u00e9sultats optimaux en permanence.<\/p>\n<p>Nous accordons une grande importance \u00e0 une communication transparente et \u00e0 une collaboration \u00e9troite tout au long du processus de d\u00e9veloppement produit. Notre \u00e9quipe exp\u00e9riment\u00e9e travaille en \u00e9troite collaboration avec nos clients afin de comprendre parfaitement leurs besoins et de leur apporter des conseils pr\u00e9cieux et des recommandations pratiques pour obtenir les meilleurs r\u00e9sultats possibles. Qu'il s'agisse de concevoir des produits de pointe ou d'ex\u00e9cuter des commandes courantes, FMP s'engage \u00e0 fournir des solutions de haute qualit\u00e9, con\u00e7ues avec pr\u00e9cision et dans les d\u00e9lais impartis. Notre objectif est de toujours d\u00e9passer les attentes de nos clients, en offrant un service exceptionnel et des r\u00e9sultats exceptionnels pour chaque projet.<\/p>\n<p>Au c\u0153ur des activit\u00e9s de FMP se trouve un engagement ind\u00e9fectible envers la qualit\u00e9. Nous adh\u00e9rons aux normes de fabrication les plus strictes et mettons en \u0153uvre des processus de contr\u00f4le qualit\u00e9 rigoureux pour garantir que chaque produit respecte et d\u00e9passe les normes du secteur. Cette recherche d'excellence, alli\u00e9e \u00e0 nos valeurs fondamentales d'int\u00e9grit\u00e9, d'esprit d'\u00e9quipe et de pers\u00e9v\u00e9rance, nous a permis de b\u00e2tir des relations de confiance durables avec des clients dans pr\u00e8s de 30 pays \u00e0 travers le monde.<\/p>\n<p>FMP s'engage \u00e0 favoriser des partenariats mondiaux en offrant des conseils d'experts et des solutions personnalis\u00e9es qui s'adaptent aux besoins \u00e9volutifs de ses clients. Nous nous effor\u00e7ons de b\u00e2tir des relations durables et mutuellement b\u00e9n\u00e9fiques, contribuant ainsi \u00e0 la r\u00e9ussite de chaque projet. Que vous recherchiez des solutions innovantes pour une nouvelle initiative ou un support continu pour un syst\u00e8me existant, FMP est l\u00e0 pour vous aider \u00e0 relever les d\u00e9fis techniques et \u00e0 assurer votre r\u00e9ussite durable.<\/p>\n<p><img loading=\"lazy\" decoding=\"async\" class=\"alignnone wp-image-2695\" src=\"https:\/\/fmp-components.com\/wp-content\/uploads\/2025\/01\/agricultural-gearbox3.webp\" alt=\"bo\u00eete de vitesses agricole\" width=\"1140\" height=\"1138\" title=\"\" srcset=\"https:\/\/fmp-components.com\/wp-content\/uploads\/2025\/01\/agricultural-gearbox3.webp 1140w, https:\/\/fmp-components.com\/wp-content\/uploads\/2025\/01\/agricultural-gearbox3-480x479.webp 480w\" sizes=\"(min-width: 0px) and (max-width: 480px) 480px, (min-width: 481px) 1140px, 100vw\" \/><\/p>\n<p>Auteur : CX<\/p>","protected":false},"excerpt":{"rendered":"<p>Specification of Agitators Gearbox Ratio 1:1, 1:1.25 Input Speeds (rpm) 3200, 3500, 1750 Input Shaft Z Features of Sewage Mixer Gearbox Heavy-Duty Construction Designed with robust materials, the sewage mixer gearbox is built to withstand harsh and demanding environments, including exposure to chemicals, abrasives, and corrosive substances commonly found in sewage and wastewater treatment processes. [&hellip;]<\/p>","protected":false},"featured_media":3314,"comment_status":"open","ping_status":"closed","template":"","meta":{"_et_pb_use_builder":"","_et_pb_old_content":"","_et_gb_content_width":""},"product_brand":[],"product_cat":[82],"product_tag":[],"class_list":{"0":"post-3312","1":"product","2":"type-product","3":"status-publish","4":"has-post-thumbnail","6":"product_cat-agitators-gearbox-for-sewage","8":"first","9":"instock","10":"shipping-taxable","11":"product-type-simple"},"_links":{"self":[{"href":"https:\/\/fmp-components.com\/fr\/wp-json\/wp\/v2\/product\/3312","targetHints":{"allow":["GET"]}}],"collection":[{"href":"https:\/\/fmp-components.com\/fr\/wp-json\/wp\/v2\/product"}],"about":[{"href":"https:\/\/fmp-components.com\/fr\/wp-json\/wp\/v2\/types\/product"}],"replies":[{"embeddable":true,"href":"https:\/\/fmp-components.com\/fr\/wp-json\/wp\/v2\/comments?post=3312"}],"wp:featuredmedia":[{"embeddable":true,"href":"https:\/\/fmp-components.com\/fr\/wp-json\/wp\/v2\/media\/3314"}],"wp:attachment":[{"href":"https:\/\/fmp-components.com\/fr\/wp-json\/wp\/v2\/media?parent=3312"}],"wp:term":[{"taxonomy":"product_brand","embeddable":true,"href":"https:\/\/fmp-components.com\/fr\/wp-json\/wp\/v2\/product_brand?post=3312"},{"taxonomy":"product_cat","embeddable":true,"href":"https:\/\/fmp-components.com\/fr\/wp-json\/wp\/v2\/product_cat?post=3312"},{"taxonomy":"product_tag","embeddable":true,"href":"https:\/\/fmp-components.com\/fr\/wp-json\/wp\/v2\/product_tag?post=3312"}],"curies":[{"name":"wp","href":"https:\/\/api.w.org\/{rel}","templated":true}]}}