{"id":3308,"date":"2025-01-06T05:16:18","date_gmt":"2025-01-06T05:16:18","guid":{"rendered":"https:\/\/fmp-components.com\/?page_id=8"},"modified":"2025-01-06T05:16:18","modified_gmt":"2025-01-06T05:16:18","slug":"fmp11-series-agricultural-micro-tiller-gearbox","status":"publish","type":"product","link":"https:\/\/fmp-components.com\/fr\/product\/fmp11-series-agricultural-micro-tiller-gearbox\/","title":{"rendered":"Bo\u00eete de vitesses pour micro-motoculteur agricole s\u00e9rie FMP11"},"content":{"rendered":"<h2>Sp\u00e9cifications de la bo\u00eete de vitesses pour micro-motoculteur<\/h2>\n<p><img loading=\"lazy\" decoding=\"async\" class=\"alignnone  wp-image-3310\" src=\"https:\/\/fmp-components.com\/wp-content\/uploads\/2025\/01\/agricutural-gearbox-FMP11.png\" alt=\"bo\u00eete de vitesses agricole FMP11\" width=\"892\" height=\"936\" title=\"\" srcset=\"https:\/\/fmp-components.com\/wp-content\/uploads\/2025\/01\/agricutural-gearbox-FMP11.png 892w, https:\/\/fmp-components.com\/wp-content\/uploads\/2025\/01\/agricutural-gearbox-FMP11-480x504.png 480w\" sizes=\"(min-width: 0px) and (max-width: 480px) 480px, (min-width: 481px) 892px, 100vw\" \/><\/p>\n<table style=\"width: 100%;\" border=\"1\" width=\"100%\" cellspacing=\"0\" cellpadding=\"0\">\n<tbody>\n<tr>\n<th>Rapport<\/th>\n<td>3.38:1<\/td>\n<\/tr>\n<tr>\n<th>Vitesse d'entr\u00e9e<\/th>\n<td>540 tr\/min<\/td>\n<\/tr>\n<tr>\n<th>arbre d'entr\u00e9e<\/th>\n<td>X\/Y<\/td>\n<\/tr>\n<tr>\n<th>Puissance d'entr\u00e9e<\/th>\n<td>16,9 kW, 23 ch<\/td>\n<\/tr>\n<tr>\n<th>Couple de sortie<\/th>\n<td>985 Nm<\/td>\n<\/tr>\n<\/tbody>\n<\/table>\n<h2>Avantages de la bo\u00eete de vitesses pour micro-motoculteur<\/h2>\n<p>Le bo\u00eetier de micro-motoculteur offre de nombreux avantages, ce qui en fait un composant essentiel des machines de petite agriculture et de jardinage. Ces atouts garantissent un fonctionnement plus fluide, une efficacit\u00e9 accrue et une durabilit\u00e9 accrue, ce qui le rend id\u00e9al pour des t\u00e2ches telles que le labourage, la pr\u00e9paration du sol et autres activit\u00e9s agricoles similaires. Voici ses principaux avantages\u00a0:<\/p>\n<p>1. <strong>Conception compacte et l\u00e9g\u00e8re<\/strong><\/p>\n<ul>\n<li>Le bo\u00eetier de micro-motoculteur est compact et l\u00e9ger, ce qui am\u00e9liore la maniabilit\u00e9 et la portabilit\u00e9 de l'engin. Il est id\u00e9al pour les espaces restreints et confin\u00e9s, comme les jardins, les vergers ou les petites parcelles, o\u00f9 l'utilisation de machines plus imposantes serait encombrante.<\/li>\n<\/ul>\n<p>2. <strong>Transmission de couple et de puissance am\u00e9lior\u00e9e<\/strong><\/p>\n<ul>\n<li>Les bo\u00eetes de vitesses pour micro-motoculteurs sont con\u00e7ues pour transf\u00e9rer efficacement la puissance du moteur aux outils de labourage, fournissant ainsi le couple n\u00e9cessaire au creusement du sol. Cela garantit une meilleure profondeur de labourage et une meilleure a\u00e9ration du sol, permettant ainsi une pr\u00e9paration plus efficace du sol pour les semis.<\/li>\n<\/ul>\n<p>3. <strong>Durabilit\u00e9 et long\u00e9vit\u00e9<\/strong><\/p>\n<ul>\n<li>Fabriqu\u00e9s \u00e0 partir de mat\u00e9riaux de haute qualit\u00e9, comme l'acier tremp\u00e9, les bo\u00eetiers d'engrenages pour micro-motoculteurs sont con\u00e7us pour r\u00e9sister aux rigueurs d'une utilisation continue. Leur construction robuste pr\u00e9vient l'usure pr\u00e9matur\u00e9e, r\u00e9duit la fr\u00e9quence d'entretien et prolonge la dur\u00e9e de vie du bo\u00eetier d'engrenages et du motoculteur.<\/li>\n<\/ul>\n<p>4. <strong>Efficacit\u00e9 \u00e9nerg\u00e9tique<\/strong><\/p>\n<ul>\n<li>Ces bo\u00eetes de vitesses sont con\u00e7ues pour optimiser la consommation d'\u00e9nergie, garantissant ainsi un fonctionnement efficace du moteur et une consommation de carburant r\u00e9duite. Cela r\u00e9duit les co\u00fbts d'exploitation, ce qui en fait une option plus \u00e9cologique pour les petites exploitations agricoles ou horticoles.<\/li>\n<\/ul>\n<p>5. <strong>Facilit\u00e9 d&#039;utilisation<\/strong><\/p>\n<ul>\n<li>Le r\u00e9ducteur est con\u00e7u pour une int\u00e9gration simple avec les motoculteurs de petite taille, permettant aux utilisateurs d'utiliser la machine avec un minimum d'effort. Sa conception compacte r\u00e9duit \u00e9galement le poids total de la machine, am\u00e9liorant ainsi la maniabilit\u00e9 et r\u00e9duisant la fatigue de l'op\u00e9rateur.<\/li>\n<\/ul>\n<p>La bo\u00eete de vitesses Micro Tiller est un composant pr\u00e9cieux pour les \u00e9quipements de labourage \u00e0 petite \u00e9chelle, offrant une combinaison de durabilit\u00e9, d'efficacit\u00e9 et de rentabilit\u00e9 qui r\u00e9pond aux besoins des jardiniers amateurs et professionnels.<\/p>\n<p><img loading=\"lazy\" decoding=\"async\" class=\"alignnone size-full wp-image-3311\" src=\"https:\/\/fmp-components.com\/wp-content\/uploads\/2025\/01\/tractor-pto-shaft-1.jpg\" alt=\"arbre de prise de force du tracteur\" width=\"960\" height=\"360\" title=\"\" srcset=\"https:\/\/fmp-components.com\/wp-content\/uploads\/2025\/01\/tractor-pto-shaft-1.jpg 960w, https:\/\/fmp-components.com\/wp-content\/uploads\/2025\/01\/tractor-pto-shaft-1-480x180.jpg 480w\" sizes=\"(min-width: 0px) and (max-width: 480px) 480px, (min-width: 481px) 960px, 100vw\" \/><\/p>\n<h2>\u00c0 propos de FMP<\/h2>\n<p>Bas\u00e9 en Italie, FMP est un fabricant leader reconnu pour son expertise dans la conception, le d\u00e9veloppement et la production de bo\u00eetes de vitesses hautes performances, plus particuli\u00e8rement pour le secteur des machines agricoles. R\u00e9put\u00e9 pour son ing\u00e9nierie de pr\u00e9cision, ses solutions innovantes et sa fiabilit\u00e9 \u00e0 toute \u00e9preuve, FMP s'est forg\u00e9 une solide r\u00e9putation de partenaire de confiance sur les march\u00e9s agricoles et industriels. Notre vaste gamme comprend des bo\u00eetes de vitesses sur mesure pour tondeuses \u00e0 gazon, des arbres de prise de force et une large gamme d'autres composants essentiels, tous soigneusement con\u00e7us pour r\u00e9pondre aux exigences sp\u00e9cifiques de diverses applications.<\/p>\n<p>Chez FMP, nous comprenons que chaque client est confront\u00e9 \u00e0 des d\u00e9fis uniques. Cette compr\u00e9hension motive notre engagement \u00e0 fournir des solutions sur mesure, qu'il s'agisse de composants individuels ou de syst\u00e8mes enti\u00e8rement int\u00e9gr\u00e9s. En collaborant \u00e9troitement avec nos clients, nous garantissons que chaque solution r\u00e9ponde non seulement \u00e0 leurs besoins pr\u00e9cis, mais optimise \u00e9galement les performances et la valeur ajout\u00e9e. Notre engagement \u00e0 fournir des r\u00e9ponses rapides et professionnelles et des conseils d'experts garantit un traitement pr\u00e9cis de chaque demande, pour des r\u00e9sultats optimaux \u00e0 chaque fois.<\/p>\n<p>Nous privil\u00e9gions une communication transparente et continue tout au long du processus de d\u00e9veloppement produit. Notre \u00e9quipe d\u00e9di\u00e9e collabore \u00e9troitement avec nos clients afin de comprendre parfaitement leurs besoins et de leur apporter des conseils pr\u00e9cieux et des recommandations d'experts pour garantir les meilleurs r\u00e9sultats. Qu'il s'agisse de d\u00e9velopper des produits de pointe ou d'ex\u00e9cuter des commandes courantes, FMP s'engage \u00e0 fournir des solutions de haute qualit\u00e9, con\u00e7ues avec pr\u00e9cision et dans les d\u00e9lais impartis. Notre objectif est de toujours d\u00e9passer les attentes de nos clients, en offrant un service exceptionnel et des r\u00e9sultats exceptionnels pour chaque projet.<\/p>\n<p>Au c\u0153ur des activit\u00e9s de FMP se trouve un engagement ind\u00e9fectible envers la qualit\u00e9. Nous adh\u00e9rons aux normes de fabrication les plus strictes et mettons en \u0153uvre des contr\u00f4les qualit\u00e9 rigoureux afin de garantir que chaque produit respecte et d\u00e9passe les normes du secteur. Cet engagement envers l'excellence, alli\u00e9 \u00e0 nos valeurs fondamentales d'int\u00e9grit\u00e9, d'esprit d'\u00e9quipe et de pers\u00e9v\u00e9rance, nous a permis de b\u00e2tir des relations de confiance durables avec des clients dans pr\u00e8s de 30 pays \u00e0 travers le monde.<\/p>\n<p>FMP s'engage \u00e0 favoriser les partenariats mondiaux en offrant des conseils d'experts et des solutions personnalis\u00e9es qui r\u00e9pondent aux besoins \u00e9volutifs de ses clients. Notre objectif est de b\u00e2tir des relations durables et mutuellement b\u00e9n\u00e9fiques, contribuant ainsi \u00e0 la r\u00e9ussite de chaque projet. Que vous recherchiez des solutions innovantes pour une nouvelle initiative ou un accompagnement continu pour un syst\u00e8me existant, FMP est l\u00e0 pour vous aider \u00e0 relever les d\u00e9fis techniques et \u00e0 assurer la p\u00e9rennit\u00e9 de votre r\u00e9ussite.<\/p>\n<p><img loading=\"lazy\" decoding=\"async\" class=\"alignnone wp-image-2695\" src=\"https:\/\/fmp-components.com\/wp-content\/uploads\/2025\/01\/agricultural-gearbox3.webp\" alt=\"bo\u00eete de vitesses agricole\" width=\"1140\" height=\"1138\" title=\"\" srcset=\"https:\/\/fmp-components.com\/wp-content\/uploads\/2025\/01\/agricultural-gearbox3.webp 1140w, https:\/\/fmp-components.com\/wp-content\/uploads\/2025\/01\/agricultural-gearbox3-480x479.webp 480w\" sizes=\"(min-width: 0px) and (max-width: 480px) 480px, (min-width: 481px) 1140px, 100vw\" \/><\/p>\n<p>Auteur : CX<\/p>","protected":false},"excerpt":{"rendered":"<p>Micro Tiller Gearbox Specification Ratio 3.38:1 Input Speed 540 rpm Input Shaft X\/Y Input Power 16.9 kW, 23 hp Output Torque 985 Nm Benefits of Micro Tiller Gearbox The Micro Tiller Gearbox offers several benefits, making it an essential component in small-scale farming and gardening machinery. These advantages ensure smoother operation, increased efficiency, and enhanced [&hellip;]<\/p>","protected":false},"featured_media":3309,"comment_status":"open","ping_status":"closed","template":"","meta":{"_et_pb_use_builder":"","_et_pb_old_content":"","_et_gb_content_width":""},"product_brand":[],"product_cat":[81],"product_tag":[],"class_list":{"0":"post-3308","1":"product","2":"type-product","3":"status-publish","4":"has-post-thumbnail","6":"product_cat-micro-tiller-gearbox","8":"first","9":"instock","10":"shipping-taxable","11":"product-type-simple"},"_links":{"self":[{"href":"https:\/\/fmp-components.com\/fr\/wp-json\/wp\/v2\/product\/3308","targetHints":{"allow":["GET"]}}],"collection":[{"href":"https:\/\/fmp-components.com\/fr\/wp-json\/wp\/v2\/product"}],"about":[{"href":"https:\/\/fmp-components.com\/fr\/wp-json\/wp\/v2\/types\/product"}],"replies":[{"embeddable":true,"href":"https:\/\/fmp-components.com\/fr\/wp-json\/wp\/v2\/comments?post=3308"}],"wp:featuredmedia":[{"embeddable":true,"href":"https:\/\/fmp-components.com\/fr\/wp-json\/wp\/v2\/media\/3309"}],"wp:attachment":[{"href":"https:\/\/fmp-components.com\/fr\/wp-json\/wp\/v2\/media?parent=3308"}],"wp:term":[{"taxonomy":"product_brand","embeddable":true,"href":"https:\/\/fmp-components.com\/fr\/wp-json\/wp\/v2\/product_brand?post=3308"},{"taxonomy":"product_cat","embeddable":true,"href":"https:\/\/fmp-components.com\/fr\/wp-json\/wp\/v2\/product_cat?post=3308"},{"taxonomy":"product_tag","embeddable":true,"href":"https:\/\/fmp-components.com\/fr\/wp-json\/wp\/v2\/product_tag?post=3308"}],"curies":[{"name":"wp","href":"https:\/\/api.w.org\/{rel}","templated":true}]}}