{"id":3291,"date":"2025-01-06T03:05:06","date_gmt":"2025-01-06T03:05:06","guid":{"rendered":"https:\/\/fmp-components.com\/?page_id=8"},"modified":"2025-01-06T03:15:19","modified_gmt":"2025-01-06T03:15:19","slug":"fmp-01-229-snow-plow-gearbox-for-spreader","status":"publish","type":"product","link":"https:\/\/fmp-components.com\/fr\/product\/fmp-01-229-snow-plow-gearbox-for-spreader\/","title":{"rendered":"Bo\u00eete de vitesses pour chasse-neige FMP-01-229 pour \u00e9pandeur"},"content":{"rendered":"<h2>Caract\u00e9ristiques de la bo\u00eete de vitesses de la d\u00e9neigeuse<\/h2>\n<p><img loading=\"lazy\" decoding=\"async\" class=\"alignnone  wp-image-3297\" src=\"https:\/\/fmp-components.com\/wp-content\/uploads\/2025\/01\/fmp_Snow-plow-gearbox-draw1.webp\" alt=\"fmp_Snow-plow-gearbox-draw(1)\" width=\"877\" height=\"748\" title=\"\" srcset=\"https:\/\/fmp-components.com\/wp-content\/uploads\/2025\/01\/fmp_Snow-plow-gearbox-draw1.webp 877w, https:\/\/fmp-components.com\/wp-content\/uploads\/2025\/01\/fmp_Snow-plow-gearbox-draw1-480x410.webp 480w\" sizes=\"(min-width: 0px) and (max-width: 480px) 480px, (min-width: 481px) 877px, 100vw\" \/><\/p>\n<table style=\"width: 100.071%; height: 460px;\" border=\"1\">\n<tbody>\n<tr style=\"height: 23px;\">\n<td style=\"width: 28.7257%; text-align: center; height: 23px;\"><strong>ARTICLE<\/strong><\/td>\n<td style=\"width: 70.6263%; height: 23px;\">FMP-01-229<\/td>\n<\/tr>\n<tr style=\"height: 23px;\">\n<td style=\"width: 28.7257%; text-align: center; height: 23px;\"><strong>Rapport<\/strong><\/td>\n<td style=\"width: 70.6263%; height: 23px;\">1:1.35<\/td>\n<\/tr>\n<tr style=\"height: 23px;\">\n<td style=\"width: 28.7257%; text-align: center; height: 23px;\"><strong>Dents<\/strong><\/td>\n<td style=\"width: 70.6263%; height: 23px;\">16\/16<\/td>\n<\/tr>\n<tr style=\"height: 23px;\">\n<td style=\"width: 28.7257%; text-align: center; height: 23px;\"><strong>Module<\/strong><\/td>\n<td style=\"width: 70.6263%; height: 23px;\">4.5<\/td>\n<\/tr>\n<tr style=\"height: 23px;\">\n<td style=\"width: 28.7257%; text-align: center; height: 23px;\"><strong>Puissance (HP)<\/strong><\/td>\n<td style=\"width: 70.6263%; height: 23px;\">&#8211;<\/td>\n<\/tr>\n<tr style=\"height: 23px;\">\n<td style=\"width: 28.7257%; text-align: center; height: 23px;\"><strong>Entr\u00e9e nominale<\/strong><\/td>\n<td style=\"width: 70.6263%; height: 23px;\">540 tr\/min<\/td>\n<\/tr>\n<tr style=\"height: 23px;\">\n<td style=\"width: 28.7257%; height: 23px; text-align: center;\"><strong>Description des entr\u00e9es\/sorties<\/strong><\/td>\n<td style=\"width: 70.6263%; height: 23px;\">Axe optique 1 3\/8 Z6 \u03c625<\/td>\n<\/tr>\n<tr style=\"height: 23px;\">\n<td style=\"width: 28.7257%; height: 23px; text-align: center;\"><strong>Poids (NW)<\/strong><\/td>\n<td style=\"width: 70.6263%; height: 23px;\">13 kg<\/td>\n<\/tr>\n<tr style=\"height: 23px;\">\n<th style=\"height: 23px;\">arbre d'entr\u00e9e<\/th>\n<td style=\"height: 23px;\">1-3\/8\u2033 (6 cannelures)<\/td>\n<\/tr>\n<tr style=\"height: 23px;\">\n<th style=\"height: 23px;\">Longueur de l'arbre (entr\u00e9e)<\/th>\n<td style=\"height: 23px;\">3-1\/2&#8243;<\/td>\n<\/tr>\n<tr style=\"height: 23px;\">\n<th style=\"height: 23px;\">arbre de sortie<\/th>\n<td style=\"height: 23px;\">1&#8243;<\/td>\n<\/tr>\n<tr style=\"height: 23px;\">\n<th style=\"height: 23px;\">Longueur de l'arbre (sortie)<\/th>\n<td style=\"height: 23px;\">3&#8243;<\/td>\n<\/tr>\n<tr style=\"height: 23px;\">\n<th style=\"height: 23px;\">Trous dans l'arbre de sortie<\/th>\n<td style=\"height: 23px;\">1-1\/2\u2033 d'axe en axe<\/td>\n<\/tr>\n<tr style=\"height: 23px;\">\n<th style=\"height: 23px;\">Nombre de trous de fixation<\/th>\n<td style=\"height: 23px;\">6<\/td>\n<\/tr>\n<tr style=\"height: 23px;\">\n<th style=\"height: 23px;\">Longueur totale (OL)<\/th>\n<td style=\"height: 23px;\">11&#8243;<\/td>\n<\/tr>\n<tr style=\"height: 23px;\">\n<th style=\"height: 23px;\">Hauteur totale (OH)<\/th>\n<td style=\"height: 23px;\">9&#8243;<\/td>\n<\/tr>\n<tr style=\"height: 23px;\">\n<th style=\"height: 23px;\">Rapport de d\u00e9multiplication<\/th>\n<td style=\"height: 23px;\">1:1<\/td>\n<\/tr>\n<tr style=\"height: 23px;\">\n<th style=\"height: 23px;\">Espacement des trous de boulons (c\u00f4t\u00e9 long)<\/th>\n<td style=\"height: 23px;\">Entraxe de 2-3\/8\u2033<\/td>\n<\/tr>\n<tr style=\"height: 23px;\">\n<th style=\"height: 23px;\">Espacement des trous de boulons (largeur)<\/th>\n<td style=\"height: 23px;\">3-3\/4\u2033 d'axe en axe<\/td>\n<\/tr>\n<tr style=\"height: 23px;\">\n<th style=\"height: 23px;\">Fonctionnalit\u00e9 de la bo\u00eete de vitesses<\/th>\n<td style=\"height: 23px;\">Poss\u00e8de un zirk<\/td>\n<\/tr>\n<\/tbody>\n<\/table>\n<h2>Caract\u00e9ristiques de la bo\u00eete de vitesses de chasse-neige<\/h2>\n<ol>\n<li><strong>Construction de logements durables<\/strong>\n<ul>\n<li>Fabriqu\u00e9s g\u00e9n\u00e9ralement en fonte \u00e0 haute r\u00e9sistance ou en alliages d'aluminium pour garantir une durabilit\u00e9 \u00e0 long terme et une r\u00e9sistance aux conditions d'utilisation difficiles, telles que les basses temp\u00e9ratures et les environnements \u00e0 fort impact.<\/li>\n<\/ul>\n<\/li>\n<li><strong>Capacit\u00e9 de couple \u00e9lev\u00e9e<\/strong>\n<ul>\n<li>Con\u00e7ue pour les op\u00e9rations de d\u00e9neigement intensives, la bo\u00eete de vitesses est con\u00e7ue pour transmettre efficacement un couple \u00e9lev\u00e9, permettant ainsi \u00e0 la lame \u00e0 neige de se d\u00e9placer efficacement dans la neige dense et la glace.<\/li>\n<\/ul>\n<\/li>\n<li><strong>Engrenages de pr\u00e9cision<\/strong>\n<ul>\n<li>Dot\u00e9 d'engrenages taill\u00e9s avec pr\u00e9cision qui assurent une transmission de puissance fluide, minimisent les frottements et garantissent des performances constantes m\u00eame sous de fortes charges.<\/li>\n<\/ul>\n<\/li>\n<li><strong>Joints d'\u00e9tanch\u00e9it\u00e9 r\u00e9sistants aux intemp\u00e9ries<\/strong>\n<ul>\n<li>Dot\u00e9e de joints d'\u00e9tanch\u00e9it\u00e9 de pointe emp\u00eachant l'humidit\u00e9, la neige et la glace de s'infiltrer dans la bo\u00eete de vitesses, elle assure un fonctionnement optimal et la prot\u00e8ge contre la corrosion et l'usure.<\/li>\n<\/ul>\n<\/li>\n<li><strong>Rapports de transmission personnalisables<\/strong>\n<ul>\n<li>Les bo\u00eetes de vitesses sont disponibles en diff\u00e9rents rapports pour fournir la vitesse et la puissance n\u00e9cessaires aux diff\u00e9rentes applications de d\u00e9neigement, permettant ainsi une adaptabilit\u00e9 \u00e0 divers mod\u00e8les de machines et de terrains.<\/li>\n<\/ul>\n<\/li>\n<\/ol>\n<p>Ces caract\u00e9ristiques garantissent que la bo\u00eete de vitesses de la d\u00e9neigeuse offre une durabilit\u00e9, une efficacit\u00e9 et une fiabilit\u00e9 maximales pour affronter les conditions hivernales difficiles et assurer un fonctionnement fluide et ininterrompu tout au long de la saison de d\u00e9neigement.<\/p>\n<p><img loading=\"lazy\" decoding=\"async\" class=\"alignnone  wp-image-3299\" src=\"https:\/\/fmp-components.com\/wp-content\/uploads\/2025\/01\/FMP-gearbox1.jpg\" alt=\"Bo\u00eete de vitesses FMP\" width=\"931\" height=\"623\" title=\"\" srcset=\"https:\/\/fmp-components.com\/wp-content\/uploads\/2025\/01\/FMP-gearbox1.jpg 931w, https:\/\/fmp-components.com\/wp-content\/uploads\/2025\/01\/FMP-gearbox1-480x321.jpg 480w\" sizes=\"(min-width: 0px) and (max-width: 480px) 480px, (min-width: 481px) 931px, 100vw\" \/><\/p>\n<h2>\u00c0 propos de FMP<\/h2>\n<p>Bas\u00e9e en Italie, FMP est un fabricant leader reconnu pour son expertise dans la conception, le d\u00e9veloppement et la production de r\u00e9ducteurs haute performance, avec une sp\u00e9cialisation dans le secteur des machines agricoles. R\u00e9put\u00e9e pour son ing\u00e9nierie de pr\u00e9cision, ses solutions innovantes et sa fiabilit\u00e9 \u00e0 toute \u00e9preuve, FMP s'est forg\u00e9e une solide r\u00e9putation de partenaire de confiance sur les march\u00e9s agricoles et industriels. Notre vaste gamme de produits comprend des r\u00e9ducteurs sur mesure pour tondeuses \u00e0 gazon, des arbres de prise de force et un large \u00e9ventail de composants critiques, tous fabriqu\u00e9s avec un souci du d\u00e9tail extr\u00eame pour r\u00e9pondre aux exigences sp\u00e9cifiques de diverses applications.<\/p>\n<p>Chez FMP, nous savons que chaque client est confront\u00e9 \u00e0 des d\u00e9fis uniques. C'est pourquoi nous nous engageons \u00e0 fournir des solutions sur mesure, qu'il s'agisse de composants individuels ou de syst\u00e8mes enti\u00e8rement int\u00e9gr\u00e9s. En collaborant \u00e9troitement avec nos clients, nous veillons \u00e0 ce que chaque solution r\u00e9ponde parfaitement \u00e0 leurs besoins, optimise leurs performances et leur apporte une valeur ajout\u00e9e exceptionnelle. Notre engagement \u00e0 fournir un service r\u00e9actif et professionnel, ainsi que des conseils d'experts, garantit que chaque demande est trait\u00e9e avec pr\u00e9cision, pour des r\u00e9sultats optimaux.<\/p>\n<p>Nous accordons une grande importance \u00e0 une communication transparente et continue tout au long du processus de d\u00e9veloppement produit. Notre \u00e9quipe travaille en \u00e9troite collaboration avec nos clients afin de bien comprendre leurs besoins, leur apportant des analyses pertinentes et des recommandations concr\u00e8tes pour des r\u00e9sultats optimaux. Qu'il s'agisse de d\u00e9velopper des solutions innovantes ou d'honorer des commandes courantes, FMP s'engage \u00e0 fournir des produits de haute qualit\u00e9 et de pr\u00e9cision, dans les d\u00e9lais impartis. Notre mission est de toujours d\u00e9passer les attentes de nos clients, en leur offrant un service exceptionnel et des r\u00e9sultats remarquables pour chaque projet.<\/p>\n<p>Au c\u0153ur des activit\u00e9s de FMP r\u00e9side un engagement ind\u00e9fectible envers la qualit\u00e9. Nous respectons les normes de fabrication les plus exigeantes et mettons en \u0153uvre des mesures de contr\u00f4le qualit\u00e9 rigoureuses afin de garantir que chaque produit non seulement r\u00e9ponde aux normes de l'industrie, mais les surpasse. Cet engagement envers l'excellence, conjugu\u00e9 \u00e0 nos valeurs fondamentales d'int\u00e9grit\u00e9, de travail d'\u00e9quipe et de pers\u00e9v\u00e9rance, nous a permis de b\u00e2tir des relations durables et de confiance avec des clients dans pr\u00e8s de 30 pays \u00e0 travers le monde.<\/p>\n<p>FMP s'engage \u00e0 d\u00e9velopper des partenariats internationaux, \u00e0 offrir des conseils d'experts et des solutions personnalis\u00e9es qui r\u00e9pondent aux besoins \u00e9volutifs de ses clients. Notre objectif est de b\u00e2tir des relations durables et mutuellement avantageuses, gages de la r\u00e9ussite de chaque projet. Que vous recherchiez des solutions innovantes pour une nouvelle initiative ou un soutien continu pour un syst\u00e8me existant, FMP est l\u00e0 pour vous aider \u00e0 surmonter les d\u00e9fis techniques et \u00e0 assurer votre succ\u00e8s.<\/p>\n<p><img loading=\"lazy\" decoding=\"async\" class=\"alignnone wp-image-2695\" src=\"https:\/\/fmp-components.com\/wp-content\/uploads\/2025\/01\/agricultural-gearbox3.webp\" alt=\"bo\u00eete de vitesses agricole\" width=\"1140\" height=\"1138\" title=\"\" srcset=\"https:\/\/fmp-components.com\/wp-content\/uploads\/2025\/01\/agricultural-gearbox3.webp 1140w, https:\/\/fmp-components.com\/wp-content\/uploads\/2025\/01\/agricultural-gearbox3-480x479.webp 480w\" sizes=\"(min-width: 0px) and (max-width: 480px) 480px, (min-width: 481px) 1140px, 100vw\" \/><\/p>\n<p>Auteur : CX<\/p>","protected":false},"excerpt":{"rendered":"<p>Specifications of snow plow gearbox ITEM FMP-01-229 Ratio 1:1.35 Teeth 16\/16 Module 4.5 Power\uff08HP\uff09 &#8211; Rated Input 540rpm Input\/Output description 1 3\/8 Z6 \u03c625 Optic axis Weight\uff08N.W\uff09 13Kg Input Shaft 1-3\/8&#8243; (6 spline) Shaft Length (Input) 3-1\/2&#8243; Output Shaft 1&#8243; Shaft Length (Output) 3&#8243; Holes in Output Shaft 1-1\/2&#8243; center to center Number of Mounting [&hellip;]<\/p>","protected":false},"featured_media":3298,"comment_status":"open","ping_status":"closed","template":"","meta":{"_et_pb_use_builder":"","_et_pb_old_content":"","_et_gb_content_width":""},"product_brand":[],"product_cat":[80],"product_tag":[],"class_list":{"0":"post-3291","1":"product","2":"type-product","3":"status-publish","4":"has-post-thumbnail","6":"product_cat-snowblower-gearbox","8":"first","9":"instock","10":"shipping-taxable","11":"product-type-simple"},"_links":{"self":[{"href":"https:\/\/fmp-components.com\/fr\/wp-json\/wp\/v2\/product\/3291","targetHints":{"allow":["GET"]}}],"collection":[{"href":"https:\/\/fmp-components.com\/fr\/wp-json\/wp\/v2\/product"}],"about":[{"href":"https:\/\/fmp-components.com\/fr\/wp-json\/wp\/v2\/types\/product"}],"replies":[{"embeddable":true,"href":"https:\/\/fmp-components.com\/fr\/wp-json\/wp\/v2\/comments?post=3291"}],"wp:featuredmedia":[{"embeddable":true,"href":"https:\/\/fmp-components.com\/fr\/wp-json\/wp\/v2\/media\/3298"}],"wp:attachment":[{"href":"https:\/\/fmp-components.com\/fr\/wp-json\/wp\/v2\/media?parent=3291"}],"wp:term":[{"taxonomy":"product_brand","embeddable":true,"href":"https:\/\/fmp-components.com\/fr\/wp-json\/wp\/v2\/product_brand?post=3291"},{"taxonomy":"product_cat","embeddable":true,"href":"https:\/\/fmp-components.com\/fr\/wp-json\/wp\/v2\/product_cat?post=3291"},{"taxonomy":"product_tag","embeddable":true,"href":"https:\/\/fmp-components.com\/fr\/wp-json\/wp\/v2\/product_tag?post=3291"}],"curies":[{"name":"wp","href":"https:\/\/api.w.org\/{rel}","templated":true}]}}