{"id":3285,"date":"2025-01-06T02:26:59","date_gmt":"2025-01-06T02:26:59","guid":{"rendered":"https:\/\/fmp-components.com\/?page_id=8"},"modified":"2025-01-06T02:26:59","modified_gmt":"2025-01-06T02:26:59","slug":"manure-spreaders-gearboxes-replacement-of-comer-code-n-2a","status":"publish","type":"product","link":"https:\/\/fmp-components.com\/fr\/product\/manure-spreaders-gearboxes-replacement-of-comer-code-n-2a\/","title":{"rendered":"Bo\u00eetes de vitesses pour \u00e9pandeurs \u00e0 fumier \u2013 Remplacement du code Comer N-2A"},"content":{"rendered":"<h2>Sp\u00e9cifications des r\u00e9ducteurs d'\u00e9pandeur \u00e0 fumier N-2A<\/h2>\n<p><img loading=\"lazy\" decoding=\"async\" class=\"alignnone size-full wp-image-3286\" src=\"https:\/\/fmp-components.com\/wp-content\/uploads\/2025\/01\/manure-spreader-gearbox-N2A-specifications.webp\" alt=\"Sp\u00e9cifications de la bo\u00eete de vitesses de l&#039;\u00e9pandeur \u00e0 fumier N2A\" width=\"1012\" height=\"544\" title=\"\" srcset=\"https:\/\/fmp-components.com\/wp-content\/uploads\/2025\/01\/manure-spreader-gearbox-N2A-specifications.webp 1012w, https:\/\/fmp-components.com\/wp-content\/uploads\/2025\/01\/manure-spreader-gearbox-N2A-specifications-980x527.webp 980w, https:\/\/fmp-components.com\/wp-content\/uploads\/2025\/01\/manure-spreader-gearbox-N2A-specifications-480x258.webp 480w\" sizes=\"(min-width: 0px) and (max-width: 480px) 480px, (min-width: 481px) and (max-width: 980px) 980px, (min-width: 981px) 1012px, 100vw\" \/><\/p>\n<table style=\"width: 93.7748%; height: 397px;\" border=\"1\">\n<tbody>\n<tr>\n<td><strong>je<\/strong><\/td>\n<td>5.67<\/td>\n<\/tr>\n<tr>\n<td><strong>N<sub>1<\/sub>[tr\/min]<\/strong><\/td>\n<td>540<\/td>\n<\/tr>\n<tr>\n<td><strong>P<sub>1<\/sub>[kW]<\/strong><\/td>\n<td>23.5<\/td>\n<\/tr>\n<tr>\n<td><strong>M<sub>2<\/sub>[Nm]<\/strong><\/td>\n<td>&#8211;<\/td>\n<\/tr>\n<tr>\n<td><strong>Arbre X<img loading=\"lazy\" decoding=\"async\" class=\"size-full wp-image-3287 aligncenter\" src=\"https:\/\/fmp-components.com\/wp-content\/uploads\/2025\/01\/shaft-x-1.webp\" alt=\"arbre-x\" width=\"81\" height=\"78\" title=\"\" srcset=\"https:\/\/fmp-components.com\/wp-content\/uploads\/2025\/01\/shaft-x-1.webp 81w, https:\/\/fmp-components.com\/wp-content\/uploads\/2025\/01\/shaft-x-1-12x12.webp 12w\" sizes=\"(max-width: 81px) 100vw, 81px\" \/><\/strong><\/td>\n<td>1\u201d 3\/8 Z6<\/td>\n<\/tr>\n<tr>\n<td><strong>Arbre Y<img loading=\"lazy\" decoding=\"async\" class=\"size-full wp-image-3287 aligncenter\" src=\"https:\/\/fmp-components.com\/wp-content\/uploads\/2025\/01\/shaft-x-1.webp\" alt=\"arbre-x\" width=\"81\" height=\"78\" title=\"\" srcset=\"https:\/\/fmp-components.com\/wp-content\/uploads\/2025\/01\/shaft-x-1.webp 81w, https:\/\/fmp-components.com\/wp-content\/uploads\/2025\/01\/shaft-x-1-12x12.webp 12w\" sizes=\"(max-width: 81px) 100vw, 81px\" \/><\/strong><\/td>\n<td>1\u201d 3\/8 Z6<\/td>\n<\/tr>\n<tr>\n<td><strong>Arbre Z<img loading=\"lazy\" decoding=\"async\" class=\"size-full wp-image-3287 aligncenter\" src=\"https:\/\/fmp-components.com\/wp-content\/uploads\/2025\/01\/shaft-x-1.webp\" alt=\"arbre-x\" width=\"81\" height=\"78\" title=\"\" srcset=\"https:\/\/fmp-components.com\/wp-content\/uploads\/2025\/01\/shaft-x-1.webp 81w, https:\/\/fmp-components.com\/wp-content\/uploads\/2025\/01\/shaft-x-1-12x12.webp 12w\" sizes=\"(max-width: 81px) 100vw, 81px\" \/><\/strong><\/td>\n<td>1\u201d 3\/8 Z6<\/td>\n<\/tr>\n<tr>\n<td><strong>Saisir<\/strong><\/td>\n<td>Z<\/td>\n<\/tr>\n<\/tbody>\n<\/table>\n<h3>Caract\u00e9ristiques de la bo\u00eete de vitesses de l'\u00e9pandeur \u00e0 fumier<\/h3>\n<ol>\n<li><strong>Logement durable<\/strong><br \/>\nLa bo\u00eete de vitesses est dot\u00e9e d'un carter robuste et r\u00e9sistant \u00e0 la corrosion, g\u00e9n\u00e9ralement fabriqu\u00e9 \u00e0 partir de mat\u00e9riaux \u00e0 haute r\u00e9sistance tels que la fonte ou les alliages d'aluminium, assurant une durabilit\u00e9 \u00e0 long terme m\u00eame dans des conditions agricoles difficiles.<\/li>\n<li><strong>Capacit\u00e9 de couple \u00e9lev\u00e9e<\/strong><br \/>\nCon\u00e7ue pour les travaux agricoles intensifs, la bo\u00eete de vitesses de l'\u00e9pandeur \u00e0 fumier d\u00e9livre un couple \u00e9lev\u00e9 pour un fonctionnement efficace, assurant une transmission de puissance fluide du tracteur \u00e0 l'\u00e9pandeur.<\/li>\n<li><strong>Engrenages de pr\u00e9cision<\/strong><br \/>\nLes engrenages sont con\u00e7us avec pr\u00e9cision pour un engr\u00e8nement optimal et un fonctionnement fluide, r\u00e9duisant ainsi l'usure et am\u00e9liorant le rendement. Ils sont g\u00e9n\u00e9ralement forg\u00e9s et trait\u00e9s pour r\u00e9sister \u00e0 des conditions de fortes contraintes.<\/li>\n<li><strong>Rapports de d\u00e9multiplication multiples<\/strong><br \/>\nLes bo\u00eetes de vitesses pour \u00e9pandeurs \u00e0 fumier sont disponibles dans une vari\u00e9t\u00e9 de rapports de transmission, tels que 1:1, 1,46:1 et d'autres rapports personnalis\u00e9s, offrant la flexibilit\u00e9 n\u00e9cessaire pour r\u00e9pondre aux exigences sp\u00e9cifiques des diff\u00e9rentes machines et applications.<\/li>\n<li><strong>Roulements \u00e0 rouleaux coniques<\/strong><br \/>\nDes roulements \u00e0 rouleaux coniques haute capacit\u00e9 sont utilis\u00e9s dans la bo\u00eete de vitesses pour assurer un support sup\u00e9rieur aux arbres, am\u00e9liorant ainsi la dur\u00e9e de vie des roulements, la capacit\u00e9 de charge et les performances globales de la bo\u00eete de vitesses.<\/li>\n<\/ol>\n<p>Ces caract\u00e9ristiques font des bo\u00eetes de vitesses des \u00e9pandeurs \u00e0 fumier des composants extr\u00eamement fiables et efficaces dans les op\u00e9rations agricoles modernes, permettant aux agriculteurs d'effectuer des t\u00e2ches comme l'\u00e9pandage de fumier avec efficacit\u00e9, constance et un temps d'arr\u00eat minimal.<\/p>\n<p><img loading=\"lazy\" decoding=\"async\" class=\"alignnone  wp-image-3289\" src=\"https:\/\/fmp-components.com\/wp-content\/uploads\/2025\/01\/manure-spreader-gearbox-supplier1.webp\" alt=\"fournisseur de bo\u00eetes de vitesses pour \u00e9pandeurs \u00e0 fumier (1)\" width=\"941\" height=\"627\" title=\"\" srcset=\"https:\/\/fmp-components.com\/wp-content\/uploads\/2025\/01\/manure-spreader-gearbox-supplier1.webp 941w, https:\/\/fmp-components.com\/wp-content\/uploads\/2025\/01\/manure-spreader-gearbox-supplier1-480x320.webp 480w\" sizes=\"(min-width: 0px) and (max-width: 480px) 480px, (min-width: 481px) 941px, 100vw\" \/><\/p>\n<h3>Arbre de prise de force pour bo\u00eete de vitesses d'\u00e9pandeur \u00e0 fumier<\/h3>\n<p>L'arbre de prise de force (PDF) est un composant essentiel qui relie la puissance du tracteur \u00e0 la bo\u00eete de vitesses de l'\u00e9pandeur \u00e0 fumier, permettant ainsi la transmission de la puissance m\u00e9canique n\u00e9cessaire \u00e0 son fonctionnement. Cet arbre assure la liaison entre le moteur du tracteur et la bo\u00eete de vitesses de l'\u00e9pandeur, garantissant un fonctionnement efficace et performant. Vous trouverez ci-dessous les principales caract\u00e9ristiques et avantages d'un arbre de prise de force pour les bo\u00eetes de vitesses d'\u00e9pandeurs \u00e0 fumier\u00a0:<\/p>\n<ol>\n<li><strong>Construction robuste<\/strong>\n<ul>\n<li><strong>Acier \u00e0 haute r\u00e9sistance<\/strong>L'arbre de prise de force est fabriqu\u00e9 en acier robuste \u00e0 haute r\u00e9sistance pour supporter le couple et les contraintes intenses li\u00e9s aux t\u00e2ches agricoles.<\/li>\n<li><strong>Composants durables<\/strong>Gr\u00e2ce \u00e0 leurs articulations robustes et \u00e0 leur conception renforc\u00e9e, les arbres de prise de force sont con\u00e7us pour r\u00e9sister aux environnements difficiles de l'agriculture, notamment \u00e0 l'exposition \u00e0 la poussi\u00e8re, \u00e0 l'humidit\u00e9 et aux \u00e9l\u00e9ments chimiques.<\/li>\n<\/ul>\n<\/li>\n<li><strong>Compatibilit\u00e9<\/strong>\n<ul>\n<li><strong>Conception universelle<\/strong>Les arbres de prise de force sont con\u00e7us avec des joints universels pour assurer la compatibilit\u00e9 avec une large gamme de tracteurs et d'\u00e9pandeurs \u00e0 fumier.<\/li>\n<li><strong>Accouplements normalis\u00e9s<\/strong>Les arbres sont \u00e9quip\u00e9s de raccords standardis\u00e9s qui s'adaptent \u00e0 la sortie de la prise de force du tracteur et \u00e0 l'entr\u00e9e de la bo\u00eete de vitesses de l'\u00e9pandeur \u00e0 fumier, assurant ainsi une fixation et un d\u00e9tachement faciles.<\/li>\n<\/ul>\n<\/li>\n<li><strong>Transfert de couple \u00e9lev\u00e9<\/strong>\n<ul>\n<li>Les arbres de prise de force sont con\u00e7us pour transmettre un couple \u00e9lev\u00e9 du tracteur \u00e0 la bo\u00eete de vitesses de l'\u00e9pandeur \u00e0 fumier. Ceci garantit un fonctionnement efficace de l'\u00e9pandeur, m\u00eame en cas de forte charge.<\/li>\n<\/ul>\n<\/li>\n<li><strong>Caract\u00e9ristiques de s\u00e9curit\u00e9<\/strong>\n<ul>\n<li><strong>\u00e9crans et protections de s\u00e9curit\u00e9<\/strong>Les arbres de prise de force sont \u00e9quip\u00e9s de protections et de dispositifs de s\u00e9curit\u00e9 pour \u00e9viter tout contact accidentel avec les pi\u00e8ces mobiles, garantissant ainsi un fonctionnement s\u00fbr pour l'utilisateur.<\/li>\n<li><strong>m\u00e9canismes d'embrayage \u00e0 glissement<\/strong>De nombreux arbres de prise de force sont \u00e9quip\u00e9s de freins \u00e0 glissement ou de m\u00e9canismes de protection contre les surcharges afin de prot\u00e9ger l'arbre et les machines qui y sont raccord\u00e9es contre les dommages caus\u00e9s par des \u00e0-coups soudains ou un couple excessif.<\/li>\n<\/ul>\n<\/li>\n<li><strong>Flexibilit\u00e9 et port\u00e9e<\/strong>\n<ul>\n<li>Les arbres de prise de force sont disponibles en diff\u00e9rentes longueurs pour s'adapter \u00e0 la distance entre le tracteur et l'\u00e9pandeur \u00e0 fumier, assurant ainsi une port\u00e9e et une flexibilit\u00e9 optimales pour diff\u00e9rentes configurations.<\/li>\n<li><strong>Conception t\u00e9lescopique<\/strong>Certains arbres de prise de force sont dot\u00e9s d'une conception t\u00e9lescopique, permettant des r\u00e9glages de longueur pour s'adapter aux diff\u00e9rentes distances de travail entre le tracteur et l'\u00e9pandeur.<\/li>\n<\/ul>\n<\/li>\n<\/ol>\n<ol>\n<li style=\"list-style-type: none;\"><\/li>\n<\/ol>\n<p>En r\u00e9sum\u00e9, l'arbre de prise de force des bo\u00eetes de vitesses d'\u00e9pandeurs \u00e0 fumier est un composant essentiel des exploitations agricoles modernes. Il garantit une transmission de puissance efficace, am\u00e9liore la s\u00e9curit\u00e9 et offre durabilit\u00e9 et polyvalence pour diverses applications. L'utilisation d'un arbre de prise de force de haute qualit\u00e9 permet aux agriculteurs d'optimiser les performances de leurs \u00e9pandeurs \u00e0 fumier tout en minimisant les besoins de maintenance et les co\u00fbts d'exploitation.<\/p>\n<p><img loading=\"lazy\" decoding=\"async\" class=\"alignnone  wp-image-3288\" src=\"https:\/\/fmp-components.com\/wp-content\/uploads\/2025\/01\/pto-shaft-for-manure-spreader-gearbox1.webp\" alt=\"arbre de prise de force pour bo\u00eete de vitesses d&#039;\u00e9pandeur \u00e0 fumier (1)\" width=\"852\" height=\"837\" title=\"\" srcset=\"https:\/\/fmp-components.com\/wp-content\/uploads\/2025\/01\/pto-shaft-for-manure-spreader-gearbox1.webp 852w, https:\/\/fmp-components.com\/wp-content\/uploads\/2025\/01\/pto-shaft-for-manure-spreader-gearbox1-480x471.webp 480w\" sizes=\"(min-width: 0px) and (max-width: 480px) 480px, (min-width: 481px) 852px, 100vw\" \/><\/p>\n<h2>\u00c0 propos de FMP<\/h2>\n<p>Bas\u00e9e en Italie, FMP est un fabricant leader reconnu pour son expertise dans la conception, le d\u00e9veloppement et la production de r\u00e9ducteurs haute performance, avec une sp\u00e9cialisation dans le secteur des machines agricoles. R\u00e9put\u00e9e pour son ing\u00e9nierie de pr\u00e9cision, ses solutions innovantes et sa fiabilit\u00e9 in\u00e9gal\u00e9e, FMP s'est impos\u00e9e comme un partenaire de confiance sur les march\u00e9s agricoles et industriels. Notre vaste gamme de produits comprend des r\u00e9ducteurs sur mesure pour tondeuses \u00e0 gazon, des arbres de prise de force et d'autres composants essentiels, con\u00e7us pour r\u00e9pondre aux exigences pr\u00e9cises d'une large gamme d'applications.<\/p>\n<p>Chez FMP, nous savons que chaque client a des besoins uniques. C'est pourquoi nous nous engageons \u00e0 fournir des solutions sur mesure, qu'il s'agisse de composants individuels ou de syst\u00e8mes enti\u00e8rement int\u00e9gr\u00e9s. En collaborant \u00e9troitement avec nos clients, nous veillons \u00e0 ce que chaque solution r\u00e9ponde parfaitement \u00e0 leurs exigences, optimisant ainsi les performances et maximisant la valeur ajout\u00e9e. Notre engagement \u00e0 fournir des r\u00e9ponses rapides et professionnelles, ainsi que des conseils d'experts, garantit que chaque demande est trait\u00e9e avec pr\u00e9cision, pour des r\u00e9sultats constants et positifs.<\/p>\n<p>Nous privil\u00e9gions une communication transparente et continue \u00e0 chaque \u00e9tape du d\u00e9veloppement produit. Notre \u00e9quipe exp\u00e9riment\u00e9e collabore \u00e9troitement avec nos clients pour bien comprendre leurs besoins sp\u00e9cifiques et leur apporter des conseils et des recommandations pertinentes afin d'obtenir les meilleurs r\u00e9sultats. Qu'il s'agisse de d\u00e9velopper des produits innovants ou d'honorer des commandes r\u00e9guli\u00e8res, FMP s'engage \u00e0 fournir des solutions de haute qualit\u00e9 et d'une grande pr\u00e9cision, dans les d\u00e9lais impartis. Notre objectif est de d\u00e9passer les attentes de nos clients en leur offrant un service exceptionnel et des r\u00e9sultats remarquables pour chaque projet.<\/p>\n<p>Au c\u0153ur des activit\u00e9s de FMP r\u00e9side un engagement ind\u00e9fectible envers la qualit\u00e9. Nous respectons les normes de fabrication les plus exigeantes et mettons en \u0153uvre des proc\u00e9dures de contr\u00f4le qualit\u00e9 rigoureuses afin de garantir que chaque produit surpasse les r\u00e9f\u00e9rences du secteur. Cet engagement envers l'excellence, conjugu\u00e9 \u00e0 nos valeurs fondamentales d'int\u00e9grit\u00e9, de travail d'\u00e9quipe et de pers\u00e9v\u00e9rance, nous a permis de b\u00e2tir des relations durables et de confiance avec des clients dans pr\u00e8s de 30 pays \u00e0 travers le monde.<\/p>\n<p>FMP s'engage \u00e0 d\u00e9velopper des partenariats internationaux en offrant des conseils d'experts et des solutions personnalis\u00e9es qui \u00e9voluent au rythme des besoins de ses clients. Nous nous effor\u00e7ons de b\u00e2tir des relations durables et mutuellement avantageuses, gages de la r\u00e9ussite de chaque projet. Que vous recherchiez des solutions innovantes pour une nouvelle initiative ou un soutien continu pour un syst\u00e8me existant, FMP est l\u00e0 pour vous aider \u00e0 surmonter les d\u00e9fis techniques et \u00e0 assurer votre succ\u00e8s.<\/p>\n<p><img loading=\"lazy\" decoding=\"async\" class=\"alignnone wp-image-2695\" src=\"https:\/\/fmp-components.com\/wp-content\/uploads\/2025\/01\/agricultural-gearbox3.webp\" alt=\"bo\u00eete de vitesses agricole\" width=\"1140\" height=\"1138\" title=\"\" srcset=\"https:\/\/fmp-components.com\/wp-content\/uploads\/2025\/01\/agricultural-gearbox3.webp 1140w, https:\/\/fmp-components.com\/wp-content\/uploads\/2025\/01\/agricultural-gearbox3-480x479.webp 480w\" sizes=\"(min-width: 0px) and (max-width: 480px) 480px, (min-width: 481px) 1140px, 100vw\" \/><\/p>\n<p>Auteur : CX<\/p>","protected":false},"excerpt":{"rendered":"<p>Manure Spreader Gearboxes N-2A Specification i 5.67 N1[rpm] 540 P1[kW] 23.5 M2[Nm] &#8211; Shaft X 1&#8221; 3\/8 Z6 Shaft Y 1&#8221; 3\/8 Z6 Shaft Z 1&#8221; 3\/8 Z6 Input Z Features of Manure Spreader Gearbox Durable Housing The gearbox features a robust, corrosion-resistant housing, typically made from high-strength materials such as cast iron or aluminum [&hellip;]<\/p>","protected":false},"featured_media":3290,"comment_status":"open","ping_status":"closed","template":"","meta":{"_et_pb_use_builder":"","_et_pb_old_content":"","_et_gb_content_width":""},"product_brand":[],"product_cat":[79],"product_tag":[],"class_list":{"0":"post-3285","1":"product","2":"type-product","3":"status-publish","4":"has-post-thumbnail","6":"product_cat-manure-spreader-gearbox","8":"first","9":"instock","10":"shipping-taxable","11":"product-type-simple"},"_links":{"self":[{"href":"https:\/\/fmp-components.com\/fr\/wp-json\/wp\/v2\/product\/3285","targetHints":{"allow":["GET"]}}],"collection":[{"href":"https:\/\/fmp-components.com\/fr\/wp-json\/wp\/v2\/product"}],"about":[{"href":"https:\/\/fmp-components.com\/fr\/wp-json\/wp\/v2\/types\/product"}],"replies":[{"embeddable":true,"href":"https:\/\/fmp-components.com\/fr\/wp-json\/wp\/v2\/comments?post=3285"}],"wp:featuredmedia":[{"embeddable":true,"href":"https:\/\/fmp-components.com\/fr\/wp-json\/wp\/v2\/media\/3290"}],"wp:attachment":[{"href":"https:\/\/fmp-components.com\/fr\/wp-json\/wp\/v2\/media?parent=3285"}],"wp:term":[{"taxonomy":"product_brand","embeddable":true,"href":"https:\/\/fmp-components.com\/fr\/wp-json\/wp\/v2\/product_brand?post=3285"},{"taxonomy":"product_cat","embeddable":true,"href":"https:\/\/fmp-components.com\/fr\/wp-json\/wp\/v2\/product_cat?post=3285"},{"taxonomy":"product_tag","embeddable":true,"href":"https:\/\/fmp-components.com\/fr\/wp-json\/wp\/v2\/product_tag?post=3285"}],"curies":[{"name":"wp","href":"https:\/\/api.w.org\/{rel}","templated":true}]}}