{"id":3259,"date":"2025-01-06T01:36:46","date_gmt":"2025-01-06T01:36:46","guid":{"rendered":"https:\/\/fmp-components.com\/?page_id=8"},"modified":"2025-01-06T01:36:47","modified_gmt":"2025-01-06T01:36:47","slug":"gearbox-for-agricultural-machinery-700-series","status":"publish","type":"product","link":"https:\/\/fmp-components.com\/fr\/product\/gearbox-for-agricultural-machinery-700-series\/","title":{"rendered":"Bo\u00eete de vitesses pour machines agricoles s\u00e9rie 700"},"content":{"rendered":"<h2>Dessin pour la s\u00e9rie 700<\/h2>\n<p><img loading=\"lazy\" decoding=\"async\" class=\"alignnone  wp-image-3263\" src=\"https:\/\/fmp-components.com\/wp-content\/uploads\/2025\/01\/R700-Spec-1.webp\" alt=\"R700-Spec-1\" width=\"900\" height=\"1126\" title=\"\" srcset=\"https:\/\/fmp-components.com\/wp-content\/uploads\/2025\/01\/R700-Spec-1.webp 900w, https:\/\/fmp-components.com\/wp-content\/uploads\/2025\/01\/R700-Spec-1-480x601.webp 480w\" sizes=\"(min-width: 0px) and (max-width: 480px) 480px, (min-width: 481px) 900px, 100vw\" \/><\/p>\n<h3>Alignement de la rotation de l'arbre pour la s\u00e9rie 700<\/h3>\n<p><img loading=\"lazy\" decoding=\"async\" class=\"alignnone size-full wp-image-3262\" src=\"https:\/\/fmp-components.com\/wp-content\/uploads\/2025\/01\/R700-Rotation.webp\" alt=\"Rotation R700\" width=\"1024\" height=\"345\" title=\"\" srcset=\"https:\/\/fmp-components.com\/wp-content\/uploads\/2025\/01\/R700-Rotation.webp 1024w, https:\/\/fmp-components.com\/wp-content\/uploads\/2025\/01\/R700-Rotation-980x330.webp 980w, https:\/\/fmp-components.com\/wp-content\/uploads\/2025\/01\/R700-Rotation-480x162.webp 480w\" sizes=\"(min-width: 0px) and (max-width: 480px) 480px, (min-width: 481px) and (max-width: 980px) 980px, (min-width: 981px) 1024px, 100vw\" \/><\/p>\n<h3>Tableaux de notation<\/h3>\n<p><img loading=\"lazy\" decoding=\"async\" class=\"alignnone  wp-image-3264\" src=\"https:\/\/fmp-components.com\/wp-content\/uploads\/2025\/01\/R700-rating-charts.webp\" alt=\"tableaux d&#039;\u00e9valuation R700\" width=\"862\" height=\"397\" title=\"\" srcset=\"https:\/\/fmp-components.com\/wp-content\/uploads\/2025\/01\/R700-rating-charts.webp 393w, https:\/\/fmp-components.com\/wp-content\/uploads\/2025\/01\/R700-rating-charts-300x138.webp 300w, https:\/\/fmp-components.com\/wp-content\/uploads\/2025\/01\/R700-rating-charts-18x8.webp 18w\" sizes=\"(max-width: 862px) 100vw, 862px\" \/><\/p>\n<h3>Bo\u00eete de vitesses pour machines agricoles s\u00e9rie 700<\/h3>\n<p><strong>Caract\u00e9ristiques:<\/strong><\/p>\n<ul>\n<li><strong>Bo\u00eetier en aluminium en deux parties<\/strong>Fabriqu\u00e9 en aluminium haute r\u00e9sistance, ce bo\u00eetier assure une qualit\u00e9 sup\u00e9rieure <strong>r\u00e9sistance \u00e0 la corrosion<\/strong> et <strong>capacit\u00e9 thermique<\/strong>ce qui le rend extr\u00eamement r\u00e9sistant aux environnements agricoles exigeants.<\/li>\n<li><strong>Composants usin\u00e9s avec pr\u00e9cision<\/strong>Chaque bo\u00eete de vitesses est usin\u00e9e avec pr\u00e9cision pour garantir un engr\u00e8nement parfait et <strong>pr\u00e9charge des roulements<\/strong>, assurant un fonctionnement fluide et efficace m\u00eame en cas de forte charge.<\/li>\n<li><strong>Engrenages forg\u00e9s<\/strong>La s\u00e9rie 700 est dot\u00e9e d'engrenages forg\u00e9s avec pr\u00e9cision et est propos\u00e9e dans une <strong>Rapport de transmission de 3:1<\/strong>, assurant une excellente transmission du couple et une efficacit\u00e9 op\u00e9rationnelle optimale.<\/li>\n<li><strong>Roulements \u00e0 rouleaux coniques<\/strong>Ces roulements sont con\u00e7us pour am\u00e9liorer <strong>capacit\u00e9 de charge<\/strong> et \u00e9tendre le <strong>dur\u00e9e de vie du roulement<\/strong>, garantissant des performances prolong\u00e9es m\u00eame dans des environnements \u00e0 fortes contraintes.<\/li>\n<li><strong>Arbres en acier haute r\u00e9sistance<\/strong>: Le <strong>arbre d'entr\u00e9e de 1,75\u2033<\/strong> et <strong>arbre de sortie de 2,75 pouces<\/strong> sont fabriqu\u00e9es en acier haute r\u00e9sistance, garantissant robustesse et fiabilit\u00e9 pour les applications intensives.<\/li>\n<li><strong>Lubrifiant pour engrenages 80W90<\/strong>: Rempli de haute qualit\u00e9 <strong>lubrifiant pour engrenages 80W90<\/strong>La bo\u00eete de vitesses est minutieusement test\u00e9e pour d\u00e9tecter les fuites avant l'exp\u00e9dition, garantissant ainsi un fonctionnement optimal d\u00e8s le premier jour.<\/li>\n<li><strong>Test d'\u00e9tanch\u00e9it\u00e9<\/strong>Chaque unit\u00e9 est soumise \u00e0 un test d'\u00e9tanch\u00e9it\u00e9 complet afin de garantir une absence totale de fuites, assurant ainsi sa fiabilit\u00e9 et r\u00e9duisant les besoins de maintenance au fil du temps.<\/li>\n<li><strong>Poids<\/strong>La bo\u00eete de vitesses de la s\u00e9rie 700 p\u00e8se environ <strong>120 livres<\/strong>, y compris le lubrifiant, ce qui le rend robuste et capable de g\u00e9rer les t\u00e2ches les plus difficiles des machines agricoles.<\/li>\n<\/ul>\n<h3>Avantages suppl\u00e9mentaires\u00a0:<\/h3>\n<ul>\n<li><strong>Gestion thermique optimale<\/strong>Le bo\u00eetier en aluminium offre non seulement une grande robustesse, mais contribue \u00e9galement \u00e0 dissiper efficacement la chaleur, assurant ainsi des performances constantes m\u00eame lors d'une utilisation prolong\u00e9e dans des conditions difficiles.<\/li>\n<li><strong>Durabilit\u00e9 et long\u00e9vit\u00e9<\/strong>Con\u00e7ue pour les applications agricoles continues \u00e0 charge \u00e9lev\u00e9e, la s\u00e9rie 700 est construite pour r\u00e9sister aux environnements op\u00e9rationnels difficiles, garantissant une dur\u00e9e de vie plus longue et un temps d'arr\u00eat minimal.<\/li>\n<li><strong>L'efficacit\u00e9 \u00e0 grande \u00e9chelle<\/strong>Le rapport de transmission de 3:1 est id\u00e9al pour les machines agricoles de grande taille, garantissant une efficacit\u00e9 maximale de la bo\u00eete de vitesses et un transfert de puissance efficace pour des op\u00e9rations optimales sur le terrain.<\/li>\n<\/ul>\n<p>La bo\u00eete de vitesses de la s\u00e9rie 700 est con\u00e7ue pour offrir une fiabilit\u00e9, des performances et une durabilit\u00e9 exceptionnelles, m\u00eame dans les conditions agricoles les plus exigeantes. Que vous utilisiez de gros tracteurs, des moissonneuses-batteuses ou d'autres machines agricoles lourdes, la s\u00e9rie 700 vous apporte la puissance et l'endurance n\u00e9cessaires \u00e0 un fonctionnement efficace et une fiabilit\u00e9 \u00e0 long terme.<\/p>\n<h3>\u00c0 propos de FMP<\/h3>\n<p>Bas\u00e9e en Italie, FMP est un fabricant renomm\u00e9 pour son expertise dans la conception, le d\u00e9veloppement et la production de r\u00e9ducteurs haute performance, notamment pour le secteur des machines agricoles. Reconnue pour son ing\u00e9nierie de pr\u00e9cision, ses solutions innovantes et sa fiabilit\u00e9 \u00e0 toute \u00e9preuve, FMP s'est forg\u00e9e une solide r\u00e9putation de partenaire de confiance sur les march\u00e9s agricoles et industriels. Notre gamme compl\u00e8te comprend des r\u00e9ducteurs sur mesure pour tondeuses \u00e0 gazon, des arbres de prise de force et un large \u00e9ventail d'autres composants essentiels, tous con\u00e7us avec soin pour r\u00e9pondre aux exigences sp\u00e9cifiques de diverses applications.<\/p>\n<p>Chez FMP, nous savons que chaque client est confront\u00e9 \u00e0 des d\u00e9fis uniques, et c'est ce qui motive notre engagement \u00e0 fournir des solutions sur mesure. Qu'il s'agisse d'un composant simple ou d'un syst\u00e8me int\u00e9gr\u00e9 complet, nous collaborons \u00e9troitement avec nos clients pour garantir que chaque solution r\u00e9ponde \u00e0 leurs exigences, am\u00e9liore leurs performances et optimise leur retour sur investissement. Notre engagement \u00e0 fournir des r\u00e9ponses rapides et professionnelles ainsi qu'un accompagnement expert assure un traitement pr\u00e9cis de chaque demande, pour des r\u00e9sultats optimaux.<\/p>\n<p>Nous accordons une importance capitale \u00e0 une communication transparente et continue tout au long du processus de d\u00e9veloppement produit. Notre \u00e9quipe d\u00e9di\u00e9e travaille en \u00e9troite collaboration avec nos clients afin de bien comprendre leurs besoins, leur apportant des analyses pertinentes et des recommandations concr\u00e8tes pour garantir les meilleurs r\u00e9sultats possibles. Qu'il s'agisse de concevoir des produits innovants ou d'ex\u00e9cuter des commandes courantes, FMP s'engage \u00e0 fournir des solutions de haute qualit\u00e9 et d'une grande pr\u00e9cision, dans les d\u00e9lais impartis, syst\u00e9matiquement. Notre objectif est de d\u00e9passer les attentes de nos clients en leur offrant un service exceptionnel et des r\u00e9sultats remarquables pour chaque projet.<\/p>\n<p>Au c\u0153ur des activit\u00e9s de FMP r\u00e9side un engagement ind\u00e9fectible envers la qualit\u00e9. Nous respectons les normes de fabrication les plus exigeantes et mettons en \u0153uvre des processus de contr\u00f4le qualit\u00e9 rigoureux afin de garantir que chaque produit non seulement r\u00e9ponde aux normes de l'industrie, mais les surpasse. Cet engagement envers l'excellence, conjugu\u00e9 \u00e0 nos valeurs fondamentales d'int\u00e9grit\u00e9, de travail d'\u00e9quipe et de pers\u00e9v\u00e9rance, nous a permis de b\u00e2tir des relations durables et de confiance avec des clients dans pr\u00e8s de 30 pays \u00e0 travers le monde.<\/p>\n<p>FMP s'engage \u00e0 d\u00e9velopper des partenariats internationaux en offrant des conseils d'experts et des solutions personnalis\u00e9es qui \u00e9voluent au rythme des besoins de ses clients. Nous nous effor\u00e7ons de b\u00e2tir des relations durables et mutuellement avantageuses, gages de la r\u00e9ussite de chaque projet. Que vous recherchiez des solutions innovantes pour une nouvelle initiative ou un soutien continu pour un syst\u00e8me existant, FMP est l\u00e0 pour vous aider \u00e0 relever les d\u00e9fis techniques et \u00e0 assurer votre succ\u00e8s.<\/p>\n<p><img loading=\"lazy\" decoding=\"async\" class=\"alignnone wp-image-2695\" src=\"https:\/\/fmp-components.com\/wp-content\/uploads\/2025\/01\/agricultural-gearbox3.webp\" alt=\"bo\u00eete de vitesses agricole\" width=\"1140\" height=\"1138\" title=\"\" srcset=\"https:\/\/fmp-components.com\/wp-content\/uploads\/2025\/01\/agricultural-gearbox3.webp 1140w, https:\/\/fmp-components.com\/wp-content\/uploads\/2025\/01\/agricultural-gearbox3-480x479.webp 480w\" sizes=\"(min-width: 0px) and (max-width: 480px) 480px, (min-width: 481px) 1140px, 100vw\" \/><\/p>\n<p>Auteur : CX<\/p>","protected":false},"excerpt":{"rendered":"<p>Drawing For 700 Series Shaft Rotation Alignment For 700 Series Rating Charts Gearbox for Agricultural Machinery 700 Series Features: Two-Piece Aluminum Housing: Constructed with high-strength aluminum, this housing ensures superior corrosion resistance and thermal capacity, making it highly durable for demanding agricultural environments. Precision Machined Components: Each gearbox is precision-machined to guarantee perfect gear meshing [&hellip;]<\/p>","protected":false},"featured_media":3260,"comment_status":"open","ping_status":"closed","template":"","meta":{"_et_pb_use_builder":"","_et_pb_old_content":"","_et_gb_content_width":""},"product_brand":[],"product_cat":[78],"product_tag":[],"class_list":{"0":"post-3259","1":"product","2":"type-product","3":"status-publish","4":"has-post-thumbnail","6":"product_cat-gearbox-for-agricultural-machinery","8":"first","9":"instock","10":"shipping-taxable","11":"product-type-simple"},"_links":{"self":[{"href":"https:\/\/fmp-components.com\/fr\/wp-json\/wp\/v2\/product\/3259","targetHints":{"allow":["GET"]}}],"collection":[{"href":"https:\/\/fmp-components.com\/fr\/wp-json\/wp\/v2\/product"}],"about":[{"href":"https:\/\/fmp-components.com\/fr\/wp-json\/wp\/v2\/types\/product"}],"replies":[{"embeddable":true,"href":"https:\/\/fmp-components.com\/fr\/wp-json\/wp\/v2\/comments?post=3259"}],"wp:featuredmedia":[{"embeddable":true,"href":"https:\/\/fmp-components.com\/fr\/wp-json\/wp\/v2\/media\/3260"}],"wp:attachment":[{"href":"https:\/\/fmp-components.com\/fr\/wp-json\/wp\/v2\/media?parent=3259"}],"wp:term":[{"taxonomy":"product_brand","embeddable":true,"href":"https:\/\/fmp-components.com\/fr\/wp-json\/wp\/v2\/product_brand?post=3259"},{"taxonomy":"product_cat","embeddable":true,"href":"https:\/\/fmp-components.com\/fr\/wp-json\/wp\/v2\/product_cat?post=3259"},{"taxonomy":"product_tag","embeddable":true,"href":"https:\/\/fmp-components.com\/fr\/wp-json\/wp\/v2\/product_tag?post=3259"}],"curies":[{"name":"wp","href":"https:\/\/api.w.org\/{rel}","templated":true}]}}