{"id":3253,"date":"2025-01-06T01:10:21","date_gmt":"2025-01-06T01:10:21","guid":{"rendered":"https:\/\/fmp-components.com\/?page_id=8"},"modified":"2025-01-06T01:15:31","modified_gmt":"2025-01-06T01:15:31","slug":"gearbox-for-agricultural-machinery-600-series","status":"publish","type":"product","link":"https:\/\/fmp-components.com\/fr\/product\/gearbox-for-agricultural-machinery-600-series\/","title":{"rendered":"Bo\u00eete de vitesses pour machines agricoles s\u00e9rie 600"},"content":{"rendered":"<h2>Tableau de notation<\/h2>\n<p><img loading=\"lazy\" decoding=\"async\" class=\"alignnone wp-image-3255\" src=\"https:\/\/fmp-components.com\/wp-content\/uploads\/2025\/01\/R600-rating-charts.webp\" alt=\"Tableaux de notation R600\" width=\"844\" height=\"1536\" title=\"\" srcset=\"https:\/\/fmp-components.com\/wp-content\/uploads\/2025\/01\/R600-rating-charts.webp 339w, https:\/\/fmp-components.com\/wp-content\/uploads\/2025\/01\/R600-rating-charts-165x300.webp 165w, https:\/\/fmp-components.com\/wp-content\/uploads\/2025\/01\/R600-rating-charts-7x12.webp 7w\" sizes=\"(max-width: 844px) 100vw, 844px\" \/><\/p>\n<h3>Dessin pour la s\u00e9rie 600<\/h3>\n<p><img loading=\"lazy\" decoding=\"async\" class=\"alignnone wp-image-3254\" src=\"https:\/\/fmp-components.com\/wp-content\/uploads\/2025\/01\/600drawing.webp\" alt=\"600dessin\" width=\"889\" height=\"1149\" title=\"\" srcset=\"https:\/\/fmp-components.com\/wp-content\/uploads\/2025\/01\/600drawing.webp 889w, https:\/\/fmp-components.com\/wp-content\/uploads\/2025\/01\/600drawing-480x621.webp 480w\" sizes=\"(min-width: 0px) and (max-width: 480px) 480px, (min-width: 481px) 889px, 100vw\" \/><\/p>\n<h3>Alignement de la rotation de l'arbre pour la s\u00e9rie 600<\/h3>\n<p><img loading=\"lazy\" decoding=\"async\" class=\"alignnone size-full wp-image-3257\" src=\"https:\/\/fmp-components.com\/wp-content\/uploads\/2025\/01\/R400-600Rotation.webp\" alt=\"Rotation R400-600\" width=\"1024\" height=\"384\" title=\"\" srcset=\"https:\/\/fmp-components.com\/wp-content\/uploads\/2025\/01\/R400-600Rotation.webp 1024w, https:\/\/fmp-components.com\/wp-content\/uploads\/2025\/01\/R400-600Rotation-980x368.webp 980w, https:\/\/fmp-components.com\/wp-content\/uploads\/2025\/01\/R400-600Rotation-480x180.webp 480w\" sizes=\"(min-width: 0px) and (max-width: 480px) 480px, (min-width: 481px) and (max-width: 980px) 980px, (min-width: 981px) 1024px, 100vw\" \/><\/p>\n<h3>Caract\u00e9ristiques principales des r\u00e9ducteurs pour machines agricoles \u2013 S\u00e9rie 600<\/h3>\n<p>Le r\u00e9ducteur s\u00e9rie 600 est con\u00e7u pour les applications agricoles exigeantes et offre des performances et une durabilit\u00e9 exceptionnelles. Dot\u00e9 d'un carter robuste en aluminium deux pi\u00e8ces, ce r\u00e9ducteur offre une robustesse, une r\u00e9sistance \u00e0 la corrosion et une capacit\u00e9 thermique sup\u00e9rieures, garantissant un fonctionnement fiable m\u00eame dans des conditions difficiles. Qu'il soit utilis\u00e9 sur des machines agricoles ou d'autres \u00e9quipements lourds, ce r\u00e9ducteur est con\u00e7u pour une fiabilit\u00e9 et une efficacit\u00e9 \u00e0 long terme.<\/p>\n<ul>\n<li><strong>Bo\u00eetier en aluminium en deux parties<\/strong>Le bo\u00eetier est fabriqu\u00e9 en aluminium de haute qualit\u00e9, alliant robustesse et l\u00e9g\u00e8ret\u00e9. R\u00e9sistant \u00e0 la corrosion et dot\u00e9 d'une capacit\u00e9 thermique \u00e9lev\u00e9e, il est id\u00e9al pour les longues p\u00e9riodes d'utilisation et les environnements difficiles.<\/li>\n<li><strong>Composants usin\u00e9s avec pr\u00e9cision<\/strong>Chaque composant, y compris les engrenages et les roulements, est usin\u00e9 avec pr\u00e9cision pour garantir un engr\u00e8nement et une pr\u00e9charge pr\u00e9cis des roulements, minimisant ainsi les frottements et l'usure. Cela am\u00e9liore la long\u00e9vit\u00e9 et les performances du r\u00e9ducteur.<\/li>\n<li><strong>Large gamme de rapports de d\u00e9multiplication<\/strong>:La bo\u00eete de vitesses est livr\u00e9e avec six rapports de d\u00e9multiplication forg\u00e9s avec pr\u00e9cision :\n<ul>\n<li>1:1<\/li>\n<li>1.18:1<\/li>\n<li>1.35:1<\/li>\n<li>1.5:1<\/li>\n<li>1.86:1<\/li>\n<li>2:1 Cette vari\u00e9t\u00e9 offre une certaine flexibilit\u00e9, permettant de personnaliser la bo\u00eete de vitesses en fonction des exigences sp\u00e9cifiques de transmission de puissance de diff\u00e9rentes machines agricoles.<\/li>\n<\/ul>\n<\/li>\n<li><strong>Roulements \u00e0 rouleaux coniques<\/strong>\u00c9quip\u00e9 de roulements \u00e0 rouleaux coniques, le r\u00e9ducteur offre une capacit\u00e9 de charge accrue et prolonge la dur\u00e9e de vie des roulements, m\u00eame dans les conditions d'utilisation les plus exigeantes. Cette caract\u00e9ristique contribue \u00e0 r\u00e9duire les temps d'arr\u00eat et les co\u00fbts de maintenance.<\/li>\n<li><strong>Arbre en acier \u00e0 haute r\u00e9sistance<\/strong>:L'arbre de 1,75\u2033 est fabriqu\u00e9 en acier haute r\u00e9sistance, offrant une durabilit\u00e9 et une r\u00e9silience sup\u00e9rieures pour r\u00e9sister \u00e0 de lourdes charges et \u00e0 des conditions difficiles, garantissant des performances stables dans le temps.<\/li>\n<li><strong>Lubrification et tests<\/strong>La bo\u00eete de vitesses est pr\u00e9remplie de lubrifiant pour engrenages 80W90 pour une lubrification optimale et une r\u00e9duction de l'usure en fonctionnement. Elle est \u00e9galement soumise \u00e0 des tests d'\u00e9tanch\u00e9it\u00e9 avant exp\u00e9dition afin de garantir sa fiabilit\u00e9 et de pr\u00e9venir d'\u00e9ventuels probl\u00e8mes de fonctionnement.<\/li>\n<li><strong>Poids<\/strong>:La s\u00e9rie 600 p\u00e8se entre 60 et 70 livres<strong>.<\/strong>, y compris l'huile, offrant un poids \u00e9quilibr\u00e9 pour une installation facile et un support robuste pour les machines agricoles lourdes.<\/li>\n<\/ul>\n<p>La bo\u00eete de vitesses s\u00e9rie 600 est parfaitement adapt\u00e9e \u00e0 une large gamme de machines agricoles, telles que les moissonneuses-batteuses, les charrues et les tracteurs. Sa capacit\u00e9 de charge \u00e9lev\u00e9e et sa conception de pr\u00e9cision lui permettent de r\u00e9pondre aux exigences rigoureuses des exploitations agricoles modernes, garantissant des performances et une long\u00e9vit\u00e9 optimales pour les \u00e9quipements critiques.<\/p>\n<p>Gr\u00e2ce \u00e0 sa conception robuste, ses rapports de d\u00e9multiplication polyvalents et ses composants de qualit\u00e9 sup\u00e9rieure, la bo\u00eete de vitesses s\u00e9rie 600 s'impose comme un choix fiable pour les machines agricoles. Con\u00e7ue pour r\u00e9sister aux conditions de travail difficiles tout en offrant une transmission de puissance efficace, elle est un composant essentiel pour tous ceux qui recherchent des bo\u00eetes de vitesses durables et performantes dans le secteur agricole.<\/p>\n<h3>\u00c0 propos de FMP<\/h3>\n<p>Bas\u00e9 en Italie, FMP est un fabricant leader reconnu pour son expertise dans la conception, le d\u00e9veloppement et la production de bo\u00eetes de vitesses hautes performances, plus particuli\u00e8rement pour le secteur des machines agricoles. FMP s'est forg\u00e9 une solide r\u00e9putation gr\u00e2ce \u00e0 son ing\u00e9nierie de pr\u00e9cision, ses solutions innovantes et sa fiabilit\u00e9 \u00e0 toute \u00e9preuve, s'imposant comme un partenaire de confiance pour les march\u00e9s agricoles et industriels. Notre vaste gamme comprend des bo\u00eetes de vitesses sur mesure pour tondeuses \u00e0 gazon, des arbres de prise de force et d'autres composants essentiels, chacune \u00e9tant soigneusement con\u00e7ue pour r\u00e9pondre aux exigences pr\u00e9cises d'une vari\u00e9t\u00e9 d'applications.<\/p>\n<p>Chez FMP, nous comprenons que chaque client est confront\u00e9 \u00e0 des d\u00e9fis sp\u00e9cifiques. Cette compr\u00e9hension motive notre engagement \u00e0 fournir des solutions sur mesure, qu'il s'agisse de composants individuels ou de syst\u00e8mes enti\u00e8rement int\u00e9gr\u00e9s. En collaborant \u00e9troitement avec nos clients, nous garantissons que chaque solution r\u00e9ponde parfaitement \u00e0 leurs exigences et optimise leurs performances et leur valeur. Notre engagement \u00e0 fournir des r\u00e9ponses rapides et professionnelles et des conseils d'experts garantit un traitement pr\u00e9cis de chaque demande, pour des r\u00e9sultats optimaux \u00e0 chaque fois.<\/p>\n<p>Nous accordons une grande importance \u00e0 une communication transparente et continue \u00e0 chaque \u00e9tape du cycle de d\u00e9veloppement produit. Notre \u00e9quipe d\u00e9di\u00e9e travaille en \u00e9troite collaboration avec nos clients pour comprendre parfaitement leurs besoins, leur offrant des conseils pr\u00e9cieux et des recommandations d'experts pour garantir les meilleurs r\u00e9sultats. Qu'il s'agisse de concevoir des produits de pointe ou d'ex\u00e9cuter des commandes courantes, FMP s'engage \u00e0 fournir des solutions de haute qualit\u00e9, con\u00e7ues avec pr\u00e9cision et dans les d\u00e9lais impartis. Notre objectif est de toujours d\u00e9passer les attentes de nos clients en offrant un service exceptionnel et en obtenant des r\u00e9sultats exceptionnels pour chaque projet.<\/p>\n<p>Au c\u0153ur des activit\u00e9s de FMP se trouve un engagement ind\u00e9fectible envers la qualit\u00e9. Nous adh\u00e9rons aux normes de fabrication les plus strictes et mettons en \u0153uvre des processus de contr\u00f4le qualit\u00e9 rigoureux afin de garantir que chaque produit respecte et d\u00e9passe les normes du secteur. Cet engagement envers l'excellence, alli\u00e9 \u00e0 nos valeurs fondamentales d'int\u00e9grit\u00e9, d'esprit d'\u00e9quipe et de pers\u00e9v\u00e9rance, nous a permis de forger des relations de confiance durables avec des clients dans pr\u00e8s de 30 pays \u00e0 travers le monde.<\/p>\n<p>FMP s'engage \u00e0 favoriser les partenariats mondiaux en offrant des conseils d'experts et des solutions personnalis\u00e9es qui r\u00e9pondent aux besoins \u00e9volutifs de ses clients. Nous nous effor\u00e7ons de b\u00e2tir des relations durables et mutuellement b\u00e9n\u00e9fiques, contribuant ainsi \u00e0 la r\u00e9ussite de chaque projet. Que vous recherchiez des solutions innovantes pour une nouvelle initiative ou un support continu pour un syst\u00e8me existant, FMP est l\u00e0 pour vous aider \u00e0 relever les d\u00e9fis techniques et \u00e0 assurer votre r\u00e9ussite durable.<\/p>\n<p><img loading=\"lazy\" decoding=\"async\" class=\"alignnone wp-image-2695\" src=\"https:\/\/fmp-components.com\/wp-content\/uploads\/2025\/01\/agricultural-gearbox3.webp\" alt=\"bo\u00eete de vitesses agricole\" width=\"1140\" height=\"1138\" title=\"\" srcset=\"https:\/\/fmp-components.com\/wp-content\/uploads\/2025\/01\/agricultural-gearbox3.webp 1140w, https:\/\/fmp-components.com\/wp-content\/uploads\/2025\/01\/agricultural-gearbox3-480x479.webp 480w\" sizes=\"(min-width: 0px) and (max-width: 480px) 480px, (min-width: 481px) 1140px, 100vw\" \/><\/p>\n<p>Auteur : CX<\/p>","protected":false},"excerpt":{"rendered":"<p>Rating Chart Drawing For 600 Series Shaft Rotation Alignment For 600 Series Key Features of Gearbox for Agricultural Machinery &#8211; 600 Series The 600 Series Gearbox is engineered for demanding agricultural applications, designed to deliver exceptional performance and durability. Built with a robust two-piece aluminum housing, this gearbox offers superior strength, corrosion resistance, and thermal [&hellip;]<\/p>","protected":false},"featured_media":3258,"comment_status":"open","ping_status":"closed","template":"","meta":{"_et_pb_use_builder":"","_et_pb_old_content":"","_et_gb_content_width":""},"product_brand":[],"product_cat":[78],"product_tag":[],"class_list":{"0":"post-3253","1":"product","2":"type-product","3":"status-publish","4":"has-post-thumbnail","6":"product_cat-gearbox-for-agricultural-machinery","8":"first","9":"instock","10":"shipping-taxable","11":"product-type-simple"},"_links":{"self":[{"href":"https:\/\/fmp-components.com\/fr\/wp-json\/wp\/v2\/product\/3253","targetHints":{"allow":["GET"]}}],"collection":[{"href":"https:\/\/fmp-components.com\/fr\/wp-json\/wp\/v2\/product"}],"about":[{"href":"https:\/\/fmp-components.com\/fr\/wp-json\/wp\/v2\/types\/product"}],"replies":[{"embeddable":true,"href":"https:\/\/fmp-components.com\/fr\/wp-json\/wp\/v2\/comments?post=3253"}],"wp:featuredmedia":[{"embeddable":true,"href":"https:\/\/fmp-components.com\/fr\/wp-json\/wp\/v2\/media\/3258"}],"wp:attachment":[{"href":"https:\/\/fmp-components.com\/fr\/wp-json\/wp\/v2\/media?parent=3253"}],"wp:term":[{"taxonomy":"product_brand","embeddable":true,"href":"https:\/\/fmp-components.com\/fr\/wp-json\/wp\/v2\/product_brand?post=3253"},{"taxonomy":"product_cat","embeddable":true,"href":"https:\/\/fmp-components.com\/fr\/wp-json\/wp\/v2\/product_cat?post=3253"},{"taxonomy":"product_tag","embeddable":true,"href":"https:\/\/fmp-components.com\/fr\/wp-json\/wp\/v2\/product_tag?post=3253"}],"curies":[{"name":"wp","href":"https:\/\/api.w.org\/{rel}","templated":true}]}}