{"id":3241,"date":"2025-01-06T00:37:34","date_gmt":"2025-01-06T00:37:34","guid":{"rendered":"https:\/\/fmp-components.com\/?page_id=8"},"modified":"2025-01-06T06:53:06","modified_gmt":"2025-01-06T06:53:06","slug":"gearbox-for-agricultural-machinery-200-series","status":"publish","type":"product","link":"https:\/\/fmp-components.com\/fr\/product\/gearbox-for-agricultural-machinery-200-series\/","title":{"rendered":"Bo\u00eete de vitesses pour machines agricoles s\u00e9rie 200"},"content":{"rendered":"<h2>Tableau de notation<\/h2>\n<p><img loading=\"lazy\" decoding=\"async\" class=\"alignnone wp-image-3245\" src=\"https:\/\/fmp-components.com\/wp-content\/uploads\/2025\/01\/R200-rating-charts.webp\" alt=\"tableaux de notation R200\" width=\"917\" height=\"863\" title=\"\" srcset=\"https:\/\/fmp-components.com\/wp-content\/uploads\/2025\/01\/R200-rating-charts.webp 441w, https:\/\/fmp-components.com\/wp-content\/uploads\/2025\/01\/R200-rating-charts-300x282.webp 300w, https:\/\/fmp-components.com\/wp-content\/uploads\/2025\/01\/R200-rating-charts-13x12.webp 13w\" sizes=\"(max-width: 917px) 100vw, 917px\" \/><\/p>\n<h3>Dessin pour la s\u00e9rie 200<\/h3>\n<p><img loading=\"lazy\" decoding=\"async\" class=\"wp-image-3246 alignnone\" src=\"https:\/\/fmp-components.com\/wp-content\/uploads\/2025\/01\/200drawing.webp\" alt=\"200 dessins\" width=\"876\" height=\"1134\" title=\"\" srcset=\"https:\/\/fmp-components.com\/wp-content\/uploads\/2025\/01\/200drawing.webp 876w, https:\/\/fmp-components.com\/wp-content\/uploads\/2025\/01\/200drawing-480x621.webp 480w\" sizes=\"(min-width: 0px) and (max-width: 480px) 480px, (min-width: 481px) 876px, 100vw\" \/><\/p>\n<h3>Alignement de la rotation de l'arbre pour la s\u00e9rie 200<\/h3>\n<p><img loading=\"lazy\" decoding=\"async\" class=\"alignnone wp-image-3247\" src=\"https:\/\/fmp-components.com\/wp-content\/uploads\/2025\/01\/100shaft-1.webp\" alt=\"100 arbres\" width=\"842\" height=\"255\" title=\"\" srcset=\"https:\/\/fmp-components.com\/wp-content\/uploads\/2025\/01\/100shaft-1.webp 360w, https:\/\/fmp-components.com\/wp-content\/uploads\/2025\/01\/100shaft-1-300x91.webp 300w, https:\/\/fmp-components.com\/wp-content\/uploads\/2025\/01\/100shaft-1-18x5.webp 18w\" sizes=\"(max-width: 842px) 100vw, 842px\" \/><\/p>\n<h3>Bo\u00eete de vitesses s\u00e9rie 200 pour machines agricoles<\/h3>\n<p>La bo\u00eete de vitesses de la s\u00e9rie 200 est con\u00e7ue pour r\u00e9pondre aux exigences \u00e9lev\u00e9es des machines agricoles, offrant des performances robustes, une durabilit\u00e9 accrue et un excellent rendement. Destin\u00e9e \u00e0 une large gamme d'applications agricoles, cette bo\u00eete de vitesses allie une ing\u00e9nierie de pr\u00e9cision \u00e0 des mat\u00e9riaux de haute qualit\u00e9 pour garantir une fiabilit\u00e9 sup\u00e9rieure m\u00eame dans des conditions difficiles.<\/p>\n<h4>Caract\u00e9ristiques:<\/h4>\n<ul>\n<li><strong>Bo\u00eetier en aluminium en deux parties<\/strong>Fabriqu\u00e9 en aluminium durable et l\u00e9ger, le bo\u00eetier en deux parties offre <strong>force exceptionnelle<\/strong>, <strong>r\u00e9sistance \u00e0 la corrosion<\/strong>, et <strong>capacit\u00e9 thermique<\/strong>ce qui le rend parfaitement adapt\u00e9 aux environnements agricoles o\u00f9 l'exposition \u00e0 des conditions difficiles est fr\u00e9quente.<\/li>\n<li><strong>Usinage de pr\u00e9cision<\/strong>La bo\u00eete de vitesses est <strong>usin\u00e9 avec pr\u00e9cision<\/strong> Ce processus m\u00e9ticuleux garantit un engr\u00e8nement parfait et une pr\u00e9charge optimale des roulements, optimisant ainsi le rendement et r\u00e9duisant l'usure. Il assure un fonctionnement fiable et silencieux sur de longues p\u00e9riodes.<\/li>\n<li><strong>Engrenages forg\u00e9s \u00e0 rapports multiples<\/strong>La bo\u00eete de vitesses de la s\u00e9rie 200 est \u00e9quip\u00e9e de <strong>engrenages forg\u00e9s avec pr\u00e9cision<\/strong> disponible en trois ratios : <strong>1:1<\/strong>, <strong>1.5:1<\/strong>, et <strong>2:1<\/strong>, permettant une grande flexibilit\u00e9 dans diverses applications, assurant le juste \u00e9quilibre entre vitesse et couple pour diff\u00e9rentes t\u00e2ches agricoles.<\/li>\n<li><strong>Roulements \u00e0 rouleaux coniques<\/strong>: <strong>Roulements \u00e0 rouleaux coniques<\/strong> sont int\u00e9gr\u00e9es \u00e0 la conception pour offrir une plus grande <strong>capacit\u00e9 de charge<\/strong> et <strong>dur\u00e9e de vie des roulements prolong\u00e9e<\/strong>, garantissant un fonctionnement stable et une grande durabilit\u00e9, m\u00eame sous de lourdes charges et des contraintes \u00e9lev\u00e9es.<\/li>\n<li><strong>Tige haute r\u00e9sistance de 1 pouce<\/strong>La bo\u00eete de vitesses est dot\u00e9e d'un <strong>arbre de 1 pouce<\/strong> fabriqu\u00e9 \u00e0 partir de <strong>acier \u00e0 haute r\u00e9sistance<\/strong>Con\u00e7ue pour supporter les rigueurs des op\u00e9rations agricoles, elle offre la robustesse et la fiabilit\u00e9 n\u00e9cessaires pour fonctionner dans des environnements difficiles.<\/li>\n<li><strong>Lubrification et contr\u00f4le d'\u00e9tanch\u00e9it\u00e9<\/strong>: Pr\u00e9-rempli de <strong>lubrifiant pour engrenages 80W90<\/strong>, chaque bo\u00eete de vitesses est minutieusement inspect\u00e9e <strong>test\u00e9 pour l'\u00e9tanch\u00e9it\u00e9<\/strong> avant l'exp\u00e9dition, afin de garantir une \u00e9tanch\u00e9it\u00e9 parfaite et un fonctionnement sans probl\u00e8me d\u00e8s le d\u00e9part.<\/li>\n<li><strong>Poids<\/strong>La s\u00e9rie 200 p\u00e8se environ <strong>12 \u00e0 15 livres.<\/strong>, y compris l'huile, offrant un \u00e9quilibre entre robustesse et l\u00e9g\u00e8ret\u00e9 afin de minimiser la charge sur les \u00e9quipements agricoles.<\/li>\n<\/ul>\n<p>La bo\u00eete de vitesses de la s\u00e9rie 200 est une solution extr\u00eamement polyvalente pour les machines agricoles, offrant une excellente transmission de puissance, une grande durabilit\u00e9 et des besoins d'entretien minimaux. Que ce soit pour le labour, la r\u00e9colte ou d'autres applications agricoles, la s\u00e9rie 200 garantit un fonctionnement fluide et efficace en toutes circonstances.<\/p>\n<p>Pour toute exigence particuli\u00e8re ou solution personnalis\u00e9e, FMP vous propose des conseils d'experts et des solutions sur mesure. Optimisez les performances de votre mat\u00e9riel agricole gr\u00e2ce \u00e0 la bo\u00eete de vitesses adapt\u00e9e \u00e0 vos besoins.<\/p>\n<h2>\u00c0 propos de FMP<\/h2>\n<p>Bas\u00e9e en Italie, FMP est un leader reconnu dans la conception, le d\u00e9veloppement et la fabrication de r\u00e9ducteurs haute performance, avec une expertise particuli\u00e8re dans le secteur des machines agricoles. Forte de son engagement envers l'ing\u00e9nierie de pr\u00e9cision, les solutions innovantes et une fiabilit\u00e9 constante, FMP s'est impos\u00e9e comme un partenaire de confiance dans les secteurs agricole et industriel. Sa gamme de produits diversifi\u00e9e comprend des r\u00e9ducteurs sur mesure pour tondeuses \u00e0 gazon, des arbres de prise de force et d'autres composants essentiels, tous con\u00e7us avec soin pour r\u00e9pondre aux exigences sp\u00e9cifiques d'une large gamme d'applications.<\/p>\n<p>Chez FMP, nous savons que chaque client a des exigences et des d\u00e9fis sp\u00e9cifiques. C'est pourquoi nous nous attachons \u00e0 fournir des solutions sur mesure, qu'il s'agisse de composants individuels ou de syst\u00e8mes enti\u00e8rement int\u00e9gr\u00e9s. En collaborant \u00e9troitement avec nos clients, nous veillons \u00e0 ce que chaque solution soit parfaitement adapt\u00e9e \u00e0 leurs besoins, optimisant ainsi les performances et maximisant la valeur. Notre engagement \u00e0 fournir des r\u00e9ponses rapides, des conseils professionnels et une expertise dans l'ex\u00e9cution garantit que chaque projet est g\u00e9r\u00e9 avec pr\u00e9cision, permettant d'obtenir syst\u00e9matiquement les meilleurs r\u00e9sultats possibles.<\/p>\n<p>Nous accordons une importance primordiale \u00e0 une communication claire et continue tout au long du processus de d\u00e9veloppement produit. Notre \u00e9quipe d\u00e9di\u00e9e travaille en \u00e9troite collaboration avec les clients afin de bien comprendre leurs besoins, leur apportant des conseils et des recommandations pr\u00e9cieux pour des r\u00e9sultats optimaux. Qu'il s'agisse de concevoir des produits de pointe ou d'honorer des commandes r\u00e9guli\u00e8res, FMP s'engage \u00e0 fournir syst\u00e9matiquement des solutions de haute qualit\u00e9 et d'une grande pr\u00e9cision, dans les d\u00e9lais impartis. Notre objectif est de d\u00e9passer les attentes de nos clients en leur offrant un service et des r\u00e9sultats exceptionnels pour chaque projet.<\/p>\n<p>Chez FMP, la qualit\u00e9 est au c\u0153ur de nos valeurs. Nous respectons les normes les plus exigeantes du secteur et mettons en \u0153uvre des processus de contr\u00f4le qualit\u00e9 rigoureux afin de garantir que chaque produit non seulement r\u00e9ponde aux normes, mais les surpasse. Cet engagement envers l'excellence, conjugu\u00e9 \u00e0 nos valeurs fondamentales d'int\u00e9grit\u00e9, de travail d'\u00e9quipe et de pers\u00e9v\u00e9rance, nous a permis de tisser des relations de confiance durables avec nos clients dans pr\u00e8s de 30 pays \u00e0 travers le monde.<\/p>\n<p>FMP s'engage \u00e0 d\u00e9velopper des partenariats internationaux en proposant des conseils d'experts et des solutions sur mesure qui \u00e9voluent au rythme des besoins de ses clients. Notre objectif est de b\u00e2tir des relations durables et mutuellement avantageuses, gages de la r\u00e9ussite de chaque projet. Que vous ayez besoin de solutions innovantes pour une nouvelle initiative ou d'un support continu pour un syst\u00e8me existant, FMP s'engage \u00e0 vous accompagner dans la r\u00e9solution de vos d\u00e9fis techniques et \u00e0 assurer votre succ\u00e8s.<\/p>\n<p><img loading=\"lazy\" decoding=\"async\" class=\"alignnone wp-image-2695\" src=\"https:\/\/fmp-components.com\/wp-content\/uploads\/2025\/01\/agricultural-gearbox3.webp\" alt=\"bo\u00eete de vitesses agricole\" width=\"1140\" height=\"1138\" title=\"\" srcset=\"https:\/\/fmp-components.com\/wp-content\/uploads\/2025\/01\/agricultural-gearbox3.webp 1140w, https:\/\/fmp-components.com\/wp-content\/uploads\/2025\/01\/agricultural-gearbox3-480x479.webp 480w\" sizes=\"(min-width: 0px) and (max-width: 480px) 480px, (min-width: 481px) 1140px, 100vw\" \/><\/p>\n<p>Auteur : CX<\/p>","protected":false},"excerpt":{"rendered":"<p>Rating Chart Drawing for 200 Series Shaft Rotation Alignment For 200 Series 200 Series Gearbox for Agricultural Machinery The 200 Series Gearbox is engineered to meet the demanding needs of agricultural machinery, offering robust performance, enhanced durability, and excellent efficiency. Built for a range of agricultural applications, this gearbox combines precision engineering with high-quality materials [&hellip;]<\/p>","protected":false},"featured_media":3244,"comment_status":"open","ping_status":"closed","template":"","meta":{"_et_pb_use_builder":"","_et_pb_old_content":"","_et_gb_content_width":""},"product_brand":[],"product_cat":[78],"product_tag":[],"class_list":{"0":"post-3241","1":"product","2":"type-product","3":"status-publish","4":"has-post-thumbnail","6":"product_cat-gearbox-for-agricultural-machinery","8":"first","9":"instock","10":"shipping-taxable","11":"product-type-simple"},"_links":{"self":[{"href":"https:\/\/fmp-components.com\/fr\/wp-json\/wp\/v2\/product\/3241","targetHints":{"allow":["GET"]}}],"collection":[{"href":"https:\/\/fmp-components.com\/fr\/wp-json\/wp\/v2\/product"}],"about":[{"href":"https:\/\/fmp-components.com\/fr\/wp-json\/wp\/v2\/types\/product"}],"replies":[{"embeddable":true,"href":"https:\/\/fmp-components.com\/fr\/wp-json\/wp\/v2\/comments?post=3241"}],"wp:featuredmedia":[{"embeddable":true,"href":"https:\/\/fmp-components.com\/fr\/wp-json\/wp\/v2\/media\/3244"}],"wp:attachment":[{"href":"https:\/\/fmp-components.com\/fr\/wp-json\/wp\/v2\/media?parent=3241"}],"wp:term":[{"taxonomy":"product_brand","embeddable":true,"href":"https:\/\/fmp-components.com\/fr\/wp-json\/wp\/v2\/product_brand?post=3241"},{"taxonomy":"product_cat","embeddable":true,"href":"https:\/\/fmp-components.com\/fr\/wp-json\/wp\/v2\/product_cat?post=3241"},{"taxonomy":"product_tag","embeddable":true,"href":"https:\/\/fmp-components.com\/fr\/wp-json\/wp\/v2\/product_tag?post=3241"}],"curies":[{"name":"wp","href":"https:\/\/api.w.org\/{rel}","templated":true}]}}