{"id":3236,"date":"2025-01-05T08:24:05","date_gmt":"2025-01-05T08:24:05","guid":{"rendered":"https:\/\/fmp-components.com\/?page_id=8"},"modified":"2025-01-05T08:24:05","modified_gmt":"2025-01-05T08:24:05","slug":"gearbox-for-agricultural-machinery-100-series","status":"publish","type":"product","link":"https:\/\/fmp-components.com\/fr\/product\/gearbox-for-agricultural-machinery-100-series\/","title":{"rendered":"Bo\u00eete de vitesses pour machines agricoles s\u00e9rie 100"},"content":{"rendered":"<h3><span class=\"ws12\">TABLEAU DE NOTATION<\/span><\/h3>\n<p><img loading=\"lazy\" decoding=\"async\" class=\"alignnone  wp-image-3237\" src=\"https:\/\/fmp-components.com\/wp-content\/uploads\/2025\/01\/100drawing.webp\" alt=\"100dessins\" width=\"886\" height=\"1250\" title=\"\" srcset=\"https:\/\/fmp-components.com\/wp-content\/uploads\/2025\/01\/100drawing.webp 886w, https:\/\/fmp-components.com\/wp-content\/uploads\/2025\/01\/100drawing-480x677.webp 480w\" sizes=\"(min-width: 0px) and (max-width: 480px) 480px, (min-width: 481px) 886px, 100vw\" \/><\/p>\n<h3>DESSIN POUR LA S\u00c9RIE 100<\/h3>\n<p><img loading=\"lazy\" decoding=\"async\" class=\"alignnone  wp-image-3239\" src=\"https:\/\/fmp-components.com\/wp-content\/uploads\/2025\/01\/R100-rating-charts.webp\" alt=\"Tableaux de notation R100\" width=\"843\" height=\"661\" title=\"\" srcset=\"https:\/\/fmp-components.com\/wp-content\/uploads\/2025\/01\/R100-rating-charts.webp 843w, https:\/\/fmp-components.com\/wp-content\/uploads\/2025\/01\/R100-rating-charts-480x376.webp 480w\" sizes=\"(min-width: 0px) and (max-width: 480px) 480px, (min-width: 481px) 843px, 100vw\" \/><\/p>\n<h3>ALIGNEMENT DE ROTATION D'ARBRE POUR S\u00c9RIE 100<\/h3>\n<p><img loading=\"lazy\" decoding=\"async\" class=\"alignnone  wp-image-3238\" src=\"https:\/\/fmp-components.com\/wp-content\/uploads\/2025\/01\/100shaft.webp\" alt=\"100 arbres\" width=\"830\" height=\"251\" title=\"\" srcset=\"https:\/\/fmp-components.com\/wp-content\/uploads\/2025\/01\/100shaft.webp 360w, https:\/\/fmp-components.com\/wp-content\/uploads\/2025\/01\/100shaft-300x91.webp 300w, https:\/\/fmp-components.com\/wp-content\/uploads\/2025\/01\/100shaft-18x5.webp 18w\" sizes=\"(max-width: 830px) 100vw, 830px\" \/><\/p>\n<h3>Bo\u00eete de vitesses s\u00e9rie 100 pour machines agricoles<\/h3>\n<p>La bo\u00eete de vitesses s\u00e9rie 100 est sp\u00e9cialement con\u00e7ue pour les machines agricoles et offre des performances, une durabilit\u00e9 et une efficacit\u00e9 optimales. Sa construction robuste et ses fonctionnalit\u00e9s avanc\u00e9es garantissent sa fiabilit\u00e9, m\u00eame dans les environnements agricoles exigeants. Elle est un composant essentiel pour une large gamme d'\u00e9quipements agricoles, tels que les motoculteurs, les faucheuses et autres machines n\u00e9cessitant une transmission de puissance fiable.<\/p>\n<p><strong>Caract\u00e9ristiques principales :<\/strong><\/p>\n<ul>\n<li><strong>Bo\u00eetier en aluminium en deux parties<\/strong><br \/>\nLe r\u00e9ducteur est dot\u00e9 d'un carter en aluminium en deux parties, con\u00e7u pour une robustesse et une r\u00e9sistance \u00e0 la corrosion accrues. Ce carter offre \u00e9galement une excellente <strong>capacit\u00e9 thermique<\/strong>, ce qui le rend id\u00e9al pour un fonctionnement continu dans des conditions agricoles difficiles.<\/li>\n<li><strong>Usinage de pr\u00e9cision pour des performances optimales<\/strong><br \/>\nChaque unit\u00e9 est usin\u00e9e avec pr\u00e9cision pour assurer un engr\u00e8nement parfait des engrenages et une pr\u00e9charge des roulements, garantissant un fonctionnement fluide et une usure minimale.<strong>r<\/strong> au fil du temps. Ce haut niveau de savoir-faire am\u00e9liore l'efficacit\u00e9 et la long\u00e9vit\u00e9 de la bo\u00eete de vitesses.<\/li>\n<li><strong>Engrenages forg\u00e9s \u00e0 rapports multiples<\/strong><br \/>\nLa bo\u00eete de vitesses utilise des engrenages forg\u00e9s avec pr\u00e9cision, disponibles en trois rapports\u00a0: 1:1, 1,1:1 et 1,43:1. Ces options offrent une grande flexibilit\u00e9, permettant aux utilisateurs de choisir le rapport id\u00e9al pour leur \u00e9quipement et leurs exigences op\u00e9rationnelles.<\/li>\n<li><strong>Roulements \u00e0 rouleaux coniques pour une capacit\u00e9 de charge am\u00e9lior\u00e9e<\/strong><br \/>\n\u00c9quip\u00e9 de roulements \u00e0 rouleaux coniques, le r\u00e9ducteur de la s\u00e9rie 100 offre une capacit\u00e9 de charge accrue et une dur\u00e9e de vie consid\u00e9rablement prolong\u00e9e. Cette caract\u00e9ristique le rend particuli\u00e8rement adapt\u00e9 aux applications soumises \u00e0 de fortes contraintes, garantissant ainsi sa r\u00e9sistance aux contraintes d'un usage agricole intensif.<\/li>\n<li><strong>Arbre en acier \u00e0 haute r\u00e9sistance<\/strong><br \/>\nLa bo\u00eete de vitesses est livr\u00e9e avec un <strong>arbre de 1\u2033<\/strong> Fabriqu\u00e9 en acier haute r\u00e9sistance, ce r\u00e9ducteur est con\u00e7u de s\u00e9rie pour am\u00e9liorer sa durabilit\u00e9 et assurer des performances constantes dans diverses conditions de travail. Cet arbre robuste assure un fonctionnement fluide du r\u00e9ducteur, m\u00eame dans les environnements difficiles.<\/li>\n<li><strong>Lubrifiant pour engrenages 80W90<\/strong><br \/>\nPr\u00e9remplie de lubrifiant pour engrenages 80W90, la bo\u00eete de vitesses S\u00e9rie 100 est imm\u00e9diatement pr\u00eate \u00e0 l'emploi. Ce lubrifiant assure un passage des vitesses en douceur et une dissipation thermique efficace. Chaque bo\u00eete de vitesses est soumise \u00e0 un test d'\u00e9tanch\u00e9it\u00e9 avant exp\u00e9dition afin de garantir son \u00e9tanch\u00e9it\u00e9 parfaite et sa disponibilit\u00e9 pour l'installation.<\/li>\n<li><strong>Conception l\u00e9g\u00e8re mais durable<\/strong><br \/>\nAvec un poids de seulement 3 \u00e0 4,5 kg, huile comprise, la s\u00e9rie 100 est con\u00e7ue pour \u00eatre l\u00e9g\u00e8re et facile \u00e0 installer et \u00e0 manipuler. Malgr\u00e9 son faible poids, la bo\u00eete de vitesses conserve sa robustesse et sa durabilit\u00e9, ce qui en fait un excellent choix pour diverses applications agricoles.<\/li>\n<\/ul>\n<p><strong>Applications :<\/strong><br \/>\nPolyvalente, la bo\u00eete de vitesses s\u00e9rie 100 peut \u00eatre utilis\u00e9e sur une grande vari\u00e9t\u00e9 de machines agricoles, notamment les faucheuses, les motoculteurs et les \u00e9pandeurs. Sa conception de pr\u00e9cision la rend id\u00e9ale pour les t\u00e2ches exigeant une transmission de puissance constante et des performances fiables, garantissant un fonctionnement fluide pour diff\u00e9rentes t\u00e2ches agricoles.<\/p>\n<p>La bo\u00eete de vitesses s\u00e9rie 100 pour machines agricoles offre des performances \u00e9lev\u00e9es, une durabilit\u00e9 et une flexibilit\u00e9 optimales, ce qui en fait un choix fiable pour les \u00e9quipements agricoles modernes. Que vous recherchiez pr\u00e9cision, r\u00e9sistance aux charges ou options de personnalisation, cette bo\u00eete de vitesses offre tout le n\u00e9cessaire pour un fonctionnement optimal au champ.<\/p>\n<h3>\u00c0 propos de FMP<\/h3>\n<p>Bas\u00e9 en Italie, FMP est un fabricant renomm\u00e9 sp\u00e9cialis\u00e9 dans la conception, le d\u00e9veloppement et la production de bo\u00eetes de vitesses hautes performances, principalement destin\u00e9es au secteur des machines agricoles. Reconnu pour sa pr\u00e9cision, ses solutions innovantes et sa fiabilit\u00e9 \u00e0 toute \u00e9preuve, FMP s'est forg\u00e9 une solide r\u00e9putation de partenaire de confiance sur les march\u00e9s agricole et industriel. Notre vaste gamme comprend des bo\u00eetes de vitesses sur mesure pour tondeuses \u00e0 gazon, des arbres de prise de force et d'autres composants essentiels, tous con\u00e7us pour r\u00e9pondre aux besoins sp\u00e9cifiques de diverses applications.<\/p>\n<p>Chez FMP, nous savons que chaque client est confront\u00e9 \u00e0 des d\u00e9fis sp\u00e9cifiques. Cette compr\u00e9hension guide notre approche pour fournir des solutions sur mesure, qu'il s'agisse de composants individuels ou de syst\u00e8mes enti\u00e8rement int\u00e9gr\u00e9s. En travaillant en \u00e9troite collaboration avec nos clients, nous garantissons que chaque solution r\u00e9pond parfaitement \u00e0 leurs exigences, optimisant ainsi les performances et la valeur ajout\u00e9e. Notre engagement envers des d\u00e9lais de r\u00e9ponse rapides, un accompagnement professionnel et une ex\u00e9cution pr\u00e9cise garantissent un traitement expert de chaque demande, pour des r\u00e9sultats optimaux.<\/p>\n<p>Une communication claire et continue est au c\u0153ur de notre approche tout au long du cycle de d\u00e9veloppement produit. Notre \u00e9quipe d\u00e9di\u00e9e travaille en \u00e9troite collaboration avec nos clients afin de comprendre parfaitement leurs besoins et de leur fournir des conseils et des recommandations pr\u00e9cieux pour obtenir les meilleurs r\u00e9sultats. Qu'il s'agisse de concevoir des produits de pointe ou d'ex\u00e9cuter des commandes courantes, FMP s'engage \u00e0 fournir des solutions de haute qualit\u00e9, con\u00e7ues avec pr\u00e9cision et dans les d\u00e9lais impartis. Notre objectif est de d\u00e9passer les attentes de nos clients en leur offrant un service exceptionnel et des r\u00e9sultats exceptionnels pour chaque projet.<\/p>\n<p>La qualit\u00e9 est au c\u0153ur des activit\u00e9s de FMP. Nous respectons les normes de fabrication les plus strictes et mettons en \u0153uvre des mesures de contr\u00f4le qualit\u00e9 rigoureuses pour garantir que chaque produit respecte et surpasse les normes du secteur. Cet engagement envers l'excellence, alli\u00e9 \u00e0 nos valeurs fondamentales d'int\u00e9grit\u00e9, d'esprit d'\u00e9quipe et de pers\u00e9v\u00e9rance, nous a permis de forger des relations de confiance durables avec des clients r\u00e9partis dans pr\u00e8s de 30 pays \u00e0 travers le monde.<\/p>\n<p>FMP s'engage \u00e0 favoriser les partenariats internationaux en offrant des conseils d'experts et des solutions personnalis\u00e9es qui \u00e9voluent avec les besoins de ses clients. Nous nous effor\u00e7ons de b\u00e2tir des relations durables et mutuellement b\u00e9n\u00e9fiques, contribuant ainsi \u00e0 la r\u00e9ussite continue de chaque projet. Que vous recherchiez des solutions innovantes pour un nouveau projet ou un support continu pour un syst\u00e8me existant, FMP est l\u00e0 pour vous aider \u00e0 relever vos d\u00e9fis techniques et \u00e0 assurer votre r\u00e9ussite \u00e0 long terme.<\/p>\n<p><img loading=\"lazy\" decoding=\"async\" class=\"alignnone wp-image-2695\" src=\"https:\/\/fmp-components.com\/wp-content\/uploads\/2025\/01\/agricultural-gearbox3.webp\" alt=\"bo\u00eete de vitesses agricole\" width=\"1140\" height=\"1138\" title=\"\" srcset=\"https:\/\/fmp-components.com\/wp-content\/uploads\/2025\/01\/agricultural-gearbox3.webp 1140w, https:\/\/fmp-components.com\/wp-content\/uploads\/2025\/01\/agricultural-gearbox3-480x479.webp 480w\" sizes=\"(min-width: 0px) and (max-width: 480px) 480px, (min-width: 481px) 1140px, 100vw\" \/><\/p>\n<p>Auteur : CX<\/p>","protected":false},"excerpt":{"rendered":"<p>RATING CHART DRAWING FOR 100 SERIES SHAFT ROTATION ALIGNMENT FOR 100\u00a0SERIES 100 Series Gearbox for Agricultural Machinery The 100 Series Gearbox is designed specifically for agricultural machinery, providing optimal performance, durability, and efficiency. Engineered with a robust construction and advanced features, it ensures reliability even in demanding agricultural environments. The gearbox is an essential component [&hellip;]<\/p>","protected":false},"featured_media":3240,"comment_status":"open","ping_status":"closed","template":"","meta":{"_et_pb_use_builder":"","_et_pb_old_content":"","_et_gb_content_width":""},"product_brand":[],"product_cat":[78],"product_tag":[],"class_list":{"0":"post-3236","1":"product","2":"type-product","3":"status-publish","4":"has-post-thumbnail","6":"product_cat-gearbox-for-agricultural-machinery","8":"first","9":"instock","10":"shipping-taxable","11":"product-type-simple"},"_links":{"self":[{"href":"https:\/\/fmp-components.com\/fr\/wp-json\/wp\/v2\/product\/3236","targetHints":{"allow":["GET"]}}],"collection":[{"href":"https:\/\/fmp-components.com\/fr\/wp-json\/wp\/v2\/product"}],"about":[{"href":"https:\/\/fmp-components.com\/fr\/wp-json\/wp\/v2\/types\/product"}],"replies":[{"embeddable":true,"href":"https:\/\/fmp-components.com\/fr\/wp-json\/wp\/v2\/comments?post=3236"}],"wp:featuredmedia":[{"embeddable":true,"href":"https:\/\/fmp-components.com\/fr\/wp-json\/wp\/v2\/media\/3240"}],"wp:attachment":[{"href":"https:\/\/fmp-components.com\/fr\/wp-json\/wp\/v2\/media?parent=3236"}],"wp:term":[{"taxonomy":"product_brand","embeddable":true,"href":"https:\/\/fmp-components.com\/fr\/wp-json\/wp\/v2\/product_brand?post=3236"},{"taxonomy":"product_cat","embeddable":true,"href":"https:\/\/fmp-components.com\/fr\/wp-json\/wp\/v2\/product_cat?post=3236"},{"taxonomy":"product_tag","embeddable":true,"href":"https:\/\/fmp-components.com\/fr\/wp-json\/wp\/v2\/product_tag?post=3236"}],"curies":[{"name":"wp","href":"https:\/\/api.w.org\/{rel}","templated":true}]}}