{"id":3134,"date":"2025-01-05T02:56:27","date_gmt":"2025-01-05T02:56:27","guid":{"rendered":"https:\/\/fmp-components.com\/?page_id=8"},"modified":"2025-01-05T02:56:28","modified_gmt":"2025-01-05T02:56:28","slug":"agricultural-potato-harvester-gearbox-for-harvesting-potato","status":"publish","type":"product","link":"https:\/\/fmp-components.com\/fr\/product\/agricultural-potato-harvester-gearbox-for-harvesting-potato\/","title":{"rendered":"Bo\u00eete de vitesses pour arracheuse de pommes de terre agricole"},"content":{"rendered":"<p><img loading=\"lazy\" decoding=\"async\" class=\"alignnone size-full wp-image-3135\" src=\"https:\/\/fmp-components.com\/wp-content\/uploads\/2025\/01\/0_Potato-Harvester-Gearbox-6.webp\" alt=\"R\u00e9colteuse de pommes de terre - Bo\u00eete de vitesses\" width=\"1534\" height=\"1138\" title=\"\" srcset=\"https:\/\/fmp-components.com\/wp-content\/uploads\/2025\/01\/0_Potato-Harvester-Gearbox-6.webp 1534w, https:\/\/fmp-components.com\/wp-content\/uploads\/2025\/01\/0_Potato-Harvester-Gearbox-6-1280x950.webp 1280w, https:\/\/fmp-components.com\/wp-content\/uploads\/2025\/01\/0_Potato-Harvester-Gearbox-6-980x727.webp 980w, https:\/\/fmp-components.com\/wp-content\/uploads\/2025\/01\/0_Potato-Harvester-Gearbox-6-480x356.webp 480w\" sizes=\"(min-width: 0px) and (max-width: 480px) 480px, (min-width: 481px) and (max-width: 980px) 980px, (min-width: 981px) and (max-width: 1280px) 1280px, (min-width: 1281px) 1534px, 100vw\" \/><\/p>\n<h2>Sp\u00e9cifications du produit :<\/h2>\n<p>&nbsp;<\/p>\n<table border=\"1\" width=\"100%\" cellspacing=\"0\" cellpadding=\"0\">\n<tbody>\n<tr>\n<td width=\"193\">Nom du produit<\/td>\n<td width=\"461\">Bo\u00eete de vitesses pour arracheuse de pommes de terre<\/td>\n<\/tr>\n<tr>\n<td>Mat\u00e9riel<\/td>\n<td>Fer<\/td>\n<\/tr>\n<tr>\n<td>Taper<\/td>\n<td>FMP-LLTC-14<\/td>\n<\/tr>\n<tr>\n<td>Couleur<\/td>\n<td>Personnalisation<\/td>\n<\/tr>\n<tr>\n<td>Puissance nominale<\/td>\n<td>15 kW<\/td>\n<\/tr>\n<tr>\n<td>Rapport<\/td>\n<td>1:3.92<\/td>\n<\/tr>\n<tr>\n<td>Garantie<\/td>\n<td>Un an et demi<\/td>\n<\/tr>\n<tr>\n<td>Utilis\u00e9<\/td>\n<td>Arracheuse de pommes de terre<\/td>\n<\/tr>\n<\/tbody>\n<\/table>\n<h2>Avantages de la bo\u00eete de vitesses pour arracheuse de pommes de terre<\/h2>\n<p>Le bo\u00eetier d'engrenages pour arracheuses de pommes de terre est un composant essentiel des machines agricoles modernes. Il offre de nombreux avantages qui am\u00e9liorent la performance, l'efficacit\u00e9 et la durabilit\u00e9 des op\u00e9rations de r\u00e9colte. Voici quelques-uns des principaux avantages de l'utilisation d'un bo\u00eetier d'engrenages pour arracheuses de pommes de terre\u00a0:<\/p>\n<p><strong>1. Transmission de puissance optimis\u00e9e<\/strong><\/p>\n<ul>\n<li>Les bo\u00eetes de vitesses des arracheuses de pommes de terre sont con\u00e7ues pour transf\u00e9rer efficacement la puissance de la prise de force du tracteur aux diff\u00e9rents composants de l'arracheuse. Cela garantit un fonctionnement fluide et des performances constantes, notamment lors de la manutention de charges lourdes dans des conditions de terrain difficiles.<\/li>\n<\/ul>\n<p><strong>2. Durabilit\u00e9 am\u00e9lior\u00e9e<\/strong><\/p>\n<ul>\n<li>Con\u00e7us pour r\u00e9sister aux environnements agricoles difficiles, les r\u00e9ducteurs d'arracheuses de pommes de terre sont con\u00e7us pour une durabilit\u00e9 optimale. L'utilisation de mat\u00e9riaux haute r\u00e9sistance et une fabrication de pr\u00e9cision garantissent leur r\u00e9sistance aux contraintes d'un fonctionnement continu au champ, r\u00e9duisant ainsi les risques de panne et augmentant la dur\u00e9e de vie de la machine.<\/li>\n<\/ul>\n<p><strong>3. Pr\u00e9cision et efficacit\u00e9<\/strong><\/p>\n<ul>\n<li>Le r\u00e9ducteur d'une arracheuse de pommes de terre est con\u00e7u pour assurer un contr\u00f4le pr\u00e9cis des diff\u00e9rents m\u00e9canismes impliqu\u00e9s dans la r\u00e9colte, tels que l'arrachage, la s\u00e9paration et le transport des pommes de terre. En optimisant la vitesse de rotation et le couple, le r\u00e9ducteur contribue \u00e0 maintenir un fonctionnement efficace, \u00e0 pr\u00e9venir les pertes et \u00e0 garantir une r\u00e9colte des pommes de terre avec un minimum de dommages.<\/li>\n<\/ul>\n<p><strong>4. Maintenance rentable<\/strong><\/p>\n<ul>\n<li>Les bo\u00eetes de vitesses des arracheuses de pommes de terre sont con\u00e7ues pour un entretien facile, ce qui contribue \u00e0 r\u00e9duire les co\u00fbts d'exploitation globaux. Avec un entretien et une maintenance appropri\u00e9s, ces bo\u00eetes de vitesses durent plus longtemps, r\u00e9duisant ainsi les remplacements fr\u00e9quents. Leur conception modulaire facilite \u00e9galement les r\u00e9parations, minimisant ainsi les temps d'arr\u00eat pendant la saison des r\u00e9coltes.<\/li>\n<\/ul>\n<p><strong>5. Polyvalence et adaptabilit\u00e9<\/strong><\/p>\n<ul>\n<li>De nombreux bo\u00eetiers d'engrenages pour arracheuses de pommes de terre sont con\u00e7us pour \u00eatre polyvalents et s'adapter \u00e0 diff\u00e9rents mod\u00e8les d'arracheuses et \u00e0 diff\u00e9rentes conditions de terrain. Cette flexibilit\u00e9 permet une utilisation polyvalente, offrant ainsi une valeur ajout\u00e9e aux agriculteurs aux besoins vari\u00e9s.<\/li>\n<\/ul>\n<p>En choisissant des bo\u00eetes de vitesses de haute qualit\u00e9 pour leurs arracheuses de pommes de terre, les agriculteurs peuvent maximiser leur productivit\u00e9, r\u00e9duire leurs co\u00fbts d'exploitation et assurer la long\u00e9vit\u00e9 de leurs \u00e9quipements. La bo\u00eete de vitesses est essentielle pour garantir un fonctionnement fluide et efficace tout au long de la saison de r\u00e9colte.<\/p>\n<table style=\"border-collapse: collapse; width: 100.404%; height: 407px;\" border=\"0\" width=\"128\" cellspacing=\"0\" cellpadding=\"0\">\n<tbody>\n<tr style=\"height: 13.8pt;\">\n<td style=\"height: 13.8pt; width: 40.9032%;\" align=\"right\" width=\"64\" height=\"18\"><img loading=\"lazy\" decoding=\"async\" class=\"alignnone size-full wp-image-3137\" src=\"https:\/\/fmp-components.com\/wp-content\/uploads\/2025\/01\/0_Potato-Harvester-Gearbox-22.webp\" alt=\"R\u00e9colteuse de pommes de terre - Bo\u00eete de vitesses\" width=\"800\" height=\"800\" title=\"\" srcset=\"https:\/\/fmp-components.com\/wp-content\/uploads\/2025\/01\/0_Potato-Harvester-Gearbox-22.webp 800w, https:\/\/fmp-components.com\/wp-content\/uploads\/2025\/01\/0_Potato-Harvester-Gearbox-22-480x480.webp 480w\" sizes=\"(min-width: 0px) and (max-width: 480px) 480px, (min-width: 481px) 800px, 100vw\" \/><\/td>\n<td style=\"width: 58.9782%;\" align=\"right\" width=\"64\"><img loading=\"lazy\" decoding=\"async\" class=\"alignnone  wp-image-3136\" src=\"https:\/\/fmp-components.com\/wp-content\/uploads\/2025\/01\/0_Potato-Harvester-Gearbox-7.webp\" alt=\"R\u00e9colteuse de pommes de terre - Bo\u00eete de vitesses\" width=\"547\" height=\"376\" title=\"\" srcset=\"https:\/\/fmp-components.com\/wp-content\/uploads\/2025\/01\/0_Potato-Harvester-Gearbox-7.webp 547w, https:\/\/fmp-components.com\/wp-content\/uploads\/2025\/01\/0_Potato-Harvester-Gearbox-7-480x330.webp 480w\" sizes=\"(min-width: 0px) and (max-width: 480px) 480px, (min-width: 481px) 547px, 100vw\" \/><\/td>\n<\/tr>\n<\/tbody>\n<\/table>\n<h2>Principe de fonctionnement de la bo\u00eete de vitesses d'une arracheuse de pommes de terre entra\u00een\u00e9e par la prise de force du tracteur<\/h2>\n<p>Le bo\u00eetier d'entra\u00eenement d'une arracheuse de pommes de terre \u00e0 prise de force joue un r\u00f4le crucial dans la transmission efficace de la puissance de la prise de force (PDF) du tracteur aux diff\u00e9rents m\u00e9canismes impliqu\u00e9s dans la r\u00e9colte. Il assure une performance optimale de l'arracheuse en r\u00e9gulant et en r\u00e9partissant la puissance entre les diff\u00e9rents organes de la machine, assurant ainsi un fonctionnement fluide, efficace et fiable. Voici un aper\u00e7u du principe de fonctionnement du bo\u00eetier d'entra\u00eenement d'une arracheuse de pommes de terre \u00e0 prise de force\u00a0:<\/p>\n<p><strong>1. Transfert de puissance du tracteur \u00e0 la bo\u00eete de vitesses<\/strong><\/p>\n<ul>\n<li>Engagement de la prise de force\u00a0: Le processus commence par la transmission de la puissance du moteur du tracteur via la prise de force. Le syst\u00e8me de prise de force du tracteur g\u00e9n\u00e8re la puissance m\u00e9canique (couple de rotation) et la transf\u00e8re via la prise de force reli\u00e9e au bo\u00eetier de transmission de la moissonneuse-batteuse.<\/li>\n<li>Entr\u00e9e de rotation\u00a0: Lorsque le moteur du tracteur tourne, l'arbre de prise de force tourne \u00e0 une vitesse d\u00e9finie (g\u00e9n\u00e9ralement autour de 540 ou 1\u00a0000 tr\/min, selon le tracteur). Cette puissance de rotation est ensuite transmise au r\u00e9ducteur, o\u00f9 elle est trait\u00e9e et redistribu\u00e9e aux diff\u00e9rents composants de l'arracheuse de pommes de terre.<\/li>\n<\/ul>\n<p><strong>2. Distribution de puissance de la bo\u00eete de vitesses<\/strong><\/p>\n<ul>\n<li>R\u00e9duction et contr\u00f4le de vitesse\u00a0: La fonction principale du bo\u00eetier de vitesses est de r\u00e9duire la vitesse de rotation de la prise de force \u00e0 un niveau adapt\u00e9 aux m\u00e9canismes de travail de la moissonneuse-batteuse. La prise de force du tracteur fonctionne g\u00e9n\u00e9ralement \u00e0 des vitesses plus \u00e9lev\u00e9es (par exemple, 540\u00a0tr\/min), mais diverses fonctions de la moissonneuse-batteuse, comme les syst\u00e8mes d'excavation, de nettoyage et de convoyage, n\u00e9cessitent des vitesses plus faibles. Le bo\u00eetier de vitesses utilise une combinaison d'engrenages (plan\u00e9taires, coniques ou h\u00e9lico\u00efdaux) pour r\u00e9duire la vitesse d'entr\u00e9e et garantir le bon fonctionnement de chaque pi\u00e8ce.<\/li>\n<li>Multiplication du couple\u00a0: Outre la r\u00e9duction de vitesse, le r\u00e9ducteur multiplie souvent le couple pour fournir la puissance n\u00e9cessaire \u00e0 l'arrachage, au levage et \u00e0 la s\u00e9paration des pommes de terre. Ce couple accru est essentiel pour alimenter les syst\u00e8mes m\u00e9caniques de l'arracheuse, notamment dans des conditions de sol difficiles.<\/li>\n<\/ul>\n<p><strong>3. Transmission de puissance \u00e0 divers composants<\/strong><\/p>\n<ul>\n<li>M\u00e9canisme d'arrachage\u00a0: Le bo\u00eetier d'engrenages transmet la puissance aux \u00e9l\u00e9ments d'arrachage, constitu\u00e9s d'un ensemble de lames rotatives ou de pointes de soc qui ameublissent le sol et arrachent les pommes de terre. Le mouvement de rotation est g\u00e9n\u00e9ralement transmis par une cha\u00eene, une courroie ou un arbre.<\/li>\n<li>Syst\u00e8me de convoyage\u00a0: La puissance du r\u00e9ducteur entra\u00eene \u00e9galement le tapis roulant ou l'\u00e9l\u00e9vateur, qui transporte les pommes de terre r\u00e9colt\u00e9es du sol vers les syst\u00e8mes de nettoyage et de s\u00e9paration. Le syst\u00e8me de convoyage n\u00e9cessite une transmission de puissance stable et efficace pour d\u00e9placer les pommes de terre sans les endommager.<\/li>\n<li>M\u00e9canisme de s\u00e9paration et de nettoyage\u00a0: Le r\u00e9ducteur actionne le syst\u00e8me de nettoyage, qui comprend souvent des tamis vibrants ou des tambours rotatifs qui s\u00e9parent la terre, les pierres et les d\u00e9bris des pommes de terre. Ainsi, seules les pommes de terre propres sont collect\u00e9es pour le stockage ou le transport.<\/li>\n<li>Syst\u00e8mes suppl\u00e9mentaires : Selon le mod\u00e8le de la moissonneuse, la bo\u00eete de vitesses peut \u00e9galement entra\u00eener d'autres syst\u00e8mes tels que des m\u00e9canismes de levage, des \u00e9quipements de tamisage du sol ou des outils auxiliaires con\u00e7us pour am\u00e9liorer l'efficacit\u00e9 globale de la r\u00e9colte.<\/li>\n<\/ul>\n<p><strong>4. Contr\u00f4le de vitesse variable (le cas \u00e9ch\u00e9ant)<\/strong><\/p>\n<ul>\n<li>Certains bo\u00eetiers d'entra\u00eenement d'arracheuses de pommes de terre de pointe int\u00e8grent un variateur de vitesse, permettant aux op\u00e9rateurs d'ajuster la vitesse de certains composants (par exemple, les bandes transporteuses ou les m\u00e9canismes d'arrachage) aux diff\u00e9rentes conditions du terrain. Cette fonctionnalit\u00e9 optimise le fonctionnement de l'arracheuse en offrant un meilleur contr\u00f4le des performances, garantissant ainsi une efficacit\u00e9 maximale dans diff\u00e9rents types de sols et conditions de terrain.<\/li>\n<\/ul>\n<p><strong>5. Efficacit\u00e9 et synchronisation<\/strong><\/p>\n<ul>\n<li>Le r\u00e9ducteur assure la synchronisation parfaite de tous les composants de l'arracheuse de pommes de terre, permettant \u00e0 la machine d'atteindre son efficacit\u00e9 maximale. En ajustant le couple et la vitesse de rotation des diff\u00e9rents composants, le r\u00e9ducteur assure l'\u00e9quilibre et l'efficacit\u00e9 des processus d'arrachage, de convoyage et de nettoyage, minimisant ainsi les pertes d'\u00e9nergie et optimisant la consommation de carburant.<\/li>\n<\/ul>\n<p>Essentiellement, le principe de fonctionnement de la bo\u00eete de vitesses de la r\u00e9colteuse de pommes de terre entra\u00een\u00e9e par prise de force est bas\u00e9 sur la conversion efficace de la puissance de sortie de la prise de force \u00e0 grande vitesse du tracteur en puissance contr\u00f4l\u00e9e et fiable requise pour les diverses fonctions de r\u00e9colte, optimisant ainsi les performances globales de la machine.<\/p>\n<p><img loading=\"lazy\" decoding=\"async\" class=\"size-full wp-image-3138 aligncenter\" src=\"https:\/\/fmp-components.com\/wp-content\/uploads\/2025\/01\/0_Potato-Harvester-Gearbox-23.webp\" alt=\"R\u00e9colteuse de pommes de terre - Bo\u00eete de vitesses\" width=\"800\" height=\"800\" title=\"\" srcset=\"https:\/\/fmp-components.com\/wp-content\/uploads\/2025\/01\/0_Potato-Harvester-Gearbox-23.webp 800w, https:\/\/fmp-components.com\/wp-content\/uploads\/2025\/01\/0_Potato-Harvester-Gearbox-23-480x480.webp 480w\" sizes=\"(min-width: 0px) and (max-width: 480px) 480px, (min-width: 481px) 800px, 100vw\" \/><\/p>\n<h3>\u00c0 propos de FMP<\/h3>\n<p>Bas\u00e9 en Italie, FMP est un fabricant leader sp\u00e9cialis\u00e9 dans la conception, le d\u00e9veloppement et la production de bo\u00eetes de vitesses hautes performances, principalement destin\u00e9es au secteur des machines agricoles. R\u00e9put\u00e9 pour son ing\u00e9nierie de pr\u00e9cision, ses solutions innovantes et sa fiabilit\u00e9 \u00e0 toute \u00e9preuve, FMP s'est forg\u00e9 une solide r\u00e9putation de partenaire de confiance sur les march\u00e9s agricoles et industriels. Notre vaste gamme de produits comprend des bo\u00eetes de vitesses sur mesure pour tondeuses \u00e0 gazon, des arbres de prise de force et une vari\u00e9t\u00e9 de composants essentiels, chacun \u00e9tant soigneusement con\u00e7u pour r\u00e9pondre aux exigences sp\u00e9cifiques de chaque application.<\/p>\n<p>Chez FMP, nous savons que chaque client est confront\u00e9 \u00e0 des d\u00e9fis sp\u00e9cifiques. Cette compr\u00e9hension motive notre engagement \u00e0 fournir des solutions sur mesure, qu'il s'agisse de composants individuels ou de syst\u00e8mes enti\u00e8rement int\u00e9gr\u00e9s. Gr\u00e2ce \u00e0 une \u00e9troite collaboration avec nos clients, nous veillons \u00e0 ce que chaque solution r\u00e9ponde non seulement \u00e0 leurs besoins sp\u00e9cifiques, mais optimise \u00e9galement leurs performances et leur valeur ajout\u00e9e. Notre priorit\u00e9\u00a0: des r\u00e9ponses rapides et professionnelles, ainsi que des conseils d'experts, garantissent une r\u00e9ponse pr\u00e9cise \u00e0 chaque demande, garantissant ainsi les meilleurs r\u00e9sultats \u00e0 chaque fois.<\/p>\n<p>Nous privil\u00e9gions une communication continue et transparente tout au long du processus de d\u00e9veloppement produit. Notre \u00e9quipe d\u00e9di\u00e9e travaille en \u00e9troite collaboration avec nos clients afin de comprendre parfaitement leurs besoins et de leur fournir des conseils et des recommandations pr\u00e9cieux pour des r\u00e9sultats optimaux. Qu'il s'agisse de d\u00e9velopper des produits de pointe ou d'ex\u00e9cuter des commandes courantes, FMP s'engage \u00e0 fournir des solutions de haute qualit\u00e9, con\u00e7ues avec pr\u00e9cision et dans les d\u00e9lais impartis, sans compromis. Notre mission est de toujours d\u00e9passer les attentes de nos clients, en offrant un service et des r\u00e9sultats exceptionnels pour chaque projet.<\/p>\n<p>La qualit\u00e9 est la pierre angulaire des activit\u00e9s de FMP. Nous adh\u00e9rons aux normes de fabrication les plus strictes et appliquons des mesures de contr\u00f4le qualit\u00e9 rigoureuses pour garantir que chaque produit respecte et d\u00e9passe les normes du secteur. Cet engagement ind\u00e9fectible envers l'excellence, alli\u00e9 \u00e0 nos valeurs fondamentales d'int\u00e9grit\u00e9, d'esprit d'\u00e9quipe et de pers\u00e9v\u00e9rance, nous a permis d'\u00e9tablir des relations de confiance durables avec des clients r\u00e9partis dans pr\u00e8s de 30 pays \u00e0 travers le monde.<\/p>\n<p>FMP est toujours d\u00e9sireux de nouer des partenariats internationaux, en fournissant des conseils d'experts et des solutions personnalis\u00e9es qui r\u00e9pondent aux besoins \u00e9volutifs de ses clients. Nous nous engageons \u00e0 b\u00e2tir des relations durables et mutuellement b\u00e9n\u00e9fiques, contribuant ainsi \u00e0 la r\u00e9ussite de chaque projet. Que vous ayez besoin de solutions innovantes pour une nouvelle initiative ou d'un support continu pour un syst\u00e8me existant, FMP est l\u00e0 pour vous aider \u00e0 relever les d\u00e9fis techniques et \u00e0 assurer la p\u00e9rennit\u00e9 de votre r\u00e9ussite.<\/p>\n<p><img loading=\"lazy\" decoding=\"async\" class=\"alignnone wp-image-2695\" src=\"https:\/\/fmp-components.com\/wp-content\/uploads\/2025\/01\/agricultural-gearbox3.webp\" alt=\"bo\u00eete de vitesses agricole\" width=\"1140\" height=\"1138\" title=\"\" srcset=\"https:\/\/fmp-components.com\/wp-content\/uploads\/2025\/01\/agricultural-gearbox3.webp 1140w, https:\/\/fmp-components.com\/wp-content\/uploads\/2025\/01\/agricultural-gearbox3-480x479.webp 480w\" sizes=\"(min-width: 0px) and (max-width: 480px) 480px, (min-width: 481px) 1140px, 100vw\" \/><\/p>\n<p>Auteur : CX<\/p>","protected":false},"excerpt":{"rendered":"<p>Product Specifications: &nbsp; Product Name Potato Harvester Gearbox Material Iron Type FMP-LLTC-14 Color Customization Rated Power 15KW Ratio 1:3.92 Warranty One and half year Used Potato harvester Advantages of Potato Harvester Gearbox The potato harvester gearbox is a vital component in modern agricultural machinery, providing several benefits that enhance the performance, efficiency, and durability of [&hellip;]<\/p>","protected":false},"featured_media":3139,"comment_status":"open","ping_status":"closed","template":"","meta":{"_et_pb_use_builder":"","_et_pb_old_content":"","_et_gb_content_width":""},"product_brand":[],"product_cat":[75],"product_tag":[],"class_list":{"0":"post-3134","1":"product","2":"type-product","3":"status-publish","4":"has-post-thumbnail","6":"product_cat-potato-harvester-gearbox","8":"first","9":"instock","10":"shipping-taxable","11":"product-type-simple"},"_links":{"self":[{"href":"https:\/\/fmp-components.com\/fr\/wp-json\/wp\/v2\/product\/3134","targetHints":{"allow":["GET"]}}],"collection":[{"href":"https:\/\/fmp-components.com\/fr\/wp-json\/wp\/v2\/product"}],"about":[{"href":"https:\/\/fmp-components.com\/fr\/wp-json\/wp\/v2\/types\/product"}],"replies":[{"embeddable":true,"href":"https:\/\/fmp-components.com\/fr\/wp-json\/wp\/v2\/comments?post=3134"}],"wp:featuredmedia":[{"embeddable":true,"href":"https:\/\/fmp-components.com\/fr\/wp-json\/wp\/v2\/media\/3139"}],"wp:attachment":[{"href":"https:\/\/fmp-components.com\/fr\/wp-json\/wp\/v2\/media?parent=3134"}],"wp:term":[{"taxonomy":"product_brand","embeddable":true,"href":"https:\/\/fmp-components.com\/fr\/wp-json\/wp\/v2\/product_brand?post=3134"},{"taxonomy":"product_cat","embeddable":true,"href":"https:\/\/fmp-components.com\/fr\/wp-json\/wp\/v2\/product_cat?post=3134"},{"taxonomy":"product_tag","embeddable":true,"href":"https:\/\/fmp-components.com\/fr\/wp-json\/wp\/v2\/product_tag?post=3134"}],"curies":[{"name":"wp","href":"https:\/\/api.w.org\/{rel}","templated":true}]}}