{"id":3129,"date":"2025-01-05T02:44:39","date_gmt":"2025-01-05T02:44:39","guid":{"rendered":"https:\/\/fmp-components.com\/?page_id=8"},"modified":"2025-01-05T02:44:39","modified_gmt":"2025-01-05T02:44:39","slug":"grain-auger-gearbox-fmp-2390-for-agricultural-grain-storage-and-transportation","status":"publish","type":"product","link":"https:\/\/fmp-components.com\/fr\/product\/grain-auger-gearbox-fmp-2390-for-agricultural-grain-storage-and-transportation\/","title":{"rendered":"R\u00e9ducteur de vis sans fin \u00e0 grains FMP-2390 pour le stockage et le transport des c\u00e9r\u00e9ales agricoles"},"content":{"rendered":"<h2>Sp\u00e9cifications de la bo\u00eete de vitesses de la vis sans fin \u00e0 grains FMP-2390<\/h2>\n<p><img loading=\"lazy\" decoding=\"async\" class=\"alignnone size-full wp-image-3131\" src=\"https:\/\/fmp-components.com\/wp-content\/uploads\/2025\/01\/Grain-Auger-Gearbox-EP-2390-Dimension.webp\" alt=\"Bo\u00eete de vitesses pour vis sans fin \u00e0 grains EP-2390 - Dimensions\" width=\"1534\" height=\"1064\" title=\"\" srcset=\"https:\/\/fmp-components.com\/wp-content\/uploads\/2025\/01\/Grain-Auger-Gearbox-EP-2390-Dimension.webp 1534w, https:\/\/fmp-components.com\/wp-content\/uploads\/2025\/01\/Grain-Auger-Gearbox-EP-2390-Dimension-1280x888.webp 1280w, https:\/\/fmp-components.com\/wp-content\/uploads\/2025\/01\/Grain-Auger-Gearbox-EP-2390-Dimension-980x680.webp 980w, https:\/\/fmp-components.com\/wp-content\/uploads\/2025\/01\/Grain-Auger-Gearbox-EP-2390-Dimension-480x333.webp 480w\" sizes=\"(min-width: 0px) and (max-width: 480px) 480px, (min-width: 481px) and (max-width: 980px) 980px, (min-width: 981px) and (max-width: 1280px) 1280px, (min-width: 1281px) 1534px, 100vw\" \/><\/p>\n<table style=\"width: 95.8687%; height: 220px;\" border=\"1\" cellspacing=\"0\" cellpadding=\"0\">\n<tbody>\n<tr class=\"firstRow\">\n<td>Nom du produit<\/td>\n<td>Bo\u00eete de vitesses pour vis sans fin \u00e0 grains FMP-2390<\/td>\n<\/tr>\n<tr>\n<td>Mat\u00e9riel<\/td>\n<td>Bo\u00eetier en HT250, arbre en 20CrMnTi<\/td>\n<\/tr>\n<tr>\n<td>Couleur<\/td>\n<td>Fonc\u00e9 ou rouge ou selon vos besoins<\/td>\n<\/tr>\n<tr>\n<td>Taper<\/td>\n<td>Engrenage conique<\/td>\n<\/tr>\n<tr>\n<td>Rapport<\/td>\n<td>1:1<\/td>\n<\/tr>\n<tr>\n<td>Palier<\/td>\n<td>QC ou C&amp;U ou NTN<\/td>\n<\/tr>\n<tr>\n<td>Garantie<\/td>\n<td>un an et demi<\/td>\n<\/tr>\n<tr>\n<td>Utilis\u00e9<\/td>\n<td>stockage des c\u00e9r\u00e9ales<\/td>\n<\/tr>\n<\/tbody>\n<\/table>\n<h3>Applications de la bo\u00eete de vitesses pour vis sans fin \u00e0 grains pour le stockage et le transport des c\u00e9r\u00e9ales<\/h3>\n<p>Les r\u00e9ducteurs de vis sans fin \u00e0 grains jouent un r\u00f4le essentiel dans le mouvement et la manutention efficaces des c\u00e9r\u00e9ales pendant les processus de stockage et de transport. Voici quelques applications cl\u00e9s de ces r\u00e9ducteurs dans ces secteurs\u00a0:<\/p>\n<ol>\n<li><strong>Silos de stockage de c\u00e9r\u00e9ales :<\/strong>\n<ul>\n<li><strong>\u00c9l\u00e9vateurs \u00e0 grains :<\/strong> Le r\u00e9ducteur actionne les vis sans fin des silos \u00e0 grains, qui transportent le grain vers les diff\u00e9rents niveaux de stockage. Un mouvement efficace du grain est essentiel pour \u00e9viter son agglutination ou son endommagement et garantir des conditions de stockage optimales.<\/li>\n<li><strong>Syst\u00e8mes de d\u00e9chargement :<\/strong> Les r\u00e9ducteurs de vis sans fin sont essentiels au d\u00e9chargement du grain des silos de stockage vers les camions, les convoyeurs ou autres syst\u00e8mes de transport. Leur pr\u00e9cision assure un flux de grain fluide et constant, \u00e9vitant ainsi les blocages et les retards.<\/li>\n<\/ul>\n<\/li>\n<li><strong>Installations de manutention du grain :<\/strong>\n<ul>\n<li><strong>Syst\u00e8mes de convoyeurs :<\/strong> Dans les installations de manutention des c\u00e9r\u00e9ales, les r\u00e9ducteurs \u00e0 vis sans fin alimentent les convoyeurs \u00e0 vis qui acheminent les c\u00e9r\u00e9ales entre les diff\u00e9rentes sections de l'usine de transformation. Ils assurent un transport rapide des c\u00e9r\u00e9ales entre les zones de stockage, de nettoyage et de mouture.<\/li>\n<li><strong>Syst\u00e8mes de s\u00e9chage :<\/strong> Les r\u00e9ducteurs de vis sans fin \u00e0 grains sont utilis\u00e9s dans les syst\u00e8mes de s\u00e9chage, o\u00f9 les vis transportent le grain \u00e0 travers les chambres de s\u00e9chage, assurant un flux d'air constant et une r\u00e9duction de l'humidit\u00e9. Cela garantit que le grain reste dans des conditions optimales pour un stockage \u00e0 long terme.<\/li>\n<\/ul>\n<\/li>\n<li><strong>Transport des c\u00e9r\u00e9ales vers le march\u00e9 :<\/strong>\n<ul>\n<li><strong>Chargement des camions :<\/strong> Les r\u00e9ducteurs de vis sans fin sont essentiels dans les stations de chargement de camions, o\u00f9 ils servent \u00e0 d\u00e9placer le grain des entrep\u00f4ts ou des silos vers les camions pour une distribution ult\u00e9rieure. Ils assurent un transfert du grain fluide, rapide et contr\u00f4l\u00e9.<\/li>\n<li><strong>Manutention de c\u00e9r\u00e9ales en vrac :<\/strong> Dans les installations traitant la manutention de c\u00e9r\u00e9ales en vrac \u00e0 grande \u00e9chelle, les r\u00e9ducteurs \u00e0 vis sans fin fournissent le couple n\u00e9cessaire pour transporter efficacement les c\u00e9r\u00e9ales, minimisant ainsi les d\u00e9versements et les d\u00e9chets tout en maximisant le d\u00e9bit.<\/li>\n<\/ul>\n<\/li>\n<li><strong>Traitement et mouture des c\u00e9r\u00e9ales :<\/strong>\n<ul>\n<li><strong>Syst\u00e8mes de nettoyage :<\/strong> Les vis \u00e0 grains entra\u00een\u00e9es par des r\u00e9ducteurs sont utilis\u00e9es dans les syst\u00e8mes de nettoyage pour acheminer le grain \u00e0 travers diverses machines de tamisage, de tri et de s\u00e9paration. Ces vis permettent d'\u00e9liminer les d\u00e9bris ind\u00e9sirables et de garantir que le grain est pr\u00eat pour la mouture ou la transformation ult\u00e9rieure.<\/li>\n<li><strong>Unit\u00e9s de fraisage :<\/strong> Les r\u00e9ducteurs de vis sans fin facilitent \u00e9galement le transport du grain \u00e0 travers les unit\u00e9s de mouture, o\u00f9 il est moulu en farine ou transform\u00e9 pour d'autres usages. Ils permettent une alimentation r\u00e9guli\u00e8re des broyeurs ou des concasseurs.<\/li>\n<\/ul>\n<\/li>\n<li><strong>Utilisation \u00e0 la ferme :<\/strong>\n<ul>\n<li><strong>Tari\u00e8res agricoles :<\/strong> Pour le transport du grain des moissonneuses-batteuses aux silos ou remorques de stockage, les r\u00e9ducteurs de vis sans fin sont couramment utilis\u00e9s dans les exploitations agricoles. Ces r\u00e9ducteurs fournissent le couple et le contr\u00f4le n\u00e9cessaires aux vis sans fin, ce qui les rend efficaces pour le transfert du grain pendant les r\u00e9coltes.<\/li>\n<li><strong>Syst\u00e8mes de silos \u00e0 grains :<\/strong> Les bo\u00eetes de vitesses \u00e0 vis sans fin dans les silos \u00e0 grains facilitent le d\u00e9placement des grains vers diff\u00e9rentes zones de la ferme ou des installations de stockage, garantissant que les grains ne sont pas endommag\u00e9s pendant le processus de transfert.<\/li>\n<\/ul>\n<\/li>\n<\/ol>\n<p>En utilisant des bo\u00eetes de vitesses pour vis sans fin \u00e0 grains, les installations agricoles et de stockage peuvent rationaliser leurs op\u00e9rations, r\u00e9duire les co\u00fbts d'exploitation et maintenir des normes \u00e9lev\u00e9es de qualit\u00e9 des grains.<\/p>\n<p><img loading=\"lazy\" decoding=\"async\" class=\"size-full wp-image-3132 aligncenter\" src=\"https:\/\/fmp-components.com\/wp-content\/uploads\/2025\/01\/Grain-Transportation-Gearbox-5.webp\" alt=\"Bo\u00eete de vitesses pour transport de c\u00e9r\u00e9ales 5\" width=\"800\" height=\"800\" title=\"\" srcset=\"https:\/\/fmp-components.com\/wp-content\/uploads\/2025\/01\/Grain-Transportation-Gearbox-5.webp 800w, https:\/\/fmp-components.com\/wp-content\/uploads\/2025\/01\/Grain-Transportation-Gearbox-5-480x480.webp 480w\" sizes=\"(min-width: 0px) and (max-width: 480px) 480px, (min-width: 481px) 800px, 100vw\" \/><\/p>\n<h2>Composants cl\u00e9s de la bo\u00eete de vitesses de la vis sans fin \u00e0 grains<\/h2>\n<p>Le r\u00e9ducteur de vis sans fin est un composant essentiel des syst\u00e8mes agricoles et de stockage, car il assure le d\u00e9placement efficace des c\u00e9r\u00e9ales \u00e0 travers divers processus, tels que le transport, le stockage et la mouture. Les composants cl\u00e9s d'un r\u00e9ducteur de vis sans fin sont con\u00e7us pour allier durabilit\u00e9, performance et efficacit\u00e9. Voici les principaux composants\u00a0:<\/p>\n<ol>\n<li><strong>Carter (carter de bo\u00eete de vitesses) :<\/strong>\n<ul>\n<li>Le carter ext\u00e9rieur prot\u00e8ge les composants internes du r\u00e9ducteur. G\u00e9n\u00e9ralement fabriqu\u00e9 \u00e0 partir de mat\u00e9riaux tr\u00e8s r\u00e9sistants comme la fonte ou l'acier durable, il garantit la r\u00e9sistance du r\u00e9ducteur aux conditions difficiles des environnements agricoles, notamment l'exposition \u00e0 la poussi\u00e8re, \u00e0 l'humidit\u00e9 et aux temp\u00e9ratures extr\u00eames.<\/li>\n<\/ul>\n<\/li>\n<li><strong>Arbre d'entr\u00e9e :<\/strong>\n<ul>\n<li>L'arbre d'entr\u00e9e est le composant qui re\u00e7oit la puissance de la source d'entra\u00eenement (par exemple, un moteur \u00e9lectrique, une prise de force de tracteur ou un moteur thermique). Il transmet le mouvement de rotation au r\u00e9ducteur, qui est ensuite transmis au m\u00e9canisme de la vis sans fin. L'arbre d'entr\u00e9e est con\u00e7u pour supporter des vitesses de rotation et des couples \u00e9lev\u00e9s.<\/li>\n<\/ul>\n<\/li>\n<li><strong>Arbre de sortie :<\/strong>\n<ul>\n<li>L'arbre de sortie est reli\u00e9 \u00e0 la vis sans fin et transmet le mouvement de rotation g\u00e9n\u00e9r\u00e9 par le r\u00e9ducteur \u00e0 la vis sans fin elle-m\u00eame. Il joue un r\u00f4le essentiel dans le bon fonctionnement de la vis sans fin pour le transport du grain. L'arbre de sortie est g\u00e9n\u00e9ralement \u00e9quip\u00e9 de roulements robustes pour supporter la charge et pr\u00e9venir l'usure due aux longues heures de fonctionnement.<\/li>\n<\/ul>\n<\/li>\n<li><strong>Engrenages:<\/strong>\n<ul>\n<li>Les engrenages du r\u00e9ducteur sont les principaux composants responsables de la conversion du couple et de la vitesse d'entr\u00e9e en puissance de sortie souhait\u00e9e. Parmi les types d'engrenages couramment utilis\u00e9s dans les r\u00e9ducteurs de vis sans fin \u00e0 grains, on trouve\u00a0:\n<ul>\n<li><strong>Engrenages h\u00e9lico\u00efdaux :<\/strong> Assure un fonctionnement fluide et silencieux avec une efficacit\u00e9 am\u00e9lior\u00e9e.<\/li>\n<li><strong>Engrenages droits :<\/strong> Plus simple et plus \u00e9conomique, mais g\u00e9n\u00e9ralement plus bruyant que les engrenages h\u00e9lico\u00efdaux.<\/li>\n<li><strong>Engrenages coniques :<\/strong> Utilis\u00e9 pour changer le sens de rotation, g\u00e9n\u00e9ralement trouv\u00e9 dans les bo\u00eetes de vitesses \u00e0 angle droit.<\/li>\n<\/ul>\n<\/li>\n<li>Le choix du type d\u2019engrenage d\u00e9pend du couple, de la vitesse et de la durabilit\u00e9 requis.<\/li>\n<\/ul>\n<\/li>\n<li><strong>Roulements :<\/strong>\n<ul>\n<li>Les roulements soutiennent les arbres rotatifs du r\u00e9ducteur, minimisant ainsi les frottements et assurant un fonctionnement fluide. Ils sont essentiels au maintien de la stabilit\u00e9 et \u00e0 la r\u00e9duction de l'usure, notamment sous de fortes charges. Le choix de roulements de haute qualit\u00e9 permet de prolonger la dur\u00e9e de vie du r\u00e9ducteur et de r\u00e9duire les besoins d'entretien.<\/li>\n<\/ul>\n<\/li>\n<\/ol>\n<p>Les composants cl\u00e9s d'un r\u00e9ducteur de vis sans fin \u00e0 grains fonctionnent ensemble pour assurer des performances efficaces et fiables lors de la manutention et du transport des c\u00e9r\u00e9ales. Une s\u00e9lection, un entretien et une lubrification appropri\u00e9s sont essentiels pour garantir un fonctionnement optimal et une longue dur\u00e9e de vie. Le r\u00e9ducteur de vis sans fin \u00e0 grains est donc un \u00e9l\u00e9ment essentiel des op\u00e9rations agricoles et de stockage modernes.<\/p>\n<p><img loading=\"lazy\" decoding=\"async\" class=\"alignnone size-full wp-image-3133\" src=\"https:\/\/fmp-components.com\/wp-content\/uploads\/2025\/01\/Grain-Transportation-Gearbox-6.webp\" alt=\"Bo\u00eete de vitesses pour transport de c\u00e9r\u00e9ales 6\" width=\"1534\" height=\"1286\" title=\"\" srcset=\"https:\/\/fmp-components.com\/wp-content\/uploads\/2025\/01\/Grain-Transportation-Gearbox-6.webp 1534w, https:\/\/fmp-components.com\/wp-content\/uploads\/2025\/01\/Grain-Transportation-Gearbox-6-1280x1073.webp 1280w, https:\/\/fmp-components.com\/wp-content\/uploads\/2025\/01\/Grain-Transportation-Gearbox-6-980x822.webp 980w, https:\/\/fmp-components.com\/wp-content\/uploads\/2025\/01\/Grain-Transportation-Gearbox-6-480x402.webp 480w\" sizes=\"(min-width: 0px) and (max-width: 480px) 480px, (min-width: 481px) and (max-width: 980px) 980px, (min-width: 981px) and (max-width: 1280px) 1280px, (min-width: 1281px) 1534px, 100vw\" \/><\/p>\n<h2>\u00c0 propos de FMP<\/h2>\n<p>Bas\u00e9 en Italie, FMP est un fabricant leader reconnu pour son expertise dans la conception, le d\u00e9veloppement et la production de bo\u00eetes de vitesses hautes performances, principalement destin\u00e9es au secteur des machines agricoles. Reconnu pour son ing\u00e9nierie de pr\u00e9cision, ses solutions innovantes et sa fiabilit\u00e9 \u00e0 toute \u00e9preuve, FMP s'est forg\u00e9 une r\u00e9putation de partenaire de confiance sur les march\u00e9s agricoles et industriels. Notre gamme compl\u00e8te comprend des bo\u00eetes de vitesses sur mesure pour tondeuses \u00e0 gazon, des arbres de prise de force et une large gamme de composants essentiels, tous con\u00e7us avec soin pour r\u00e9pondre aux exigences sp\u00e9cifiques de diverses applications.<\/p>\n<p>Chez FMP, nous comprenons que chaque client est confront\u00e9 \u00e0 des d\u00e9fis uniques. C'est pourquoi nous nous sp\u00e9cialisons dans la fourniture de solutions sur mesure, qu'il s'agisse de composants individuels ou de syst\u00e8mes enti\u00e8rement int\u00e9gr\u00e9s. Gr\u00e2ce \u00e0 une \u00e9troite collaboration avec nos clients, nous veillons \u00e0 ce que chaque solution r\u00e9ponde non seulement \u00e0 leurs besoins, mais optimise \u00e9galement leurs performances et leur valeur. Notre engagement \u00e0 fournir des r\u00e9ponses rapides et professionnelles et un accompagnement expert garantit un traitement pr\u00e9cis de chaque demande, garantissant ainsi des r\u00e9sultats optimaux \u00e0 chaque fois.<\/p>\n<p>Nous privil\u00e9gions une communication claire et continue tout au long du cycle de d\u00e9veloppement produit. Notre \u00e9quipe d\u00e9di\u00e9e travaille en \u00e9troite collaboration avec nos clients pour comprendre parfaitement leurs besoins et leur fournir des conseils et des recommandations pr\u00e9cieux pour des r\u00e9sultats optimaux. Qu'il s'agisse de concevoir des produits de pointe ou d'ex\u00e9cuter des commandes courantes, FMP s'engage \u00e0 fournir des solutions de haute qualit\u00e9, con\u00e7ues avec pr\u00e9cision et dans les d\u00e9lais impartis. Notre mission est de toujours d\u00e9passer les attentes de nos clients, en offrant un service et des r\u00e9sultats exceptionnels pour chaque projet.<\/p>\n<p>La qualit\u00e9 est au c\u0153ur des activit\u00e9s de FMP. Nous respectons les normes de fabrication les plus strictes et mettons en \u0153uvre des contr\u00f4les qualit\u00e9 rigoureux afin de garantir que chaque produit respecte, et souvent d\u00e9passe, les normes du secteur. Cet engagement envers l'excellence, alli\u00e9 \u00e0 nos valeurs fondamentales d'int\u00e9grit\u00e9, d'esprit d'\u00e9quipe et de pers\u00e9v\u00e9rance, nous a permis de b\u00e2tir des relations de confiance durables avec des clients dans pr\u00e8s de 30 pays \u00e0 travers le monde.<\/p>\n<p>FMP est toujours d\u00e9sireux de nouer des partenariats internationaux, offrant des conseils d'experts et des solutions personnalis\u00e9es qui r\u00e9pondent aux besoins \u00e9volutifs de ses clients. Nous nous effor\u00e7ons de b\u00e2tir des relations durables et mutuellement b\u00e9n\u00e9fiques, contribuant ainsi \u00e0 la r\u00e9ussite de chaque projet. Que vous ayez besoin de solutions innovantes pour une nouvelle initiative ou d'un support continu pour un syst\u00e8me existant, FMP est l\u00e0 pour vous aider \u00e0 relever les d\u00e9fis techniques et \u00e0 assurer la p\u00e9rennit\u00e9 de votre r\u00e9ussite.<\/p>\n<p><img loading=\"lazy\" decoding=\"async\" class=\"alignnone wp-image-2695\" src=\"https:\/\/fmp-components.com\/wp-content\/uploads\/2025\/01\/agricultural-gearbox3.webp\" alt=\"bo\u00eete de vitesses agricole\" width=\"1140\" height=\"1138\" title=\"\" srcset=\"https:\/\/fmp-components.com\/wp-content\/uploads\/2025\/01\/agricultural-gearbox3.webp 1140w, https:\/\/fmp-components.com\/wp-content\/uploads\/2025\/01\/agricultural-gearbox3-480x479.webp 480w\" sizes=\"(min-width: 0px) and (max-width: 480px) 480px, (min-width: 481px) 1140px, 100vw\" \/><\/p>\n<p>Auteur : CX<\/p>","protected":false},"excerpt":{"rendered":"<p>Sp\u00e9cifications du r\u00e9ducteur de vis sans fin \u00e0 grains FMP-2390 Nom du produit : R\u00e9ducteur de vis sans fin \u00e0 grains FMP-2390 Mat\u00e9riaux : Carter en acier HT250, arbre en acier 20CrMnTi Couleur : Fonc\u00e9, rouge ou sur mesure Type : Engrenage conique Rapport de r\u00e9duction : 1:1 Roulements : QC, C&amp;U ou NTN Garantie : Un an et demi Utilisation : Stockage de c\u00e9r\u00e9ales Applications : Stockage et transport de c\u00e9r\u00e9ales [\u2026]<\/p>","protected":false},"featured_media":3130,"comment_status":"open","ping_status":"closed","template":"","meta":{"_et_pb_use_builder":"","_et_pb_old_content":"","_et_gb_content_width":""},"product_brand":[],"product_cat":[74],"product_tag":[],"class_list":{"0":"post-3129","1":"product","2":"type-product","3":"status-publish","4":"has-post-thumbnail","6":"product_cat-grain-transportation-gearbox","8":"first","9":"instock","10":"shipping-taxable","11":"product-type-simple"},"_links":{"self":[{"href":"https:\/\/fmp-components.com\/fr\/wp-json\/wp\/v2\/product\/3129","targetHints":{"allow":["GET"]}}],"collection":[{"href":"https:\/\/fmp-components.com\/fr\/wp-json\/wp\/v2\/product"}],"about":[{"href":"https:\/\/fmp-components.com\/fr\/wp-json\/wp\/v2\/types\/product"}],"replies":[{"embeddable":true,"href":"https:\/\/fmp-components.com\/fr\/wp-json\/wp\/v2\/comments?post=3129"}],"wp:featuredmedia":[{"embeddable":true,"href":"https:\/\/fmp-components.com\/fr\/wp-json\/wp\/v2\/media\/3130"}],"wp:attachment":[{"href":"https:\/\/fmp-components.com\/fr\/wp-json\/wp\/v2\/media?parent=3129"}],"wp:term":[{"taxonomy":"product_brand","embeddable":true,"href":"https:\/\/fmp-components.com\/fr\/wp-json\/wp\/v2\/product_brand?post=3129"},{"taxonomy":"product_cat","embeddable":true,"href":"https:\/\/fmp-components.com\/fr\/wp-json\/wp\/v2\/product_cat?post=3129"},{"taxonomy":"product_tag","embeddable":true,"href":"https:\/\/fmp-components.com\/fr\/wp-json\/wp\/v2\/product_tag?post=3129"}],"curies":[{"name":"wp","href":"https:\/\/api.w.org\/{rel}","templated":true}]}}