{"id":3123,"date":"2025-01-05T02:34:03","date_gmt":"2025-01-05T02:34:03","guid":{"rendered":"https:\/\/fmp-components.com\/?page_id=8"},"modified":"2025-01-05T02:37:15","modified_gmt":"2025-01-05T02:37:15","slug":"grain-transportation-gearbox-fmp-1001-for-agricultural-grain-transportation","status":"publish","type":"product","link":"https:\/\/fmp-components.com\/fr\/product\/grain-transportation-gearbox-fmp-1001-for-agricultural-grain-transportation\/","title":{"rendered":"Bo\u00eete de vitesses FMP-1001 pour le transport des c\u00e9r\u00e9ales agricoles"},"content":{"rendered":"<h2>Dimensions de la bo\u00eete de vitesses pour le transport des c\u00e9r\u00e9ales FMP-1001<\/h2>\n<p><img loading=\"lazy\" decoding=\"async\" class=\"alignnone size-full wp-image-3127\" src=\"https:\/\/fmp-components.com\/wp-content\/uploads\/2025\/01\/Grain-Transportation-Gearbox-EP-1001-Dimensions.webp\" alt=\"Bo\u00eete de vitesses pour transport de c\u00e9r\u00e9ales EP-1001 - Dimensions\" width=\"891\" height=\"593\" title=\"\" srcset=\"https:\/\/fmp-components.com\/wp-content\/uploads\/2025\/01\/Grain-Transportation-Gearbox-EP-1001-Dimensions.webp 891w, https:\/\/fmp-components.com\/wp-content\/uploads\/2025\/01\/Grain-Transportation-Gearbox-EP-1001-Dimensions-480x319.webp 480w\" sizes=\"(min-width: 0px) and (max-width: 480px) 480px, (min-width: 481px) 891px, 100vw\" \/><\/p>\n<h2>Sp\u00e9cifications de la bo\u00eete de vitesses pour le transport de c\u00e9r\u00e9ales FMP-1001<\/h2>\n<table border=\"1\" width=\"100%\" cellspacing=\"0\" cellpadding=\"0\">\n<tbody>\n<tr>\n<td>Nom du produit<\/td>\n<td>Bo\u00eete de vitesses pour le transport du grain<\/td>\n<\/tr>\n<tr>\n<td>Mod\u00e8le<\/td>\n<td>EP-1001<\/td>\n<\/tr>\n<tr>\n<td>Couleur<\/td>\n<td>Personnalisation<\/td>\n<\/tr>\n<tr>\n<td>Mat\u00e9riel<\/td>\n<td>HT250 pour le bo\u00eetier, 20CrMnTi pour l'arbre de transmission.<\/td>\n<\/tr>\n<tr>\n<td>Utilis\u00e9<\/td>\n<td>Transmission du transport des c\u00e9r\u00e9ales<\/td>\n<\/tr>\n<\/tbody>\n<\/table>\n<h3>Avantages de l'utilisation de la bo\u00eete de vitesses pour le transport des c\u00e9r\u00e9ales FMP-1001<\/h3>\n<ol>\n<li><strong>Efficacit\u00e9 am\u00e9lior\u00e9e<\/strong>Le r\u00e9ducteur de transport de c\u00e9r\u00e9ales FMP-1001 est con\u00e7u pour une transmission de puissance optimale, assurant un mouvement fluide et efficace des c\u00e9r\u00e9ales. Son couple \u00e9lev\u00e9 assure un transport efficace, r\u00e9duisant les temps d'arr\u00eat et am\u00e9liorant l'efficacit\u00e9 op\u00e9rationnelle globale.<\/li>\n<li><strong>Construction durable<\/strong>Fabriqu\u00e9 avec des mat\u00e9riaux robustes, le FMP-1001 est con\u00e7u pour r\u00e9sister aux conditions de travail difficiles du transport c\u00e9r\u00e9alier. Sa construction durable garantit une fiabilit\u00e9 \u00e0 long terme, m\u00eame sous de lourdes charges, garantissant ainsi un faible co\u00fbt d'exploitation \u00e0 long terme.<\/li>\n<li><strong>Ing\u00e9nierie de pr\u00e9cision<\/strong>La bo\u00eete de vitesses est fabriqu\u00e9e avec pr\u00e9cision et minutie pour garantir une int\u00e9gration parfaite avec les \u00e9quipements de manutention du grain. Cela garantit des performances optimales et r\u00e9duit le risque de probl\u00e8mes m\u00e9caniques susceptibles de perturber les op\u00e9rations.<\/li>\n<li><strong>\u00c9conomies d'\u00e9nergie<\/strong>La conception efficace du FMP-1001 contribue \u00e0 r\u00e9duire la consommation d'\u00e9nergie, ce qui en fait un choix \u00e9cologique pour les syst\u00e8mes de transport de c\u00e9r\u00e9ales. Cela se traduit par des co\u00fbts d'exploitation r\u00e9duits et une empreinte environnementale plus faible.<\/li>\n<li><strong>Solutions personnalisables<\/strong>:FMP offre une flexibilit\u00e9 dans l'adaptation du FMP-1001 pour r\u00e9pondre \u00e0 des exigences sp\u00e9cifiques, en fournissant des solutions sur mesure qui optimisent les performances de la bo\u00eete de vitesses pour divers besoins de manutention et de transport du grain.<\/li>\n<\/ol>\n<p><img loading=\"lazy\" decoding=\"async\" class=\"alignnone size-full wp-image-3128\" src=\"https:\/\/fmp-components.com\/wp-content\/uploads\/2025\/01\/Grain-Transportation-Gearbox-11.webp\" alt=\"Bo\u00eete de vitesses pour transport de c\u00e9r\u00e9ales 11\" width=\"1534\" height=\"1286\" title=\"\" srcset=\"https:\/\/fmp-components.com\/wp-content\/uploads\/2025\/01\/Grain-Transportation-Gearbox-11.webp 1534w, https:\/\/fmp-components.com\/wp-content\/uploads\/2025\/01\/Grain-Transportation-Gearbox-11-1280x1073.webp 1280w, https:\/\/fmp-components.com\/wp-content\/uploads\/2025\/01\/Grain-Transportation-Gearbox-11-980x822.webp 980w, https:\/\/fmp-components.com\/wp-content\/uploads\/2025\/01\/Grain-Transportation-Gearbox-11-480x402.webp 480w\" sizes=\"(min-width: 0px) and (max-width: 480px) 480px, (min-width: 481px) and (max-width: 980px) 980px, (min-width: 981px) and (max-width: 1280px) 1280px, (min-width: 1281px) 1534px, 100vw\" \/><\/p>\n<h3>Applications de la bo\u00eete de vitesses pour le transport des c\u00e9r\u00e9ales FMP-1001<\/h3>\n<ol>\n<li><strong>\u00e9l\u00e9vateurs \u00e0 grains<\/strong>:Le r\u00e9ducteur FMP-1001 est id\u00e9al pour une utilisation dans les silos \u00e0 grains, o\u00f9 il facilite le levage et le transport des grains des niveaux inf\u00e9rieurs vers les silos de stockage ou les zones de traitement, garantissant un fonctionnement fluide et efficace.<\/li>\n<li><strong>Syst\u00e8mes de convoyeurs<\/strong>:Utilis\u00e9 dans les syst\u00e8mes de convoyage de grains, le r\u00e9ducteur FMP-1001 permet de d\u00e9placer des grains en vrac sur de longues distances dans les installations de manutention de grains, garantissant un flux constant et fiable.<\/li>\n<li><strong>Chargement et d\u00e9chargement de silos<\/strong>:Le r\u00e9ducteur FMP-1001 est essentiel au fonctionnement des syst\u00e8mes de chargement et de d\u00e9chargement de silos, permettant le transfert des grains vers et depuis les silos de stockage de mani\u00e8re efficace et avec un risque minimal d'endommagement des grains.<\/li>\n<li><strong>S\u00e9choirs \u00e0 grains<\/strong>:Dans les syst\u00e8mes de s\u00e9chage des grains, le FMP-1001 est utilis\u00e9 pour entra\u00eener les convoyeurs qui transportent les grains \u00e0 travers les unit\u00e9s de s\u00e9chage, garantissant que les grains sont correctement s\u00e9ch\u00e9s et d\u00e9plac\u00e9s tout au long du processus.<\/li>\n<li><strong>Camions de transport de c\u00e9r\u00e9ales<\/strong>:La bo\u00eete de vitesses peut \u00eatre int\u00e9gr\u00e9e dans des camions ou des remorques de transport de c\u00e9r\u00e9ales, am\u00e9liorant ainsi les performances du syst\u00e8me de d\u00e9chargement et rendant le processus de transport plus efficace.<\/li>\n<\/ol>\n<p><img loading=\"lazy\" decoding=\"async\" class=\"alignnone size-full wp-image-3096\" src=\"https:\/\/fmp-components.com\/wp-content\/uploads\/2025\/01\/Grain-Storage-Gearbox-28.webp\" alt=\"Bo\u00eete de vitesses pour le stockage des c\u00e9r\u00e9ales\" width=\"1200\" height=\"950\" title=\"\" srcset=\"https:\/\/fmp-components.com\/wp-content\/uploads\/2025\/01\/Grain-Storage-Gearbox-28.webp 1200w, https:\/\/fmp-components.com\/wp-content\/uploads\/2025\/01\/Grain-Storage-Gearbox-28-980x776.webp 980w, https:\/\/fmp-components.com\/wp-content\/uploads\/2025\/01\/Grain-Storage-Gearbox-28-480x380.webp 480w\" sizes=\"(min-width: 0px) and (max-width: 480px) 480px, (min-width: 481px) and (max-width: 980px) 980px, (min-width: 981px) 1200px, 100vw\" \/><\/p>\n<h3>\u00c0 propos de FMP<\/h3>\n<p>Bas\u00e9 en Italie, FMP est un fabricant de premier plan reconnu pour son expertise dans la conception, le d\u00e9veloppement et la production de bo\u00eetes de vitesses hautes performances, principalement destin\u00e9es aux machines agricoles. Reconnu pour son ing\u00e9nierie de pr\u00e9cision, ses solutions innovantes et sa fiabilit\u00e9 \u00e0 toute \u00e9preuve, FMP s'est forg\u00e9 une solide r\u00e9putation dans les secteurs agricole et industriel. Notre vaste gamme de produits comprend des bo\u00eetes de vitesses sur mesure pour tondeuses \u00e0 gazon, des arbres de prise de force et une vari\u00e9t\u00e9 de composants essentiels, tous soigneusement con\u00e7us pour r\u00e9pondre aux besoins sp\u00e9cifiques de diverses applications.<\/p>\n<p>Chez FMP, nous savons que chaque client est confront\u00e9 \u00e0 des d\u00e9fis uniques. C'est pourquoi nous nous sp\u00e9cialisons dans la fourniture de solutions sur mesure, qu'il s'agisse de composants individuels ou de syst\u00e8mes enti\u00e8rement int\u00e9gr\u00e9s. En travaillant en \u00e9troite collaboration avec nos clients, nous garantissons que chaque solution r\u00e9ponde non seulement \u00e0 leurs besoins, mais am\u00e9liore \u00e9galement leurs performances et optimise leur valeur. Notre engagement \u00e0 fournir des r\u00e9ponses rapides et professionnelles ainsi qu'un accompagnement expert garantit un traitement pr\u00e9cis de chaque demande, pour des r\u00e9sultats optimaux en permanence.<\/p>\n<p>Nous privil\u00e9gions une communication claire et continue tout au long du cycle de d\u00e9veloppement produit. Notre \u00e9quipe d\u00e9di\u00e9e travaille en \u00e9troite collaboration avec nos clients pour comprendre parfaitement leurs besoins et leur fournir des conseils et des recommandations pr\u00e9cieux pour obtenir les meilleurs r\u00e9sultats possibles. Qu'il s'agisse de concevoir des produits de pointe ou d'ex\u00e9cuter des commandes courantes, FMP s'engage \u00e0 fournir des solutions de haute qualit\u00e9, con\u00e7ues avec pr\u00e9cision, dans les d\u00e9lais et avec constance. Notre objectif est de toujours d\u00e9passer les attentes de nos clients, en offrant un service et des r\u00e9sultats exceptionnels pour chaque projet.<\/p>\n<p>La qualit\u00e9 est au c\u0153ur de toutes nos activit\u00e9s chez FMP. Nous adh\u00e9rons aux normes de fabrication les plus strictes et mettons en \u0153uvre des processus de contr\u00f4le qualit\u00e9 rigoureux pour garantir que chaque produit respecte, voire d\u00e9passe, les normes de l'industrie. Cet engagement envers l'excellence, alli\u00e9 \u00e0 nos valeurs fondamentales d'int\u00e9grit\u00e9, d'esprit d'\u00e9quipe et de pers\u00e9v\u00e9rance, nous a permis de b\u00e2tir des relations de confiance durables avec nos clients dans pr\u00e8s de 30 pays \u00e0 travers le monde.<\/p>\n<p>FMP est toujours d\u00e9sireux de nouer des partenariats internationaux, offrant des conseils d'experts et des solutions personnalis\u00e9es qui r\u00e9pondent aux besoins \u00e9volutifs de ses clients. Notre objectif est de b\u00e2tir des relations durables et mutuellement b\u00e9n\u00e9fiques, contribuant ainsi \u00e0 la r\u00e9ussite de chaque projet. Que vous recherchiez des solutions innovantes pour une nouvelle initiative ou un accompagnement continu pour un syst\u00e8me existant, FMP est l\u00e0 pour vous aider \u00e0 relever les d\u00e9fis techniques et \u00e0 assurer votre r\u00e9ussite durable.<\/p>\n<p><img loading=\"lazy\" decoding=\"async\" class=\"alignnone wp-image-2695\" src=\"https:\/\/fmp-components.com\/wp-content\/uploads\/2025\/01\/agricultural-gearbox3.webp\" alt=\"bo\u00eete de vitesses agricole\" width=\"1140\" height=\"1138\" title=\"\" srcset=\"https:\/\/fmp-components.com\/wp-content\/uploads\/2025\/01\/agricultural-gearbox3.webp 1140w, https:\/\/fmp-components.com\/wp-content\/uploads\/2025\/01\/agricultural-gearbox3-480x479.webp 480w\" sizes=\"(min-width: 0px) and (max-width: 480px) 480px, (min-width: 481px) 1140px, 100vw\" \/><\/p>\n<p>Auteur : CX<\/p>","protected":false},"excerpt":{"rendered":"<p>Grain Transportation Gearbox FMP-1001 Dimension Grain Transportation Gearbox FMP-1001 Specifications Product Name Grain transportation gearbox Model EP-1001 Color Customization Material HT250 for housing, 20CrMnTi for gear shaft. Used Grain transportation transmission Advantages of Using Grain Transportation Gearbox FMP-1001 Enhanced Efficiency: The FMP-1001 Grain Transportation Gearbox is engineered for optimal power transmission, ensuring smooth and efficient [&hellip;]<\/p>","protected":false},"featured_media":3126,"comment_status":"open","ping_status":"closed","template":"","meta":{"_et_pb_use_builder":"","_et_pb_old_content":"","_et_gb_content_width":""},"product_brand":[],"product_cat":[74],"product_tag":[],"class_list":{"0":"post-3123","1":"product","2":"type-product","3":"status-publish","4":"has-post-thumbnail","6":"product_cat-grain-transportation-gearbox","8":"first","9":"instock","10":"shipping-taxable","11":"product-type-simple"},"_links":{"self":[{"href":"https:\/\/fmp-components.com\/fr\/wp-json\/wp\/v2\/product\/3123","targetHints":{"allow":["GET"]}}],"collection":[{"href":"https:\/\/fmp-components.com\/fr\/wp-json\/wp\/v2\/product"}],"about":[{"href":"https:\/\/fmp-components.com\/fr\/wp-json\/wp\/v2\/types\/product"}],"replies":[{"embeddable":true,"href":"https:\/\/fmp-components.com\/fr\/wp-json\/wp\/v2\/comments?post=3123"}],"wp:featuredmedia":[{"embeddable":true,"href":"https:\/\/fmp-components.com\/fr\/wp-json\/wp\/v2\/media\/3126"}],"wp:attachment":[{"href":"https:\/\/fmp-components.com\/fr\/wp-json\/wp\/v2\/media?parent=3123"}],"wp:term":[{"taxonomy":"product_brand","embeddable":true,"href":"https:\/\/fmp-components.com\/fr\/wp-json\/wp\/v2\/product_brand?post=3123"},{"taxonomy":"product_cat","embeddable":true,"href":"https:\/\/fmp-components.com\/fr\/wp-json\/wp\/v2\/product_cat?post=3123"},{"taxonomy":"product_tag","embeddable":true,"href":"https:\/\/fmp-components.com\/fr\/wp-json\/wp\/v2\/product_tag?post=3123"}],"curies":[{"name":"wp","href":"https:\/\/api.w.org\/{rel}","templated":true}]}}